{"id":2608,"date":"2020-08-19T16:59:17","date_gmt":"2020-08-19T16:59:17","guid":{"rendered":"https:\/\/distribucionarc.com\/?post_type=product&#038;p=2608"},"modified":"2023-06-04T18:46:12","modified_gmt":"2023-06-04T18:46:12","slug":"elektrischer-schneider-wolf-fur-obst-gemuse-und-fleisch","status":"publish","type":"product","link":"https:\/\/distribucionarc.com\/de\/producto\/cortadora-picadora-electrica-de-frutas-verduras-y-carne\/","title":{"rendered":"Allesschneider, elektrischer Zerkleinerer f\u00fcr Obst, Gem\u00fcse und Fleisch"},"content":{"rendered":"<h3>Allesschneider, elektrischer Zerkleinerer f\u00fcr Obst, Gem\u00fcse und Fleisch-Gem\u00fcse-Prozessor<\/h3>\n<p>Er\u00a0<strong>professioneller Gem\u00fcseschneider\u00a0<span style=\"color: #ff0000;\">ZU<\/span><span style=\"color: #0000ff;\">R<\/span>C<\/strong> Es besteht aus Edelstahl und einer Aluminiumgusslegierung mit silber eloxierter Oberfl\u00e4che. Korrosionsschutz. Der hocheffiziente 500-W-Motor erm\u00f6glicht eine hohe Drehzahl von 1600 U\/min. Die Drehzahl der Schneidscheiben betr\u00e4gt 270 U\/min.<\/p>\n<p>Rutschfeste Gummif\u00fc\u00dfe sorgen f\u00fcr die Stabilit\u00e4t des\u00a0<strong>professioneller Schneider<\/strong>; Der Netzschalter mit Deckel sorgt f\u00fcr Sicherheit; die Powerbar verhindert Verletzungen an den H\u00e4nden; Der ergonomische Griff erleichtert das Schneiden.<\/p>\n<p>Geeignet zum Schneiden verschiedener Gem\u00fcse-, Obst- und K\u00e4sesorten. Kann mit verschiedenen Schneidscheiben schneiden, raspeln und w\u00fcrfeln.<\/p>\n<h6>Garantie<strong>\u00a0<span style=\"color: #ff0000;\">ZU<\/span><span style=\"color: #0000ff;\">R<\/span>C<\/strong><\/h6>\n<h6><span style=\"color: #008000;\"><strong>Gem\u00fcse-K\u00fcchenmaschine, geringer Verbrauch 500 W<\/strong><\/span><\/h6>\n<h6>Technischer Support inklusive<\/h6>\n<p>&nbsp;<\/p>\n<table role=\"presentation\" width=\"100%\" cellspacing=\"0\" cellpadding=\"0\">\n<tbody>\n<tr>\n<td class=\"attrLabels\">Garantie:<\/td>\n<td width=\"50.0%\">ARC 2 JAHRE<\/td>\n<\/tr>\n<tr>\n<td class=\"attrLabels\">Vertriebsland:<\/td>\n<td width=\"50.0%\">Spanien, Deutschland, USA<\/td>\n<td class=\"attrLabels\">Gewicht:<\/td>\n<td width=\"50.0%\">9,7 kg<\/td>\n<\/tr>\n<tr>\n<td class=\"attrLabels\">Marke:<\/td>\n<td width=\"50.0%\">BOGEN<\/td>\n<td class=\"attrLabels\">H\u00f6he:<\/td>\n<td width=\"50.0%\">46cm<\/td>\n<\/tr>\n<tr>\n<td class=\"attrLabels\">Farbe:<\/td>\n<td width=\"50.0%\">Silber<\/td>\n<td class=\"attrLabels\">Lang:<\/td>\n<td width=\"50.0%\">30cm<\/td>\n<\/tr>\n<tr>\n<td class=\"attrLabels\">Produkttyp:<\/td>\n<td width=\"50.0%\">Professioneller Gem\u00fcseschneider<\/td>\n<td class=\"attrLabels\">Breit:<\/td>\n<td width=\"50.0%\">21cm<\/td>\n<\/tr>\n<tr>\n<td class=\"attrLabels\">Herstellernummer:<\/td>\n<td width=\"50.0%\">ARCCVPC25<\/td>\n<td class=\"attrLabels\">Leistung:<\/td>\n<td width=\"50.0%\">500W<\/td>\n<\/tr>\n<tr>\n<td class=\"attrLabels\">Material:<\/td>\n<td width=\"50.0%\">Edelstahl<\/td>\n<td class=\"attrLabels\">Eingangsspannung<\/td>\n<td width=\"50.0%\">220V \u2013 50Hz<\/td>\n<\/tr>\n<tr>\n<td class=\"attrLabels\">Schnittarten:<\/td>\n<td width=\"50.0%\">fein, gemahlen, zerkleinert<\/td>\n<td class=\"attrLabels\">Motordrehung:<\/td>\n<td width=\"50.0%\">1600 U\/min<\/td>\n<\/tr>\n<tr>\n<td class=\"attrLabels\">Installationswerkzeuge:<\/td>\n<td width=\"50.0%\">Ja<\/td>\n<td class=\"attrLabels\">Trennscheibengeschwindigkeit:<\/td>\n<td width=\"50.0%\">270 U\/min<\/td>\n<\/tr>\n<\/tbody>\n<\/table>","protected":false},"excerpt":{"rendered":"<h2>Allesschneider, elektrischer Zerkleinerer f\u00fcr Obst, Gem\u00fcse und Fleisch-Gem\u00fcse-Prozessor<\/h2>\n<p>Mit dem\u00a0<strong>Gem\u00fcseschneider<\/strong>\u00a0von\u00a0<strong><span style=\"color: #ff0000;\">ZU<\/span><span style=\"color: #0000ff;\">R<\/span>C<\/strong>\u00a0Sie sparen Zeit und Geld bei der Zubereitung Ihrer Salate, R\u00f6sti, Pfannengerichte usw. Auf die effektivste und einfachste Art und Weise.<\/p>\n<p>Das\u00a0<strong>Lebensmittelschneider\u00a0<span style=\"color: #ff0000;\">ZU<\/span><span style=\"color: #0000ff;\">R<\/span>CCVPC25<\/strong> Es besteht aus lebensmittelechtem Edelstahl und einer hochwertigen Aluminiumgusslegierung mit silber eloxierter Oberfl\u00e4che. Dieser kommerzielle Gem\u00fcseschneider eignet sich perfekt zum Zerkleinern verschiedener Fleisch-, Gem\u00fcse- und Obstsorten!<\/p>\n<h6>Garantie<strong>\u00a0<span style=\"color: #ff0000;\">ZU<\/span><span style=\"color: #0000ff;\">R<\/span>C<\/strong><\/h6>\n<h6><span style=\"color: #008000;\"><strong>Gem\u00fcse-K\u00fcchenmaschine, geringer Verbrauch 500 W<\/strong><\/span><\/h6>\n<h6>Technischer Support inklusive<\/h6>","protected":false},"featured_media":2616,"comment_status":"open","ping_status":"closed","template":"","meta":{"wds_primary_product_brand":0,"wds_primary_product_cat":0},"product_brand":[],"product_cat":[43],"product_tag":[],"class_list":{"0":"post-2608","1":"product","2":"type-product","3":"status-publish","4":"has-post-thumbnail","6":"product_cat-cortadoras-de-alimentos","7":"product_shipping_class-hosteleria","9":"first","10":"instock","11":"taxable","12":"shipping-taxable","13":"purchasable","14":"product-type-simple"},"yoast_head":"<!-- This site is optimized with the Yoast SEO Premium plugin v24.9 (Yoast SEO v26.1) - https:\/\/yoast.com\/wordpress\/plugins\/seo\/ -->\n<title>Cortadora, picadora el\u00e9ctrica de frutas, verduras y carne - distribuci\u00f3n ARC<\/title>\n<meta name=\"robots\" content=\"index, follow, max-snippet:-1, max-image-preview:large, max-video-preview:-1\" \/>\n<link rel=\"canonical\" href=\"https:\/\/distribucionarc.com\/de\/produkt-2\/elektrischer-schneider-wolf-fur-obst-gemuse-und-fleisch\/\" \/>\n<meta property=\"og:locale\" content=\"de_DE\" \/>\n<meta property=\"og:type\" content=\"article\" \/>\n<meta property=\"og:title\" content=\"Cortadora, picadora el\u00e9ctrica de frutas, verduras y carne\" \/>\n<meta property=\"og:description\" content=\"Cortadora, picadora el\u00e9ctrica de frutas, verduras y carne procesador de verduras Con la\u00a0cortadora de verduras\u00a0de\u00a0ARC\u00a0ahorraras tiempo y dinero, preparar tus ensaladas, picadillos, salteados, etc. De la forma m\u00e1s eficaz y sencilla.  Este\u00a0cortador de alimentos\u00a0ARCCVPC25 est\u00e1 hecho de acero inoxidable de grado alimenticio y aleaci\u00f3n de aluminio fundido de alta calidad con superficie anodizada de plata. \u00a1Este picador de verduras comercial es perfecto para cortar varias carnes, verduras y frutas! Garant\u00eda\u00a0ARC Procesador de alimentos vegetales, bajo consumo 500w soporte t\u00e9cnico\u00a0incluido\" \/>\n<meta property=\"og:url\" content=\"https:\/\/distribucionarc.com\/de\/produkt-2\/elektrischer-schneider-wolf-fur-obst-gemuse-und-fleisch\/\" \/>\n<meta property=\"og:site_name\" content=\"distribuci\u00f3n ARC\" \/>\n<meta property=\"article:modified_time\" content=\"2023-06-04T18:46:12+00:00\" \/>\n<meta property=\"og:image\" content=\"https:\/\/distribucionarc.com\/wp-content\/uploads\/2020\/08\/Cortadora-picadora-el\u00e9ctrica-de-frutas-verduras-y-carne-0.jpg\" \/>\n\t<meta property=\"og:image:width\" content=\"1001\" \/>\n\t<meta property=\"og:image:height\" content=\"1001\" \/>\n\t<meta property=\"og:image:type\" content=\"image\/jpeg\" \/>\n<meta name=\"twitter:card\" content=\"summary_large_image\" \/>\n<meta name=\"twitter:label1\" content=\"Gesch\u00e4tzte Lesezeit\" \/>\n\t<meta name=\"twitter:data1\" content=\"1\u00a0Minute\" \/>\n<script type=\"application\/ld+json\" class=\"yoast-schema-graph\">{\"@context\":\"https:\/\/schema.org\",\"@graph\":[{\"@type\":\"WebPage\",\"@id\":\"https:\/\/distribucionarc.com\/nl\/producto\/cortadora-picadora-electrica-de-frutas-verduras-y-carne\/\",\"url\":\"https:\/\/distribucionarc.com\/nl\/producto\/cortadora-picadora-electrica-de-frutas-verduras-y-carne\/\",\"name\":\"Cortadora, picadora el\u00e9ctrica de frutas, verduras y carne - distribuci\u00f3n ARC\",\"isPartOf\":{\"@id\":\"https:\/\/distribucionarc.com\/de\/#website\"},\"primaryImageOfPage\":{\"@id\":\"https:\/\/distribucionarc.com\/nl\/producto\/cortadora-picadora-electrica-de-frutas-verduras-y-carne\/#primaryimage\"},\"image\":{\"@id\":\"https:\/\/distribucionarc.com\/nl\/producto\/cortadora-picadora-electrica-de-frutas-verduras-y-carne\/#primaryimage\"},\"thumbnailUrl\":\"https:\/\/distribucionarc.com\/wp-content\/uploads\/2020\/08\/Cortadora-picadora-el\u00e9ctrica-de-frutas-verduras-y-carne-0.jpg\",\"datePublished\":\"2020-08-19T16:59:17+00:00\",\"dateModified\":\"2023-06-04T18:46:12+00:00\",\"breadcrumb\":{\"@id\":\"https:\/\/distribucionarc.com\/nl\/producto\/cortadora-picadora-electrica-de-frutas-verduras-y-carne\/#breadcrumb\"},\"inLanguage\":\"de\",\"potentialAction\":[{\"@type\":\"ReadAction\",\"target\":[\"https:\/\/distribucionarc.com\/nl\/producto\/cortadora-picadora-electrica-de-frutas-verduras-y-carne\/\"]}]},{\"@type\":\"ImageObject\",\"inLanguage\":\"de\",\"@id\":\"https:\/\/distribucionarc.com\/nl\/producto\/cortadora-picadora-electrica-de-frutas-verduras-y-carne\/#primaryimage\",\"url\":\"https:\/\/distribucionarc.com\/wp-content\/uploads\/2020\/08\/Cortadora-picadora-el\u00e9ctrica-de-frutas-verduras-y-carne-0.jpg\",\"contentUrl\":\"https:\/\/distribucionarc.com\/wp-content\/uploads\/2020\/08\/Cortadora-picadora-el\u00e9ctrica-de-frutas-verduras-y-carne-0.jpg\",\"width\":1001,\"height\":1001,\"caption\":\"Cortadora, picadora el\u00e9ctrica de frutas, verduras y carne\"},{\"@type\":\"BreadcrumbList\",\"@id\":\"https:\/\/distribucionarc.com\/nl\/producto\/cortadora-picadora-electrica-de-frutas-verduras-y-carne\/#breadcrumb\",\"itemListElement\":[{\"@type\":\"ListItem\",\"position\":1,\"name\":\"Portada\",\"item\":\"https:\/\/distribucionarc.com\/pl\/\"},{\"@type\":\"ListItem\",\"position\":2,\"name\":\"Produkty\",\"item\":\"https:\/\/distribucionarc.com\/pl\/shop\/\"},{\"@type\":\"ListItem\",\"position\":3,\"name\":\"Cortadora, picadora el\u00e9ctrica de frutas, verduras y carne\"}]},{\"@type\":\"WebSite\",\"@id\":\"https:\/\/distribucionarc.com\/de\/#website\",\"url\":\"https:\/\/distribucionarc.com\/de\/\",\"name\":\"distribuci\u00f3n ARC\",\"description\":\"Empresa especializada en la fabricaci\u00f3n y distribuci\u00f3n de maquinaria industrial, selladoras de latas, Maquinas de hacer pastillas, Maquinas de cortar carne...\",\"publisher\":{\"@id\":\"https:\/\/distribucionarc.com\/de\/#organization\"},\"potentialAction\":[{\"@type\":\"SearchAction\",\"target\":{\"@type\":\"EntryPoint\",\"urlTemplate\":\"https:\/\/distribucionarc.com\/de\/?s={search_term_string}\"},\"query-input\":{\"@type\":\"PropertyValueSpecification\",\"valueRequired\":true,\"valueName\":\"search_term_string\"}}],\"inLanguage\":\"de\"},{\"@type\":\"Organization\",\"@id\":\"https:\/\/distribucionarc.com\/de\/#organization\",\"name\":\"Distribuci\u00f3n ARC\",\"url\":\"https:\/\/distribucionarc.com\/de\/\",\"logo\":{\"@type\":\"ImageObject\",\"inLanguage\":\"de\",\"@id\":\"https:\/\/distribucionarc.com\/de\/#\/schema\/logo\/image\/\",\"url\":\"https:\/\/distribucionarc.com\/wp-content\/uploads\/2024\/10\/distribucion-ARC-COLOR-SIN-FONDO-e1732295305345.png\",\"contentUrl\":\"https:\/\/distribucionarc.com\/wp-content\/uploads\/2024\/10\/distribucion-ARC-COLOR-SIN-FONDO-e1732295305345.png\",\"width\":1164,\"height\":558,\"caption\":\"Distribuci\u00f3n ARC\"},\"image\":{\"@id\":\"https:\/\/distribucionarc.com\/de\/#\/schema\/logo\/image\/\"},\"description\":\"Empresa especializada en la fabricaci\u00f3n y distribuci\u00f3n de maquinaria industrial para los sectores alimentario y farmac\u00e9utico. Nos especializamos en: M\u00e1quinas de cortar carne Fabricaci\u00f3n de comprimidos Sistemas de transporte industrial L\u00edneas de embotellado Dosificadores Y mucho m\u00e1s... Ofrecemos soluciones innovadoras y personalizadas para optimizar los procesos productivos de tu empresa.\",\"email\":\"Admistracion@distribucionarc.com\",\"telephone\":\"+34 643496664\",\"legalName\":\"ARC TECH SOLUTIONS\",\"foundingDate\":\"2024-04-09\",\"vatID\":\"B55480172\",\"numberOfEmployees\":{\"@type\":\"QuantitativeValue\",\"minValue\":\"1\",\"maxValue\":\"10\"}}]}<\/script>\n<!-- \/ Yoast SEO Premium plugin. -->","yoast_head_json":{"title":"Allesschneider, elektrischer Zerkleinerer f\u00fcr Obst, Gem\u00fcse und Fleisch \u2013 ARC-Vertrieb","robots":{"index":"index","follow":"follow","max-snippet":"max-snippet:-1","max-image-preview":"max-image-preview:large","max-video-preview":"max-video-preview:-1"},"canonical":"https:\/\/distribucionarc.com\/de\/produkt-2\/elektrischer-schneider-wolf-fur-obst-gemuse-und-fleisch\/","og_locale":"de_DE","og_type":"article","og_title":"Cortadora, picadora el\u00e9ctrica de frutas, verduras y carne","og_description":"Cortadora, picadora el\u00e9ctrica de frutas, verduras y carne procesador de verduras Con la\u00a0cortadora de verduras\u00a0de\u00a0ARC\u00a0ahorraras tiempo y dinero, preparar tus ensaladas, picadillos, salteados, etc. De la forma m\u00e1s eficaz y sencilla.  Este\u00a0cortador de alimentos\u00a0ARCCVPC25 est\u00e1 hecho de acero inoxidable de grado alimenticio y aleaci\u00f3n de aluminio fundido de alta calidad con superficie anodizada de plata. \u00a1Este picador de verduras comercial es perfecto para cortar varias carnes, verduras y frutas! Garant\u00eda\u00a0ARC Procesador de alimentos vegetales, bajo consumo 500w soporte t\u00e9cnico\u00a0incluido","og_url":"https:\/\/distribucionarc.com\/de\/produkt-2\/elektrischer-schneider-wolf-fur-obst-gemuse-und-fleisch\/","og_site_name":"distribuci\u00f3n ARC","article_modified_time":"2023-06-04T18:46:12+00:00","og_image":[{"width":1001,"height":1001,"url":"https:\/\/distribucionarc.com\/wp-content\/uploads\/2020\/08\/Cortadora-picadora-el\u00e9ctrica-de-frutas-verduras-y-carne-0.jpg","type":"image\/jpeg"}],"twitter_card":"summary_large_image","twitter_misc":{"Gesch\u00e4tzte Lesezeit":"1\u00a0Minute"},"schema":{"@context":"https:\/\/schema.org","@graph":[{"@type":"WebPage","@id":"https:\/\/distribucionarc.com\/nl\/producto\/cortadora-picadora-electrica-de-frutas-verduras-y-carne\/","url":"https:\/\/distribucionarc.com\/nl\/producto\/cortadora-picadora-electrica-de-frutas-verduras-y-carne\/","name":"Allesschneider, elektrischer Zerkleinerer f\u00fcr Obst, Gem\u00fcse und Fleisch \u2013 ARC-Vertrieb","isPartOf":{"@id":"https:\/\/distribucionarc.com\/de\/#website"},"primaryImageOfPage":{"@id":"https:\/\/distribucionarc.com\/nl\/producto\/cortadora-picadora-electrica-de-frutas-verduras-y-carne\/#primaryimage"},"image":{"@id":"https:\/\/distribucionarc.com\/nl\/producto\/cortadora-picadora-electrica-de-frutas-verduras-y-carne\/#primaryimage"},"thumbnailUrl":"https:\/\/distribucionarc.com\/wp-content\/uploads\/2020\/08\/Cortadora-picadora-el\u00e9ctrica-de-frutas-verduras-y-carne-0.jpg","datePublished":"2020-08-19T16:59:17+00:00","dateModified":"2023-06-04T18:46:12+00:00","breadcrumb":{"@id":"https:\/\/distribucionarc.com\/nl\/producto\/cortadora-picadora-electrica-de-frutas-verduras-y-carne\/#breadcrumb"},"inLanguage":"de","potentialAction":[{"@type":"ReadAction","target":["https:\/\/distribucionarc.com\/nl\/producto\/cortadora-picadora-electrica-de-frutas-verduras-y-carne\/"]}]},{"@type":"ImageObject","inLanguage":"de","@id":"https:\/\/distribucionarc.com\/nl\/producto\/cortadora-picadora-electrica-de-frutas-verduras-y-carne\/#primaryimage","url":"https:\/\/distribucionarc.com\/wp-content\/uploads\/2020\/08\/Cortadora-picadora-el\u00e9ctrica-de-frutas-verduras-y-carne-0.jpg","contentUrl":"https:\/\/distribucionarc.com\/wp-content\/uploads\/2020\/08\/Cortadora-picadora-el\u00e9ctrica-de-frutas-verduras-y-carne-0.jpg","width":1001,"height":1001,"caption":"Cortadora, picadora el\u00e9ctrica de frutas, verduras y carne"},{"@type":"BreadcrumbList","@id":"https:\/\/distribucionarc.com\/nl\/producto\/cortadora-picadora-electrica-de-frutas-verduras-y-carne\/#breadcrumb","itemListElement":[{"@type":"ListItem","position":1,"name":"Portada","item":"https:\/\/distribucionarc.com\/pl\/"},{"@type":"ListItem","position":2,"name":"Produkty","item":"https:\/\/distribucionarc.com\/pl\/shop\/"},{"@type":"ListItem","position":3,"name":"Cortadora, picadora el\u00e9ctrica de frutas, verduras y carne"}]},{"@type":"WebSite","@id":"https:\/\/distribucionarc.com\/de\/#website","url":"https:\/\/distribucionarc.com\/de\/","name":"ARC-Verteilung","description":"Das Unternehmen ist auf die Herstellung und den Vertrieb von Industriemaschinen, Dosenverschlie\u00dfmaschinen, Tablettenmaschinen, Fleischschneidemaschinen...","publisher":{"@id":"https:\/\/distribucionarc.com\/de\/#organization"},"potentialAction":[{"@type":"SearchAction","target":{"@type":"EntryPoint","urlTemplate":"https:\/\/distribucionarc.com\/de\/?s={search_term_string}"},"query-input":{"@type":"PropertyValueSpecification","valueRequired":true,"valueName":"search_term_string"}}],"inLanguage":"de"},{"@type":"Organization","@id":"https:\/\/distribucionarc.com\/de\/#organization","name":"ARC-Verteilung","url":"https:\/\/distribucionarc.com\/de\/","logo":{"@type":"ImageObject","inLanguage":"de","@id":"https:\/\/distribucionarc.com\/de\/#\/schema\/logo\/image\/","url":"https:\/\/distribucionarc.com\/wp-content\/uploads\/2024\/10\/distribucion-ARC-COLOR-SIN-FONDO-e1732295305345.png","contentUrl":"https:\/\/distribucionarc.com\/wp-content\/uploads\/2024\/10\/distribucion-ARC-COLOR-SIN-FONDO-e1732295305345.png","width":1164,"height":558,"caption":"Distribuci\u00f3n ARC"},"image":{"@id":"https:\/\/distribucionarc.com\/de\/#\/schema\/logo\/image\/"},"description":"Unternehmen, das auf die Herstellung und den Vertrieb von Industriemaschinen f\u00fcr den Lebensmittel- und Pharmasektor spezialisiert ist. Wir sind spezialisiert auf: Fleischschneidemaschinen Tablettenherstellung Industrielle F\u00f6rdersysteme Abf\u00fcllanlagen Dispenser Und vieles mehr... Wir bieten innovative und ma\u00dfgeschneiderte L\u00f6sungen zur Optimierung der Produktionsprozesse in Ihrem Unternehmen.","email":"Admistracion@distribucionarc.com","telephone":"+34 643496664","legalName":"ARC TECH SOLUTIONS","foundingDate":"2024-04-09","vatID":"B55480172","numberOfEmployees":{"@type":"QuantitativeValue","minValue":"1","maxValue":"10"}}]}},"_links":{"self":[{"href":"https:\/\/distribucionarc.com\/de\/wp-json\/wp\/v2\/product\/2608","targetHints":{"allow":["GET"]}}],"collection":[{"href":"https:\/\/distribucionarc.com\/de\/wp-json\/wp\/v2\/product"}],"about":[{"href":"https:\/\/distribucionarc.com\/de\/wp-json\/wp\/v2\/types\/product"}],"replies":[{"embeddable":true,"href":"https:\/\/distribucionarc.com\/de\/wp-json\/wp\/v2\/comments?post=2608"}],"version-history":[{"count":0,"href":"https:\/\/distribucionarc.com\/de\/wp-json\/wp\/v2\/product\/2608\/revisions"}],"wp:featuredmedia":[{"embeddable":true,"href":"https:\/\/distribucionarc.com\/de\/wp-json\/wp\/v2\/media\/2616"}],"wp:attachment":[{"href":"https:\/\/distribucionarc.com\/de\/wp-json\/wp\/v2\/media?parent=2608"}],"wp:term":[{"taxonomy":"product_brand","embeddable":true,"href":"https:\/\/distribucionarc.com\/de\/wp-json\/wp\/v2\/product_brand?post=2608"},{"taxonomy":"product_cat","embeddable":true,"href":"https:\/\/distribucionarc.com\/de\/wp-json\/wp\/v2\/product_cat?post=2608"},{"taxonomy":"product_tag","embeddable":true,"href":"https:\/\/distribucionarc.com\/de\/wp-json\/wp\/v2\/product_tag?post=2608"}],"curies":[{"name":"wp","href":"https:\/\/api.w.org\/{rel}","templated":true}]}}