{"id":2636,"date":"2020-08-19T22:50:01","date_gmt":"2020-08-19T22:50:01","guid":{"rendered":"https:\/\/distribucionarc.com\/?post_type=product&#038;p=2636"},"modified":"2023-06-05T10:23:40","modified_gmt":"2023-06-05T10:23:40","slug":"saft-und-kaltgetrankespender-4","status":"publish","type":"product","link":"https:\/\/distribucionarc.com\/de\/producto\/dispensador-de-zumo-y-bebidas-frias-4\/","title":{"rendered":"Saft- und Kaltgetr\u00e4nkespender 4"},"content":{"rendered":"<h2>Saft- und Kaltgetr\u00e4nkespender<\/h2>\n<p>Das\u00a0<strong>elektrischer Spender<\/strong>\u00a0von\u00a0<strong><span style=\"color: #ff0000;\">ZU<\/span><span style=\"color: #0000ff;\">R<\/span>C<\/strong>\u00a0ist f\u00fcr beides geeignet\u00a0<strong>kalte Getr\u00e4nke<\/strong>\u00a0als\u00a0<strong>hei\u00df<\/strong>, wie Sojamilch, Smoothie, Cocktail, Joghurt, Kaffee usw. Der<strong>\u00a0Ausgabemaschine<\/strong>\u00a0Es eignet sich f\u00fcr Cateringunternehmen, Restaurantketten, Gesch\u00e4fte, Hotels usw.<\/p>\n<p>Die BPA-freie, schlagfeste PC-Verpackung des Unternehmens in Lebensmittelqualit\u00e4t\u00a0<strong>Saftspender<\/strong>\u00a0von\u00a0<strong><span style=\"color: #ff0000;\">ZU<\/span><span style=\"color: #0000ff;\">R<\/span>C<\/strong>\u00a0Sie unterscheiden sich von zerbrechlichen ABS\/AS-Tanks. Der K\u00f6rper des Kaltgetr\u00e4nkespenders besteht aus 3 Schichten, wodurch er markanter wirkt und ihm eine h\u00f6here Steifigkeit verleiht. Edelstahlverdampfer f\u00fcr hervorragende K\u00fchlwirkung.<\/p>\n<p><strong>Getr\u00e4nkespender<\/strong> mit <strong>4 Tanks mit je 12 Litern <\/strong>(pro Tank, kompakt und gleichzeitig leistungsstark. Vergr\u00f6\u00dferte R\u00fchrwerke erm\u00f6glichen eine effizientere 360\u00b0-R\u00fchrung. Gummidichtungen sch\u00fctzen das Produkt und verhindern ein Auslaufen.<\/p>\n<p>Er\u00a0<strong>Kaltgetr\u00e4nkespender <span style=\"color: #ff0000;\">ZU<\/span><span style=\"color: #0000ff;\">R<\/span>CDZE4<\/strong>. Es nutzt einen Vollkupferrohr-K\u00fchlkondensator und einen Hochleistungskompressor und sorgt f\u00fcr schnelles K\u00fchlen und Heizen. Es k\u00fchlt zwischen 5 und 12 \u00b0C bei nur 100 W Verbrauch und konstanter Temperaturregelung. Seine schnelle Leistung hilft Ihnen nicht nur, die Produktion zu optimieren, sondern auch<strong>\u00a0<span style=\"color: #008000;\">f\u00f6rdert einen niedrigen Energieverbrauch<\/span><\/strong>.\u00a0<strong>\u00a0Der Getr\u00e4nkespender<\/strong>\u00a0Es verf\u00fcgt \u00fcber separate Schalter zur unabh\u00e4ngigen Steuerung von Mischen, K\u00fchlen und Heizen. Der Mischschalter hilft, Sedimente am Boden des Tanks zu verhindern.<\/p>\n<p>Es verf\u00fcgt \u00fcber eine Auffangschale, die zur einfachen Reinigung leicht zerlegt werden kann; Speziell entwickelte federbelastete Getr\u00e4nkeausl\u00e4sse f\u00fcr m\u00fchelose Nutzung; Mehrere Bel\u00fcftungs\u00f6ffnungen f\u00fcr schnelle W\u00e4rmeableitung.<\/p>\n<p>&nbsp;<\/p>\n<h6><strong>Garantie\u00a0<span style=\"color: #ff0000;\">ZU<\/span><span style=\"color: #0000ff;\">R<\/span>C 2 JAHRE<\/strong><\/h6>\n<h6><span style=\"color: #008000;\">Effizienter Saft- und Kaltgetr\u00e4nkespender, geringer Verbrauch 400 W<\/span><\/h6>\n<h6><strong>Technischer Support inklusive.<\/strong><\/h6>\n<p>&nbsp;<\/p>\n<p>&nbsp;<\/p>\n<table role=\"presentation\" width=\"100%\" cellspacing=\"0\" cellpadding=\"0\">\n<tbody>\n<tr>\n<td class=\"attrLabels\">Temperatur:<\/td>\n<td width=\"50.0%\">Kalt: 5 \u2013 12 \u00baC<\/td>\n<\/tr>\n<tr>\n<td class=\"attrLabels\">Vertriebsland:<\/td>\n<td width=\"50.0%\">Spanien, Deutschland, USA<\/td>\n<td class=\"attrLabels\">Gewicht:<\/td>\n<td width=\"50.0%\">37,6 kg<\/td>\n<\/tr>\n<tr>\n<td class=\"attrLabels\">Marke:<\/td>\n<td width=\"50.0%\">BOGEN<\/td>\n<td class=\"attrLabels\">H\u00f6he:<\/td>\n<td width=\"50.0%\">25,6 cm<\/td>\n<\/tr>\n<tr>\n<td class=\"attrLabels\">Farbe:<\/td>\n<td width=\"50.0%\">Silber<\/td>\n<td class=\"attrLabels\">Lang:<\/td>\n<td width=\"50.0%\">24&quot;<\/td>\n<\/tr>\n<tr>\n<td class=\"attrLabels\">Produkttyp:<\/td>\n<td width=\"50.0%\">Getr\u00e4nkespender<\/td>\n<td class=\"attrLabels\">Breit:<\/td>\n<td width=\"50.0%\">48,6 cm<\/td>\n<\/tr>\n<tr>\n<td class=\"attrLabels\">Herstellernummer:<\/td>\n<td width=\"50.0%\">ARCDZE4<\/td>\n<td class=\"attrLabels\">Leistung:<\/td>\n<td width=\"50.0%\">Kalt: 100 W<\/p>\n<p>Hei\u00df: 400 W<\/td>\n<\/tr>\n<tr>\n<td class=\"attrLabels\">Material:<\/td>\n<td width=\"50.0%\">Edelstahl, Temperaturregelung, BPA-freier PC<\/td>\n<td class=\"attrLabels\">Eingangsspannung<\/td>\n<td width=\"50.0%\">220V \u2013 50Hz<\/td>\n<\/tr>\n<tr>\n<td class=\"attrLabels\">F\u00e4cher:<\/td>\n<td width=\"50.0%\">\u00a04<\/td>\n<td class=\"attrLabels\">Kabinengr\u00f6\u00dfe:<\/td>\n<td width=\"50.0%\">82 x 33 x 10 cm f\u00fcr jede Ebene<\/td>\n<\/tr>\n<tr>\n<td class=\"attrLabels\">Installationswerkzeuge:<\/td>\n<td width=\"50.0%\">Ja<\/td>\n<td class=\"attrLabels\">Garantie:<\/td>\n<td width=\"50.0%\">2 JAHRE<\/td>\n<\/tr>\n<\/tbody>\n<\/table>","protected":false},"excerpt":{"rendered":"<h3>Saft- und Kaltgetr\u00e4nkespender<\/h3>\n<p>Er\u00a0<strong>Spender f\u00fcr hei\u00dfe und kalte Getr\u00e4nke<\/strong>\u00a0von\u00a0<strong><span style=\"color: #ff0000;\">ZU<\/span><span style=\"color: #0000ff;\">R<\/span>C<\/strong>, mit einer Kapazit\u00e4t von <strong>48L<\/strong>\u00a0Die\u00a0<strong>Kaltgetr\u00e4nkeautomat<\/strong> Es verf\u00fcgt \u00fcber 4 Tanks mit je 12 Litern <strong><span style=\"color: #ff0000;\">ZU<\/span><span style=\"color: #0000ff;\">R<\/span>CDZE4<\/strong>\u00a0Es bietet hervorragende Leistung, elegantes Aussehen und ist sehr einfach zu bedienen. Vergr\u00f6\u00dferter Hahn f\u00fcr Fruchtfasern und aromatisierte K\u00f6rner. K\u00fcmmern Sie sich damit um Ihre Kunden\u00a0<strong>eleganter Getr\u00e4nkespender<\/strong>\u00a0Seine erstklassige Verarbeitung und Benutzerfreundlichkeit machen es zu einem unverzichtbaren Produkt. BPA-freier PC-Tank, erstklassiges Edelstahl-Maschinengeh\u00e4use und r\u00fcckseitig lackierter Verband bilden einen verschlei\u00dffesten und leicht zu reinigenden Gesundheitsschutz. Ein Assistent mit ausreichender Kapazit\u00e4t zur Deckung des t\u00e4glichen Bedarfs.\u00a0<strong>Spender\u00a0<span style=\"color: #ff0000;\">ZU<\/span><span style=\"color: #0000ff;\">R<\/span>C<\/strong>\u00a0hohe Qualit\u00e4t.<\/p>\n<h6><\/h6>\n<h6><strong>Garantie\u00a0<span style=\"color: #ff0000;\">ZU<\/span><span style=\"color: #0000ff;\">R<\/span>C 2 JAHRE<\/strong><\/h6>\n<h6><span style=\"color: #008000;\">Effizienter Saft- und Kaltgetr\u00e4nkespender, geringer Verbrauch 400 W<\/span><\/h6>\n<h6><strong>Technischer Support inklusive.<\/strong><\/h6>","protected":false},"featured_media":6025,"comment_status":"open","ping_status":"closed","template":"","meta":{"wds_primary_product_brand":0,"wds_primary_product_cat":0},"product_brand":[],"product_cat":[57],"product_tag":[],"class_list":{"0":"post-2636","1":"product","2":"type-product","3":"status-publish","4":"has-post-thumbnail","6":"product_cat-dosificadores-dispensadores","7":"product_shipping_class-hosteleria","9":"first","10":"instock","11":"sale","12":"taxable","13":"shipping-taxable","14":"purchasable","15":"product-type-simple"},"yoast_head":"<!-- This site is optimized with the Yoast SEO Premium plugin v24.9 (Yoast SEO v26.1) - https:\/\/yoast.com\/wordpress\/plugins\/seo\/ -->\n<title>Dispensador de zumo y bebidas fr\u00edas 4 - distribuci\u00f3n ARC<\/title>\n<meta name=\"robots\" content=\"index, follow, max-snippet:-1, max-image-preview:large, max-video-preview:-1\" \/>\n<link rel=\"canonical\" href=\"https:\/\/distribucionarc.com\/de\/produkt-2\/saft-und-kaltgetrankespender-4\/\" \/>\n<meta property=\"og:locale\" content=\"de_DE\" \/>\n<meta property=\"og:type\" content=\"article\" \/>\n<meta property=\"og:title\" content=\"Dispensador de zumo y bebidas fr\u00edas 4\" \/>\n<meta property=\"og:description\" content=\"Dispensador de zumo y bebidas fr\u00edas El\u00a0Dispensadores para bebidas fr\u00edas y calientes\u00a0de\u00a0ARC, con una capacidad de 48\u00a0L\u00a0la\u00a0m\u00e1quina expendedora de bebidas fr\u00edas cuenta con 4 tanques de 12L cada uno , la ARCDZE4\u00a0genera un excelente rendimiento, de aspecto elegante y muy f\u00e1cil de usar. Grifo agrandado para fibras de frutas y granos saborizados. Cuide a sus clientes con este\u00a0elegante Dispensador para bebidas\u00a0sus acabados de primera\u00a0 y facilidad de uso lo convierten en un producto indispensable. El tanque de PC sin BPA, el cuerpo de la m\u00e1quina de acero inoxidable de primera clase y el ap\u00f3sito pintado hacia atr\u00e1s forman un protector de salud resistente al desgaste y sencillo de limpiar. Un ayudante con capacidad suficiente para cubrir las necesidades diarias.\u00a0Dispensador\u00a0ARC\u00a0de alta calidad.  Garant\u00eda\u00a0ARC 2 A\u00d1OS Dispensador zumos y bebidas fr\u00edas eficiente, bajo consumo 400w soporte t\u00e9cnico incluido.\" \/>\n<meta property=\"og:url\" content=\"https:\/\/distribucionarc.com\/de\/produkt-2\/saft-und-kaltgetrankespender-4\/\" \/>\n<meta property=\"og:site_name\" content=\"distribuci\u00f3n ARC\" \/>\n<meta property=\"article:modified_time\" content=\"2023-06-05T10:23:40+00:00\" \/>\n<meta property=\"og:image\" content=\"https:\/\/distribucionarc.com\/wp-content\/uploads\/2020\/08\/Dispensador-de-zumo-y-bebidas-frias-4.jpg\" \/>\n\t<meta property=\"og:image:width\" content=\"1600\" \/>\n\t<meta property=\"og:image:height\" content=\"1600\" \/>\n\t<meta property=\"og:image:type\" content=\"image\/jpeg\" \/>\n<meta name=\"twitter:card\" content=\"summary_large_image\" \/>\n<meta name=\"twitter:label1\" content=\"Gesch\u00e4tzte Lesezeit\" \/>\n\t<meta name=\"twitter:data1\" content=\"2\u00a0Minuten\" \/>\n<script type=\"application\/ld+json\" class=\"yoast-schema-graph\">{\"@context\":\"https:\/\/schema.org\",\"@graph\":[{\"@type\":\"WebPage\",\"@id\":\"https:\/\/distribucionarc.com\/pl\/producto\/dispensador-de-zumo-y-bebidas-frias-4\/\",\"url\":\"https:\/\/distribucionarc.com\/pl\/producto\/dispensador-de-zumo-y-bebidas-frias-4\/\",\"name\":\"Dispensador de zumo y bebidas fr\u00edas 4 - distribuci\u00f3n ARC\",\"isPartOf\":{\"@id\":\"https:\/\/distribucionarc.com\/bg\/#website\"},\"primaryImageOfPage\":{\"@id\":\"https:\/\/distribucionarc.com\/pl\/producto\/dispensador-de-zumo-y-bebidas-frias-4\/#primaryimage\"},\"image\":{\"@id\":\"https:\/\/distribucionarc.com\/pl\/producto\/dispensador-de-zumo-y-bebidas-frias-4\/#primaryimage\"},\"thumbnailUrl\":\"https:\/\/distribucionarc.com\/wp-content\/uploads\/2020\/08\/Dispensador-de-zumo-y-bebidas-frias-4.jpg\",\"datePublished\":\"2020-08-19T22:50:01+00:00\",\"dateModified\":\"2023-06-05T10:23:40+00:00\",\"breadcrumb\":{\"@id\":\"https:\/\/distribucionarc.com\/pl\/producto\/dispensador-de-zumo-y-bebidas-frias-4\/#breadcrumb\"},\"inLanguage\":\"de\",\"potentialAction\":[{\"@type\":\"ReadAction\",\"target\":[\"https:\/\/distribucionarc.com\/pl\/producto\/dispensador-de-zumo-y-bebidas-frias-4\/\"]}]},{\"@type\":\"ImageObject\",\"inLanguage\":\"de\",\"@id\":\"https:\/\/distribucionarc.com\/pl\/producto\/dispensador-de-zumo-y-bebidas-frias-4\/#primaryimage\",\"url\":\"https:\/\/distribucionarc.com\/wp-content\/uploads\/2020\/08\/Dispensador-de-zumo-y-bebidas-frias-4.jpg\",\"contentUrl\":\"https:\/\/distribucionarc.com\/wp-content\/uploads\/2020\/08\/Dispensador-de-zumo-y-bebidas-frias-4.jpg\",\"width\":1600,\"height\":1600},{\"@type\":\"BreadcrumbList\",\"@id\":\"https:\/\/distribucionarc.com\/pl\/producto\/dispensador-de-zumo-y-bebidas-frias-4\/#breadcrumb\",\"itemListElement\":[{\"@type\":\"ListItem\",\"position\":1,\"name\":\"Portada\",\"item\":\"https:\/\/distribucionarc.com\/el\/\"},{\"@type\":\"ListItem\",\"position\":2,\"name\":\"Proizvodi\",\"item\":\"https:\/\/www.distribucionarc.com\/hr\/ducan\/\"},{\"@type\":\"ListItem\",\"position\":3,\"name\":\"Dispensador de zumo y bebidas fr\u00edas 4\"}]},{\"@type\":\"WebSite\",\"@id\":\"https:\/\/distribucionarc.com\/bg\/#website\",\"url\":\"https:\/\/distribucionarc.com\/bg\/\",\"name\":\"distribuci\u00f3n ARC\",\"description\":\"Empresa especializada en la fabricaci\u00f3n y distribuci\u00f3n de maquinaria industrial, selladoras de latas, Maquinas de hacer pastillas, Maquinas de cortar carne...\",\"publisher\":{\"@id\":\"https:\/\/distribucionarc.com\/bg\/#organization\"},\"potentialAction\":[{\"@type\":\"SearchAction\",\"target\":{\"@type\":\"EntryPoint\",\"urlTemplate\":\"https:\/\/distribucionarc.com\/bg\/?s={search_term_string}\"},\"query-input\":{\"@type\":\"PropertyValueSpecification\",\"valueRequired\":true,\"valueName\":\"search_term_string\"}}],\"inLanguage\":\"de\"},{\"@type\":\"Organization\",\"@id\":\"https:\/\/distribucionarc.com\/bg\/#organization\",\"name\":\"Distribuci\u00f3n ARC\",\"url\":\"https:\/\/distribucionarc.com\/bg\/\",\"logo\":{\"@type\":\"ImageObject\",\"inLanguage\":\"de\",\"@id\":\"https:\/\/distribucionarc.com\/bg\/#\/schema\/logo\/image\/\",\"url\":\"https:\/\/distribucionarc.com\/wp-content\/uploads\/2024\/10\/distribucion-ARC-COLOR-SIN-FONDO-e1732295305345.png\",\"contentUrl\":\"https:\/\/distribucionarc.com\/wp-content\/uploads\/2024\/10\/distribucion-ARC-COLOR-SIN-FONDO-e1732295305345.png\",\"width\":1164,\"height\":558,\"caption\":\"Distribuci\u00f3n ARC\"},\"image\":{\"@id\":\"https:\/\/distribucionarc.com\/bg\/#\/schema\/logo\/image\/\"},\"description\":\"Empresa especializada en la fabricaci\u00f3n y distribuci\u00f3n de maquinaria industrial para los sectores alimentario y farmac\u00e9utico. Nos especializamos en: M\u00e1quinas de cortar carne Fabricaci\u00f3n de comprimidos Sistemas de transporte industrial L\u00edneas de embotellado Dosificadores Y mucho m\u00e1s... Ofrecemos soluciones innovadoras y personalizadas para optimizar los procesos productivos de tu empresa.\",\"email\":\"Admistracion@distribucionarc.com\",\"telephone\":\"+34 643496664\",\"legalName\":\"ARC TECH SOLUTIONS\",\"foundingDate\":\"2024-04-09\",\"vatID\":\"B55480172\",\"numberOfEmployees\":{\"@type\":\"QuantitativeValue\",\"minValue\":\"1\",\"maxValue\":\"10\"}}]}<\/script>\n<!-- \/ Yoast SEO Premium plugin. -->","yoast_head_json":{"title":"Saft- und Kaltgetr\u00e4nkespender 4 \u2013 ARC-Verteilung","robots":{"index":"index","follow":"follow","max-snippet":"max-snippet:-1","max-image-preview":"max-image-preview:large","max-video-preview":"max-video-preview:-1"},"canonical":"https:\/\/distribucionarc.com\/de\/produkt-2\/saft-und-kaltgetrankespender-4\/","og_locale":"de_DE","og_type":"article","og_title":"Dispensador de zumo y bebidas fr\u00edas 4","og_description":"Dispensador de zumo y bebidas fr\u00edas El\u00a0Dispensadores para bebidas fr\u00edas y calientes\u00a0de\u00a0ARC, con una capacidad de 48\u00a0L\u00a0la\u00a0m\u00e1quina expendedora de bebidas fr\u00edas cuenta con 4 tanques de 12L cada uno , la ARCDZE4\u00a0genera un excelente rendimiento, de aspecto elegante y muy f\u00e1cil de usar. Grifo agrandado para fibras de frutas y granos saborizados. Cuide a sus clientes con este\u00a0elegante Dispensador para bebidas\u00a0sus acabados de primera\u00a0 y facilidad de uso lo convierten en un producto indispensable. El tanque de PC sin BPA, el cuerpo de la m\u00e1quina de acero inoxidable de primera clase y el ap\u00f3sito pintado hacia atr\u00e1s forman un protector de salud resistente al desgaste y sencillo de limpiar. Un ayudante con capacidad suficiente para cubrir las necesidades diarias.\u00a0Dispensador\u00a0ARC\u00a0de alta calidad.  Garant\u00eda\u00a0ARC 2 A\u00d1OS Dispensador zumos y bebidas fr\u00edas eficiente, bajo consumo 400w soporte t\u00e9cnico incluido.","og_url":"https:\/\/distribucionarc.com\/de\/produkt-2\/saft-und-kaltgetrankespender-4\/","og_site_name":"distribuci\u00f3n ARC","article_modified_time":"2023-06-05T10:23:40+00:00","og_image":[{"width":1600,"height":1600,"url":"https:\/\/distribucionarc.com\/wp-content\/uploads\/2020\/08\/Dispensador-de-zumo-y-bebidas-frias-4.jpg","type":"image\/jpeg"}],"twitter_card":"summary_large_image","twitter_misc":{"Gesch\u00e4tzte Lesezeit":"2\u00a0Minuten"},"schema":{"@context":"https:\/\/schema.org","@graph":[{"@type":"WebPage","@id":"https:\/\/distribucionarc.com\/pl\/producto\/dispensador-de-zumo-y-bebidas-frias-4\/","url":"https:\/\/distribucionarc.com\/pl\/producto\/dispensador-de-zumo-y-bebidas-frias-4\/","name":"Saft- und Kaltgetr\u00e4nkespender 4 \u2013 ARC-Verteilung","isPartOf":{"@id":"https:\/\/distribucionarc.com\/bg\/#website"},"primaryImageOfPage":{"@id":"https:\/\/distribucionarc.com\/pl\/producto\/dispensador-de-zumo-y-bebidas-frias-4\/#primaryimage"},"image":{"@id":"https:\/\/distribucionarc.com\/pl\/producto\/dispensador-de-zumo-y-bebidas-frias-4\/#primaryimage"},"thumbnailUrl":"https:\/\/distribucionarc.com\/wp-content\/uploads\/2020\/08\/Dispensador-de-zumo-y-bebidas-frias-4.jpg","datePublished":"2020-08-19T22:50:01+00:00","dateModified":"2023-06-05T10:23:40+00:00","breadcrumb":{"@id":"https:\/\/distribucionarc.com\/pl\/producto\/dispensador-de-zumo-y-bebidas-frias-4\/#breadcrumb"},"inLanguage":"de","potentialAction":[{"@type":"ReadAction","target":["https:\/\/distribucionarc.com\/pl\/producto\/dispensador-de-zumo-y-bebidas-frias-4\/"]}]},{"@type":"ImageObject","inLanguage":"de","@id":"https:\/\/distribucionarc.com\/pl\/producto\/dispensador-de-zumo-y-bebidas-frias-4\/#primaryimage","url":"https:\/\/distribucionarc.com\/wp-content\/uploads\/2020\/08\/Dispensador-de-zumo-y-bebidas-frias-4.jpg","contentUrl":"https:\/\/distribucionarc.com\/wp-content\/uploads\/2020\/08\/Dispensador-de-zumo-y-bebidas-frias-4.jpg","width":1600,"height":1600},{"@type":"BreadcrumbList","@id":"https:\/\/distribucionarc.com\/pl\/producto\/dispensador-de-zumo-y-bebidas-frias-4\/#breadcrumb","itemListElement":[{"@type":"ListItem","position":1,"name":"Portada","item":"https:\/\/distribucionarc.com\/el\/"},{"@type":"ListItem","position":2,"name":"Proizvodi","item":"https:\/\/www.distribucionarc.com\/hr\/ducan\/"},{"@type":"ListItem","position":3,"name":"Dispensador de zumo y bebidas fr\u00edas 4"}]},{"@type":"WebSite","@id":"https:\/\/distribucionarc.com\/bg\/#website","url":"https:\/\/distribucionarc.com\/bg\/","name":"ARC-Verteilung","description":"Das Unternehmen ist auf die Herstellung und den Vertrieb von Industriemaschinen, Dosenverschlie\u00dfmaschinen, Tablettenmaschinen, Fleischschneidemaschinen...","publisher":{"@id":"https:\/\/distribucionarc.com\/bg\/#organization"},"potentialAction":[{"@type":"SearchAction","target":{"@type":"EntryPoint","urlTemplate":"https:\/\/distribucionarc.com\/bg\/?s={search_term_string}"},"query-input":{"@type":"PropertyValueSpecification","valueRequired":true,"valueName":"search_term_string"}}],"inLanguage":"de"},{"@type":"Organization","@id":"https:\/\/distribucionarc.com\/bg\/#organization","name":"ARC-Verteilung","url":"https:\/\/distribucionarc.com\/bg\/","logo":{"@type":"ImageObject","inLanguage":"de","@id":"https:\/\/distribucionarc.com\/bg\/#\/schema\/logo\/image\/","url":"https:\/\/distribucionarc.com\/wp-content\/uploads\/2024\/10\/distribucion-ARC-COLOR-SIN-FONDO-e1732295305345.png","contentUrl":"https:\/\/distribucionarc.com\/wp-content\/uploads\/2024\/10\/distribucion-ARC-COLOR-SIN-FONDO-e1732295305345.png","width":1164,"height":558,"caption":"Distribuci\u00f3n ARC"},"image":{"@id":"https:\/\/distribucionarc.com\/bg\/#\/schema\/logo\/image\/"},"description":"Unternehmen, das auf die Herstellung und den Vertrieb von Industriemaschinen f\u00fcr den Lebensmittel- und Pharmasektor spezialisiert ist. Wir sind spezialisiert auf: Fleischschneidemaschinen Tablettenherstellung Industrielle F\u00f6rdersysteme Abf\u00fcllanlagen Dispenser Und vieles mehr... Wir bieten innovative und ma\u00dfgeschneiderte L\u00f6sungen zur Optimierung der Produktionsprozesse in Ihrem Unternehmen.","email":"Admistracion@distribucionarc.com","telephone":"+34 643496664","legalName":"ARC TECH SOLUTIONS","foundingDate":"2024-04-09","vatID":"B55480172","numberOfEmployees":{"@type":"QuantitativeValue","minValue":"1","maxValue":"10"}}]}},"_links":{"self":[{"href":"https:\/\/distribucionarc.com\/de\/wp-json\/wp\/v2\/product\/2636","targetHints":{"allow":["GET"]}}],"collection":[{"href":"https:\/\/distribucionarc.com\/de\/wp-json\/wp\/v2\/product"}],"about":[{"href":"https:\/\/distribucionarc.com\/de\/wp-json\/wp\/v2\/types\/product"}],"replies":[{"embeddable":true,"href":"https:\/\/distribucionarc.com\/de\/wp-json\/wp\/v2\/comments?post=2636"}],"version-history":[{"count":0,"href":"https:\/\/distribucionarc.com\/de\/wp-json\/wp\/v2\/product\/2636\/revisions"}],"wp:featuredmedia":[{"embeddable":true,"href":"https:\/\/distribucionarc.com\/de\/wp-json\/wp\/v2\/media\/6025"}],"wp:attachment":[{"href":"https:\/\/distribucionarc.com\/de\/wp-json\/wp\/v2\/media?parent=2636"}],"wp:term":[{"taxonomy":"product_brand","embeddable":true,"href":"https:\/\/distribucionarc.com\/de\/wp-json\/wp\/v2\/product_brand?post=2636"},{"taxonomy":"product_cat","embeddable":true,"href":"https:\/\/distribucionarc.com\/de\/wp-json\/wp\/v2\/product_cat?post=2636"},{"taxonomy":"product_tag","embeddable":true,"href":"https:\/\/distribucionarc.com\/de\/wp-json\/wp\/v2\/product_tag?post=2636"}],"curies":[{"name":"wp","href":"https:\/\/api.w.org\/{rel}","templated":true}]}}