{"id":2698,"date":"2020-08-20T15:47:46","date_gmt":"2020-08-20T15:47:46","guid":{"rendered":"https:\/\/distribucionarc.com\/?post_type=product&#038;p=2698"},"modified":"2020-10-01T09:35:32","modified_gmt":"2020-10-01T09:35:32","slug":"sonde-mit-kamera-inspektion-von-rohren","status":"publish","type":"product","link":"https:\/\/distribucionarc.com\/de\/producto\/sonda-con-camara-inspeccion-de-tuberias\/","title":{"rendered":"Sonde mit Kamera, Rohrinspektion\u00a0"},"content":{"rendered":"<h3>Sonde mit Kamera, Rohrinspektion<\/h3>\n<p style=\"line-height: 21.0pt;\"><span style=\"font-size: 13.0pt; font-family: 'Arial',sans-serif; color: black;\">Der<strong> Rohrinspektionskamera <span style=\"color: #ff0000;\">ZU<\/span><span style=\"color: #0000ff;\">R<\/span>C<\/strong> Kombiniert eine Sonde mit Kameraspitze mit einem 7-Zoll-LCD-Monitor zur Anzeige schwer erreichbarer Inspektionsbereiche. Der <strong>HD-Kamera mit 145\u00ba Betrachtungswinkel<\/strong>, gibt Ihnen ein vollst\u00e4ndiges und klares Bild. Unter guten Bedingungen ist die Laufzeit des Akkus 8 Stunden.<\/span><\/p>\n<p style=\"line-height: 21.0pt;\"><span style=\"font-size: 13.0pt; font-family: 'Arial',sans-serif; color: black;\">Der Lederschutz sorgt f\u00fcr klare Sicht bei der Au\u00dfeninspektion und zus\u00e4tzlichen Schutz des Monitors.<\/span> <span style=\"font-size: 13.0pt; font-family: 'Arial',sans-serif; color: black;\">Der Aluminiumkoffer im integrierten Design ist einfach zu verwenden und erfordert keine Montage. S\u00e4mtliches Zubeh\u00f6r kann f\u00fcr einen sicheren, dauerhaften und robusten Transport in dem Koffer untergebracht werden.<\/span><\/p>\n<p style=\"line-height: 21.0pt;\"><span style=\"font-size: 13.0pt; font-family: 'Arial',sans-serif; color: black;\">Die L\u00e4nge des Verl\u00e4ngerungskabels des <strong>Sonde mit Kamera <span style=\"color: #ff0000;\">ZU<\/span><span style=\"color: #0000ff;\">R<\/span>CSCT2<\/strong> Verf\u00fcgbar in 30 m, k\u00e4ltebest\u00e4ndig, wasserdicht und zugfest. Wasserdichtes IP68-Design, langlebig, um verschiedenen Umgebungen standzuhalten.<\/span><\/p>\n<h6><strong>Garantie\u00a0<span style=\"color: #ff0000;\">ZU<\/span><span style=\"color: #0000ff;\">R<\/span>C 2 JAHRE<\/strong><\/h6>\n<h6><span style=\"color: #008000;\">Akkulaufzeit 8h<\/span><\/h6>\n<h6><strong>Technischer Support inklusive<\/strong><\/h6>\n<p>&nbsp;<\/p>\n<table role=\"presentation\" width=\"100%\" cellspacing=\"0\" cellpadding=\"0\">\n<tbody>\n<tr>\n<td class=\"attrLabels\">Marke:<\/td>\n<td width=\"50.0%\">BOGEN<\/td>\n<\/tr>\n<tr>\n<td class=\"attrLabels\">Vertriebsland:<\/td>\n<td width=\"50.0%\">Spanien, Deutschland, USA<\/td>\n<td class=\"attrLabels\">Gewicht:<\/td>\n<td width=\"50.0%\">15kg<\/td>\n<\/tr>\n<tr>\n<td class=\"attrLabels\">Marke:<\/td>\n<td width=\"50.0%\">BOGEN<\/td>\n<td class=\"attrLabels\">Kabell\u00e4nge:<\/td>\n<td width=\"50.0%\">30cm<\/td>\n<\/tr>\n<tr>\n<td class=\"attrLabels\">Farbe:<\/td>\n<td width=\"50.0%\">silber, schwarz<\/td>\n<td class=\"attrLabels\">Monitorpixel:<\/td>\n<td width=\"50.0%\">800 (H) x 480 (V)<\/td>\n<\/tr>\n<tr>\n<td class=\"attrLabels\">Produkttyp:<\/td>\n<td width=\"50.0%\">Rohrinspektionskamera<\/td>\n<td class=\"attrLabels\">Akkulaufzeit:<\/td>\n<td width=\"50.0%\">8 Stunden<\/td>\n<\/tr>\n<tr>\n<td class=\"attrLabels\">Herstellernummer:<\/td>\n<td width=\"50.0%\">ARCSCT2<\/td>\n<td class=\"attrLabels\">Batterieampere:<\/td>\n<td width=\"50.0%\">250W<\/td>\n<\/tr>\n<tr>\n<td class=\"attrLabels\">Material:<\/td>\n<td width=\"50.0%\">HD-Kamera, Lederschutz<\/td>\n<td class=\"attrLabels\">Eingangsspannung<\/td>\n<td width=\"50.0%\">220V \u2013 60Hz<\/td>\n<\/tr>\n<tr>\n<td class=\"attrLabels\">Garantie:<\/td>\n<td width=\"50.0%\">\u00a0 2 Jahre<\/td>\n<td class=\"attrLabels\">Ladeger\u00e4t:<\/td>\n<td width=\"50.0%\">Wechselstrom 100\u2013240 V Gleichstrom 12,6 V 1000 mA<\/td>\n<\/tr>\n<tr>\n<td class=\"attrLabels\">Installationswerkzeuge:<\/td>\n<td width=\"50.0%\">Ja<\/td>\n<td class=\"attrLabels\">\u00a0Lichtquelle der Kamera:<\/td>\n<td width=\"50.0%\">6 St\u00fcck 1 W LED mit hellem Wei\u00dflicht (einstellbar)<\/td>\n<\/tr>\n<\/tbody>\n<\/table>\n<p>&nbsp;<\/p>\n<p>&nbsp;<\/p>","protected":false},"excerpt":{"rendered":"<h2><strong>Sonde mit Kamera, Rohrinspektion\u00a0<\/strong><\/h2>\n<p><span style=\"font-size: 13.0pt; font-family: 'Arial',sans-serif; color: black; font-weight: normal;\"><span style=\"background: white;\"><span style=\"text-align: start; float: none;\">Der<strong> Rohrinspektionskamera <span style=\"color: #ff0000;\">ZU<\/span><span style=\"color: #0000ff;\">R<\/span>C<\/strong> kombiniert eine Sonde mit einer Kamera an der Spitze sowie einen 7-Zoll-LCD-Monitor zur Anzeige schwer erreichbarer Inspektionsbereiche. Luxuri\u00f6ses Ledergep\u00e4ck bietet klare Sicht bei Inspektionen im Freien und zus\u00e4tzlichen Schutz f\u00fcr den Monitor. Wird mit einer vollst\u00e4ndig gepolsterten Tasche geliefert, in der alle Kits verstaut werden k\u00f6nnen, sodass sie einfach transportiert und verwendet werden k\u00f6nnen. Macht das Aufrei\u00dfen von Trockenbauw\u00e4nden zum Auffinden von Lecks \u00fcberfl\u00fcssig und hilft beim L\u00f6sen von Sanit\u00e4rproblemen.<\/span><\/span><\/span><\/p>\n<h6><strong>Garantie\u00a0<span style=\"color: #ff0000;\">ZU<\/span><span style=\"color: #0000ff;\">R<\/span>C 2 JAHRE<\/strong><\/h6>\n<h6><span style=\"color: #008000;\">Akkulaufzeit 8h<\/span><\/h6>\n<h6><strong>Technischer Support inklusive<\/strong><\/h6>","protected":false},"featured_media":2700,"comment_status":"open","ping_status":"closed","template":"","meta":{"wds_primary_product_brand":0,"wds_primary_product_cat":0},"product_brand":[],"product_cat":[69],"product_tag":[],"class_list":{"0":"post-2698","1":"product","2":"type-product","3":"status-publish","4":"has-post-thumbnail","6":"product_cat-maquinas-variadas","7":"product_shipping_class-express","9":"first","10":"instock","11":"sale","12":"taxable","13":"shipping-taxable","14":"purchasable","15":"product-type-simple"},"yoast_head":"<!-- This site is optimized with the Yoast SEO Premium plugin v24.9 (Yoast SEO v26.1) - https:\/\/yoast.com\/wordpress\/plugins\/seo\/ -->\n<title>Sonda con c\u00e1mara, inspecci\u00f3n de tuber\u00edas\u00a0 - distribuci\u00f3n ARC<\/title>\n<meta name=\"robots\" content=\"index, follow, max-snippet:-1, max-image-preview:large, max-video-preview:-1\" \/>\n<link rel=\"canonical\" href=\"https:\/\/www.distribucionarc.com\/sl\/producto\/sonda-con-camara-inspeccion-de-tuberias\/\" \/>\n<meta property=\"og:locale\" content=\"de_DE\" \/>\n<meta property=\"og:type\" content=\"article\" \/>\n<meta property=\"og:title\" content=\"Sonda con c\u00e1mara, inspecci\u00f3n de tuber\u00edas\u00a0\" \/>\n<meta property=\"og:description\" content=\"Sonda con c\u00e1mara, inspecci\u00f3n de tuber\u00edas\u00a0 La c\u00e1mara de inspecci\u00f3n de tuber\u00edas ARC combina una sonda con una c\u00e1mara en la punta acompa\u00f1ada de un monitor LCD de 7 pulgadas para ver el \u00e1rea de inspecci\u00f3n de dif\u00edcil acceso. El equipaje de cuero de lujo proporciona una visi\u00f3n clara en la inspecci\u00f3n al aire libre y protecci\u00f3n adicional para el monitor. Viene con una caja totalmente acolchada que almacena todos los kits para facilitar el transporte y el uso.\u00a0 Elimina las necesidad de desgarramiento de paneles de yeso para localizar fugas y ayuda a resolver problemas de tuber\u00edas. Garant\u00eda\u00a0ARC 2 A\u00d1OS Duraci\u00f3n de la bater\u00eda 8h soporte t\u00e9cnico incluido\" \/>\n<meta property=\"og:url\" content=\"https:\/\/www.distribucionarc.com\/sl\/producto\/sonda-con-camara-inspeccion-de-tuberias\/\" \/>\n<meta property=\"og:site_name\" content=\"distribuci\u00f3n ARC\" \/>\n<meta property=\"article:modified_time\" content=\"2020-10-01T09:35:32+00:00\" \/>\n<meta property=\"og:image\" content=\"https:\/\/distribucionarc.com\/wp-content\/uploads\/2020\/08\/Sonda-con-c\u00e1mara-inspecci\u00f3n-de-tuber\u00edas-2.jpg\" \/>\n\t<meta property=\"og:image:width\" content=\"1001\" \/>\n\t<meta property=\"og:image:height\" content=\"1001\" \/>\n\t<meta property=\"og:image:type\" content=\"image\/jpeg\" \/>\n<meta name=\"twitter:card\" content=\"summary_large_image\" \/>\n<meta name=\"twitter:label1\" content=\"Gesch\u00e4tzte Lesezeit\" \/>\n\t<meta name=\"twitter:data1\" content=\"1\u00a0Minute\" \/>\n<script type=\"application\/ld+json\" class=\"yoast-schema-graph\">{\"@context\":\"https:\/\/schema.org\",\"@graph\":[{\"@type\":\"WebPage\",\"@id\":\"https:\/\/www.distribucionarc.com\/sl\/producto\/sonda-con-camara-inspeccion-de-tuberias\/\",\"url\":\"https:\/\/www.distribucionarc.com\/sl\/producto\/sonda-con-camara-inspeccion-de-tuberias\/\",\"name\":\"Sonda con c\u00e1mara, inspecci\u00f3n de tuber\u00edas\u00a0 - distribuci\u00f3n ARC\",\"isPartOf\":{\"@id\":\"https:\/\/www.distribucionarc.com\/sl\/#website\"},\"primaryImageOfPage\":{\"@id\":\"https:\/\/www.distribucionarc.com\/sl\/producto\/sonda-con-camara-inspeccion-de-tuberias\/#primaryimage\"},\"image\":{\"@id\":\"https:\/\/www.distribucionarc.com\/sl\/producto\/sonda-con-camara-inspeccion-de-tuberias\/#primaryimage\"},\"thumbnailUrl\":\"https:\/\/distribucionarc.com\/wp-content\/uploads\/2020\/08\/Sonda-con-c\u00e1mara-inspecci\u00f3n-de-tuber\u00edas-2.jpg\",\"datePublished\":\"2020-08-20T15:47:46+00:00\",\"dateModified\":\"2020-10-01T09:35:32+00:00\",\"breadcrumb\":{\"@id\":\"https:\/\/www.distribucionarc.com\/sl\/producto\/sonda-con-camara-inspeccion-de-tuberias\/#breadcrumb\"},\"inLanguage\":\"de\",\"potentialAction\":[{\"@type\":\"ReadAction\",\"target\":[\"https:\/\/www.distribucionarc.com\/sl\/producto\/sonda-con-camara-inspeccion-de-tuberias\/\"]}]},{\"@type\":\"ImageObject\",\"inLanguage\":\"de\",\"@id\":\"https:\/\/www.distribucionarc.com\/sl\/producto\/sonda-con-camara-inspeccion-de-tuberias\/#primaryimage\",\"url\":\"https:\/\/distribucionarc.com\/wp-content\/uploads\/2020\/08\/Sonda-con-c\u00e1mara-inspecci\u00f3n-de-tuber\u00edas-2.jpg\",\"contentUrl\":\"https:\/\/distribucionarc.com\/wp-content\/uploads\/2020\/08\/Sonda-con-c\u00e1mara-inspecci\u00f3n-de-tuber\u00edas-2.jpg\",\"width\":1001,\"height\":1001,\"caption\":\"Sonda con c\u00e1mara, inspecci\u00f3n de tuber\u00edas\u00a0\"},{\"@type\":\"BreadcrumbList\",\"@id\":\"https:\/\/www.distribucionarc.com\/sl\/producto\/sonda-con-camara-inspeccion-de-tuberias\/#breadcrumb\",\"itemListElement\":[{\"@type\":\"ListItem\",\"position\":1,\"name\":\"Portada\",\"item\":\"https:\/\/www.distribucionarc.com\/\"},{\"@type\":\"ListItem\",\"position\":2,\"name\":\"\u00dcr\u00fcnler\",\"item\":\"https:\/\/www.distribucionarc.com\/tr\/magaza\/\"},{\"@type\":\"ListItem\",\"position\":3,\"name\":\"Sonda con c\u00e1mara, inspecci\u00f3n de tuber\u00edas\u00a0\"}]},{\"@type\":\"WebSite\",\"@id\":\"https:\/\/www.distribucionarc.com\/sl\/#website\",\"url\":\"https:\/\/www.distribucionarc.com\/sl\/\",\"name\":\"distribuci\u00f3n ARC\",\"description\":\"Empresa especializada en la fabricaci\u00f3n y distribuci\u00f3n de maquinaria industrial, selladoras de latas, Maquinas de hacer pastillas, Maquinas de cortar carne...\",\"publisher\":{\"@id\":\"https:\/\/www.distribucionarc.com\/sl\/#organization\"},\"potentialAction\":[{\"@type\":\"SearchAction\",\"target\":{\"@type\":\"EntryPoint\",\"urlTemplate\":\"https:\/\/www.distribucionarc.com\/sl\/?s={search_term_string}\"},\"query-input\":{\"@type\":\"PropertyValueSpecification\",\"valueRequired\":true,\"valueName\":\"search_term_string\"}}],\"inLanguage\":\"de\"},{\"@type\":\"Organization\",\"@id\":\"https:\/\/www.distribucionarc.com\/sl\/#organization\",\"name\":\"Distribuci\u00f3n ARC\",\"url\":\"https:\/\/www.distribucionarc.com\/sl\/\",\"logo\":{\"@type\":\"ImageObject\",\"inLanguage\":\"de\",\"@id\":\"https:\/\/www.distribucionarc.com\/sl\/#\/schema\/logo\/image\/\",\"url\":\"https:\/\/distribucionarc.com\/wp-content\/uploads\/2024\/10\/distribucion-ARC-COLOR-SIN-FONDO-e1732295305345.png\",\"contentUrl\":\"https:\/\/distribucionarc.com\/wp-content\/uploads\/2024\/10\/distribucion-ARC-COLOR-SIN-FONDO-e1732295305345.png\",\"width\":1164,\"height\":558,\"caption\":\"Distribuci\u00f3n ARC\"},\"image\":{\"@id\":\"https:\/\/www.distribucionarc.com\/sl\/#\/schema\/logo\/image\/\"},\"description\":\"Empresa especializada en la fabricaci\u00f3n y distribuci\u00f3n de maquinaria industrial para los sectores alimentario y farmac\u00e9utico. Nos especializamos en: M\u00e1quinas de cortar carne Fabricaci\u00f3n de comprimidos Sistemas de transporte industrial L\u00edneas de embotellado Dosificadores Y mucho m\u00e1s... Ofrecemos soluciones innovadoras y personalizadas para optimizar los procesos productivos de tu empresa.\",\"email\":\"Admistracion@distribucionarc.com\",\"telephone\":\"+34 643496664\",\"legalName\":\"ARC TECH SOLUTIONS\",\"foundingDate\":\"2024-04-09\",\"vatID\":\"B55480172\",\"numberOfEmployees\":{\"@type\":\"QuantitativeValue\",\"minValue\":\"1\",\"maxValue\":\"10\"}}]}<\/script>\n<!-- \/ Yoast SEO Premium plugin. -->","yoast_head_json":{"title":"Kamerasonde, Rohrinspektion - ARC distribution","robots":{"index":"index","follow":"follow","max-snippet":"max-snippet:-1","max-image-preview":"max-image-preview:large","max-video-preview":"max-video-preview:-1"},"canonical":"https:\/\/www.distribucionarc.com\/sl\/producto\/sonda-con-camara-inspeccion-de-tuberias\/","og_locale":"de_DE","og_type":"article","og_title":"Sonda con c\u00e1mara, inspecci\u00f3n de tuber\u00edas\u00a0","og_description":"Sonda con c\u00e1mara, inspecci\u00f3n de tuber\u00edas\u00a0 La c\u00e1mara de inspecci\u00f3n de tuber\u00edas ARC combina una sonda con una c\u00e1mara en la punta acompa\u00f1ada de un monitor LCD de 7 pulgadas para ver el \u00e1rea de inspecci\u00f3n de dif\u00edcil acceso. El equipaje de cuero de lujo proporciona una visi\u00f3n clara en la inspecci\u00f3n al aire libre y protecci\u00f3n adicional para el monitor. Viene con una caja totalmente acolchada que almacena todos los kits para facilitar el transporte y el uso.\u00a0 Elimina las necesidad de desgarramiento de paneles de yeso para localizar fugas y ayuda a resolver problemas de tuber\u00edas. Garant\u00eda\u00a0ARC 2 A\u00d1OS Duraci\u00f3n de la bater\u00eda 8h soporte t\u00e9cnico incluido","og_url":"https:\/\/www.distribucionarc.com\/sl\/producto\/sonda-con-camara-inspeccion-de-tuberias\/","og_site_name":"distribuci\u00f3n ARC","article_modified_time":"2020-10-01T09:35:32+00:00","og_image":[{"width":1001,"height":1001,"url":"https:\/\/distribucionarc.com\/wp-content\/uploads\/2020\/08\/Sonda-con-c\u00e1mara-inspecci\u00f3n-de-tuber\u00edas-2.jpg","type":"image\/jpeg"}],"twitter_card":"summary_large_image","twitter_misc":{"Gesch\u00e4tzte Lesezeit":"1\u00a0Minute"},"schema":{"@context":"https:\/\/schema.org","@graph":[{"@type":"WebPage","@id":"https:\/\/www.distribucionarc.com\/sl\/producto\/sonda-con-camara-inspeccion-de-tuberias\/","url":"https:\/\/www.distribucionarc.com\/sl\/producto\/sonda-con-camara-inspeccion-de-tuberias\/","name":"Kamerasonde, Rohrinspektion - ARC distribution","isPartOf":{"@id":"https:\/\/www.distribucionarc.com\/sl\/#website"},"primaryImageOfPage":{"@id":"https:\/\/www.distribucionarc.com\/sl\/producto\/sonda-con-camara-inspeccion-de-tuberias\/#primaryimage"},"image":{"@id":"https:\/\/www.distribucionarc.com\/sl\/producto\/sonda-con-camara-inspeccion-de-tuberias\/#primaryimage"},"thumbnailUrl":"https:\/\/distribucionarc.com\/wp-content\/uploads\/2020\/08\/Sonda-con-c\u00e1mara-inspecci\u00f3n-de-tuber\u00edas-2.jpg","datePublished":"2020-08-20T15:47:46+00:00","dateModified":"2020-10-01T09:35:32+00:00","breadcrumb":{"@id":"https:\/\/www.distribucionarc.com\/sl\/producto\/sonda-con-camara-inspeccion-de-tuberias\/#breadcrumb"},"inLanguage":"de","potentialAction":[{"@type":"ReadAction","target":["https:\/\/www.distribucionarc.com\/sl\/producto\/sonda-con-camara-inspeccion-de-tuberias\/"]}]},{"@type":"ImageObject","inLanguage":"de","@id":"https:\/\/www.distribucionarc.com\/sl\/producto\/sonda-con-camara-inspeccion-de-tuberias\/#primaryimage","url":"https:\/\/distribucionarc.com\/wp-content\/uploads\/2020\/08\/Sonda-con-c\u00e1mara-inspecci\u00f3n-de-tuber\u00edas-2.jpg","contentUrl":"https:\/\/distribucionarc.com\/wp-content\/uploads\/2020\/08\/Sonda-con-c\u00e1mara-inspecci\u00f3n-de-tuber\u00edas-2.jpg","width":1001,"height":1001,"caption":"Sonda con c\u00e1mara, inspecci\u00f3n de tuber\u00edas\u00a0"},{"@type":"BreadcrumbList","@id":"https:\/\/www.distribucionarc.com\/sl\/producto\/sonda-con-camara-inspeccion-de-tuberias\/#breadcrumb","itemListElement":[{"@type":"ListItem","position":1,"name":"Portada","item":"https:\/\/www.distribucionarc.com\/"},{"@type":"ListItem","position":2,"name":"\u00dcr\u00fcnler","item":"https:\/\/www.distribucionarc.com\/tr\/magaza\/"},{"@type":"ListItem","position":3,"name":"Sonda con c\u00e1mara, inspecci\u00f3n de tuber\u00edas\u00a0"}]},{"@type":"WebSite","@id":"https:\/\/www.distribucionarc.com\/sl\/#website","url":"https:\/\/www.distribucionarc.com\/sl\/","name":"ARC-Verteilung","description":"Das Unternehmen ist auf die Herstellung und den Vertrieb von Industriemaschinen, Dosenverschlie\u00dfmaschinen, Tablettenmaschinen, Fleischschneidemaschinen...","publisher":{"@id":"https:\/\/www.distribucionarc.com\/sl\/#organization"},"potentialAction":[{"@type":"SearchAction","target":{"@type":"EntryPoint","urlTemplate":"https:\/\/www.distribucionarc.com\/sl\/?s={search_term_string}"},"query-input":{"@type":"PropertyValueSpecification","valueRequired":true,"valueName":"search_term_string"}}],"inLanguage":"de"},{"@type":"Organization","@id":"https:\/\/www.distribucionarc.com\/sl\/#organization","name":"ARC-Verteilung","url":"https:\/\/www.distribucionarc.com\/sl\/","logo":{"@type":"ImageObject","inLanguage":"de","@id":"https:\/\/www.distribucionarc.com\/sl\/#\/schema\/logo\/image\/","url":"https:\/\/distribucionarc.com\/wp-content\/uploads\/2024\/10\/distribucion-ARC-COLOR-SIN-FONDO-e1732295305345.png","contentUrl":"https:\/\/distribucionarc.com\/wp-content\/uploads\/2024\/10\/distribucion-ARC-COLOR-SIN-FONDO-e1732295305345.png","width":1164,"height":558,"caption":"Distribuci\u00f3n ARC"},"image":{"@id":"https:\/\/www.distribucionarc.com\/sl\/#\/schema\/logo\/image\/"},"description":"Unternehmen, das auf die Herstellung und den Vertrieb von Industriemaschinen f\u00fcr den Lebensmittel- und Pharmasektor spezialisiert ist. Wir sind spezialisiert auf: Fleischschneidemaschinen Tablettenherstellung Industrielle F\u00f6rdersysteme Abf\u00fcllanlagen Dispenser Und vieles mehr... Wir bieten innovative und ma\u00dfgeschneiderte L\u00f6sungen zur Optimierung der Produktionsprozesse in Ihrem Unternehmen.","email":"Admistracion@distribucionarc.com","telephone":"+34 643496664","legalName":"ARC TECH SOLUTIONS","foundingDate":"2024-04-09","vatID":"B55480172","numberOfEmployees":{"@type":"QuantitativeValue","minValue":"1","maxValue":"10"}}]}},"_links":{"self":[{"href":"https:\/\/distribucionarc.com\/de\/wp-json\/wp\/v2\/product\/2698","targetHints":{"allow":["GET"]}}],"collection":[{"href":"https:\/\/distribucionarc.com\/de\/wp-json\/wp\/v2\/product"}],"about":[{"href":"https:\/\/distribucionarc.com\/de\/wp-json\/wp\/v2\/types\/product"}],"replies":[{"embeddable":true,"href":"https:\/\/distribucionarc.com\/de\/wp-json\/wp\/v2\/comments?post=2698"}],"version-history":[{"count":0,"href":"https:\/\/distribucionarc.com\/de\/wp-json\/wp\/v2\/product\/2698\/revisions"}],"wp:featuredmedia":[{"embeddable":true,"href":"https:\/\/distribucionarc.com\/de\/wp-json\/wp\/v2\/media\/2700"}],"wp:attachment":[{"href":"https:\/\/distribucionarc.com\/de\/wp-json\/wp\/v2\/media?parent=2698"}],"wp:term":[{"taxonomy":"product_brand","embeddable":true,"href":"https:\/\/distribucionarc.com\/de\/wp-json\/wp\/v2\/product_brand?post=2698"},{"taxonomy":"product_cat","embeddable":true,"href":"https:\/\/distribucionarc.com\/de\/wp-json\/wp\/v2\/product_cat?post=2698"},{"taxonomy":"product_tag","embeddable":true,"href":"https:\/\/distribucionarc.com\/de\/wp-json\/wp\/v2\/product_tag?post=2698"}],"curies":[{"name":"wp","href":"https:\/\/api.w.org\/{rel}","templated":true}]}}