{"id":2708,"date":"2020-08-20T16:39:22","date_gmt":"2020-08-20T16:39:22","guid":{"rendered":"https:\/\/distribucionarc.com\/?post_type=product&#038;p=2708"},"modified":"2020-10-01T09:49:43","modified_gmt":"2020-10-01T09:49:43","slug":"maschine-zur-beschriftung-auf-ringen","status":"publish","type":"product","link":"https:\/\/distribucionarc.com\/de\/producto\/maquina-para-inscripciones-en-anillos\/","title":{"rendered":"Ringbeschriftungsmaschine"},"content":{"rendered":"<h3>Ringbeschriftungsmaschine<\/h3>\n<p><strong>Professioneller Innenringgraveur <span style=\"color: #ff0000;\">ZU<\/span><span style=\"color: #0000ff;\">R<\/span>C<\/strong>, mit Standard-Buchstabenmarkierung. Gravieren Sie funkelnde Initialen, Daten oder S\u00e4tze auf der Innenseite fast aller Ringe. Es eignet sich f\u00fcr verschiedene Ringformen mit unterschiedlichen Durchmessern und St\u00e4rken.<\/p>\n<p>Die Kugel hat einen Durchmesser von ca. 12,5 cm. Es verf\u00fcgt \u00fcber ein doppelseitiges Blockbuchstaben-Zifferblatt mit Blockbuchstaben und Zahlen. Dank der Diamantspitze sind Beschriftungen kein Problem. Plus automatische Buchstabenzentrierung, einheitlicher Zeichenabstand und einheitliche Gravurtiefe.<\/p>\n<p>Mit diesem praktischen <strong>Ringgraveur<span style=\"color: #ff0000;\"> ZU<\/span><span style=\"color: #0000ff;\">R<\/span>CGPA1<\/strong> Im Inneren k\u00f6nnen Sie Ihre Kunden mit sofortiger Freude \u00fcberraschen und jeden Ring in ein personalisiertes Andenken verwandeln, indem Sie Namen, Initialen, Gedenkdaten, eine kurze Nachricht usw. eingravieren.<\/p>\n<h6><\/h6>\n<h6><strong>Garantie<span style=\"color: #ff0000;\">\u00a0<\/span><\/strong><span style=\"color: #ff0000;\"><strong>ZU<\/strong><\/span><span style=\"color: #0000ff;\"><strong>R<\/strong><\/span><strong>C 2 JAHRE<\/strong><\/h6>\n<h6><strong>Technischer Support inklusive<\/strong><\/h6>\n<p>&nbsp;<\/p>\n<table width=\"100%\">\n<tbody>\n<tr>\n<td>Kerl:<\/td>\n<td width=\"50%\">Handbuch<\/td>\n<td colspan=\"2\" width=\"327\"><\/td>\n<\/tr>\n<tr>\n<td>Vertriebsland:<\/td>\n<td width=\"50%\">Spanien, Deutschland, USA<\/td>\n<td>Gewicht:<\/td>\n<td width=\"50%\">6,5 kg<\/td>\n<\/tr>\n<tr>\n<td>Marke:<\/td>\n<td width=\"50%\">BOGEN<\/td>\n<td>H\u00f6he:<\/td>\n<td width=\"50%\">45cm<\/td>\n<\/tr>\n<tr>\n<td>Farbe:<\/td>\n<td width=\"50%\">Silber<\/td>\n<td>Lang:<\/td>\n<td width=\"50%\">\u00a025cm<\/td>\n<\/tr>\n<tr>\n<td>Produkttyp:<\/td>\n<td width=\"50%\">Ringgraveur<\/td>\n<td>Breit:<\/td>\n<td width=\"50%\">23cm<\/td>\n<\/tr>\n<tr>\n<td>Herstellernummer:<\/td>\n<td width=\"50%\">ARCGPA1<\/td>\n<td>Drehwinkel:<\/td>\n<td width=\"50%\">360\u00ba<\/td>\n<\/tr>\n<tr>\n<td>Material:<\/td>\n<td width=\"50%\">\u00a0Edelstahl, Diamantspitze<\/td>\n<td>Eintragsgr\u00f6\u00dfe:<\/td>\n<td width=\"50%\">8,6x8,6cm<\/td>\n<\/tr>\n<tr>\n<td>Garantie:<\/td>\n<td width=\"50%\">2 JAHRE<\/td>\n<td>Kugeldurchmesser:<\/td>\n<td width=\"50%\">12,5 cm<\/td>\n<\/tr>\n<tr>\n<td>Installationswerkzeuge:<\/td>\n<td width=\"50%\">Ja<\/td>\n<td>Das Paket beinhaltet:<\/td>\n<td width=\"50%\">1 x Innenring-Graviermaschine<br \/>\n1 x doppelseitiges Zifferblatt<\/td>\n<\/tr>\n<\/tbody>\n<\/table>","protected":false},"excerpt":{"rendered":"<h2>Ringbeschriftungsmaschine<\/h2>\n<p>Das <strong>Graviermaschine <span style=\"color: #ff0000;\">ZU<\/span><span style=\"color: #0000ff;\">R<\/span>C<\/strong> Graviert professionell Gold, Silber und andere Materialien und passt zu schmalen, breiten und gefassten Ringen. Mit einem <strong>Diamant-Bleistiftspitze<\/strong> was eine klare Gravur und automatische Zentrierung gew\u00e4hrleistet<\/p>\n<p>Es ist konzipiert f\u00fcr a <strong>schnelle und einfache Gravur<\/strong> auf der Innenseite mehrerer Ringe, praktisch nicht von einer Handgravur zu unterscheiden. Das automatische Getriebe erm\u00f6glicht, dass sich das Spannfutter nach der Gravur jedes Zeichens weiter dreht. Die doppelseitige Gravurkugel erm\u00f6glicht die Gravur auf nahezu allen Ringtypen mit unterschiedlichen H\u00f6hen und St\u00e4rken.<\/p>\n<h6><strong>Garantie<span style=\"color: #ff0000;\">\u00a0<\/span><\/strong><span style=\"color: #ff0000;\"><strong>ZU<\/strong><\/span><span style=\"color: #0000ff;\"><strong>R<\/strong><\/span><strong>C 2 JAHRE<\/strong><\/h6>\n<h6><strong>Technischer Support inklusive<\/strong><\/h6>","protected":false},"featured_media":2715,"comment_status":"open","ping_status":"closed","template":"","meta":{"wds_primary_product_brand":0,"wds_primary_product_cat":0},"product_brand":[],"product_cat":[69,70],"product_tag":[],"class_list":{"0":"post-2708","1":"product","2":"type-product","3":"status-publish","4":"has-post-thumbnail","6":"product_cat-maquinas-variadas","7":"product_cat-talladoras-marcadoras-de-metal-grabadoras-laser","8":"product_shipping_class-express","10":"first","11":"instock","12":"sale","13":"taxable","14":"shipping-taxable","15":"purchasable","16":"product-type-simple"},"yoast_head":"<!-- This site is optimized with the Yoast SEO Premium plugin v24.9 (Yoast SEO v26.1) - https:\/\/yoast.com\/wordpress\/plugins\/seo\/ -->\n<title>Maquina para inscripciones en anillos - distribuci\u00f3n ARC<\/title>\n<meta name=\"robots\" content=\"index, follow, max-snippet:-1, max-image-preview:large, max-video-preview:-1\" \/>\n<link rel=\"canonical\" href=\"https:\/\/www.distribucionarc.com\/sl\/producto\/maquina-para-inscripciones-en-anillos\/\" \/>\n<meta property=\"og:locale\" content=\"de_DE\" \/>\n<meta property=\"og:type\" content=\"article\" \/>\n<meta property=\"og:title\" content=\"Maquina para inscripciones en anillos\" \/>\n<meta property=\"og:description\" content=\"Maquina para inscripciones en anillos Esta m\u00e1quina de grabado ARC graba profesionalmente oro, plata y otros materiales y se adapta con anillos estrechos, anchos y de conjunto. Con una punta de l\u00e1piz de diamante que asegura el grabado claro y el centrado autom\u00e1tico  Est\u00e1 dise\u00f1ado para un grabado r\u00e1pido y sencillo en el interior de varios anillos, pr\u00e1cticamente indistinguible del grabado a mano. La transmisi\u00f3n autom\u00e1tica de engranajes permite que el portabrocas siga girando despu\u00e9s de grabar cada car\u00e1cter. La esfera de grabado de doble cara permite grabar en casi todo tipo de anillos con diferentes alturas y espesores. Garant\u00eda\u00a0ARC 2 A\u00d1OS soporte t\u00e9cnico\u00a0incluido\" \/>\n<meta property=\"og:url\" content=\"https:\/\/www.distribucionarc.com\/sl\/producto\/maquina-para-inscripciones-en-anillos\/\" \/>\n<meta property=\"og:site_name\" content=\"distribuci\u00f3n ARC\" \/>\n<meta property=\"article:modified_time\" content=\"2020-10-01T09:49:43+00:00\" \/>\n<meta property=\"og:image\" content=\"https:\/\/distribucionarc.com\/wp-content\/uploads\/2020\/08\/M\u00e1quina-para-inscripciones-en-anillos-0.jpg\" \/>\n\t<meta property=\"og:image:width\" content=\"1001\" \/>\n\t<meta property=\"og:image:height\" content=\"1001\" \/>\n\t<meta property=\"og:image:type\" content=\"image\/jpeg\" \/>\n<meta name=\"twitter:card\" content=\"summary_large_image\" \/>\n<meta name=\"twitter:label1\" content=\"Gesch\u00e4tzte Lesezeit\" \/>\n\t<meta name=\"twitter:data1\" content=\"1\u00a0Minute\" \/>\n<script type=\"application\/ld+json\" class=\"yoast-schema-graph\">{\"@context\":\"https:\/\/schema.org\",\"@graph\":[{\"@type\":\"WebPage\",\"@id\":\"https:\/\/www.distribucionarc.com\/sl\/producto\/maquina-para-inscripciones-en-anillos\/\",\"url\":\"https:\/\/www.distribucionarc.com\/sl\/producto\/maquina-para-inscripciones-en-anillos\/\",\"name\":\"Maquina para inscripciones en anillos - distribuci\u00f3n ARC\",\"isPartOf\":{\"@id\":\"https:\/\/distribucionarc.com\/ro\/#website\"},\"primaryImageOfPage\":{\"@id\":\"https:\/\/www.distribucionarc.com\/sl\/producto\/maquina-para-inscripciones-en-anillos\/#primaryimage\"},\"image\":{\"@id\":\"https:\/\/www.distribucionarc.com\/sl\/producto\/maquina-para-inscripciones-en-anillos\/#primaryimage\"},\"thumbnailUrl\":\"https:\/\/distribucionarc.com\/wp-content\/uploads\/2020\/08\/M\u00e1quina-para-inscripciones-en-anillos-0.jpg\",\"datePublished\":\"2020-08-20T16:39:22+00:00\",\"dateModified\":\"2020-10-01T09:49:43+00:00\",\"breadcrumb\":{\"@id\":\"https:\/\/www.distribucionarc.com\/sl\/producto\/maquina-para-inscripciones-en-anillos\/#breadcrumb\"},\"inLanguage\":\"de\",\"potentialAction\":[{\"@type\":\"ReadAction\",\"target\":[\"https:\/\/www.distribucionarc.com\/sl\/producto\/maquina-para-inscripciones-en-anillos\/\"]}]},{\"@type\":\"ImageObject\",\"inLanguage\":\"de\",\"@id\":\"https:\/\/www.distribucionarc.com\/sl\/producto\/maquina-para-inscripciones-en-anillos\/#primaryimage\",\"url\":\"https:\/\/distribucionarc.com\/wp-content\/uploads\/2020\/08\/M\u00e1quina-para-inscripciones-en-anillos-0.jpg\",\"contentUrl\":\"https:\/\/distribucionarc.com\/wp-content\/uploads\/2020\/08\/M\u00e1quina-para-inscripciones-en-anillos-0.jpg\",\"width\":1001,\"height\":1001,\"caption\":\"Maquina para inscripciones en anillos\"},{\"@type\":\"BreadcrumbList\",\"@id\":\"https:\/\/www.distribucionarc.com\/sl\/producto\/maquina-para-inscripciones-en-anillos\/#breadcrumb\",\"itemListElement\":[{\"@type\":\"ListItem\",\"position\":1,\"name\":\"Portada\",\"item\":\"https:\/\/distribucionarc.com\/ar\/\"},{\"@type\":\"ListItem\",\"position\":2,\"name\":\"Proizvodi\",\"item\":\"https:\/\/www.distribucionarc.com\/hr\/ducan\/\"},{\"@type\":\"ListItem\",\"position\":3,\"name\":\"Maquina para inscripciones en anillos\"}]},{\"@type\":\"WebSite\",\"@id\":\"https:\/\/distribucionarc.com\/ro\/#website\",\"url\":\"https:\/\/distribucionarc.com\/ro\/\",\"name\":\"distribuci\u00f3n ARC\",\"description\":\"Empresa especializada en la fabricaci\u00f3n y distribuci\u00f3n de maquinaria industrial, selladoras de latas, Maquinas de hacer pastillas, Maquinas de cortar carne...\",\"publisher\":{\"@id\":\"https:\/\/distribucionarc.com\/ro\/#organization\"},\"potentialAction\":[{\"@type\":\"SearchAction\",\"target\":{\"@type\":\"EntryPoint\",\"urlTemplate\":\"https:\/\/distribucionarc.com\/ro\/?s={search_term_string}\"},\"query-input\":{\"@type\":\"PropertyValueSpecification\",\"valueRequired\":true,\"valueName\":\"search_term_string\"}}],\"inLanguage\":\"de\"},{\"@type\":\"Organization\",\"@id\":\"https:\/\/distribucionarc.com\/ro\/#organization\",\"name\":\"Distribuci\u00f3n ARC\",\"url\":\"https:\/\/distribucionarc.com\/ro\/\",\"logo\":{\"@type\":\"ImageObject\",\"inLanguage\":\"de\",\"@id\":\"https:\/\/distribucionarc.com\/ro\/#\/schema\/logo\/image\/\",\"url\":\"https:\/\/distribucionarc.com\/wp-content\/uploads\/2024\/10\/distribucion-ARC-COLOR-SIN-FONDO-e1732295305345.png\",\"contentUrl\":\"https:\/\/distribucionarc.com\/wp-content\/uploads\/2024\/10\/distribucion-ARC-COLOR-SIN-FONDO-e1732295305345.png\",\"width\":1164,\"height\":558,\"caption\":\"Distribuci\u00f3n ARC\"},\"image\":{\"@id\":\"https:\/\/distribucionarc.com\/ro\/#\/schema\/logo\/image\/\"},\"description\":\"Empresa especializada en la fabricaci\u00f3n y distribuci\u00f3n de maquinaria industrial para los sectores alimentario y farmac\u00e9utico. Nos especializamos en: M\u00e1quinas de cortar carne Fabricaci\u00f3n de comprimidos Sistemas de transporte industrial L\u00edneas de embotellado Dosificadores Y mucho m\u00e1s... Ofrecemos soluciones innovadoras y personalizadas para optimizar los procesos productivos de tu empresa.\",\"email\":\"Admistracion@distribucionarc.com\",\"telephone\":\"+34 643496664\",\"legalName\":\"ARC TECH SOLUTIONS\",\"foundingDate\":\"2024-04-09\",\"vatID\":\"B55480172\",\"numberOfEmployees\":{\"@type\":\"QuantitativeValue\",\"minValue\":\"1\",\"maxValue\":\"10\"}}]}<\/script>\n<!-- \/ Yoast SEO Premium plugin. -->","yoast_head_json":{"title":"Ringbeschriftungsmaschine - ARC-Verteilung","robots":{"index":"index","follow":"follow","max-snippet":"max-snippet:-1","max-image-preview":"max-image-preview:large","max-video-preview":"max-video-preview:-1"},"canonical":"https:\/\/www.distribucionarc.com\/sl\/producto\/maquina-para-inscripciones-en-anillos\/","og_locale":"de_DE","og_type":"article","og_title":"Maquina para inscripciones en anillos","og_description":"Maquina para inscripciones en anillos Esta m\u00e1quina de grabado ARC graba profesionalmente oro, plata y otros materiales y se adapta con anillos estrechos, anchos y de conjunto. Con una punta de l\u00e1piz de diamante que asegura el grabado claro y el centrado autom\u00e1tico  Est\u00e1 dise\u00f1ado para un grabado r\u00e1pido y sencillo en el interior de varios anillos, pr\u00e1cticamente indistinguible del grabado a mano. La transmisi\u00f3n autom\u00e1tica de engranajes permite que el portabrocas siga girando despu\u00e9s de grabar cada car\u00e1cter. La esfera de grabado de doble cara permite grabar en casi todo tipo de anillos con diferentes alturas y espesores. Garant\u00eda\u00a0ARC 2 A\u00d1OS soporte t\u00e9cnico\u00a0incluido","og_url":"https:\/\/www.distribucionarc.com\/sl\/producto\/maquina-para-inscripciones-en-anillos\/","og_site_name":"distribuci\u00f3n ARC","article_modified_time":"2020-10-01T09:49:43+00:00","og_image":[{"width":1001,"height":1001,"url":"https:\/\/distribucionarc.com\/wp-content\/uploads\/2020\/08\/M\u00e1quina-para-inscripciones-en-anillos-0.jpg","type":"image\/jpeg"}],"twitter_card":"summary_large_image","twitter_misc":{"Gesch\u00e4tzte Lesezeit":"1\u00a0Minute"},"schema":{"@context":"https:\/\/schema.org","@graph":[{"@type":"WebPage","@id":"https:\/\/www.distribucionarc.com\/sl\/producto\/maquina-para-inscripciones-en-anillos\/","url":"https:\/\/www.distribucionarc.com\/sl\/producto\/maquina-para-inscripciones-en-anillos\/","name":"Ringbeschriftungsmaschine - ARC-Verteilung","isPartOf":{"@id":"https:\/\/distribucionarc.com\/ro\/#website"},"primaryImageOfPage":{"@id":"https:\/\/www.distribucionarc.com\/sl\/producto\/maquina-para-inscripciones-en-anillos\/#primaryimage"},"image":{"@id":"https:\/\/www.distribucionarc.com\/sl\/producto\/maquina-para-inscripciones-en-anillos\/#primaryimage"},"thumbnailUrl":"https:\/\/distribucionarc.com\/wp-content\/uploads\/2020\/08\/M\u00e1quina-para-inscripciones-en-anillos-0.jpg","datePublished":"2020-08-20T16:39:22+00:00","dateModified":"2020-10-01T09:49:43+00:00","breadcrumb":{"@id":"https:\/\/www.distribucionarc.com\/sl\/producto\/maquina-para-inscripciones-en-anillos\/#breadcrumb"},"inLanguage":"de","potentialAction":[{"@type":"ReadAction","target":["https:\/\/www.distribucionarc.com\/sl\/producto\/maquina-para-inscripciones-en-anillos\/"]}]},{"@type":"ImageObject","inLanguage":"de","@id":"https:\/\/www.distribucionarc.com\/sl\/producto\/maquina-para-inscripciones-en-anillos\/#primaryimage","url":"https:\/\/distribucionarc.com\/wp-content\/uploads\/2020\/08\/M\u00e1quina-para-inscripciones-en-anillos-0.jpg","contentUrl":"https:\/\/distribucionarc.com\/wp-content\/uploads\/2020\/08\/M\u00e1quina-para-inscripciones-en-anillos-0.jpg","width":1001,"height":1001,"caption":"Maquina para inscripciones en anillos"},{"@type":"BreadcrumbList","@id":"https:\/\/www.distribucionarc.com\/sl\/producto\/maquina-para-inscripciones-en-anillos\/#breadcrumb","itemListElement":[{"@type":"ListItem","position":1,"name":"Portada","item":"https:\/\/distribucionarc.com\/ar\/"},{"@type":"ListItem","position":2,"name":"Proizvodi","item":"https:\/\/www.distribucionarc.com\/hr\/ducan\/"},{"@type":"ListItem","position":3,"name":"Maquina para inscripciones en anillos"}]},{"@type":"WebSite","@id":"https:\/\/distribucionarc.com\/ro\/#website","url":"https:\/\/distribucionarc.com\/ro\/","name":"ARC-Verteilung","description":"Das Unternehmen ist auf die Herstellung und den Vertrieb von Industriemaschinen, Dosenverschlie\u00dfmaschinen, Tablettenmaschinen, Fleischschneidemaschinen...","publisher":{"@id":"https:\/\/distribucionarc.com\/ro\/#organization"},"potentialAction":[{"@type":"SearchAction","target":{"@type":"EntryPoint","urlTemplate":"https:\/\/distribucionarc.com\/ro\/?s={search_term_string}"},"query-input":{"@type":"PropertyValueSpecification","valueRequired":true,"valueName":"search_term_string"}}],"inLanguage":"de"},{"@type":"Organization","@id":"https:\/\/distribucionarc.com\/ro\/#organization","name":"ARC-Verteilung","url":"https:\/\/distribucionarc.com\/ro\/","logo":{"@type":"ImageObject","inLanguage":"de","@id":"https:\/\/distribucionarc.com\/ro\/#\/schema\/logo\/image\/","url":"https:\/\/distribucionarc.com\/wp-content\/uploads\/2024\/10\/distribucion-ARC-COLOR-SIN-FONDO-e1732295305345.png","contentUrl":"https:\/\/distribucionarc.com\/wp-content\/uploads\/2024\/10\/distribucion-ARC-COLOR-SIN-FONDO-e1732295305345.png","width":1164,"height":558,"caption":"Distribuci\u00f3n ARC"},"image":{"@id":"https:\/\/distribucionarc.com\/ro\/#\/schema\/logo\/image\/"},"description":"Unternehmen, das auf die Herstellung und den Vertrieb von Industriemaschinen f\u00fcr den Lebensmittel- und Pharmasektor spezialisiert ist. Wir sind spezialisiert auf: Fleischschneidemaschinen Tablettenherstellung Industrielle F\u00f6rdersysteme Abf\u00fcllanlagen Dispenser Und vieles mehr... Wir bieten innovative und ma\u00dfgeschneiderte L\u00f6sungen zur Optimierung der Produktionsprozesse in Ihrem Unternehmen.","email":"Admistracion@distribucionarc.com","telephone":"+34 643496664","legalName":"ARC TECH SOLUTIONS","foundingDate":"2024-04-09","vatID":"B55480172","numberOfEmployees":{"@type":"QuantitativeValue","minValue":"1","maxValue":"10"}}]}},"_links":{"self":[{"href":"https:\/\/distribucionarc.com\/de\/wp-json\/wp\/v2\/product\/2708","targetHints":{"allow":["GET"]}}],"collection":[{"href":"https:\/\/distribucionarc.com\/de\/wp-json\/wp\/v2\/product"}],"about":[{"href":"https:\/\/distribucionarc.com\/de\/wp-json\/wp\/v2\/types\/product"}],"replies":[{"embeddable":true,"href":"https:\/\/distribucionarc.com\/de\/wp-json\/wp\/v2\/comments?post=2708"}],"version-history":[{"count":0,"href":"https:\/\/distribucionarc.com\/de\/wp-json\/wp\/v2\/product\/2708\/revisions"}],"wp:featuredmedia":[{"embeddable":true,"href":"https:\/\/distribucionarc.com\/de\/wp-json\/wp\/v2\/media\/2715"}],"wp:attachment":[{"href":"https:\/\/distribucionarc.com\/de\/wp-json\/wp\/v2\/media?parent=2708"}],"wp:term":[{"taxonomy":"product_brand","embeddable":true,"href":"https:\/\/distribucionarc.com\/de\/wp-json\/wp\/v2\/product_brand?post=2708"},{"taxonomy":"product_cat","embeddable":true,"href":"https:\/\/distribucionarc.com\/de\/wp-json\/wp\/v2\/product_cat?post=2708"},{"taxonomy":"product_tag","embeddable":true,"href":"https:\/\/distribucionarc.com\/de\/wp-json\/wp\/v2\/product_tag?post=2708"}],"curies":[{"name":"wp","href":"https:\/\/api.w.org\/{rel}","templated":true}]}}