{"id":2817,"date":"2020-08-24T13:40:48","date_gmt":"2020-08-24T13:40:48","guid":{"rendered":"https:\/\/distribucionarc.com\/?post_type=product&#038;p=2817"},"modified":"2023-02-24T10:45:23","modified_gmt":"2023-02-24T10:45:23","slug":"lebensmittel-vakuumverpackungsmaschine","status":"publish","type":"product","link":"https:\/\/distribucionarc.com\/de\/producto\/maquina-de-sellado-empaquetadora-al-vacio-de-alimentos\/","title":{"rendered":"Siegelmaschine, Vakuumverpackungsmaschine f\u00fcr Lebensmittel"},"content":{"rendered":"<h3>Siegelmaschine, Vakuumverpackungsmaschine f\u00fcr Lebensmittel<\/h3>\n<p>Das<strong> automatisches Vakuumierger\u00e4t <span style=\"color: #ff0000;\">ZU<\/span><span style=\"color: #0000ff;\">R<\/span>C<\/strong> Es verf\u00fcgt \u00fcber eine 800-W-Vakuumpumpe, hochwertige elektrische Komponenten und eine hervorragende Dichtwirkung<span style=\"color: #000000;\"> <strong>hohe Verpackungsgeschwindigkeit<\/strong><\/span>, Ist <span style=\"color: #008000;\"><strong>effektiv und effizient<\/strong><\/span>. Ausgestattet mit einer Bel\u00fcftung, die hilft, Luft abzuleiten und W\u00e4rme leichter zu verteilen, ist der Versiegelungsprozess garantiert sicher und erm\u00f6glicht einen schnellen Betrieb.<\/p>\n<p>Zwei Heizsiegelschienen aus importiertem, hochtemperaturbest\u00e4ndigem Epoxidmaterial bieten eine au\u00dfergew\u00f6hnliche Siegelleistung. Dar\u00fcber hinaus sind diese St\u00e4be leicht austauschbar, obwohl ihr hochwertiges Material eine hohe Haltbarkeit gew\u00e4hrleistet. Der klare Bio-Glasdeckel mit Sicherheitsschnalle dient zur Sicherung des Deckels beim Vakuumieren und Verschlie\u00dfen. Benutzer k\u00f6nnen den gesamten Vorgang durch den Deckel beobachten.<\/p>\n<p>Das <strong>Vakuumierer <span style=\"color: #ff0000;\">ZU<\/span><span style=\"color: #0000ff;\">R<\/span>CMSV800<\/strong> Die Steuerung erfolgt \u00fcber einen Mikrocomputer. Die Maschine steuert automatisch den gesamten Prozess, einschlie\u00dflich Staubsaugen, Versiegeln, Drucken, K\u00fchlen und Bel\u00fcften. Es verf\u00fcgt \u00fcber eine Schaltfl\u00e4che \u201eStopp\u201c, falls Sie den Vorgang vollst\u00e4ndig stoppen m\u00fcssen.<\/p>\n<h6><strong>Garantie\u00a0<span style=\"color: #ff0000;\">ZU<\/span><span style=\"color: #0000ff;\">R<\/span>C 2 JAHRE<\/strong><\/h6>\n<h6><span style=\"color: #008000;\">Effizienter Vakuumierer, geringer Verbrauch 800 W<\/span><\/h6>\n<h6><strong>Technischer Support inklusive<\/strong><\/h6>\n<p>&nbsp;<\/p>\n<p>&nbsp;<\/p>\n<table role=\"presentation\" width=\"100%\" cellspacing=\"0\" cellpadding=\"0\">\n<tbody>\n<tr>\n<td class=\"attrLabels\">Garantie:<\/td>\n<td width=\"50.0%\">2 JAHRE<\/td>\n<\/tr>\n<tr>\n<td class=\"attrLabels\">Farbe:<\/td>\n<td width=\"50.0%\">Silber<\/td>\n<td class=\"attrLabels\">H\u00f6he:<\/td>\n<td width=\"50.0%\">96cm<\/td>\n<\/tr>\n<tr>\n<td class=\"attrLabels\">Vertriebsland:<\/td>\n<td width=\"50.0%\">Spanien, Deutschland, USA<\/td>\n<td class=\"attrLabels\">Lang:<\/td>\n<td width=\"50.0%\">54,1 cm<\/td>\n<\/tr>\n<tr>\n<td class=\"attrLabels\">Marke:<\/td>\n<td width=\"50.0%\">BOGEN<\/td>\n<td class=\"attrLabels\">Breit:<\/td>\n<td width=\"50.0%\">\u00a049cm<\/td>\n<\/tr>\n<tr>\n<td class=\"attrLabels\">Produkttyp:<\/td>\n<td width=\"50.0%\">Vakuumierer<\/td>\n<td class=\"attrLabels\">Leistung:<\/td>\n<td width=\"50.0%\">800W<\/td>\n<\/tr>\n<tr>\n<td class=\"attrLabels\">Herstellernummer:<\/td>\n<td width=\"50.0%\">ARCMSV800<\/td>\n<td class=\"attrLabels\">Stromspannung:<\/td>\n<td width=\"50.0%\">220V 50Hz<\/td>\n<\/tr>\n<tr>\n<td class=\"attrLabels\">Material:<\/td>\n<td width=\"50.0%\">Edelstahl 304<\/td>\n<td class=\"attrLabels\">Kameraabmessungen:<\/td>\n<td width=\"50.0%\">39,9 x 39,9 x 11,4 cm<\/td>\n<\/tr>\n<tr>\n<td class=\"attrLabels\">Installationswerkzeuge:<\/td>\n<td width=\"50.0%\">Ja<\/td>\n<td class=\"attrLabels\">Dichtungsgr\u00f6\u00dfe:<\/td>\n<td width=\"50.0%\">39,9 x 1 cm (L x H)<\/td>\n<\/tr>\n<tr>\n<td class=\"attrLabels\">Gewicht:<\/td>\n<td width=\"50.0%\">78kg<\/td>\n<td class=\"attrLabels\">Geschwindigkeit der Vakuumpumpe:<\/td>\n<td width=\"50.0%\">20 m\u00b3\/h (2x 10\u00b2 Pa)<\/td>\n<\/tr>\n<\/tbody>\n<\/table>","protected":false},"excerpt":{"rendered":"<h3>Siegelmaschine, Vakuumverpackungsmaschine f\u00fcr Lebensmittel<\/h3>\n<p>Mit dem <strong>Einkammer-Vakuumverpackungsmaschine <span style=\"color: #ff0000;\">ZU<\/span><span style=\"color: #0000ff;\">R<\/span>C<\/strong> Sie k\u00f6nnen Kunststoff-Verbundfolien oder Kunststoff-Verbundfolien als Verpackungsmaterialien verwenden. Sie eignen sich f\u00fcr Lebensmittel, Medikamente, Wasserprodukte, chemische Rohstoffe, elektronische Komponenten und andere Gegenst\u00e4nde (fest, fl\u00fcssig oder pulverf\u00f6rmig). Unser Produkt ist mit einem transparenten Glasdeckel ausgestattet, sodass Ihnen der Verpackungsprozess vollst\u00e4ndig gezeigt wird. Unser kompaktes Produkt ist definitiv Ihre beste Wahl.<\/p>\n<h6><strong>Garantie\u00a0<span style=\"color: #ff0000;\">ZU<\/span><span style=\"color: #0000ff;\">R<\/span>C 2 JAHRE<\/strong><\/h6>\n<h6><span style=\"color: #008000;\">Effiziente, verbrauchsarme elektrische Knochens\u00e4ge 800 W<\/span><\/h6>\n<h6><strong>Technischer Support inklusive<\/strong><\/h6>","protected":false},"featured_media":2818,"comment_status":"open","ping_status":"closed","template":"","meta":{"wds_primary_product_brand":0,"wds_primary_product_cat":0},"product_brand":[],"product_cat":[49],"product_tag":[],"class_list":{"0":"post-2817","1":"product","2":"type-product","3":"status-publish","4":"has-post-thumbnail","6":"product_cat-envasadoras-al-vacio","7":"product_shipping_class-express","9":"first","10":"instock","11":"sale","12":"taxable","13":"shipping-taxable","14":"purchasable","15":"product-type-simple"},"yoast_head":"<!-- This site is optimized with the Yoast SEO Premium plugin v24.9 (Yoast SEO v26.1) - https:\/\/yoast.com\/wordpress\/plugins\/seo\/ -->\n<title>M\u00e1quina de sellado, empaquetadora al vac\u00edo de alimentos - distribuci\u00f3n ARC<\/title>\n<meta name=\"robots\" content=\"index, follow, max-snippet:-1, max-image-preview:large, max-video-preview:-1\" \/>\n<link rel=\"canonical\" href=\"https:\/\/distribucionarc.com\/de\/produkt-2\/lebensmittel-vakuumverpackungsmaschine\/\" \/>\n<meta property=\"og:locale\" content=\"de_DE\" \/>\n<meta property=\"og:type\" content=\"article\" \/>\n<meta property=\"og:title\" content=\"M\u00e1quina de sellado, empaquetadora al vac\u00edo de alimentos\" \/>\n<meta property=\"og:description\" content=\"M\u00e1quina de sellado, empaquetadora al vac\u00edo de alimentos Con la empaquetadora al vac\u00edo de una c\u00e1mara ARC usted puede usar la pel\u00edcula compuesta de pl\u00e1stico o la pel\u00edcula compuesta de l\u00e1mina de pl\u00e1stico como los materiales de empaque, es adecuada para alimentos, medicinas, productos acu\u00e1ticos, materias primas qu\u00edmicas, componentes electr\u00f3nicos y otros art\u00edculos (s\u00f3lidos, l\u00edquidos o en polvo). Nuestro producto est\u00e1 construido con una tapa de vidrio transparente, por lo que el proceso de envasado se muestra completamente a usted. Nuestro producto compacto es definitivamente su mejor opci\u00f3n. Garant\u00eda\u00a0ARC 2 A\u00d1OS Sierra el\u00e9ctrica para huesos eficiente, bajo consumo\u00a0 800W soporte t\u00e9cnico incluido\" \/>\n<meta property=\"og:url\" content=\"https:\/\/distribucionarc.com\/de\/produkt-2\/lebensmittel-vakuumverpackungsmaschine\/\" \/>\n<meta property=\"og:site_name\" content=\"distribuci\u00f3n ARC\" \/>\n<meta property=\"article:modified_time\" content=\"2023-02-24T10:45:23+00:00\" \/>\n<meta property=\"og:image\" content=\"https:\/\/distribucionarc.com\/wp-content\/uploads\/2020\/08\/M\u00e1quina-de-sellado-empaquetadora-al-vac\u00edo-de-alimentos-0.jpg\" \/>\n\t<meta property=\"og:image:width\" content=\"1600\" \/>\n\t<meta property=\"og:image:height\" content=\"1600\" \/>\n\t<meta property=\"og:image:type\" content=\"image\/jpeg\" \/>\n<meta name=\"twitter:card\" content=\"summary_large_image\" \/>\n<meta name=\"twitter:label1\" content=\"Gesch\u00e4tzte Lesezeit\" \/>\n\t<meta name=\"twitter:data1\" content=\"2\u00a0Minuten\" \/>\n<script type=\"application\/ld+json\" class=\"yoast-schema-graph\">{\"@context\":\"https:\/\/schema.org\",\"@graph\":[{\"@type\":\"WebPage\",\"@id\":\"https:\/\/distribucionarc.com\/lt\/producto\/maquina-de-sellado-empaquetadora-al-vacio-de-alimentos\/\",\"url\":\"https:\/\/distribucionarc.com\/lt\/producto\/maquina-de-sellado-empaquetadora-al-vacio-de-alimentos\/\",\"name\":\"M\u00e1quina de sellado, empaquetadora al vac\u00edo de alimentos - distribuci\u00f3n ARC\",\"isPartOf\":{\"@id\":\"https:\/\/distribucionarc.com\/ro\/#website\"},\"primaryImageOfPage\":{\"@id\":\"https:\/\/distribucionarc.com\/lt\/producto\/maquina-de-sellado-empaquetadora-al-vacio-de-alimentos\/#primaryimage\"},\"image\":{\"@id\":\"https:\/\/distribucionarc.com\/lt\/producto\/maquina-de-sellado-empaquetadora-al-vacio-de-alimentos\/#primaryimage\"},\"thumbnailUrl\":\"https:\/\/distribucionarc.com\/wp-content\/uploads\/2020\/08\/M\u00e1quina-de-sellado-empaquetadora-al-vac\u00edo-de-alimentos-0.jpg\",\"datePublished\":\"2020-08-24T13:40:48+00:00\",\"dateModified\":\"2023-02-24T10:45:23+00:00\",\"breadcrumb\":{\"@id\":\"https:\/\/distribucionarc.com\/lt\/producto\/maquina-de-sellado-empaquetadora-al-vacio-de-alimentos\/#breadcrumb\"},\"inLanguage\":\"de\",\"potentialAction\":[{\"@type\":\"ReadAction\",\"target\":[\"https:\/\/distribucionarc.com\/lt\/producto\/maquina-de-sellado-empaquetadora-al-vacio-de-alimentos\/\"]}]},{\"@type\":\"ImageObject\",\"inLanguage\":\"de\",\"@id\":\"https:\/\/distribucionarc.com\/lt\/producto\/maquina-de-sellado-empaquetadora-al-vacio-de-alimentos\/#primaryimage\",\"url\":\"https:\/\/distribucionarc.com\/wp-content\/uploads\/2020\/08\/M\u00e1quina-de-sellado-empaquetadora-al-vac\u00edo-de-alimentos-0.jpg\",\"contentUrl\":\"https:\/\/distribucionarc.com\/wp-content\/uploads\/2020\/08\/M\u00e1quina-de-sellado-empaquetadora-al-vac\u00edo-de-alimentos-0.jpg\",\"width\":1600,\"height\":1600,\"caption\":\"M\u00e1quina de sellado, empaquetadora al vac\u00edo de alimentos\"},{\"@type\":\"BreadcrumbList\",\"@id\":\"https:\/\/distribucionarc.com\/lt\/producto\/maquina-de-sellado-empaquetadora-al-vacio-de-alimentos\/#breadcrumb\",\"itemListElement\":[{\"@type\":\"ListItem\",\"position\":1,\"name\":\"Portada\",\"item\":\"https:\/\/distribucionarc.com\/ar\/\"},{\"@type\":\"ListItem\",\"position\":2,\"name\":\"Proizvodi\",\"item\":\"https:\/\/www.distribucionarc.com\/hr\/ducan\/\"},{\"@type\":\"ListItem\",\"position\":3,\"name\":\"M\u00e1quina de sellado, empaquetadora al vac\u00edo de alimentos\"}]},{\"@type\":\"WebSite\",\"@id\":\"https:\/\/distribucionarc.com\/ro\/#website\",\"url\":\"https:\/\/distribucionarc.com\/ro\/\",\"name\":\"distribuci\u00f3n ARC\",\"description\":\"Empresa especializada en la fabricaci\u00f3n y distribuci\u00f3n de maquinaria industrial, selladoras de latas, Maquinas de hacer pastillas, Maquinas de cortar carne...\",\"publisher\":{\"@id\":\"https:\/\/distribucionarc.com\/ro\/#organization\"},\"potentialAction\":[{\"@type\":\"SearchAction\",\"target\":{\"@type\":\"EntryPoint\",\"urlTemplate\":\"https:\/\/distribucionarc.com\/ro\/?s={search_term_string}\"},\"query-input\":{\"@type\":\"PropertyValueSpecification\",\"valueRequired\":true,\"valueName\":\"search_term_string\"}}],\"inLanguage\":\"de\"},{\"@type\":\"Organization\",\"@id\":\"https:\/\/distribucionarc.com\/ro\/#organization\",\"name\":\"Distribuci\u00f3n ARC\",\"url\":\"https:\/\/distribucionarc.com\/ro\/\",\"logo\":{\"@type\":\"ImageObject\",\"inLanguage\":\"de\",\"@id\":\"https:\/\/distribucionarc.com\/ro\/#\/schema\/logo\/image\/\",\"url\":\"https:\/\/distribucionarc.com\/wp-content\/uploads\/2024\/10\/distribucion-ARC-COLOR-SIN-FONDO-e1732295305345.png\",\"contentUrl\":\"https:\/\/distribucionarc.com\/wp-content\/uploads\/2024\/10\/distribucion-ARC-COLOR-SIN-FONDO-e1732295305345.png\",\"width\":1164,\"height\":558,\"caption\":\"Distribuci\u00f3n ARC\"},\"image\":{\"@id\":\"https:\/\/distribucionarc.com\/ro\/#\/schema\/logo\/image\/\"},\"description\":\"Empresa especializada en la fabricaci\u00f3n y distribuci\u00f3n de maquinaria industrial para los sectores alimentario y farmac\u00e9utico. Nos especializamos en: M\u00e1quinas de cortar carne Fabricaci\u00f3n de comprimidos Sistemas de transporte industrial L\u00edneas de embotellado Dosificadores Y mucho m\u00e1s... Ofrecemos soluciones innovadoras y personalizadas para optimizar los procesos productivos de tu empresa.\",\"email\":\"Admistracion@distribucionarc.com\",\"telephone\":\"+34 643496664\",\"legalName\":\"ARC TECH SOLUTIONS\",\"foundingDate\":\"2024-04-09\",\"vatID\":\"B55480172\",\"numberOfEmployees\":{\"@type\":\"QuantitativeValue\",\"minValue\":\"1\",\"maxValue\":\"10\"}}]}<\/script>\n<!-- \/ Yoast SEO Premium plugin. -->","yoast_head_json":{"title":"Siegelmaschine, Vakuumverpackungsmaschine f\u00fcr Lebensmittel \u2013 ARC-Vertrieb","robots":{"index":"index","follow":"follow","max-snippet":"max-snippet:-1","max-image-preview":"max-image-preview:large","max-video-preview":"max-video-preview:-1"},"canonical":"https:\/\/distribucionarc.com\/de\/produkt-2\/lebensmittel-vakuumverpackungsmaschine\/","og_locale":"de_DE","og_type":"article","og_title":"M\u00e1quina de sellado, empaquetadora al vac\u00edo de alimentos","og_description":"M\u00e1quina de sellado, empaquetadora al vac\u00edo de alimentos Con la empaquetadora al vac\u00edo de una c\u00e1mara ARC usted puede usar la pel\u00edcula compuesta de pl\u00e1stico o la pel\u00edcula compuesta de l\u00e1mina de pl\u00e1stico como los materiales de empaque, es adecuada para alimentos, medicinas, productos acu\u00e1ticos, materias primas qu\u00edmicas, componentes electr\u00f3nicos y otros art\u00edculos (s\u00f3lidos, l\u00edquidos o en polvo). Nuestro producto est\u00e1 construido con una tapa de vidrio transparente, por lo que el proceso de envasado se muestra completamente a usted. Nuestro producto compacto es definitivamente su mejor opci\u00f3n. Garant\u00eda\u00a0ARC 2 A\u00d1OS Sierra el\u00e9ctrica para huesos eficiente, bajo consumo\u00a0 800W soporte t\u00e9cnico incluido","og_url":"https:\/\/distribucionarc.com\/de\/produkt-2\/lebensmittel-vakuumverpackungsmaschine\/","og_site_name":"distribuci\u00f3n ARC","article_modified_time":"2023-02-24T10:45:23+00:00","og_image":[{"width":1600,"height":1600,"url":"https:\/\/distribucionarc.com\/wp-content\/uploads\/2020\/08\/M\u00e1quina-de-sellado-empaquetadora-al-vac\u00edo-de-alimentos-0.jpg","type":"image\/jpeg"}],"twitter_card":"summary_large_image","twitter_misc":{"Gesch\u00e4tzte Lesezeit":"2\u00a0Minuten"},"schema":{"@context":"https:\/\/schema.org","@graph":[{"@type":"WebPage","@id":"https:\/\/distribucionarc.com\/lt\/producto\/maquina-de-sellado-empaquetadora-al-vacio-de-alimentos\/","url":"https:\/\/distribucionarc.com\/lt\/producto\/maquina-de-sellado-empaquetadora-al-vacio-de-alimentos\/","name":"Siegelmaschine, Vakuumverpackungsmaschine f\u00fcr Lebensmittel \u2013 ARC-Vertrieb","isPartOf":{"@id":"https:\/\/distribucionarc.com\/ro\/#website"},"primaryImageOfPage":{"@id":"https:\/\/distribucionarc.com\/lt\/producto\/maquina-de-sellado-empaquetadora-al-vacio-de-alimentos\/#primaryimage"},"image":{"@id":"https:\/\/distribucionarc.com\/lt\/producto\/maquina-de-sellado-empaquetadora-al-vacio-de-alimentos\/#primaryimage"},"thumbnailUrl":"https:\/\/distribucionarc.com\/wp-content\/uploads\/2020\/08\/M\u00e1quina-de-sellado-empaquetadora-al-vac\u00edo-de-alimentos-0.jpg","datePublished":"2020-08-24T13:40:48+00:00","dateModified":"2023-02-24T10:45:23+00:00","breadcrumb":{"@id":"https:\/\/distribucionarc.com\/lt\/producto\/maquina-de-sellado-empaquetadora-al-vacio-de-alimentos\/#breadcrumb"},"inLanguage":"de","potentialAction":[{"@type":"ReadAction","target":["https:\/\/distribucionarc.com\/lt\/producto\/maquina-de-sellado-empaquetadora-al-vacio-de-alimentos\/"]}]},{"@type":"ImageObject","inLanguage":"de","@id":"https:\/\/distribucionarc.com\/lt\/producto\/maquina-de-sellado-empaquetadora-al-vacio-de-alimentos\/#primaryimage","url":"https:\/\/distribucionarc.com\/wp-content\/uploads\/2020\/08\/M\u00e1quina-de-sellado-empaquetadora-al-vac\u00edo-de-alimentos-0.jpg","contentUrl":"https:\/\/distribucionarc.com\/wp-content\/uploads\/2020\/08\/M\u00e1quina-de-sellado-empaquetadora-al-vac\u00edo-de-alimentos-0.jpg","width":1600,"height":1600,"caption":"M\u00e1quina de sellado, empaquetadora al vac\u00edo de alimentos"},{"@type":"BreadcrumbList","@id":"https:\/\/distribucionarc.com\/lt\/producto\/maquina-de-sellado-empaquetadora-al-vacio-de-alimentos\/#breadcrumb","itemListElement":[{"@type":"ListItem","position":1,"name":"Portada","item":"https:\/\/distribucionarc.com\/ar\/"},{"@type":"ListItem","position":2,"name":"Proizvodi","item":"https:\/\/www.distribucionarc.com\/hr\/ducan\/"},{"@type":"ListItem","position":3,"name":"M\u00e1quina de sellado, empaquetadora al vac\u00edo de alimentos"}]},{"@type":"WebSite","@id":"https:\/\/distribucionarc.com\/ro\/#website","url":"https:\/\/distribucionarc.com\/ro\/","name":"ARC-Verteilung","description":"Das Unternehmen ist auf die Herstellung und den Vertrieb von Industriemaschinen, Dosenverschlie\u00dfmaschinen, Tablettenmaschinen, Fleischschneidemaschinen...","publisher":{"@id":"https:\/\/distribucionarc.com\/ro\/#organization"},"potentialAction":[{"@type":"SearchAction","target":{"@type":"EntryPoint","urlTemplate":"https:\/\/distribucionarc.com\/ro\/?s={search_term_string}"},"query-input":{"@type":"PropertyValueSpecification","valueRequired":true,"valueName":"search_term_string"}}],"inLanguage":"de"},{"@type":"Organization","@id":"https:\/\/distribucionarc.com\/ro\/#organization","name":"ARC-Verteilung","url":"https:\/\/distribucionarc.com\/ro\/","logo":{"@type":"ImageObject","inLanguage":"de","@id":"https:\/\/distribucionarc.com\/ro\/#\/schema\/logo\/image\/","url":"https:\/\/distribucionarc.com\/wp-content\/uploads\/2024\/10\/distribucion-ARC-COLOR-SIN-FONDO-e1732295305345.png","contentUrl":"https:\/\/distribucionarc.com\/wp-content\/uploads\/2024\/10\/distribucion-ARC-COLOR-SIN-FONDO-e1732295305345.png","width":1164,"height":558,"caption":"Distribuci\u00f3n ARC"},"image":{"@id":"https:\/\/distribucionarc.com\/ro\/#\/schema\/logo\/image\/"},"description":"Unternehmen, das auf die Herstellung und den Vertrieb von Industriemaschinen f\u00fcr den Lebensmittel- und Pharmasektor spezialisiert ist. Wir sind spezialisiert auf: Fleischschneidemaschinen Tablettenherstellung Industrielle F\u00f6rdersysteme Abf\u00fcllanlagen Dispenser Und vieles mehr... Wir bieten innovative und ma\u00dfgeschneiderte L\u00f6sungen zur Optimierung der Produktionsprozesse in Ihrem Unternehmen.","email":"Admistracion@distribucionarc.com","telephone":"+34 643496664","legalName":"ARC TECH SOLUTIONS","foundingDate":"2024-04-09","vatID":"B55480172","numberOfEmployees":{"@type":"QuantitativeValue","minValue":"1","maxValue":"10"}}]}},"_links":{"self":[{"href":"https:\/\/distribucionarc.com\/de\/wp-json\/wp\/v2\/product\/2817","targetHints":{"allow":["GET"]}}],"collection":[{"href":"https:\/\/distribucionarc.com\/de\/wp-json\/wp\/v2\/product"}],"about":[{"href":"https:\/\/distribucionarc.com\/de\/wp-json\/wp\/v2\/types\/product"}],"replies":[{"embeddable":true,"href":"https:\/\/distribucionarc.com\/de\/wp-json\/wp\/v2\/comments?post=2817"}],"version-history":[{"count":0,"href":"https:\/\/distribucionarc.com\/de\/wp-json\/wp\/v2\/product\/2817\/revisions"}],"wp:featuredmedia":[{"embeddable":true,"href":"https:\/\/distribucionarc.com\/de\/wp-json\/wp\/v2\/media\/2818"}],"wp:attachment":[{"href":"https:\/\/distribucionarc.com\/de\/wp-json\/wp\/v2\/media?parent=2817"}],"wp:term":[{"taxonomy":"product_brand","embeddable":true,"href":"https:\/\/distribucionarc.com\/de\/wp-json\/wp\/v2\/product_brand?post=2817"},{"taxonomy":"product_cat","embeddable":true,"href":"https:\/\/distribucionarc.com\/de\/wp-json\/wp\/v2\/product_cat?post=2817"},{"taxonomy":"product_tag","embeddable":true,"href":"https:\/\/distribucionarc.com\/de\/wp-json\/wp\/v2\/product_tag?post=2817"}],"curies":[{"name":"wp","href":"https:\/\/api.w.org\/{rel}","templated":true}]}}