{"id":2830,"date":"2020-08-24T14:40:16","date_gmt":"2020-08-24T14:40:16","guid":{"rendered":"https:\/\/distribucionarc.com\/?post_type=product&#038;p=2830"},"modified":"2022-03-02T10:04:22","modified_gmt":"2022-03-02T10:04:22","slug":"forderband-mit-gelander-industrielles-forderband-60w","status":"publish","type":"product","link":"https:\/\/distribucionarc.com\/de\/producto\/cinta-transportadora-con-barandilla-banda-transportadora-industrial-60w\/","title":{"rendered":"F\u00f6rderband mit Leitplanke, Industrief\u00f6rderband 60W"},"content":{"rendered":"<h3>F\u00f6rderband mit Leitplanke, Industrief\u00f6rderband 60W<\/h3>\n<p>Der <strong>Flie\u00dfband <span style=\"color: #ff0000;\">ZU<\/span><span style=\"color: #0000ff;\">R<\/span>C<\/strong> Es besteht vollst\u00e4ndig aus robustem Edelstahl, der langlebig, korrosions- und rostfrei ist. Entwickelt f\u00fcr eine lange Lebensdauer. Er <span style=\"color: #008000;\"><strong>Qualit\u00e4tsmotor spart Energie<\/strong><\/span>, reduziert den Verbrauch, sorgt f\u00fcr hohe Zuverl\u00e4ssigkeit und garantiert Stabilit\u00e4t.<\/p>\n<p>Der <strong>Transporttisch <span style=\"color: #ff0000;\">ZU<\/span><span style=\"color: #0000ff;\">R<\/span>CCTA60<\/strong> Es ist mit einem hoch antistatischen PVC-Band ausgestattet, das das Produkt vor Sch\u00e4den durch Reibung beim Transport sch\u00fctzt. Stellen Sie sicher, dass die H\u00f6he des Handlaufs perfekt mit der H\u00f6he des Produkts \u00fcbereinstimmt, was die Stabilit\u00e4t der \u00dcbertragung f\u00f6rdert und nicht dazu f\u00fchrt, dass das Produkt herunterf\u00e4llt.<\/p>\n<p>Der elektronische Regelkreis mit konstanter Geschwindigkeit sorgt f\u00fcr mehr Stabilit\u00e4t. Passen Sie die Geschwindigkeit des F\u00f6rderbandes f\u00fcr den Transport der Produkte richtig an.<\/p>\n<h6><strong>Garantie\u00a0<span style=\"color: #ff0000;\">ZU<\/span><span style=\"color: #0000ff;\">R<\/span>C 2 JAHRE<\/strong><\/h6>\n<h6><span style=\"color: #008000;\">Effizientes F\u00f6rderband, geringer Verbrauch 60 W<\/span><\/h6>\n<h6><strong>Technischer Support inklusive<\/strong><\/h6>\n<p>&nbsp;<\/p>\n<table role=\"presentation\" width=\"100%\" cellspacing=\"0\" cellpadding=\"0\">\n<tbody>\n<tr>\n<td class=\"attrLabels\">Garantie:<\/td>\n<td width=\"50.0%\">2 JAHRE<\/td>\n<\/tr>\n<tr>\n<td class=\"attrLabels\">Farbe:<\/td>\n<td width=\"50.0%\">Silber<\/td>\n<td class=\"attrLabels\">H\u00f6he:<\/td>\n<td width=\"50.0%\">74,9 cm<\/td>\n<\/tr>\n<tr>\n<td class=\"attrLabels\">Vertriebsland:<\/td>\n<td width=\"50.0%\">Spanien, Deutschland, USA<\/td>\n<td class=\"attrLabels\">Lang:<\/td>\n<td width=\"50.0%\">150cm<\/td>\n<\/tr>\n<tr>\n<td class=\"attrLabels\">Marke:<\/td>\n<td width=\"50.0%\">BOGEN<\/td>\n<td class=\"attrLabels\">Breit:<\/td>\n<td width=\"50.0%\">\u00a025cm<\/td>\n<\/tr>\n<tr>\n<td class=\"attrLabels\">Produkttyp:<\/td>\n<td width=\"50.0%\">Flie\u00dfband<\/td>\n<td class=\"attrLabels\">Leistung:<\/td>\n<td width=\"50.0%\">60W<\/td>\n<\/tr>\n<tr>\n<td class=\"attrLabels\">Herstellernummer:<\/td>\n<td width=\"50.0%\">ARCCTA60<\/td>\n<td class=\"attrLabels\">Stromspannung:<\/td>\n<td width=\"50.0%\">220V 50Hz<\/td>\n<\/tr>\n<tr>\n<td class=\"attrLabels\">Material:<\/td>\n<td width=\"50.0%\">Edelstahl 304, Kupfermotor<\/td>\n<td class=\"attrLabels\">Arbeitsgeschwindigkeit:<\/td>\n<td width=\"50.0%\">0 \u2013 82 Min<\/td>\n<\/tr>\n<tr>\n<td class=\"attrLabels\">Installationswerkzeuge:<\/td>\n<td width=\"50.0%\">Ja<\/td>\n<td class=\"attrLabels\">Bandbreite:<\/td>\n<td width=\"50.0%\">20cm<\/td>\n<\/tr>\n<tr>\n<td class=\"attrLabels\">Gewicht:<\/td>\n<td width=\"50.0%\">22kg<\/td>\n<td class=\"attrLabels\">Band vom Boden:<\/td>\n<td width=\"50.0%\">75cm<\/td>\n<\/tr>\n<\/tbody>\n<\/table>","protected":false},"excerpt":{"rendered":"<h2>F\u00f6rderband mit Leitplanke, Industrief\u00f6rderband 60W<\/h2>\n<p><strong>PVC-F\u00f6rderband<\/strong> von <strong>Edelstahl mit Einzelgel\u00e4nder<\/strong> von <strong><span style=\"color: #ff0000;\">ZU<\/span><span style=\"color: #0000ff;\">R<\/span>C<\/strong>. Es kann f\u00fcr Jet-Code-Maschinen oder unabh\u00e4ngig davon verwendet werden. Durch den Einsatz dieser zuverl\u00e4ssigen Maschine ist die<strong> Effizienz und Arbeitsgeschwindigkeit<\/strong> Sie werden in unz\u00e4hligen Anwendungsbereichen erheblich verbessert, darunter Lebensmittel, Getr\u00e4nke, Pharmazeutik, elektronische Teile, Chemie und Autoteile, wodurch Zeit und Arbeit sowie Produktionskosten gespart werden.<\/p>\n<h6><strong>Garantie\u00a0<span style=\"color: #ff0000;\">ZU<\/span><span style=\"color: #0000ff;\">R<\/span>C 2 JAHRE<\/strong><\/h6>\n<h6><span style=\"color: #008000;\">Effizientes F\u00f6rderband, geringer Verbrauch 60 W<\/span><\/h6>\n<h6><strong>Technischer Support inklusive<\/strong><\/h6>\n<p>&nbsp;<\/p>","protected":false},"featured_media":2831,"comment_status":"open","ping_status":"closed","template":"","meta":{"wds_primary_product_brand":0,"wds_primary_product_cat":0},"product_brand":[],"product_cat":[29,69],"product_tag":[],"class_list":{"0":"post-2830","1":"product","2":"type-product","3":"status-publish","4":"has-post-thumbnail","6":"product_cat-maquinas-industria-quimica","7":"product_cat-maquinas-variadas","8":"product_shipping_class-express","10":"first","11":"instock","12":"taxable","13":"shipping-taxable","14":"purchasable","15":"product-type-simple"},"yoast_head":"<!-- This site is optimized with the Yoast SEO Premium plugin v24.9 (Yoast SEO v26.1) - https:\/\/yoast.com\/wordpress\/plugins\/seo\/ -->\n<title>Cinta transportadora con barandilla, Banda transportadora industrial 60W - distribuci\u00f3n ARC<\/title>\n<meta name=\"robots\" content=\"index, follow, max-snippet:-1, max-image-preview:large, max-video-preview:-1\" \/>\n<link rel=\"canonical\" href=\"https:\/\/www.distribucionarc.com\/sl\/producto\/cinta-transportadora-con-barandilla-banda-transportadora-industrial-60w\/\" \/>\n<meta property=\"og:locale\" content=\"de_DE\" \/>\n<meta property=\"og:type\" content=\"article\" \/>\n<meta property=\"og:title\" content=\"Cinta transportadora con barandilla, Banda transportadora industrial 60W\" \/>\n<meta property=\"og:description\" content=\"Cinta transportadora con barandilla, Banda transportadora industrial 60W Transportador de banda de PVC de acero inoxidable con barandilla simple de ARC. Se puede usar para m\u00e1quinas de c\u00f3digo de chorro o se puede usar de forma independiente. Al utilizar esta m\u00e1quina confiable, la eficiencia y la velocidad de trabajo mejorar\u00e1n enormemente en innumerables sectores de aplicaci\u00f3n, incluida la industria alimentaria, bebidas, farmac\u00e9utica, piezas electr\u00f3nicas, qu\u00edmicas y autopartes, lo que ahorrar\u00e1 tiempo y mano de obra, as\u00ed como costos de producci\u00f3n. Garant\u00eda\u00a0ARC 2 A\u00d1OS Cinta transportadora eficiente, bajo consumo\u00a0 60W soporte t\u00e9cnico incluido &nbsp;\" \/>\n<meta property=\"og:url\" content=\"https:\/\/www.distribucionarc.com\/sl\/producto\/cinta-transportadora-con-barandilla-banda-transportadora-industrial-60w\/\" \/>\n<meta property=\"og:site_name\" content=\"distribuci\u00f3n ARC\" \/>\n<meta property=\"article:modified_time\" content=\"2022-03-02T10:04:22+00:00\" \/>\n<meta property=\"og:image\" content=\"https:\/\/www.distribucionarc.com\/wp-content\/uploads\/2020\/08\/Cinta-transportadora-con-barandilla-Banda-transportadora-industrial-60W-0.jpg\" \/>\n\t<meta property=\"og:image:width\" content=\"1600\" \/>\n\t<meta property=\"og:image:height\" content=\"1600\" \/>\n\t<meta property=\"og:image:type\" content=\"image\/jpeg\" \/>\n<meta name=\"twitter:card\" content=\"summary_large_image\" \/>\n<meta name=\"twitter:label1\" content=\"Gesch\u00e4tzte Lesezeit\" \/>\n\t<meta name=\"twitter:data1\" content=\"1\u00a0Minute\" \/>\n<script type=\"application\/ld+json\" class=\"yoast-schema-graph\">{\"@context\":\"https:\/\/schema.org\",\"@graph\":[{\"@type\":\"WebPage\",\"@id\":\"https:\/\/www.distribucionarc.com\/sl\/producto\/cinta-transportadora-con-barandilla-banda-transportadora-industrial-60w\/\",\"url\":\"https:\/\/www.distribucionarc.com\/sl\/producto\/cinta-transportadora-con-barandilla-banda-transportadora-industrial-60w\/\",\"name\":\"Cinta transportadora con barandilla, Banda transportadora industrial 60W - distribuci\u00f3n ARC\",\"isPartOf\":{\"@id\":\"https:\/\/distribucionarc.com\/ro\/#website\"},\"primaryImageOfPage\":{\"@id\":\"https:\/\/www.distribucionarc.com\/sl\/producto\/cinta-transportadora-con-barandilla-banda-transportadora-industrial-60w\/#primaryimage\"},\"image\":{\"@id\":\"https:\/\/www.distribucionarc.com\/sl\/producto\/cinta-transportadora-con-barandilla-banda-transportadora-industrial-60w\/#primaryimage\"},\"thumbnailUrl\":\"https:\/\/distribucionarc.com\/wp-content\/uploads\/2020\/08\/Cinta-transportadora-con-barandilla-Banda-transportadora-industrial-60W-0.jpg\",\"datePublished\":\"2020-08-24T14:40:16+00:00\",\"dateModified\":\"2022-03-02T10:04:22+00:00\",\"breadcrumb\":{\"@id\":\"https:\/\/www.distribucionarc.com\/sl\/producto\/cinta-transportadora-con-barandilla-banda-transportadora-industrial-60w\/#breadcrumb\"},\"inLanguage\":\"de\",\"potentialAction\":[{\"@type\":\"ReadAction\",\"target\":[\"https:\/\/www.distribucionarc.com\/sl\/producto\/cinta-transportadora-con-barandilla-banda-transportadora-industrial-60w\/\"]}]},{\"@type\":\"ImageObject\",\"inLanguage\":\"de\",\"@id\":\"https:\/\/www.distribucionarc.com\/sl\/producto\/cinta-transportadora-con-barandilla-banda-transportadora-industrial-60w\/#primaryimage\",\"url\":\"https:\/\/distribucionarc.com\/wp-content\/uploads\/2020\/08\/Cinta-transportadora-con-barandilla-Banda-transportadora-industrial-60W-0.jpg\",\"contentUrl\":\"https:\/\/distribucionarc.com\/wp-content\/uploads\/2020\/08\/Cinta-transportadora-con-barandilla-Banda-transportadora-industrial-60W-0.jpg\",\"width\":1600,\"height\":1600,\"caption\":\"Cinta transportadora con barandilla, Banda transportadora industrial 60W\"},{\"@type\":\"BreadcrumbList\",\"@id\":\"https:\/\/www.distribucionarc.com\/sl\/producto\/cinta-transportadora-con-barandilla-banda-transportadora-industrial-60w\/#breadcrumb\",\"itemListElement\":[{\"@type\":\"ListItem\",\"position\":1,\"name\":\"Portada\",\"item\":\"https:\/\/distribucionarc.com\/ar\/\"},{\"@type\":\"ListItem\",\"position\":2,\"name\":\"Proizvodi\",\"item\":\"https:\/\/www.distribucionarc.com\/hr\/ducan\/\"},{\"@type\":\"ListItem\",\"position\":3,\"name\":\"Cinta transportadora con barandilla, Banda transportadora industrial 60W\"}]},{\"@type\":\"WebSite\",\"@id\":\"https:\/\/distribucionarc.com\/ro\/#website\",\"url\":\"https:\/\/distribucionarc.com\/ro\/\",\"name\":\"distribuci\u00f3n ARC\",\"description\":\"Empresa especializada en la fabricaci\u00f3n y distribuci\u00f3n de maquinaria industrial, selladoras de latas, Maquinas de hacer pastillas, Maquinas de cortar carne...\",\"publisher\":{\"@id\":\"https:\/\/distribucionarc.com\/ro\/#organization\"},\"potentialAction\":[{\"@type\":\"SearchAction\",\"target\":{\"@type\":\"EntryPoint\",\"urlTemplate\":\"https:\/\/distribucionarc.com\/ro\/?s={search_term_string}\"},\"query-input\":{\"@type\":\"PropertyValueSpecification\",\"valueRequired\":true,\"valueName\":\"search_term_string\"}}],\"inLanguage\":\"de\"},{\"@type\":\"Organization\",\"@id\":\"https:\/\/distribucionarc.com\/ro\/#organization\",\"name\":\"Distribuci\u00f3n ARC\",\"url\":\"https:\/\/distribucionarc.com\/ro\/\",\"logo\":{\"@type\":\"ImageObject\",\"inLanguage\":\"de\",\"@id\":\"https:\/\/distribucionarc.com\/ro\/#\/schema\/logo\/image\/\",\"url\":\"https:\/\/distribucionarc.com\/wp-content\/uploads\/2024\/10\/distribucion-ARC-COLOR-SIN-FONDO-e1732295305345.png\",\"contentUrl\":\"https:\/\/distribucionarc.com\/wp-content\/uploads\/2024\/10\/distribucion-ARC-COLOR-SIN-FONDO-e1732295305345.png\",\"width\":1164,\"height\":558,\"caption\":\"Distribuci\u00f3n ARC\"},\"image\":{\"@id\":\"https:\/\/distribucionarc.com\/ro\/#\/schema\/logo\/image\/\"},\"description\":\"Empresa especializada en la fabricaci\u00f3n y distribuci\u00f3n de maquinaria industrial para los sectores alimentario y farmac\u00e9utico. Nos especializamos en: M\u00e1quinas de cortar carne Fabricaci\u00f3n de comprimidos Sistemas de transporte industrial L\u00edneas de embotellado Dosificadores Y mucho m\u00e1s... Ofrecemos soluciones innovadoras y personalizadas para optimizar los procesos productivos de tu empresa.\",\"email\":\"Admistracion@distribucionarc.com\",\"telephone\":\"+34 643496664\",\"legalName\":\"ARC TECH SOLUTIONS\",\"foundingDate\":\"2024-04-09\",\"vatID\":\"B55480172\",\"numberOfEmployees\":{\"@type\":\"QuantitativeValue\",\"minValue\":\"1\",\"maxValue\":\"10\"}}]}<\/script>\n<!-- \/ Yoast SEO Premium plugin. -->","yoast_head_json":{"title":"F\u00f6rderband mit Handlauf, Industrief\u00f6rderband 60 W \u2013 ARC-Verteilung","robots":{"index":"index","follow":"follow","max-snippet":"max-snippet:-1","max-image-preview":"max-image-preview:large","max-video-preview":"max-video-preview:-1"},"canonical":"https:\/\/www.distribucionarc.com\/sl\/producto\/cinta-transportadora-con-barandilla-banda-transportadora-industrial-60w\/","og_locale":"de_DE","og_type":"article","og_title":"Cinta transportadora con barandilla, Banda transportadora industrial 60W","og_description":"Cinta transportadora con barandilla, Banda transportadora industrial 60W Transportador de banda de PVC de acero inoxidable con barandilla simple de ARC. Se puede usar para m\u00e1quinas de c\u00f3digo de chorro o se puede usar de forma independiente. Al utilizar esta m\u00e1quina confiable, la eficiencia y la velocidad de trabajo mejorar\u00e1n enormemente en innumerables sectores de aplicaci\u00f3n, incluida la industria alimentaria, bebidas, farmac\u00e9utica, piezas electr\u00f3nicas, qu\u00edmicas y autopartes, lo que ahorrar\u00e1 tiempo y mano de obra, as\u00ed como costos de producci\u00f3n. Garant\u00eda\u00a0ARC 2 A\u00d1OS Cinta transportadora eficiente, bajo consumo\u00a0 60W soporte t\u00e9cnico incluido &nbsp;","og_url":"https:\/\/www.distribucionarc.com\/sl\/producto\/cinta-transportadora-con-barandilla-banda-transportadora-industrial-60w\/","og_site_name":"distribuci\u00f3n ARC","article_modified_time":"2022-03-02T10:04:22+00:00","og_image":[{"width":1600,"height":1600,"url":"https:\/\/www.distribucionarc.com\/wp-content\/uploads\/2020\/08\/Cinta-transportadora-con-barandilla-Banda-transportadora-industrial-60W-0.jpg","type":"image\/jpeg"}],"twitter_card":"summary_large_image","twitter_misc":{"Gesch\u00e4tzte Lesezeit":"1\u00a0Minute"},"schema":{"@context":"https:\/\/schema.org","@graph":[{"@type":"WebPage","@id":"https:\/\/www.distribucionarc.com\/sl\/producto\/cinta-transportadora-con-barandilla-banda-transportadora-industrial-60w\/","url":"https:\/\/www.distribucionarc.com\/sl\/producto\/cinta-transportadora-con-barandilla-banda-transportadora-industrial-60w\/","name":"F\u00f6rderband mit Handlauf, Industrief\u00f6rderband 60 W \u2013 ARC-Verteilung","isPartOf":{"@id":"https:\/\/distribucionarc.com\/ro\/#website"},"primaryImageOfPage":{"@id":"https:\/\/www.distribucionarc.com\/sl\/producto\/cinta-transportadora-con-barandilla-banda-transportadora-industrial-60w\/#primaryimage"},"image":{"@id":"https:\/\/www.distribucionarc.com\/sl\/producto\/cinta-transportadora-con-barandilla-banda-transportadora-industrial-60w\/#primaryimage"},"thumbnailUrl":"https:\/\/distribucionarc.com\/wp-content\/uploads\/2020\/08\/Cinta-transportadora-con-barandilla-Banda-transportadora-industrial-60W-0.jpg","datePublished":"2020-08-24T14:40:16+00:00","dateModified":"2022-03-02T10:04:22+00:00","breadcrumb":{"@id":"https:\/\/www.distribucionarc.com\/sl\/producto\/cinta-transportadora-con-barandilla-banda-transportadora-industrial-60w\/#breadcrumb"},"inLanguage":"de","potentialAction":[{"@type":"ReadAction","target":["https:\/\/www.distribucionarc.com\/sl\/producto\/cinta-transportadora-con-barandilla-banda-transportadora-industrial-60w\/"]}]},{"@type":"ImageObject","inLanguage":"de","@id":"https:\/\/www.distribucionarc.com\/sl\/producto\/cinta-transportadora-con-barandilla-banda-transportadora-industrial-60w\/#primaryimage","url":"https:\/\/distribucionarc.com\/wp-content\/uploads\/2020\/08\/Cinta-transportadora-con-barandilla-Banda-transportadora-industrial-60W-0.jpg","contentUrl":"https:\/\/distribucionarc.com\/wp-content\/uploads\/2020\/08\/Cinta-transportadora-con-barandilla-Banda-transportadora-industrial-60W-0.jpg","width":1600,"height":1600,"caption":"Cinta transportadora con barandilla, Banda transportadora industrial 60W"},{"@type":"BreadcrumbList","@id":"https:\/\/www.distribucionarc.com\/sl\/producto\/cinta-transportadora-con-barandilla-banda-transportadora-industrial-60w\/#breadcrumb","itemListElement":[{"@type":"ListItem","position":1,"name":"Portada","item":"https:\/\/distribucionarc.com\/ar\/"},{"@type":"ListItem","position":2,"name":"Proizvodi","item":"https:\/\/www.distribucionarc.com\/hr\/ducan\/"},{"@type":"ListItem","position":3,"name":"Cinta transportadora con barandilla, Banda transportadora industrial 60W"}]},{"@type":"WebSite","@id":"https:\/\/distribucionarc.com\/ro\/#website","url":"https:\/\/distribucionarc.com\/ro\/","name":"ARC-Verteilung","description":"Das Unternehmen ist auf die Herstellung und den Vertrieb von Industriemaschinen, Dosenverschlie\u00dfmaschinen, Tablettenmaschinen, Fleischschneidemaschinen...","publisher":{"@id":"https:\/\/distribucionarc.com\/ro\/#organization"},"potentialAction":[{"@type":"SearchAction","target":{"@type":"EntryPoint","urlTemplate":"https:\/\/distribucionarc.com\/ro\/?s={search_term_string}"},"query-input":{"@type":"PropertyValueSpecification","valueRequired":true,"valueName":"search_term_string"}}],"inLanguage":"de"},{"@type":"Organization","@id":"https:\/\/distribucionarc.com\/ro\/#organization","name":"ARC-Verteilung","url":"https:\/\/distribucionarc.com\/ro\/","logo":{"@type":"ImageObject","inLanguage":"de","@id":"https:\/\/distribucionarc.com\/ro\/#\/schema\/logo\/image\/","url":"https:\/\/distribucionarc.com\/wp-content\/uploads\/2024\/10\/distribucion-ARC-COLOR-SIN-FONDO-e1732295305345.png","contentUrl":"https:\/\/distribucionarc.com\/wp-content\/uploads\/2024\/10\/distribucion-ARC-COLOR-SIN-FONDO-e1732295305345.png","width":1164,"height":558,"caption":"Distribuci\u00f3n ARC"},"image":{"@id":"https:\/\/distribucionarc.com\/ro\/#\/schema\/logo\/image\/"},"description":"Unternehmen, das auf die Herstellung und den Vertrieb von Industriemaschinen f\u00fcr den Lebensmittel- und Pharmasektor spezialisiert ist. Wir sind spezialisiert auf: Fleischschneidemaschinen Tablettenherstellung Industrielle F\u00f6rdersysteme Abf\u00fcllanlagen Dispenser Und vieles mehr... Wir bieten innovative und ma\u00dfgeschneiderte L\u00f6sungen zur Optimierung der Produktionsprozesse in Ihrem Unternehmen.","email":"Admistracion@distribucionarc.com","telephone":"+34 643496664","legalName":"ARC TECH SOLUTIONS","foundingDate":"2024-04-09","vatID":"B55480172","numberOfEmployees":{"@type":"QuantitativeValue","minValue":"1","maxValue":"10"}}]}},"_links":{"self":[{"href":"https:\/\/distribucionarc.com\/de\/wp-json\/wp\/v2\/product\/2830","targetHints":{"allow":["GET"]}}],"collection":[{"href":"https:\/\/distribucionarc.com\/de\/wp-json\/wp\/v2\/product"}],"about":[{"href":"https:\/\/distribucionarc.com\/de\/wp-json\/wp\/v2\/types\/product"}],"replies":[{"embeddable":true,"href":"https:\/\/distribucionarc.com\/de\/wp-json\/wp\/v2\/comments?post=2830"}],"version-history":[{"count":0,"href":"https:\/\/distribucionarc.com\/de\/wp-json\/wp\/v2\/product\/2830\/revisions"}],"wp:featuredmedia":[{"embeddable":true,"href":"https:\/\/distribucionarc.com\/de\/wp-json\/wp\/v2\/media\/2831"}],"wp:attachment":[{"href":"https:\/\/distribucionarc.com\/de\/wp-json\/wp\/v2\/media?parent=2830"}],"wp:term":[{"taxonomy":"product_brand","embeddable":true,"href":"https:\/\/distribucionarc.com\/de\/wp-json\/wp\/v2\/product_brand?post=2830"},{"taxonomy":"product_cat","embeddable":true,"href":"https:\/\/distribucionarc.com\/de\/wp-json\/wp\/v2\/product_cat?post=2830"},{"taxonomy":"product_tag","embeddable":true,"href":"https:\/\/distribucionarc.com\/de\/wp-json\/wp\/v2\/product_tag?post=2830"}],"curies":[{"name":"wp","href":"https:\/\/api.w.org\/{rel}","templated":true}]}}