{"id":2868,"date":"2020-08-25T10:29:59","date_gmt":"2020-08-25T10:29:59","guid":{"rendered":"https:\/\/distribucionarc.com\/?post_type=product&#038;p=2868"},"modified":"2023-05-04T07:38:59","modified_gmt":"2023-05-04T07:38:59","slug":"elektrische-muhle-fur-getreide-komprimiertes-getreide","status":"publish","type":"product","link":"https:\/\/distribucionarc.com\/de\/producto\/molinillo-electrico-para-granos-cereales-comprimidos\/","title":{"rendered":"Elektrische M\u00fchle f\u00fcr Getreide, Cerealien, Tabletten"},"content":{"rendered":"<h3>Elektrische M\u00fchle f\u00fcr Getreide, Cerealien, Tabletten<\/h3>\n<p>Er <strong>elektrische M\u00fchle<span style=\"color: #ff0000;\"> ZU<\/span><span style=\"color: #0000ff;\">R<\/span>C<\/strong> Es besteht aus Edelstahlmaterial, das langlebig und robust ist. Es verf\u00fcgt \u00fcber eine scharfe Klinge mit einer Rotationsgeschwindigkeit von 25.000 U\/min, die alle Arten von dehydrierten Lebensmitteln schnell und einfach zerst\u00f6ren kann.<\/p>\n<p>Es enth\u00e4lt einen \u00dcberlastschutzknopf, der die Sicherheit der Maschine gew\u00e4hrleistet. Automatische Abschaltung bei \u00dcberlastung. Einfacher Neustart durch Dr\u00fccken der Taste nach weiteren 10 Minuten. Er <strong>elektrische M\u00fchle <span style=\"color: #ff0000;\">ZU<\/span><span style=\"color: #0000ff;\">R<\/span>CMEG1M<\/strong> Entworfen mit mehreren Schnallen zum Festziehen des Deckels. Mit dem roten Timer k\u00f6nnen Sie die Arbeitszeit (0-5 Minuten) frei einstellen.<\/p>\n<p>Der 1800-Watt-Hochleistungsmotor aus reinem Kupfer erm\u00f6glicht es Ihnen <strong>erm\u00f6glicht das Mahlen einer gro\u00dfen Kapazit\u00e4t von 1000 g<\/strong> Gleichzeitig wird die Effizienz des Lebensmittelmahlens erheblich verbessert. Sie k\u00f6nnen den Griff halten, um das Kamerageh\u00e4use zu drehen, um den Staub auszusch\u00fctten, und die B\u00fcrste verwenden, um den restlichen Staub zu entfernen<\/p>\n<h6><strong>Garantie\u00a0<span style=\"color: #ff0000;\">ZU<\/span><span style=\"color: #0000ff;\">R<\/span>C 2 JAHRE<\/strong><\/h6>\n<h6><span style=\"color: #008000;\">Effiziente elektrische M\u00fchle, geringer Verbrauch 1800 W<\/span><\/h6>\n<h6><strong>Technischer Support inklusive<\/strong><\/h6>\n<p>&nbsp;<\/p>\n<table role=\"presentation\" width=\"100%\" cellspacing=\"0\" cellpadding=\"0\">\n<tbody>\n<tr>\n<td class=\"attrLabels\">Marke:<\/td>\n<td width=\"50.0%\">BOGEN<\/td>\n<\/tr>\n<tr>\n<td class=\"attrLabels\">Vertriebsland:<\/td>\n<td width=\"50.0%\">Spanien, Deutschland, USA<\/td>\n<td class=\"attrLabels\">Gewicht:<\/td>\n<td width=\"50.0%\">6,6 kg<\/td>\n<\/tr>\n<tr>\n<td class=\"attrLabels\">Marke:<\/td>\n<td width=\"50.0%\">BOGEN<\/td>\n<td class=\"attrLabels\">H\u00f6he:<\/td>\n<td width=\"50.0%\">36cm<\/td>\n<\/tr>\n<tr>\n<td class=\"attrLabels\">Farbe:<\/td>\n<td width=\"50.0%\">Silber<\/td>\n<td class=\"attrLabels\">Lang:<\/td>\n<td width=\"50.0%\">13,4 cm<\/td>\n<\/tr>\n<tr>\n<td class=\"attrLabels\">Produkttyp:<\/td>\n<td width=\"50.0%\">elektrische M\u00fchle<\/td>\n<td class=\"attrLabels\">Breit:<\/td>\n<td width=\"50.0%\">19,1 cm<\/td>\n<\/tr>\n<tr>\n<td class=\"attrLabels\">Herstellernummer:<\/td>\n<td width=\"50.0%\">ARCMEG1M<\/td>\n<td class=\"attrLabels\">Leistung:<\/td>\n<td width=\"50.0%\">1800W<\/td>\n<\/tr>\n<tr>\n<td class=\"attrLabels\">Material:<\/td>\n<td width=\"50.0%\">Edelstahl, Kupfermotor<\/td>\n<td class=\"attrLabels\">Motordrehzahl:<\/td>\n<td width=\"50.0%\">25000 U\/min<\/td>\n<\/tr>\n<tr>\n<td class=\"attrLabels\">Garantie:<\/td>\n<td width=\"50.0%\">\u00a0 2 Jahre<\/td>\n<td class=\"attrLabels\">Schleifzeit:<\/td>\n<td width=\"50.0%\">0 \u2013 5 Minuten<\/td>\n<\/tr>\n<tr>\n<td class=\"attrLabels\">Eingangsspannung:<\/td>\n<td width=\"50.0%\">230V 50Hz<\/td>\n<td class=\"attrLabels\">Intervallzeit:<\/td>\n<td width=\"50.0%\">5 \u2013 10 Minuten<\/td>\n<\/tr>\n<\/tbody>\n<\/table>\n<p>&nbsp;<\/p>","protected":false},"excerpt":{"rendered":"<h2>Elektrische M\u00fchle f\u00fcr Getreide, Cerealien, Tabletten<\/h2>\n<p><strong><span style=\"color: #ff0000;\">ZU<\/span><span style=\"color: #0000ff;\">R<\/span>C<\/strong> Es bietet Ihnen eine <strong>elektrische M\u00fchle<\/strong> hohe Qualit\u00e4t. Klein, leicht, hocheffizient und einfach zu bedienen. Hergestellt aus rostfreiem Material in Lebensmittelqualit\u00e4t, sicher und langlebig. Mit dem leistungsstarken 1800-Watt-Motor k\u00f6nnen 1000 g Lebensmittel gleichzeitig gemahlen werden. Es verf\u00fcgt au\u00dferdem \u00fcber einen sicheren \u00dcberlastschutz, um ein Durchbrennen des Motors zu verhindern. Es kann schnell Pulver aus allen Arten von dehydrierten Lebensmitteln, Reis, Mais, Sesam, Sojabohnen, Fischfutter, Pfeffer, Medikamenten usw. herstellen, das f\u00fcr alle Arten von Materialien geeignet ist.<\/p>\n<h6><strong>Garantie\u00a0<span style=\"color: #ff0000;\">ZU<\/span><span style=\"color: #0000ff;\">R<\/span>C 2 JAHRE<\/strong><\/h6>\n<h6><span style=\"color: #008000;\">Effiziente elektrische M\u00fchle, geringer Verbrauch 1800 W<\/span><\/h6>\n<h6><strong>Technischer Support inklusive<\/strong><\/h6>\n<p>&nbsp;<\/p>","protected":false},"featured_media":2869,"comment_status":"open","ping_status":"closed","template":"","meta":{"wds_primary_product_brand":0,"wds_primary_product_cat":0},"product_brand":[],"product_cat":[30],"product_tag":[],"class_list":{"0":"post-2868","1":"product","2":"type-product","3":"status-publish","4":"has-post-thumbnail","6":"product_cat-maquinaria-apicola","7":"product_shipping_class-hosteleria","9":"first","10":"instock","11":"taxable","12":"shipping-taxable","13":"purchasable","14":"product-type-simple"},"yoast_head":"<!-- This site is optimized with the Yoast SEO Premium plugin v24.9 (Yoast SEO v26.1) - https:\/\/yoast.com\/wordpress\/plugins\/seo\/ -->\n<title>Molinillo electrico para granos, cereales, comprimidos - distribuci\u00f3n ARC<\/title>\n<meta name=\"robots\" content=\"index, follow, max-snippet:-1, max-image-preview:large, max-video-preview:-1\" \/>\n<link rel=\"canonical\" href=\"https:\/\/distribucionarc.com\/de\/produkt-2\/elektrische-muhle-fur-getreide-komprimiertes-getreide\/\" \/>\n<meta property=\"og:locale\" content=\"de_DE\" \/>\n<meta property=\"og:type\" content=\"article\" \/>\n<meta property=\"og:title\" content=\"Molinillo electrico para granos, cereales, comprimidos\" \/>\n<meta property=\"og:description\" content=\"Molinillo electrico para granos, cereales, comprimidos ARC Te ofrece un molinillo el\u00e9ctrico de alta calidad. De tama\u00f1o peque\u00f1o, liviano, altamente eficiente y f\u00e1cil de usar. Hecho de material inoxidable de grado alimenticio, seguro y duradero. Con el potente motor de 1800 vatios, puede moler 1000 g de comida al mismo tiempo. Tambi\u00e9n cuenta con protecci\u00f3n segura contra sobrecargas para evitar que el motor se queme. Puede hacer polvo r\u00e1pidamente todo tipo de alimentos deshidratados, arroz, ma\u00edz, s\u00e9samo, soja, alimento para peces, pimienta, medicamentos, etc., adecuado para todo tipo de material. Garant\u00eda\u00a0ARC 2 A\u00d1OS Molinillo el\u00e9ctrico eficiente, bajo consumo 1800w soporte t\u00e9cnico incluido &nbsp;\" \/>\n<meta property=\"og:url\" content=\"https:\/\/distribucionarc.com\/de\/produkt-2\/elektrische-muhle-fur-getreide-komprimiertes-getreide\/\" \/>\n<meta property=\"og:site_name\" content=\"distribuci\u00f3n ARC\" \/>\n<meta property=\"article:modified_time\" content=\"2023-05-04T07:38:59+00:00\" \/>\n<meta property=\"og:image\" content=\"https:\/\/distribucionarc.com\/wp-content\/uploads\/2020\/08\/Molinillo-el\u00e9ctrico-para-granos-cereales-comprimidos-0.jpg\" \/>\n\t<meta property=\"og:image:width\" content=\"1600\" \/>\n\t<meta property=\"og:image:height\" content=\"1600\" \/>\n\t<meta property=\"og:image:type\" content=\"image\/jpeg\" \/>\n<meta name=\"twitter:card\" content=\"summary_large_image\" \/>\n<meta name=\"twitter:label1\" content=\"Gesch\u00e4tzte Lesezeit\" \/>\n\t<meta name=\"twitter:data1\" content=\"1\u00a0Minute\" \/>\n<script type=\"application\/ld+json\" class=\"yoast-schema-graph\">{\"@context\":\"https:\/\/schema.org\",\"@graph\":[{\"@type\":\"WebPage\",\"@id\":\"https:\/\/distribucionarc.com\/pt\/producto\/molinillo-electrico-para-granos-cereales-comprimidos\/\",\"url\":\"https:\/\/distribucionarc.com\/pt\/producto\/molinillo-electrico-para-granos-cereales-comprimidos\/\",\"name\":\"Molinillo electrico para granos, cereales, comprimidos - distribuci\u00f3n ARC\",\"isPartOf\":{\"@id\":\"https:\/\/distribucionarc.com\/de\/#website\"},\"primaryImageOfPage\":{\"@id\":\"https:\/\/distribucionarc.com\/pt\/producto\/molinillo-electrico-para-granos-cereales-comprimidos\/#primaryimage\"},\"image\":{\"@id\":\"https:\/\/distribucionarc.com\/pt\/producto\/molinillo-electrico-para-granos-cereales-comprimidos\/#primaryimage\"},\"thumbnailUrl\":\"https:\/\/distribucionarc.com\/wp-content\/uploads\/2020\/08\/Molinillo-el\u00e9ctrico-para-granos-cereales-comprimidos-0.jpg\",\"datePublished\":\"2020-08-25T10:29:59+00:00\",\"dateModified\":\"2023-05-04T07:38:59+00:00\",\"breadcrumb\":{\"@id\":\"https:\/\/distribucionarc.com\/pt\/producto\/molinillo-electrico-para-granos-cereales-comprimidos\/#breadcrumb\"},\"inLanguage\":\"de\",\"potentialAction\":[{\"@type\":\"ReadAction\",\"target\":[\"https:\/\/distribucionarc.com\/pt\/producto\/molinillo-electrico-para-granos-cereales-comprimidos\/\"]}]},{\"@type\":\"ImageObject\",\"inLanguage\":\"de\",\"@id\":\"https:\/\/distribucionarc.com\/pt\/producto\/molinillo-electrico-para-granos-cereales-comprimidos\/#primaryimage\",\"url\":\"https:\/\/distribucionarc.com\/wp-content\/uploads\/2020\/08\/Molinillo-el\u00e9ctrico-para-granos-cereales-comprimidos-0.jpg\",\"contentUrl\":\"https:\/\/distribucionarc.com\/wp-content\/uploads\/2020\/08\/Molinillo-el\u00e9ctrico-para-granos-cereales-comprimidos-0.jpg\",\"width\":1600,\"height\":1600,\"caption\":\"Molinillo electrico para granos, cereales, comprimidos\"},{\"@type\":\"BreadcrumbList\",\"@id\":\"https:\/\/distribucionarc.com\/pt\/producto\/molinillo-electrico-para-granos-cereales-comprimidos\/#breadcrumb\",\"itemListElement\":[{\"@type\":\"ListItem\",\"position\":1,\"name\":\"Portada\",\"item\":\"https:\/\/distribucionarc.com\/pl\/\"},{\"@type\":\"ListItem\",\"position\":2,\"name\":\"Produkty\",\"item\":\"https:\/\/distribucionarc.com\/pl\/shop\/\"},{\"@type\":\"ListItem\",\"position\":3,\"name\":\"Molinillo electrico para granos, cereales, comprimidos\"}]},{\"@type\":\"WebSite\",\"@id\":\"https:\/\/distribucionarc.com\/de\/#website\",\"url\":\"https:\/\/distribucionarc.com\/de\/\",\"name\":\"distribuci\u00f3n ARC\",\"description\":\"Empresa especializada en la fabricaci\u00f3n y distribuci\u00f3n de maquinaria industrial, selladoras de latas, Maquinas de hacer pastillas, Maquinas de cortar carne...\",\"publisher\":{\"@id\":\"https:\/\/distribucionarc.com\/de\/#organization\"},\"potentialAction\":[{\"@type\":\"SearchAction\",\"target\":{\"@type\":\"EntryPoint\",\"urlTemplate\":\"https:\/\/distribucionarc.com\/de\/?s={search_term_string}\"},\"query-input\":{\"@type\":\"PropertyValueSpecification\",\"valueRequired\":true,\"valueName\":\"search_term_string\"}}],\"inLanguage\":\"de\"},{\"@type\":\"Organization\",\"@id\":\"https:\/\/distribucionarc.com\/de\/#organization\",\"name\":\"Distribuci\u00f3n ARC\",\"url\":\"https:\/\/distribucionarc.com\/de\/\",\"logo\":{\"@type\":\"ImageObject\",\"inLanguage\":\"de\",\"@id\":\"https:\/\/distribucionarc.com\/de\/#\/schema\/logo\/image\/\",\"url\":\"https:\/\/distribucionarc.com\/wp-content\/uploads\/2024\/10\/distribucion-ARC-COLOR-SIN-FONDO-e1732295305345.png\",\"contentUrl\":\"https:\/\/distribucionarc.com\/wp-content\/uploads\/2024\/10\/distribucion-ARC-COLOR-SIN-FONDO-e1732295305345.png\",\"width\":1164,\"height\":558,\"caption\":\"Distribuci\u00f3n ARC\"},\"image\":{\"@id\":\"https:\/\/distribucionarc.com\/de\/#\/schema\/logo\/image\/\"},\"description\":\"Empresa especializada en la fabricaci\u00f3n y distribuci\u00f3n de maquinaria industrial para los sectores alimentario y farmac\u00e9utico. Nos especializamos en: M\u00e1quinas de cortar carne Fabricaci\u00f3n de comprimidos Sistemas de transporte industrial L\u00edneas de embotellado Dosificadores Y mucho m\u00e1s... Ofrecemos soluciones innovadoras y personalizadas para optimizar los procesos productivos de tu empresa.\",\"email\":\"Admistracion@distribucionarc.com\",\"telephone\":\"+34 643496664\",\"legalName\":\"ARC TECH SOLUTIONS\",\"foundingDate\":\"2024-04-09\",\"vatID\":\"B55480172\",\"numberOfEmployees\":{\"@type\":\"QuantitativeValue\",\"minValue\":\"1\",\"maxValue\":\"10\"}}]}<\/script>\n<!-- \/ Yoast SEO Premium plugin. -->","yoast_head_json":{"title":"Elektrische M\u00fchle f\u00fcr Getreide, Cerealien, Tabletten \u2013 ARC-Vertrieb","robots":{"index":"index","follow":"follow","max-snippet":"max-snippet:-1","max-image-preview":"max-image-preview:large","max-video-preview":"max-video-preview:-1"},"canonical":"https:\/\/distribucionarc.com\/de\/produkt-2\/elektrische-muhle-fur-getreide-komprimiertes-getreide\/","og_locale":"de_DE","og_type":"article","og_title":"Molinillo electrico para granos, cereales, comprimidos","og_description":"Molinillo electrico para granos, cereales, comprimidos ARC Te ofrece un molinillo el\u00e9ctrico de alta calidad. De tama\u00f1o peque\u00f1o, liviano, altamente eficiente y f\u00e1cil de usar. Hecho de material inoxidable de grado alimenticio, seguro y duradero. Con el potente motor de 1800 vatios, puede moler 1000 g de comida al mismo tiempo. Tambi\u00e9n cuenta con protecci\u00f3n segura contra sobrecargas para evitar que el motor se queme. Puede hacer polvo r\u00e1pidamente todo tipo de alimentos deshidratados, arroz, ma\u00edz, s\u00e9samo, soja, alimento para peces, pimienta, medicamentos, etc., adecuado para todo tipo de material. Garant\u00eda\u00a0ARC 2 A\u00d1OS Molinillo el\u00e9ctrico eficiente, bajo consumo 1800w soporte t\u00e9cnico incluido &nbsp;","og_url":"https:\/\/distribucionarc.com\/de\/produkt-2\/elektrische-muhle-fur-getreide-komprimiertes-getreide\/","og_site_name":"distribuci\u00f3n ARC","article_modified_time":"2023-05-04T07:38:59+00:00","og_image":[{"width":1600,"height":1600,"url":"https:\/\/distribucionarc.com\/wp-content\/uploads\/2020\/08\/Molinillo-el\u00e9ctrico-para-granos-cereales-comprimidos-0.jpg","type":"image\/jpeg"}],"twitter_card":"summary_large_image","twitter_misc":{"Gesch\u00e4tzte Lesezeit":"1\u00a0Minute"},"schema":{"@context":"https:\/\/schema.org","@graph":[{"@type":"WebPage","@id":"https:\/\/distribucionarc.com\/pt\/producto\/molinillo-electrico-para-granos-cereales-comprimidos\/","url":"https:\/\/distribucionarc.com\/pt\/producto\/molinillo-electrico-para-granos-cereales-comprimidos\/","name":"Elektrische M\u00fchle f\u00fcr Getreide, Cerealien, Tabletten \u2013 ARC-Vertrieb","isPartOf":{"@id":"https:\/\/distribucionarc.com\/de\/#website"},"primaryImageOfPage":{"@id":"https:\/\/distribucionarc.com\/pt\/producto\/molinillo-electrico-para-granos-cereales-comprimidos\/#primaryimage"},"image":{"@id":"https:\/\/distribucionarc.com\/pt\/producto\/molinillo-electrico-para-granos-cereales-comprimidos\/#primaryimage"},"thumbnailUrl":"https:\/\/distribucionarc.com\/wp-content\/uploads\/2020\/08\/Molinillo-el\u00e9ctrico-para-granos-cereales-comprimidos-0.jpg","datePublished":"2020-08-25T10:29:59+00:00","dateModified":"2023-05-04T07:38:59+00:00","breadcrumb":{"@id":"https:\/\/distribucionarc.com\/pt\/producto\/molinillo-electrico-para-granos-cereales-comprimidos\/#breadcrumb"},"inLanguage":"de","potentialAction":[{"@type":"ReadAction","target":["https:\/\/distribucionarc.com\/pt\/producto\/molinillo-electrico-para-granos-cereales-comprimidos\/"]}]},{"@type":"ImageObject","inLanguage":"de","@id":"https:\/\/distribucionarc.com\/pt\/producto\/molinillo-electrico-para-granos-cereales-comprimidos\/#primaryimage","url":"https:\/\/distribucionarc.com\/wp-content\/uploads\/2020\/08\/Molinillo-el\u00e9ctrico-para-granos-cereales-comprimidos-0.jpg","contentUrl":"https:\/\/distribucionarc.com\/wp-content\/uploads\/2020\/08\/Molinillo-el\u00e9ctrico-para-granos-cereales-comprimidos-0.jpg","width":1600,"height":1600,"caption":"Molinillo electrico para granos, cereales, comprimidos"},{"@type":"BreadcrumbList","@id":"https:\/\/distribucionarc.com\/pt\/producto\/molinillo-electrico-para-granos-cereales-comprimidos\/#breadcrumb","itemListElement":[{"@type":"ListItem","position":1,"name":"Portada","item":"https:\/\/distribucionarc.com\/pl\/"},{"@type":"ListItem","position":2,"name":"Produkty","item":"https:\/\/distribucionarc.com\/pl\/shop\/"},{"@type":"ListItem","position":3,"name":"Molinillo electrico para granos, cereales, comprimidos"}]},{"@type":"WebSite","@id":"https:\/\/distribucionarc.com\/de\/#website","url":"https:\/\/distribucionarc.com\/de\/","name":"ARC-Verteilung","description":"Das Unternehmen ist auf die Herstellung und den Vertrieb von Industriemaschinen, Dosenverschlie\u00dfmaschinen, Tablettenmaschinen, Fleischschneidemaschinen...","publisher":{"@id":"https:\/\/distribucionarc.com\/de\/#organization"},"potentialAction":[{"@type":"SearchAction","target":{"@type":"EntryPoint","urlTemplate":"https:\/\/distribucionarc.com\/de\/?s={search_term_string}"},"query-input":{"@type":"PropertyValueSpecification","valueRequired":true,"valueName":"search_term_string"}}],"inLanguage":"de"},{"@type":"Organization","@id":"https:\/\/distribucionarc.com\/de\/#organization","name":"ARC-Verteilung","url":"https:\/\/distribucionarc.com\/de\/","logo":{"@type":"ImageObject","inLanguage":"de","@id":"https:\/\/distribucionarc.com\/de\/#\/schema\/logo\/image\/","url":"https:\/\/distribucionarc.com\/wp-content\/uploads\/2024\/10\/distribucion-ARC-COLOR-SIN-FONDO-e1732295305345.png","contentUrl":"https:\/\/distribucionarc.com\/wp-content\/uploads\/2024\/10\/distribucion-ARC-COLOR-SIN-FONDO-e1732295305345.png","width":1164,"height":558,"caption":"Distribuci\u00f3n ARC"},"image":{"@id":"https:\/\/distribucionarc.com\/de\/#\/schema\/logo\/image\/"},"description":"Unternehmen, das auf die Herstellung und den Vertrieb von Industriemaschinen f\u00fcr den Lebensmittel- und Pharmasektor spezialisiert ist. Wir sind spezialisiert auf: Fleischschneidemaschinen Tablettenherstellung Industrielle F\u00f6rdersysteme Abf\u00fcllanlagen Dispenser Und vieles mehr... Wir bieten innovative und ma\u00dfgeschneiderte L\u00f6sungen zur Optimierung der Produktionsprozesse in Ihrem Unternehmen.","email":"Admistracion@distribucionarc.com","telephone":"+34 643496664","legalName":"ARC TECH SOLUTIONS","foundingDate":"2024-04-09","vatID":"B55480172","numberOfEmployees":{"@type":"QuantitativeValue","minValue":"1","maxValue":"10"}}]}},"_links":{"self":[{"href":"https:\/\/distribucionarc.com\/de\/wp-json\/wp\/v2\/product\/2868","targetHints":{"allow":["GET"]}}],"collection":[{"href":"https:\/\/distribucionarc.com\/de\/wp-json\/wp\/v2\/product"}],"about":[{"href":"https:\/\/distribucionarc.com\/de\/wp-json\/wp\/v2\/types\/product"}],"replies":[{"embeddable":true,"href":"https:\/\/distribucionarc.com\/de\/wp-json\/wp\/v2\/comments?post=2868"}],"version-history":[{"count":0,"href":"https:\/\/distribucionarc.com\/de\/wp-json\/wp\/v2\/product\/2868\/revisions"}],"wp:featuredmedia":[{"embeddable":true,"href":"https:\/\/distribucionarc.com\/de\/wp-json\/wp\/v2\/media\/2869"}],"wp:attachment":[{"href":"https:\/\/distribucionarc.com\/de\/wp-json\/wp\/v2\/media?parent=2868"}],"wp:term":[{"taxonomy":"product_brand","embeddable":true,"href":"https:\/\/distribucionarc.com\/de\/wp-json\/wp\/v2\/product_brand?post=2868"},{"taxonomy":"product_cat","embeddable":true,"href":"https:\/\/distribucionarc.com\/de\/wp-json\/wp\/v2\/product_cat?post=2868"},{"taxonomy":"product_tag","embeddable":true,"href":"https:\/\/distribucionarc.com\/de\/wp-json\/wp\/v2\/product_tag?post=2868"}],"curies":[{"name":"wp","href":"https:\/\/api.w.org\/{rel}","templated":true}]}}