{"id":2894,"date":"2020-08-25T12:35:57","date_gmt":"2020-08-25T12:35:57","guid":{"rendered":"https:\/\/distribucionarc.com\/?post_type=product&#038;p=2894"},"modified":"2020-10-01T11:19:52","modified_gmt":"2020-10-01T11:19:52","slug":"glasfaser-schweisgerat-glasfaser-fusionsspleisgerat-al-8","status":"publish","type":"product","link":"https:\/\/distribucionarc.com\/de\/producto\/soldadora-de-fibra-optica-empalmadora-de-fibra-de-fusion-al-8\/","title":{"rendered":"Glasfaserschwei\u00dfger\u00e4t, Al-8-Faserfusionssplei\u00dfer"},"content":{"rendered":"<h3>Glasfaserschwei\u00dfger\u00e4t, Al-8-Faserfusionssplei\u00dfer<\/h3>\n<p>Der <strong>Glasfaser-Splei\u00dfger\u00e4t <span style=\"color: #ff0000;\">ZU<\/span><span style=\"color: #0000ff;\">R<\/span>C<\/strong> Es eignet sich besonders f\u00fcr Glasfaser- und Kabelprojekte, wissenschaftliche Forschung und Wartung. SM-, MM-, Blankfaser-, gummiisoliertes Mehrfaserkabel. Anwendbare Fasern: SM (G.652 und G.657); MM (G.651); DS (G.657); NZDS (G.655). Vollst\u00e4ndig qualifiziert f\u00fcr FTTH-Projekte, Sicherheits\u00fcberwachung und andere Glasfaserkabel-Splei\u00dfprojekte.<\/p>\n<p>Es verwendet einen 5-Zoll-800 Eingebauter 7800-mAh-Lithium-Akku mit hoher Kapazit\u00e4t, Ladezeit \u2264 3,5 Stunden, kontinuierliches Splei\u00dfen und Erhitzen etwa 200 Mal<\/p>\n<p>Der Werkzeugkasten von<strong> Fasersplei\u00dfger\u00e4t <span style=\"color: #ff0000;\">ZU<\/span><span style=\"color: #0000ff;\">R<\/span>CSFO8<\/strong> Um dem Bediener die Arbeit zu erleichtern, wird ein Hocker mitgeliefert, der bis zu 100 kg tragen kann. W\u00e4hrend der Arbeit muss die Splei\u00dfmaschine nicht aus dem Werkzeugkasten genommen werden. Mit dem Multifunktionsanschluss k\u00f6nnen Sie nachts das externe LED-Licht f\u00fcr eine pr\u00e4zise Bedienung nutzen; Erm\u00f6glicht das Laden Ihres Telefons mit der Ladespannung von 13,5 VDC\/4 A.<\/p>\n<h6><strong>Garantie <span style=\"color: #ff0000;\">ZU<\/span><\/strong><strong style=\"font-style: normal; font-size: 17.6px;\"><span style=\"color: #0000ff;\">R<\/span><\/strong><strong style=\"font-size: 1.1em;\">C 2 JAHRE<\/strong><\/h6>\n<h6><strong>Technischer Support inklusive<\/strong><\/h6>\n<p>&nbsp;<\/p>\n<table role=\"presentation\" width=\"100%\" cellspacing=\"0\" cellpadding=\"0\">\n<tbody>\n<tr>\n<td class=\"attrLabels\">Marke:<\/td>\n<td width=\"50.0%\">BOGEN<\/td>\n<\/tr>\n<tr>\n<td class=\"attrLabels\">Vertriebsland:<\/td>\n<td width=\"50.0%\">Spanien, Deutschland, USA<\/td>\n<td class=\"attrLabels\">Splei\u00dfzeit:<\/td>\n<td width=\"50.0%\">6 Sekunden<\/td>\n<\/tr>\n<tr>\n<td class=\"attrLabels\">Herstellernummer:<\/td>\n<td width=\"50.0%\">ARCSFO8<\/td>\n<td class=\"attrLabels\">Aufheizzeit:<\/td>\n<td width=\"50.0%\">15 Sekunden<\/td>\n<\/tr>\n<tr>\n<td class=\"attrLabels\">Farbe:<\/td>\n<td width=\"50.0%\">Gr\u00fcn, Silber<\/td>\n<td class=\"attrLabels\">Splei\u00dfverlust:<\/td>\n<td width=\"50.0%\">0,025 dBm (SM) \/ 0,01 dB (MM) \/ 0,04 dB (DS \/ NZDS)<\/td>\n<\/tr>\n<tr>\n<td class=\"attrLabels\">Produkttyp:<\/td>\n<td width=\"50.0%\">Glasfaser-Splei\u00dfger\u00e4t<\/td>\n<td class=\"attrLabels\">Anwendbare Fasern:<\/td>\n<td width=\"50.0%\">SM (G.652 &amp; G.657) \/ MM (G.651) DS (G.657) \/ NZDS (G.655)<\/td>\n<\/tr>\n<tr>\n<td class=\"attrLabels\">Gewicht:<\/td>\n<td width=\"50.0%\">10,2 kg<\/td>\n<td class=\"attrLabels\">Batteriekapazit\u00e4t:<\/td>\n<td width=\"50.0%\">7800 mAh<\/td>\n<\/tr>\n<tr>\n<td class=\"attrLabels\">H\u00f6he:<\/td>\n<td width=\"50.0%\">15<\/td>\n<td class=\"attrLabels\">Eingangsspannung<\/td>\n<td width=\"50.0%\">230V \u2013 50Hz<\/td>\n<\/tr>\n<tr>\n<td class=\"attrLabels\">Lang:<\/td>\n<td width=\"50.0%\">\u00a0 17<\/td>\n<td class=\"attrLabels\">Ladezeit:<\/td>\n<td width=\"50.0%\">\u22643,5H<\/td>\n<\/tr>\n<tr>\n<td class=\"attrLabels\">Breit:<\/td>\n<td width=\"50.0%\">23<\/td>\n<td class=\"attrLabels\">Eingangsspannung:<\/td>\n<td width=\"50.0%\">AC100-240V 50\/60Hz<\/td>\n<\/tr>\n<\/tbody>\n<\/table>","protected":false},"excerpt":{"rendered":"<h2>Glasfaserschwei\u00dfger\u00e4t, Al-8-Faserfusionssplei\u00dfer<\/h2>\n<p><strong><span style=\"color: #ff0000;\">ZU<\/span><span style=\"color: #0000ff;\">R<\/span>C<\/strong> bietet Ihnen das <strong>Faserschmelzschwei\u00dfger\u00e4t f\u00fcr Al-8-Elektroden<\/strong> Top mit Splei\u00dfmodus mit 5 Zoll 800 x 480 hochaufl\u00f6sendem Bildschirm, einfache und intuitive Bedienung. Die Maschine wird haupts\u00e4chlich zum Verbinden von Lichtwellenleitern verwendet, die zus\u00e4tzlich mit gew\u00f6hnlichen Lichtwellenleitern, Jumpern und mehrfach verschobenen Dispersions-, Singlemode- und Multimode-Quarzlichtwellenleitern verbunden werden k\u00f6nnen.<\/p>\n<h6><strong>Garantie <span style=\"color: #ff0000;\">ZU<\/span><\/strong><strong style=\"font-style: normal; font-size: 17.6px;\"><span style=\"color: #0000ff;\">R<\/span><\/strong><strong style=\"font-size: 1.1em;\">C 2 JAHRE<\/strong><\/h6>\n<h6><strong>Technischer Support inklusive<\/strong><\/h6>\n<div id=\"gtx-trans\" style=\"position: absolute; left: 173px; top: 116.556px;\">\n<div class=\"gtx-trans-icon\"><\/div>\n<\/div>","protected":false},"featured_media":2901,"comment_status":"open","ping_status":"closed","template":"","meta":{"wds_primary_product_brand":0,"wds_primary_product_cat":0},"product_brand":[],"product_cat":[69],"product_tag":[],"class_list":{"0":"post-2894","1":"product","2":"type-product","3":"status-publish","4":"has-post-thumbnail","6":"product_cat-maquinas-variadas","7":"product_shipping_class-express","9":"first","10":"instock","11":"sale","12":"taxable","13":"shipping-taxable","14":"purchasable","15":"product-type-simple"},"yoast_head":"<!-- This site is optimized with the Yoast SEO Premium plugin v24.9 (Yoast SEO v26.1) - https:\/\/yoast.com\/wordpress\/plugins\/seo\/ -->\n<title>Soldadora de fibra \u00f3ptica, empalmadora de fibra de fusi\u00f3n Al-8 - distribuci\u00f3n ARC<\/title>\n<meta name=\"robots\" content=\"index, follow, max-snippet:-1, max-image-preview:large, max-video-preview:-1\" \/>\n<link rel=\"canonical\" href=\"https:\/\/distribucionarc.com\/de\/produkt-2\/glasfaser-schweisgerat-glasfaser-fusionsspleisgerat-al-8\/\" \/>\n<meta property=\"og:locale\" content=\"de_DE\" \/>\n<meta property=\"og:type\" content=\"article\" \/>\n<meta property=\"og:title\" content=\"Soldadora de fibra \u00f3ptica, empalmadora de fibra de fusi\u00f3n Al-8\" \/>\n<meta property=\"og:description\" content=\"Soldadora de fibra \u00f3ptica, empalmadora de fibra de fusi\u00f3n Al-8 ARC le ofrece el soldador de fusi\u00f3n de fibra para electrodos Al-8 superior con modo de empalme con pantalla de alta resoluci\u00f3n de 5 pulgadas 800 X 480, funcionamiento simple e intuitivo. La m\u00e1quina se utiliza principalmente para conectar fibras \u00f3pticas, que adem\u00e1s se pueden conectar con cables de fibra \u00f3ptica ordinarios, puentes y m\u00faltiples fibras \u00f3pticas de cuarzo de dispersi\u00f3n desplazada, monomodo y multimodo. Garant\u00eda ARC 2 A\u00d1OS soporte t\u00e9cnico incluido\" \/>\n<meta property=\"og:url\" content=\"https:\/\/distribucionarc.com\/de\/produkt-2\/glasfaser-schweisgerat-glasfaser-fusionsspleisgerat-al-8\/\" \/>\n<meta property=\"og:site_name\" content=\"distribuci\u00f3n ARC\" \/>\n<meta property=\"article:modified_time\" content=\"2020-10-01T11:19:52+00:00\" \/>\n<meta property=\"og:image\" content=\"https:\/\/distribucionarc.com\/wp-content\/uploads\/2020\/08\/Soldadora-de-fibra-\u00f3ptica-empalmadora-de-fibra-de-fusi\u00f3n-Al-8-0.jpg\" \/>\n\t<meta property=\"og:image:width\" content=\"1600\" \/>\n\t<meta property=\"og:image:height\" content=\"1600\" \/>\n\t<meta property=\"og:image:type\" content=\"image\/jpeg\" \/>\n<meta name=\"twitter:card\" content=\"summary_large_image\" \/>\n<meta name=\"twitter:label1\" content=\"Gesch\u00e4tzte Lesezeit\" \/>\n\t<meta name=\"twitter:data1\" content=\"1\u00a0Minute\" \/>\n<script type=\"application\/ld+json\" class=\"yoast-schema-graph\">{\"@context\":\"https:\/\/schema.org\",\"@graph\":[{\"@type\":\"WebPage\",\"@id\":\"https:\/\/distribucionarc.com\/bg\/producto\/soldadora-de-fibra-optica-empalmadora-de-fibra-de-fusion-al-8\/\",\"url\":\"https:\/\/distribucionarc.com\/bg\/producto\/soldadora-de-fibra-optica-empalmadora-de-fibra-de-fusion-al-8\/\",\"name\":\"Soldadora de fibra \u00f3ptica, empalmadora de fibra de fusi\u00f3n Al-8 - distribuci\u00f3n ARC\",\"isPartOf\":{\"@id\":\"https:\/\/www.distribucionarc.com\/sl\/#website\"},\"primaryImageOfPage\":{\"@id\":\"https:\/\/distribucionarc.com\/bg\/producto\/soldadora-de-fibra-optica-empalmadora-de-fibra-de-fusion-al-8\/#primaryimage\"},\"image\":{\"@id\":\"https:\/\/distribucionarc.com\/bg\/producto\/soldadora-de-fibra-optica-empalmadora-de-fibra-de-fusion-al-8\/#primaryimage\"},\"thumbnailUrl\":\"https:\/\/distribucionarc.com\/wp-content\/uploads\/2020\/08\/Soldadora-de-fibra-\u00f3ptica-empalmadora-de-fibra-de-fusi\u00f3n-Al-8-0.jpg\",\"datePublished\":\"2020-08-25T12:35:57+00:00\",\"dateModified\":\"2020-10-01T11:19:52+00:00\",\"breadcrumb\":{\"@id\":\"https:\/\/distribucionarc.com\/bg\/producto\/soldadora-de-fibra-optica-empalmadora-de-fibra-de-fusion-al-8\/#breadcrumb\"},\"inLanguage\":\"de\",\"potentialAction\":[{\"@type\":\"ReadAction\",\"target\":[\"https:\/\/distribucionarc.com\/bg\/producto\/soldadora-de-fibra-optica-empalmadora-de-fibra-de-fusion-al-8\/\"]}]},{\"@type\":\"ImageObject\",\"inLanguage\":\"de\",\"@id\":\"https:\/\/distribucionarc.com\/bg\/producto\/soldadora-de-fibra-optica-empalmadora-de-fibra-de-fusion-al-8\/#primaryimage\",\"url\":\"https:\/\/distribucionarc.com\/wp-content\/uploads\/2020\/08\/Soldadora-de-fibra-\u00f3ptica-empalmadora-de-fibra-de-fusi\u00f3n-Al-8-0.jpg\",\"contentUrl\":\"https:\/\/distribucionarc.com\/wp-content\/uploads\/2020\/08\/Soldadora-de-fibra-\u00f3ptica-empalmadora-de-fibra-de-fusi\u00f3n-Al-8-0.jpg\",\"width\":1600,\"height\":1600,\"caption\":\"Soldadora de fibra \u00f3ptica, empalmadora de fibra de fusi\u00f3n Al-8\"},{\"@type\":\"BreadcrumbList\",\"@id\":\"https:\/\/distribucionarc.com\/bg\/producto\/soldadora-de-fibra-optica-empalmadora-de-fibra-de-fusion-al-8\/#breadcrumb\",\"itemListElement\":[{\"@type\":\"ListItem\",\"position\":1,\"name\":\"Portada\",\"item\":\"https:\/\/www.distribucionarc.com\/\"},{\"@type\":\"ListItem\",\"position\":2,\"name\":\"\u00dcr\u00fcnler\",\"item\":\"https:\/\/www.distribucionarc.com\/tr\/magaza\/\"},{\"@type\":\"ListItem\",\"position\":3,\"name\":\"Soldadora de fibra \u00f3ptica, empalmadora de fibra de fusi\u00f3n Al-8\"}]},{\"@type\":\"WebSite\",\"@id\":\"https:\/\/www.distribucionarc.com\/sl\/#website\",\"url\":\"https:\/\/www.distribucionarc.com\/sl\/\",\"name\":\"distribuci\u00f3n ARC\",\"description\":\"Empresa especializada en la fabricaci\u00f3n y distribuci\u00f3n de maquinaria industrial, selladoras de latas, Maquinas de hacer pastillas, Maquinas de cortar carne...\",\"publisher\":{\"@id\":\"https:\/\/www.distribucionarc.com\/sl\/#organization\"},\"potentialAction\":[{\"@type\":\"SearchAction\",\"target\":{\"@type\":\"EntryPoint\",\"urlTemplate\":\"https:\/\/www.distribucionarc.com\/sl\/?s={search_term_string}\"},\"query-input\":{\"@type\":\"PropertyValueSpecification\",\"valueRequired\":true,\"valueName\":\"search_term_string\"}}],\"inLanguage\":\"de\"},{\"@type\":\"Organization\",\"@id\":\"https:\/\/www.distribucionarc.com\/sl\/#organization\",\"name\":\"Distribuci\u00f3n ARC\",\"url\":\"https:\/\/www.distribucionarc.com\/sl\/\",\"logo\":{\"@type\":\"ImageObject\",\"inLanguage\":\"de\",\"@id\":\"https:\/\/www.distribucionarc.com\/sl\/#\/schema\/logo\/image\/\",\"url\":\"https:\/\/distribucionarc.com\/wp-content\/uploads\/2024\/10\/distribucion-ARC-COLOR-SIN-FONDO-e1732295305345.png\",\"contentUrl\":\"https:\/\/distribucionarc.com\/wp-content\/uploads\/2024\/10\/distribucion-ARC-COLOR-SIN-FONDO-e1732295305345.png\",\"width\":1164,\"height\":558,\"caption\":\"Distribuci\u00f3n ARC\"},\"image\":{\"@id\":\"https:\/\/www.distribucionarc.com\/sl\/#\/schema\/logo\/image\/\"},\"description\":\"Empresa especializada en la fabricaci\u00f3n y distribuci\u00f3n de maquinaria industrial para los sectores alimentario y farmac\u00e9utico. Nos especializamos en: M\u00e1quinas de cortar carne Fabricaci\u00f3n de comprimidos Sistemas de transporte industrial L\u00edneas de embotellado Dosificadores Y mucho m\u00e1s... Ofrecemos soluciones innovadoras y personalizadas para optimizar los procesos productivos de tu empresa.\",\"email\":\"Admistracion@distribucionarc.com\",\"telephone\":\"+34 643496664\",\"legalName\":\"ARC TECH SOLUTIONS\",\"foundingDate\":\"2024-04-09\",\"vatID\":\"B55480172\",\"numberOfEmployees\":{\"@type\":\"QuantitativeValue\",\"minValue\":\"1\",\"maxValue\":\"10\"}}]}<\/script>\n<!-- \/ Yoast SEO Premium plugin. -->","yoast_head_json":{"title":"Glasfaserschwei\u00dfger\u00e4t, Al-8-Faserfusionssplei\u00dfger\u00e4t \u2013 ARC-Verteilung","robots":{"index":"index","follow":"follow","max-snippet":"max-snippet:-1","max-image-preview":"max-image-preview:large","max-video-preview":"max-video-preview:-1"},"canonical":"https:\/\/distribucionarc.com\/de\/produkt-2\/glasfaser-schweisgerat-glasfaser-fusionsspleisgerat-al-8\/","og_locale":"de_DE","og_type":"article","og_title":"Soldadora de fibra \u00f3ptica, empalmadora de fibra de fusi\u00f3n Al-8","og_description":"Soldadora de fibra \u00f3ptica, empalmadora de fibra de fusi\u00f3n Al-8 ARC le ofrece el soldador de fusi\u00f3n de fibra para electrodos Al-8 superior con modo de empalme con pantalla de alta resoluci\u00f3n de 5 pulgadas 800 X 480, funcionamiento simple e intuitivo. La m\u00e1quina se utiliza principalmente para conectar fibras \u00f3pticas, que adem\u00e1s se pueden conectar con cables de fibra \u00f3ptica ordinarios, puentes y m\u00faltiples fibras \u00f3pticas de cuarzo de dispersi\u00f3n desplazada, monomodo y multimodo. Garant\u00eda ARC 2 A\u00d1OS soporte t\u00e9cnico incluido","og_url":"https:\/\/distribucionarc.com\/de\/produkt-2\/glasfaser-schweisgerat-glasfaser-fusionsspleisgerat-al-8\/","og_site_name":"distribuci\u00f3n ARC","article_modified_time":"2020-10-01T11:19:52+00:00","og_image":[{"width":1600,"height":1600,"url":"https:\/\/distribucionarc.com\/wp-content\/uploads\/2020\/08\/Soldadora-de-fibra-\u00f3ptica-empalmadora-de-fibra-de-fusi\u00f3n-Al-8-0.jpg","type":"image\/jpeg"}],"twitter_card":"summary_large_image","twitter_misc":{"Gesch\u00e4tzte Lesezeit":"1\u00a0Minute"},"schema":{"@context":"https:\/\/schema.org","@graph":[{"@type":"WebPage","@id":"https:\/\/distribucionarc.com\/bg\/producto\/soldadora-de-fibra-optica-empalmadora-de-fibra-de-fusion-al-8\/","url":"https:\/\/distribucionarc.com\/bg\/producto\/soldadora-de-fibra-optica-empalmadora-de-fibra-de-fusion-al-8\/","name":"Glasfaserschwei\u00dfger\u00e4t, Al-8-Faserfusionssplei\u00dfger\u00e4t \u2013 ARC-Verteilung","isPartOf":{"@id":"https:\/\/www.distribucionarc.com\/sl\/#website"},"primaryImageOfPage":{"@id":"https:\/\/distribucionarc.com\/bg\/producto\/soldadora-de-fibra-optica-empalmadora-de-fibra-de-fusion-al-8\/#primaryimage"},"image":{"@id":"https:\/\/distribucionarc.com\/bg\/producto\/soldadora-de-fibra-optica-empalmadora-de-fibra-de-fusion-al-8\/#primaryimage"},"thumbnailUrl":"https:\/\/distribucionarc.com\/wp-content\/uploads\/2020\/08\/Soldadora-de-fibra-\u00f3ptica-empalmadora-de-fibra-de-fusi\u00f3n-Al-8-0.jpg","datePublished":"2020-08-25T12:35:57+00:00","dateModified":"2020-10-01T11:19:52+00:00","breadcrumb":{"@id":"https:\/\/distribucionarc.com\/bg\/producto\/soldadora-de-fibra-optica-empalmadora-de-fibra-de-fusion-al-8\/#breadcrumb"},"inLanguage":"de","potentialAction":[{"@type":"ReadAction","target":["https:\/\/distribucionarc.com\/bg\/producto\/soldadora-de-fibra-optica-empalmadora-de-fibra-de-fusion-al-8\/"]}]},{"@type":"ImageObject","inLanguage":"de","@id":"https:\/\/distribucionarc.com\/bg\/producto\/soldadora-de-fibra-optica-empalmadora-de-fibra-de-fusion-al-8\/#primaryimage","url":"https:\/\/distribucionarc.com\/wp-content\/uploads\/2020\/08\/Soldadora-de-fibra-\u00f3ptica-empalmadora-de-fibra-de-fusi\u00f3n-Al-8-0.jpg","contentUrl":"https:\/\/distribucionarc.com\/wp-content\/uploads\/2020\/08\/Soldadora-de-fibra-\u00f3ptica-empalmadora-de-fibra-de-fusi\u00f3n-Al-8-0.jpg","width":1600,"height":1600,"caption":"Soldadora de fibra \u00f3ptica, empalmadora de fibra de fusi\u00f3n Al-8"},{"@type":"BreadcrumbList","@id":"https:\/\/distribucionarc.com\/bg\/producto\/soldadora-de-fibra-optica-empalmadora-de-fibra-de-fusion-al-8\/#breadcrumb","itemListElement":[{"@type":"ListItem","position":1,"name":"Portada","item":"https:\/\/www.distribucionarc.com\/"},{"@type":"ListItem","position":2,"name":"\u00dcr\u00fcnler","item":"https:\/\/www.distribucionarc.com\/tr\/magaza\/"},{"@type":"ListItem","position":3,"name":"Soldadora de fibra \u00f3ptica, empalmadora de fibra de fusi\u00f3n Al-8"}]},{"@type":"WebSite","@id":"https:\/\/www.distribucionarc.com\/sl\/#website","url":"https:\/\/www.distribucionarc.com\/sl\/","name":"ARC-Verteilung","description":"Das Unternehmen ist auf die Herstellung und den Vertrieb von Industriemaschinen, Dosenverschlie\u00dfmaschinen, Tablettenmaschinen, Fleischschneidemaschinen...","publisher":{"@id":"https:\/\/www.distribucionarc.com\/sl\/#organization"},"potentialAction":[{"@type":"SearchAction","target":{"@type":"EntryPoint","urlTemplate":"https:\/\/www.distribucionarc.com\/sl\/?s={search_term_string}"},"query-input":{"@type":"PropertyValueSpecification","valueRequired":true,"valueName":"search_term_string"}}],"inLanguage":"de"},{"@type":"Organization","@id":"https:\/\/www.distribucionarc.com\/sl\/#organization","name":"ARC-Verteilung","url":"https:\/\/www.distribucionarc.com\/sl\/","logo":{"@type":"ImageObject","inLanguage":"de","@id":"https:\/\/www.distribucionarc.com\/sl\/#\/schema\/logo\/image\/","url":"https:\/\/distribucionarc.com\/wp-content\/uploads\/2024\/10\/distribucion-ARC-COLOR-SIN-FONDO-e1732295305345.png","contentUrl":"https:\/\/distribucionarc.com\/wp-content\/uploads\/2024\/10\/distribucion-ARC-COLOR-SIN-FONDO-e1732295305345.png","width":1164,"height":558,"caption":"Distribuci\u00f3n ARC"},"image":{"@id":"https:\/\/www.distribucionarc.com\/sl\/#\/schema\/logo\/image\/"},"description":"Unternehmen, das auf die Herstellung und den Vertrieb von Industriemaschinen f\u00fcr den Lebensmittel- und Pharmasektor spezialisiert ist. Wir sind spezialisiert auf: Fleischschneidemaschinen Tablettenherstellung Industrielle F\u00f6rdersysteme Abf\u00fcllanlagen Dispenser Und vieles mehr... Wir bieten innovative und ma\u00dfgeschneiderte L\u00f6sungen zur Optimierung der Produktionsprozesse in Ihrem Unternehmen.","email":"Admistracion@distribucionarc.com","telephone":"+34 643496664","legalName":"ARC TECH SOLUTIONS","foundingDate":"2024-04-09","vatID":"B55480172","numberOfEmployees":{"@type":"QuantitativeValue","minValue":"1","maxValue":"10"}}]}},"_links":{"self":[{"href":"https:\/\/distribucionarc.com\/de\/wp-json\/wp\/v2\/product\/2894","targetHints":{"allow":["GET"]}}],"collection":[{"href":"https:\/\/distribucionarc.com\/de\/wp-json\/wp\/v2\/product"}],"about":[{"href":"https:\/\/distribucionarc.com\/de\/wp-json\/wp\/v2\/types\/product"}],"replies":[{"embeddable":true,"href":"https:\/\/distribucionarc.com\/de\/wp-json\/wp\/v2\/comments?post=2894"}],"version-history":[{"count":0,"href":"https:\/\/distribucionarc.com\/de\/wp-json\/wp\/v2\/product\/2894\/revisions"}],"wp:featuredmedia":[{"embeddable":true,"href":"https:\/\/distribucionarc.com\/de\/wp-json\/wp\/v2\/media\/2901"}],"wp:attachment":[{"href":"https:\/\/distribucionarc.com\/de\/wp-json\/wp\/v2\/media?parent=2894"}],"wp:term":[{"taxonomy":"product_brand","embeddable":true,"href":"https:\/\/distribucionarc.com\/de\/wp-json\/wp\/v2\/product_brand?post=2894"},{"taxonomy":"product_cat","embeddable":true,"href":"https:\/\/distribucionarc.com\/de\/wp-json\/wp\/v2\/product_cat?post=2894"},{"taxonomy":"product_tag","embeddable":true,"href":"https:\/\/distribucionarc.com\/de\/wp-json\/wp\/v2\/product_tag?post=2894"}],"curies":[{"name":"wp","href":"https:\/\/api.w.org\/{rel}","templated":true}]}}