{"id":2919,"date":"2020-08-25T15:22:34","date_gmt":"2020-08-25T15:22:34","guid":{"rendered":"https:\/\/distribucionarc.com\/?post_type=product&#038;p=2919"},"modified":"2020-10-01T11:25:52","modified_gmt":"2020-10-01T11:25:52","slug":"wurstmaschine-elektrisch-25l","status":"publish","type":"product","link":"https:\/\/distribucionarc.com\/de\/producto\/maquina-para-embutidos-electrica-25l\/","title":{"rendered":"25L elektrische Wurstmaschine"},"content":{"rendered":"<h3><strong>25L elektrische Wurstmaschine<\/strong><\/h3>\n<p>Der<b> elektrische professionelle Wurstmaschine\u00a0<span style=\"color: #ff0000;\">ZU<\/span><span style=\"color: #0000ff;\">R<\/span>CMPS25<\/b>\u00a0Es ist aus hochwertigem Edelstahl gefertigt und verf\u00fcgt \u00fcber modernste Features. Es zeichnet sich durch ein Sicherheitsverbindungssystem zur Verbindung des Fasses mit dem Sockel aus, sodass es zum Bef\u00fcllen leicht teilweise zerlegt und zum Reinigen vollst\u00e4ndig zerlegt werden kann. Der Kolben ist mit einem pneumatischen Ventil ausgestattet, um ein \u00fcberm\u00e4\u00dfiges Eindringen von Luft zu verhindern und perfekte W\u00fcrste zu erzeugen. Die besonders langlebige Kolbendichtung erm\u00f6glicht Ihnen ein einfaches Bef\u00fcllen der Maschine.<\/p>\n<p>Alle Zahnr\u00e4der und die Kolbenstange sind aus Metall\u00a0<b>F\u00fcller<\/b>\u00a0<strong><span style=\"color: #ff0000;\">ZU<\/span><span style=\"color: #0000ff;\">R<\/span>C<\/strong>\u00a0Der lebensmittelechte Kolben mit Dichtung h\u00e4lt hohem Druck stand und verhindert, dass Produkt \u00fcber den Kolben ausl\u00e4uft.<\/p>\n<p>Der\u00a0<strong><span style=\"color: #ff0000;\">ZU<\/span><span style=\"color: #0000ff;\">R<\/span>CMPS25<\/strong>\u00a0Es verf\u00fcgt \u00fcber ein Entl\u00fcftungsventil, um den Luftstrom zu reduzieren und Lufteinschl\u00fcsse in den W\u00fcrstchen zu verhindern. Steuerung per Fu\u00dfschalter<strong>\u00a0Wurstf\u00fcller<\/strong>\u00a0Erm\u00f6glicht freih\u00e4ndiges Arbeiten. Das schnell abnehmbare Laufdesign erleichtert die Reinigung und erh\u00f6ht die Haltbarkeit der Maschine.<\/p>\n<p>Der effiziente Motor des\u00a0<b>Wurstmaschine<\/b>\u00a0von<strong>\u00a0<span style=\"color: #ff0000;\">ZU<\/span><span style=\"color: #0000ff;\">R<\/span>C<\/strong>\u00a0Sie beg\u00fcnstigen die Produktion, indem sie a\u00a0<strong><span style=\"color: #008000;\">Minimaler Stromverbrauch von nur 135 W<\/span>. <\/strong>Weit verbreitet in K\u00fcchen, Restaurants und vielen Lebensmittelverarbeitungsbetrieben.<\/p>\n<h6><\/h6>\n<h6>Garantie<strong>\u00a0<span style=\"color: #ff0000;\">ZU<\/span><span style=\"color: #0000ff;\">R<\/span>C 2 JAHRE<\/strong><\/h6>\n<h6><span style=\"color: #008000;\">Effizienterer Motor mit geringem Verbrauch 135 W<\/span><\/h6>\n<h6>Technischer Support inklusive.<\/h6>\n<p>&nbsp;<\/p>\n<table role=\"presentation\" width=\"100%\" cellspacing=\"0\" cellpadding=\"0\">\n<tbody>\n<tr>\n<td class=\"attrLabels\">Leistung:<\/td>\n<td width=\"50.0%\">135 W<\/td>\n<\/tr>\n<tr>\n<td class=\"attrLabels\">Stromspannung:<\/td>\n<td width=\"50.0%\">220V 50Hz bis 60Hz<\/td>\n<td class=\"attrLabels\">Gewicht:<\/td>\n<td width=\"50.0%\">58 kg<\/td>\n<\/tr>\n<tr>\n<td class=\"attrLabels\">Vertriebsland:<\/td>\n<td width=\"50.0%\">Spanien, Deutschland, USA<\/td>\n<td class=\"attrLabels\">H\u00f6he:<\/td>\n<td width=\"50.0%\">90.9 cm<\/td>\n<\/tr>\n<tr>\n<td class=\"attrLabels\">Marke:<\/td>\n<td width=\"50.0%\">BOGEN<\/td>\n<td class=\"attrLabels\">Lang:<\/td>\n<td width=\"50.0%\">42,92 cm<\/td>\n<\/tr>\n<tr>\n<td class=\"attrLabels\">Produkttyp:<\/td>\n<td width=\"50.0%\">Wurstmaschine<\/td>\n<td class=\"attrLabels\">Breit:<\/td>\n<td width=\"50.0%\">\u00a033cm<\/td>\n<\/tr>\n<tr>\n<td class=\"attrLabels\">Herstellernummer:<\/td>\n<td width=\"50.0%\">ARCMPS25<\/td>\n<td class=\"attrLabels\">Durchmesser: Trichter<\/td>\n<td width=\"50.0%\">\u00a01,9 cm\/2,5 cm\/3,8 cm\/4,2 cm<\/td>\n<\/tr>\n<tr>\n<td class=\"attrLabels\">Material:<\/td>\n<td width=\"50.0%\">Edelstahl, rutschfestes Gummi, Evakuierungsventil<\/td>\n<td class=\"attrLabels\">Gr\u00f6\u00dfe :<\/td>\n<td width=\"50.0%\">25 Liter<\/td>\n<\/tr>\n<tr>\n<td class=\"attrLabels\">Geschwindigkeiten:<\/td>\n<td width=\"50.0%\">12 Variablen von langsam bis schnell<\/td>\n<td class=\"attrLabels\">Farbe:<\/td>\n<td width=\"50.0%\">Silber<\/td>\n<\/tr>\n<tr>\n<td class=\"attrLabels\">Installationswerkzeuge:<\/td>\n<td width=\"50.0%\">Ja<\/td>\n<td class=\"attrLabels\">Garantie:<\/td>\n<td width=\"50.0%\">2 JAHRE<\/td>\n<\/tr>\n<\/tbody>\n<\/table>\n<p>&nbsp;<\/p>\n<p>&nbsp;<\/p>","protected":false},"excerpt":{"rendered":"<h2 class=\"product_title entry-title\"><strong>25L elektrische Wurstmaschine\u00a0<\/strong><\/h2>\n<p>Der\u00a0<strong>elektrische Wurstmaschine<\/strong>\u00a0<strong><span style=\"color: #ff0000;\">ZU<\/span><span style=\"color: #0000ff;\">R<\/span>CMPS25<\/strong>\u00a0vereint alle Vorteile von\u00a0<strong>elektrischer Wurstf\u00fcller<\/strong>\u00a0des Marktes. Genie\u00dfen Sie jederzeit die einfache Herstellung und gro\u00dfe Mengen an Gourmet-W\u00fcrstchen. Kann f\u00fcr den gewerblichen oder privaten Gebrauch verwendet werden.<\/p>\n<p>Der K\u00f6rper von\u00a0<strong>der F\u00fcller\u00a0<\/strong>von\u00a0<strong><span style=\"color: #ff0000;\">ZU<\/span><span style=\"color: #0000ff;\">R<\/span>C<\/strong>\u00a0Es besteht aus rostbest\u00e4ndigem Edelstahl und ist daher langlebig. Ein stabiler Rahmen, der sich unter Druck nicht verbiegt oder neigt. Der\u00a0<strong>Wurstf\u00fcller<\/strong>\u00a0Es verf\u00fcgt \u00fcber ein duales Hoch- und Variable-Geschwindigkeitsmanagementsystem. Sie k\u00f6nnen die Geschwindigkeit f\u00fcr jedes Produkt auf die am besten geeignete Geschwindigkeit einstellen.<\/p>\n<h6>Garantie<strong>\u00a0<span style=\"color: #ff0000;\">ZU<\/span><span style=\"color: #0000ff;\">R<\/span>C 2 JAHRE<\/strong><\/h6>\n<h6><span style=\"color: #008000;\">Effizienterer Motor mit geringem Verbrauch 135 W<\/span><\/h6>\n<h6>Technischer Support inklusive.<\/h6>","protected":false},"featured_media":2920,"comment_status":"open","ping_status":"closed","template":"","meta":{"wds_primary_product_brand":0,"wds_primary_product_cat":0},"product_brand":[],"product_cat":[50],"product_tag":[],"class_list":{"0":"post-2919","1":"product","2":"type-product","3":"status-publish","4":"has-post-thumbnail","6":"product_cat-elaboradoras-de-croquetas-y-albondigas","7":"product_shipping_class-express","9":"first","10":"instock","11":"sale","12":"taxable","13":"shipping-taxable","14":"purchasable","15":"product-type-simple"},"yoast_head":"<!-- This site is optimized with the Yoast SEO Premium plugin v24.9 (Yoast SEO v26.1) - https:\/\/yoast.com\/wordpress\/plugins\/seo\/ -->\n<title>M\u00e1quina para embutidos el\u00e9ctrica 25L - distribuci\u00f3n ARC<\/title>\n<meta name=\"robots\" content=\"index, follow, max-snippet:-1, max-image-preview:large, max-video-preview:-1\" \/>\n<link rel=\"canonical\" href=\"https:\/\/www.distribucionarc.com\/ro\/producto\/maquina-para-embutidos-electrica-25l\/\" \/>\n<meta property=\"og:locale\" content=\"de_DE\" \/>\n<meta property=\"og:type\" content=\"article\" \/>\n<meta property=\"og:title\" content=\"M\u00e1quina para embutidos el\u00e9ctrica 25L\" \/>\n<meta property=\"og:description\" content=\"M\u00e1quina para embutidos el\u00e9ctrica 25L\u00a0 La\u00a0maquina para salchichas el\u00e9ctrica\u00a0ARCMPS25\u00a0combina todas las ventajas del\u00a0relleno de embutidos el\u00e9ctrico\u00a0del mercado. Usted puede disfrutar de una producci\u00f3n sencilla y de grandes cantidades de embutidos gourmet en cualquier momento.\u00a0 se puede utilizar para uso comercial o dom\u00e9stico.  El cuerpo de\u00a0la embutidora\u00a0de\u00a0ARC\u00a0est\u00e1 hecho de acero inoxidable resistente a la oxidaci\u00f3n, por lo que es duradero. Un marco robusto que no se dobla ni se inclina bajo presi\u00f3n. La\u00a0rellenadora de salchichas\u00a0tiene un sistema de gesti\u00f3n de velocidad variable y alto dual. La puede ajustar a la velocidad m\u00e1s adecuada para cada producto. Garant\u00eda\u00a0ARC 2 A\u00d1OS motor m\u00e1s eficiente bajo consumo 135 w soporte t\u00e9cnico\u00a0incluido.\" \/>\n<meta property=\"og:url\" content=\"https:\/\/www.distribucionarc.com\/ro\/producto\/maquina-para-embutidos-electrica-25l\/\" \/>\n<meta property=\"og:site_name\" content=\"distribuci\u00f3n ARC\" \/>\n<meta property=\"article:modified_time\" content=\"2020-10-01T11:25:52+00:00\" \/>\n<meta property=\"og:image\" content=\"https:\/\/distribucionarc.com\/wp-content\/uploads\/2020\/08\/M\u00e1quina-para-embutidos-el\u00e9ctrica-25L-0.jpg\" \/>\n\t<meta property=\"og:image:width\" content=\"1600\" \/>\n\t<meta property=\"og:image:height\" content=\"1600\" \/>\n\t<meta property=\"og:image:type\" content=\"image\/jpeg\" \/>\n<meta name=\"twitter:card\" content=\"summary_large_image\" \/>\n<meta name=\"twitter:label1\" content=\"Gesch\u00e4tzte Lesezeit\" \/>\n\t<meta name=\"twitter:data1\" content=\"2\u00a0Minuten\" \/>\n<script type=\"application\/ld+json\" class=\"yoast-schema-graph\">{\"@context\":\"https:\/\/schema.org\",\"@graph\":[{\"@type\":\"WebPage\",\"@id\":\"https:\/\/www.distribucionarc.com\/ro\/producto\/maquina-para-embutidos-electrica-25l\/\",\"url\":\"https:\/\/www.distribucionarc.com\/ro\/producto\/maquina-para-embutidos-electrica-25l\/\",\"name\":\"M\u00e1quina para embutidos el\u00e9ctrica 25L - distribuci\u00f3n ARC\",\"isPartOf\":{\"@id\":\"https:\/\/www.distribucionarc.com\/sl\/#website\"},\"primaryImageOfPage\":{\"@id\":\"https:\/\/www.distribucionarc.com\/ro\/producto\/maquina-para-embutidos-electrica-25l\/#primaryimage\"},\"image\":{\"@id\":\"https:\/\/www.distribucionarc.com\/ro\/producto\/maquina-para-embutidos-electrica-25l\/#primaryimage\"},\"thumbnailUrl\":\"https:\/\/distribucionarc.com\/wp-content\/uploads\/2020\/08\/M\u00e1quina-para-embutidos-el\u00e9ctrica-25L-0.jpg\",\"datePublished\":\"2020-08-25T15:22:34+00:00\",\"dateModified\":\"2020-10-01T11:25:52+00:00\",\"breadcrumb\":{\"@id\":\"https:\/\/www.distribucionarc.com\/ro\/producto\/maquina-para-embutidos-electrica-25l\/#breadcrumb\"},\"inLanguage\":\"de\",\"potentialAction\":[{\"@type\":\"ReadAction\",\"target\":[\"https:\/\/www.distribucionarc.com\/ro\/producto\/maquina-para-embutidos-electrica-25l\/\"]}]},{\"@type\":\"ImageObject\",\"inLanguage\":\"de\",\"@id\":\"https:\/\/www.distribucionarc.com\/ro\/producto\/maquina-para-embutidos-electrica-25l\/#primaryimage\",\"url\":\"https:\/\/distribucionarc.com\/wp-content\/uploads\/2020\/08\/M\u00e1quina-para-embutidos-el\u00e9ctrica-25L-0.jpg\",\"contentUrl\":\"https:\/\/distribucionarc.com\/wp-content\/uploads\/2020\/08\/M\u00e1quina-para-embutidos-el\u00e9ctrica-25L-0.jpg\",\"width\":1600,\"height\":1600,\"caption\":\"M\u00e1quina para embutidos el\u00e9ctrica 25L\"},{\"@type\":\"BreadcrumbList\",\"@id\":\"https:\/\/www.distribucionarc.com\/ro\/producto\/maquina-para-embutidos-electrica-25l\/#breadcrumb\",\"itemListElement\":[{\"@type\":\"ListItem\",\"position\":1,\"name\":\"Portada\",\"item\":\"https:\/\/www.distribucionarc.com\/\"},{\"@type\":\"ListItem\",\"position\":2,\"name\":\"\u00dcr\u00fcnler\",\"item\":\"https:\/\/www.distribucionarc.com\/tr\/magaza\/\"},{\"@type\":\"ListItem\",\"position\":3,\"name\":\"M\u00e1quina para embutidos el\u00e9ctrica 25L\"}]},{\"@type\":\"WebSite\",\"@id\":\"https:\/\/www.distribucionarc.com\/sl\/#website\",\"url\":\"https:\/\/www.distribucionarc.com\/sl\/\",\"name\":\"distribuci\u00f3n ARC\",\"description\":\"Empresa especializada en la fabricaci\u00f3n y distribuci\u00f3n de maquinaria industrial, selladoras de latas, Maquinas de hacer pastillas, Maquinas de cortar carne...\",\"publisher\":{\"@id\":\"https:\/\/www.distribucionarc.com\/sl\/#organization\"},\"potentialAction\":[{\"@type\":\"SearchAction\",\"target\":{\"@type\":\"EntryPoint\",\"urlTemplate\":\"https:\/\/www.distribucionarc.com\/sl\/?s={search_term_string}\"},\"query-input\":{\"@type\":\"PropertyValueSpecification\",\"valueRequired\":true,\"valueName\":\"search_term_string\"}}],\"inLanguage\":\"de\"},{\"@type\":\"Organization\",\"@id\":\"https:\/\/www.distribucionarc.com\/sl\/#organization\",\"name\":\"Distribuci\u00f3n ARC\",\"url\":\"https:\/\/www.distribucionarc.com\/sl\/\",\"logo\":{\"@type\":\"ImageObject\",\"inLanguage\":\"de\",\"@id\":\"https:\/\/www.distribucionarc.com\/sl\/#\/schema\/logo\/image\/\",\"url\":\"https:\/\/distribucionarc.com\/wp-content\/uploads\/2024\/10\/distribucion-ARC-COLOR-SIN-FONDO-e1732295305345.png\",\"contentUrl\":\"https:\/\/distribucionarc.com\/wp-content\/uploads\/2024\/10\/distribucion-ARC-COLOR-SIN-FONDO-e1732295305345.png\",\"width\":1164,\"height\":558,\"caption\":\"Distribuci\u00f3n ARC\"},\"image\":{\"@id\":\"https:\/\/www.distribucionarc.com\/sl\/#\/schema\/logo\/image\/\"},\"description\":\"Empresa especializada en la fabricaci\u00f3n y distribuci\u00f3n de maquinaria industrial para los sectores alimentario y farmac\u00e9utico. Nos especializamos en: M\u00e1quinas de cortar carne Fabricaci\u00f3n de comprimidos Sistemas de transporte industrial L\u00edneas de embotellado Dosificadores Y mucho m\u00e1s... Ofrecemos soluciones innovadoras y personalizadas para optimizar los procesos productivos de tu empresa.\",\"email\":\"Admistracion@distribucionarc.com\",\"telephone\":\"+34 643496664\",\"legalName\":\"ARC TECH SOLUTIONS\",\"foundingDate\":\"2024-04-09\",\"vatID\":\"B55480172\",\"numberOfEmployees\":{\"@type\":\"QuantitativeValue\",\"minValue\":\"1\",\"maxValue\":\"10\"}}]}<\/script>\n<!-- \/ Yoast SEO Premium plugin. -->","yoast_head_json":{"title":"Elektrische Wurstmaschine 25L - ARC distribution","robots":{"index":"index","follow":"follow","max-snippet":"max-snippet:-1","max-image-preview":"max-image-preview:large","max-video-preview":"max-video-preview:-1"},"canonical":"https:\/\/www.distribucionarc.com\/ro\/producto\/maquina-para-embutidos-electrica-25l\/","og_locale":"de_DE","og_type":"article","og_title":"M\u00e1quina para embutidos el\u00e9ctrica 25L","og_description":"M\u00e1quina para embutidos el\u00e9ctrica 25L\u00a0 La\u00a0maquina para salchichas el\u00e9ctrica\u00a0ARCMPS25\u00a0combina todas las ventajas del\u00a0relleno de embutidos el\u00e9ctrico\u00a0del mercado. Usted puede disfrutar de una producci\u00f3n sencilla y de grandes cantidades de embutidos gourmet en cualquier momento.\u00a0 se puede utilizar para uso comercial o dom\u00e9stico.  El cuerpo de\u00a0la embutidora\u00a0de\u00a0ARC\u00a0est\u00e1 hecho de acero inoxidable resistente a la oxidaci\u00f3n, por lo que es duradero. Un marco robusto que no se dobla ni se inclina bajo presi\u00f3n. La\u00a0rellenadora de salchichas\u00a0tiene un sistema de gesti\u00f3n de velocidad variable y alto dual. La puede ajustar a la velocidad m\u00e1s adecuada para cada producto. Garant\u00eda\u00a0ARC 2 A\u00d1OS motor m\u00e1s eficiente bajo consumo 135 w soporte t\u00e9cnico\u00a0incluido.","og_url":"https:\/\/www.distribucionarc.com\/ro\/producto\/maquina-para-embutidos-electrica-25l\/","og_site_name":"distribuci\u00f3n ARC","article_modified_time":"2020-10-01T11:25:52+00:00","og_image":[{"width":1600,"height":1600,"url":"https:\/\/distribucionarc.com\/wp-content\/uploads\/2020\/08\/M\u00e1quina-para-embutidos-el\u00e9ctrica-25L-0.jpg","type":"image\/jpeg"}],"twitter_card":"summary_large_image","twitter_misc":{"Gesch\u00e4tzte Lesezeit":"2\u00a0Minuten"},"schema":{"@context":"https:\/\/schema.org","@graph":[{"@type":"WebPage","@id":"https:\/\/www.distribucionarc.com\/ro\/producto\/maquina-para-embutidos-electrica-25l\/","url":"https:\/\/www.distribucionarc.com\/ro\/producto\/maquina-para-embutidos-electrica-25l\/","name":"Elektrische Wurstmaschine 25L - ARC distribution","isPartOf":{"@id":"https:\/\/www.distribucionarc.com\/sl\/#website"},"primaryImageOfPage":{"@id":"https:\/\/www.distribucionarc.com\/ro\/producto\/maquina-para-embutidos-electrica-25l\/#primaryimage"},"image":{"@id":"https:\/\/www.distribucionarc.com\/ro\/producto\/maquina-para-embutidos-electrica-25l\/#primaryimage"},"thumbnailUrl":"https:\/\/distribucionarc.com\/wp-content\/uploads\/2020\/08\/M\u00e1quina-para-embutidos-el\u00e9ctrica-25L-0.jpg","datePublished":"2020-08-25T15:22:34+00:00","dateModified":"2020-10-01T11:25:52+00:00","breadcrumb":{"@id":"https:\/\/www.distribucionarc.com\/ro\/producto\/maquina-para-embutidos-electrica-25l\/#breadcrumb"},"inLanguage":"de","potentialAction":[{"@type":"ReadAction","target":["https:\/\/www.distribucionarc.com\/ro\/producto\/maquina-para-embutidos-electrica-25l\/"]}]},{"@type":"ImageObject","inLanguage":"de","@id":"https:\/\/www.distribucionarc.com\/ro\/producto\/maquina-para-embutidos-electrica-25l\/#primaryimage","url":"https:\/\/distribucionarc.com\/wp-content\/uploads\/2020\/08\/M\u00e1quina-para-embutidos-el\u00e9ctrica-25L-0.jpg","contentUrl":"https:\/\/distribucionarc.com\/wp-content\/uploads\/2020\/08\/M\u00e1quina-para-embutidos-el\u00e9ctrica-25L-0.jpg","width":1600,"height":1600,"caption":"M\u00e1quina para embutidos el\u00e9ctrica 25L"},{"@type":"BreadcrumbList","@id":"https:\/\/www.distribucionarc.com\/ro\/producto\/maquina-para-embutidos-electrica-25l\/#breadcrumb","itemListElement":[{"@type":"ListItem","position":1,"name":"Portada","item":"https:\/\/www.distribucionarc.com\/"},{"@type":"ListItem","position":2,"name":"\u00dcr\u00fcnler","item":"https:\/\/www.distribucionarc.com\/tr\/magaza\/"},{"@type":"ListItem","position":3,"name":"M\u00e1quina para embutidos el\u00e9ctrica 25L"}]},{"@type":"WebSite","@id":"https:\/\/www.distribucionarc.com\/sl\/#website","url":"https:\/\/www.distribucionarc.com\/sl\/","name":"ARC-Verteilung","description":"Das Unternehmen ist auf die Herstellung und den Vertrieb von Industriemaschinen, Dosenverschlie\u00dfmaschinen, Tablettenmaschinen, Fleischschneidemaschinen...","publisher":{"@id":"https:\/\/www.distribucionarc.com\/sl\/#organization"},"potentialAction":[{"@type":"SearchAction","target":{"@type":"EntryPoint","urlTemplate":"https:\/\/www.distribucionarc.com\/sl\/?s={search_term_string}"},"query-input":{"@type":"PropertyValueSpecification","valueRequired":true,"valueName":"search_term_string"}}],"inLanguage":"de"},{"@type":"Organization","@id":"https:\/\/www.distribucionarc.com\/sl\/#organization","name":"ARC-Verteilung","url":"https:\/\/www.distribucionarc.com\/sl\/","logo":{"@type":"ImageObject","inLanguage":"de","@id":"https:\/\/www.distribucionarc.com\/sl\/#\/schema\/logo\/image\/","url":"https:\/\/distribucionarc.com\/wp-content\/uploads\/2024\/10\/distribucion-ARC-COLOR-SIN-FONDO-e1732295305345.png","contentUrl":"https:\/\/distribucionarc.com\/wp-content\/uploads\/2024\/10\/distribucion-ARC-COLOR-SIN-FONDO-e1732295305345.png","width":1164,"height":558,"caption":"Distribuci\u00f3n ARC"},"image":{"@id":"https:\/\/www.distribucionarc.com\/sl\/#\/schema\/logo\/image\/"},"description":"Unternehmen, das auf die Herstellung und den Vertrieb von Industriemaschinen f\u00fcr den Lebensmittel- und Pharmasektor spezialisiert ist. Wir sind spezialisiert auf: Fleischschneidemaschinen Tablettenherstellung Industrielle F\u00f6rdersysteme Abf\u00fcllanlagen Dispenser Und vieles mehr... Wir bieten innovative und ma\u00dfgeschneiderte L\u00f6sungen zur Optimierung der Produktionsprozesse in Ihrem Unternehmen.","email":"Admistracion@distribucionarc.com","telephone":"+34 643496664","legalName":"ARC TECH SOLUTIONS","foundingDate":"2024-04-09","vatID":"B55480172","numberOfEmployees":{"@type":"QuantitativeValue","minValue":"1","maxValue":"10"}}]}},"_links":{"self":[{"href":"https:\/\/distribucionarc.com\/de\/wp-json\/wp\/v2\/product\/2919","targetHints":{"allow":["GET"]}}],"collection":[{"href":"https:\/\/distribucionarc.com\/de\/wp-json\/wp\/v2\/product"}],"about":[{"href":"https:\/\/distribucionarc.com\/de\/wp-json\/wp\/v2\/types\/product"}],"replies":[{"embeddable":true,"href":"https:\/\/distribucionarc.com\/de\/wp-json\/wp\/v2\/comments?post=2919"}],"version-history":[{"count":0,"href":"https:\/\/distribucionarc.com\/de\/wp-json\/wp\/v2\/product\/2919\/revisions"}],"wp:featuredmedia":[{"embeddable":true,"href":"https:\/\/distribucionarc.com\/de\/wp-json\/wp\/v2\/media\/2920"}],"wp:attachment":[{"href":"https:\/\/distribucionarc.com\/de\/wp-json\/wp\/v2\/media?parent=2919"}],"wp:term":[{"taxonomy":"product_brand","embeddable":true,"href":"https:\/\/distribucionarc.com\/de\/wp-json\/wp\/v2\/product_brand?post=2919"},{"taxonomy":"product_cat","embeddable":true,"href":"https:\/\/distribucionarc.com\/de\/wp-json\/wp\/v2\/product_cat?post=2919"},{"taxonomy":"product_tag","embeddable":true,"href":"https:\/\/distribucionarc.com\/de\/wp-json\/wp\/v2\/product_tag?post=2919"}],"curies":[{"name":"wp","href":"https:\/\/api.w.org\/{rel}","templated":true}]}}