{"id":3062,"date":"2020-09-21T10:37:15","date_gmt":"2020-09-21T10:37:15","guid":{"rendered":"https:\/\/distribucionarc.com\/?post_type=product&#038;p=3062"},"modified":"2020-10-01T13:41:14","modified_gmt":"2020-10-01T13:41:14","slug":"maschine-zur-herstellung-von-eis-in-flocken-60kg","status":"publish","type":"product","link":"https:\/\/distribucionarc.com\/de\/producto\/maquina-para-hacer-hielo-en-escamas-60kg\/","title":{"rendered":"60 kg Scherbeneismaschine"},"content":{"rendered":"<h3>60 kg Scherbeneismaschine<\/h3>\n<p>Diese Maschine\u00a0<strong>Crushed-Eis-Hersteller\u00a0<span style=\"color: #ff0000;\">ZU<\/span><span style=\"color: #0000ff;\">R<\/span>C<\/strong> ist in der Lage zu produzieren <strong>60 kg Eis<\/strong>\u00a0rein und gesund\u00a0<strong>alle 24 Stunden<\/strong>. Dar\u00fcber hinaus verf\u00fcgt es \u00fcber ein Fach, in dem Sie 15 kg Eis aufbewahren k\u00f6nnen.<\/p>\n<p>Es verf\u00fcgt \u00fcber ein Geh\u00e4use aus Edelstahl 304 mit einem Innenbeh\u00e4lter aus lebensmittelechtem ABS. Um ein sicheres und sauberes Produkt zu gew\u00e4hrleisten. Dank der Qualit\u00e4t der Materialien, aus denen es hergestellt wird, wird der Geschmack nicht verf\u00e4lscht.<\/p>\n<p>Das<strong> Eismaschine <span style=\"color: #ff0000;\">ZU<\/span><span style=\"color: #0000ff;\">R<\/span>CMHE60<\/strong>\u00a0Es verf\u00fcgt \u00fcber einen hocheffizienten fluoridfreien Kompressor mit ETL-Zulassung zur Einhaltung der Vorschriften, der f\u00fcr gro\u00dfe Energieeinsparungen sorgt und somit zum Schutz der Umwelt beitr\u00e4gt.<\/p>\n<p>Der Bedienbereich verf\u00fcgt \u00fcber verschiedene LED-Anzeigeleuchten. Dass sie Sie \u00fcber jede Situation informieren, in der sich die Maschine befindet, wie zum Beispiel: niedriger Wasserstand, volles Eisfach oder Systemausfall. F\u00fcr Komfort sorgt ein einfaches \u00d6ffnungs- und Schlie\u00dfsystem f\u00fcr den Hebedeckel. Inklusive Eisschaufel f\u00fcr einfachen Zugang zur Eisproduktion.<\/p>\n<h6><strong>Garantie\u00a0<span style=\"color: #ff0000;\">ZU<\/span><span style=\"color: #0000ff;\">R<\/span>C 2 JAHRE<\/strong><\/h6>\n<h6><span style=\"color: #008000;\"><strong>Effiziente Scherbeneismaschine, geringer Verbrauch 400 W<\/strong><\/span><\/h6>\n<h6><strong>Technischer Support inklusive<\/strong><\/h6>\n<p>&nbsp;<\/p>\n<p>&nbsp;<\/p>\n<table role=\"presentation\" width=\"100%\" cellspacing=\"0\" cellpadding=\"0\">\n<tbody>\n<tr>\n<td class=\"attrLabels\">Leistung:<\/td>\n<td width=\"50.0%\">400W<\/td>\n<\/tr>\n<tr>\n<td class=\"attrLabels\">Stromspannung:<\/td>\n<td width=\"50.0%\">220V \u2013 240V, 50Hz<\/td>\n<td class=\"attrLabels\">Gewicht:<\/td>\n<td width=\"50.0%\">50kg<\/td>\n<\/tr>\n<tr>\n<td class=\"attrLabels\">Vertriebsland:<\/td>\n<td width=\"50.0%\">Spanien, Deutschland, USA<\/td>\n<td class=\"attrLabels\">H\u00f6he:<\/td>\n<td width=\"50.0%\">81,2 cm<\/td>\n<\/tr>\n<tr>\n<td class=\"attrLabels\">Marke:<\/td>\n<td width=\"50.0%\">BOGEN<\/td>\n<td class=\"attrLabels\">Lang:<\/td>\n<td width=\"50.0%\">39,8 cm<\/td>\n<\/tr>\n<tr>\n<td class=\"attrLabels\">Produkttyp:<\/td>\n<td width=\"50.0%\">Eisflockenmaschine<\/td>\n<td class=\"attrLabels\">Breit:<\/td>\n<td width=\"50.0%\">\u00a051,8 cm<\/td>\n<\/tr>\n<tr>\n<td class=\"attrLabels\">Herstellernummer:<\/td>\n<td width=\"50.0%\">ARCMHE60<\/td>\n<td class=\"attrLabels\">Arbeitsgeschwindigkeit:<\/td>\n<td width=\"50.0%\">\u00a060 kg pro 24 Stunden<\/td>\n<\/tr>\n<tr>\n<td class=\"attrLabels\">Material:<\/td>\n<td width=\"50.0%\">Edelstahl, optimierter Motor, fluoridfreier Kompressor, LED-Leuchten<\/td>\n<td class=\"attrLabels\">Eisart:<\/td>\n<td width=\"50.0%\">Flocken, Partikel<\/td>\n<\/tr>\n<tr>\n<td class=\"attrLabels\">Farbe:<\/td>\n<td width=\"50.0%\">Silber<\/td>\n<td class=\"attrLabels\">Lagerung:<\/td>\n<td width=\"50.0%\">15kg<\/td>\n<\/tr>\n<tr>\n<td class=\"attrLabels\">Installationswerkzeuge:<\/td>\n<td width=\"50.0%\">Ja<\/td>\n<td class=\"attrLabels\">Garantie:<\/td>\n<td width=\"50.0%\">2 JAHRE<\/td>\n<\/tr>\n<\/tbody>\n<\/table>","protected":false},"excerpt":{"rendered":"<h2>60 kg Scherbeneismaschine<\/h2>\n<p>Das\u00a0<strong>Eismaschine<\/strong>\u00a0Es ist so konzipiert, dass es einfach und leicht zu bedienen ist. Die zahlreichen LED-Leuchten informieren Sie \u00fcber etwaige R\u00fcckschl\u00e4ge. Es hat ein Geh\u00e4use von\u00a0<strong>Edelstahl 304 und ABS in Lebensmittelqualit\u00e4t<\/strong>\u00a0um eine sichere Verwendung und Haltbarkeit des Flockenmachers zu gew\u00e4hrleisten. Dieser Brecher erzeugt kleine Partikel aus reinem, gesundem und unregelm\u00e4\u00dfigem Schneeeis.<strong>\u00a0Sie ver\u00e4ndern den Geschmack nicht<\/strong>\u00a0davon. Weit verbreitet in Krankenh\u00e4usern, medizinischen Anwendungen, der Lebensmittelindustrie, der chemischen Industrie usw.<\/p>\n<h6><strong>Garantie\u00a0<span style=\"color: #ff0000;\">ZU<\/span><span style=\"color: #0000ff;\">R<\/span>C 2 JAHRE<\/strong><\/h6>\n<h6><span style=\"color: #008000;\"><strong>Effiziente Scherbeneismaschine, geringer Verbrauch 400 W<\/strong><\/span><\/h6>\n<h6><strong>Technischer Support inklusive<\/strong><\/h6>\n<p>&nbsp;<\/p>","protected":false},"featured_media":3063,"comment_status":"open","ping_status":"closed","template":"","meta":{"wds_primary_product_brand":0,"wds_primary_product_cat":0},"product_brand":[],"product_cat":[59],"product_tag":[],"class_list":{"0":"post-3062","1":"product","2":"type-product","3":"status-publish","4":"has-post-thumbnail","6":"product_cat-hielo","7":"product_shipping_class-express","9":"first","10":"instock","11":"sale","12":"taxable","13":"shipping-taxable","14":"purchasable","15":"product-type-simple"},"yoast_head":"<!-- This site is optimized with the Yoast SEO Premium plugin v24.9 (Yoast SEO v26.1) - https:\/\/yoast.com\/wordpress\/plugins\/seo\/ -->\n<title>M\u00e1quina para hacer hielo en escamas 60kg - distribuci\u00f3n ARC<\/title>\n<meta name=\"robots\" content=\"index, follow, max-snippet:-1, max-image-preview:large, max-video-preview:-1\" \/>\n<link rel=\"canonical\" href=\"https:\/\/www.distribucionarc.com\/ro\/producto\/maquina-para-hacer-hielo-en-escamas-60kg\/\" \/>\n<meta property=\"og:locale\" content=\"de_DE\" \/>\n<meta property=\"og:type\" content=\"article\" \/>\n<meta property=\"og:title\" content=\"M\u00e1quina para hacer hielo en escamas 60kg\" \/>\n<meta property=\"og:description\" content=\"M\u00e1quina para hacer hielo en escamas 60kg Esta\u00a0m\u00e1quina fabricadora de hielo\u00a0est\u00e1 dise\u00f1ada para ser simple y f\u00e1cil de utilizar, sus m\u00faltiples luces LED le informaran de cualquier contratiempo. Cuenta con una carcasa de\u00a0acero inoxidable 304 y ABS de grado alimenticio\u00a0para asegurar un uso seguro y la durabilidad de la fabricadora de escamas. Esta trituradora produce peque\u00f1as part\u00edculas de hielo de nieve irregular puro, saludable y\u00a0no alteran el sabor\u00a0de este.\u00a0 Ampliamente utilizada en hospitales, aplicaciones m\u00e9dicas, industrias alimentarias, industrias qu\u00edmicas, etc. Garant\u00eda\u00a0ARC 2 A\u00d1OS Maquina para hielo en escama eficiente, bajo consumo 400w soporte t\u00e9cnico\u00a0incluido &nbsp;\" \/>\n<meta property=\"og:url\" content=\"https:\/\/www.distribucionarc.com\/ro\/producto\/maquina-para-hacer-hielo-en-escamas-60kg\/\" \/>\n<meta property=\"og:site_name\" content=\"distribuci\u00f3n ARC\" \/>\n<meta property=\"article:modified_time\" content=\"2020-10-01T13:41:14+00:00\" \/>\n<meta property=\"og:image\" content=\"https:\/\/distribucionarc.com\/wp-content\/uploads\/2020\/09\/M\u00e1quina-para-hacer-hielo-en-escamas-60kg-0.jpg\" \/>\n\t<meta property=\"og:image:width\" content=\"1600\" \/>\n\t<meta property=\"og:image:height\" content=\"1600\" \/>\n\t<meta property=\"og:image:type\" content=\"image\/jpeg\" \/>\n<meta name=\"twitter:card\" content=\"summary_large_image\" \/>\n<meta name=\"twitter:label1\" content=\"Gesch\u00e4tzte Lesezeit\" \/>\n\t<meta name=\"twitter:data1\" content=\"1\u00a0Minute\" \/>\n<script type=\"application\/ld+json\" class=\"yoast-schema-graph\">{\"@context\":\"https:\/\/schema.org\",\"@graph\":[{\"@type\":\"WebPage\",\"@id\":\"https:\/\/www.distribucionarc.com\/ro\/producto\/maquina-para-hacer-hielo-en-escamas-60kg\/\",\"url\":\"https:\/\/www.distribucionarc.com\/ro\/producto\/maquina-para-hacer-hielo-en-escamas-60kg\/\",\"name\":\"M\u00e1quina para hacer hielo en escamas 60kg - distribuci\u00f3n ARC\",\"isPartOf\":{\"@id\":\"https:\/\/distribucionarc.com\/ro\/#website\"},\"primaryImageOfPage\":{\"@id\":\"https:\/\/www.distribucionarc.com\/ro\/producto\/maquina-para-hacer-hielo-en-escamas-60kg\/#primaryimage\"},\"image\":{\"@id\":\"https:\/\/www.distribucionarc.com\/ro\/producto\/maquina-para-hacer-hielo-en-escamas-60kg\/#primaryimage\"},\"thumbnailUrl\":\"https:\/\/distribucionarc.com\/wp-content\/uploads\/2020\/09\/M\u00e1quina-para-hacer-hielo-en-escamas-60kg-0.jpg\",\"datePublished\":\"2020-09-21T10:37:15+00:00\",\"dateModified\":\"2020-10-01T13:41:14+00:00\",\"breadcrumb\":{\"@id\":\"https:\/\/www.distribucionarc.com\/ro\/producto\/maquina-para-hacer-hielo-en-escamas-60kg\/#breadcrumb\"},\"inLanguage\":\"de\",\"potentialAction\":[{\"@type\":\"ReadAction\",\"target\":[\"https:\/\/www.distribucionarc.com\/ro\/producto\/maquina-para-hacer-hielo-en-escamas-60kg\/\"]}]},{\"@type\":\"ImageObject\",\"inLanguage\":\"de\",\"@id\":\"https:\/\/www.distribucionarc.com\/ro\/producto\/maquina-para-hacer-hielo-en-escamas-60kg\/#primaryimage\",\"url\":\"https:\/\/distribucionarc.com\/wp-content\/uploads\/2020\/09\/M\u00e1quina-para-hacer-hielo-en-escamas-60kg-0.jpg\",\"contentUrl\":\"https:\/\/distribucionarc.com\/wp-content\/uploads\/2020\/09\/M\u00e1quina-para-hacer-hielo-en-escamas-60kg-0.jpg\",\"width\":1600,\"height\":1600,\"caption\":\"M\u00e1quina para hacer hielo en escamas 60kg\"},{\"@type\":\"BreadcrumbList\",\"@id\":\"https:\/\/www.distribucionarc.com\/ro\/producto\/maquina-para-hacer-hielo-en-escamas-60kg\/#breadcrumb\",\"itemListElement\":[{\"@type\":\"ListItem\",\"position\":1,\"name\":\"Portada\",\"item\":\"https:\/\/distribucionarc.com\/ar\/\"},{\"@type\":\"ListItem\",\"position\":2,\"name\":\"Proizvodi\",\"item\":\"https:\/\/www.distribucionarc.com\/hr\/ducan\/\"},{\"@type\":\"ListItem\",\"position\":3,\"name\":\"M\u00e1quina para hacer hielo en escamas 60kg\"}]},{\"@type\":\"WebSite\",\"@id\":\"https:\/\/distribucionarc.com\/ro\/#website\",\"url\":\"https:\/\/distribucionarc.com\/ro\/\",\"name\":\"distribuci\u00f3n ARC\",\"description\":\"Empresa especializada en la fabricaci\u00f3n y distribuci\u00f3n de maquinaria industrial, selladoras de latas, Maquinas de hacer pastillas, Maquinas de cortar carne...\",\"publisher\":{\"@id\":\"https:\/\/distribucionarc.com\/ro\/#organization\"},\"potentialAction\":[{\"@type\":\"SearchAction\",\"target\":{\"@type\":\"EntryPoint\",\"urlTemplate\":\"https:\/\/distribucionarc.com\/ro\/?s={search_term_string}\"},\"query-input\":{\"@type\":\"PropertyValueSpecification\",\"valueRequired\":true,\"valueName\":\"search_term_string\"}}],\"inLanguage\":\"de\"},{\"@type\":\"Organization\",\"@id\":\"https:\/\/distribucionarc.com\/ro\/#organization\",\"name\":\"Distribuci\u00f3n ARC\",\"url\":\"https:\/\/distribucionarc.com\/ro\/\",\"logo\":{\"@type\":\"ImageObject\",\"inLanguage\":\"de\",\"@id\":\"https:\/\/distribucionarc.com\/ro\/#\/schema\/logo\/image\/\",\"url\":\"https:\/\/distribucionarc.com\/wp-content\/uploads\/2024\/10\/distribucion-ARC-COLOR-SIN-FONDO-e1732295305345.png\",\"contentUrl\":\"https:\/\/distribucionarc.com\/wp-content\/uploads\/2024\/10\/distribucion-ARC-COLOR-SIN-FONDO-e1732295305345.png\",\"width\":1164,\"height\":558,\"caption\":\"Distribuci\u00f3n ARC\"},\"image\":{\"@id\":\"https:\/\/distribucionarc.com\/ro\/#\/schema\/logo\/image\/\"},\"description\":\"Empresa especializada en la fabricaci\u00f3n y distribuci\u00f3n de maquinaria industrial para los sectores alimentario y farmac\u00e9utico. Nos especializamos en: M\u00e1quinas de cortar carne Fabricaci\u00f3n de comprimidos Sistemas de transporte industrial L\u00edneas de embotellado Dosificadores Y mucho m\u00e1s... Ofrecemos soluciones innovadoras y personalizadas para optimizar los procesos productivos de tu empresa.\",\"email\":\"Admistracion@distribucionarc.com\",\"telephone\":\"+34 643496664\",\"legalName\":\"ARC TECH SOLUTIONS\",\"foundingDate\":\"2024-04-09\",\"vatID\":\"B55480172\",\"numberOfEmployees\":{\"@type\":\"QuantitativeValue\",\"minValue\":\"1\",\"maxValue\":\"10\"}}]}<\/script>\n<!-- \/ Yoast SEO Premium plugin. -->","yoast_head_json":{"title":"60 kg Scherbeneismaschine \u2013 ARC-Verteilung","robots":{"index":"index","follow":"follow","max-snippet":"max-snippet:-1","max-image-preview":"max-image-preview:large","max-video-preview":"max-video-preview:-1"},"canonical":"https:\/\/www.distribucionarc.com\/ro\/producto\/maquina-para-hacer-hielo-en-escamas-60kg\/","og_locale":"de_DE","og_type":"article","og_title":"M\u00e1quina para hacer hielo en escamas 60kg","og_description":"M\u00e1quina para hacer hielo en escamas 60kg Esta\u00a0m\u00e1quina fabricadora de hielo\u00a0est\u00e1 dise\u00f1ada para ser simple y f\u00e1cil de utilizar, sus m\u00faltiples luces LED le informaran de cualquier contratiempo. Cuenta con una carcasa de\u00a0acero inoxidable 304 y ABS de grado alimenticio\u00a0para asegurar un uso seguro y la durabilidad de la fabricadora de escamas. Esta trituradora produce peque\u00f1as part\u00edculas de hielo de nieve irregular puro, saludable y\u00a0no alteran el sabor\u00a0de este.\u00a0 Ampliamente utilizada en hospitales, aplicaciones m\u00e9dicas, industrias alimentarias, industrias qu\u00edmicas, etc. Garant\u00eda\u00a0ARC 2 A\u00d1OS Maquina para hielo en escama eficiente, bajo consumo 400w soporte t\u00e9cnico\u00a0incluido &nbsp;","og_url":"https:\/\/www.distribucionarc.com\/ro\/producto\/maquina-para-hacer-hielo-en-escamas-60kg\/","og_site_name":"distribuci\u00f3n ARC","article_modified_time":"2020-10-01T13:41:14+00:00","og_image":[{"width":1600,"height":1600,"url":"https:\/\/distribucionarc.com\/wp-content\/uploads\/2020\/09\/M\u00e1quina-para-hacer-hielo-en-escamas-60kg-0.jpg","type":"image\/jpeg"}],"twitter_card":"summary_large_image","twitter_misc":{"Gesch\u00e4tzte Lesezeit":"1\u00a0Minute"},"schema":{"@context":"https:\/\/schema.org","@graph":[{"@type":"WebPage","@id":"https:\/\/www.distribucionarc.com\/ro\/producto\/maquina-para-hacer-hielo-en-escamas-60kg\/","url":"https:\/\/www.distribucionarc.com\/ro\/producto\/maquina-para-hacer-hielo-en-escamas-60kg\/","name":"60 kg Scherbeneismaschine \u2013 ARC-Verteilung","isPartOf":{"@id":"https:\/\/distribucionarc.com\/ro\/#website"},"primaryImageOfPage":{"@id":"https:\/\/www.distribucionarc.com\/ro\/producto\/maquina-para-hacer-hielo-en-escamas-60kg\/#primaryimage"},"image":{"@id":"https:\/\/www.distribucionarc.com\/ro\/producto\/maquina-para-hacer-hielo-en-escamas-60kg\/#primaryimage"},"thumbnailUrl":"https:\/\/distribucionarc.com\/wp-content\/uploads\/2020\/09\/M\u00e1quina-para-hacer-hielo-en-escamas-60kg-0.jpg","datePublished":"2020-09-21T10:37:15+00:00","dateModified":"2020-10-01T13:41:14+00:00","breadcrumb":{"@id":"https:\/\/www.distribucionarc.com\/ro\/producto\/maquina-para-hacer-hielo-en-escamas-60kg\/#breadcrumb"},"inLanguage":"de","potentialAction":[{"@type":"ReadAction","target":["https:\/\/www.distribucionarc.com\/ro\/producto\/maquina-para-hacer-hielo-en-escamas-60kg\/"]}]},{"@type":"ImageObject","inLanguage":"de","@id":"https:\/\/www.distribucionarc.com\/ro\/producto\/maquina-para-hacer-hielo-en-escamas-60kg\/#primaryimage","url":"https:\/\/distribucionarc.com\/wp-content\/uploads\/2020\/09\/M\u00e1quina-para-hacer-hielo-en-escamas-60kg-0.jpg","contentUrl":"https:\/\/distribucionarc.com\/wp-content\/uploads\/2020\/09\/M\u00e1quina-para-hacer-hielo-en-escamas-60kg-0.jpg","width":1600,"height":1600,"caption":"M\u00e1quina para hacer hielo en escamas 60kg"},{"@type":"BreadcrumbList","@id":"https:\/\/www.distribucionarc.com\/ro\/producto\/maquina-para-hacer-hielo-en-escamas-60kg\/#breadcrumb","itemListElement":[{"@type":"ListItem","position":1,"name":"Portada","item":"https:\/\/distribucionarc.com\/ar\/"},{"@type":"ListItem","position":2,"name":"Proizvodi","item":"https:\/\/www.distribucionarc.com\/hr\/ducan\/"},{"@type":"ListItem","position":3,"name":"M\u00e1quina para hacer hielo en escamas 60kg"}]},{"@type":"WebSite","@id":"https:\/\/distribucionarc.com\/ro\/#website","url":"https:\/\/distribucionarc.com\/ro\/","name":"ARC-Verteilung","description":"Das Unternehmen ist auf die Herstellung und den Vertrieb von Industriemaschinen, Dosenverschlie\u00dfmaschinen, Tablettenmaschinen, Fleischschneidemaschinen...","publisher":{"@id":"https:\/\/distribucionarc.com\/ro\/#organization"},"potentialAction":[{"@type":"SearchAction","target":{"@type":"EntryPoint","urlTemplate":"https:\/\/distribucionarc.com\/ro\/?s={search_term_string}"},"query-input":{"@type":"PropertyValueSpecification","valueRequired":true,"valueName":"search_term_string"}}],"inLanguage":"de"},{"@type":"Organization","@id":"https:\/\/distribucionarc.com\/ro\/#organization","name":"ARC-Verteilung","url":"https:\/\/distribucionarc.com\/ro\/","logo":{"@type":"ImageObject","inLanguage":"de","@id":"https:\/\/distribucionarc.com\/ro\/#\/schema\/logo\/image\/","url":"https:\/\/distribucionarc.com\/wp-content\/uploads\/2024\/10\/distribucion-ARC-COLOR-SIN-FONDO-e1732295305345.png","contentUrl":"https:\/\/distribucionarc.com\/wp-content\/uploads\/2024\/10\/distribucion-ARC-COLOR-SIN-FONDO-e1732295305345.png","width":1164,"height":558,"caption":"Distribuci\u00f3n ARC"},"image":{"@id":"https:\/\/distribucionarc.com\/ro\/#\/schema\/logo\/image\/"},"description":"Unternehmen, das auf die Herstellung und den Vertrieb von Industriemaschinen f\u00fcr den Lebensmittel- und Pharmasektor spezialisiert ist. Wir sind spezialisiert auf: Fleischschneidemaschinen Tablettenherstellung Industrielle F\u00f6rdersysteme Abf\u00fcllanlagen Dispenser Und vieles mehr... Wir bieten innovative und ma\u00dfgeschneiderte L\u00f6sungen zur Optimierung der Produktionsprozesse in Ihrem Unternehmen.","email":"Admistracion@distribucionarc.com","telephone":"+34 643496664","legalName":"ARC TECH SOLUTIONS","foundingDate":"2024-04-09","vatID":"B55480172","numberOfEmployees":{"@type":"QuantitativeValue","minValue":"1","maxValue":"10"}}]}},"_links":{"self":[{"href":"https:\/\/distribucionarc.com\/de\/wp-json\/wp\/v2\/product\/3062","targetHints":{"allow":["GET"]}}],"collection":[{"href":"https:\/\/distribucionarc.com\/de\/wp-json\/wp\/v2\/product"}],"about":[{"href":"https:\/\/distribucionarc.com\/de\/wp-json\/wp\/v2\/types\/product"}],"replies":[{"embeddable":true,"href":"https:\/\/distribucionarc.com\/de\/wp-json\/wp\/v2\/comments?post=3062"}],"version-history":[{"count":0,"href":"https:\/\/distribucionarc.com\/de\/wp-json\/wp\/v2\/product\/3062\/revisions"}],"wp:featuredmedia":[{"embeddable":true,"href":"https:\/\/distribucionarc.com\/de\/wp-json\/wp\/v2\/media\/3063"}],"wp:attachment":[{"href":"https:\/\/distribucionarc.com\/de\/wp-json\/wp\/v2\/media?parent=3062"}],"wp:term":[{"taxonomy":"product_brand","embeddable":true,"href":"https:\/\/distribucionarc.com\/de\/wp-json\/wp\/v2\/product_brand?post=3062"},{"taxonomy":"product_cat","embeddable":true,"href":"https:\/\/distribucionarc.com\/de\/wp-json\/wp\/v2\/product_cat?post=3062"},{"taxonomy":"product_tag","embeddable":true,"href":"https:\/\/distribucionarc.com\/de\/wp-json\/wp\/v2\/product_tag?post=3062"}],"curies":[{"name":"wp","href":"https:\/\/api.w.org\/{rel}","templated":true}]}}