{"id":3091,"date":"2020-09-21T14:37:20","date_gmt":"2020-09-21T14:37:20","guid":{"rendered":"https:\/\/distribucionarc.com\/?post_type=product&#038;p=3091"},"modified":"2023-05-04T11:34:07","modified_gmt":"2023-05-04T11:34:07","slug":"elektrische-presse-fur-zuckerrohr","status":"publish","type":"product","link":"https:\/\/distribucionarc.com\/de\/producto\/exprimidor-electrico-para-cana-de-azucar\/","title":{"rendered":"Elektrischer Zuckerrohr-Entsafter"},"content":{"rendered":"<h3>Elektrischer Zuckerrohr-Entsafter<\/h3>\n<p>Das Au\u00dfengeh\u00e4use, alle Ein- und Ausg\u00e4nge des <strong>Industrie-Zuckerrohr-Entsafter <span style=\"color: #ff0000;\">ZU<\/span><span style=\"color: #0000ff;\">R<\/span>C<\/strong> Verwenden Sie langlebigeren und hygienischeren Edelstahl 304 in Lebensmittelqualit\u00e4t. Die 4 Innenrollen sind aus massivem Edelstahl, stabil und langlebig. Diese erleichtern die einfache Trennung von Zuckerrohrsaft und -r\u00fcckst\u00e4nden. Durch zweimaliges Dr\u00fccken erhalten Sie auch eine vollst\u00e4ndigere Trennung <strong>gr\u00f6\u00dfere Saftmenge.<\/strong><\/p>\n<p>Die richtige Gr\u00f6\u00dfe und Tiefe der Eintrittszone erleichtert Ihnen den Einstieg in das Zuckerrohr. Es verf\u00fcgt \u00fcber einen gro\u00dfen Abfallauslass mit gro\u00dfem Durchmesser, wodurch der Abfall effektiv abgeleitet wird. Der Saftauslass hat einen angemessenen Neigungswinkel, um einen gleichm\u00e4\u00dfigen Saftfluss zu gew\u00e4hrleisten. Es verf\u00fcgt \u00fcber eine transparente Acrylt\u00fcr, durch die Sie den gesamten Vorgang beobachten k\u00f6nnen.<\/p>\n<p>Der <strong>Zuckerrohrextraktor <span style=\"color: #ff0000;\">ZU<\/span><span style=\"color: #0000ff;\">R<\/span>CECA4<\/strong> Es verf\u00fcgt \u00fcber eine gute Bel\u00fcftung, wodurch die von den Komponenten erzeugte W\u00e4rme wirksam reduziert und die Lebensdauer der Maschine verl\u00e4ngert wird. Es verf\u00fcgt \u00fcber einen Sicherheitsschalter, um die Richtung der Rollen zu \u00e4ndern, falls es stecken bleibt.<\/p>\n<h6><strong>Garantie\u00a0<span style=\"color: #ff0000;\">ZU<\/span><span style=\"color: #0000ff;\">R<\/span>C 2 JAHRE<\/strong><\/h6>\n<h6><span style=\"color: #008000;\">Effizienter Zuckerrohr-Entsafter, geringer Verbrauch, 700 W<\/span><\/h6>\n<h6><strong>Technischer Support inklusive<\/strong><\/h6>\n<p>&nbsp;<\/p>\n<table role=\"presentation\" width=\"100%\" cellspacing=\"0\" cellpadding=\"0\">\n<tbody>\n<tr>\n<td class=\"attrLabels\">Marke:<\/td>\n<td width=\"50.0%\">BOGEN<\/td>\n<\/tr>\n<tr>\n<td class=\"attrLabels\">Vertriebsland:<\/td>\n<td width=\"50.0%\">Spanien, Deutschland, USA<\/td>\n<td class=\"attrLabels\">Gewicht:<\/td>\n<td width=\"50.0%\">68kg<\/td>\n<\/tr>\n<tr>\n<td class=\"attrLabels\">Garantie:<\/td>\n<td width=\"50.0%\">2 Jahre<\/td>\n<td class=\"attrLabels\">H\u00f6he:<\/td>\n<td width=\"50.0%\">46,8 cm<\/td>\n<\/tr>\n<tr>\n<td class=\"attrLabels\">Farbe:<\/td>\n<td width=\"50.0%\">Silber<\/td>\n<td class=\"attrLabels\">Lang:<\/td>\n<td width=\"50.0%\">36,8 cm<\/td>\n<\/tr>\n<tr>\n<td class=\"attrLabels\">Produkttyp:<\/td>\n<td width=\"50.0%\">Zuckerrohr-Entsafter<\/td>\n<td class=\"attrLabels\">Breit:<\/td>\n<td width=\"50.0%\">31,7 cm<\/td>\n<\/tr>\n<tr>\n<td class=\"attrLabels\">Herstellernummer:<\/td>\n<td width=\"50.0%\">ARCECA4<\/td>\n<td class=\"attrLabels\">Anzahl und Gr\u00f6\u00dfe der Rollen:<\/td>\n<td width=\"50.0%\">4 von 7 x 10 cm<\/td>\n<\/tr>\n<tr>\n<td class=\"attrLabels\">Material:<\/td>\n<td width=\"50.0%\">Edelstahl, effizienter Motor<\/td>\n<td class=\"attrLabels\">Eingangsspannung:<\/td>\n<td width=\"50.0%\">220V \u2013 50Hz<\/td>\n<\/tr>\n<tr>\n<td class=\"attrLabels\">Leistung:<\/td>\n<td width=\"50.0%\">\u00a0 700W<\/td>\n<td class=\"attrLabels\">Strafverfolgung:<\/td>\n<td width=\"50.0%\">250 kg pro Stunde<\/td>\n<\/tr>\n<tr>\n<td class=\"attrLabels\">Eingangsspannung:<\/td>\n<td width=\"50.0%\">220V \u2013 50Hz<\/td>\n<td class=\"attrLabels\">Drehzahl:<\/td>\n<td width=\"50.0%\">15 U\/min<\/td>\n<\/tr>\n<\/tbody>\n<\/table>","protected":false},"excerpt":{"rendered":"<h2>Elektrischer Zuckerrohr-Entsafter<\/h2>\n<p>Das <strong>Elektrischer Zuckerrohr-Entsafter <span style=\"color: #ff0000;\">ZU<\/span><span style=\"color: #0000ff;\">R<\/span>C<\/strong> Es besteht aus starkem und stabilem Edelstahl in Lebensmittelqualit\u00e4t. Es verwendet 4 v\u00f6llig solide Edelstahlwalzen, um den Saft und die R\u00fcckst\u00e4nde einfach vom Zuckerrohr zu trennen <strong>zweimal dr\u00fccken<\/strong> um sicherzustellen, dass a <strong>vollst\u00e4ndigere Trennung<\/strong> und so herausnehmen <strong>maximalen Nutzen<\/strong> von jedem Zuckerrohr. Es ist einfach zu bedienen und eignet sich besonders f\u00fcr Hotels, Obstl\u00e4den, Kaltgetr\u00e4nkel\u00e4den, Schulen usw.<\/p>\n<h6><strong>Garantie\u00a0<span style=\"color: #ff0000;\">ZU<\/span><span style=\"color: #0000ff;\">R<\/span>C 2 JAHRE<\/strong><\/h6>\n<h6><span style=\"color: #008000;\">Effizienter Zuckerrohr-Entsafter, geringer Verbrauch, 700 W<\/span><\/h6>\n<h6><strong>Technischer Support inklusive<\/strong><\/h6>","protected":false},"featured_media":3098,"comment_status":"open","ping_status":"closed","template":"","meta":{"wds_primary_product_brand":0,"wds_primary_product_cat":0},"product_brand":[],"product_cat":[30,65],"product_tag":[],"class_list":{"0":"post-3091","1":"product","2":"type-product","3":"status-publish","4":"has-post-thumbnail","6":"product_cat-maquinaria-apicola","7":"product_cat-maquinaria-industrial-para-procesar-fruta-verdura-panales","8":"product_shipping_class-express","10":"first","11":"instock","12":"taxable","13":"shipping-taxable","14":"purchasable","15":"product-type-simple"},"yoast_head":"<!-- This site is optimized with the Yoast SEO Premium plugin v24.9 (Yoast SEO v26.1) - https:\/\/yoast.com\/wordpress\/plugins\/seo\/ -->\n<title>Exprimidor el\u00e9ctrico para ca\u00f1a de az\u00facar - distribuci\u00f3n ARC<\/title>\n<meta name=\"robots\" content=\"index, follow, max-snippet:-1, max-image-preview:large, max-video-preview:-1\" \/>\n<link rel=\"canonical\" href=\"https:\/\/distribucionarc.com\/de\/produkt-2\/elektrische-presse-fur-zuckerrohr\/\" \/>\n<meta property=\"og:locale\" content=\"de_DE\" \/>\n<meta property=\"og:type\" content=\"article\" \/>\n<meta property=\"og:title\" content=\"Exprimidor el\u00e9ctrico para ca\u00f1a de az\u00facar\" \/>\n<meta property=\"og:description\" content=\"Exprimidor el\u00e9ctrico para ca\u00f1a de az\u00facar Este extractor de zumo de ca\u00f1a el\u00e9ctrico ARC est\u00e1 hecho de acero inoxidable alimenticio fuerte y estable. Utiliza 4 rodillos de acero inoxidable totalmente s\u00f3lidos para separar f\u00e1cil el jugo y los residuos de la ca\u00f1a de az\u00facar, esta se exprime dos veces para asegurar una separaci\u00f3n m\u00e1s completa y as\u00ed sacar el m\u00e1ximo provecho de cada ca\u00f1a de az\u00facar. Es f\u00e1cil de operar y es especialmente adecuado para hoteles, fruter\u00edas, tiendas de bebidas fr\u00edas, escuelas, etc. Garant\u00eda\u00a0ARC 2 A\u00d1OS Exprimidor para ca\u00f1a de az\u00facar eficiente, bajo consumo 700w soporte t\u00e9cnico incluido\" \/>\n<meta property=\"og:url\" content=\"https:\/\/distribucionarc.com\/de\/produkt-2\/elektrische-presse-fur-zuckerrohr\/\" \/>\n<meta property=\"og:site_name\" content=\"distribuci\u00f3n ARC\" \/>\n<meta property=\"article:modified_time\" content=\"2023-05-04T11:34:07+00:00\" \/>\n<meta property=\"og:image\" content=\"https:\/\/distribucionarc.com\/wp-content\/uploads\/2020\/09\/Exprimidor-el\u00e9ctrico-para-ca\u00f1a-de-az\u00facar-0.jpg\" \/>\n\t<meta property=\"og:image:width\" content=\"1600\" \/>\n\t<meta property=\"og:image:height\" content=\"1600\" \/>\n\t<meta property=\"og:image:type\" content=\"image\/jpeg\" \/>\n<meta name=\"twitter:card\" content=\"summary_large_image\" \/>\n<meta name=\"twitter:label1\" content=\"Gesch\u00e4tzte Lesezeit\" \/>\n\t<meta name=\"twitter:data1\" content=\"2\u00a0Minuten\" \/>\n<script type=\"application\/ld+json\" class=\"yoast-schema-graph\">{\"@context\":\"https:\/\/schema.org\",\"@graph\":[{\"@type\":\"WebPage\",\"@id\":\"https:\/\/distribucionarc.com\/de\/producto\/exprimidor-electrico-para-cana-de-azucar\/\",\"url\":\"https:\/\/distribucionarc.com\/de\/producto\/exprimidor-electrico-para-cana-de-azucar\/\",\"name\":\"Exprimidor el\u00e9ctrico para ca\u00f1a de az\u00facar - distribuci\u00f3n ARC\",\"isPartOf\":{\"@id\":\"https:\/\/www.distribucionarc.com\/sl\/#website\"},\"primaryImageOfPage\":{\"@id\":\"https:\/\/distribucionarc.com\/de\/producto\/exprimidor-electrico-para-cana-de-azucar\/#primaryimage\"},\"image\":{\"@id\":\"https:\/\/distribucionarc.com\/de\/producto\/exprimidor-electrico-para-cana-de-azucar\/#primaryimage\"},\"thumbnailUrl\":\"https:\/\/distribucionarc.com\/wp-content\/uploads\/2020\/09\/Exprimidor-el\u00e9ctrico-para-ca\u00f1a-de-az\u00facar-0.jpg\",\"datePublished\":\"2020-09-21T14:37:20+00:00\",\"dateModified\":\"2023-05-04T11:34:07+00:00\",\"breadcrumb\":{\"@id\":\"https:\/\/distribucionarc.com\/de\/producto\/exprimidor-electrico-para-cana-de-azucar\/#breadcrumb\"},\"inLanguage\":\"de\",\"potentialAction\":[{\"@type\":\"ReadAction\",\"target\":[\"https:\/\/distribucionarc.com\/de\/producto\/exprimidor-electrico-para-cana-de-azucar\/\"]}]},{\"@type\":\"ImageObject\",\"inLanguage\":\"de\",\"@id\":\"https:\/\/distribucionarc.com\/de\/producto\/exprimidor-electrico-para-cana-de-azucar\/#primaryimage\",\"url\":\"https:\/\/distribucionarc.com\/wp-content\/uploads\/2020\/09\/Exprimidor-el\u00e9ctrico-para-ca\u00f1a-de-az\u00facar-0.jpg\",\"contentUrl\":\"https:\/\/distribucionarc.com\/wp-content\/uploads\/2020\/09\/Exprimidor-el\u00e9ctrico-para-ca\u00f1a-de-az\u00facar-0.jpg\",\"width\":1600,\"height\":1600,\"caption\":\"Exprimidor el\u00e9ctrico para ca\u00f1a de az\u00facar\"},{\"@type\":\"BreadcrumbList\",\"@id\":\"https:\/\/distribucionarc.com\/de\/producto\/exprimidor-electrico-para-cana-de-azucar\/#breadcrumb\",\"itemListElement\":[{\"@type\":\"ListItem\",\"position\":1,\"name\":\"Portada\",\"item\":\"https:\/\/www.distribucionarc.com\/\"},{\"@type\":\"ListItem\",\"position\":2,\"name\":\"\u00dcr\u00fcnler\",\"item\":\"https:\/\/www.distribucionarc.com\/tr\/magaza\/\"},{\"@type\":\"ListItem\",\"position\":3,\"name\":\"Exprimidor el\u00e9ctrico para ca\u00f1a de az\u00facar\"}]},{\"@type\":\"WebSite\",\"@id\":\"https:\/\/www.distribucionarc.com\/sl\/#website\",\"url\":\"https:\/\/www.distribucionarc.com\/sl\/\",\"name\":\"distribuci\u00f3n ARC\",\"description\":\"Empresa especializada en la fabricaci\u00f3n y distribuci\u00f3n de maquinaria industrial, selladoras de latas, Maquinas de hacer pastillas, Maquinas de cortar carne...\",\"publisher\":{\"@id\":\"https:\/\/www.distribucionarc.com\/sl\/#organization\"},\"potentialAction\":[{\"@type\":\"SearchAction\",\"target\":{\"@type\":\"EntryPoint\",\"urlTemplate\":\"https:\/\/www.distribucionarc.com\/sl\/?s={search_term_string}\"},\"query-input\":{\"@type\":\"PropertyValueSpecification\",\"valueRequired\":true,\"valueName\":\"search_term_string\"}}],\"inLanguage\":\"de\"},{\"@type\":\"Organization\",\"@id\":\"https:\/\/www.distribucionarc.com\/sl\/#organization\",\"name\":\"Distribuci\u00f3n ARC\",\"url\":\"https:\/\/www.distribucionarc.com\/sl\/\",\"logo\":{\"@type\":\"ImageObject\",\"inLanguage\":\"de\",\"@id\":\"https:\/\/www.distribucionarc.com\/sl\/#\/schema\/logo\/image\/\",\"url\":\"https:\/\/distribucionarc.com\/wp-content\/uploads\/2024\/10\/distribucion-ARC-COLOR-SIN-FONDO-e1732295305345.png\",\"contentUrl\":\"https:\/\/distribucionarc.com\/wp-content\/uploads\/2024\/10\/distribucion-ARC-COLOR-SIN-FONDO-e1732295305345.png\",\"width\":1164,\"height\":558,\"caption\":\"Distribuci\u00f3n ARC\"},\"image\":{\"@id\":\"https:\/\/www.distribucionarc.com\/sl\/#\/schema\/logo\/image\/\"},\"description\":\"Empresa especializada en la fabricaci\u00f3n y distribuci\u00f3n de maquinaria industrial para los sectores alimentario y farmac\u00e9utico. Nos especializamos en: M\u00e1quinas de cortar carne Fabricaci\u00f3n de comprimidos Sistemas de transporte industrial L\u00edneas de embotellado Dosificadores Y mucho m\u00e1s... Ofrecemos soluciones innovadoras y personalizadas para optimizar los procesos productivos de tu empresa.\",\"email\":\"Admistracion@distribucionarc.com\",\"telephone\":\"+34 643496664\",\"legalName\":\"ARC TECH SOLUTIONS\",\"foundingDate\":\"2024-04-09\",\"vatID\":\"B55480172\",\"numberOfEmployees\":{\"@type\":\"QuantitativeValue\",\"minValue\":\"1\",\"maxValue\":\"10\"}}]}<\/script>\n<!-- \/ Yoast SEO Premium plugin. -->","yoast_head_json":{"title":"Elektrischer Entsafter f\u00fcr Zuckerrohr - ARC-Vertrieb","robots":{"index":"index","follow":"follow","max-snippet":"max-snippet:-1","max-image-preview":"max-image-preview:large","max-video-preview":"max-video-preview:-1"},"canonical":"https:\/\/distribucionarc.com\/de\/produkt-2\/elektrische-presse-fur-zuckerrohr\/","og_locale":"de_DE","og_type":"article","og_title":"Exprimidor el\u00e9ctrico para ca\u00f1a de az\u00facar","og_description":"Exprimidor el\u00e9ctrico para ca\u00f1a de az\u00facar Este extractor de zumo de ca\u00f1a el\u00e9ctrico ARC est\u00e1 hecho de acero inoxidable alimenticio fuerte y estable. Utiliza 4 rodillos de acero inoxidable totalmente s\u00f3lidos para separar f\u00e1cil el jugo y los residuos de la ca\u00f1a de az\u00facar, esta se exprime dos veces para asegurar una separaci\u00f3n m\u00e1s completa y as\u00ed sacar el m\u00e1ximo provecho de cada ca\u00f1a de az\u00facar. Es f\u00e1cil de operar y es especialmente adecuado para hoteles, fruter\u00edas, tiendas de bebidas fr\u00edas, escuelas, etc. Garant\u00eda\u00a0ARC 2 A\u00d1OS Exprimidor para ca\u00f1a de az\u00facar eficiente, bajo consumo 700w soporte t\u00e9cnico incluido","og_url":"https:\/\/distribucionarc.com\/de\/produkt-2\/elektrische-presse-fur-zuckerrohr\/","og_site_name":"distribuci\u00f3n ARC","article_modified_time":"2023-05-04T11:34:07+00:00","og_image":[{"width":1600,"height":1600,"url":"https:\/\/distribucionarc.com\/wp-content\/uploads\/2020\/09\/Exprimidor-el\u00e9ctrico-para-ca\u00f1a-de-az\u00facar-0.jpg","type":"image\/jpeg"}],"twitter_card":"summary_large_image","twitter_misc":{"Gesch\u00e4tzte Lesezeit":"2\u00a0Minuten"},"schema":{"@context":"https:\/\/schema.org","@graph":[{"@type":"WebPage","@id":"https:\/\/distribucionarc.com\/de\/producto\/exprimidor-electrico-para-cana-de-azucar\/","url":"https:\/\/distribucionarc.com\/de\/producto\/exprimidor-electrico-para-cana-de-azucar\/","name":"Elektrischer Entsafter f\u00fcr Zuckerrohr - ARC-Vertrieb","isPartOf":{"@id":"https:\/\/www.distribucionarc.com\/sl\/#website"},"primaryImageOfPage":{"@id":"https:\/\/distribucionarc.com\/de\/producto\/exprimidor-electrico-para-cana-de-azucar\/#primaryimage"},"image":{"@id":"https:\/\/distribucionarc.com\/de\/producto\/exprimidor-electrico-para-cana-de-azucar\/#primaryimage"},"thumbnailUrl":"https:\/\/distribucionarc.com\/wp-content\/uploads\/2020\/09\/Exprimidor-el\u00e9ctrico-para-ca\u00f1a-de-az\u00facar-0.jpg","datePublished":"2020-09-21T14:37:20+00:00","dateModified":"2023-05-04T11:34:07+00:00","breadcrumb":{"@id":"https:\/\/distribucionarc.com\/de\/producto\/exprimidor-electrico-para-cana-de-azucar\/#breadcrumb"},"inLanguage":"de","potentialAction":[{"@type":"ReadAction","target":["https:\/\/distribucionarc.com\/de\/producto\/exprimidor-electrico-para-cana-de-azucar\/"]}]},{"@type":"ImageObject","inLanguage":"de","@id":"https:\/\/distribucionarc.com\/de\/producto\/exprimidor-electrico-para-cana-de-azucar\/#primaryimage","url":"https:\/\/distribucionarc.com\/wp-content\/uploads\/2020\/09\/Exprimidor-el\u00e9ctrico-para-ca\u00f1a-de-az\u00facar-0.jpg","contentUrl":"https:\/\/distribucionarc.com\/wp-content\/uploads\/2020\/09\/Exprimidor-el\u00e9ctrico-para-ca\u00f1a-de-az\u00facar-0.jpg","width":1600,"height":1600,"caption":"Exprimidor el\u00e9ctrico para ca\u00f1a de az\u00facar"},{"@type":"BreadcrumbList","@id":"https:\/\/distribucionarc.com\/de\/producto\/exprimidor-electrico-para-cana-de-azucar\/#breadcrumb","itemListElement":[{"@type":"ListItem","position":1,"name":"Portada","item":"https:\/\/www.distribucionarc.com\/"},{"@type":"ListItem","position":2,"name":"\u00dcr\u00fcnler","item":"https:\/\/www.distribucionarc.com\/tr\/magaza\/"},{"@type":"ListItem","position":3,"name":"Exprimidor el\u00e9ctrico para ca\u00f1a de az\u00facar"}]},{"@type":"WebSite","@id":"https:\/\/www.distribucionarc.com\/sl\/#website","url":"https:\/\/www.distribucionarc.com\/sl\/","name":"ARC-Verteilung","description":"Das Unternehmen ist auf die Herstellung und den Vertrieb von Industriemaschinen, Dosenverschlie\u00dfmaschinen, Tablettenmaschinen, Fleischschneidemaschinen...","publisher":{"@id":"https:\/\/www.distribucionarc.com\/sl\/#organization"},"potentialAction":[{"@type":"SearchAction","target":{"@type":"EntryPoint","urlTemplate":"https:\/\/www.distribucionarc.com\/sl\/?s={search_term_string}"},"query-input":{"@type":"PropertyValueSpecification","valueRequired":true,"valueName":"search_term_string"}}],"inLanguage":"de"},{"@type":"Organization","@id":"https:\/\/www.distribucionarc.com\/sl\/#organization","name":"ARC-Verteilung","url":"https:\/\/www.distribucionarc.com\/sl\/","logo":{"@type":"ImageObject","inLanguage":"de","@id":"https:\/\/www.distribucionarc.com\/sl\/#\/schema\/logo\/image\/","url":"https:\/\/distribucionarc.com\/wp-content\/uploads\/2024\/10\/distribucion-ARC-COLOR-SIN-FONDO-e1732295305345.png","contentUrl":"https:\/\/distribucionarc.com\/wp-content\/uploads\/2024\/10\/distribucion-ARC-COLOR-SIN-FONDO-e1732295305345.png","width":1164,"height":558,"caption":"Distribuci\u00f3n ARC"},"image":{"@id":"https:\/\/www.distribucionarc.com\/sl\/#\/schema\/logo\/image\/"},"description":"Unternehmen, das auf die Herstellung und den Vertrieb von Industriemaschinen f\u00fcr den Lebensmittel- und Pharmasektor spezialisiert ist. Wir sind spezialisiert auf: Fleischschneidemaschinen Tablettenherstellung Industrielle F\u00f6rdersysteme Abf\u00fcllanlagen Dispenser Und vieles mehr... Wir bieten innovative und ma\u00dfgeschneiderte L\u00f6sungen zur Optimierung der Produktionsprozesse in Ihrem Unternehmen.","email":"Admistracion@distribucionarc.com","telephone":"+34 643496664","legalName":"ARC TECH SOLUTIONS","foundingDate":"2024-04-09","vatID":"B55480172","numberOfEmployees":{"@type":"QuantitativeValue","minValue":"1","maxValue":"10"}}]}},"_links":{"self":[{"href":"https:\/\/distribucionarc.com\/de\/wp-json\/wp\/v2\/product\/3091","targetHints":{"allow":["GET"]}}],"collection":[{"href":"https:\/\/distribucionarc.com\/de\/wp-json\/wp\/v2\/product"}],"about":[{"href":"https:\/\/distribucionarc.com\/de\/wp-json\/wp\/v2\/types\/product"}],"replies":[{"embeddable":true,"href":"https:\/\/distribucionarc.com\/de\/wp-json\/wp\/v2\/comments?post=3091"}],"version-history":[{"count":0,"href":"https:\/\/distribucionarc.com\/de\/wp-json\/wp\/v2\/product\/3091\/revisions"}],"wp:featuredmedia":[{"embeddable":true,"href":"https:\/\/distribucionarc.com\/de\/wp-json\/wp\/v2\/media\/3098"}],"wp:attachment":[{"href":"https:\/\/distribucionarc.com\/de\/wp-json\/wp\/v2\/media?parent=3091"}],"wp:term":[{"taxonomy":"product_brand","embeddable":true,"href":"https:\/\/distribucionarc.com\/de\/wp-json\/wp\/v2\/product_brand?post=3091"},{"taxonomy":"product_cat","embeddable":true,"href":"https:\/\/distribucionarc.com\/de\/wp-json\/wp\/v2\/product_cat?post=3091"},{"taxonomy":"product_tag","embeddable":true,"href":"https:\/\/distribucionarc.com\/de\/wp-json\/wp\/v2\/product_tag?post=3091"}],"curies":[{"name":"wp","href":"https:\/\/api.w.org\/{rel}","templated":true}]}}