{"id":3105,"date":"2020-09-21T16:13:03","date_gmt":"2020-09-21T16:13:03","guid":{"rendered":"https:\/\/distribucionarc.com\/?post_type=product&#038;p=3105"},"modified":"2020-10-01T13:58:18","modified_gmt":"2020-10-01T13:58:18","slug":"hochdrehzahl-profi-mixer-mixer","status":"publish","type":"product","link":"https:\/\/distribucionarc.com\/de\/producto\/batidora-licuadora-profesional-de-altas-revoluciones\/","title":{"rendered":"Mixer, professioneller Hochgeschwindigkeitsmixer\u00a0"},"content":{"rendered":"<h3>Mixer, professioneller Hochgeschwindigkeitsmixer<\/h3>\n<p>Das <strong>leiser Mixer <span style=\"color: #ff0000;\">ZU<\/span><span style=\"color: #0000ff;\">R<\/span>C<\/strong> verf\u00fcgt \u00fcber eine spezielle akustische Abschirmung, die es Ihnen erm\u00f6glicht, Ihr Ger\u00e4t zu bedienen <strong>kommerzieller Mixer<\/strong> bei sehr geringer Lautst\u00e4rke zwischen 75 und 95 dB. Es verf\u00fcgt \u00fcber ein Sicherheitssystem, das nur funktioniert, wenn es geschlossen ist.<\/p>\n<p>Das Mischglas <strong>leiser Mixer<\/strong> <strong><span style=\"color: #ff0000;\">ZU<\/span><span style=\"color: #0000ff;\">R<\/span>CLBS15<\/strong> Es hat ein gro\u00dfes Fassungsverm\u00f6gen von 1,5 l und besteht aus lebensmittelechtem PC-Material. Ausgestattet mit vier dreidimensionalen Klingen in Lebensmittelqualit\u00e4t (Innenklinge + Au\u00dfenklinge). Es kann problemlos gefrorenes Fruchtfleisch, Eis, harte Fr\u00fcchte und Getreide zerkleinern. Ein zus\u00e4tzliches Paar Klingen ist im Lieferumfang enthalten.<\/p>\n<p>\u00dcberpr\u00fcfen Sie die <strong>leiser Mixer<\/strong> mit vier verschiedenen Zeiteinstellungen und flexibler Geschwindigkeitsanpassung.  Der separate Beh\u00e4lterdeckel ist praktisch zum F\u00fcttern und verhindert ein \u00dcberlaufen. Der leistungsstarke Motor aus reinem Kupfer sorgt f\u00fcr einen <strong>hohe Rotationsgeschwindigkeit<\/strong> 4400-20000 U\/min, mit wenig L\u00e4rm. Macht einen Stromverbrauch von nur 1350 Watt.<\/p>\n<h6><strong>Garantie\u00a0<span style=\"color: #ff0000;\">ZU<\/span><span style=\"color: #0000ff;\">R<\/span>C 2 JAHRE<\/strong><\/h6>\n<h6><span style=\"color: #008000;\">Effiziente elektrische M\u00fchle, geringer Verbrauch 1350 W<\/span><\/h6>\n<h6><strong>Technischer Support inklusive<\/strong><\/h6>\n<p>&nbsp;<\/p>\n<p>&nbsp;<\/p>\n<table role=\"presentation\" width=\"100%\" cellspacing=\"0\" cellpadding=\"0\">\n<tbody>\n<tr>\n<td class=\"attrLabels\">Marke:<\/td>\n<td width=\"50.0%\">BOGEN<\/td>\n<\/tr>\n<tr>\n<td class=\"attrLabels\">Vertriebsland:<\/td>\n<td width=\"50.0%\">Spanien, Deutschland, USA<\/td>\n<td class=\"attrLabels\">Gewicht:<\/td>\n<td width=\"50.0%\">8kg<\/td>\n<\/tr>\n<tr>\n<td class=\"attrLabels\">Marke:<\/td>\n<td width=\"50.0%\">BOGEN<\/td>\n<td class=\"attrLabels\">H\u00f6he:<\/td>\n<td width=\"50.0%\">48,2 cm<\/td>\n<\/tr>\n<tr>\n<td class=\"attrLabels\">Farbe:<\/td>\n<td width=\"50.0%\">silber, schwarz<\/td>\n<td class=\"attrLabels\">Lang:<\/td>\n<td width=\"50.0%\">22,8 cm<\/td>\n<\/tr>\n<tr>\n<td class=\"attrLabels\">Produkttyp:<\/td>\n<td width=\"50.0%\">Professioneller Mixer<\/td>\n<td class=\"attrLabels\">Breit:<\/td>\n<td width=\"50.0%\">25,4 cm<\/td>\n<\/tr>\n<tr>\n<td class=\"attrLabels\">Herstellernummer:<\/td>\n<td width=\"50.0%\">ARCLSB15<\/td>\n<td class=\"attrLabels\">Leistung:<\/td>\n<td width=\"50.0%\">1350W<\/td>\n<\/tr>\n<tr>\n<td class=\"attrLabels\">Material:<\/td>\n<td width=\"50.0%\">Edelstahl, effizienter Kupfermotor, PC-R\u00fchrsch\u00fcssel, Low-Dezibel-Verschluss<\/td>\n<td class=\"attrLabels\">Eingangsspannung<\/td>\n<td width=\"50.0%\">230V \u2013 50Hz<\/td>\n<\/tr>\n<tr>\n<td class=\"attrLabels\">Garantie:<\/td>\n<td width=\"50.0%\">2 Jahre<\/td>\n<td class=\"attrLabels\">Motordrehzahl:<\/td>\n<td width=\"50.0%\">\u00a0von 4400 bis 20.000 U\/min<\/td>\n<\/tr>\n<tr>\n<td class=\"attrLabels\">Fassungsverm\u00f6gen des R\u00fchrglases:<\/td>\n<td width=\"50.0%\">1,5 Liter<\/td>\n<td class=\"attrLabels\">Geschwindigkeiten<\/td>\n<td width=\"50.0%\">4 Modi von weniger bis mehr<\/td>\n<\/tr>\n<\/tbody>\n<\/table>","protected":false},"excerpt":{"rendered":"<h2>Mixer, professioneller Hochgeschwindigkeitsmixer<\/h2>\n<p>Das <strong>professioneller Mixer <span style=\"color: #ff0000;\">ZU<\/span><span style=\"color: #0000ff;\">R<\/span>C<\/strong> Es ist multifunktional und kann unabh\u00e4ngig von der H\u00e4rte des Produkts einfache Smoothies und S\u00e4fte oder sogar Smoothies mit gefrorenem Fruchtfleisch oder einer gro\u00dfen Menge Eis zubereiten. Es nutzt die neueste Mischtechnologie, mit der sich harte Fr\u00fcchte, gefrorenes Fruchtfleisch, Eis und Getreide problemlos zerkleinern lassen. <strong>Der Mixer<\/strong> Es verf\u00fcgt \u00fcber einen digitalen Bildschirm zur Steuerung des Prozesses und zur Auswahl des Modus, der am besten zu Ihrem Produkt passt. Es ist leiser als ein <strong>Mischer<\/strong> Traditionell dank eines Schutzgitters, das wiederum f\u00fcr Sicherheit sorgt, falls das R\u00fchrglas zerbricht. Der 1350-Watt-Hochleistungs-Kupfermotor sorgt f\u00fcr eine hohe Mischeffizienz.<\/p>\n<h6><strong>Garantie\u00a0<span style=\"color: #ff0000;\">ZU<\/span><span style=\"color: #0000ff;\">R<\/span>C 2 JAHRE<\/strong><\/h6>\n<h6><span style=\"color: #008000;\">Effiziente elektrische M\u00fchle, geringer Verbrauch 1350 W<\/span><\/h6>\n<h6><strong>Technischer Support inklusive<\/strong><\/h6>","protected":false},"featured_media":3114,"comment_status":"open","ping_status":"closed","template":"","meta":{"wds_primary_product_brand":0,"wds_primary_product_cat":0},"product_brand":[],"product_cat":[43,65,59,68],"product_tag":[],"class_list":{"0":"post-3105","1":"product","2":"type-product","3":"status-publish","4":"has-post-thumbnail","6":"product_cat-cortadoras-de-alimentos","7":"product_cat-maquinaria-industrial-para-procesar-fruta-verdura-panales","8":"product_cat-hielo","9":"product_cat-trituradoras-picadoras-de-frutas-y-verduras","10":"product_shipping_class-hosteleria","12":"first","13":"instock","14":"sale","15":"taxable","16":"shipping-taxable","17":"purchasable","18":"product-type-simple"},"yoast_head":"<!-- This site is optimized with the Yoast SEO Premium plugin v24.9 (Yoast SEO v26.1) - https:\/\/yoast.com\/wordpress\/plugins\/seo\/ -->\n<title>Batidora, licuadora profesional de altas revoluciones\u00a0 - distribuci\u00f3n ARC<\/title>\n<meta name=\"robots\" content=\"index, follow, max-snippet:-1, max-image-preview:large, max-video-preview:-1\" \/>\n<link rel=\"canonical\" href=\"https:\/\/www.distribucionarc.com\/ar\/producto\/batidora-licuadora-profesional-de-altas-revoluciones\/\" \/>\n<meta property=\"og:locale\" content=\"de_DE\" \/>\n<meta property=\"og:type\" content=\"article\" \/>\n<meta property=\"og:title\" content=\"Batidora, licuadora profesional de altas revoluciones\u00a0\" \/>\n<meta property=\"og:description\" content=\"Batidora, licuadora profesional de altas revoluciones Esta licuadora profesional ARC es multifuncional puede realizar batidos y zumos sencillos o incluso smoothies con pulpas congeladas o gran cantidad de hielo sin importar la dureza del producto. Adopta la tecnolog\u00eda m\u00e1s reciente de mezcla capaz de triturar con facilidad frutas duras, pulpas congeladas, hielo, cereales. La batidora cuenta con una pantalla digital para controlar el proceso y escoger la modalidad que m\u00e1s de adapte a su producto, es m\u00e1s silenciosa que una mezcladora tradicional gracias a una pantalla protectora que a su vez le asegura seguridad en caso de que el vaso mezclador seda. El motor de cobre de alta potencia de 1350 vatios garantiza una alta eficiencia de mezcla. Garant\u00eda\u00a0ARC 2 A\u00d1OS Molinillo el\u00e9ctrico eficiente, bajo consumo 1350w soporte t\u00e9cnico incluido\" \/>\n<meta property=\"og:url\" content=\"https:\/\/www.distribucionarc.com\/ar\/producto\/batidora-licuadora-profesional-de-altas-revoluciones\/\" \/>\n<meta property=\"og:site_name\" content=\"distribuci\u00f3n ARC\" \/>\n<meta property=\"article:modified_time\" content=\"2020-10-01T13:58:18+00:00\" \/>\n<meta property=\"og:image\" content=\"https:\/\/www.distribucionarc.com\/wp-content\/uploads\/2020\/09\/Batidora-licuadora-profesional-de-altas-revoluciones-0.jpg\" \/>\n\t<meta property=\"og:image:width\" content=\"1600\" \/>\n\t<meta property=\"og:image:height\" content=\"1600\" \/>\n\t<meta property=\"og:image:type\" content=\"image\/jpeg\" \/>\n<meta name=\"twitter:card\" content=\"summary_large_image\" \/>\n<meta name=\"twitter:label1\" content=\"Gesch\u00e4tzte Lesezeit\" \/>\n\t<meta name=\"twitter:data1\" content=\"1\u00a0Minute\" \/>\n<script type=\"application\/ld+json\" class=\"yoast-schema-graph\">{\"@context\":\"https:\/\/schema.org\",\"@graph\":[{\"@type\":\"WebPage\",\"@id\":\"https:\/\/www.distribucionarc.com\/ar\/producto\/batidora-licuadora-profesional-de-altas-revoluciones\/\",\"url\":\"https:\/\/www.distribucionarc.com\/ar\/producto\/batidora-licuadora-profesional-de-altas-revoluciones\/\",\"name\":\"Batidora, licuadora profesional de altas revoluciones\u00a0 - distribuci\u00f3n ARC\",\"isPartOf\":{\"@id\":\"https:\/\/distribucionarc.com\/bg\/#website\"},\"primaryImageOfPage\":{\"@id\":\"https:\/\/www.distribucionarc.com\/ar\/producto\/batidora-licuadora-profesional-de-altas-revoluciones\/#primaryimage\"},\"image\":{\"@id\":\"https:\/\/www.distribucionarc.com\/ar\/producto\/batidora-licuadora-profesional-de-altas-revoluciones\/#primaryimage\"},\"thumbnailUrl\":\"https:\/\/distribucionarc.com\/wp-content\/uploads\/2020\/09\/Batidora-licuadora-profesional-de-altas-revoluciones-0.jpg\",\"datePublished\":\"2020-09-21T16:13:03+00:00\",\"dateModified\":\"2020-10-01T13:58:18+00:00\",\"breadcrumb\":{\"@id\":\"https:\/\/www.distribucionarc.com\/ar\/producto\/batidora-licuadora-profesional-de-altas-revoluciones\/#breadcrumb\"},\"inLanguage\":\"de\",\"potentialAction\":[{\"@type\":\"ReadAction\",\"target\":[\"https:\/\/www.distribucionarc.com\/ar\/producto\/batidora-licuadora-profesional-de-altas-revoluciones\/\"]}]},{\"@type\":\"ImageObject\",\"inLanguage\":\"de\",\"@id\":\"https:\/\/www.distribucionarc.com\/ar\/producto\/batidora-licuadora-profesional-de-altas-revoluciones\/#primaryimage\",\"url\":\"https:\/\/distribucionarc.com\/wp-content\/uploads\/2020\/09\/Batidora-licuadora-profesional-de-altas-revoluciones-0.jpg\",\"contentUrl\":\"https:\/\/distribucionarc.com\/wp-content\/uploads\/2020\/09\/Batidora-licuadora-profesional-de-altas-revoluciones-0.jpg\",\"width\":1600,\"height\":1600,\"caption\":\"Batidora, licuadora profesional de altas revoluciones\u00a0\"},{\"@type\":\"BreadcrumbList\",\"@id\":\"https:\/\/www.distribucionarc.com\/ar\/producto\/batidora-licuadora-profesional-de-altas-revoluciones\/#breadcrumb\",\"itemListElement\":[{\"@type\":\"ListItem\",\"position\":1,\"name\":\"Portada\",\"item\":\"https:\/\/distribucionarc.com\/nb\/\"},{\"@type\":\"ListItem\",\"position\":2,\"name\":\"Products\",\"item\":\"https:\/\/www.distribucionarc.com\/en\/shop\/\"},{\"@type\":\"ListItem\",\"position\":3,\"name\":\"Batidora, licuadora profesional de altas revoluciones\u00a0\"}]},{\"@type\":\"WebSite\",\"@id\":\"https:\/\/distribucionarc.com\/bg\/#website\",\"url\":\"https:\/\/distribucionarc.com\/bg\/\",\"name\":\"distribuci\u00f3n ARC\",\"description\":\"Empresa especializada en la fabricaci\u00f3n y distribuci\u00f3n de maquinaria industrial, selladoras de latas, Maquinas de hacer pastillas, Maquinas de cortar carne...\",\"publisher\":{\"@id\":\"https:\/\/distribucionarc.com\/bg\/#organization\"},\"potentialAction\":[{\"@type\":\"SearchAction\",\"target\":{\"@type\":\"EntryPoint\",\"urlTemplate\":\"https:\/\/distribucionarc.com\/bg\/?s={search_term_string}\"},\"query-input\":{\"@type\":\"PropertyValueSpecification\",\"valueRequired\":true,\"valueName\":\"search_term_string\"}}],\"inLanguage\":\"de\"},{\"@type\":\"Organization\",\"@id\":\"https:\/\/distribucionarc.com\/bg\/#organization\",\"name\":\"Distribuci\u00f3n ARC\",\"url\":\"https:\/\/distribucionarc.com\/bg\/\",\"logo\":{\"@type\":\"ImageObject\",\"inLanguage\":\"de\",\"@id\":\"https:\/\/distribucionarc.com\/bg\/#\/schema\/logo\/image\/\",\"url\":\"https:\/\/distribucionarc.com\/wp-content\/uploads\/2024\/10\/distribucion-ARC-COLOR-SIN-FONDO-e1732295305345.png\",\"contentUrl\":\"https:\/\/distribucionarc.com\/wp-content\/uploads\/2024\/10\/distribucion-ARC-COLOR-SIN-FONDO-e1732295305345.png\",\"width\":1164,\"height\":558,\"caption\":\"Distribuci\u00f3n ARC\"},\"image\":{\"@id\":\"https:\/\/distribucionarc.com\/bg\/#\/schema\/logo\/image\/\"},\"description\":\"Empresa especializada en la fabricaci\u00f3n y distribuci\u00f3n de maquinaria industrial para los sectores alimentario y farmac\u00e9utico. Nos especializamos en: M\u00e1quinas de cortar carne Fabricaci\u00f3n de comprimidos Sistemas de transporte industrial L\u00edneas de embotellado Dosificadores Y mucho m\u00e1s... Ofrecemos soluciones innovadoras y personalizadas para optimizar los procesos productivos de tu empresa.\",\"email\":\"Admistracion@distribucionarc.com\",\"telephone\":\"+34 643496664\",\"legalName\":\"ARC TECH SOLUTIONS\",\"foundingDate\":\"2024-04-09\",\"vatID\":\"B55480172\",\"numberOfEmployees\":{\"@type\":\"QuantitativeValue\",\"minValue\":\"1\",\"maxValue\":\"10\"}}]}<\/script>\n<!-- \/ Yoast SEO Premium plugin. -->","yoast_head_json":{"title":"Professioneller Hochgeschwindigkeitsmixer, Mixer - ARC distribution","robots":{"index":"index","follow":"follow","max-snippet":"max-snippet:-1","max-image-preview":"max-image-preview:large","max-video-preview":"max-video-preview:-1"},"canonical":"https:\/\/www.distribucionarc.com\/ar\/producto\/batidora-licuadora-profesional-de-altas-revoluciones\/","og_locale":"de_DE","og_type":"article","og_title":"Batidora, licuadora profesional de altas revoluciones\u00a0","og_description":"Batidora, licuadora profesional de altas revoluciones Esta licuadora profesional ARC es multifuncional puede realizar batidos y zumos sencillos o incluso smoothies con pulpas congeladas o gran cantidad de hielo sin importar la dureza del producto. Adopta la tecnolog\u00eda m\u00e1s reciente de mezcla capaz de triturar con facilidad frutas duras, pulpas congeladas, hielo, cereales. La batidora cuenta con una pantalla digital para controlar el proceso y escoger la modalidad que m\u00e1s de adapte a su producto, es m\u00e1s silenciosa que una mezcladora tradicional gracias a una pantalla protectora que a su vez le asegura seguridad en caso de que el vaso mezclador seda. El motor de cobre de alta potencia de 1350 vatios garantiza una alta eficiencia de mezcla. Garant\u00eda\u00a0ARC 2 A\u00d1OS Molinillo el\u00e9ctrico eficiente, bajo consumo 1350w soporte t\u00e9cnico incluido","og_url":"https:\/\/www.distribucionarc.com\/ar\/producto\/batidora-licuadora-profesional-de-altas-revoluciones\/","og_site_name":"distribuci\u00f3n ARC","article_modified_time":"2020-10-01T13:58:18+00:00","og_image":[{"width":1600,"height":1600,"url":"https:\/\/www.distribucionarc.com\/wp-content\/uploads\/2020\/09\/Batidora-licuadora-profesional-de-altas-revoluciones-0.jpg","type":"image\/jpeg"}],"twitter_card":"summary_large_image","twitter_misc":{"Gesch\u00e4tzte Lesezeit":"1\u00a0Minute"},"schema":{"@context":"https:\/\/schema.org","@graph":[{"@type":"WebPage","@id":"https:\/\/www.distribucionarc.com\/ar\/producto\/batidora-licuadora-profesional-de-altas-revoluciones\/","url":"https:\/\/www.distribucionarc.com\/ar\/producto\/batidora-licuadora-profesional-de-altas-revoluciones\/","name":"Professioneller Hochgeschwindigkeitsmixer, Mixer - ARC distribution","isPartOf":{"@id":"https:\/\/distribucionarc.com\/bg\/#website"},"primaryImageOfPage":{"@id":"https:\/\/www.distribucionarc.com\/ar\/producto\/batidora-licuadora-profesional-de-altas-revoluciones\/#primaryimage"},"image":{"@id":"https:\/\/www.distribucionarc.com\/ar\/producto\/batidora-licuadora-profesional-de-altas-revoluciones\/#primaryimage"},"thumbnailUrl":"https:\/\/distribucionarc.com\/wp-content\/uploads\/2020\/09\/Batidora-licuadora-profesional-de-altas-revoluciones-0.jpg","datePublished":"2020-09-21T16:13:03+00:00","dateModified":"2020-10-01T13:58:18+00:00","breadcrumb":{"@id":"https:\/\/www.distribucionarc.com\/ar\/producto\/batidora-licuadora-profesional-de-altas-revoluciones\/#breadcrumb"},"inLanguage":"de","potentialAction":[{"@type":"ReadAction","target":["https:\/\/www.distribucionarc.com\/ar\/producto\/batidora-licuadora-profesional-de-altas-revoluciones\/"]}]},{"@type":"ImageObject","inLanguage":"de","@id":"https:\/\/www.distribucionarc.com\/ar\/producto\/batidora-licuadora-profesional-de-altas-revoluciones\/#primaryimage","url":"https:\/\/distribucionarc.com\/wp-content\/uploads\/2020\/09\/Batidora-licuadora-profesional-de-altas-revoluciones-0.jpg","contentUrl":"https:\/\/distribucionarc.com\/wp-content\/uploads\/2020\/09\/Batidora-licuadora-profesional-de-altas-revoluciones-0.jpg","width":1600,"height":1600,"caption":"Batidora, licuadora profesional de altas revoluciones\u00a0"},{"@type":"BreadcrumbList","@id":"https:\/\/www.distribucionarc.com\/ar\/producto\/batidora-licuadora-profesional-de-altas-revoluciones\/#breadcrumb","itemListElement":[{"@type":"ListItem","position":1,"name":"Portada","item":"https:\/\/distribucionarc.com\/nb\/"},{"@type":"ListItem","position":2,"name":"Products","item":"https:\/\/www.distribucionarc.com\/en\/shop\/"},{"@type":"ListItem","position":3,"name":"Batidora, licuadora profesional de altas revoluciones\u00a0"}]},{"@type":"WebSite","@id":"https:\/\/distribucionarc.com\/bg\/#website","url":"https:\/\/distribucionarc.com\/bg\/","name":"ARC-Verteilung","description":"Das Unternehmen ist auf die Herstellung und den Vertrieb von Industriemaschinen, Dosenverschlie\u00dfmaschinen, Tablettenmaschinen, Fleischschneidemaschinen...","publisher":{"@id":"https:\/\/distribucionarc.com\/bg\/#organization"},"potentialAction":[{"@type":"SearchAction","target":{"@type":"EntryPoint","urlTemplate":"https:\/\/distribucionarc.com\/bg\/?s={search_term_string}"},"query-input":{"@type":"PropertyValueSpecification","valueRequired":true,"valueName":"search_term_string"}}],"inLanguage":"de"},{"@type":"Organization","@id":"https:\/\/distribucionarc.com\/bg\/#organization","name":"ARC-Verteilung","url":"https:\/\/distribucionarc.com\/bg\/","logo":{"@type":"ImageObject","inLanguage":"de","@id":"https:\/\/distribucionarc.com\/bg\/#\/schema\/logo\/image\/","url":"https:\/\/distribucionarc.com\/wp-content\/uploads\/2024\/10\/distribucion-ARC-COLOR-SIN-FONDO-e1732295305345.png","contentUrl":"https:\/\/distribucionarc.com\/wp-content\/uploads\/2024\/10\/distribucion-ARC-COLOR-SIN-FONDO-e1732295305345.png","width":1164,"height":558,"caption":"Distribuci\u00f3n ARC"},"image":{"@id":"https:\/\/distribucionarc.com\/bg\/#\/schema\/logo\/image\/"},"description":"Unternehmen, das auf die Herstellung und den Vertrieb von Industriemaschinen f\u00fcr den Lebensmittel- und Pharmasektor spezialisiert ist. Wir sind spezialisiert auf: Fleischschneidemaschinen Tablettenherstellung Industrielle F\u00f6rdersysteme Abf\u00fcllanlagen Dispenser Und vieles mehr... Wir bieten innovative und ma\u00dfgeschneiderte L\u00f6sungen zur Optimierung der Produktionsprozesse in Ihrem Unternehmen.","email":"Admistracion@distribucionarc.com","telephone":"+34 643496664","legalName":"ARC TECH SOLUTIONS","foundingDate":"2024-04-09","vatID":"B55480172","numberOfEmployees":{"@type":"QuantitativeValue","minValue":"1","maxValue":"10"}}]}},"_links":{"self":[{"href":"https:\/\/distribucionarc.com\/de\/wp-json\/wp\/v2\/product\/3105","targetHints":{"allow":["GET"]}}],"collection":[{"href":"https:\/\/distribucionarc.com\/de\/wp-json\/wp\/v2\/product"}],"about":[{"href":"https:\/\/distribucionarc.com\/de\/wp-json\/wp\/v2\/types\/product"}],"replies":[{"embeddable":true,"href":"https:\/\/distribucionarc.com\/de\/wp-json\/wp\/v2\/comments?post=3105"}],"version-history":[{"count":0,"href":"https:\/\/distribucionarc.com\/de\/wp-json\/wp\/v2\/product\/3105\/revisions"}],"wp:featuredmedia":[{"embeddable":true,"href":"https:\/\/distribucionarc.com\/de\/wp-json\/wp\/v2\/media\/3114"}],"wp:attachment":[{"href":"https:\/\/distribucionarc.com\/de\/wp-json\/wp\/v2\/media?parent=3105"}],"wp:term":[{"taxonomy":"product_brand","embeddable":true,"href":"https:\/\/distribucionarc.com\/de\/wp-json\/wp\/v2\/product_brand?post=3105"},{"taxonomy":"product_cat","embeddable":true,"href":"https:\/\/distribucionarc.com\/de\/wp-json\/wp\/v2\/product_cat?post=3105"},{"taxonomy":"product_tag","embeddable":true,"href":"https:\/\/distribucionarc.com\/de\/wp-json\/wp\/v2\/product_tag?post=3105"}],"curies":[{"name":"wp","href":"https:\/\/api.w.org\/{rel}","templated":true}]}}