{"id":3131,"date":"2020-10-01T15:46:09","date_gmt":"2020-10-01T15:46:09","guid":{"rendered":"https:\/\/distribucionarc.com\/?post_type=product&#038;p=3131"},"modified":"2023-01-12T02:47:55","modified_gmt":"2023-01-12T02:47:55","slug":"rollstuhlgangige-treppen","status":"publish","type":"product","link":"https:\/\/distribucionarc.com\/de\/producto\/silla-de-ruedas-para-subir-escaleras\/","title":{"rendered":"Rollstuhl zum Treppensteigen"},"content":{"rendered":"<h3>Rollstuhl zum Treppensteigen<\/h3>\n<p>Der Sitz und die R\u00fcckenlehne des <strong>Rollstuhl <span style=\"color: #ff0000;\">ZU<\/span><span style=\"color: #0000ff;\">R<\/span>C<\/strong> Sie sind flauschig, weich und bequem, zudem leicht zu sterilisieren und zu reinigen. Zwei Gurte sorgen f\u00fcr die Sicherheit der Benutzer beim Treppenauf- und -abstieg. Die klappbare Armlehne und Fu\u00dfst\u00fctze sind ergonomisch.  Unterst\u00fctzt eine gro\u00dfe Kapazit\u00e4t von bis zu 160 kg<\/p>\n<p>Die Gummiketten wurden dicker und l\u00e4nger. Sie \u00f6ffnen und schlie\u00dfen sich einfach durch einen leichten Druck. Sie sind so konzipiert, dass sie der Schwerkraft und dem langsamen Abstieg durch Reibung entgegenwirken. Die R\u00e4der bestehen aus Gummi, sind kratzfest und langlebig.<\/p>\n<p>Die R\u00fcckseite des <strong>Evakuierungsstuhl <span style=\"color: #ff0000;\">ZU<\/span><span style=\"color: #0000ff;\">R<\/span>CSRE1<\/strong> Es ist mit zwei gefalteten Griffen ausgestattet, die einrasten und dem Bediener rutschfeste Griffe f\u00fcr eine sichere Handhabung und einfache Lenkung erm\u00f6glichen. Die vorderen Griffe k\u00f6nnen durch Dr\u00fccken des roten Knopfes eingefahren werden, der zum Anheben des Stuhls dient.<\/p>\n<h6><strong>Garantie\u00a0<\/strong><span style=\"color: #ff0000;\"><strong>ZU<\/strong><span style=\"color: #0000ff;\"><strong>R<\/strong><\/span><\/span><strong>C 2 JAHRE<\/strong><\/h6>\n<h6><strong>Technischer Support inklusive<\/strong><\/h6>\n<p>&nbsp;<\/p>\n<table width=\"100%\">\n<tbody>\n<tr>\n<td>Kerl:<\/td>\n<td width=\"50%\">Handbuch<\/td>\n<td colspan=\"2\" width=\"327\"><\/td>\n<\/tr>\n<tr>\n<td>Vertriebsland:<\/td>\n<td width=\"50%\">Spanien, Deutschland, USA<\/td>\n<td>Gewicht:<\/td>\n<td width=\"50%\">26kg<\/td>\n<\/tr>\n<tr>\n<td>Marke:<\/td>\n<td width=\"50%\">BOGEN<\/td>\n<td>H\u00f6he:<\/td>\n<td width=\"50%\">105cm<\/td>\n<\/tr>\n<tr>\n<td>Farbe:<\/td>\n<td width=\"50%\">Gelb, Schwarz<\/td>\n<td>Lang:<\/td>\n<td width=\"50%\">\u00a074cm<\/td>\n<\/tr>\n<tr>\n<td>Produkttyp:<\/td>\n<td width=\"50%\">Treppenrollstuhl<\/td>\n<td>Breit:<\/td>\n<td width=\"50%\">49cm<\/td>\n<\/tr>\n<tr>\n<td>Herstellernummer:<\/td>\n<td width=\"50%\">ARCSRE1<\/td>\n<td>Klettertyp:<\/td>\n<td width=\"50%\">verst\u00e4rkte Gleise<\/td>\n<\/tr>\n<tr>\n<td>Material:<\/td>\n<td width=\"50%\">\u00a0Aluminiumlegierung, verdickter Gummi<\/td>\n<td>Maximale H\u00f6he:<\/td>\n<td width=\"50%\">162cm<\/td>\n<\/tr>\n<tr>\n<td>Garantie:<\/td>\n<td width=\"50%\">2 JAHRE<\/td>\n<td>Sitzmaterial:<\/td>\n<td width=\"50%\">Gepolsterter Schaumstoff<\/td>\n<\/tr>\n<tr>\n<td>Installationswerkzeuge:<\/td>\n<td width=\"50%\">Ja<\/td>\n<td>Radmaterial:<\/td>\n<td width=\"50%\">Gummi<\/td>\n<\/tr>\n<\/tbody>\n<\/table>","protected":false},"excerpt":{"rendered":"<h2>Rollstuhl zum Treppensteigen<\/h2>\n<p>Damit <strong>Rollstuhl <span style=\"color: #ff0000;\">ZU<\/span><span style=\"color: #0000ff;\">R<\/span>C<\/strong> kann Patienten sicher und effizient durch enge R\u00e4ume und Treppen hinauf oder hinunter transportieren. Ausgestattet mit einem stabilen Aluminiumrahmen ist er stabil genug, um bis zu 2 kg zu tragen <strong>160kg<\/strong>. Der K\u00f6rpersicherheitsgurt und andere ergonomische Designs sorgen f\u00fcr Komfort und Sicherheit der Benutzer. Griffe mit unterschiedlichen Funktionen erm\u00f6glichen Ihnen das Man\u00f6vrieren <strong>Treppenstuhl<\/strong> leicht.<\/p>\n<h6><strong>Garantie\u00a0<\/strong><span style=\"color: #ff0000;\"><strong>ZU<\/strong><span style=\"color: #0000ff;\"><strong>R<\/strong><\/span><\/span><strong>C 2 JAHRE<\/strong><\/h6>\n<h6><strong>Technischer Support inklusive<\/strong><\/h6>","protected":false},"featured_media":3403,"comment_status":"open","ping_status":"closed","template":"","meta":{"wds_primary_product_brand":0,"wds_primary_product_cat":0},"product_brand":[],"product_cat":[69],"product_tag":[],"class_list":{"0":"post-3131","1":"product","2":"type-product","3":"status-publish","4":"has-post-thumbnail","6":"product_cat-maquinas-variadas","7":"product_shipping_class-express","9":"first","10":"instock","11":"taxable","12":"shipping-taxable","13":"purchasable","14":"product-type-simple"},"yoast_head":"<!-- This site is optimized with the Yoast SEO Premium plugin v24.9 (Yoast SEO v26.1) - https:\/\/yoast.com\/wordpress\/plugins\/seo\/ -->\n<title>Silla de ruedas para subir escaleras - distribuci\u00f3n ARC<\/title>\n<meta name=\"robots\" content=\"index, follow, max-snippet:-1, max-image-preview:large, max-video-preview:-1\" \/>\n<link rel=\"canonical\" href=\"https:\/\/www.distribucionarc.com\/el\/producto\/silla-de-ruedas-para-subir-escaleras\/\" \/>\n<meta property=\"og:locale\" content=\"de_DE\" \/>\n<meta property=\"og:type\" content=\"article\" \/>\n<meta property=\"og:title\" content=\"Silla de ruedas para subir escaleras\" \/>\n<meta property=\"og:description\" content=\"Silla de ruedas para subir escaleras Con esta silla de ruedas ARC puede transportar pacientes a trav\u00e9s de espacios reducidos y subir o bajar escaleras, de manera segura adem\u00e1s de eficiente. Equipada con un robusto marco de aluminio es lo suficientemente fuerte como para soportar hasta 160 Kg. El cintur\u00f3n de seguridad para el cuerpo y otros dise\u00f1os ergon\u00f3micos garantizan la comodidad y seguridad de los usuarios. Los mangos de diferentes funciones permiten maniobrar esta silla para escaleras f\u00e1cilmente. Garant\u00eda\u00a0ARC 2 A\u00d1OS soporte t\u00e9cnico\u00a0incluido\" \/>\n<meta property=\"og:url\" content=\"https:\/\/www.distribucionarc.com\/el\/producto\/silla-de-ruedas-para-subir-escaleras\/\" \/>\n<meta property=\"og:site_name\" content=\"distribuci\u00f3n ARC\" \/>\n<meta property=\"article:modified_time\" content=\"2023-01-12T02:47:55+00:00\" \/>\n<meta property=\"og:image\" content=\"https:\/\/www.distribucionarc.com\/wp-content\/uploads\/2020\/10\/Silla-de-ruedas-para-subir-escaleras-0.jpg\" \/>\n\t<meta property=\"og:image:width\" content=\"1600\" \/>\n\t<meta property=\"og:image:height\" content=\"1600\" \/>\n\t<meta property=\"og:image:type\" content=\"image\/jpeg\" \/>\n<meta name=\"twitter:card\" content=\"summary_large_image\" \/>\n<meta name=\"twitter:label1\" content=\"Gesch\u00e4tzte Lesezeit\" \/>\n\t<meta name=\"twitter:data1\" content=\"1\u00a0Minute\" \/>\n<script type=\"application\/ld+json\" class=\"yoast-schema-graph\">{\"@context\":\"https:\/\/schema.org\",\"@graph\":[{\"@type\":\"WebPage\",\"@id\":\"https:\/\/www.distribucionarc.com\/el\/producto\/silla-de-ruedas-para-subir-escaleras\/\",\"url\":\"https:\/\/www.distribucionarc.com\/el\/producto\/silla-de-ruedas-para-subir-escaleras\/\",\"name\":\"Silla de ruedas para subir escaleras - distribuci\u00f3n ARC\",\"isPartOf\":{\"@id\":\"https:\/\/distribucionarc.com\/de\/#website\"},\"primaryImageOfPage\":{\"@id\":\"https:\/\/www.distribucionarc.com\/el\/producto\/silla-de-ruedas-para-subir-escaleras\/#primaryimage\"},\"image\":{\"@id\":\"https:\/\/www.distribucionarc.com\/el\/producto\/silla-de-ruedas-para-subir-escaleras\/#primaryimage\"},\"thumbnailUrl\":\"https:\/\/distribucionarc.com\/wp-content\/uploads\/2020\/10\/Silla-de-ruedas-para-subir-escaleras-0.jpg\",\"datePublished\":\"2020-10-01T15:46:09+00:00\",\"dateModified\":\"2023-01-12T02:47:55+00:00\",\"breadcrumb\":{\"@id\":\"https:\/\/www.distribucionarc.com\/el\/producto\/silla-de-ruedas-para-subir-escaleras\/#breadcrumb\"},\"inLanguage\":\"de\",\"potentialAction\":[{\"@type\":\"ReadAction\",\"target\":[\"https:\/\/www.distribucionarc.com\/el\/producto\/silla-de-ruedas-para-subir-escaleras\/\"]}]},{\"@type\":\"ImageObject\",\"inLanguage\":\"de\",\"@id\":\"https:\/\/www.distribucionarc.com\/el\/producto\/silla-de-ruedas-para-subir-escaleras\/#primaryimage\",\"url\":\"https:\/\/distribucionarc.com\/wp-content\/uploads\/2020\/10\/Silla-de-ruedas-para-subir-escaleras-0.jpg\",\"contentUrl\":\"https:\/\/distribucionarc.com\/wp-content\/uploads\/2020\/10\/Silla-de-ruedas-para-subir-escaleras-0.jpg\",\"width\":1600,\"height\":1600,\"caption\":\"Silla de ruedas para subir escaleras\"},{\"@type\":\"BreadcrumbList\",\"@id\":\"https:\/\/www.distribucionarc.com\/el\/producto\/silla-de-ruedas-para-subir-escaleras\/#breadcrumb\",\"itemListElement\":[{\"@type\":\"ListItem\",\"position\":1,\"name\":\"Portada\",\"item\":\"https:\/\/distribucionarc.com\/pl\/\"},{\"@type\":\"ListItem\",\"position\":2,\"name\":\"Produkty\",\"item\":\"https:\/\/distribucionarc.com\/pl\/shop\/\"},{\"@type\":\"ListItem\",\"position\":3,\"name\":\"Silla de ruedas para subir escaleras\"}]},{\"@type\":\"WebSite\",\"@id\":\"https:\/\/distribucionarc.com\/de\/#website\",\"url\":\"https:\/\/distribucionarc.com\/de\/\",\"name\":\"distribuci\u00f3n ARC\",\"description\":\"Empresa especializada en la fabricaci\u00f3n y distribuci\u00f3n de maquinaria industrial, selladoras de latas, Maquinas de hacer pastillas, Maquinas de cortar carne...\",\"publisher\":{\"@id\":\"https:\/\/distribucionarc.com\/de\/#organization\"},\"potentialAction\":[{\"@type\":\"SearchAction\",\"target\":{\"@type\":\"EntryPoint\",\"urlTemplate\":\"https:\/\/distribucionarc.com\/de\/?s={search_term_string}\"},\"query-input\":{\"@type\":\"PropertyValueSpecification\",\"valueRequired\":true,\"valueName\":\"search_term_string\"}}],\"inLanguage\":\"de\"},{\"@type\":\"Organization\",\"@id\":\"https:\/\/distribucionarc.com\/de\/#organization\",\"name\":\"Distribuci\u00f3n ARC\",\"url\":\"https:\/\/distribucionarc.com\/de\/\",\"logo\":{\"@type\":\"ImageObject\",\"inLanguage\":\"de\",\"@id\":\"https:\/\/distribucionarc.com\/de\/#\/schema\/logo\/image\/\",\"url\":\"https:\/\/distribucionarc.com\/wp-content\/uploads\/2024\/10\/distribucion-ARC-COLOR-SIN-FONDO-e1732295305345.png\",\"contentUrl\":\"https:\/\/distribucionarc.com\/wp-content\/uploads\/2024\/10\/distribucion-ARC-COLOR-SIN-FONDO-e1732295305345.png\",\"width\":1164,\"height\":558,\"caption\":\"Distribuci\u00f3n ARC\"},\"image\":{\"@id\":\"https:\/\/distribucionarc.com\/de\/#\/schema\/logo\/image\/\"},\"description\":\"Empresa especializada en la fabricaci\u00f3n y distribuci\u00f3n de maquinaria industrial para los sectores alimentario y farmac\u00e9utico. Nos especializamos en: M\u00e1quinas de cortar carne Fabricaci\u00f3n de comprimidos Sistemas de transporte industrial L\u00edneas de embotellado Dosificadores Y mucho m\u00e1s... Ofrecemos soluciones innovadoras y personalizadas para optimizar los procesos productivos de tu empresa.\",\"email\":\"Admistracion@distribucionarc.com\",\"telephone\":\"+34 643496664\",\"legalName\":\"ARC TECH SOLUTIONS\",\"foundingDate\":\"2024-04-09\",\"vatID\":\"B55480172\",\"numberOfEmployees\":{\"@type\":\"QuantitativeValue\",\"minValue\":\"1\",\"maxValue\":\"10\"}}]}<\/script>\n<!-- \/ Yoast SEO Premium plugin. -->","yoast_head_json":{"title":"Rollstuhl zum Treppensteigen - ARC-Verteilung","robots":{"index":"index","follow":"follow","max-snippet":"max-snippet:-1","max-image-preview":"max-image-preview:large","max-video-preview":"max-video-preview:-1"},"canonical":"https:\/\/www.distribucionarc.com\/el\/producto\/silla-de-ruedas-para-subir-escaleras\/","og_locale":"de_DE","og_type":"article","og_title":"Silla de ruedas para subir escaleras","og_description":"Silla de ruedas para subir escaleras Con esta silla de ruedas ARC puede transportar pacientes a trav\u00e9s de espacios reducidos y subir o bajar escaleras, de manera segura adem\u00e1s de eficiente. Equipada con un robusto marco de aluminio es lo suficientemente fuerte como para soportar hasta 160 Kg. El cintur\u00f3n de seguridad para el cuerpo y otros dise\u00f1os ergon\u00f3micos garantizan la comodidad y seguridad de los usuarios. Los mangos de diferentes funciones permiten maniobrar esta silla para escaleras f\u00e1cilmente. Garant\u00eda\u00a0ARC 2 A\u00d1OS soporte t\u00e9cnico\u00a0incluido","og_url":"https:\/\/www.distribucionarc.com\/el\/producto\/silla-de-ruedas-para-subir-escaleras\/","og_site_name":"distribuci\u00f3n ARC","article_modified_time":"2023-01-12T02:47:55+00:00","og_image":[{"width":1600,"height":1600,"url":"https:\/\/www.distribucionarc.com\/wp-content\/uploads\/2020\/10\/Silla-de-ruedas-para-subir-escaleras-0.jpg","type":"image\/jpeg"}],"twitter_card":"summary_large_image","twitter_misc":{"Gesch\u00e4tzte Lesezeit":"1\u00a0Minute"},"schema":{"@context":"https:\/\/schema.org","@graph":[{"@type":"WebPage","@id":"https:\/\/www.distribucionarc.com\/el\/producto\/silla-de-ruedas-para-subir-escaleras\/","url":"https:\/\/www.distribucionarc.com\/el\/producto\/silla-de-ruedas-para-subir-escaleras\/","name":"Rollstuhl zum Treppensteigen - ARC-Verteilung","isPartOf":{"@id":"https:\/\/distribucionarc.com\/de\/#website"},"primaryImageOfPage":{"@id":"https:\/\/www.distribucionarc.com\/el\/producto\/silla-de-ruedas-para-subir-escaleras\/#primaryimage"},"image":{"@id":"https:\/\/www.distribucionarc.com\/el\/producto\/silla-de-ruedas-para-subir-escaleras\/#primaryimage"},"thumbnailUrl":"https:\/\/distribucionarc.com\/wp-content\/uploads\/2020\/10\/Silla-de-ruedas-para-subir-escaleras-0.jpg","datePublished":"2020-10-01T15:46:09+00:00","dateModified":"2023-01-12T02:47:55+00:00","breadcrumb":{"@id":"https:\/\/www.distribucionarc.com\/el\/producto\/silla-de-ruedas-para-subir-escaleras\/#breadcrumb"},"inLanguage":"de","potentialAction":[{"@type":"ReadAction","target":["https:\/\/www.distribucionarc.com\/el\/producto\/silla-de-ruedas-para-subir-escaleras\/"]}]},{"@type":"ImageObject","inLanguage":"de","@id":"https:\/\/www.distribucionarc.com\/el\/producto\/silla-de-ruedas-para-subir-escaleras\/#primaryimage","url":"https:\/\/distribucionarc.com\/wp-content\/uploads\/2020\/10\/Silla-de-ruedas-para-subir-escaleras-0.jpg","contentUrl":"https:\/\/distribucionarc.com\/wp-content\/uploads\/2020\/10\/Silla-de-ruedas-para-subir-escaleras-0.jpg","width":1600,"height":1600,"caption":"Silla de ruedas para subir escaleras"},{"@type":"BreadcrumbList","@id":"https:\/\/www.distribucionarc.com\/el\/producto\/silla-de-ruedas-para-subir-escaleras\/#breadcrumb","itemListElement":[{"@type":"ListItem","position":1,"name":"Portada","item":"https:\/\/distribucionarc.com\/pl\/"},{"@type":"ListItem","position":2,"name":"Produkty","item":"https:\/\/distribucionarc.com\/pl\/shop\/"},{"@type":"ListItem","position":3,"name":"Silla de ruedas para subir escaleras"}]},{"@type":"WebSite","@id":"https:\/\/distribucionarc.com\/de\/#website","url":"https:\/\/distribucionarc.com\/de\/","name":"ARC-Verteilung","description":"Das Unternehmen ist auf die Herstellung und den Vertrieb von Industriemaschinen, Dosenverschlie\u00dfmaschinen, Tablettenmaschinen, Fleischschneidemaschinen...","publisher":{"@id":"https:\/\/distribucionarc.com\/de\/#organization"},"potentialAction":[{"@type":"SearchAction","target":{"@type":"EntryPoint","urlTemplate":"https:\/\/distribucionarc.com\/de\/?s={search_term_string}"},"query-input":{"@type":"PropertyValueSpecification","valueRequired":true,"valueName":"search_term_string"}}],"inLanguage":"de"},{"@type":"Organization","@id":"https:\/\/distribucionarc.com\/de\/#organization","name":"ARC-Verteilung","url":"https:\/\/distribucionarc.com\/de\/","logo":{"@type":"ImageObject","inLanguage":"de","@id":"https:\/\/distribucionarc.com\/de\/#\/schema\/logo\/image\/","url":"https:\/\/distribucionarc.com\/wp-content\/uploads\/2024\/10\/distribucion-ARC-COLOR-SIN-FONDO-e1732295305345.png","contentUrl":"https:\/\/distribucionarc.com\/wp-content\/uploads\/2024\/10\/distribucion-ARC-COLOR-SIN-FONDO-e1732295305345.png","width":1164,"height":558,"caption":"Distribuci\u00f3n ARC"},"image":{"@id":"https:\/\/distribucionarc.com\/de\/#\/schema\/logo\/image\/"},"description":"Unternehmen, das auf die Herstellung und den Vertrieb von Industriemaschinen f\u00fcr den Lebensmittel- und Pharmasektor spezialisiert ist. Wir sind spezialisiert auf: Fleischschneidemaschinen Tablettenherstellung Industrielle F\u00f6rdersysteme Abf\u00fcllanlagen Dispenser Und vieles mehr... Wir bieten innovative und ma\u00dfgeschneiderte L\u00f6sungen zur Optimierung der Produktionsprozesse in Ihrem Unternehmen.","email":"Admistracion@distribucionarc.com","telephone":"+34 643496664","legalName":"ARC TECH SOLUTIONS","foundingDate":"2024-04-09","vatID":"B55480172","numberOfEmployees":{"@type":"QuantitativeValue","minValue":"1","maxValue":"10"}}]}},"_links":{"self":[{"href":"https:\/\/distribucionarc.com\/de\/wp-json\/wp\/v2\/product\/3131","targetHints":{"allow":["GET"]}}],"collection":[{"href":"https:\/\/distribucionarc.com\/de\/wp-json\/wp\/v2\/product"}],"about":[{"href":"https:\/\/distribucionarc.com\/de\/wp-json\/wp\/v2\/types\/product"}],"replies":[{"embeddable":true,"href":"https:\/\/distribucionarc.com\/de\/wp-json\/wp\/v2\/comments?post=3131"}],"version-history":[{"count":0,"href":"https:\/\/distribucionarc.com\/de\/wp-json\/wp\/v2\/product\/3131\/revisions"}],"wp:featuredmedia":[{"embeddable":true,"href":"https:\/\/distribucionarc.com\/de\/wp-json\/wp\/v2\/media\/3403"}],"wp:attachment":[{"href":"https:\/\/distribucionarc.com\/de\/wp-json\/wp\/v2\/media?parent=3131"}],"wp:term":[{"taxonomy":"product_brand","embeddable":true,"href":"https:\/\/distribucionarc.com\/de\/wp-json\/wp\/v2\/product_brand?post=3131"},{"taxonomy":"product_cat","embeddable":true,"href":"https:\/\/distribucionarc.com\/de\/wp-json\/wp\/v2\/product_cat?post=3131"},{"taxonomy":"product_tag","embeddable":true,"href":"https:\/\/distribucionarc.com\/de\/wp-json\/wp\/v2\/product_tag?post=3131"}],"curies":[{"name":"wp","href":"https:\/\/api.w.org\/{rel}","templated":true}]}}