{"id":325,"date":"2020-04-17T12:08:24","date_gmt":"2020-04-17T12:08:24","guid":{"rendered":"https:\/\/distribucionarc.com\/?post_type=product&#038;p=325"},"modified":"2025-05-08T20:54:03","modified_gmt":"2025-05-08T18:54:03","slug":"2-ml-digitaler-flussigkeitsfuller-flaschenspender-%f0%9f%8d%be-3500-ml","status":"publish","type":"product","link":"https:\/\/distribucionarc.com\/de\/producto\/dosificadora-embotelladora-llenadora-de-liquidos-%f0%9f%8d%be-digital-de-2ml-%f0%9f%94%9b-3500ml\/","title":{"rendered":"Dosieren, Abf\u00fcllen, Fl\u00fcssigabf\u00fcllen? 2 ml digital? 3500 ml"},"content":{"rendered":"<h2><strong>Dosieren, Abf\u00fcllen, Fl\u00fcssigabf\u00fcllen? 2 ml digital? 3500 ml<\/strong><\/h2>\n<p>&nbsp;<\/p>\n<p>Weit verbreitet in der Medizin, Chemie, Lebensmittel, Getr\u00e4nke, \u00d6l, Kosmetik usw.<br \/>\nAutomatische Funktion zur Z\u00e4hlung und Kontrolle der F\u00fcllmenge.<br \/>\nHocheffizienter Einzelchip-Mikrocomputer mit geringem Stromverbrauch.<br \/>\nLCD-Display mit Touchscreen, das sehr einfach zu bedienen ist.<br \/>\nHohe F\u00fcll- und Volumengenauigkeit.<br \/>\nDie Arbeitsleistung ist stabil und kann lange verwendet werden.<br \/>\nAnti-Tropf-Design und Edelstahlstruktur.<\/p>\n<p>Diese Maschine ist f\u00fcr Fl\u00fcssigkeiten mit niedriger Viskosit\u00e4t konzipiert, das dichteste Produkt, das sie ausgeben kann. Sie \u00e4hnelt der Textur von \u00d6l oder Fl\u00fcssigkeiten mit niedriger Viskosit\u00e4t als Weichmacher. F\u00fcr Produkte mit h\u00f6herer Dichte empfehlen wir einen pneumatischen Kolbenspender. denn diese Maschinen k\u00f6nnen uns aufgrund ihrer Eigenschaften eine bessere Leistung und mehr Produktivit\u00e4t bieten.<\/p>\n<ul>\n<li>Spannung: 220V.<\/li>\n<li>Leistung: 30W.<\/li>\n<li>F\u00fcllgeschwindigkeit bis zu: 3,2 Liter pro Minute.<\/li>\n<li>F\u00fcllma\u00dfe von: 2ml \u27a1\ufe0f 3500 ml.<\/li>\n<li>Saugabstand: 2 Meter.<\/li>\n<li>Fehlerquote: &lt;0,5%<\/li>\n<li>Abmessungen: 40 x 40 x 20 cm.<\/li>\n<li>Gewicht: 6,0 kg.<\/li>\n<\/ul>\n<p><iframe loading=\"lazy\" src=\"https:\/\/www.youtube.com\/embed\/-kZNNjctB0Y\" width=\"560\" height=\"315\" frameborder=\"0\" allowfullscreen=\"allowfullscreen\"><\/iframe><\/p>\n<p><iframe loading=\"lazy\" src=\"https:\/\/www.youtube.com\/embed\/idvit7Rznto\" width=\"560\" height=\"315\" frameborder=\"0\" allowfullscreen=\"allowfullscreen\"><\/iframe><\/p>","protected":false},"excerpt":{"rendered":"<p>Diese Maschine verwendet einen Mikrocomputer, um die Zeit und Geschwindigkeit der Pumpe zu steuern, damit sie reibungslos und genau gef\u00fcllt werden kann.<br \/>\nDer Elektromotor ist von der Pumpe getrennt.<br \/>\nEs verf\u00fcgt \u00fcber 9 F\u00fcllgeschwindigkeiten, Einstellung f\u00fcr das F\u00fcllen: 0,01\u279699,99 s, Zeitintervall zwischen dem F\u00fcllen: 0,01\u279699,99 s.<br \/>\nSpeichern Sie bis zu 6 Einstellungen f\u00fcr verschiedene Flaschengr\u00f6\u00dfen, damit Sie einfach ausw\u00e4hlen k\u00f6nnen.<br \/>\nEs handelt sich um eine kompakte und tragbare Maschine.<br \/>\nDas Geh\u00e4use besteht aus Edelstahl, ist zudem widerstandsf\u00e4hig und leicht zu reinigen.<br \/>\nEs kann f\u00fcr viele Arten klarer und d\u00fcnnfl\u00fcssiger Fl\u00fcssigkeiten verwendet werden, wie zum Beispiel:<br \/>\nWasser, Oliven\u00f6l, Kraftstoff, Getr\u00e4nke, Essig, Milch usw.<\/p>","protected":false},"featured_media":17454,"comment_status":"open","ping_status":"closed","template":"","meta":{"wds_primary_product_brand":0,"wds_primary_product_cat":0},"product_brand":[],"product_cat":[18,19,74,73,320,21],"product_tag":[],"class_list":{"0":"post-325","1":"product","2":"type-product","3":"status-publish","4":"has-post-thumbnail","6":"product_cat-dosificadoras","7":"product_cat-dosificadoras-de-liquidos","8":"product_cat-llenadoras-de-botellas","9":"product_cat-llenadoras-de-liquidos","10":"product_cat-llenadoras-de-liquidos-por-gravedad","11":"product_cat-maquinas-llenadoras","13":"first","14":"instock","15":"sale","16":"taxable","17":"shipping-taxable","18":"purchasable","19":"product-type-simple"},"yoast_head":"<!-- This site is optimized with the Yoast SEO Premium plugin v24.9 (Yoast SEO v26.1) - https:\/\/yoast.com\/wordpress\/plugins\/seo\/ -->\n<title>Dosificadora, Embotelladora, Llenadora de L\u00edquidos ? Digital de 2 ml ? 3500 ml - distribuci\u00f3n ARC<\/title>\n<meta name=\"robots\" content=\"index, follow, max-snippet:-1, max-image-preview:large, max-video-preview:-1\" \/>\n<link rel=\"canonical\" href=\"https:\/\/www.distribucionarc.com\/en\/producto\/dosificadora-embotelladora-llenadora-de-liquidos-\ud83c\udf7e-digital-de-2ml-\ud83d\udd1b-3500ml\/\" \/>\n<meta property=\"og:locale\" content=\"de_DE\" \/>\n<meta property=\"og:type\" content=\"article\" \/>\n<meta property=\"og:title\" content=\"Dosificadora, Embotelladora, Llenadora de L\u00edquidos ? Digital de 2 ml ? 3500 ml\" \/>\n<meta property=\"og:description\" content=\"Esta m\u00e1quina utiliza un microordenador para controlar el tiempo y la velocidad de la bomba, para que pueda llenar con fluidez y precisi\u00f3n. El motor el\u00e9ctrico est\u00e1 separado de la bomba. Cuenta con 9 Velocidades de llenado, Ajuste para llenado de: 0.01\u279699.99s, Intervalo de tiempo entre llenado de: 0.01\u279699.99s. Guarda hasta 6 configuraciones para los diferentes tama\u00f1os de botellas y as\u00ed poder elegir f\u00e1cilmente. Es una m\u00e1quina compacta y port\u00e1til. La carcasa es de acero inoxidable, adem\u00e1s es resistente y f\u00e1cil de limpiar. Se puede utilizar para muchos tipos de l\u00edquidos claros y delgados, tales como: Agua, aceite de oliva, combustible, bebidas, vinagre, leche, etc.\" \/>\n<meta property=\"og:url\" content=\"https:\/\/www.distribucionarc.com\/en\/producto\/dosificadora-embotelladora-llenadora-de-liquidos-\ud83c\udf7e-digital-de-2ml-\ud83d\udd1b-3500ml\/\" \/>\n<meta property=\"og:site_name\" content=\"distribuci\u00f3n ARC\" \/>\n<meta property=\"article:modified_time\" content=\"2025-05-08T18:54:03+00:00\" \/>\n<meta property=\"og:image\" content=\"https:\/\/www.distribucionarc.com\/wp-content\/uploads\/2020\/04\/maquina-de-llenado-de-liquidos-en-botellas-asta-3-litros-por-minuto.png\" \/>\n\t<meta property=\"og:image:width\" content=\"828\" \/>\n\t<meta property=\"og:image:height\" content=\"527\" \/>\n\t<meta property=\"og:image:type\" content=\"image\/png\" \/>\n<meta name=\"twitter:card\" content=\"summary_large_image\" \/>\n<meta name=\"twitter:label1\" content=\"Gesch\u00e4tzte Lesezeit\" \/>\n\t<meta name=\"twitter:data1\" content=\"2\u00a0Minuten\" \/>\n<script type=\"application\/ld+json\" class=\"yoast-schema-graph\">{\"@context\":\"https:\/\/schema.org\",\"@graph\":[{\"@type\":\"WebPage\",\"@id\":\"https:\/\/www.distribucionarc.com\/en\/producto\/dosificadora-embotelladora-llenadora-de-liquidos-%f0%9f%8d%be-digital-de-2ml-%f0%9f%94%9b-3500ml\/\",\"url\":\"https:\/\/www.distribucionarc.com\/en\/producto\/dosificadora-embotelladora-llenadora-de-liquidos-%f0%9f%8d%be-digital-de-2ml-%f0%9f%94%9b-3500ml\/\",\"name\":\"Dosificadora, Embotelladora, Llenadora de L\u00edquidos ? Digital de 2 ml ? 3500 ml - distribuci\u00f3n ARC\",\"isPartOf\":{\"@id\":\"https:\/\/distribucionarc.com\/de\/#website\"},\"primaryImageOfPage\":{\"@id\":\"https:\/\/www.distribucionarc.com\/en\/producto\/dosificadora-embotelladora-llenadora-de-liquidos-%f0%9f%8d%be-digital-de-2ml-%f0%9f%94%9b-3500ml\/#primaryimage\"},\"image\":{\"@id\":\"https:\/\/www.distribucionarc.com\/en\/producto\/dosificadora-embotelladora-llenadora-de-liquidos-%f0%9f%8d%be-digital-de-2ml-%f0%9f%94%9b-3500ml\/#primaryimage\"},\"thumbnailUrl\":\"https:\/\/distribucionarc.com\/wp-content\/uploads\/2020\/04\/maquina-de-llenado-de-liquidos-en-botellas-asta-3-litros-por-minuto.png\",\"datePublished\":\"2020-04-17T12:08:24+00:00\",\"dateModified\":\"2025-05-08T18:54:03+00:00\",\"breadcrumb\":{\"@id\":\"https:\/\/www.distribucionarc.com\/en\/producto\/dosificadora-embotelladora-llenadora-de-liquidos-%f0%9f%8d%be-digital-de-2ml-%f0%9f%94%9b-3500ml\/#breadcrumb\"},\"inLanguage\":\"de\",\"potentialAction\":[{\"@type\":\"ReadAction\",\"target\":[\"https:\/\/www.distribucionarc.com\/en\/producto\/dosificadora-embotelladora-llenadora-de-liquidos-%f0%9f%8d%be-digital-de-2ml-%f0%9f%94%9b-3500ml\/\"]}]},{\"@type\":\"ImageObject\",\"inLanguage\":\"de\",\"@id\":\"https:\/\/www.distribucionarc.com\/en\/producto\/dosificadora-embotelladora-llenadora-de-liquidos-%f0%9f%8d%be-digital-de-2ml-%f0%9f%94%9b-3500ml\/#primaryimage\",\"url\":\"https:\/\/distribucionarc.com\/wp-content\/uploads\/2020\/04\/maquina-de-llenado-de-liquidos-en-botellas-asta-3-litros-por-minuto.png\",\"contentUrl\":\"https:\/\/distribucionarc.com\/wp-content\/uploads\/2020\/04\/maquina-de-llenado-de-liquidos-en-botellas-asta-3-litros-por-minuto.png\",\"width\":828,\"height\":527,\"caption\":\"Maquina de llenado para botellas peque\u00f1as liqudis de baja densidad\"},{\"@type\":\"BreadcrumbList\",\"@id\":\"https:\/\/www.distribucionarc.com\/en\/producto\/dosificadora-embotelladora-llenadora-de-liquidos-%f0%9f%8d%be-digital-de-2ml-%f0%9f%94%9b-3500ml\/#breadcrumb\",\"itemListElement\":[{\"@type\":\"ListItem\",\"position\":1,\"name\":\"Portada\",\"item\":\"https:\/\/distribucionarc.com\/pl\/\"},{\"@type\":\"ListItem\",\"position\":2,\"name\":\"Produkty\",\"item\":\"https:\/\/distribucionarc.com\/pl\/shop\/\"},{\"@type\":\"ListItem\",\"position\":3,\"name\":\"Dosificadora, Embotelladora, Llenadora de L\u00edquidos ? Digital de 2 ml ? 3500 ml\"}]},{\"@type\":\"WebSite\",\"@id\":\"https:\/\/distribucionarc.com\/de\/#website\",\"url\":\"https:\/\/distribucionarc.com\/de\/\",\"name\":\"distribuci\u00f3n ARC\",\"description\":\"Empresa especializada en la fabricaci\u00f3n y distribuci\u00f3n de maquinaria industrial, selladoras de latas, Maquinas de hacer pastillas, Maquinas de cortar carne...\",\"publisher\":{\"@id\":\"https:\/\/distribucionarc.com\/de\/#organization\"},\"potentialAction\":[{\"@type\":\"SearchAction\",\"target\":{\"@type\":\"EntryPoint\",\"urlTemplate\":\"https:\/\/distribucionarc.com\/de\/?s={search_term_string}\"},\"query-input\":{\"@type\":\"PropertyValueSpecification\",\"valueRequired\":true,\"valueName\":\"search_term_string\"}}],\"inLanguage\":\"de\"},{\"@type\":\"Organization\",\"@id\":\"https:\/\/distribucionarc.com\/de\/#organization\",\"name\":\"Distribuci\u00f3n ARC\",\"url\":\"https:\/\/distribucionarc.com\/de\/\",\"logo\":{\"@type\":\"ImageObject\",\"inLanguage\":\"de\",\"@id\":\"https:\/\/distribucionarc.com\/de\/#\/schema\/logo\/image\/\",\"url\":\"https:\/\/distribucionarc.com\/wp-content\/uploads\/2024\/10\/distribucion-ARC-COLOR-SIN-FONDO-e1732295305345.png\",\"contentUrl\":\"https:\/\/distribucionarc.com\/wp-content\/uploads\/2024\/10\/distribucion-ARC-COLOR-SIN-FONDO-e1732295305345.png\",\"width\":1164,\"height\":558,\"caption\":\"Distribuci\u00f3n ARC\"},\"image\":{\"@id\":\"https:\/\/distribucionarc.com\/de\/#\/schema\/logo\/image\/\"},\"description\":\"Empresa especializada en la fabricaci\u00f3n y distribuci\u00f3n de maquinaria industrial para los sectores alimentario y farmac\u00e9utico. Nos especializamos en: M\u00e1quinas de cortar carne Fabricaci\u00f3n de comprimidos Sistemas de transporte industrial L\u00edneas de embotellado Dosificadores Y mucho m\u00e1s... Ofrecemos soluciones innovadoras y personalizadas para optimizar los procesos productivos de tu empresa.\",\"email\":\"Admistracion@distribucionarc.com\",\"telephone\":\"+34 643496664\",\"legalName\":\"ARC TECH SOLUTIONS\",\"foundingDate\":\"2024-04-09\",\"vatID\":\"B55480172\",\"numberOfEmployees\":{\"@type\":\"QuantitativeValue\",\"minValue\":\"1\",\"maxValue\":\"10\"}}]}<\/script>\n<!-- \/ Yoast SEO Premium plugin. -->","yoast_head_json":{"title":"Dosieren, Abf\u00fcllen, Fl\u00fcssigabf\u00fcllen? 2 ml digital? 3500 ml \u2013 ARC-Verteilung","robots":{"index":"index","follow":"follow","max-snippet":"max-snippet:-1","max-image-preview":"max-image-preview:large","max-video-preview":"max-video-preview:-1"},"canonical":"https:\/\/www.distribucionarc.com\/en\/producto\/dosificadora-embotelladora-llenadora-de-liquidos-\ud83c\udf7e-digital-de-2ml-\ud83d\udd1b-3500ml\/","og_locale":"de_DE","og_type":"article","og_title":"Dosificadora, Embotelladora, Llenadora de L\u00edquidos ? Digital de 2 ml ? 3500 ml","og_description":"Esta m\u00e1quina utiliza un microordenador para controlar el tiempo y la velocidad de la bomba, para que pueda llenar con fluidez y precisi\u00f3n. El motor el\u00e9ctrico est\u00e1 separado de la bomba. Cuenta con 9 Velocidades de llenado, Ajuste para llenado de: 0.01\u279699.99s, Intervalo de tiempo entre llenado de: 0.01\u279699.99s. Guarda hasta 6 configuraciones para los diferentes tama\u00f1os de botellas y as\u00ed poder elegir f\u00e1cilmente. Es una m\u00e1quina compacta y port\u00e1til. La carcasa es de acero inoxidable, adem\u00e1s es resistente y f\u00e1cil de limpiar. Se puede utilizar para muchos tipos de l\u00edquidos claros y delgados, tales como: Agua, aceite de oliva, combustible, bebidas, vinagre, leche, etc.","og_url":"https:\/\/www.distribucionarc.com\/en\/producto\/dosificadora-embotelladora-llenadora-de-liquidos-\ud83c\udf7e-digital-de-2ml-\ud83d\udd1b-3500ml\/","og_site_name":"distribuci\u00f3n ARC","article_modified_time":"2025-05-08T18:54:03+00:00","og_image":[{"width":828,"height":527,"url":"https:\/\/www.distribucionarc.com\/wp-content\/uploads\/2020\/04\/maquina-de-llenado-de-liquidos-en-botellas-asta-3-litros-por-minuto.png","type":"image\/png"}],"twitter_card":"summary_large_image","twitter_misc":{"Gesch\u00e4tzte Lesezeit":"2\u00a0Minuten"},"schema":{"@context":"https:\/\/schema.org","@graph":[{"@type":"WebPage","@id":"https:\/\/www.distribucionarc.com\/en\/producto\/dosificadora-embotelladora-llenadora-de-liquidos-%f0%9f%8d%be-digital-de-2ml-%f0%9f%94%9b-3500ml\/","url":"https:\/\/www.distribucionarc.com\/en\/producto\/dosificadora-embotelladora-llenadora-de-liquidos-%f0%9f%8d%be-digital-de-2ml-%f0%9f%94%9b-3500ml\/","name":"Dosieren, Abf\u00fcllen, Fl\u00fcssigabf\u00fcllen? 2 ml digital? 3500 ml \u2013 ARC-Verteilung","isPartOf":{"@id":"https:\/\/distribucionarc.com\/de\/#website"},"primaryImageOfPage":{"@id":"https:\/\/www.distribucionarc.com\/en\/producto\/dosificadora-embotelladora-llenadora-de-liquidos-%f0%9f%8d%be-digital-de-2ml-%f0%9f%94%9b-3500ml\/#primaryimage"},"image":{"@id":"https:\/\/www.distribucionarc.com\/en\/producto\/dosificadora-embotelladora-llenadora-de-liquidos-%f0%9f%8d%be-digital-de-2ml-%f0%9f%94%9b-3500ml\/#primaryimage"},"thumbnailUrl":"https:\/\/distribucionarc.com\/wp-content\/uploads\/2020\/04\/maquina-de-llenado-de-liquidos-en-botellas-asta-3-litros-por-minuto.png","datePublished":"2020-04-17T12:08:24+00:00","dateModified":"2025-05-08T18:54:03+00:00","breadcrumb":{"@id":"https:\/\/www.distribucionarc.com\/en\/producto\/dosificadora-embotelladora-llenadora-de-liquidos-%f0%9f%8d%be-digital-de-2ml-%f0%9f%94%9b-3500ml\/#breadcrumb"},"inLanguage":"de","potentialAction":[{"@type":"ReadAction","target":["https:\/\/www.distribucionarc.com\/en\/producto\/dosificadora-embotelladora-llenadora-de-liquidos-%f0%9f%8d%be-digital-de-2ml-%f0%9f%94%9b-3500ml\/"]}]},{"@type":"ImageObject","inLanguage":"de","@id":"https:\/\/www.distribucionarc.com\/en\/producto\/dosificadora-embotelladora-llenadora-de-liquidos-%f0%9f%8d%be-digital-de-2ml-%f0%9f%94%9b-3500ml\/#primaryimage","url":"https:\/\/distribucionarc.com\/wp-content\/uploads\/2020\/04\/maquina-de-llenado-de-liquidos-en-botellas-asta-3-litros-por-minuto.png","contentUrl":"https:\/\/distribucionarc.com\/wp-content\/uploads\/2020\/04\/maquina-de-llenado-de-liquidos-en-botellas-asta-3-litros-por-minuto.png","width":828,"height":527,"caption":"Maquina de llenado para botellas peque\u00f1as liqudis de baja densidad"},{"@type":"BreadcrumbList","@id":"https:\/\/www.distribucionarc.com\/en\/producto\/dosificadora-embotelladora-llenadora-de-liquidos-%f0%9f%8d%be-digital-de-2ml-%f0%9f%94%9b-3500ml\/#breadcrumb","itemListElement":[{"@type":"ListItem","position":1,"name":"Portada","item":"https:\/\/distribucionarc.com\/pl\/"},{"@type":"ListItem","position":2,"name":"Produkty","item":"https:\/\/distribucionarc.com\/pl\/shop\/"},{"@type":"ListItem","position":3,"name":"Dosificadora, Embotelladora, Llenadora de L\u00edquidos ? Digital de 2 ml ? 3500 ml"}]},{"@type":"WebSite","@id":"https:\/\/distribucionarc.com\/de\/#website","url":"https:\/\/distribucionarc.com\/de\/","name":"ARC-Verteilung","description":"Das Unternehmen ist auf die Herstellung und den Vertrieb von Industriemaschinen, Dosenverschlie\u00dfmaschinen, Tablettenmaschinen, Fleischschneidemaschinen...","publisher":{"@id":"https:\/\/distribucionarc.com\/de\/#organization"},"potentialAction":[{"@type":"SearchAction","target":{"@type":"EntryPoint","urlTemplate":"https:\/\/distribucionarc.com\/de\/?s={search_term_string}"},"query-input":{"@type":"PropertyValueSpecification","valueRequired":true,"valueName":"search_term_string"}}],"inLanguage":"de"},{"@type":"Organization","@id":"https:\/\/distribucionarc.com\/de\/#organization","name":"ARC-Verteilung","url":"https:\/\/distribucionarc.com\/de\/","logo":{"@type":"ImageObject","inLanguage":"de","@id":"https:\/\/distribucionarc.com\/de\/#\/schema\/logo\/image\/","url":"https:\/\/distribucionarc.com\/wp-content\/uploads\/2024\/10\/distribucion-ARC-COLOR-SIN-FONDO-e1732295305345.png","contentUrl":"https:\/\/distribucionarc.com\/wp-content\/uploads\/2024\/10\/distribucion-ARC-COLOR-SIN-FONDO-e1732295305345.png","width":1164,"height":558,"caption":"Distribuci\u00f3n ARC"},"image":{"@id":"https:\/\/distribucionarc.com\/de\/#\/schema\/logo\/image\/"},"description":"Unternehmen, das auf die Herstellung und den Vertrieb von Industriemaschinen f\u00fcr den Lebensmittel- und Pharmasektor spezialisiert ist. Wir sind spezialisiert auf: Fleischschneidemaschinen Tablettenherstellung Industrielle F\u00f6rdersysteme Abf\u00fcllanlagen Dispenser Und vieles mehr... Wir bieten innovative und ma\u00dfgeschneiderte L\u00f6sungen zur Optimierung der Produktionsprozesse in Ihrem Unternehmen.","email":"Admistracion@distribucionarc.com","telephone":"+34 643496664","legalName":"ARC TECH SOLUTIONS","foundingDate":"2024-04-09","vatID":"B55480172","numberOfEmployees":{"@type":"QuantitativeValue","minValue":"1","maxValue":"10"}}]}},"_links":{"self":[{"href":"https:\/\/distribucionarc.com\/de\/wp-json\/wp\/v2\/product\/325","targetHints":{"allow":["GET"]}}],"collection":[{"href":"https:\/\/distribucionarc.com\/de\/wp-json\/wp\/v2\/product"}],"about":[{"href":"https:\/\/distribucionarc.com\/de\/wp-json\/wp\/v2\/types\/product"}],"replies":[{"embeddable":true,"href":"https:\/\/distribucionarc.com\/de\/wp-json\/wp\/v2\/comments?post=325"}],"version-history":[{"count":1,"href":"https:\/\/distribucionarc.com\/de\/wp-json\/wp\/v2\/product\/325\/revisions"}],"predecessor-version":[{"id":17455,"href":"https:\/\/distribucionarc.com\/de\/wp-json\/wp\/v2\/product\/325\/revisions\/17455"}],"wp:featuredmedia":[{"embeddable":true,"href":"https:\/\/distribucionarc.com\/de\/wp-json\/wp\/v2\/media\/17454"}],"wp:attachment":[{"href":"https:\/\/distribucionarc.com\/de\/wp-json\/wp\/v2\/media?parent=325"}],"wp:term":[{"taxonomy":"product_brand","embeddable":true,"href":"https:\/\/distribucionarc.com\/de\/wp-json\/wp\/v2\/product_brand?post=325"},{"taxonomy":"product_cat","embeddable":true,"href":"https:\/\/distribucionarc.com\/de\/wp-json\/wp\/v2\/product_cat?post=325"},{"taxonomy":"product_tag","embeddable":true,"href":"https:\/\/distribucionarc.com\/de\/wp-json\/wp\/v2\/product_tag?post=325"}],"curies":[{"name":"wp","href":"https:\/\/api.w.org\/{rel}","templated":true}]}}