{"id":3456,"date":"2020-10-02T15:43:08","date_gmt":"2020-10-02T15:43:08","guid":{"rendered":"https:\/\/distribucionarc.com\/?post_type=product&#038;p=3456"},"modified":"2020-10-08T15:05:18","modified_gmt":"2020-10-08T15:05:18","slug":"elektrostatisches-pulverlackiersystem","status":"publish","type":"product","link":"https:\/\/distribucionarc.com\/de\/producto\/sistema-de-pintado-en-polvo-electrostatico\/","title":{"rendered":"Elektrostatisches Pulverlackiersystem"},"content":{"rendered":"<h3>Elektrostatisches Pulverlackiersystem<\/h3>\n<p>Das <strong>Pulverbeschichtungsmaschine<span style=\"color: #ff0000;\"> ZU<\/span><span style=\"color: #0000ff;\">R<\/span>C<\/strong> Es hat ein geringes Volumen, gew\u00e4hrleistet aber eine hohe Benutzerfreundlichkeit. Das Design des Griffs reduziert die Erm\u00fcdung des Benutzers, seine hohe Best\u00e4ndigkeit gegen Verdickung verhindert die Wartung erheblich.<\/p>\n<p>Durch den Schaltkreisschutz k\u00f6nnen Sie den Spannungspegel anpassen, um einen perfekten Spr\u00fcheffekt zu gew\u00e4hrleisten. Das Hochspannungsmodul in der N\u00e4he der D\u00fcse kann wiederum auf eine h\u00f6here oder niedrigere Spannung umgestellt werden, um die Wartung zu erleichtern.<\/p>\n<p>Er <strong>Elektrostatisches Lackiersystem<span style=\"color: #ff0000;\"> ZU<\/span><span style=\"color: #0000ff;\">R<\/span>CSPP40<\/strong> Es verf\u00fcgt \u00fcber zwei zentrale Gasdesigns, um den Entladungseffekt zu verbessern, sodass die Nadel kein nadelgef\u00fchrtes Fl\u00fcssigkeitspulver mehr ist. Der zerst\u00e4ubte Luftstrom verbessert die Beschichtungsqualit\u00e4t erheblich. Durch den Einsatz pneumatischer Komponenten wird der Luftdruck in eine kleinere Leistung umgewandelt, um die Spr\u00fchleistung deutlich zu erh\u00f6hen.<\/p>\n<h6><strong>Garantie\u00a0<span style=\"color: #ff0000;\">ZU<\/span><span style=\"color: #0000ff;\">R<\/span>C 2 JAHRE<\/strong><\/h6>\n<h6><span style=\"color: #008000;\">Pulverbeschichtungsmaschine, geringer Verbrauch 30 W<\/span><\/h6>\n<h6><strong>Technischer Support inklusive<\/strong><\/h6>\n<p>&nbsp;<\/p>\n<p>&nbsp;<\/p>\n<table role=\"presentation\" width=\"100%\" cellspacing=\"0\" cellpadding=\"0\">\n<tbody>\n<tr>\n<td class=\"attrLabels\">Temperatur:<\/td>\n<td width=\"50.0%\">Kalt: 5 \u2013 12 \u00baCHei\u00df: 50 \u2013 58 \u00baC<\/td>\n<\/tr>\n<tr>\n<td class=\"attrLabels\">Vertriebsland:<\/td>\n<td width=\"50.0%\">Spanien, Deutschland, USA<\/td>\n<td class=\"attrLabels\">Gewicht:<\/td>\n<td width=\"50.0%\">25,4 kg<\/td>\n<\/tr>\n<tr>\n<td class=\"attrLabels\">Marke:<\/td>\n<td width=\"50.0%\">BOGEN<\/td>\n<td class=\"attrLabels\">H\u00f6he:<\/td>\n<td width=\"50.0%\">60cm<\/td>\n<\/tr>\n<tr>\n<td class=\"attrLabels\">Farbe:<\/td>\n<td width=\"50.0%\">Silber, Gelb<\/td>\n<td class=\"attrLabels\">Lang:<\/td>\n<td width=\"50.0%\">48cm<\/td>\n<\/tr>\n<tr>\n<td class=\"attrLabels\">Produkttyp:<\/td>\n<td width=\"50.0%\">Elektrostatisches Lackiersystem<\/td>\n<td class=\"attrLabels\">Breit:<\/td>\n<td width=\"50.0%\">\u00a048cm<\/td>\n<\/tr>\n<tr>\n<td class=\"attrLabels\">Herstellernummer:<\/td>\n<td width=\"50.0%\">ARCSPP40<\/td>\n<td class=\"attrLabels\">Leistung:<\/td>\n<td width=\"50.0%\">30W<\/td>\n<\/tr>\n<tr>\n<td class=\"attrLabels\">Material:<\/td>\n<td width=\"50.0%\">Edelstahl<\/td>\n<td class=\"attrLabels\">Eingangsspannung<\/td>\n<td width=\"50.0%\">220V \u2013 50\/60Hz<\/td>\n<\/tr>\n<tr>\n<td class=\"attrLabels\">Garantie:<\/td>\n<td width=\"50.0%\">2 JAHRE<\/td>\n<td class=\"attrLabels\">Laufgewicht:<\/td>\n<td width=\"50.0%\">480g<\/td>\n<\/tr>\n<tr>\n<td class=\"attrLabels\">Installationswerkzeuge:<\/td>\n<td width=\"50.0%\">Ja<\/td>\n<td class=\"attrLabels\">Trichterkapazit\u00e4t:<\/td>\n<td width=\"50.0%\">40 Liter<\/td>\n<\/tr>\n<\/tbody>\n<\/table>","protected":false},"excerpt":{"rendered":"<h2>Elektrostatisches Pulverlackiersystem<\/h2>\n<p>Das <strong>Elektrostatische Pulverbeschichtungsmaschine<\/strong> ist ein Trockenveredelungsprozess, bei dem fein gemahlene Pigment- und Harzpartikel verwendet werden, die normalerweise elektrostatisch aufgeladen und auf elektrisch geerdete Teile gespr\u00fcht werden. Die geladenen Pulverpartikel haften an den Teilen und bleiben dort, bis sie in einem Aush\u00e4rteofen schmelzen und zu einer glatten Beschichtung verschmelzen.<\/p>\n<h6><strong>Garantie\u00a0<span style=\"color: #ff0000;\">ZU<\/span><span style=\"color: #0000ff;\">R<\/span>C 2 JAHRE<\/strong><\/h6>\n<h6><span style=\"color: #008000;\">Pulverbeschichtungsmaschine, geringer Verbrauch 30 W<\/span><\/h6>\n<h6><strong>Technischer Support inklusive<\/strong><\/h6>","protected":false},"featured_media":3464,"comment_status":"open","ping_status":"closed","template":"","meta":{"wds_primary_product_brand":0,"wds_primary_product_cat":0},"product_brand":[],"product_cat":[71,69],"product_tag":[],"class_list":{"0":"post-3456","1":"product","2":"type-product","3":"status-publish","4":"has-post-thumbnail","6":"product_cat-maquinas-para-pintar","7":"product_cat-maquinas-variadas","8":"product_shipping_class-express","10":"first","11":"instock","12":"sale","13":"taxable","14":"shipping-taxable","15":"purchasable","16":"product-type-simple"},"yoast_head":"<!-- This site is optimized with the Yoast SEO Premium plugin v24.9 (Yoast SEO v26.1) - https:\/\/yoast.com\/wordpress\/plugins\/seo\/ -->\n<title>Sistema de pintado en polvo electrost\u00e1tico - distribuci\u00f3n ARC<\/title>\n<meta name=\"robots\" content=\"index, follow, max-snippet:-1, max-image-preview:large, max-video-preview:-1\" \/>\n<link rel=\"canonical\" href=\"https:\/\/distribucionarc.com\/de\/produkt-2\/elektrostatisches-pulverlackiersystem\/\" \/>\n<meta property=\"og:locale\" content=\"de_DE\" \/>\n<meta property=\"og:type\" content=\"article\" \/>\n<meta property=\"og:title\" content=\"Sistema de pintado en polvo electrost\u00e1tico\" \/>\n<meta property=\"og:description\" content=\"Sistema de pintado en polvo electrost\u00e1tico Esta m\u00e1quina de recubrimiento en polvo electrost\u00e1tico es un proceso de acabado en seco, que utiliza part\u00edculas finamente molidas de pigmento y resina que generalmente se cargan electrost\u00e1ticamente y se pulverizan sobre piezas el\u00e9ctricamente puestas a tierra. Las part\u00edculas de polvo cargadas se adhieren a las piezas y se mantienen all\u00ed hasta que se derriten y se fusionan en un recubrimiento liso en un horno de curado. Garant\u00eda\u00a0ARC 2 A\u00d1OS M\u00e1quina de recubrimiento en polvo, bajo consumo 30w soporte t\u00e9cnico incluido\" \/>\n<meta property=\"og:url\" content=\"https:\/\/distribucionarc.com\/de\/produkt-2\/elektrostatisches-pulverlackiersystem\/\" \/>\n<meta property=\"og:site_name\" content=\"distribuci\u00f3n ARC\" \/>\n<meta property=\"article:modified_time\" content=\"2020-10-08T15:05:18+00:00\" \/>\n<meta property=\"og:image\" content=\"https:\/\/distribucionarc.com\/wp-content\/uploads\/2020\/10\/Sistema-de-pintado-en-polvo-electrost\u00e1tico-0.jpg\" \/>\n\t<meta property=\"og:image:width\" content=\"1001\" \/>\n\t<meta property=\"og:image:height\" content=\"1001\" \/>\n\t<meta property=\"og:image:type\" content=\"image\/jpeg\" \/>\n<meta name=\"twitter:card\" content=\"summary_large_image\" \/>\n<meta name=\"twitter:label1\" content=\"Gesch\u00e4tzte Lesezeit\" \/>\n\t<meta name=\"twitter:data1\" content=\"1\u00a0Minute\" \/>\n<script type=\"application\/ld+json\" class=\"yoast-schema-graph\">{\"@context\":\"https:\/\/schema.org\",\"@graph\":[{\"@type\":\"WebPage\",\"@id\":\"https:\/\/distribucionarc.com\/pt\/producto\/sistema-de-pintado-en-polvo-electrostatico\/\",\"url\":\"https:\/\/distribucionarc.com\/pt\/producto\/sistema-de-pintado-en-polvo-electrostatico\/\",\"name\":\"Sistema de pintado en polvo electrost\u00e1tico - distribuci\u00f3n ARC\",\"isPartOf\":{\"@id\":\"https:\/\/distribucionarc.com\/de\/#website\"},\"primaryImageOfPage\":{\"@id\":\"https:\/\/distribucionarc.com\/pt\/producto\/sistema-de-pintado-en-polvo-electrostatico\/#primaryimage\"},\"image\":{\"@id\":\"https:\/\/distribucionarc.com\/pt\/producto\/sistema-de-pintado-en-polvo-electrostatico\/#primaryimage\"},\"thumbnailUrl\":\"https:\/\/distribucionarc.com\/wp-content\/uploads\/2020\/10\/Sistema-de-pintado-en-polvo-electrost\u00e1tico-0.jpg\",\"datePublished\":\"2020-10-02T15:43:08+00:00\",\"dateModified\":\"2020-10-08T15:05:18+00:00\",\"breadcrumb\":{\"@id\":\"https:\/\/distribucionarc.com\/pt\/producto\/sistema-de-pintado-en-polvo-electrostatico\/#breadcrumb\"},\"inLanguage\":\"de\",\"potentialAction\":[{\"@type\":\"ReadAction\",\"target\":[\"https:\/\/distribucionarc.com\/pt\/producto\/sistema-de-pintado-en-polvo-electrostatico\/\"]}]},{\"@type\":\"ImageObject\",\"inLanguage\":\"de\",\"@id\":\"https:\/\/distribucionarc.com\/pt\/producto\/sistema-de-pintado-en-polvo-electrostatico\/#primaryimage\",\"url\":\"https:\/\/distribucionarc.com\/wp-content\/uploads\/2020\/10\/Sistema-de-pintado-en-polvo-electrost\u00e1tico-0.jpg\",\"contentUrl\":\"https:\/\/distribucionarc.com\/wp-content\/uploads\/2020\/10\/Sistema-de-pintado-en-polvo-electrost\u00e1tico-0.jpg\",\"width\":1001,\"height\":1001,\"caption\":\"Sistema de pintado en polvo electrost\u00e1tico\"},{\"@type\":\"BreadcrumbList\",\"@id\":\"https:\/\/distribucionarc.com\/pt\/producto\/sistema-de-pintado-en-polvo-electrostatico\/#breadcrumb\",\"itemListElement\":[{\"@type\":\"ListItem\",\"position\":1,\"name\":\"Portada\",\"item\":\"https:\/\/distribucionarc.com\/pl\/\"},{\"@type\":\"ListItem\",\"position\":2,\"name\":\"Produkty\",\"item\":\"https:\/\/distribucionarc.com\/pl\/shop\/\"},{\"@type\":\"ListItem\",\"position\":3,\"name\":\"Sistema de pintado en polvo electrost\u00e1tico\"}]},{\"@type\":\"WebSite\",\"@id\":\"https:\/\/distribucionarc.com\/de\/#website\",\"url\":\"https:\/\/distribucionarc.com\/de\/\",\"name\":\"distribuci\u00f3n ARC\",\"description\":\"Empresa especializada en la fabricaci\u00f3n y distribuci\u00f3n de maquinaria industrial, selladoras de latas, Maquinas de hacer pastillas, Maquinas de cortar carne...\",\"publisher\":{\"@id\":\"https:\/\/distribucionarc.com\/de\/#organization\"},\"potentialAction\":[{\"@type\":\"SearchAction\",\"target\":{\"@type\":\"EntryPoint\",\"urlTemplate\":\"https:\/\/distribucionarc.com\/de\/?s={search_term_string}\"},\"query-input\":{\"@type\":\"PropertyValueSpecification\",\"valueRequired\":true,\"valueName\":\"search_term_string\"}}],\"inLanguage\":\"de\"},{\"@type\":\"Organization\",\"@id\":\"https:\/\/distribucionarc.com\/de\/#organization\",\"name\":\"Distribuci\u00f3n ARC\",\"url\":\"https:\/\/distribucionarc.com\/de\/\",\"logo\":{\"@type\":\"ImageObject\",\"inLanguage\":\"de\",\"@id\":\"https:\/\/distribucionarc.com\/de\/#\/schema\/logo\/image\/\",\"url\":\"https:\/\/distribucionarc.com\/wp-content\/uploads\/2024\/10\/distribucion-ARC-COLOR-SIN-FONDO-e1732295305345.png\",\"contentUrl\":\"https:\/\/distribucionarc.com\/wp-content\/uploads\/2024\/10\/distribucion-ARC-COLOR-SIN-FONDO-e1732295305345.png\",\"width\":1164,\"height\":558,\"caption\":\"Distribuci\u00f3n ARC\"},\"image\":{\"@id\":\"https:\/\/distribucionarc.com\/de\/#\/schema\/logo\/image\/\"},\"description\":\"Empresa especializada en la fabricaci\u00f3n y distribuci\u00f3n de maquinaria industrial para los sectores alimentario y farmac\u00e9utico. Nos especializamos en: M\u00e1quinas de cortar carne Fabricaci\u00f3n de comprimidos Sistemas de transporte industrial L\u00edneas de embotellado Dosificadores Y mucho m\u00e1s... Ofrecemos soluciones innovadoras y personalizadas para optimizar los procesos productivos de tu empresa.\",\"email\":\"Admistracion@distribucionarc.com\",\"telephone\":\"+34 643496664\",\"legalName\":\"ARC TECH SOLUTIONS\",\"foundingDate\":\"2024-04-09\",\"vatID\":\"B55480172\",\"numberOfEmployees\":{\"@type\":\"QuantitativeValue\",\"minValue\":\"1\",\"maxValue\":\"10\"}}]}<\/script>\n<!-- \/ Yoast SEO Premium plugin. -->","yoast_head_json":{"title":"Elektrostatisches Pulverlackiersystem \u2013 ARC-Verteilung","robots":{"index":"index","follow":"follow","max-snippet":"max-snippet:-1","max-image-preview":"max-image-preview:large","max-video-preview":"max-video-preview:-1"},"canonical":"https:\/\/distribucionarc.com\/de\/produkt-2\/elektrostatisches-pulverlackiersystem\/","og_locale":"de_DE","og_type":"article","og_title":"Sistema de pintado en polvo electrost\u00e1tico","og_description":"Sistema de pintado en polvo electrost\u00e1tico Esta m\u00e1quina de recubrimiento en polvo electrost\u00e1tico es un proceso de acabado en seco, que utiliza part\u00edculas finamente molidas de pigmento y resina que generalmente se cargan electrost\u00e1ticamente y se pulverizan sobre piezas el\u00e9ctricamente puestas a tierra. Las part\u00edculas de polvo cargadas se adhieren a las piezas y se mantienen all\u00ed hasta que se derriten y se fusionan en un recubrimiento liso en un horno de curado. Garant\u00eda\u00a0ARC 2 A\u00d1OS M\u00e1quina de recubrimiento en polvo, bajo consumo 30w soporte t\u00e9cnico incluido","og_url":"https:\/\/distribucionarc.com\/de\/produkt-2\/elektrostatisches-pulverlackiersystem\/","og_site_name":"distribuci\u00f3n ARC","article_modified_time":"2020-10-08T15:05:18+00:00","og_image":[{"width":1001,"height":1001,"url":"https:\/\/distribucionarc.com\/wp-content\/uploads\/2020\/10\/Sistema-de-pintado-en-polvo-electrost\u00e1tico-0.jpg","type":"image\/jpeg"}],"twitter_card":"summary_large_image","twitter_misc":{"Gesch\u00e4tzte Lesezeit":"1\u00a0Minute"},"schema":{"@context":"https:\/\/schema.org","@graph":[{"@type":"WebPage","@id":"https:\/\/distribucionarc.com\/pt\/producto\/sistema-de-pintado-en-polvo-electrostatico\/","url":"https:\/\/distribucionarc.com\/pt\/producto\/sistema-de-pintado-en-polvo-electrostatico\/","name":"Elektrostatisches Pulverlackiersystem \u2013 ARC-Verteilung","isPartOf":{"@id":"https:\/\/distribucionarc.com\/de\/#website"},"primaryImageOfPage":{"@id":"https:\/\/distribucionarc.com\/pt\/producto\/sistema-de-pintado-en-polvo-electrostatico\/#primaryimage"},"image":{"@id":"https:\/\/distribucionarc.com\/pt\/producto\/sistema-de-pintado-en-polvo-electrostatico\/#primaryimage"},"thumbnailUrl":"https:\/\/distribucionarc.com\/wp-content\/uploads\/2020\/10\/Sistema-de-pintado-en-polvo-electrost\u00e1tico-0.jpg","datePublished":"2020-10-02T15:43:08+00:00","dateModified":"2020-10-08T15:05:18+00:00","breadcrumb":{"@id":"https:\/\/distribucionarc.com\/pt\/producto\/sistema-de-pintado-en-polvo-electrostatico\/#breadcrumb"},"inLanguage":"de","potentialAction":[{"@type":"ReadAction","target":["https:\/\/distribucionarc.com\/pt\/producto\/sistema-de-pintado-en-polvo-electrostatico\/"]}]},{"@type":"ImageObject","inLanguage":"de","@id":"https:\/\/distribucionarc.com\/pt\/producto\/sistema-de-pintado-en-polvo-electrostatico\/#primaryimage","url":"https:\/\/distribucionarc.com\/wp-content\/uploads\/2020\/10\/Sistema-de-pintado-en-polvo-electrost\u00e1tico-0.jpg","contentUrl":"https:\/\/distribucionarc.com\/wp-content\/uploads\/2020\/10\/Sistema-de-pintado-en-polvo-electrost\u00e1tico-0.jpg","width":1001,"height":1001,"caption":"Sistema de pintado en polvo electrost\u00e1tico"},{"@type":"BreadcrumbList","@id":"https:\/\/distribucionarc.com\/pt\/producto\/sistema-de-pintado-en-polvo-electrostatico\/#breadcrumb","itemListElement":[{"@type":"ListItem","position":1,"name":"Portada","item":"https:\/\/distribucionarc.com\/pl\/"},{"@type":"ListItem","position":2,"name":"Produkty","item":"https:\/\/distribucionarc.com\/pl\/shop\/"},{"@type":"ListItem","position":3,"name":"Sistema de pintado en polvo electrost\u00e1tico"}]},{"@type":"WebSite","@id":"https:\/\/distribucionarc.com\/de\/#website","url":"https:\/\/distribucionarc.com\/de\/","name":"ARC-Verteilung","description":"Das Unternehmen ist auf die Herstellung und den Vertrieb von Industriemaschinen, Dosenverschlie\u00dfmaschinen, Tablettenmaschinen, Fleischschneidemaschinen...","publisher":{"@id":"https:\/\/distribucionarc.com\/de\/#organization"},"potentialAction":[{"@type":"SearchAction","target":{"@type":"EntryPoint","urlTemplate":"https:\/\/distribucionarc.com\/de\/?s={search_term_string}"},"query-input":{"@type":"PropertyValueSpecification","valueRequired":true,"valueName":"search_term_string"}}],"inLanguage":"de"},{"@type":"Organization","@id":"https:\/\/distribucionarc.com\/de\/#organization","name":"ARC-Verteilung","url":"https:\/\/distribucionarc.com\/de\/","logo":{"@type":"ImageObject","inLanguage":"de","@id":"https:\/\/distribucionarc.com\/de\/#\/schema\/logo\/image\/","url":"https:\/\/distribucionarc.com\/wp-content\/uploads\/2024\/10\/distribucion-ARC-COLOR-SIN-FONDO-e1732295305345.png","contentUrl":"https:\/\/distribucionarc.com\/wp-content\/uploads\/2024\/10\/distribucion-ARC-COLOR-SIN-FONDO-e1732295305345.png","width":1164,"height":558,"caption":"Distribuci\u00f3n ARC"},"image":{"@id":"https:\/\/distribucionarc.com\/de\/#\/schema\/logo\/image\/"},"description":"Unternehmen, das auf die Herstellung und den Vertrieb von Industriemaschinen f\u00fcr den Lebensmittel- und Pharmasektor spezialisiert ist. Wir sind spezialisiert auf: Fleischschneidemaschinen Tablettenherstellung Industrielle F\u00f6rdersysteme Abf\u00fcllanlagen Dispenser Und vieles mehr... Wir bieten innovative und ma\u00dfgeschneiderte L\u00f6sungen zur Optimierung der Produktionsprozesse in Ihrem Unternehmen.","email":"Admistracion@distribucionarc.com","telephone":"+34 643496664","legalName":"ARC TECH SOLUTIONS","foundingDate":"2024-04-09","vatID":"B55480172","numberOfEmployees":{"@type":"QuantitativeValue","minValue":"1","maxValue":"10"}}]}},"_links":{"self":[{"href":"https:\/\/distribucionarc.com\/de\/wp-json\/wp\/v2\/product\/3456","targetHints":{"allow":["GET"]}}],"collection":[{"href":"https:\/\/distribucionarc.com\/de\/wp-json\/wp\/v2\/product"}],"about":[{"href":"https:\/\/distribucionarc.com\/de\/wp-json\/wp\/v2\/types\/product"}],"replies":[{"embeddable":true,"href":"https:\/\/distribucionarc.com\/de\/wp-json\/wp\/v2\/comments?post=3456"}],"version-history":[{"count":0,"href":"https:\/\/distribucionarc.com\/de\/wp-json\/wp\/v2\/product\/3456\/revisions"}],"wp:featuredmedia":[{"embeddable":true,"href":"https:\/\/distribucionarc.com\/de\/wp-json\/wp\/v2\/media\/3464"}],"wp:attachment":[{"href":"https:\/\/distribucionarc.com\/de\/wp-json\/wp\/v2\/media?parent=3456"}],"wp:term":[{"taxonomy":"product_brand","embeddable":true,"href":"https:\/\/distribucionarc.com\/de\/wp-json\/wp\/v2\/product_brand?post=3456"},{"taxonomy":"product_cat","embeddable":true,"href":"https:\/\/distribucionarc.com\/de\/wp-json\/wp\/v2\/product_cat?post=3456"},{"taxonomy":"product_tag","embeddable":true,"href":"https:\/\/distribucionarc.com\/de\/wp-json\/wp\/v2\/product_tag?post=3456"}],"curies":[{"name":"wp","href":"https:\/\/api.w.org\/{rel}","templated":true}]}}