{"id":3499,"date":"2020-10-03T12:57:43","date_gmt":"2020-10-03T12:57:43","guid":{"rendered":"https:\/\/distribucionarc.com\/?post_type=product&#038;p=3499"},"modified":"2020-10-15T15:02:45","modified_gmt":"2020-10-15T15:02:45","slug":"elektrischer-holzhacker","status":"publish","type":"product","link":"https:\/\/distribucionarc.com\/de\/producto\/astilladora-de-troncos-electrica\/","title":{"rendered":"elektrischer Holzspalter"},"content":{"rendered":"<h3>elektrischer Holzspalter<\/h3>\n<p>Er<strong> Holzschneider <span style=\"color: #ff0000;\">ZU<\/span><span style=\"color: #0000ff;\">R<\/span>C<\/strong> Es verf\u00fcgt \u00fcber eine gleichzeitige Knopf- und Hebelbedienung, so dass es nicht mit einer Hand bedient werden kann, um den Anforderungen gerecht zu werden <span style=\"color: #0000ff;\"><strong>neueste Sicherheitsstandards.<\/strong><\/span><\/p>\n<p>Die Bedienung erfolgt mit zwei H\u00e4nden durch Bet\u00e4tigung zweier Hebel au\u00dferhalb des K\u00e4figs, um die Sicherheit des Benutzers zu gew\u00e4hrleisten. Mit dem mitgelieferten St\u00e4nder k\u00f6nnen Sie die Maschine auf Arbeitsh\u00f6he bringen, sodass Sie sich nicht b\u00fccken oder knien m\u00fcssen. Mit dem Sicherheitsschutz k\u00f6nnen Sie die Holzscheite spalten und festhalten. Dadurch wird verhindert, dass Schmutz aus dem K\u00e4fig herausfliegt. Der Sicherheitsschutz unterscheidet sich auch von anderen Konstruktionen: Durch den Wegfall der L\u00f6cher in den Seiten wird die Gefahr einer Besch\u00e4digung des Schutzes durch einen Baumstamm erheblich verringert.<\/p>\n<p>Das <strong>Holzhacker <span style=\"color: #ff0000;\">ZU<\/span><span style=\"color: #0000ff;\">R<\/span>CPTE800<\/strong> Ist <strong>kann 800 Holzscheite pro Stunde spalten<\/strong>, bis zu 520 mm lang und 250 mm im Durchmesser. Die ideale Gr\u00f6\u00dfe f\u00fcr Leute mit kleinen Feuern und Holz\u00f6fen, die kurze Holzscheite spalten m\u00f6chten.<\/p>\n<h6><strong>Garantie\u00a0<span style=\"color: #ff0000;\">ZU<\/span><span style=\"color: #0000ff;\">R<\/span>C 2 JAHRE<\/strong><\/h6>\n<h6><span style=\"color: #008000;\">Effizienter Holzspalter, geringer Verbrauch 2000 W<\/span><\/h6>\n<h6><strong>Technischer Support inklusive<\/strong><\/h6>\n<p>&nbsp;<\/p>\n<p>&nbsp;<\/p>\n<table role=\"presentation\" width=\"100%\" cellspacing=\"0\" cellpadding=\"0\">\n<tbody>\n<tr>\n<td class=\"attrLabels\">Marke:<\/td>\n<td width=\"50.0%\">BOGEN<\/td>\n<\/tr>\n<tr>\n<td class=\"attrLabels\">Vertriebsland:<\/td>\n<td width=\"50.0%\">Spanien, Deutschland, USA<\/td>\n<td class=\"attrLabels\">Gewicht:<\/td>\n<td width=\"50.0%\">46kg<\/td>\n<\/tr>\n<tr>\n<td class=\"attrLabels\">Garantie:<\/td>\n<td width=\"50.0%\">2 JAHRE<\/td>\n<td class=\"attrLabels\">H\u00f6he:<\/td>\n<td width=\"50.0%\">98cm<\/td>\n<\/tr>\n<tr>\n<td class=\"attrLabels\">Farbe:<\/td>\n<td width=\"50.0%\">rot, schwarz<\/td>\n<td class=\"attrLabels\">Lang:<\/td>\n<td width=\"50.0%\">94,8 cm<\/td>\n<\/tr>\n<tr>\n<td class=\"attrLabels\">Produkttyp:<\/td>\n<td width=\"50.0%\">Holzspalter<\/td>\n<td class=\"attrLabels\">Breit:<\/td>\n<td width=\"50.0%\">70cm<\/td>\n<\/tr>\n<tr>\n<td class=\"attrLabels\">Herstellernummer:<\/td>\n<td width=\"50.0%\">ARCPTE800<\/td>\n<td class=\"attrLabels\">Leistung:<\/td>\n<td width=\"50.0%\">2000W<\/td>\n<\/tr>\n<tr>\n<td class=\"attrLabels\">Material:<\/td>\n<td width=\"50.0%\">Effizienter Motor, verst\u00e4rkter Stahl<\/td>\n<td class=\"attrLabels\">Eingangsspannung<\/td>\n<td width=\"50.0%\">220V \u2013 50\/60Hz<\/td>\n<\/tr>\n<tr>\n<td class=\"attrLabels\">Installationswerkzeuge:<\/td>\n<td width=\"50.0%\">Ja<\/td>\n<td class=\"attrLabels\">Schnittgr\u00f6\u00dfe:<\/td>\n<td width=\"50.0%\">52cm lang<\/p>\n<p>Maximaler Durchmesser 25 cm<\/td>\n<\/tr>\n<tr>\n<td class=\"attrLabels\">\u00d6l- und Hydraulikvolumen:<\/td>\n<td width=\"50.0%\">\u00d6l 46 2,8L Tank<\/td>\n<td class=\"attrLabels\">Maximaler Druck:<\/td>\n<td width=\"50.0%\">7000 kg<\/td>\n<\/tr>\n<\/tbody>\n<\/table>","protected":false},"excerpt":{"rendered":"<h2>elektrischer Holzspalter<\/h2>\n<p>Er <strong>Holzschneider <span style=\"color: #ff0000;\">ZU<\/span><span style=\"color: #0000ff;\">R<\/span>C<\/strong> Es ist die perfekte Maschine, um Ihr gr\u00fcnes oder trockenes Holz in kurze Holzst\u00fccke zu spalten. Ausgestattet mit einem 2000-Watt-Motor \u00fcbt die Maschine effizient und m\u00fchelos eine Kraft von 7 Tonnen aus. Dieser Holzspalter ist in der Lage, einen Stamm in weniger als 9 Sekunden zu schneiden <span style=\"color: #008000;\"><strong>effizienter Motor<\/strong><\/span> und das Hydrauliksystem. Teilen Sie Protokolle auf einfachste und schnellste Weise.<\/p>\n<h6><strong>Garantie\u00a0<span style=\"color: #ff0000;\">ZU<\/span><span style=\"color: #0000ff;\">R<\/span>C 2 JAHRE<\/strong><\/h6>\n<h6><span style=\"color: #008000;\">Effizienter Holzspalter, geringer Verbrauch 2000 W<\/span><\/h6>\n<h6><strong>Technischer Support inklusive<\/strong><\/h6>\n<p>&nbsp;<\/p>","protected":false},"featured_media":3508,"comment_status":"open","ping_status":"closed","template":"","meta":{"wds_primary_product_brand":0,"wds_primary_product_cat":0},"product_brand":[],"product_cat":[72,69],"product_tag":[],"class_list":{"0":"post-3499","1":"product","2":"type-product","3":"status-publish","4":"has-post-thumbnail","6":"product_cat-maquinaria-para-cortar-troncos","7":"product_cat-maquinas-variadas","8":"product_shipping_class-express","10":"first","11":"instock","12":"sale","13":"taxable","14":"shipping-taxable","15":"purchasable","16":"product-type-simple"},"yoast_head":"<!-- This site is optimized with the Yoast SEO Premium plugin v24.9 (Yoast SEO v26.1) - https:\/\/yoast.com\/wordpress\/plugins\/seo\/ -->\n<title>Astilladora de troncos el\u00e9ctrica - distribuci\u00f3n ARC<\/title>\n<meta name=\"robots\" content=\"index, follow, max-snippet:-1, max-image-preview:large, max-video-preview:-1\" \/>\n<link rel=\"canonical\" href=\"https:\/\/www.distribucionarc.com\/sl\/producto\/astilladora-de-troncos-electrica\/\" \/>\n<meta property=\"og:locale\" content=\"de_DE\" \/>\n<meta property=\"og:type\" content=\"article\" \/>\n<meta property=\"og:title\" content=\"Astilladora de troncos el\u00e9ctrica\" \/>\n<meta property=\"og:description\" content=\"Astilladora de troncos el\u00e9ctrica El cortador de troncos ARC es la m\u00e1quina perfecta para partir su madera verde o seca, en troncos de cortos trozos. Equipada con un motor de 2000 vatios, la m\u00e1quina ejerce 7 toneladas de fuerza con eficacia y facilidad. Este partidor de troncos es capaz de cortar un trozo en menos de 9 segundos gracias al motor eficiente y el sistema hidr\u00e1ulico. Divida troncos de la formas m\u00e1s sencilla y r\u00e1pida. Garant\u00eda\u00a0ARC 2 A\u00d1OS Partidora de troncos eficiente, bajo consumo 2000W soporte t\u00e9cnico incluido &nbsp;\" \/>\n<meta property=\"og:url\" content=\"https:\/\/www.distribucionarc.com\/sl\/producto\/astilladora-de-troncos-electrica\/\" \/>\n<meta property=\"og:site_name\" content=\"distribuci\u00f3n ARC\" \/>\n<meta property=\"article:modified_time\" content=\"2020-10-15T15:02:45+00:00\" \/>\n<meta property=\"og:image\" content=\"https:\/\/distribucionarc.com\/wp-content\/uploads\/2020\/10\/Astilladora-de-troncos-el\u00e9ctrica-0.jpg\" \/>\n\t<meta property=\"og:image:width\" content=\"1001\" \/>\n\t<meta property=\"og:image:height\" content=\"1001\" \/>\n\t<meta property=\"og:image:type\" content=\"image\/jpeg\" \/>\n<meta name=\"twitter:card\" content=\"summary_large_image\" \/>\n<meta name=\"twitter:label1\" content=\"Gesch\u00e4tzte Lesezeit\" \/>\n\t<meta name=\"twitter:data1\" content=\"1\u00a0Minute\" \/>\n<script type=\"application\/ld+json\" class=\"yoast-schema-graph\">{\"@context\":\"https:\/\/schema.org\",\"@graph\":[{\"@type\":\"WebPage\",\"@id\":\"https:\/\/www.distribucionarc.com\/sl\/producto\/astilladora-de-troncos-electrica\/\",\"url\":\"https:\/\/www.distribucionarc.com\/sl\/producto\/astilladora-de-troncos-electrica\/\",\"name\":\"Astilladora de troncos el\u00e9ctrica - distribuci\u00f3n ARC\",\"isPartOf\":{\"@id\":\"https:\/\/distribucionarc.com\/ro\/#website\"},\"primaryImageOfPage\":{\"@id\":\"https:\/\/www.distribucionarc.com\/sl\/producto\/astilladora-de-troncos-electrica\/#primaryimage\"},\"image\":{\"@id\":\"https:\/\/www.distribucionarc.com\/sl\/producto\/astilladora-de-troncos-electrica\/#primaryimage\"},\"thumbnailUrl\":\"https:\/\/distribucionarc.com\/wp-content\/uploads\/2020\/10\/Astilladora-de-troncos-el\u00e9ctrica-0.jpg\",\"datePublished\":\"2020-10-03T12:57:43+00:00\",\"dateModified\":\"2020-10-15T15:02:45+00:00\",\"breadcrumb\":{\"@id\":\"https:\/\/www.distribucionarc.com\/sl\/producto\/astilladora-de-troncos-electrica\/#breadcrumb\"},\"inLanguage\":\"de\",\"potentialAction\":[{\"@type\":\"ReadAction\",\"target\":[\"https:\/\/www.distribucionarc.com\/sl\/producto\/astilladora-de-troncos-electrica\/\"]}]},{\"@type\":\"ImageObject\",\"inLanguage\":\"de\",\"@id\":\"https:\/\/www.distribucionarc.com\/sl\/producto\/astilladora-de-troncos-electrica\/#primaryimage\",\"url\":\"https:\/\/distribucionarc.com\/wp-content\/uploads\/2020\/10\/Astilladora-de-troncos-el\u00e9ctrica-0.jpg\",\"contentUrl\":\"https:\/\/distribucionarc.com\/wp-content\/uploads\/2020\/10\/Astilladora-de-troncos-el\u00e9ctrica-0.jpg\",\"width\":1001,\"height\":1001,\"caption\":\"Astilladora de troncos el\u00e9ctrica\"},{\"@type\":\"BreadcrumbList\",\"@id\":\"https:\/\/www.distribucionarc.com\/sl\/producto\/astilladora-de-troncos-electrica\/#breadcrumb\",\"itemListElement\":[{\"@type\":\"ListItem\",\"position\":1,\"name\":\"Portada\",\"item\":\"https:\/\/distribucionarc.com\/ar\/\"},{\"@type\":\"ListItem\",\"position\":2,\"name\":\"Proizvodi\",\"item\":\"https:\/\/www.distribucionarc.com\/hr\/ducan\/\"},{\"@type\":\"ListItem\",\"position\":3,\"name\":\"Astilladora de troncos el\u00e9ctrica\"}]},{\"@type\":\"WebSite\",\"@id\":\"https:\/\/distribucionarc.com\/ro\/#website\",\"url\":\"https:\/\/distribucionarc.com\/ro\/\",\"name\":\"distribuci\u00f3n ARC\",\"description\":\"Empresa especializada en la fabricaci\u00f3n y distribuci\u00f3n de maquinaria industrial, selladoras de latas, Maquinas de hacer pastillas, Maquinas de cortar carne...\",\"publisher\":{\"@id\":\"https:\/\/distribucionarc.com\/ro\/#organization\"},\"potentialAction\":[{\"@type\":\"SearchAction\",\"target\":{\"@type\":\"EntryPoint\",\"urlTemplate\":\"https:\/\/distribucionarc.com\/ro\/?s={search_term_string}\"},\"query-input\":{\"@type\":\"PropertyValueSpecification\",\"valueRequired\":true,\"valueName\":\"search_term_string\"}}],\"inLanguage\":\"de\"},{\"@type\":\"Organization\",\"@id\":\"https:\/\/distribucionarc.com\/ro\/#organization\",\"name\":\"Distribuci\u00f3n ARC\",\"url\":\"https:\/\/distribucionarc.com\/ro\/\",\"logo\":{\"@type\":\"ImageObject\",\"inLanguage\":\"de\",\"@id\":\"https:\/\/distribucionarc.com\/ro\/#\/schema\/logo\/image\/\",\"url\":\"https:\/\/distribucionarc.com\/wp-content\/uploads\/2024\/10\/distribucion-ARC-COLOR-SIN-FONDO-e1732295305345.png\",\"contentUrl\":\"https:\/\/distribucionarc.com\/wp-content\/uploads\/2024\/10\/distribucion-ARC-COLOR-SIN-FONDO-e1732295305345.png\",\"width\":1164,\"height\":558,\"caption\":\"Distribuci\u00f3n ARC\"},\"image\":{\"@id\":\"https:\/\/distribucionarc.com\/ro\/#\/schema\/logo\/image\/\"},\"description\":\"Empresa especializada en la fabricaci\u00f3n y distribuci\u00f3n de maquinaria industrial para los sectores alimentario y farmac\u00e9utico. Nos especializamos en: M\u00e1quinas de cortar carne Fabricaci\u00f3n de comprimidos Sistemas de transporte industrial L\u00edneas de embotellado Dosificadores Y mucho m\u00e1s... Ofrecemos soluciones innovadoras y personalizadas para optimizar los procesos productivos de tu empresa.\",\"email\":\"Admistracion@distribucionarc.com\",\"telephone\":\"+34 643496664\",\"legalName\":\"ARC TECH SOLUTIONS\",\"foundingDate\":\"2024-04-09\",\"vatID\":\"B55480172\",\"numberOfEmployees\":{\"@type\":\"QuantitativeValue\",\"minValue\":\"1\",\"maxValue\":\"10\"}}]}<\/script>\n<!-- \/ Yoast SEO Premium plugin. -->","yoast_head_json":{"title":"Elektrischer Holzspalter \u2013 ARC-Verteilung","robots":{"index":"index","follow":"follow","max-snippet":"max-snippet:-1","max-image-preview":"max-image-preview:large","max-video-preview":"max-video-preview:-1"},"canonical":"https:\/\/www.distribucionarc.com\/sl\/producto\/astilladora-de-troncos-electrica\/","og_locale":"de_DE","og_type":"article","og_title":"Astilladora de troncos el\u00e9ctrica","og_description":"Astilladora de troncos el\u00e9ctrica El cortador de troncos ARC es la m\u00e1quina perfecta para partir su madera verde o seca, en troncos de cortos trozos. Equipada con un motor de 2000 vatios, la m\u00e1quina ejerce 7 toneladas de fuerza con eficacia y facilidad. Este partidor de troncos es capaz de cortar un trozo en menos de 9 segundos gracias al motor eficiente y el sistema hidr\u00e1ulico. Divida troncos de la formas m\u00e1s sencilla y r\u00e1pida. Garant\u00eda\u00a0ARC 2 A\u00d1OS Partidora de troncos eficiente, bajo consumo 2000W soporte t\u00e9cnico incluido &nbsp;","og_url":"https:\/\/www.distribucionarc.com\/sl\/producto\/astilladora-de-troncos-electrica\/","og_site_name":"distribuci\u00f3n ARC","article_modified_time":"2020-10-15T15:02:45+00:00","og_image":[{"width":1001,"height":1001,"url":"https:\/\/distribucionarc.com\/wp-content\/uploads\/2020\/10\/Astilladora-de-troncos-el\u00e9ctrica-0.jpg","type":"image\/jpeg"}],"twitter_card":"summary_large_image","twitter_misc":{"Gesch\u00e4tzte Lesezeit":"1\u00a0Minute"},"schema":{"@context":"https:\/\/schema.org","@graph":[{"@type":"WebPage","@id":"https:\/\/www.distribucionarc.com\/sl\/producto\/astilladora-de-troncos-electrica\/","url":"https:\/\/www.distribucionarc.com\/sl\/producto\/astilladora-de-troncos-electrica\/","name":"Elektrischer Holzspalter \u2013 ARC-Verteilung","isPartOf":{"@id":"https:\/\/distribucionarc.com\/ro\/#website"},"primaryImageOfPage":{"@id":"https:\/\/www.distribucionarc.com\/sl\/producto\/astilladora-de-troncos-electrica\/#primaryimage"},"image":{"@id":"https:\/\/www.distribucionarc.com\/sl\/producto\/astilladora-de-troncos-electrica\/#primaryimage"},"thumbnailUrl":"https:\/\/distribucionarc.com\/wp-content\/uploads\/2020\/10\/Astilladora-de-troncos-el\u00e9ctrica-0.jpg","datePublished":"2020-10-03T12:57:43+00:00","dateModified":"2020-10-15T15:02:45+00:00","breadcrumb":{"@id":"https:\/\/www.distribucionarc.com\/sl\/producto\/astilladora-de-troncos-electrica\/#breadcrumb"},"inLanguage":"de","potentialAction":[{"@type":"ReadAction","target":["https:\/\/www.distribucionarc.com\/sl\/producto\/astilladora-de-troncos-electrica\/"]}]},{"@type":"ImageObject","inLanguage":"de","@id":"https:\/\/www.distribucionarc.com\/sl\/producto\/astilladora-de-troncos-electrica\/#primaryimage","url":"https:\/\/distribucionarc.com\/wp-content\/uploads\/2020\/10\/Astilladora-de-troncos-el\u00e9ctrica-0.jpg","contentUrl":"https:\/\/distribucionarc.com\/wp-content\/uploads\/2020\/10\/Astilladora-de-troncos-el\u00e9ctrica-0.jpg","width":1001,"height":1001,"caption":"Astilladora de troncos el\u00e9ctrica"},{"@type":"BreadcrumbList","@id":"https:\/\/www.distribucionarc.com\/sl\/producto\/astilladora-de-troncos-electrica\/#breadcrumb","itemListElement":[{"@type":"ListItem","position":1,"name":"Portada","item":"https:\/\/distribucionarc.com\/ar\/"},{"@type":"ListItem","position":2,"name":"Proizvodi","item":"https:\/\/www.distribucionarc.com\/hr\/ducan\/"},{"@type":"ListItem","position":3,"name":"Astilladora de troncos el\u00e9ctrica"}]},{"@type":"WebSite","@id":"https:\/\/distribucionarc.com\/ro\/#website","url":"https:\/\/distribucionarc.com\/ro\/","name":"ARC-Verteilung","description":"Das Unternehmen ist auf die Herstellung und den Vertrieb von Industriemaschinen, Dosenverschlie\u00dfmaschinen, Tablettenmaschinen, Fleischschneidemaschinen...","publisher":{"@id":"https:\/\/distribucionarc.com\/ro\/#organization"},"potentialAction":[{"@type":"SearchAction","target":{"@type":"EntryPoint","urlTemplate":"https:\/\/distribucionarc.com\/ro\/?s={search_term_string}"},"query-input":{"@type":"PropertyValueSpecification","valueRequired":true,"valueName":"search_term_string"}}],"inLanguage":"de"},{"@type":"Organization","@id":"https:\/\/distribucionarc.com\/ro\/#organization","name":"ARC-Verteilung","url":"https:\/\/distribucionarc.com\/ro\/","logo":{"@type":"ImageObject","inLanguage":"de","@id":"https:\/\/distribucionarc.com\/ro\/#\/schema\/logo\/image\/","url":"https:\/\/distribucionarc.com\/wp-content\/uploads\/2024\/10\/distribucion-ARC-COLOR-SIN-FONDO-e1732295305345.png","contentUrl":"https:\/\/distribucionarc.com\/wp-content\/uploads\/2024\/10\/distribucion-ARC-COLOR-SIN-FONDO-e1732295305345.png","width":1164,"height":558,"caption":"Distribuci\u00f3n ARC"},"image":{"@id":"https:\/\/distribucionarc.com\/ro\/#\/schema\/logo\/image\/"},"description":"Unternehmen, das auf die Herstellung und den Vertrieb von Industriemaschinen f\u00fcr den Lebensmittel- und Pharmasektor spezialisiert ist. Wir sind spezialisiert auf: Fleischschneidemaschinen Tablettenherstellung Industrielle F\u00f6rdersysteme Abf\u00fcllanlagen Dispenser Und vieles mehr... Wir bieten innovative und ma\u00dfgeschneiderte L\u00f6sungen zur Optimierung der Produktionsprozesse in Ihrem Unternehmen.","email":"Admistracion@distribucionarc.com","telephone":"+34 643496664","legalName":"ARC TECH SOLUTIONS","foundingDate":"2024-04-09","vatID":"B55480172","numberOfEmployees":{"@type":"QuantitativeValue","minValue":"1","maxValue":"10"}}]}},"_links":{"self":[{"href":"https:\/\/distribucionarc.com\/de\/wp-json\/wp\/v2\/product\/3499","targetHints":{"allow":["GET"]}}],"collection":[{"href":"https:\/\/distribucionarc.com\/de\/wp-json\/wp\/v2\/product"}],"about":[{"href":"https:\/\/distribucionarc.com\/de\/wp-json\/wp\/v2\/types\/product"}],"replies":[{"embeddable":true,"href":"https:\/\/distribucionarc.com\/de\/wp-json\/wp\/v2\/comments?post=3499"}],"version-history":[{"count":0,"href":"https:\/\/distribucionarc.com\/de\/wp-json\/wp\/v2\/product\/3499\/revisions"}],"wp:featuredmedia":[{"embeddable":true,"href":"https:\/\/distribucionarc.com\/de\/wp-json\/wp\/v2\/media\/3508"}],"wp:attachment":[{"href":"https:\/\/distribucionarc.com\/de\/wp-json\/wp\/v2\/media?parent=3499"}],"wp:term":[{"taxonomy":"product_brand","embeddable":true,"href":"https:\/\/distribucionarc.com\/de\/wp-json\/wp\/v2\/product_brand?post=3499"},{"taxonomy":"product_cat","embeddable":true,"href":"https:\/\/distribucionarc.com\/de\/wp-json\/wp\/v2\/product_cat?post=3499"},{"taxonomy":"product_tag","embeddable":true,"href":"https:\/\/distribucionarc.com\/de\/wp-json\/wp\/v2\/product_tag?post=3499"}],"curies":[{"name":"wp","href":"https:\/\/api.w.org\/{rel}","templated":true}]}}