{"id":3644,"date":"2020-10-05T15:31:50","date_gmt":"2020-10-05T15:31:50","guid":{"rendered":"https:\/\/distribucionarc.com\/?post_type=product&#038;p=3644"},"modified":"2025-05-08T22:52:56","modified_gmt":"2025-05-08T20:52:56","slug":"abfullmaschine-viskose-flussigkeiten-ol-waschmittel-500-bis-5000ml-2","status":"publish","type":"product","link":"https:\/\/distribucionarc.com\/de\/producto\/embotelladora-de-agua-liquidos-lejia-reactivos-zumo-1000-5000ml\/","title":{"rendered":"Abf\u00fcllmaschine f\u00fcr Wasser, Fl\u00fcssigkeiten, Bleichmittel, Reagenzien, Saft 1000\u20135000 ml"},"content":{"rendered":"<h2 data-start=\"380\" data-end=\"461\">\ud83e\uddf4 Pneumatischer Saugf\u00fcller f\u00fcr Lebensmittelfl\u00fcssigkeiten \u2013 1000 bis 5000 ml<\/h2>\n<p data-start=\"463\" data-end=\"882\">Der <strong data-start=\"466\" data-end=\"512\">Saugf\u00fcller mit pneumatischem Kolben<\/strong> Es handelt sich um eine Maschine, die f\u00fcr die <strong data-start=\"545\" data-end=\"618\">Abf\u00fcllung von fl\u00fcssigen Lebensmitteln und Produkten mittlerer bis niedriger Viskosit\u00e4t<\/strong>, ohne Sediment. Es eignet sich ideal zum Verpacken gro\u00dfer Mengen wie 1-Liter-Flaschen, 3-Liter-Karaffen oder Beh\u00e4ltern bis zu 5 Litern und erm\u00f6glicht <strong data-start=\"769\" data-end=\"817\">direkte Verbindung zu externen Repositories<\/strong> per Schlauch oder integriert in lineare Abf\u00fcllsysteme.<\/p>\n<p data-start=\"884\" data-end=\"1215\">Dank seiner Struktur in <strong data-start=\"911\" data-end=\"967\">Polierter Edelstahl in Lebensmittelqualit\u00e4t (SS304)<\/strong>Dieser F\u00fcller erf\u00fcllt die GMP-Standards und ist korrosionsbest\u00e4ndig sowie leicht zu reinigen und zu warten. Der hochpr\u00e4zise pneumatische Kolben erm\u00f6glicht die Einstellung sowohl der <strong data-start=\"1138\" data-end=\"1178\">Volumen als F\u00fcllgeschwindigkeit<\/strong> je nach Produktionsbedarf.<\/p>\n<p data-start=\"1217\" data-end=\"1472\">Es wird f\u00fcr Produkte empfohlen <strong data-start=\"1246\" data-end=\"1282\">ohne Partikel oder feste Spuren<\/strong>, da das Saug- und Drehventilsystem f\u00fcr homogene Fl\u00fcssigkeiten optimiert ist. Diese Maschine ist nicht f\u00fcr Produkte mit hoher Viskosit\u00e4t oder Produkte geeignet, die Verstopfungen verursachen k\u00f6nnen.<\/p>\n<h3 data-start=\"1474\" data-end=\"1508\">Beispiele f\u00fcr ideale Produkte:<\/h3>\n<ul data-start=\"1510\" data-end=\"1805\">\n<li data-start=\"1510\" data-end=\"1534\">\n<p data-start=\"1512\" data-end=\"1534\">\ud83e\udd64 <strong data-start=\"1515\" data-end=\"1534\">Fruchtfleischfreie S\u00e4fte<\/strong><\/p>\n<\/li>\n<li data-start=\"1535\" data-end=\"1585\">\n<p data-start=\"1537\" data-end=\"1585\">\ud83e\udd5b <strong data-start=\"1540\" data-end=\"1585\">Pflanzliche Getr\u00e4nke (Soja, Hafer, Mandel)<\/strong><\/p>\n<\/li>\n<li data-start=\"1586\" data-end=\"1618\">\n<p data-start=\"1588\" data-end=\"1618\">\ud83c\udf76 <strong data-start=\"1591\" data-end=\"1618\">Raffiniertes Pflanzen\u00f6l<\/strong><\/p>\n<\/li>\n<li data-start=\"1619\" data-end=\"1651\">\n<p data-start=\"1621\" data-end=\"1651\">\ud83e\uddc3 <strong data-start=\"1624\" data-end=\"1651\">Klare fl\u00fcssige Sirupe<\/strong><\/p>\n<\/li>\n<li data-start=\"1652\" data-end=\"1686\">\n<p data-start=\"1654\" data-end=\"1686\">\ud83d\udca7 <strong data-start=\"1657\" data-end=\"1686\">Aromatisiertes oder Mineralwasser<\/strong><\/p>\n<\/li>\n<li data-start=\"1687\" data-end=\"1715\">\n<p data-start=\"1689\" data-end=\"1715\">\ud83e\uddf4 <strong data-start=\"1692\" data-end=\"1715\">Hydroalkoholisches Gel<\/strong><\/p>\n<\/li>\n<li data-start=\"1716\" data-end=\"1747\">\n<p data-start=\"1718\" data-end=\"1747\">\ud83c\udf77 <strong data-start=\"1721\" data-end=\"1747\">Weine und alkoholfreie Spirituosen<\/strong><\/p>\n<\/li>\n<li data-start=\"1748\" data-end=\"1805\">\n<p data-start=\"1750\" data-end=\"1805\">\ud83e\uddea <strong data-start=\"1753\" data-end=\"1805\">Fl\u00fcssige Lebensmittel- und Pharmal\u00f6sungen<\/strong><\/p>\n<\/li>\n<\/ul>\n<h3 data-start=\"1807\" data-end=\"1836\">Beispiele f\u00fcr die praktische Anwendung:<\/h3>\n<ul data-start=\"1838\" data-end=\"2098\">\n<li data-start=\"1838\" data-end=\"1923\">\n<p data-start=\"1840\" data-end=\"1923\">Abf\u00fcllung von <strong data-start=\"1851\" data-end=\"1878\">1 Liter PET-Flaschen<\/strong> auf einer halbautomatischen Abf\u00fcllanlage<\/p>\n<\/li>\n<li data-start=\"1924\" data-end=\"2021\">\n<p data-start=\"1926\" data-end=\"2021\">Dosierung von <strong data-start=\"1940\" data-end=\"1959\">raffiniertes \u00d6l<\/strong> aus einem 1000 Liter IBC-Tank, der per Schlauch angeschlossen ist<\/p>\n<\/li>\n<li data-start=\"2022\" data-end=\"2098\">\n<p data-start=\"2024\" data-end=\"2098\">Verpackung von <strong data-start=\"2036\" data-end=\"2068\">Sirupe oder fl\u00fcssige Extrakte<\/strong> in 3 bis 5 Liter Flaschen<\/p>\n<\/li>\n<\/ul>\n<p data-start=\"2100\" data-end=\"2293\">Dank ihres geringen Gewichts (25 kg) und der kompakten Abmessungen ist diese Maschine ideal f\u00fcr Unternehmen, die eine flexible, wirtschaftliche und pr\u00e4zise L\u00f6sung zum Abf\u00fcllen gro\u00dfer Fl\u00fcssigkeitsmengen ben\u00f6tigen.<\/p>\n<p data-start=\"2295\" data-end=\"2519\">Enth\u00e4lt <strong data-start=\"2303\" data-end=\"2336\">verstellbarer D\u00fcsenkopf<\/strong>, Tropfschutzsystem, Luftdruckregulierung und kann im Modus arbeiten <strong data-start=\"2413\" data-end=\"2444\">automatisch oder halbautomatisch<\/strong>. Zertifizierung <strong data-start=\"2460\" data-end=\"2466\">EC<\/strong>, 2 Jahre Garantie und pers\u00f6nlicher technischer Support.<\/p>\n<hr data-start=\"2521\" data-end=\"2524\" \/>\n<h3 data-start=\"2526\" data-end=\"2555\">Technische Spezifikationen<\/h3>\n<div class=\"_tableContainer_16hzy_1\">\n<div class=\"_tableWrapper_16hzy_14 group flex w-fit flex-col-reverse\" tabindex=\"-1\">\n<table class=\"w-fit min-w-(--thread-content-width)\" data-start=\"2557\" data-end=\"4281\">\n<thead data-start=\"2557\" data-end=\"2632\">\n<tr data-start=\"2557\" data-end=\"2632\">\n<th data-start=\"2557\" data-end=\"2591\" data-col-size=\"sm\">Besonderheit<\/th>\n<th data-start=\"2591\" data-end=\"2632\" data-col-size=\"md\">Detail<\/th>\n<\/tr>\n<\/thead>\n<tbody data-start=\"2709\" data-end=\"4281\">\n<tr data-start=\"2709\" data-end=\"2785\">\n<td data-start=\"2709\" data-end=\"2743\" data-col-size=\"sm\">Maschinentyp<\/td>\n<td data-col-size=\"md\" data-start=\"2743\" data-end=\"2785\">Pneumatischer Saugf\u00fcller<\/td>\n<\/tr>\n<tr data-start=\"2786\" data-end=\"2862\">\n<td data-start=\"2786\" data-end=\"2820\" data-col-size=\"sm\">Produktarten<\/td>\n<td data-col-size=\"md\" data-start=\"2820\" data-end=\"2862\">Lebensmittelfl\u00fcssigkeiten ohne Sediment<\/td>\n<\/tr>\n<tr data-start=\"2863\" data-end=\"2940\">\n<td data-start=\"2863\" data-end=\"2897\" data-col-size=\"sm\">Anwendungen<\/td>\n<td data-col-size=\"md\" data-start=\"2897\" data-end=\"2940\">Lebensmittel, Getr\u00e4nke, Pharmazeutika<\/td>\n<\/tr>\n<tr data-start=\"2941\" data-end=\"3039\">\n<td data-start=\"2941\" data-end=\"2975\" data-col-size=\"sm\">Kompatible Produkte<\/td>\n<td data-col-size=\"md\" data-start=\"2975\" data-end=\"3039\">S\u00e4fte, Gem\u00fcsegetr\u00e4nke, Sirupe, Wasser, hydroalkoholisches Gel<\/td>\n<\/tr>\n<tr data-start=\"3040\" data-end=\"3116\">\n<td data-start=\"3040\" data-end=\"3074\" data-col-size=\"sm\">Abf\u00fcllsystem<\/td>\n<td data-col-size=\"md\" data-start=\"3074\" data-end=\"3116\">Pneumatischer Kolben mit Drehventil<\/td>\n<\/tr>\n<tr data-start=\"3117\" data-end=\"3192\">\n<td data-start=\"3117\" data-end=\"3151\" data-col-size=\"sm\">F\u00fcllgenauigkeit<\/td>\n<td data-col-size=\"md\" data-start=\"3151\" data-end=\"3192\">\u00b11%<\/td>\n<\/tr>\n<tr data-start=\"3193\" data-end=\"3269\">\n<td data-start=\"3193\" data-end=\"3227\" data-col-size=\"sm\">F\u00fcllbereich<\/td>\n<td data-col-size=\"md\" data-start=\"3227\" data-end=\"3269\">1000 ml \u2013 5000 ml<\/td>\n<\/tr>\n<tr data-start=\"3270\" data-end=\"3345\">\n<td data-start=\"3270\" data-end=\"3304\" data-col-size=\"sm\">Produktionsgeschwindigkeit<\/td>\n<td data-col-size=\"md\" data-start=\"3304\" data-end=\"3345\">Bis zu 40 Beh\u00e4lter pro Minute<\/td>\n<\/tr>\n<tr data-start=\"3346\" data-end=\"3425\">\n<td data-start=\"3346\" data-end=\"3380\" data-col-size=\"sm\">F\u00fcllkopf<\/td>\n<td data-col-size=\"md\" data-start=\"3380\" data-end=\"3425\">1 Einheit, einstellbar mit Tropfschutz<\/td>\n<\/tr>\n<tr data-start=\"3426\" data-end=\"3502\">\n<td data-start=\"3426\" data-end=\"3460\" data-col-size=\"sm\">Stromversorgung<\/td>\n<td data-col-size=\"md\" data-start=\"3460\" data-end=\"3502\">220 V<\/td>\n<\/tr>\n<tr data-start=\"3503\" data-end=\"3579\">\n<td data-start=\"3503\" data-end=\"3537\" data-col-size=\"sm\">Arbeitsdruck<\/td>\n<td data-col-size=\"md\" data-start=\"3537\" data-end=\"3579\">0,4 \u2013 0,9 MPa<\/td>\n<\/tr>\n<tr data-start=\"3580\" data-end=\"3655\">\n<td data-start=\"3580\" data-end=\"3614\" data-col-size=\"sm\">Material in Kontakt<\/td>\n<td data-col-size=\"md\" data-start=\"3614\" data-end=\"3655\">Polierter Edelstahl (SS304)<\/td>\n<\/tr>\n<tr data-start=\"3656\" data-end=\"3739\">\n<td data-start=\"3656\" data-end=\"3690\" data-col-size=\"sm\">Innenfl\u00e4che<\/td>\n<td data-col-size=\"md\" data-start=\"3690\" data-end=\"3739\">Rauheit Ra \u2264 0,2\u20130,4 \u03bcm (GMP-Zertifizierung)<\/td>\n<\/tr>\n<tr data-start=\"3740\" data-end=\"3815\">\n<td data-start=\"3740\" data-end=\"3774\" data-col-size=\"sm\">Betriebsarten<\/td>\n<td data-col-size=\"md\" data-start=\"3774\" data-end=\"3815\">Halbautomatisch \/ Automatisch<\/td>\n<\/tr>\n<tr data-start=\"3816\" data-end=\"3896\">\n<td data-start=\"3816\" data-end=\"3850\" data-col-size=\"sm\">Produkteingabe<\/td>\n<td data-col-size=\"md\" data-start=\"3850\" data-end=\"3896\">Trichter oder Direktanschluss \u00fcber Schlauch<\/td>\n<\/tr>\n<tr data-start=\"3897\" data-end=\"3973\">\n<td data-start=\"3897\" data-end=\"3931\" data-col-size=\"sm\">Maschinenabmessungen<\/td>\n<td data-col-size=\"md\" data-start=\"3931\" data-end=\"3973\">1260 \u00d7 370 \u00d7 550 mm<\/td>\n<\/tr>\n<tr data-start=\"3974\" data-end=\"4050\">\n<td data-start=\"3974\" data-end=\"4008\" data-col-size=\"sm\">Gewicht<\/td>\n<td data-col-size=\"md\" data-start=\"4008\" data-end=\"4050\">25kg<\/td>\n<\/tr>\n<tr data-start=\"4051\" data-end=\"4127\">\n<td data-start=\"4051\" data-end=\"4085\" data-col-size=\"sm\">Zertifizierung<\/td>\n<td data-col-size=\"md\" data-start=\"4085\" data-end=\"4127\">EC<\/td>\n<\/tr>\n<tr data-start=\"4128\" data-end=\"4204\">\n<td data-start=\"4128\" data-end=\"4162\" data-col-size=\"sm\">Garantie<\/td>\n<td data-col-size=\"md\" data-start=\"4162\" data-end=\"4204\">2 Jahre<\/td>\n<\/tr>\n<tr data-start=\"4205\" data-end=\"4281\">\n<td data-start=\"4205\" data-end=\"4239\" data-col-size=\"sm\">Technische Unterst\u00fctzung<\/td>\n<td data-col-size=\"md\" data-start=\"4239\" data-end=\"4281\">Einschlie\u00dflich<\/td>\n<\/tr>\n<\/tbody>\n<\/table>\n<\/div>\n<\/div>","protected":false},"excerpt":{"rendered":"<h2>Pneumatischer Saugkolben, Fl\u00fcssigkeitsf\u00fcller, Abf\u00fcllung, Abgabe von 1000\u20135000 ml?<\/h2>\n<p>1000ML \u27a1\ufe0f5000ML pneumatische Abf\u00fcllmaschine f\u00fcr Shampoo, \u00d6l, Wasser, Parf\u00fcm<\/p>\n<p>halbautomatischer Flaschenf\u00fcller<\/p>\n<p>PNEUMATISCHE FL\u00dcSSIGKEITSF\u00dcLLMASCHINE F\u00dcR SHAMPOO, \u00d6L, PARF\u00dcM, WASSERGEL<\/p>\n<p>1000 ml \u27a1\ufe0f5000 ml<\/p>\n<p>Sie k\u00f6nnen verschiedene Arten von Fl\u00fcssigkeiten wie Shampoo, \u00d6l, Wasser, Parf\u00fcm und chemisches Gel dosieren. Sie k\u00f6nnen unterschiedliche Produktmengen von 1000 ml bis 5000 ml dosieren<\/p>","protected":false},"featured_media":3645,"comment_status":"open","ping_status":"closed","template":"","meta":{"wds_primary_product_brand":0,"wds_primary_product_cat":0},"product_brand":[],"product_cat":[18,19,321,21],"product_tag":[],"class_list":{"0":"post-3644","1":"product","2":"type-product","3":"status-publish","4":"has-post-thumbnail","6":"product_cat-dosificadoras","7":"product_cat-dosificadoras-de-liquidos","8":"product_cat-llenadoras-de-piston","9":"product_cat-maquinas-llenadoras","10":"product_shipping_class-express","12":"first","13":"instock","14":"sale","15":"taxable","16":"shipping-taxable","17":"purchasable","18":"product-type-simple"},"yoast_head":"<!-- This site is optimized with the Yoast SEO Premium plugin v24.9 (Yoast SEO v26.1) - https:\/\/yoast.com\/wordpress\/plugins\/seo\/ -->\n<title>Embotelladora de agua, l\u00edquidos, lej\u00eda, reactivos, zumo 1000-5000ml - distribuci\u00f3n ARC<\/title>\n<meta name=\"robots\" content=\"index, follow, max-snippet:-1, max-image-preview:large, max-video-preview:-1\" \/>\n<link rel=\"canonical\" href=\"https:\/\/distribucionarc.com\/de\/produkt-2\/abfullmaschine-viskose-flussigkeiten-ol-waschmittel-500-bis-5000ml-2\/\" \/>\n<meta property=\"og:locale\" content=\"de_DE\" \/>\n<meta property=\"og:type\" content=\"article\" \/>\n<meta property=\"og:title\" content=\"Embotelladora de agua, l\u00edquidos, lej\u00eda, reactivos, zumo 1000-5000ml\" \/>\n<meta property=\"og:description\" content=\"Llenadora de L\u00edquidos Pist\u00f3n Neum\u00e1tico por Succi\u00f3n Embotelladora, Dosificadora 1000-5000 ml? Dispositivo de embotellado neum\u00e1tico 1000ML \u27a1\ufe0f 5000ML m\u00e1quina de rellenar para el champ\u00fa, aceite, agua, perfume  llenadora de botellas semiautom\u00e1tica  MAQUINA DE LLENADO DE LIQUIDO NEUMATICA PARA CHAMPU, ACEITE, PERFUME DE AGUA GEL  1000 ML \u27a1\ufe0f 5000 ML  Usted puede dosificar diversas clases de l\u00edquidos como champ\u00fa, aceite, agua, perfume, y gel el producto qu\u00edmico. Puede dosificar diferentes cantidades de producto que van desde los 1000 Ml \u27a1\ufe0f5000 Ml\" \/>\n<meta property=\"og:url\" content=\"https:\/\/distribucionarc.com\/de\/produkt-2\/abfullmaschine-viskose-flussigkeiten-ol-waschmittel-500-bis-5000ml-2\/\" \/>\n<meta property=\"og:site_name\" content=\"distribuci\u00f3n ARC\" \/>\n<meta property=\"article:modified_time\" content=\"2025-05-08T20:52:56+00:00\" \/>\n<meta property=\"og:image\" content=\"https:\/\/distribucionarc.com\/wp-content\/uploads\/2020\/10\/Llenadora-de-L\u00edquidos-Pist\u00f3n-Neum\u00e1tico-por-Succi\u00f3n-Embotelladora-Dosificadora-1000-5000-ml-0.jpg\" \/>\n\t<meta property=\"og:image:width\" content=\"1600\" \/>\n\t<meta property=\"og:image:height\" content=\"1600\" \/>\n\t<meta property=\"og:image:type\" content=\"image\/jpeg\" \/>\n<meta name=\"twitter:card\" content=\"summary_large_image\" \/>\n<meta name=\"twitter:label1\" content=\"Gesch\u00e4tzte Lesezeit\" \/>\n\t<meta name=\"twitter:data1\" content=\"3\u00a0Minuten\" \/>\n<script type=\"application\/ld+json\" class=\"yoast-schema-graph\">{\"@context\":\"https:\/\/schema.org\",\"@graph\":[{\"@type\":\"WebPage\",\"@id\":\"https:\/\/distribucionarc.com\/it\/producto\/embotelladora-de-agua-liquidos-lejia-reactivos-zumo-1000-5000ml\/\",\"url\":\"https:\/\/distribucionarc.com\/it\/producto\/embotelladora-de-agua-liquidos-lejia-reactivos-zumo-1000-5000ml\/\",\"name\":\"Embotelladora de agua, l\u00edquidos, lej\u00eda, reactivos, zumo 1000-5000ml - distribuci\u00f3n ARC\",\"isPartOf\":{\"@id\":\"https:\/\/distribucionarc.com\/ro\/#website\"},\"primaryImageOfPage\":{\"@id\":\"https:\/\/distribucionarc.com\/it\/producto\/embotelladora-de-agua-liquidos-lejia-reactivos-zumo-1000-5000ml\/#primaryimage\"},\"image\":{\"@id\":\"https:\/\/distribucionarc.com\/it\/producto\/embotelladora-de-agua-liquidos-lejia-reactivos-zumo-1000-5000ml\/#primaryimage\"},\"thumbnailUrl\":\"https:\/\/distribucionarc.com\/wp-content\/uploads\/2020\/10\/Llenadora-de-L\u00edquidos-Pist\u00f3n-Neum\u00e1tico-por-Succi\u00f3n-Embotelladora-Dosificadora-1000-5000-ml-0.jpg\",\"datePublished\":\"2020-10-05T15:31:50+00:00\",\"dateModified\":\"2025-05-08T20:52:56+00:00\",\"breadcrumb\":{\"@id\":\"https:\/\/distribucionarc.com\/it\/producto\/embotelladora-de-agua-liquidos-lejia-reactivos-zumo-1000-5000ml\/#breadcrumb\"},\"inLanguage\":\"de\",\"potentialAction\":[{\"@type\":\"ReadAction\",\"target\":[\"https:\/\/distribucionarc.com\/it\/producto\/embotelladora-de-agua-liquidos-lejia-reactivos-zumo-1000-5000ml\/\"]}]},{\"@type\":\"ImageObject\",\"inLanguage\":\"de\",\"@id\":\"https:\/\/distribucionarc.com\/it\/producto\/embotelladora-de-agua-liquidos-lejia-reactivos-zumo-1000-5000ml\/#primaryimage\",\"url\":\"https:\/\/distribucionarc.com\/wp-content\/uploads\/2020\/10\/Llenadora-de-L\u00edquidos-Pist\u00f3n-Neum\u00e1tico-por-Succi\u00f3n-Embotelladora-Dosificadora-1000-5000-ml-0.jpg\",\"contentUrl\":\"https:\/\/distribucionarc.com\/wp-content\/uploads\/2020\/10\/Llenadora-de-L\u00edquidos-Pist\u00f3n-Neum\u00e1tico-por-Succi\u00f3n-Embotelladora-Dosificadora-1000-5000-ml-0.jpg\",\"width\":1600,\"height\":1600,\"caption\":\"liquid filling machine liquid filling machine automatic manual liquid filling machine pneumatic machine filling machine for liquid filling machine bottle filling machine filling machine rotary filling machine 50-500ml cream filling machine\"},{\"@type\":\"BreadcrumbList\",\"@id\":\"https:\/\/distribucionarc.com\/it\/producto\/embotelladora-de-agua-liquidos-lejia-reactivos-zumo-1000-5000ml\/#breadcrumb\",\"itemListElement\":[{\"@type\":\"ListItem\",\"position\":1,\"name\":\"Portada\",\"item\":\"https:\/\/distribucionarc.com\/ar\/\"},{\"@type\":\"ListItem\",\"position\":2,\"name\":\"Proizvodi\",\"item\":\"https:\/\/www.distribucionarc.com\/hr\/ducan\/\"},{\"@type\":\"ListItem\",\"position\":3,\"name\":\"Embotelladora de agua, l\u00edquidos, lej\u00eda, reactivos, zumo 1000-5000ml\"}]},{\"@type\":\"WebSite\",\"@id\":\"https:\/\/distribucionarc.com\/ro\/#website\",\"url\":\"https:\/\/distribucionarc.com\/ro\/\",\"name\":\"distribuci\u00f3n ARC\",\"description\":\"Empresa especializada en la fabricaci\u00f3n y distribuci\u00f3n de maquinaria industrial, selladoras de latas, Maquinas de hacer pastillas, Maquinas de cortar carne...\",\"publisher\":{\"@id\":\"https:\/\/distribucionarc.com\/ro\/#organization\"},\"potentialAction\":[{\"@type\":\"SearchAction\",\"target\":{\"@type\":\"EntryPoint\",\"urlTemplate\":\"https:\/\/distribucionarc.com\/ro\/?s={search_term_string}\"},\"query-input\":{\"@type\":\"PropertyValueSpecification\",\"valueRequired\":true,\"valueName\":\"search_term_string\"}}],\"inLanguage\":\"de\"},{\"@type\":\"Organization\",\"@id\":\"https:\/\/distribucionarc.com\/ro\/#organization\",\"name\":\"Distribuci\u00f3n ARC\",\"url\":\"https:\/\/distribucionarc.com\/ro\/\",\"logo\":{\"@type\":\"ImageObject\",\"inLanguage\":\"de\",\"@id\":\"https:\/\/distribucionarc.com\/ro\/#\/schema\/logo\/image\/\",\"url\":\"https:\/\/distribucionarc.com\/wp-content\/uploads\/2024\/10\/distribucion-ARC-COLOR-SIN-FONDO-e1732295305345.png\",\"contentUrl\":\"https:\/\/distribucionarc.com\/wp-content\/uploads\/2024\/10\/distribucion-ARC-COLOR-SIN-FONDO-e1732295305345.png\",\"width\":1164,\"height\":558,\"caption\":\"Distribuci\u00f3n ARC\"},\"image\":{\"@id\":\"https:\/\/distribucionarc.com\/ro\/#\/schema\/logo\/image\/\"},\"description\":\"Empresa especializada en la fabricaci\u00f3n y distribuci\u00f3n de maquinaria industrial para los sectores alimentario y farmac\u00e9utico. Nos especializamos en: M\u00e1quinas de cortar carne Fabricaci\u00f3n de comprimidos Sistemas de transporte industrial L\u00edneas de embotellado Dosificadores Y mucho m\u00e1s... Ofrecemos soluciones innovadoras y personalizadas para optimizar los procesos productivos de tu empresa.\",\"email\":\"Admistracion@distribucionarc.com\",\"telephone\":\"+34 643496664\",\"legalName\":\"ARC TECH SOLUTIONS\",\"foundingDate\":\"2024-04-09\",\"vatID\":\"B55480172\",\"numberOfEmployees\":{\"@type\":\"QuantitativeValue\",\"minValue\":\"1\",\"maxValue\":\"10\"}}]}<\/script>\n<!-- \/ Yoast SEO Premium plugin. -->","yoast_head_json":{"title":"Abf\u00fcllung von Wasser, Fl\u00fcssigkeiten, Bleichmitteln, Reagenzien, Saft 1000\u20135000 ml \u2013 ARC-Verteilung","robots":{"index":"index","follow":"follow","max-snippet":"max-snippet:-1","max-image-preview":"max-image-preview:large","max-video-preview":"max-video-preview:-1"},"canonical":"https:\/\/distribucionarc.com\/de\/produkt-2\/abfullmaschine-viskose-flussigkeiten-ol-waschmittel-500-bis-5000ml-2\/","og_locale":"de_DE","og_type":"article","og_title":"Embotelladora de agua, l\u00edquidos, lej\u00eda, reactivos, zumo 1000-5000ml","og_description":"Llenadora de L\u00edquidos Pist\u00f3n Neum\u00e1tico por Succi\u00f3n Embotelladora, Dosificadora 1000-5000 ml? Dispositivo de embotellado neum\u00e1tico 1000ML \u27a1\ufe0f 5000ML m\u00e1quina de rellenar para el champ\u00fa, aceite, agua, perfume  llenadora de botellas semiautom\u00e1tica  MAQUINA DE LLENADO DE LIQUIDO NEUMATICA PARA CHAMPU, ACEITE, PERFUME DE AGUA GEL  1000 ML \u27a1\ufe0f 5000 ML  Usted puede dosificar diversas clases de l\u00edquidos como champ\u00fa, aceite, agua, perfume, y gel el producto qu\u00edmico. Puede dosificar diferentes cantidades de producto que van desde los 1000 Ml \u27a1\ufe0f5000 Ml","og_url":"https:\/\/distribucionarc.com\/de\/produkt-2\/abfullmaschine-viskose-flussigkeiten-ol-waschmittel-500-bis-5000ml-2\/","og_site_name":"distribuci\u00f3n ARC","article_modified_time":"2025-05-08T20:52:56+00:00","og_image":[{"width":1600,"height":1600,"url":"https:\/\/distribucionarc.com\/wp-content\/uploads\/2020\/10\/Llenadora-de-L\u00edquidos-Pist\u00f3n-Neum\u00e1tico-por-Succi\u00f3n-Embotelladora-Dosificadora-1000-5000-ml-0.jpg","type":"image\/jpeg"}],"twitter_card":"summary_large_image","twitter_misc":{"Gesch\u00e4tzte Lesezeit":"3\u00a0Minuten"},"schema":{"@context":"https:\/\/schema.org","@graph":[{"@type":"WebPage","@id":"https:\/\/distribucionarc.com\/it\/producto\/embotelladora-de-agua-liquidos-lejia-reactivos-zumo-1000-5000ml\/","url":"https:\/\/distribucionarc.com\/it\/producto\/embotelladora-de-agua-liquidos-lejia-reactivos-zumo-1000-5000ml\/","name":"Abf\u00fcllung von Wasser, Fl\u00fcssigkeiten, Bleichmitteln, Reagenzien, Saft 1000\u20135000 ml \u2013 ARC-Verteilung","isPartOf":{"@id":"https:\/\/distribucionarc.com\/ro\/#website"},"primaryImageOfPage":{"@id":"https:\/\/distribucionarc.com\/it\/producto\/embotelladora-de-agua-liquidos-lejia-reactivos-zumo-1000-5000ml\/#primaryimage"},"image":{"@id":"https:\/\/distribucionarc.com\/it\/producto\/embotelladora-de-agua-liquidos-lejia-reactivos-zumo-1000-5000ml\/#primaryimage"},"thumbnailUrl":"https:\/\/distribucionarc.com\/wp-content\/uploads\/2020\/10\/Llenadora-de-L\u00edquidos-Pist\u00f3n-Neum\u00e1tico-por-Succi\u00f3n-Embotelladora-Dosificadora-1000-5000-ml-0.jpg","datePublished":"2020-10-05T15:31:50+00:00","dateModified":"2025-05-08T20:52:56+00:00","breadcrumb":{"@id":"https:\/\/distribucionarc.com\/it\/producto\/embotelladora-de-agua-liquidos-lejia-reactivos-zumo-1000-5000ml\/#breadcrumb"},"inLanguage":"de","potentialAction":[{"@type":"ReadAction","target":["https:\/\/distribucionarc.com\/it\/producto\/embotelladora-de-agua-liquidos-lejia-reactivos-zumo-1000-5000ml\/"]}]},{"@type":"ImageObject","inLanguage":"de","@id":"https:\/\/distribucionarc.com\/it\/producto\/embotelladora-de-agua-liquidos-lejia-reactivos-zumo-1000-5000ml\/#primaryimage","url":"https:\/\/distribucionarc.com\/wp-content\/uploads\/2020\/10\/Llenadora-de-L\u00edquidos-Pist\u00f3n-Neum\u00e1tico-por-Succi\u00f3n-Embotelladora-Dosificadora-1000-5000-ml-0.jpg","contentUrl":"https:\/\/distribucionarc.com\/wp-content\/uploads\/2020\/10\/Llenadora-de-L\u00edquidos-Pist\u00f3n-Neum\u00e1tico-por-Succi\u00f3n-Embotelladora-Dosificadora-1000-5000-ml-0.jpg","width":1600,"height":1600,"caption":"liquid filling machine liquid filling machine automatic manual liquid filling machine pneumatic machine filling machine for liquid filling machine bottle filling machine filling machine rotary filling machine 50-500ml cream filling machine"},{"@type":"BreadcrumbList","@id":"https:\/\/distribucionarc.com\/it\/producto\/embotelladora-de-agua-liquidos-lejia-reactivos-zumo-1000-5000ml\/#breadcrumb","itemListElement":[{"@type":"ListItem","position":1,"name":"Portada","item":"https:\/\/distribucionarc.com\/ar\/"},{"@type":"ListItem","position":2,"name":"Proizvodi","item":"https:\/\/www.distribucionarc.com\/hr\/ducan\/"},{"@type":"ListItem","position":3,"name":"Embotelladora de agua, l\u00edquidos, lej\u00eda, reactivos, zumo 1000-5000ml"}]},{"@type":"WebSite","@id":"https:\/\/distribucionarc.com\/ro\/#website","url":"https:\/\/distribucionarc.com\/ro\/","name":"ARC-Verteilung","description":"Das Unternehmen ist auf die Herstellung und den Vertrieb von Industriemaschinen, Dosenverschlie\u00dfmaschinen, Tablettenmaschinen, Fleischschneidemaschinen...","publisher":{"@id":"https:\/\/distribucionarc.com\/ro\/#organization"},"potentialAction":[{"@type":"SearchAction","target":{"@type":"EntryPoint","urlTemplate":"https:\/\/distribucionarc.com\/ro\/?s={search_term_string}"},"query-input":{"@type":"PropertyValueSpecification","valueRequired":true,"valueName":"search_term_string"}}],"inLanguage":"de"},{"@type":"Organization","@id":"https:\/\/distribucionarc.com\/ro\/#organization","name":"ARC-Verteilung","url":"https:\/\/distribucionarc.com\/ro\/","logo":{"@type":"ImageObject","inLanguage":"de","@id":"https:\/\/distribucionarc.com\/ro\/#\/schema\/logo\/image\/","url":"https:\/\/distribucionarc.com\/wp-content\/uploads\/2024\/10\/distribucion-ARC-COLOR-SIN-FONDO-e1732295305345.png","contentUrl":"https:\/\/distribucionarc.com\/wp-content\/uploads\/2024\/10\/distribucion-ARC-COLOR-SIN-FONDO-e1732295305345.png","width":1164,"height":558,"caption":"Distribuci\u00f3n ARC"},"image":{"@id":"https:\/\/distribucionarc.com\/ro\/#\/schema\/logo\/image\/"},"description":"Unternehmen, das auf die Herstellung und den Vertrieb von Industriemaschinen f\u00fcr den Lebensmittel- und Pharmasektor spezialisiert ist. Wir sind spezialisiert auf: Fleischschneidemaschinen Tablettenherstellung Industrielle F\u00f6rdersysteme Abf\u00fcllanlagen Dispenser Und vieles mehr... Wir bieten innovative und ma\u00dfgeschneiderte L\u00f6sungen zur Optimierung der Produktionsprozesse in Ihrem Unternehmen.","email":"Admistracion@distribucionarc.com","telephone":"+34 643496664","legalName":"ARC TECH SOLUTIONS","foundingDate":"2024-04-09","vatID":"B55480172","numberOfEmployees":{"@type":"QuantitativeValue","minValue":"1","maxValue":"10"}}]}},"_links":{"self":[{"href":"https:\/\/distribucionarc.com\/de\/wp-json\/wp\/v2\/product\/3644","targetHints":{"allow":["GET"]}}],"collection":[{"href":"https:\/\/distribucionarc.com\/de\/wp-json\/wp\/v2\/product"}],"about":[{"href":"https:\/\/distribucionarc.com\/de\/wp-json\/wp\/v2\/types\/product"}],"replies":[{"embeddable":true,"href":"https:\/\/distribucionarc.com\/de\/wp-json\/wp\/v2\/comments?post=3644"}],"version-history":[{"count":2,"href":"https:\/\/distribucionarc.com\/de\/wp-json\/wp\/v2\/product\/3644\/revisions"}],"predecessor-version":[{"id":17471,"href":"https:\/\/distribucionarc.com\/de\/wp-json\/wp\/v2\/product\/3644\/revisions\/17471"}],"wp:featuredmedia":[{"embeddable":true,"href":"https:\/\/distribucionarc.com\/de\/wp-json\/wp\/v2\/media\/3645"}],"wp:attachment":[{"href":"https:\/\/distribucionarc.com\/de\/wp-json\/wp\/v2\/media?parent=3644"}],"wp:term":[{"taxonomy":"product_brand","embeddable":true,"href":"https:\/\/distribucionarc.com\/de\/wp-json\/wp\/v2\/product_brand?post=3644"},{"taxonomy":"product_cat","embeddable":true,"href":"https:\/\/distribucionarc.com\/de\/wp-json\/wp\/v2\/product_cat?post=3644"},{"taxonomy":"product_tag","embeddable":true,"href":"https:\/\/distribucionarc.com\/de\/wp-json\/wp\/v2\/product_tag?post=3644"}],"curies":[{"name":"wp","href":"https:\/\/api.w.org\/{rel}","templated":true}]}}