{"id":3679,"date":"2020-10-06T11:17:17","date_gmt":"2020-10-06T11:17:17","guid":{"rendered":"https:\/\/distribucionarc.com\/?post_type=product&#038;p=3679"},"modified":"2023-01-11T18:35:32","modified_gmt":"2023-01-11T18:35:32","slug":"industrie-stoffschneider","status":"publish","type":"product","link":"https:\/\/distribucionarc.com\/de\/producto\/cortadora-de-tela-industrial\/","title":{"rendered":"Industrielle Stoffschneidemaschine"},"content":{"rendered":"<h3>Industrielle Stoffschneidemaschine<\/h3>\n<p>Der<strong> Stoffschneidemaschine<\/strong> Es ist mit einer Schleifsteinvorrichtung ausgestattet. Bei Bedarf kann es ohne Demontage der Klinge schnell und einfach ausgetauscht werden. Er<strong> elektrischer Gewebeschneider <span style=\"color: #ff0000;\">ZU<\/span><span style=\"color: #0000ff;\">R<\/span>C<\/strong> Es werden hochwertige Stahlklingen verwendet, die scharf, langlebig und robust sind. Die Au\u00dfenkante der Klinge ist mit einer Schutzabdeckung ausgestattet, um die Sicherheit des Benutzers zu gew\u00e4hrleisten.<\/p>\n<p>Der Griff des <strong>rotierende Stoffschneidemaschine<span style=\"color: #ff0000;\"> ZU<\/span><span style=\"color: #0000ff;\">R<\/span>CCTE90<\/strong> Das ergonomische Design erleichtert den Griff und den Schneidvorgang. Die f\u00fcr die Einhandbedienung konzipierte Struktur erm\u00f6glicht Ihnen mehr Komfort f\u00fcr pr\u00e4zisere Schnitte. Die verdickte Basis ist stabiler und sicherer. Dar\u00fcber hinaus tr\u00e4gt es zu einem pr\u00e4ziseren und m\u00fcheloseren Schnitt bei.<\/p>\n<p>Der elektrische Stoffschneider ist ein unverzichtbares Bekleidungsger\u00e4t und eignet sich zum pr\u00e4zisen Schneiden von Stoffpartien aus Baumwolle, Wolle, Leinen, Leder usw.<\/p>\n<h6><strong>Garantie\u00a0<span style=\"color: #ff0000;\">ZU<\/span><span style=\"color: #0000ff;\">R<\/span>C 2 JAHRE<\/strong><\/h6>\n<h6><span style=\"color: #008000;\">Effizienter Stoffschneider, geringer Verbrauch 165 W<\/span><\/h6>\n<h6><strong>Technischer Support inklusive<\/strong><\/h6>\n<p>&nbsp;<\/p>\n<table role=\"presentation\" width=\"100%\" cellspacing=\"0\" cellpadding=\"0\">\n<tbody>\n<tr>\n<td class=\"attrLabels\">Marke:<\/td>\n<td width=\"50.0%\">BOGEN<\/td>\n<\/tr>\n<tr>\n<td class=\"attrLabels\">Vertriebsland:<\/td>\n<td width=\"50.0%\">Spanien, Deutschland, USA<\/td>\n<td class=\"attrLabels\">Gewicht:<\/td>\n<td width=\"50.0%\">2,4 kg<\/td>\n<\/tr>\n<tr>\n<td class=\"attrLabels\">Garantie:<\/td>\n<td width=\"50.0%\">2 Jahre<\/td>\n<td class=\"attrLabels\">H\u00f6he:<\/td>\n<td width=\"50.0%\">21,8 cm<\/td>\n<\/tr>\n<tr>\n<td class=\"attrLabels\">Farbe:<\/td>\n<td width=\"50.0%\">Silber<\/td>\n<td class=\"attrLabels\">Lang:<\/td>\n<td width=\"50.0%\">17,9 cm<\/td>\n<\/tr>\n<tr>\n<td class=\"attrLabels\">Produkttyp:<\/td>\n<td width=\"50.0%\">Elektrischer Stoffschneider<\/td>\n<td class=\"attrLabels\">Breit:<\/td>\n<td width=\"50.0%\">8,9 cm<\/td>\n<\/tr>\n<tr>\n<td class=\"attrLabels\">Herstellernummer:<\/td>\n<td width=\"50.0%\">ARCCTE90<\/td>\n<td class=\"attrLabels\">Leistung:<\/td>\n<td width=\"50.0%\">165W<\/td>\n<\/tr>\n<tr>\n<td class=\"attrLabels\">Material:<\/td>\n<td width=\"50.0%\">Edelstahl, effizienter Motor,<\/td>\n<td class=\"attrLabels\">Eingangsspannung<\/td>\n<td width=\"50.0%\">220V \u2013 60Hz<\/td>\n<\/tr>\n<tr>\n<td class=\"attrLabels\">Installationswerkzeuge:<\/td>\n<td width=\"50.0%\">Ja<\/td>\n<td class=\"attrLabels\">Blattgr\u00f6\u00dfe:<\/td>\n<td width=\"50.0%\">90mm<\/td>\n<\/tr>\n<tr>\n<td class=\"attrLabels\">Betrieb:<\/td>\n<td width=\"50.0%\">Elektrisch\/manuell<\/td>\n<td class=\"attrLabels\">Schnittleistung:<\/td>\n<td width=\"50.0%\">\u00a023mm<\/td>\n<\/tr>\n<\/tbody>\n<\/table>","protected":false},"excerpt":{"rendered":"<h2>Industrielle Stoffschneidemaschine<\/h2>\n<p>Er <strong>Elektrischer Rollschneider ARC<\/strong> Es verf\u00fcgt \u00fcber hochwertige, scharfe Stahlklingen. Der Miniaturantrieb und die Getriebe ohne Untersetzung machen das m\u00f6glich <span style=\"color: #008000;\"><strong>Motor<\/strong><\/span> Sei<span style=\"color: #008000;\"><strong> energieeffizient<\/strong><\/span>; Textil schnell und m\u00fchelos schneiden. Weit verbreitet in der Bekleidungs-, Papier-, Teppich-, Kunsthandwerks-, Geschenk-, M\u00f6bel-, Polsterindustrie usw.<\/p>\n<h6><strong>Garantie\u00a0<span style=\"color: #ff0000;\">ZU<\/span><span style=\"color: #0000ff;\">R<\/span>C 2 JAHRE<\/strong><\/h6>\n<h6><span style=\"color: #008000;\">Effizienter Stoffschneider, geringer Verbrauch 165 W<\/span><\/h6>\n<h6><strong>Technischer Support inklusive<\/strong><\/h6>\n<p>&nbsp;<\/p>","protected":false},"featured_media":3686,"comment_status":"open","ping_status":"closed","template":"","meta":{"wds_primary_product_brand":0,"wds_primary_product_cat":0},"product_brand":[],"product_cat":[69],"product_tag":[],"class_list":{"0":"post-3679","1":"product","2":"type-product","3":"status-publish","4":"has-post-thumbnail","6":"product_cat-maquinas-variadas","7":"product_shipping_class-hosteleria","9":"first","10":"instock","11":"taxable","12":"shipping-taxable","13":"purchasable","14":"product-type-simple"},"yoast_head":"<!-- This site is optimized with the Yoast SEO Premium plugin v24.9 (Yoast SEO v26.1) - https:\/\/yoast.com\/wordpress\/plugins\/seo\/ -->\n<title>Cortadora de tela industrial - distribuci\u00f3n ARC<\/title>\n<meta name=\"robots\" content=\"index, follow, max-snippet:-1, max-image-preview:large, max-video-preview:-1\" \/>\n<link rel=\"canonical\" href=\"https:\/\/distribucionarc.com\/de\/produkt-2\/industrie-stoffschneider\/\" \/>\n<meta property=\"og:locale\" content=\"de_DE\" \/>\n<meta property=\"og:type\" content=\"article\" \/>\n<meta property=\"og:title\" content=\"Cortadora de tela industrial\" \/>\n<meta property=\"og:description\" content=\"Cortadora de tela industrial El cortador rotatorio el\u00e9ctrico ARC cuenta con cuchillas de acero afiladas de alta calidad. El accionamiento en miniatura y engranajes sin reducci\u00f3n hacen que el motor sea energ\u00e9ticamente eficiente; cortando la materia textil r\u00e1pidamente y sin esfuerzo. Ampliamente utilizado en la industria de prendas de vestir, papel, alfombras, manualidades, regalos, muebles, tapizados, etc. Garant\u00eda\u00a0ARC 2 A\u00d1OS Cortadora de tela eficiente, bajo consumo 165w soporte t\u00e9cnico incluido &nbsp;\" \/>\n<meta property=\"og:url\" content=\"https:\/\/distribucionarc.com\/de\/produkt-2\/industrie-stoffschneider\/\" \/>\n<meta property=\"og:site_name\" content=\"distribuci\u00f3n ARC\" \/>\n<meta property=\"article:modified_time\" content=\"2023-01-11T18:35:32+00:00\" \/>\n<meta property=\"og:image\" content=\"https:\/\/distribucionarc.com\/wp-content\/uploads\/2020\/10\/Cortadora-de-tela-industrial-0.jpg\" \/>\n\t<meta property=\"og:image:width\" content=\"1600\" \/>\n\t<meta property=\"og:image:height\" content=\"1600\" \/>\n\t<meta property=\"og:image:type\" content=\"image\/jpeg\" \/>\n<meta name=\"twitter:card\" content=\"summary_large_image\" \/>\n<meta name=\"twitter:label1\" content=\"Gesch\u00e4tzte Lesezeit\" \/>\n\t<meta name=\"twitter:data1\" content=\"1\u00a0Minute\" \/>\n<script type=\"application\/ld+json\" class=\"yoast-schema-graph\">{\"@context\":\"https:\/\/schema.org\",\"@graph\":[{\"@type\":\"WebPage\",\"@id\":\"https:\/\/distribucionarc.com\/en\/producto\/cortadora-de-tela-industrial\/\",\"url\":\"https:\/\/distribucionarc.com\/en\/producto\/cortadora-de-tela-industrial\/\",\"name\":\"Cortadora de tela industrial - distribuci\u00f3n ARC\",\"isPartOf\":{\"@id\":\"https:\/\/distribucionarc.com\/sk\/#website\"},\"primaryImageOfPage\":{\"@id\":\"https:\/\/distribucionarc.com\/en\/producto\/cortadora-de-tela-industrial\/#primaryimage\"},\"image\":{\"@id\":\"https:\/\/distribucionarc.com\/en\/producto\/cortadora-de-tela-industrial\/#primaryimage\"},\"thumbnailUrl\":\"https:\/\/distribucionarc.com\/wp-content\/uploads\/2020\/10\/Cortadora-de-tela-industrial-0.jpg\",\"datePublished\":\"2020-10-06T11:17:17+00:00\",\"dateModified\":\"2023-01-11T18:35:32+00:00\",\"breadcrumb\":{\"@id\":\"https:\/\/distribucionarc.com\/en\/producto\/cortadora-de-tela-industrial\/#breadcrumb\"},\"inLanguage\":\"de\",\"potentialAction\":[{\"@type\":\"ReadAction\",\"target\":[\"https:\/\/distribucionarc.com\/en\/producto\/cortadora-de-tela-industrial\/\"]}]},{\"@type\":\"ImageObject\",\"inLanguage\":\"de\",\"@id\":\"https:\/\/distribucionarc.com\/en\/producto\/cortadora-de-tela-industrial\/#primaryimage\",\"url\":\"https:\/\/distribucionarc.com\/wp-content\/uploads\/2020\/10\/Cortadora-de-tela-industrial-0.jpg\",\"contentUrl\":\"https:\/\/distribucionarc.com\/wp-content\/uploads\/2020\/10\/Cortadora-de-tela-industrial-0.jpg\",\"width\":1600,\"height\":1600,\"caption\":\"Cortadora de tela industrial\"},{\"@type\":\"BreadcrumbList\",\"@id\":\"https:\/\/distribucionarc.com\/en\/producto\/cortadora-de-tela-industrial\/#breadcrumb\",\"itemListElement\":[{\"@type\":\"ListItem\",\"position\":1,\"name\":\"Portada\",\"item\":\"https:\/\/distribucionarc.com\/ro\/\"},{\"@type\":\"ListItem\",\"position\":2,\"name\":\"Produse\",\"item\":\"https:\/\/distribucionarc.com\/ro\/magazin\/\"},{\"@type\":\"ListItem\",\"position\":3,\"name\":\"Cortadora de tela industrial\"}]},{\"@type\":\"WebSite\",\"@id\":\"https:\/\/distribucionarc.com\/sk\/#website\",\"url\":\"https:\/\/distribucionarc.com\/sk\/\",\"name\":\"distribuci\u00f3n ARC\",\"description\":\"Empresa especializada en la fabricaci\u00f3n y distribuci\u00f3n de maquinaria industrial, selladoras de latas, Maquinas de hacer pastillas, Maquinas de cortar carne...\",\"publisher\":{\"@id\":\"https:\/\/distribucionarc.com\/sk\/#organization\"},\"potentialAction\":[{\"@type\":\"SearchAction\",\"target\":{\"@type\":\"EntryPoint\",\"urlTemplate\":\"https:\/\/distribucionarc.com\/sk\/?s={search_term_string}\"},\"query-input\":{\"@type\":\"PropertyValueSpecification\",\"valueRequired\":true,\"valueName\":\"search_term_string\"}}],\"inLanguage\":\"de\"},{\"@type\":\"Organization\",\"@id\":\"https:\/\/distribucionarc.com\/sk\/#organization\",\"name\":\"Distribuci\u00f3n ARC\",\"url\":\"https:\/\/distribucionarc.com\/sk\/\",\"logo\":{\"@type\":\"ImageObject\",\"inLanguage\":\"de\",\"@id\":\"https:\/\/distribucionarc.com\/sk\/#\/schema\/logo\/image\/\",\"url\":\"https:\/\/distribucionarc.com\/wp-content\/uploads\/2024\/10\/distribucion-ARC-COLOR-SIN-FONDO-e1732295305345.png\",\"contentUrl\":\"https:\/\/distribucionarc.com\/wp-content\/uploads\/2024\/10\/distribucion-ARC-COLOR-SIN-FONDO-e1732295305345.png\",\"width\":1164,\"height\":558,\"caption\":\"Distribuci\u00f3n ARC\"},\"image\":{\"@id\":\"https:\/\/distribucionarc.com\/sk\/#\/schema\/logo\/image\/\"},\"description\":\"Empresa especializada en la fabricaci\u00f3n y distribuci\u00f3n de maquinaria industrial para los sectores alimentario y farmac\u00e9utico. Nos especializamos en: M\u00e1quinas de cortar carne Fabricaci\u00f3n de comprimidos Sistemas de transporte industrial L\u00edneas de embotellado Dosificadores Y mucho m\u00e1s... Ofrecemos soluciones innovadoras y personalizadas para optimizar los procesos productivos de tu empresa.\",\"email\":\"Admistracion@distribucionarc.com\",\"telephone\":\"+34 643496664\",\"legalName\":\"ARC TECH SOLUTIONS\",\"foundingDate\":\"2024-04-09\",\"vatID\":\"B55480172\",\"numberOfEmployees\":{\"@type\":\"QuantitativeValue\",\"minValue\":\"1\",\"maxValue\":\"10\"}}]}<\/script>\n<!-- \/ Yoast SEO Premium plugin. -->","yoast_head_json":{"title":"Industrielle Stoffschneidemaschine - ARC-Vertrieb","robots":{"index":"index","follow":"follow","max-snippet":"max-snippet:-1","max-image-preview":"max-image-preview:large","max-video-preview":"max-video-preview:-1"},"canonical":"https:\/\/distribucionarc.com\/de\/produkt-2\/industrie-stoffschneider\/","og_locale":"de_DE","og_type":"article","og_title":"Cortadora de tela industrial","og_description":"Cortadora de tela industrial El cortador rotatorio el\u00e9ctrico ARC cuenta con cuchillas de acero afiladas de alta calidad. El accionamiento en miniatura y engranajes sin reducci\u00f3n hacen que el motor sea energ\u00e9ticamente eficiente; cortando la materia textil r\u00e1pidamente y sin esfuerzo. Ampliamente utilizado en la industria de prendas de vestir, papel, alfombras, manualidades, regalos, muebles, tapizados, etc. Garant\u00eda\u00a0ARC 2 A\u00d1OS Cortadora de tela eficiente, bajo consumo 165w soporte t\u00e9cnico incluido &nbsp;","og_url":"https:\/\/distribucionarc.com\/de\/produkt-2\/industrie-stoffschneider\/","og_site_name":"distribuci\u00f3n ARC","article_modified_time":"2023-01-11T18:35:32+00:00","og_image":[{"width":1600,"height":1600,"url":"https:\/\/distribucionarc.com\/wp-content\/uploads\/2020\/10\/Cortadora-de-tela-industrial-0.jpg","type":"image\/jpeg"}],"twitter_card":"summary_large_image","twitter_misc":{"Gesch\u00e4tzte Lesezeit":"1\u00a0Minute"},"schema":{"@context":"https:\/\/schema.org","@graph":[{"@type":"WebPage","@id":"https:\/\/distribucionarc.com\/en\/producto\/cortadora-de-tela-industrial\/","url":"https:\/\/distribucionarc.com\/en\/producto\/cortadora-de-tela-industrial\/","name":"Industrielle Stoffschneidemaschine - ARC-Vertrieb","isPartOf":{"@id":"https:\/\/distribucionarc.com\/sk\/#website"},"primaryImageOfPage":{"@id":"https:\/\/distribucionarc.com\/en\/producto\/cortadora-de-tela-industrial\/#primaryimage"},"image":{"@id":"https:\/\/distribucionarc.com\/en\/producto\/cortadora-de-tela-industrial\/#primaryimage"},"thumbnailUrl":"https:\/\/distribucionarc.com\/wp-content\/uploads\/2020\/10\/Cortadora-de-tela-industrial-0.jpg","datePublished":"2020-10-06T11:17:17+00:00","dateModified":"2023-01-11T18:35:32+00:00","breadcrumb":{"@id":"https:\/\/distribucionarc.com\/en\/producto\/cortadora-de-tela-industrial\/#breadcrumb"},"inLanguage":"de","potentialAction":[{"@type":"ReadAction","target":["https:\/\/distribucionarc.com\/en\/producto\/cortadora-de-tela-industrial\/"]}]},{"@type":"ImageObject","inLanguage":"de","@id":"https:\/\/distribucionarc.com\/en\/producto\/cortadora-de-tela-industrial\/#primaryimage","url":"https:\/\/distribucionarc.com\/wp-content\/uploads\/2020\/10\/Cortadora-de-tela-industrial-0.jpg","contentUrl":"https:\/\/distribucionarc.com\/wp-content\/uploads\/2020\/10\/Cortadora-de-tela-industrial-0.jpg","width":1600,"height":1600,"caption":"Cortadora de tela industrial"},{"@type":"BreadcrumbList","@id":"https:\/\/distribucionarc.com\/en\/producto\/cortadora-de-tela-industrial\/#breadcrumb","itemListElement":[{"@type":"ListItem","position":1,"name":"Portada","item":"https:\/\/distribucionarc.com\/ro\/"},{"@type":"ListItem","position":2,"name":"Produse","item":"https:\/\/distribucionarc.com\/ro\/magazin\/"},{"@type":"ListItem","position":3,"name":"Cortadora de tela industrial"}]},{"@type":"WebSite","@id":"https:\/\/distribucionarc.com\/sk\/#website","url":"https:\/\/distribucionarc.com\/sk\/","name":"ARC-Verteilung","description":"Das Unternehmen ist auf die Herstellung und den Vertrieb von Industriemaschinen, Dosenverschlie\u00dfmaschinen, Tablettenmaschinen, Fleischschneidemaschinen...","publisher":{"@id":"https:\/\/distribucionarc.com\/sk\/#organization"},"potentialAction":[{"@type":"SearchAction","target":{"@type":"EntryPoint","urlTemplate":"https:\/\/distribucionarc.com\/sk\/?s={search_term_string}"},"query-input":{"@type":"PropertyValueSpecification","valueRequired":true,"valueName":"search_term_string"}}],"inLanguage":"de"},{"@type":"Organization","@id":"https:\/\/distribucionarc.com\/sk\/#organization","name":"ARC-Verteilung","url":"https:\/\/distribucionarc.com\/sk\/","logo":{"@type":"ImageObject","inLanguage":"de","@id":"https:\/\/distribucionarc.com\/sk\/#\/schema\/logo\/image\/","url":"https:\/\/distribucionarc.com\/wp-content\/uploads\/2024\/10\/distribucion-ARC-COLOR-SIN-FONDO-e1732295305345.png","contentUrl":"https:\/\/distribucionarc.com\/wp-content\/uploads\/2024\/10\/distribucion-ARC-COLOR-SIN-FONDO-e1732295305345.png","width":1164,"height":558,"caption":"Distribuci\u00f3n ARC"},"image":{"@id":"https:\/\/distribucionarc.com\/sk\/#\/schema\/logo\/image\/"},"description":"Unternehmen, das auf die Herstellung und den Vertrieb von Industriemaschinen f\u00fcr den Lebensmittel- und Pharmasektor spezialisiert ist. Wir sind spezialisiert auf: Fleischschneidemaschinen Tablettenherstellung Industrielle F\u00f6rdersysteme Abf\u00fcllanlagen Dispenser Und vieles mehr... Wir bieten innovative und ma\u00dfgeschneiderte L\u00f6sungen zur Optimierung der Produktionsprozesse in Ihrem Unternehmen.","email":"Admistracion@distribucionarc.com","telephone":"+34 643496664","legalName":"ARC TECH SOLUTIONS","foundingDate":"2024-04-09","vatID":"B55480172","numberOfEmployees":{"@type":"QuantitativeValue","minValue":"1","maxValue":"10"}}]}},"_links":{"self":[{"href":"https:\/\/distribucionarc.com\/de\/wp-json\/wp\/v2\/product\/3679","targetHints":{"allow":["GET"]}}],"collection":[{"href":"https:\/\/distribucionarc.com\/de\/wp-json\/wp\/v2\/product"}],"about":[{"href":"https:\/\/distribucionarc.com\/de\/wp-json\/wp\/v2\/types\/product"}],"replies":[{"embeddable":true,"href":"https:\/\/distribucionarc.com\/de\/wp-json\/wp\/v2\/comments?post=3679"}],"version-history":[{"count":0,"href":"https:\/\/distribucionarc.com\/de\/wp-json\/wp\/v2\/product\/3679\/revisions"}],"wp:featuredmedia":[{"embeddable":true,"href":"https:\/\/distribucionarc.com\/de\/wp-json\/wp\/v2\/media\/3686"}],"wp:attachment":[{"href":"https:\/\/distribucionarc.com\/de\/wp-json\/wp\/v2\/media?parent=3679"}],"wp:term":[{"taxonomy":"product_brand","embeddable":true,"href":"https:\/\/distribucionarc.com\/de\/wp-json\/wp\/v2\/product_brand?post=3679"},{"taxonomy":"product_cat","embeddable":true,"href":"https:\/\/distribucionarc.com\/de\/wp-json\/wp\/v2\/product_cat?post=3679"},{"taxonomy":"product_tag","embeddable":true,"href":"https:\/\/distribucionarc.com\/de\/wp-json\/wp\/v2\/product_tag?post=3679"}],"curies":[{"name":"wp","href":"https:\/\/api.w.org\/{rel}","templated":true}]}}