{"id":3692,"date":"2020-10-06T14:38:36","date_gmt":"2020-10-06T14:38:36","guid":{"rendered":"https:\/\/distribucionarc.com\/?post_type=product&#038;p=3692"},"modified":"2023-07-26T16:52:46","modified_gmt":"2023-07-26T16:52:46","slug":"doppelkammer-vakuum-verpackungsmaschine","status":"publish","type":"product","link":"https:\/\/distribucionarc.com\/de\/producto\/maquina-de-envasado-al-vacio-doble-camara\/","title":{"rendered":"Doppelkammer-Vakuumverpackungsmaschine"},"content":{"rendered":"<h3>Doppelkammer-Vakuumverpackungsmaschine<\/h3>\n<p>Die wichtigsten Materialien der <strong>Vakuumverpackungsmaschine <span style=\"color: #ff0000;\">ZU<\/span><span style=\"color: #0000ff;\">R<\/span>C<\/strong> Sie bestehen aus Edelstahl 304; Vorschriften zur Einhaltung der Anforderungen an die Lebensmittelhygiene. Die gesamte Maschine verf\u00fcgt \u00fcber ein flaches Vakuumkammerdesign, um die Reinigung von w\u00e4hrend des Verpackungsvorgangs herunterfallenden Materialien wie Fetten, \u00d6len und Spurenstoffen zu erleichtern. Es ist mit Hochleistungsr\u00e4dern und Bremsen ausgestattet, um die Bewegung der Maschine zu erleichtern.<\/p>\n<p>Der <strong>Vakuumverpackungsmaschine <span style=\"color: #ff0000;\">ZU<\/span><span style=\"color: #0000ff;\">R<\/span>C6002S<\/strong> Es ist mit einer Hochleistungsvakuumpumpe ausgestattet, um einen schnellen und effizienten Prozess durchzuf\u00fchren. Die Steuerung erfolgt durch einen Mikrocomputer, der sich an die Verpackungsanforderungen anpasst und so eine hohe Pr\u00e4zision gew\u00e4hrleistet. Der V-f\u00f6rmige Dichtungsstreifen besteht aus hochdichten Materialien, um Dichtungsleistung, Druckbest\u00e4ndigkeit und Verschlei\u00dffestigkeit im t\u00e4glichen Arbeitsalltag zu gew\u00e4hrleisten.<\/p>\n<p>Dank der dynamischen Balancestruktur ist die Handhabung sehr einfach: Sie k\u00f6nnen mit der Kraft eines Fingers dr\u00fccken und so die Arbeitsintensit\u00e4t verringern. Es verf\u00fcgt \u00fcber ein Not-Aus-System, das aktiviert werden kann, wenn der Benutzer es f\u00fcr notwendig h\u00e4lt. Es verf\u00fcgt \u00fcber eine Abluftk\u00fchlungsfunktion<\/p>\n<h6><strong>Garantie\u00a0<span style=\"color: #ff0000;\">ZU<\/span><span style=\"color: #0000ff;\">R<\/span>C 2 JAHRE<\/strong><\/h6>\n<h6><span style=\"color: #008000;\">Effizientes Vakuumierger\u00e4t, geringer Verbrauch 2000 W<\/span><\/h6>\n<h6><strong>Technischer Support inklusive<\/strong><\/h6>\n<p>&nbsp;<\/p>\n<table role=\"presentation\" width=\"100%\" cellspacing=\"0\" cellpadding=\"0\">\n<tbody>\n<tr>\n<td class=\"attrLabels\">Marke:<\/td>\n<td width=\"50.0%\">BOGEN<\/td>\n<\/tr>\n<tr>\n<td class=\"attrLabels\">Vertriebsland:<\/td>\n<td width=\"50.0%\">Spanien, Deutschland, USA<\/td>\n<td class=\"attrLabels\">Gewicht:<\/td>\n<td width=\"50.0%\">320 kg<\/td>\n<\/tr>\n<tr>\n<td class=\"attrLabels\">Herstellernummer:<\/td>\n<td width=\"50.0%\">ARC6002s<\/td>\n<td class=\"attrLabels\">Maschinenabmessungen:<\/td>\n<td width=\"50.0%\">151 x 68,5 x 96 cm<\/td>\n<\/tr>\n<tr>\n<td class=\"attrLabels\">Farbe:<\/td>\n<td width=\"50.0%\">Silber<\/td>\n<td class=\"attrLabels\">Gr\u00f6\u00dfe der Vakuumkammer:<\/td>\n<td width=\"50.0%\">72 x 55 x 16 cm<\/td>\n<\/tr>\n<tr>\n<td class=\"attrLabels\">Produkttyp:<\/td>\n<td width=\"50.0%\">Industrielle Vakuumverpackungsmaschine<\/td>\n<td class=\"attrLabels\">Effektive Hei\u00dfversiegelung:<\/td>\n<td width=\"50.0%\">60 x 55 x 16 cm<\/td>\n<\/tr>\n<tr>\n<td class=\"attrLabels\">Material:<\/td>\n<td width=\"50.0%\">304 Edelstahl<\/td>\n<td class=\"attrLabels\">Dichtungslinienabstand:<\/td>\n<td width=\"50.0%\">43cm<\/td>\n<\/tr>\n<tr>\n<td class=\"attrLabels\">Installationswerkzeuge:<\/td>\n<td width=\"50.0%\">Ja<\/td>\n<td class=\"attrLabels\">Vakuumpumpe:<\/td>\n<td width=\"50.0%\">20 x 2 m\u00b3\/h<\/td>\n<\/tr>\n<tr>\n<td class=\"attrLabels\">Leistung:<\/td>\n<td width=\"50.0%\">2000W<\/td>\n<td class=\"attrLabels\">Arbeitszyklus:<\/td>\n<td width=\"50.0%\">4-5 mal\/min<\/td>\n<\/tr>\n<tr>\n<td class=\"attrLabels\">Eingangsspannung:<\/td>\n<td width=\"50.0%\">380 V \u2013 50 Hz<\/td>\n<td class=\"attrLabels\">Garantie:<\/td>\n<td width=\"50.0%\">ARC 2 JAHRE<\/td>\n<\/tr>\n<\/tbody>\n<\/table>\n<p>&nbsp;<\/p>","protected":false},"excerpt":{"rendered":"<h2>Doppelkammer-Vakuumverpackungsmaschine<\/h2>\n<p>Das <strong>Industrielle Vakuumverpackungsmaschine <span style=\"color: #ff0000;\">ZU<\/span><span style=\"color: #0000ff;\">R<\/span>C<\/strong> Verwendet ein Mikrocomputer-Steuerungssystem, um die Einstellung der Versiegelungsparameter einfacher und genauer zu machen; Sie k\u00f6nnen die Vakuumierzeit, Versiegelungszeit und Packzeit ganz nach Ihrem Bedarf einstellen. Angepasst an die Bed\u00fcrfnisse des Produkts oder des Verpackungsmaterials, diese <strong>Verpackungsmaschine<\/strong> Es eignet sich f\u00fcr verschiedene Branchen: Lebensmittel, Pharmazie, Maschinenbau, Elektrotechnik usw.<\/p>\n<h6><strong>Garantie\u00a0<span style=\"color: #ff0000;\">ZU<\/span><span style=\"color: #0000ff;\">R<\/span>C 2 JAHRE<\/strong><\/h6>\n<h6><span style=\"color: #008000;\">Effizientes Vakuumierger\u00e4t, geringer Verbrauch 2000 W<\/span><\/h6>\n<h6><strong>Technischer Support inklusive<\/strong><\/h6>\n<p>&nbsp;<\/p>","protected":false},"featured_media":3701,"comment_status":"open","ping_status":"closed","template":"","meta":{"wds_primary_product_brand":0,"wds_primary_product_cat":0},"product_brand":[],"product_cat":[49,27],"product_tag":[],"class_list":{"0":"post-3692","1":"product","2":"type-product","3":"status-publish","4":"has-post-thumbnail","6":"product_cat-envasadoras-al-vacio","7":"product_cat-selladoras-de-bolsas","8":"product_shipping_class-express","10":"first","11":"instock","12":"taxable","13":"shipping-taxable","14":"purchasable","15":"product-type-simple"},"yoast_head":"<!-- This site is optimized with the Yoast SEO Premium plugin v24.9 (Yoast SEO v26.1) - https:\/\/yoast.com\/wordpress\/plugins\/seo\/ -->\n<title>M\u00e1quina de envasado al vac\u00edo doble c\u00e1mara - distribuci\u00f3n ARC<\/title>\n<meta name=\"robots\" content=\"index, follow, max-snippet:-1, max-image-preview:large, max-video-preview:-1\" \/>\n<link rel=\"canonical\" href=\"https:\/\/www.distribucionarc.com\/en\/producto\/maquina-de-envasado-al-vacio-doble-camara\/\" \/>\n<meta property=\"og:locale\" content=\"de_DE\" \/>\n<meta property=\"og:type\" content=\"article\" \/>\n<meta property=\"og:title\" content=\"M\u00e1quina de envasado al vac\u00edo doble c\u00e1mara\" \/>\n<meta property=\"og:description\" content=\"M\u00e1quina de envasado al vac\u00edo doble c\u00e1mara Esta envasadora al vac\u00edo industrial ARC adopta un sistema de control por microordenador para que la configuraci\u00f3n de los par\u00e1metros de sellado sea m\u00e1s f\u00e1cil y precisa; puede establecer el tiempo de aspirado, tiempo de sellado y tiempo de embalaje de acuerdo con sus necesidades. Logrando adaptarse a las necesidades del producto o material de embalaje, esta m\u00e1quina de envasado es adecuada para diferentes industrias: alimentaria, farmac\u00e9utica, mec\u00e1nica, el\u00e9ctrica etc. Garant\u00eda\u00a0ARC 2 A\u00d1OS Envasadora al vac\u00edo eficiente, bajo consumo 2000 w soporte t\u00e9cnico incluido &nbsp;\" \/>\n<meta property=\"og:url\" content=\"https:\/\/www.distribucionarc.com\/en\/producto\/maquina-de-envasado-al-vacio-doble-camara\/\" \/>\n<meta property=\"og:site_name\" content=\"distribuci\u00f3n ARC\" \/>\n<meta property=\"article:modified_time\" content=\"2023-07-26T16:52:46+00:00\" \/>\n<meta property=\"og:image\" content=\"https:\/\/distribucionarc.com\/wp-content\/uploads\/2020\/10\/M\u00e1quina-de-envasado-al-vac\u00edo-doble-c\u00e1mara-0-1.jpg\" \/>\n\t<meta property=\"og:image:width\" content=\"800\" \/>\n\t<meta property=\"og:image:height\" content=\"800\" \/>\n\t<meta property=\"og:image:type\" content=\"image\/jpeg\" \/>\n<meta name=\"twitter:card\" content=\"summary_large_image\" \/>\n<meta name=\"twitter:label1\" content=\"Gesch\u00e4tzte Lesezeit\" \/>\n\t<meta name=\"twitter:data1\" content=\"2\u00a0Minuten\" \/>\n<script type=\"application\/ld+json\" class=\"yoast-schema-graph\">{\"@context\":\"https:\/\/schema.org\",\"@graph\":[{\"@type\":\"WebPage\",\"@id\":\"https:\/\/www.distribucionarc.com\/en\/producto\/maquina-de-envasado-al-vacio-doble-camara\/\",\"url\":\"https:\/\/www.distribucionarc.com\/en\/producto\/maquina-de-envasado-al-vacio-doble-camara\/\",\"name\":\"M\u00e1quina de envasado al vac\u00edo doble c\u00e1mara - distribuci\u00f3n ARC\",\"isPartOf\":{\"@id\":\"https:\/\/distribucionarc.com\/de\/#website\"},\"primaryImageOfPage\":{\"@id\":\"https:\/\/www.distribucionarc.com\/en\/producto\/maquina-de-envasado-al-vacio-doble-camara\/#primaryimage\"},\"image\":{\"@id\":\"https:\/\/www.distribucionarc.com\/en\/producto\/maquina-de-envasado-al-vacio-doble-camara\/#primaryimage\"},\"thumbnailUrl\":\"https:\/\/distribucionarc.com\/wp-content\/uploads\/2020\/10\/M\u00e1quina-de-envasado-al-vac\u00edo-doble-c\u00e1mara-0-1.jpg\",\"datePublished\":\"2020-10-06T14:38:36+00:00\",\"dateModified\":\"2023-07-26T16:52:46+00:00\",\"breadcrumb\":{\"@id\":\"https:\/\/www.distribucionarc.com\/en\/producto\/maquina-de-envasado-al-vacio-doble-camara\/#breadcrumb\"},\"inLanguage\":\"de\",\"potentialAction\":[{\"@type\":\"ReadAction\",\"target\":[\"https:\/\/www.distribucionarc.com\/en\/producto\/maquina-de-envasado-al-vacio-doble-camara\/\"]}]},{\"@type\":\"ImageObject\",\"inLanguage\":\"de\",\"@id\":\"https:\/\/www.distribucionarc.com\/en\/producto\/maquina-de-envasado-al-vacio-doble-camara\/#primaryimage\",\"url\":\"https:\/\/distribucionarc.com\/wp-content\/uploads\/2020\/10\/M\u00e1quina-de-envasado-al-vac\u00edo-doble-c\u00e1mara-0-1.jpg\",\"contentUrl\":\"https:\/\/distribucionarc.com\/wp-content\/uploads\/2020\/10\/M\u00e1quina-de-envasado-al-vac\u00edo-doble-c\u00e1mara-0-1.jpg\",\"width\":800,\"height\":800,\"caption\":\"M\u00e1quina de envasado al vac\u00edo doble c\u00e1mara\"},{\"@type\":\"BreadcrumbList\",\"@id\":\"https:\/\/www.distribucionarc.com\/en\/producto\/maquina-de-envasado-al-vacio-doble-camara\/#breadcrumb\",\"itemListElement\":[{\"@type\":\"ListItem\",\"position\":1,\"name\":\"Portada\",\"item\":\"https:\/\/distribucionarc.com\/pl\/\"},{\"@type\":\"ListItem\",\"position\":2,\"name\":\"Produkty\",\"item\":\"https:\/\/distribucionarc.com\/pl\/shop\/\"},{\"@type\":\"ListItem\",\"position\":3,\"name\":\"M\u00e1quina de envasado al vac\u00edo doble c\u00e1mara\"}]},{\"@type\":\"WebSite\",\"@id\":\"https:\/\/distribucionarc.com\/de\/#website\",\"url\":\"https:\/\/distribucionarc.com\/de\/\",\"name\":\"distribuci\u00f3n ARC\",\"description\":\"Empresa especializada en la fabricaci\u00f3n y distribuci\u00f3n de maquinaria industrial, selladoras de latas, Maquinas de hacer pastillas, Maquinas de cortar carne...\",\"publisher\":{\"@id\":\"https:\/\/distribucionarc.com\/de\/#organization\"},\"potentialAction\":[{\"@type\":\"SearchAction\",\"target\":{\"@type\":\"EntryPoint\",\"urlTemplate\":\"https:\/\/distribucionarc.com\/de\/?s={search_term_string}\"},\"query-input\":{\"@type\":\"PropertyValueSpecification\",\"valueRequired\":true,\"valueName\":\"search_term_string\"}}],\"inLanguage\":\"de\"},{\"@type\":\"Organization\",\"@id\":\"https:\/\/distribucionarc.com\/de\/#organization\",\"name\":\"Distribuci\u00f3n ARC\",\"url\":\"https:\/\/distribucionarc.com\/de\/\",\"logo\":{\"@type\":\"ImageObject\",\"inLanguage\":\"de\",\"@id\":\"https:\/\/distribucionarc.com\/de\/#\/schema\/logo\/image\/\",\"url\":\"https:\/\/distribucionarc.com\/wp-content\/uploads\/2024\/10\/distribucion-ARC-COLOR-SIN-FONDO-e1732295305345.png\",\"contentUrl\":\"https:\/\/distribucionarc.com\/wp-content\/uploads\/2024\/10\/distribucion-ARC-COLOR-SIN-FONDO-e1732295305345.png\",\"width\":1164,\"height\":558,\"caption\":\"Distribuci\u00f3n ARC\"},\"image\":{\"@id\":\"https:\/\/distribucionarc.com\/de\/#\/schema\/logo\/image\/\"},\"description\":\"Empresa especializada en la fabricaci\u00f3n y distribuci\u00f3n de maquinaria industrial para los sectores alimentario y farmac\u00e9utico. Nos especializamos en: M\u00e1quinas de cortar carne Fabricaci\u00f3n de comprimidos Sistemas de transporte industrial L\u00edneas de embotellado Dosificadores Y mucho m\u00e1s... Ofrecemos soluciones innovadoras y personalizadas para optimizar los procesos productivos de tu empresa.\",\"email\":\"Admistracion@distribucionarc.com\",\"telephone\":\"+34 643496664\",\"legalName\":\"ARC TECH SOLUTIONS\",\"foundingDate\":\"2024-04-09\",\"vatID\":\"B55480172\",\"numberOfEmployees\":{\"@type\":\"QuantitativeValue\",\"minValue\":\"1\",\"maxValue\":\"10\"}}]}<\/script>\n<!-- \/ Yoast SEO Premium plugin. -->","yoast_head_json":{"title":"Doppelkammer-Vakuumverpackungsmaschine - ARC distribution","robots":{"index":"index","follow":"follow","max-snippet":"max-snippet:-1","max-image-preview":"max-image-preview:large","max-video-preview":"max-video-preview:-1"},"canonical":"https:\/\/www.distribucionarc.com\/en\/producto\/maquina-de-envasado-al-vacio-doble-camara\/","og_locale":"de_DE","og_type":"article","og_title":"M\u00e1quina de envasado al vac\u00edo doble c\u00e1mara","og_description":"M\u00e1quina de envasado al vac\u00edo doble c\u00e1mara Esta envasadora al vac\u00edo industrial ARC adopta un sistema de control por microordenador para que la configuraci\u00f3n de los par\u00e1metros de sellado sea m\u00e1s f\u00e1cil y precisa; puede establecer el tiempo de aspirado, tiempo de sellado y tiempo de embalaje de acuerdo con sus necesidades. Logrando adaptarse a las necesidades del producto o material de embalaje, esta m\u00e1quina de envasado es adecuada para diferentes industrias: alimentaria, farmac\u00e9utica, mec\u00e1nica, el\u00e9ctrica etc. Garant\u00eda\u00a0ARC 2 A\u00d1OS Envasadora al vac\u00edo eficiente, bajo consumo 2000 w soporte t\u00e9cnico incluido &nbsp;","og_url":"https:\/\/www.distribucionarc.com\/en\/producto\/maquina-de-envasado-al-vacio-doble-camara\/","og_site_name":"distribuci\u00f3n ARC","article_modified_time":"2023-07-26T16:52:46+00:00","og_image":[{"width":800,"height":800,"url":"https:\/\/distribucionarc.com\/wp-content\/uploads\/2020\/10\/M\u00e1quina-de-envasado-al-vac\u00edo-doble-c\u00e1mara-0-1.jpg","type":"image\/jpeg"}],"twitter_card":"summary_large_image","twitter_misc":{"Gesch\u00e4tzte Lesezeit":"2\u00a0Minuten"},"schema":{"@context":"https:\/\/schema.org","@graph":[{"@type":"WebPage","@id":"https:\/\/www.distribucionarc.com\/en\/producto\/maquina-de-envasado-al-vacio-doble-camara\/","url":"https:\/\/www.distribucionarc.com\/en\/producto\/maquina-de-envasado-al-vacio-doble-camara\/","name":"Doppelkammer-Vakuumverpackungsmaschine - ARC distribution","isPartOf":{"@id":"https:\/\/distribucionarc.com\/de\/#website"},"primaryImageOfPage":{"@id":"https:\/\/www.distribucionarc.com\/en\/producto\/maquina-de-envasado-al-vacio-doble-camara\/#primaryimage"},"image":{"@id":"https:\/\/www.distribucionarc.com\/en\/producto\/maquina-de-envasado-al-vacio-doble-camara\/#primaryimage"},"thumbnailUrl":"https:\/\/distribucionarc.com\/wp-content\/uploads\/2020\/10\/M\u00e1quina-de-envasado-al-vac\u00edo-doble-c\u00e1mara-0-1.jpg","datePublished":"2020-10-06T14:38:36+00:00","dateModified":"2023-07-26T16:52:46+00:00","breadcrumb":{"@id":"https:\/\/www.distribucionarc.com\/en\/producto\/maquina-de-envasado-al-vacio-doble-camara\/#breadcrumb"},"inLanguage":"de","potentialAction":[{"@type":"ReadAction","target":["https:\/\/www.distribucionarc.com\/en\/producto\/maquina-de-envasado-al-vacio-doble-camara\/"]}]},{"@type":"ImageObject","inLanguage":"de","@id":"https:\/\/www.distribucionarc.com\/en\/producto\/maquina-de-envasado-al-vacio-doble-camara\/#primaryimage","url":"https:\/\/distribucionarc.com\/wp-content\/uploads\/2020\/10\/M\u00e1quina-de-envasado-al-vac\u00edo-doble-c\u00e1mara-0-1.jpg","contentUrl":"https:\/\/distribucionarc.com\/wp-content\/uploads\/2020\/10\/M\u00e1quina-de-envasado-al-vac\u00edo-doble-c\u00e1mara-0-1.jpg","width":800,"height":800,"caption":"M\u00e1quina de envasado al vac\u00edo doble c\u00e1mara"},{"@type":"BreadcrumbList","@id":"https:\/\/www.distribucionarc.com\/en\/producto\/maquina-de-envasado-al-vacio-doble-camara\/#breadcrumb","itemListElement":[{"@type":"ListItem","position":1,"name":"Portada","item":"https:\/\/distribucionarc.com\/pl\/"},{"@type":"ListItem","position":2,"name":"Produkty","item":"https:\/\/distribucionarc.com\/pl\/shop\/"},{"@type":"ListItem","position":3,"name":"M\u00e1quina de envasado al vac\u00edo doble c\u00e1mara"}]},{"@type":"WebSite","@id":"https:\/\/distribucionarc.com\/de\/#website","url":"https:\/\/distribucionarc.com\/de\/","name":"ARC-Verteilung","description":"Das Unternehmen ist auf die Herstellung und den Vertrieb von Industriemaschinen, Dosenverschlie\u00dfmaschinen, Tablettenmaschinen, Fleischschneidemaschinen...","publisher":{"@id":"https:\/\/distribucionarc.com\/de\/#organization"},"potentialAction":[{"@type":"SearchAction","target":{"@type":"EntryPoint","urlTemplate":"https:\/\/distribucionarc.com\/de\/?s={search_term_string}"},"query-input":{"@type":"PropertyValueSpecification","valueRequired":true,"valueName":"search_term_string"}}],"inLanguage":"de"},{"@type":"Organization","@id":"https:\/\/distribucionarc.com\/de\/#organization","name":"ARC-Verteilung","url":"https:\/\/distribucionarc.com\/de\/","logo":{"@type":"ImageObject","inLanguage":"de","@id":"https:\/\/distribucionarc.com\/de\/#\/schema\/logo\/image\/","url":"https:\/\/distribucionarc.com\/wp-content\/uploads\/2024\/10\/distribucion-ARC-COLOR-SIN-FONDO-e1732295305345.png","contentUrl":"https:\/\/distribucionarc.com\/wp-content\/uploads\/2024\/10\/distribucion-ARC-COLOR-SIN-FONDO-e1732295305345.png","width":1164,"height":558,"caption":"Distribuci\u00f3n ARC"},"image":{"@id":"https:\/\/distribucionarc.com\/de\/#\/schema\/logo\/image\/"},"description":"Unternehmen, das auf die Herstellung und den Vertrieb von Industriemaschinen f\u00fcr den Lebensmittel- und Pharmasektor spezialisiert ist. Wir sind spezialisiert auf: Fleischschneidemaschinen Tablettenherstellung Industrielle F\u00f6rdersysteme Abf\u00fcllanlagen Dispenser Und vieles mehr... Wir bieten innovative und ma\u00dfgeschneiderte L\u00f6sungen zur Optimierung der Produktionsprozesse in Ihrem Unternehmen.","email":"Admistracion@distribucionarc.com","telephone":"+34 643496664","legalName":"ARC TECH SOLUTIONS","foundingDate":"2024-04-09","vatID":"B55480172","numberOfEmployees":{"@type":"QuantitativeValue","minValue":"1","maxValue":"10"}}]}},"_links":{"self":[{"href":"https:\/\/distribucionarc.com\/de\/wp-json\/wp\/v2\/product\/3692","targetHints":{"allow":["GET"]}}],"collection":[{"href":"https:\/\/distribucionarc.com\/de\/wp-json\/wp\/v2\/product"}],"about":[{"href":"https:\/\/distribucionarc.com\/de\/wp-json\/wp\/v2\/types\/product"}],"replies":[{"embeddable":true,"href":"https:\/\/distribucionarc.com\/de\/wp-json\/wp\/v2\/comments?post=3692"}],"version-history":[{"count":0,"href":"https:\/\/distribucionarc.com\/de\/wp-json\/wp\/v2\/product\/3692\/revisions"}],"wp:featuredmedia":[{"embeddable":true,"href":"https:\/\/distribucionarc.com\/de\/wp-json\/wp\/v2\/media\/3701"}],"wp:attachment":[{"href":"https:\/\/distribucionarc.com\/de\/wp-json\/wp\/v2\/media?parent=3692"}],"wp:term":[{"taxonomy":"product_brand","embeddable":true,"href":"https:\/\/distribucionarc.com\/de\/wp-json\/wp\/v2\/product_brand?post=3692"},{"taxonomy":"product_cat","embeddable":true,"href":"https:\/\/distribucionarc.com\/de\/wp-json\/wp\/v2\/product_cat?post=3692"},{"taxonomy":"product_tag","embeddable":true,"href":"https:\/\/distribucionarc.com\/de\/wp-json\/wp\/v2\/product_tag?post=3692"}],"curies":[{"name":"wp","href":"https:\/\/api.w.org\/{rel}","templated":true}]}}