{"id":371,"date":"2020-04-18T13:03:20","date_gmt":"2020-04-18T13:03:20","guid":{"rendered":"https:\/\/distribucionarc.com\/?post_type=product&#038;p=371"},"modified":"2025-05-08T22:12:23","modified_gmt":"2025-05-08T20:12:23","slug":"pneumatischer-flussigkeitsfuller-mit-doppelkolben-durch-saugabfullung-dosierung-1000-ml-%f0%9f%a7%b4","status":"publish","type":"product","link":"https:\/\/distribucionarc.com\/de\/producto\/llenadora-de-liquidos-doble-piston-neumatico-por-succion-embotelladora-dosificadora-1000ml-%f0%9f%a7%b4\/","title":{"rendered":"Fl\u00fcssigkeitsf\u00fcller, doppelter pneumatischer Saugkolben, Abf\u00fcllmaschine, Spender 1000 ml ?"},"content":{"rendered":"<h2>\ud83e\uddf4 Halbautomatischer Doppelkolbenf\u00fcller f\u00fcr Fl\u00fcssigkeiten und Halbfl\u00fcssigkeiten<\/h2>\n<p>Der <strong>halbautomatischer Doppelkolbenf\u00fcller<\/strong> Es handelt sich um eine vielseitige und pr\u00e4zise L\u00f6sung zum Verpacken von fl\u00fcssigen und halbfl\u00fcssigen Produkten mit niedriger Viskosit\u00e4t. Dank seines pneumatischen Kolbensystems und der Drehventile erm\u00f6glicht es eine gleichm\u00e4\u00dfige und effiziente Bef\u00fcllung, angepasst an die Bed\u00fcrfnisse kleiner und mittlerer Produktionslinien.<\/p>\n<p>Diese aus Edelstahl gefertigte Maschine ist ideal f\u00fcr Umgebungen, in denen Hygiene und Haltbarkeit von entscheidender Bedeutung sind. Sein Design erm\u00f6glicht eine einfache Demontage, was die Reinigung und t\u00e4gliche Wartung erleichtert \ud83e\uddfc.<\/p>\n<p>Zu den g\u00e4ngigsten Produkten, die verarbeitet werden k\u00f6nnen, geh\u00f6ren:<\/p>\n<ul>\n<li>\ud83e\uddf4 <strong>Hydroalkoholisches Gel<\/strong>, Lotionen und \u00e4therische \u00d6le<\/li>\n<li>\ud83c\udf6f <strong>Fl\u00fcssiger Honig<\/strong>, Sirupe, fl\u00fcssige Saucen, Vinaigrettes<\/li>\n<li>\ud83d\udc8a <strong>Sirupe zum Einnehmen<\/strong>, pharmazeutische L\u00f6sungen und St\u00e4rkungsmittel<\/li>\n<li>\ud83e\uddea <strong>Isopropylalkohol<\/strong>, Fl\u00fcssigreiniger, Waschmittel<\/li>\n<li>\ud83e\udd64 <strong>S\u00e4fte<\/strong>, Fl\u00fcssigkonzentrate, isotonische Getr\u00e4nke<\/li>\n<\/ul>\n<p>Diese Maschine erm\u00f6glicht Ihnen die Einstellung von Volumen und F\u00fcllgeschwindigkeit mit einem <strong>Genauigkeit von \u00b11%<\/strong>, Anpassung an eine Vielzahl von Verpackungen. Sein verstellbarer Kopf und die Bedienm\u00f6glichkeit <strong>halbautomatisch oder automatisch<\/strong> Sie bieten Flexibilit\u00e4t bei allen Arten von Prozessen.<\/p>\n<p>Kurz gesagt: ein zuverl\u00e4ssiges Werkzeug zur Verbesserung der Produktivit\u00e4t, Minimierung von Abfall und Sicherstellung stets gleichbleibender Ergebnisse. \u2714\ufe0f<\/p>\n<h3>Technische Spezifikationen<\/h3>\n<table>\n<thead>\n<tr>\n<th>Besonderheit<\/th>\n<th>Detail<\/th>\n<\/tr>\n<\/thead>\n<tbody>\n<tr>\n<td>Maschinentyp<\/td>\n<td>Halbautomatischer Doppelkolbenf\u00fcller<\/td>\n<\/tr>\n<tr>\n<td>Produktarten<\/td>\n<td>Fl\u00fcssigkeiten und Halbfl\u00fcssigkeiten mit niedriger Viskosit\u00e4t<\/td>\n<\/tr>\n<tr>\n<td>Anwendungen<\/td>\n<td>Kosmetik, Lebensmittel, Chemie, Pharma, Getr\u00e4nke<\/td>\n<\/tr>\n<tr>\n<td>Kompatible Produkte<\/td>\n<td>Hydroalkoholisches Gel, Honig, Sirupe, So\u00dfen, Cremes, \u00d6le, Desinfektionsmittel<\/td>\n<\/tr>\n<tr>\n<td>Abf\u00fcllsystem<\/td>\n<td>Pneumatischer Kolben mit Drehventil<\/td>\n<\/tr>\n<tr>\n<td>F\u00fcllgenauigkeit<\/td>\n<td>\u00b11%<\/td>\n<\/tr>\n<tr>\n<td>F\u00fcllbereich<\/td>\n<td>90 ml \u2013 1000 ml<\/td>\n<\/tr>\n<tr>\n<td>Arbeitsdruck<\/td>\n<td>0,4 \u2013 0,9 MPa<\/td>\n<\/tr>\n<tr>\n<td>Produktionsgeschwindigkeit<\/td>\n<td>Bis zu 40 Flaschen pro Minute<\/td>\n<\/tr>\n<tr>\n<td>Stromversorgung<\/td>\n<td>220 V<\/td>\n<\/tr>\n<tr>\n<td>Anzahl der K\u00f6pfe<\/td>\n<td>1<\/td>\n<\/tr>\n<tr>\n<td>Abmessungen<\/td>\n<td>1000 \u00d7 350 \u00d7 355 mm<\/td>\n<\/tr>\n<tr>\n<td>Gewicht<\/td>\n<td>40 kg<\/td>\n<\/tr>\n<tr>\n<td>Fertigungsmaterial<\/td>\n<td>Edelstahl<\/td>\n<\/tr>\n<tr>\n<td>Betriebsarten<\/td>\n<td>Halbautomatisch \/ Automatisch<\/td>\n<\/tr>\n<tr>\n<td>Reinigung und Wartung<\/td>\n<td>Einfache Demontage und Reinigung<\/td>\n<\/tr>\n<\/tbody>\n<\/table>","protected":false},"excerpt":{"rendered":"<p>Pneumatisches Abf\u00fcllger\u00e4t 90ML \u27a1\ufe0f1000ML Abf\u00fcllmaschine f\u00fcr Shampoo, \u00d6l, Wasser, Parf\u00fcm<\/p>\n<p>Halbautomatischer Flaschenf\u00fcller<\/p>\n<p>PNEUMATISCHE FL\u00dcSSIGKEITSF\u00dcLLMASCHINE F\u00dcR SHAMPOO, \u00d6L, PARF\u00dcM, WASSERGEL<\/p>\n<p>90 ml \u27a1\ufe0f 1000 ml<\/p>\n<p>Sie k\u00f6nnen verschiedene Arten von Fl\u00fcssigkeiten wie Shampoo, \u00d6l, Wasser, Parf\u00fcm und Gelchemikalien dosieren. Sie k\u00f6nnen unterschiedliche Produktmengen von 90 ml bis 1000 ml dosieren.<\/p>","protected":false},"featured_media":378,"comment_status":"open","ping_status":"closed","template":"","meta":{"wds_primary_product_brand":0,"wds_primary_product_cat":0},"product_brand":[],"product_cat":[18,19,321,21],"product_tag":[],"class_list":{"0":"post-371","1":"product","2":"type-product","3":"status-publish","4":"has-post-thumbnail","6":"product_cat-dosificadoras","7":"product_cat-dosificadoras-de-liquidos","8":"product_cat-llenadoras-de-piston","9":"product_cat-maquinas-llenadoras","11":"first","12":"instock","13":"taxable","14":"shipping-taxable","15":"purchasable","16":"product-type-simple"},"yoast_head":"<!-- This site is optimized with the Yoast SEO Premium plugin v24.9 (Yoast SEO v26.1) - https:\/\/yoast.com\/wordpress\/plugins\/seo\/ -->\n<title>Llenadora de l\u00edquidos, Doble Pist\u00f3n Neum\u00e1tico por Succi\u00f3n, Embotelladora, Dosificadora 1000 ml ? - distribuci\u00f3n ARC<\/title>\n<meta name=\"robots\" content=\"index, follow, max-snippet:-1, max-image-preview:large, max-video-preview:-1\" \/>\n<link rel=\"canonical\" href=\"https:\/\/distribucionarc.com\/de\/produkt-2\/pneumatischer-flussigkeitsfuller-mit-doppelkolben-durch-saugabfullung-dosierung-1000-ml-\ud83e\uddf4\/\" \/>\n<meta property=\"og:locale\" content=\"de_DE\" \/>\n<meta property=\"og:type\" content=\"article\" \/>\n<meta property=\"og:title\" content=\"Llenadora de l\u00edquidos, Doble Pist\u00f3n Neum\u00e1tico por Succi\u00f3n, Embotelladora, Dosificadora 1000 ml ?\" \/>\n<meta property=\"og:description\" content=\"Dispositivo de embotellado neum\u00e1tico 90ML \u27a1\ufe0f 1000ML m\u00e1quina de rellenar para el champ\u00fa, aceite, agua, perfume  Llenadora de botellas semiautom\u00e1tica  MAQUINA DE LLENADO DE L\u00cdQUIDO NEUMATICA PARA CHAMPU, ACEITE, PERFUME DE AGUA GEL  90ML \u27a1\ufe0f 1000ML  Usted puede dosificar diversa clase de l\u00edquidos como champ\u00fa, aceite, agua, perfume y gel el productos qu\u00edmicos. Puede dosificar diferentes cantidades de producto que van desde los 90ML \u27a1\ufe0f1000ML.\" \/>\n<meta property=\"og:url\" content=\"https:\/\/distribucionarc.com\/de\/produkt-2\/pneumatischer-flussigkeitsfuller-mit-doppelkolben-durch-saugabfullung-dosierung-1000-ml-\ud83e\uddf4\/\" \/>\n<meta property=\"og:site_name\" content=\"distribuci\u00f3n ARC\" \/>\n<meta property=\"article:modified_time\" content=\"2025-05-08T20:12:23+00:00\" \/>\n<meta property=\"og:image\" content=\"https:\/\/distribucionarc.com\/wp-content\/uploads\/2020\/04\/llenadora_de_liquidos_doble_piston_neumatico_por_succi\u00f3n_embotelladora_dosificadora_1000ml_0.jpeg\" \/>\n\t<meta property=\"og:image:width\" content=\"960\" \/>\n\t<meta property=\"og:image:height\" content=\"960\" \/>\n\t<meta property=\"og:image:type\" content=\"image\/jpeg\" \/>\n<meta name=\"twitter:card\" content=\"summary_large_image\" \/>\n<meta name=\"twitter:label1\" content=\"Gesch\u00e4tzte Lesezeit\" \/>\n\t<meta name=\"twitter:data1\" content=\"2\u00a0Minuten\" \/>\n<script type=\"application\/ld+json\" class=\"yoast-schema-graph\">{\"@context\":\"https:\/\/schema.org\",\"@graph\":[{\"@type\":\"WebPage\",\"@id\":\"https:\/\/distribucionarc.com\/en\/producto\/llenadora-de-liquidos-doble-piston-neumatico-por-succion-embotelladora-dosificadora-1000ml-%f0%9f%a7%b4\/\",\"url\":\"https:\/\/distribucionarc.com\/en\/producto\/llenadora-de-liquidos-doble-piston-neumatico-por-succion-embotelladora-dosificadora-1000ml-%f0%9f%a7%b4\/\",\"name\":\"Llenadora de l\u00edquidos, Doble Pist\u00f3n Neum\u00e1tico por Succi\u00f3n, Embotelladora, Dosificadora 1000 ml ? - distribuci\u00f3n ARC\",\"isPartOf\":{\"@id\":\"https:\/\/www.distribucionarc.com\/sl\/#website\"},\"primaryImageOfPage\":{\"@id\":\"https:\/\/distribucionarc.com\/en\/producto\/llenadora-de-liquidos-doble-piston-neumatico-por-succion-embotelladora-dosificadora-1000ml-%f0%9f%a7%b4\/#primaryimage\"},\"image\":{\"@id\":\"https:\/\/distribucionarc.com\/en\/producto\/llenadora-de-liquidos-doble-piston-neumatico-por-succion-embotelladora-dosificadora-1000ml-%f0%9f%a7%b4\/#primaryimage\"},\"thumbnailUrl\":\"https:\/\/distribucionarc.com\/wp-content\/uploads\/2020\/04\/llenadora_de_liquidos_doble_piston_neumatico_por_succi\u00f3n_embotelladora_dosificadora_1000ml_0.jpeg\",\"datePublished\":\"2020-04-18T13:03:20+00:00\",\"dateModified\":\"2025-05-08T20:12:23+00:00\",\"breadcrumb\":{\"@id\":\"https:\/\/distribucionarc.com\/en\/producto\/llenadora-de-liquidos-doble-piston-neumatico-por-succion-embotelladora-dosificadora-1000ml-%f0%9f%a7%b4\/#breadcrumb\"},\"inLanguage\":\"de\",\"potentialAction\":[{\"@type\":\"ReadAction\",\"target\":[\"https:\/\/distribucionarc.com\/en\/producto\/llenadora-de-liquidos-doble-piston-neumatico-por-succion-embotelladora-dosificadora-1000ml-%f0%9f%a7%b4\/\"]}]},{\"@type\":\"ImageObject\",\"inLanguage\":\"de\",\"@id\":\"https:\/\/distribucionarc.com\/en\/producto\/llenadora-de-liquidos-doble-piston-neumatico-por-succion-embotelladora-dosificadora-1000ml-%f0%9f%a7%b4\/#primaryimage\",\"url\":\"https:\/\/distribucionarc.com\/wp-content\/uploads\/2020\/04\/llenadora_de_liquidos_doble_piston_neumatico_por_succi\u00f3n_embotelladora_dosificadora_1000ml_0.jpeg\",\"contentUrl\":\"https:\/\/distribucionarc.com\/wp-content\/uploads\/2020\/04\/llenadora_de_liquidos_doble_piston_neumatico_por_succi\u00f3n_embotelladora_dosificadora_1000ml_0.jpeg\",\"width\":960,\"height\":960},{\"@type\":\"BreadcrumbList\",\"@id\":\"https:\/\/distribucionarc.com\/en\/producto\/llenadora-de-liquidos-doble-piston-neumatico-por-succion-embotelladora-dosificadora-1000ml-%f0%9f%a7%b4\/#breadcrumb\",\"itemListElement\":[{\"@type\":\"ListItem\",\"position\":1,\"name\":\"Portada\",\"item\":\"https:\/\/www.distribucionarc.com\/\"},{\"@type\":\"ListItem\",\"position\":2,\"name\":\"\u00dcr\u00fcnler\",\"item\":\"https:\/\/www.distribucionarc.com\/tr\/magaza\/\"},{\"@type\":\"ListItem\",\"position\":3,\"name\":\"Llenadora de l\u00edquidos, Doble Pist\u00f3n Neum\u00e1tico por Succi\u00f3n, Embotelladora, Dosificadora 1000 ml ?\"}]},{\"@type\":\"WebSite\",\"@id\":\"https:\/\/www.distribucionarc.com\/sl\/#website\",\"url\":\"https:\/\/www.distribucionarc.com\/sl\/\",\"name\":\"distribuci\u00f3n ARC\",\"description\":\"Empresa especializada en la fabricaci\u00f3n y distribuci\u00f3n de maquinaria industrial, selladoras de latas, Maquinas de hacer pastillas, Maquinas de cortar carne...\",\"publisher\":{\"@id\":\"https:\/\/www.distribucionarc.com\/sl\/#organization\"},\"potentialAction\":[{\"@type\":\"SearchAction\",\"target\":{\"@type\":\"EntryPoint\",\"urlTemplate\":\"https:\/\/www.distribucionarc.com\/sl\/?s={search_term_string}\"},\"query-input\":{\"@type\":\"PropertyValueSpecification\",\"valueRequired\":true,\"valueName\":\"search_term_string\"}}],\"inLanguage\":\"de\"},{\"@type\":\"Organization\",\"@id\":\"https:\/\/www.distribucionarc.com\/sl\/#organization\",\"name\":\"Distribuci\u00f3n ARC\",\"url\":\"https:\/\/www.distribucionarc.com\/sl\/\",\"logo\":{\"@type\":\"ImageObject\",\"inLanguage\":\"de\",\"@id\":\"https:\/\/www.distribucionarc.com\/sl\/#\/schema\/logo\/image\/\",\"url\":\"https:\/\/distribucionarc.com\/wp-content\/uploads\/2024\/10\/distribucion-ARC-COLOR-SIN-FONDO-e1732295305345.png\",\"contentUrl\":\"https:\/\/distribucionarc.com\/wp-content\/uploads\/2024\/10\/distribucion-ARC-COLOR-SIN-FONDO-e1732295305345.png\",\"width\":1164,\"height\":558,\"caption\":\"Distribuci\u00f3n ARC\"},\"image\":{\"@id\":\"https:\/\/www.distribucionarc.com\/sl\/#\/schema\/logo\/image\/\"},\"description\":\"Empresa especializada en la fabricaci\u00f3n y distribuci\u00f3n de maquinaria industrial para los sectores alimentario y farmac\u00e9utico. Nos especializamos en: M\u00e1quinas de cortar carne Fabricaci\u00f3n de comprimidos Sistemas de transporte industrial L\u00edneas de embotellado Dosificadores Y mucho m\u00e1s... Ofrecemos soluciones innovadoras y personalizadas para optimizar los procesos productivos de tu empresa.\",\"email\":\"Admistracion@distribucionarc.com\",\"telephone\":\"+34 643496664\",\"legalName\":\"ARC TECH SOLUTIONS\",\"foundingDate\":\"2024-04-09\",\"vatID\":\"B55480172\",\"numberOfEmployees\":{\"@type\":\"QuantitativeValue\",\"minValue\":\"1\",\"maxValue\":\"10\"}}]}<\/script>\n<!-- \/ Yoast SEO Premium plugin. -->","yoast_head_json":{"title":"Fl\u00fcssigkeitsf\u00fcller, Doppelkolben-Pneumatiksauger, Abf\u00fcllung, Abgabe von 1000 ml ? - ARC-Verteilung","robots":{"index":"index","follow":"follow","max-snippet":"max-snippet:-1","max-image-preview":"max-image-preview:large","max-video-preview":"max-video-preview:-1"},"canonical":"https:\/\/distribucionarc.com\/de\/produkt-2\/pneumatischer-flussigkeitsfuller-mit-doppelkolben-durch-saugabfullung-dosierung-1000-ml-\ud83e\uddf4\/","og_locale":"de_DE","og_type":"article","og_title":"Llenadora de l\u00edquidos, Doble Pist\u00f3n Neum\u00e1tico por Succi\u00f3n, Embotelladora, Dosificadora 1000 ml ?","og_description":"Dispositivo de embotellado neum\u00e1tico 90ML \u27a1\ufe0f 1000ML m\u00e1quina de rellenar para el champ\u00fa, aceite, agua, perfume  Llenadora de botellas semiautom\u00e1tica  MAQUINA DE LLENADO DE L\u00cdQUIDO NEUMATICA PARA CHAMPU, ACEITE, PERFUME DE AGUA GEL  90ML \u27a1\ufe0f 1000ML  Usted puede dosificar diversa clase de l\u00edquidos como champ\u00fa, aceite, agua, perfume y gel el productos qu\u00edmicos. Puede dosificar diferentes cantidades de producto que van desde los 90ML \u27a1\ufe0f1000ML.","og_url":"https:\/\/distribucionarc.com\/de\/produkt-2\/pneumatischer-flussigkeitsfuller-mit-doppelkolben-durch-saugabfullung-dosierung-1000-ml-\ud83e\uddf4\/","og_site_name":"distribuci\u00f3n ARC","article_modified_time":"2025-05-08T20:12:23+00:00","og_image":[{"width":960,"height":960,"url":"https:\/\/distribucionarc.com\/wp-content\/uploads\/2020\/04\/llenadora_de_liquidos_doble_piston_neumatico_por_succi\u00f3n_embotelladora_dosificadora_1000ml_0.jpeg","type":"image\/jpeg"}],"twitter_card":"summary_large_image","twitter_misc":{"Gesch\u00e4tzte Lesezeit":"2\u00a0Minuten"},"schema":{"@context":"https:\/\/schema.org","@graph":[{"@type":"WebPage","@id":"https:\/\/distribucionarc.com\/en\/producto\/llenadora-de-liquidos-doble-piston-neumatico-por-succion-embotelladora-dosificadora-1000ml-%f0%9f%a7%b4\/","url":"https:\/\/distribucionarc.com\/en\/producto\/llenadora-de-liquidos-doble-piston-neumatico-por-succion-embotelladora-dosificadora-1000ml-%f0%9f%a7%b4\/","name":"Fl\u00fcssigkeitsf\u00fcller, Doppelkolben-Pneumatiksauger, Abf\u00fcllung, Abgabe von 1000 ml ? - ARC-Verteilung","isPartOf":{"@id":"https:\/\/www.distribucionarc.com\/sl\/#website"},"primaryImageOfPage":{"@id":"https:\/\/distribucionarc.com\/en\/producto\/llenadora-de-liquidos-doble-piston-neumatico-por-succion-embotelladora-dosificadora-1000ml-%f0%9f%a7%b4\/#primaryimage"},"image":{"@id":"https:\/\/distribucionarc.com\/en\/producto\/llenadora-de-liquidos-doble-piston-neumatico-por-succion-embotelladora-dosificadora-1000ml-%f0%9f%a7%b4\/#primaryimage"},"thumbnailUrl":"https:\/\/distribucionarc.com\/wp-content\/uploads\/2020\/04\/llenadora_de_liquidos_doble_piston_neumatico_por_succi\u00f3n_embotelladora_dosificadora_1000ml_0.jpeg","datePublished":"2020-04-18T13:03:20+00:00","dateModified":"2025-05-08T20:12:23+00:00","breadcrumb":{"@id":"https:\/\/distribucionarc.com\/en\/producto\/llenadora-de-liquidos-doble-piston-neumatico-por-succion-embotelladora-dosificadora-1000ml-%f0%9f%a7%b4\/#breadcrumb"},"inLanguage":"de","potentialAction":[{"@type":"ReadAction","target":["https:\/\/distribucionarc.com\/en\/producto\/llenadora-de-liquidos-doble-piston-neumatico-por-succion-embotelladora-dosificadora-1000ml-%f0%9f%a7%b4\/"]}]},{"@type":"ImageObject","inLanguage":"de","@id":"https:\/\/distribucionarc.com\/en\/producto\/llenadora-de-liquidos-doble-piston-neumatico-por-succion-embotelladora-dosificadora-1000ml-%f0%9f%a7%b4\/#primaryimage","url":"https:\/\/distribucionarc.com\/wp-content\/uploads\/2020\/04\/llenadora_de_liquidos_doble_piston_neumatico_por_succi\u00f3n_embotelladora_dosificadora_1000ml_0.jpeg","contentUrl":"https:\/\/distribucionarc.com\/wp-content\/uploads\/2020\/04\/llenadora_de_liquidos_doble_piston_neumatico_por_succi\u00f3n_embotelladora_dosificadora_1000ml_0.jpeg","width":960,"height":960},{"@type":"BreadcrumbList","@id":"https:\/\/distribucionarc.com\/en\/producto\/llenadora-de-liquidos-doble-piston-neumatico-por-succion-embotelladora-dosificadora-1000ml-%f0%9f%a7%b4\/#breadcrumb","itemListElement":[{"@type":"ListItem","position":1,"name":"Portada","item":"https:\/\/www.distribucionarc.com\/"},{"@type":"ListItem","position":2,"name":"\u00dcr\u00fcnler","item":"https:\/\/www.distribucionarc.com\/tr\/magaza\/"},{"@type":"ListItem","position":3,"name":"Llenadora de l\u00edquidos, Doble Pist\u00f3n Neum\u00e1tico por Succi\u00f3n, Embotelladora, Dosificadora 1000 ml ?"}]},{"@type":"WebSite","@id":"https:\/\/www.distribucionarc.com\/sl\/#website","url":"https:\/\/www.distribucionarc.com\/sl\/","name":"ARC-Verteilung","description":"Das Unternehmen ist auf die Herstellung und den Vertrieb von Industriemaschinen, Dosenverschlie\u00dfmaschinen, Tablettenmaschinen, Fleischschneidemaschinen...","publisher":{"@id":"https:\/\/www.distribucionarc.com\/sl\/#organization"},"potentialAction":[{"@type":"SearchAction","target":{"@type":"EntryPoint","urlTemplate":"https:\/\/www.distribucionarc.com\/sl\/?s={search_term_string}"},"query-input":{"@type":"PropertyValueSpecification","valueRequired":true,"valueName":"search_term_string"}}],"inLanguage":"de"},{"@type":"Organization","@id":"https:\/\/www.distribucionarc.com\/sl\/#organization","name":"ARC-Verteilung","url":"https:\/\/www.distribucionarc.com\/sl\/","logo":{"@type":"ImageObject","inLanguage":"de","@id":"https:\/\/www.distribucionarc.com\/sl\/#\/schema\/logo\/image\/","url":"https:\/\/distribucionarc.com\/wp-content\/uploads\/2024\/10\/distribucion-ARC-COLOR-SIN-FONDO-e1732295305345.png","contentUrl":"https:\/\/distribucionarc.com\/wp-content\/uploads\/2024\/10\/distribucion-ARC-COLOR-SIN-FONDO-e1732295305345.png","width":1164,"height":558,"caption":"Distribuci\u00f3n ARC"},"image":{"@id":"https:\/\/www.distribucionarc.com\/sl\/#\/schema\/logo\/image\/"},"description":"Unternehmen, das auf die Herstellung und den Vertrieb von Industriemaschinen f\u00fcr den Lebensmittel- und Pharmasektor spezialisiert ist. Wir sind spezialisiert auf: Fleischschneidemaschinen Tablettenherstellung Industrielle F\u00f6rdersysteme Abf\u00fcllanlagen Dispenser Und vieles mehr... Wir bieten innovative und ma\u00dfgeschneiderte L\u00f6sungen zur Optimierung der Produktionsprozesse in Ihrem Unternehmen.","email":"Admistracion@distribucionarc.com","telephone":"+34 643496664","legalName":"ARC TECH SOLUTIONS","foundingDate":"2024-04-09","vatID":"B55480172","numberOfEmployees":{"@type":"QuantitativeValue","minValue":"1","maxValue":"10"}}]}},"_links":{"self":[{"href":"https:\/\/distribucionarc.com\/de\/wp-json\/wp\/v2\/product\/371","targetHints":{"allow":["GET"]}}],"collection":[{"href":"https:\/\/distribucionarc.com\/de\/wp-json\/wp\/v2\/product"}],"about":[{"href":"https:\/\/distribucionarc.com\/de\/wp-json\/wp\/v2\/types\/product"}],"replies":[{"embeddable":true,"href":"https:\/\/distribucionarc.com\/de\/wp-json\/wp\/v2\/comments?post=371"}],"version-history":[{"count":3,"href":"https:\/\/distribucionarc.com\/de\/wp-json\/wp\/v2\/product\/371\/revisions"}],"predecessor-version":[{"id":17465,"href":"https:\/\/distribucionarc.com\/de\/wp-json\/wp\/v2\/product\/371\/revisions\/17465"}],"wp:featuredmedia":[{"embeddable":true,"href":"https:\/\/distribucionarc.com\/de\/wp-json\/wp\/v2\/media\/378"}],"wp:attachment":[{"href":"https:\/\/distribucionarc.com\/de\/wp-json\/wp\/v2\/media?parent=371"}],"wp:term":[{"taxonomy":"product_brand","embeddable":true,"href":"https:\/\/distribucionarc.com\/de\/wp-json\/wp\/v2\/product_brand?post=371"},{"taxonomy":"product_cat","embeddable":true,"href":"https:\/\/distribucionarc.com\/de\/wp-json\/wp\/v2\/product_cat?post=371"},{"taxonomy":"product_tag","embeddable":true,"href":"https:\/\/distribucionarc.com\/de\/wp-json\/wp\/v2\/product_tag?post=371"}],"curies":[{"name":"wp","href":"https:\/\/api.w.org\/{rel}","templated":true}]}}