{"id":3821,"date":"2020-10-09T14:05:43","date_gmt":"2020-10-09T14:05:43","guid":{"rendered":"https:\/\/distribucionarc.com\/?post_type=product&#038;p=3821"},"modified":"2020-10-09T14:05:44","modified_gmt":"2020-10-09T14:05:44","slug":"druckfarbbehalter-30l","status":"publish","type":"product","link":"https:\/\/distribucionarc.com\/de\/producto\/tanque-de-pintura-a-presion-30l\/","title":{"rendered":"30-Liter-Druckfarbtank"},"content":{"rendered":"<h3>30-Liter-Farbr\u00fchrbeh\u00e4lter mit manuellem Druck<\/h3>\n<p>Das Design der <strong>Farbbeh\u00e4lter <span style=\"color: #ff0000;\">ZU<\/span><span style=\"color: #0000ff;\">R<\/span>C<\/strong> Die starke Versiegelung besteht aus verdicktem und verst\u00e4rktem Edelstahl; Mit pr\u00e4ziser Bearbeitung, best\u00e4ndig gegen Korrosion, S\u00e4uren und Laugen. Der 30-Liter-Druckbeh\u00e4lter verf\u00fcgt \u00fcber ein Isolationsnetzwerk zum Isolieren von Verunreinigungen; Das R\u00fchrblatt r\u00fchrt die Farbe, um ungleichm\u00e4\u00dfige Niederschl\u00e4ge zu verhindern<\/p>\n<p>Der Futtereinlass mit hochwertiger Abdichtung und ultradickem Futter kann nach Entl\u00fcftung des Druckventils ge\u00f6ffnet werden. Ausgestattet mit einem Druckmesser und einem Fl\u00fcssigkeitsdruckregler zur Gew\u00e4hrleistung einer perfekten Passform zeigt das Manometer den Fassdruck pr\u00e4zise an. Das Regulierventil reguliert den Einfluss des Druckmessger\u00e4ts.<\/p>\n<p>Er<strong> Farbdruckbeh\u00e4lter <span style=\"color: #ff0000;\">ZU<\/span><span style=\"color: #0000ff;\">R<\/span>CTPP30<\/strong> Es eignet sich f\u00fcr den Einsatz in gewerblichen Anstrichen oder \u00fcberall dort, wo eine gro\u00dfe Spr\u00fchmenge erforderlich ist. Es verf\u00fcgt \u00fcber ein Sicherheitsventil, um Gas sicher und zuverl\u00e4ssig abzulassen, wenn der Luftdruck den Sicherheitsluftdruck \u00fcberschreitet.<\/p>\n<h6><strong>Garantie\u00a0<span style=\"color: #ff0000;\">ZU<\/span><span style=\"color: #0000ff;\">R<\/span>C 2 JAHRE<\/strong><\/h6>\n<h6><strong>Technischer Support inklusive<\/strong><\/h6>\n<p>&nbsp;<\/p>\n<table width=\"100%\">\n<tbody>\n<tr>\n<td>Vertriebsland:<\/td>\n<td width=\"33%\">Spanien, Deutschland, USA<\/td>\n<td width=\"15%\">Gewicht:<\/td>\n<td width=\"32%\">30kg<\/td>\n<\/tr>\n<tr>\n<td>Marke:<\/td>\n<td width=\"33%\">BOGEN<\/td>\n<td width=\"15%\">H\u00f6he:<\/td>\n<td width=\"32%\">83.2 cm<\/td>\n<\/tr>\n<tr>\n<td>Farbe:<\/td>\n<td width=\"33%\">Schwarz<\/td>\n<td width=\"15%\">Lang:<\/td>\n<td width=\"32%\">31cm<\/td>\n<\/tr>\n<tr>\n<td>Produkttyp:<\/td>\n<td width=\"33%\">Druckfarbbeh\u00e4lter<\/td>\n<td width=\"15%\">Breit:<\/td>\n<td width=\"32%\">31cm<\/td>\n<\/tr>\n<tr>\n<td>Herstellernummer:<\/td>\n<td width=\"33%\">ARCTPP30<\/td>\n<td width=\"15%\">Maximaler Druck:<\/td>\n<td width=\"32%\">6,2 bar<\/td>\n<\/tr>\n<tr>\n<td>Material:<\/td>\n<td width=\"33%\">Edelstahl<\/td>\n<td width=\"15%\">\u00dcberdruckventil<\/td>\n<td width=\"32%\">4 bar f\u00fcr die Sicherheit<\/td>\n<\/tr>\n<tr>\n<td>Garantie:<\/td>\n<td width=\"33%\">2 JAHRE<\/td>\n<td width=\"15%\">Fl\u00fcssigkeitsaussto\u00df:<\/td>\n<td width=\"32%\">\u00a09,5 mm<\/td>\n<\/tr>\n<tr>\n<td>Installationswerkzeuge:<\/td>\n<td width=\"33%\">Ja<\/td>\n<td width=\"15%\">Optimaler Arbeitsdruck:<\/td>\n<td width=\"32%\">1,4 \u2013 2,1 bar<\/td>\n<\/tr>\n<tr>\n<td>Tankinhalt:<\/td>\n<td width=\"33%\">30 Liter<\/td>\n<td width=\"15%\">Druckbeh\u00e4lter:<\/td>\n<td width=\"32%\">6,35 mm<\/td>\n<\/tr>\n<tr>\n<td>Beschichtungsma\u00dfe:<\/td>\n<td width=\"33%\">30 x 33 cm<\/td>\n<td width=\"15%\">Schaufeltiefe Durchmesser:<\/td>\n<td width=\"32%\">31,2 x 38,1 cm<\/td>\n<\/tr>\n<\/tbody>\n<\/table>\n<p>&nbsp;<\/p>","protected":false},"excerpt":{"rendered":"<h2>30-Liter-Farbr\u00fchrbeh\u00e4lter mit manuellem Druck<\/h2>\n<p>Das <strong>ARC Farbdruckbeh\u00e4lter<\/strong> Das Spray besteht aus hochwertigen Materialien und ist best\u00e4ndig gegen Korrosion, S\u00e4uren, Substanzen mit alkalischen Eigenschaften usw. Der Farbr\u00fchrer ist mit einem Fl\u00fcssigkeitsdruckregler ausgestattet, der genau eingestellt werden kann. Abnehmbarer Edelstahltank und Griffdesign f\u00fcr reibungslosen Betrieb. Diese Lackiermaschine ist f\u00fcr die Automobilindustrie, \u00d6lfarben, Latex, Lack, Grundierung, Holzbeschichtung, Klebstoff und andere Beschichtungen geeignet.<\/p>\n<h6><strong>Garantie\u00a0<span style=\"color: #ff0000;\">ZU<\/span><span style=\"color: #0000ff;\">R<\/span>C 2 JAHRE<\/strong><\/h6>\n<h6><strong>Technischer Support inklusive<\/strong><\/h6>","protected":false},"featured_media":3829,"comment_status":"open","ping_status":"closed","template":"","meta":{"wds_primary_product_brand":0,"wds_primary_product_cat":0},"product_brand":[],"product_cat":[71,69],"product_tag":[],"class_list":{"0":"post-3821","1":"product","2":"type-product","3":"status-publish","4":"has-post-thumbnail","6":"product_cat-maquinas-para-pintar","7":"product_cat-maquinas-variadas","8":"product_shipping_class-express","10":"first","11":"instock","12":"sale","13":"taxable","14":"shipping-taxable","15":"purchasable","16":"product-type-simple"},"yoast_head":"<!-- This site is optimized with the Yoast SEO Premium plugin v24.9 (Yoast SEO v26.1) - https:\/\/yoast.com\/wordpress\/plugins\/seo\/ -->\n<title>Tanque de pintura a presi\u00f3n 30L - distribuci\u00f3n ARC<\/title>\n<meta name=\"robots\" content=\"index, follow, max-snippet:-1, max-image-preview:large, max-video-preview:-1\" \/>\n<link rel=\"canonical\" href=\"https:\/\/www.distribucionarc.com\/lt\/producto\/tanque-de-pintura-a-presion-30l\/\" \/>\n<meta property=\"og:locale\" content=\"de_DE\" \/>\n<meta property=\"og:type\" content=\"article\" \/>\n<meta property=\"og:title\" content=\"Tanque de pintura a presi\u00f3n 30L\" \/>\n<meta property=\"og:description\" content=\"Tanque agitador de pintura a presi\u00f3n manual\u00a0 30L Este Tanque de presi\u00f3n para pintura ARC en aerosol adopta materiales de primera calidad, resistentes a la corrosi\u00f3n, \u00e1cidos, sustancias con propiedades alcalinas, etc. El agitador de pintura est\u00e1 equipado con un regulador de presi\u00f3n de fluido, que se puede configurar con precisi\u00f3n. Dise\u00f1o de dep\u00f3sito y mango de acero inoxidable extra\u00edble para un funcionamiento suave. Esta m\u00e1quina para pintar es la adecuada para la industria automotriz, pinturas con base de aceite, l\u00e1tex, barniz, imprimaci\u00f3n, revestimiento de madera, adhesivo y dem\u00e1s revestimientos. Garant\u00eda\u00a0ARC 2 A\u00d1OS soporte t\u00e9cnico incluido\" \/>\n<meta property=\"og:url\" content=\"https:\/\/www.distribucionarc.com\/lt\/producto\/tanque-de-pintura-a-presion-30l\/\" \/>\n<meta property=\"og:site_name\" content=\"distribuci\u00f3n ARC\" \/>\n<meta property=\"article:modified_time\" content=\"2020-10-09T14:05:44+00:00\" \/>\n<meta property=\"og:image\" content=\"https:\/\/distribucionarc.com\/wp-content\/uploads\/2020\/10\/Tanque-de-pintura-a-presi\u00f3n-30L-0.jpg\" \/>\n\t<meta property=\"og:image:width\" content=\"1600\" \/>\n\t<meta property=\"og:image:height\" content=\"1600\" \/>\n\t<meta property=\"og:image:type\" content=\"image\/jpeg\" \/>\n<meta name=\"twitter:card\" content=\"summary_large_image\" \/>\n<meta name=\"twitter:label1\" content=\"Gesch\u00e4tzte Lesezeit\" \/>\n\t<meta name=\"twitter:data1\" content=\"1\u00a0Minute\" \/>\n<script type=\"application\/ld+json\" class=\"yoast-schema-graph\">{\"@context\":\"https:\/\/schema.org\",\"@graph\":[{\"@type\":\"WebPage\",\"@id\":\"https:\/\/www.distribucionarc.com\/lt\/producto\/tanque-de-pintura-a-presion-30l\/\",\"url\":\"https:\/\/www.distribucionarc.com\/lt\/producto\/tanque-de-pintura-a-presion-30l\/\",\"name\":\"Tanque de pintura a presi\u00f3n 30L - distribuci\u00f3n ARC\",\"isPartOf\":{\"@id\":\"https:\/\/www.distribucionarc.com\/tr\/#website\"},\"primaryImageOfPage\":{\"@id\":\"https:\/\/www.distribucionarc.com\/lt\/producto\/tanque-de-pintura-a-presion-30l\/#primaryimage\"},\"image\":{\"@id\":\"https:\/\/www.distribucionarc.com\/lt\/producto\/tanque-de-pintura-a-presion-30l\/#primaryimage\"},\"thumbnailUrl\":\"https:\/\/distribucionarc.com\/wp-content\/uploads\/2020\/10\/Tanque-de-pintura-a-presi\u00f3n-30L-0.jpg\",\"datePublished\":\"2020-10-09T14:05:43+00:00\",\"dateModified\":\"2020-10-09T14:05:44+00:00\",\"breadcrumb\":{\"@id\":\"https:\/\/www.distribucionarc.com\/lt\/producto\/tanque-de-pintura-a-presion-30l\/#breadcrumb\"},\"inLanguage\":\"de\",\"potentialAction\":[{\"@type\":\"ReadAction\",\"target\":[\"https:\/\/www.distribucionarc.com\/lt\/producto\/tanque-de-pintura-a-presion-30l\/\"]}]},{\"@type\":\"ImageObject\",\"inLanguage\":\"de\",\"@id\":\"https:\/\/www.distribucionarc.com\/lt\/producto\/tanque-de-pintura-a-presion-30l\/#primaryimage\",\"url\":\"https:\/\/distribucionarc.com\/wp-content\/uploads\/2020\/10\/Tanque-de-pintura-a-presi\u00f3n-30L-0.jpg\",\"contentUrl\":\"https:\/\/distribucionarc.com\/wp-content\/uploads\/2020\/10\/Tanque-de-pintura-a-presi\u00f3n-30L-0.jpg\",\"width\":1600,\"height\":1600,\"caption\":\"Tanque de pintura a presi\u00f3n 30L\"},{\"@type\":\"BreadcrumbList\",\"@id\":\"https:\/\/www.distribucionarc.com\/lt\/producto\/tanque-de-pintura-a-presion-30l\/#breadcrumb\",\"itemListElement\":[{\"@type\":\"ListItem\",\"position\":1,\"name\":\"Portada\",\"item\":\"https:\/\/www.distribucionarc.com\/tr\/\"},{\"@type\":\"ListItem\",\"position\":2,\"name\":\"Produktai\",\"item\":\"https:\/\/distribucionarc.com\/lt\/parduotuve\/\"},{\"@type\":\"ListItem\",\"position\":3,\"name\":\"Tanque de pintura a presi\u00f3n 30L\"}]},{\"@type\":\"WebSite\",\"@id\":\"https:\/\/www.distribucionarc.com\/tr\/#website\",\"url\":\"https:\/\/www.distribucionarc.com\/tr\/\",\"name\":\"distribuci\u00f3n ARC\",\"description\":\"Empresa especializada en la fabricaci\u00f3n y distribuci\u00f3n de maquinaria industrial, selladoras de latas, Maquinas de hacer pastillas, Maquinas de cortar carne...\",\"publisher\":{\"@id\":\"https:\/\/www.distribucionarc.com\/tr\/#organization\"},\"potentialAction\":[{\"@type\":\"SearchAction\",\"target\":{\"@type\":\"EntryPoint\",\"urlTemplate\":\"https:\/\/www.distribucionarc.com\/tr\/?s={search_term_string}\"},\"query-input\":{\"@type\":\"PropertyValueSpecification\",\"valueRequired\":true,\"valueName\":\"search_term_string\"}}],\"inLanguage\":\"de\"},{\"@type\":\"Organization\",\"@id\":\"https:\/\/www.distribucionarc.com\/tr\/#organization\",\"name\":\"Distribuci\u00f3n ARC\",\"url\":\"https:\/\/www.distribucionarc.com\/tr\/\",\"logo\":{\"@type\":\"ImageObject\",\"inLanguage\":\"de\",\"@id\":\"https:\/\/www.distribucionarc.com\/tr\/#\/schema\/logo\/image\/\",\"url\":\"https:\/\/distribucionarc.com\/wp-content\/uploads\/2024\/10\/distribucion-ARC-COLOR-SIN-FONDO-e1732295305345.png\",\"contentUrl\":\"https:\/\/distribucionarc.com\/wp-content\/uploads\/2024\/10\/distribucion-ARC-COLOR-SIN-FONDO-e1732295305345.png\",\"width\":1164,\"height\":558,\"caption\":\"Distribuci\u00f3n ARC\"},\"image\":{\"@id\":\"https:\/\/www.distribucionarc.com\/tr\/#\/schema\/logo\/image\/\"},\"description\":\"Empresa especializada en la fabricaci\u00f3n y distribuci\u00f3n de maquinaria industrial para los sectores alimentario y farmac\u00e9utico. Nos especializamos en: M\u00e1quinas de cortar carne Fabricaci\u00f3n de comprimidos Sistemas de transporte industrial L\u00edneas de embotellado Dosificadores Y mucho m\u00e1s... Ofrecemos soluciones innovadoras y personalizadas para optimizar los procesos productivos de tu empresa.\",\"email\":\"Admistracion@distribucionarc.com\",\"telephone\":\"+34 643496664\",\"legalName\":\"ARC TECH SOLUTIONS\",\"foundingDate\":\"2024-04-09\",\"vatID\":\"B55480172\",\"numberOfEmployees\":{\"@type\":\"QuantitativeValue\",\"minValue\":\"1\",\"maxValue\":\"10\"}}]}<\/script>\n<!-- \/ Yoast SEO Premium plugin. -->","yoast_head_json":{"title":"30L Druckfarbbeh\u00e4lter - ARC distribution","robots":{"index":"index","follow":"follow","max-snippet":"max-snippet:-1","max-image-preview":"max-image-preview:large","max-video-preview":"max-video-preview:-1"},"canonical":"https:\/\/www.distribucionarc.com\/lt\/producto\/tanque-de-pintura-a-presion-30l\/","og_locale":"de_DE","og_type":"article","og_title":"Tanque de pintura a presi\u00f3n 30L","og_description":"Tanque agitador de pintura a presi\u00f3n manual\u00a0 30L Este Tanque de presi\u00f3n para pintura ARC en aerosol adopta materiales de primera calidad, resistentes a la corrosi\u00f3n, \u00e1cidos, sustancias con propiedades alcalinas, etc. El agitador de pintura est\u00e1 equipado con un regulador de presi\u00f3n de fluido, que se puede configurar con precisi\u00f3n. Dise\u00f1o de dep\u00f3sito y mango de acero inoxidable extra\u00edble para un funcionamiento suave. Esta m\u00e1quina para pintar es la adecuada para la industria automotriz, pinturas con base de aceite, l\u00e1tex, barniz, imprimaci\u00f3n, revestimiento de madera, adhesivo y dem\u00e1s revestimientos. Garant\u00eda\u00a0ARC 2 A\u00d1OS soporte t\u00e9cnico incluido","og_url":"https:\/\/www.distribucionarc.com\/lt\/producto\/tanque-de-pintura-a-presion-30l\/","og_site_name":"distribuci\u00f3n ARC","article_modified_time":"2020-10-09T14:05:44+00:00","og_image":[{"width":1600,"height":1600,"url":"https:\/\/distribucionarc.com\/wp-content\/uploads\/2020\/10\/Tanque-de-pintura-a-presi\u00f3n-30L-0.jpg","type":"image\/jpeg"}],"twitter_card":"summary_large_image","twitter_misc":{"Gesch\u00e4tzte Lesezeit":"1\u00a0Minute"},"schema":{"@context":"https:\/\/schema.org","@graph":[{"@type":"WebPage","@id":"https:\/\/www.distribucionarc.com\/lt\/producto\/tanque-de-pintura-a-presion-30l\/","url":"https:\/\/www.distribucionarc.com\/lt\/producto\/tanque-de-pintura-a-presion-30l\/","name":"30L Druckfarbbeh\u00e4lter - ARC distribution","isPartOf":{"@id":"https:\/\/www.distribucionarc.com\/tr\/#website"},"primaryImageOfPage":{"@id":"https:\/\/www.distribucionarc.com\/lt\/producto\/tanque-de-pintura-a-presion-30l\/#primaryimage"},"image":{"@id":"https:\/\/www.distribucionarc.com\/lt\/producto\/tanque-de-pintura-a-presion-30l\/#primaryimage"},"thumbnailUrl":"https:\/\/distribucionarc.com\/wp-content\/uploads\/2020\/10\/Tanque-de-pintura-a-presi\u00f3n-30L-0.jpg","datePublished":"2020-10-09T14:05:43+00:00","dateModified":"2020-10-09T14:05:44+00:00","breadcrumb":{"@id":"https:\/\/www.distribucionarc.com\/lt\/producto\/tanque-de-pintura-a-presion-30l\/#breadcrumb"},"inLanguage":"de","potentialAction":[{"@type":"ReadAction","target":["https:\/\/www.distribucionarc.com\/lt\/producto\/tanque-de-pintura-a-presion-30l\/"]}]},{"@type":"ImageObject","inLanguage":"de","@id":"https:\/\/www.distribucionarc.com\/lt\/producto\/tanque-de-pintura-a-presion-30l\/#primaryimage","url":"https:\/\/distribucionarc.com\/wp-content\/uploads\/2020\/10\/Tanque-de-pintura-a-presi\u00f3n-30L-0.jpg","contentUrl":"https:\/\/distribucionarc.com\/wp-content\/uploads\/2020\/10\/Tanque-de-pintura-a-presi\u00f3n-30L-0.jpg","width":1600,"height":1600,"caption":"Tanque de pintura a presi\u00f3n 30L"},{"@type":"BreadcrumbList","@id":"https:\/\/www.distribucionarc.com\/lt\/producto\/tanque-de-pintura-a-presion-30l\/#breadcrumb","itemListElement":[{"@type":"ListItem","position":1,"name":"Portada","item":"https:\/\/www.distribucionarc.com\/tr\/"},{"@type":"ListItem","position":2,"name":"Produktai","item":"https:\/\/distribucionarc.com\/lt\/parduotuve\/"},{"@type":"ListItem","position":3,"name":"Tanque de pintura a presi\u00f3n 30L"}]},{"@type":"WebSite","@id":"https:\/\/www.distribucionarc.com\/tr\/#website","url":"https:\/\/www.distribucionarc.com\/tr\/","name":"ARC-Verteilung","description":"Das Unternehmen ist auf die Herstellung und den Vertrieb von Industriemaschinen, Dosenverschlie\u00dfmaschinen, Tablettenmaschinen, Fleischschneidemaschinen...","publisher":{"@id":"https:\/\/www.distribucionarc.com\/tr\/#organization"},"potentialAction":[{"@type":"SearchAction","target":{"@type":"EntryPoint","urlTemplate":"https:\/\/www.distribucionarc.com\/tr\/?s={search_term_string}"},"query-input":{"@type":"PropertyValueSpecification","valueRequired":true,"valueName":"search_term_string"}}],"inLanguage":"de"},{"@type":"Organization","@id":"https:\/\/www.distribucionarc.com\/tr\/#organization","name":"ARC-Verteilung","url":"https:\/\/www.distribucionarc.com\/tr\/","logo":{"@type":"ImageObject","inLanguage":"de","@id":"https:\/\/www.distribucionarc.com\/tr\/#\/schema\/logo\/image\/","url":"https:\/\/distribucionarc.com\/wp-content\/uploads\/2024\/10\/distribucion-ARC-COLOR-SIN-FONDO-e1732295305345.png","contentUrl":"https:\/\/distribucionarc.com\/wp-content\/uploads\/2024\/10\/distribucion-ARC-COLOR-SIN-FONDO-e1732295305345.png","width":1164,"height":558,"caption":"Distribuci\u00f3n ARC"},"image":{"@id":"https:\/\/www.distribucionarc.com\/tr\/#\/schema\/logo\/image\/"},"description":"Unternehmen, das auf die Herstellung und den Vertrieb von Industriemaschinen f\u00fcr den Lebensmittel- und Pharmasektor spezialisiert ist. Wir sind spezialisiert auf: Fleischschneidemaschinen Tablettenherstellung Industrielle F\u00f6rdersysteme Abf\u00fcllanlagen Dispenser Und vieles mehr... Wir bieten innovative und ma\u00dfgeschneiderte L\u00f6sungen zur Optimierung der Produktionsprozesse in Ihrem Unternehmen.","email":"Admistracion@distribucionarc.com","telephone":"+34 643496664","legalName":"ARC TECH SOLUTIONS","foundingDate":"2024-04-09","vatID":"B55480172","numberOfEmployees":{"@type":"QuantitativeValue","minValue":"1","maxValue":"10"}}]}},"_links":{"self":[{"href":"https:\/\/distribucionarc.com\/de\/wp-json\/wp\/v2\/product\/3821","targetHints":{"allow":["GET"]}}],"collection":[{"href":"https:\/\/distribucionarc.com\/de\/wp-json\/wp\/v2\/product"}],"about":[{"href":"https:\/\/distribucionarc.com\/de\/wp-json\/wp\/v2\/types\/product"}],"replies":[{"embeddable":true,"href":"https:\/\/distribucionarc.com\/de\/wp-json\/wp\/v2\/comments?post=3821"}],"version-history":[{"count":0,"href":"https:\/\/distribucionarc.com\/de\/wp-json\/wp\/v2\/product\/3821\/revisions"}],"wp:featuredmedia":[{"embeddable":true,"href":"https:\/\/distribucionarc.com\/de\/wp-json\/wp\/v2\/media\/3829"}],"wp:attachment":[{"href":"https:\/\/distribucionarc.com\/de\/wp-json\/wp\/v2\/media?parent=3821"}],"wp:term":[{"taxonomy":"product_brand","embeddable":true,"href":"https:\/\/distribucionarc.com\/de\/wp-json\/wp\/v2\/product_brand?post=3821"},{"taxonomy":"product_cat","embeddable":true,"href":"https:\/\/distribucionarc.com\/de\/wp-json\/wp\/v2\/product_cat?post=3821"},{"taxonomy":"product_tag","embeddable":true,"href":"https:\/\/distribucionarc.com\/de\/wp-json\/wp\/v2\/product_tag?post=3821"}],"curies":[{"name":"wp","href":"https:\/\/api.w.org\/{rel}","templated":true}]}}