{"id":385,"date":"2020-04-18T15:20:05","date_gmt":"2020-04-18T15:20:05","guid":{"rendered":"https:\/\/distribucionarc.com\/?post_type=product&#038;p=385"},"modified":"2023-07-31T18:19:57","modified_gmt":"2023-07-31T18:19:57","slug":"automatischer-beutelverschlieser-%e2%99%be%ef%b8%8f-selbstverschliesende-maschine-fur-plastiktuten-aus-kunststoff","status":"publish","type":"product","link":"https:\/\/distribucionarc.com\/de\/producto\/selladora-de-bolsas-automatica-%e2%99%be%ef%b8%8f-maquina-de-autosellado-de-bolsas-plasticoaluniopapel\/","title":{"rendered":"Automatischer Beutelverschlie\u00dfer \u267e\ufe0f Selbstverschlie\u00dfmaschine f\u00fcr Kunststoff-, Aluminium- und Papiert\u00fcten"},"content":{"rendered":"<h3><strong>Automatischer Beutelverschlie\u00dfer \u267e\ufe0f Selbstverschlie\u00dfmaschine f\u00fcr Kunststoff-, Aluminium- und Papiert\u00fcten<\/strong><\/h3>\n<p>&nbsp;<\/p>\n<ul>\n<li>Kontinuierliches horizontales Tischschwei\u00dfen von Beuteln, ideal f\u00fcr mittlere und gro\u00dfe Produktionen.<\/li>\n<li>Hergestellt in\u00a0<strong>Edelstahl<\/strong>.<\/li>\n<li>Verschwei\u00dft Beutel aus beliebigen Kunststoffmaterialien. Seine Verwendung kann von Lebensmitteln bis hin zu sterilisierten Beuteln f\u00fcr medizinische Zwecke reichen.<\/li>\n<li><strong>Einstellbare F\u00f6rderbandgeschwindigkeit.<\/strong><\/li>\n<li><strong>Einstellbare L\u00f6ttemperatur.<\/strong><\/li>\n<li><strong>Inklusive Marker.<\/strong><\/li>\n<li>Es handelt sich um ein sehr robustes Ger\u00e4t aus lackiertem Stahl. Dieses Endlosbandschwei\u00dfger\u00e4t ist f\u00fcr den industriellen Einsatz konzipiert.<\/li>\n<li>Der Wechsel von einem Material zum anderen ist sehr einfach, und der Bediener kann die Schwei\u00dfart schnell und einfach anpassen: Schwei\u00dfdruck, Temperatur und Geschwindigkeit. Auf diese Weise wird ein perfektes Ergebnis erzielt.<\/li>\n<li>Die Breite des erhaltenen Dichtstoffs liegt zwischen 6 mm und 12 mm und die L\u00e4nge ist unbegrenzt.<\/li>\n<li>Die Wartung dieses Schwei\u00dfger\u00e4ts ist sehr einfach und wirtschaftlich, der Austausch der Schwei\u00dfb\u00e4nder dauert nur wenige Minuten.<\/li>\n<\/ul>\n<table border=\"0\" cellspacing=\"0\" cellpadding=\"0\">\n<thead>\n<tr>\n<th>TECHNISCHE EIGENSCHAFTEN<\/th>\n<th>AR900 KONTINUIERLICHE SCHWEISSMASCHINE<\/th>\n<\/tr>\n<\/thead>\n<tfoot>\n<tr>\n<td colspan=\"2\"><\/td>\n<\/tr>\n<\/tfoot>\n<tbody>\n<tr>\n<td>Stromspannung<\/td>\n<td>220 \u00b1 10 V, 50 Hz<\/td>\n<\/tr>\n<tr>\n<td>Leistung<\/td>\n<td>500W<\/td>\n<\/tr>\n<tr>\n<td>Abmessungen<\/td>\n<td>844 x 390 x 300 mm (L\u00e4nge x Breite x H\u00f6he)<\/td>\n<\/tr>\n<tr>\n<td>Schwei\u00dfnahtbreite<\/td>\n<td>von 6mm bis 12mm<\/td>\n<\/tr>\n<tr>\n<td>Temperaturbereich<\/td>\n<td>0-300 \u00b0C<\/td>\n<\/tr>\n<tr>\n<td>Gewicht<\/td>\n<td>30kg<\/td>\n<\/tr>\n<tr>\n<td>Schwei\u00dfgeschwindigkeit<\/td>\n<td>0-12 Meter\/Min<\/td>\n<\/tr>\n<\/tbody>\n<\/table>\n<div class=\"row\"><\/div>\n<div class=\"row\"><\/div>\n<p><iframe loading=\"lazy\" src=\"https:\/\/www.youtube.com\/embed\/YzkENIqPNVY\" width=\"560\" height=\"315\" frameborder=\"0\" allowfullscreen=\"allowfullscreen\"><\/iframe><br \/>\n<iframe loading=\"lazy\" src=\"https:\/\/www.youtube.com\/embed\/G3fXjF5u1L4\" width=\"560\" height=\"315\" frameborder=\"0\" allowfullscreen=\"allowfullscreen\"><\/iframe><\/p>","protected":false},"excerpt":{"rendered":"<p><strong>Horizontal kontinuierliches Siegelger\u00e4t<\/strong>.<\/p>\n<p>Desktop-Maschine, hergestellt in\u00a0<strong>Edelstahl<\/strong>,\u00a0<strong>Ideal f\u00fcr mittlere und gro\u00dfe Produktionen.<\/strong><\/p>\n<p>Es ist sehr einfach zu konfigurieren und garantiert eine perfekte Verschwei\u00dfung aller hei\u00dfsiegelbaren Materialien: Polyethylen (PE), Polypropylen (PP) und Laminate.<\/p>\n<p>Geeignet f\u00fcr alle Arten von Taschen<\/p>","protected":false},"featured_media":418,"comment_status":"open","ping_status":"closed","template":"","meta":{"wds_primary_product_brand":0,"wds_primary_product_cat":0},"product_brand":[],"product_cat":[15,27],"product_tag":[],"class_list":{"0":"post-385","1":"product","2":"type-product","3":"status-publish","4":"has-post-thumbnail","6":"product_cat-llenadoras-y-selladoras-automaticas-flow-pack-sachet","7":"product_cat-selladoras-de-bolsas","9":"first","10":"instock","11":"sale","12":"taxable","13":"shipping-taxable","14":"purchasable","15":"product-type-simple"},"yoast_head":"<!-- This site is optimized with the Yoast SEO Premium plugin v24.9 (Yoast SEO v26.1) - https:\/\/yoast.com\/wordpress\/plugins\/seo\/ -->\n<title>Selladora de Bolsas Autom\u00e1tica \u267e\ufe0f M\u00e1quina de Autosellado de Bolsas de Pl\u00e1stico, Aluminio, Papel - distribuci\u00f3n ARC<\/title>\n<meta name=\"robots\" content=\"index, follow, max-snippet:-1, max-image-preview:large, max-video-preview:-1\" \/>\n<link rel=\"canonical\" href=\"https:\/\/www.distribucionarc.com\/en\/producto\/selladora-de-bolsas-automatica-\u267e\ufe0f-maquina-de-autosellado-de-bolsas-plasticoaluniopapel\/\" \/>\n<meta property=\"og:locale\" content=\"de_DE\" \/>\n<meta property=\"og:type\" content=\"article\" \/>\n<meta property=\"og:title\" content=\"Selladora de Bolsas Autom\u00e1tica \u267e\ufe0f M\u00e1quina de Autosellado de Bolsas de Pl\u00e1stico, Aluminio, Papel\" \/>\n<meta property=\"og:description\" content=\"Selladora Horizontalmente en Continuo.  M\u00e1quina de sobremesa fabricada en\u00a0acero inoxidable,\u00a0ideal para medias y grandes producciones.  Muy f\u00e1cil de configurar, garantiza un soldado perfecto de cualquier material termosellable: polietileno (PE), polipropileno (PP) y laminados.  Adecuada para todo tipo de bolsas\" \/>\n<meta property=\"og:url\" content=\"https:\/\/www.distribucionarc.com\/en\/producto\/selladora-de-bolsas-automatica-\u267e\ufe0f-maquina-de-autosellado-de-bolsas-plasticoaluniopapel\/\" \/>\n<meta property=\"og:site_name\" content=\"distribuci\u00f3n ARC\" \/>\n<meta property=\"article:modified_time\" content=\"2023-07-31T18:19:57+00:00\" \/>\n<meta property=\"og:image\" content=\"https:\/\/distribucionarc.com\/wp-content\/uploads\/2020\/04\/selladora_de_bolsas_autom\u00e1tica_0.jpg\" \/>\n\t<meta property=\"og:image:width\" content=\"1600\" \/>\n\t<meta property=\"og:image:height\" content=\"1600\" \/>\n\t<meta property=\"og:image:type\" content=\"image\/jpeg\" \/>\n<meta name=\"twitter:card\" content=\"summary_large_image\" \/>\n<meta name=\"twitter:label1\" content=\"Gesch\u00e4tzte Lesezeit\" \/>\n\t<meta name=\"twitter:data1\" content=\"1\u00a0Minute\" \/>\n<script type=\"application\/ld+json\" class=\"yoast-schema-graph\">{\"@context\":\"https:\/\/schema.org\",\"@graph\":[{\"@type\":\"WebPage\",\"@id\":\"https:\/\/www.distribucionarc.com\/en\/producto\/selladora-de-bolsas-automatica-%e2%99%be%ef%b8%8f-maquina-de-autosellado-de-bolsas-plasticoaluniopapel\/\",\"url\":\"https:\/\/www.distribucionarc.com\/en\/producto\/selladora-de-bolsas-automatica-%e2%99%be%ef%b8%8f-maquina-de-autosellado-de-bolsas-plasticoaluniopapel\/\",\"name\":\"Selladora de Bolsas Autom\u00e1tica \u267e\ufe0f M\u00e1quina de Autosellado de Bolsas de Pl\u00e1stico, Aluminio, Papel - distribuci\u00f3n ARC\",\"isPartOf\":{\"@id\":\"https:\/\/www.distribucionarc.com\/sl\/#website\"},\"primaryImageOfPage\":{\"@id\":\"https:\/\/www.distribucionarc.com\/en\/producto\/selladora-de-bolsas-automatica-%e2%99%be%ef%b8%8f-maquina-de-autosellado-de-bolsas-plasticoaluniopapel\/#primaryimage\"},\"image\":{\"@id\":\"https:\/\/www.distribucionarc.com\/en\/producto\/selladora-de-bolsas-automatica-%e2%99%be%ef%b8%8f-maquina-de-autosellado-de-bolsas-plasticoaluniopapel\/#primaryimage\"},\"thumbnailUrl\":\"https:\/\/distribucionarc.com\/wp-content\/uploads\/2020\/04\/selladora_de_bolsas_autom\u00e1tica_0.jpg\",\"datePublished\":\"2020-04-18T15:20:05+00:00\",\"dateModified\":\"2023-07-31T18:19:57+00:00\",\"breadcrumb\":{\"@id\":\"https:\/\/www.distribucionarc.com\/en\/producto\/selladora-de-bolsas-automatica-%e2%99%be%ef%b8%8f-maquina-de-autosellado-de-bolsas-plasticoaluniopapel\/#breadcrumb\"},\"inLanguage\":\"de\",\"potentialAction\":[{\"@type\":\"ReadAction\",\"target\":[\"https:\/\/www.distribucionarc.com\/en\/producto\/selladora-de-bolsas-automatica-%e2%99%be%ef%b8%8f-maquina-de-autosellado-de-bolsas-plasticoaluniopapel\/\"]}]},{\"@type\":\"ImageObject\",\"inLanguage\":\"de\",\"@id\":\"https:\/\/www.distribucionarc.com\/en\/producto\/selladora-de-bolsas-automatica-%e2%99%be%ef%b8%8f-maquina-de-autosellado-de-bolsas-plasticoaluniopapel\/#primaryimage\",\"url\":\"https:\/\/distribucionarc.com\/wp-content\/uploads\/2020\/04\/selladora_de_bolsas_autom\u00e1tica_0.jpg\",\"contentUrl\":\"https:\/\/distribucionarc.com\/wp-content\/uploads\/2020\/04\/selladora_de_bolsas_autom\u00e1tica_0.jpg\",\"width\":1600,\"height\":1600},{\"@type\":\"BreadcrumbList\",\"@id\":\"https:\/\/www.distribucionarc.com\/en\/producto\/selladora-de-bolsas-automatica-%e2%99%be%ef%b8%8f-maquina-de-autosellado-de-bolsas-plasticoaluniopapel\/#breadcrumb\",\"itemListElement\":[{\"@type\":\"ListItem\",\"position\":1,\"name\":\"Portada\",\"item\":\"https:\/\/www.distribucionarc.com\/\"},{\"@type\":\"ListItem\",\"position\":2,\"name\":\"\u00dcr\u00fcnler\",\"item\":\"https:\/\/www.distribucionarc.com\/tr\/magaza\/\"},{\"@type\":\"ListItem\",\"position\":3,\"name\":\"Selladora de Bolsas Autom\u00e1tica \u267e\ufe0f M\u00e1quina de Autosellado de Bolsas de Pl\u00e1stico, Aluminio, Papel\"}]},{\"@type\":\"WebSite\",\"@id\":\"https:\/\/www.distribucionarc.com\/sl\/#website\",\"url\":\"https:\/\/www.distribucionarc.com\/sl\/\",\"name\":\"distribuci\u00f3n ARC\",\"description\":\"Empresa especializada en la fabricaci\u00f3n y distribuci\u00f3n de maquinaria industrial, selladoras de latas, Maquinas de hacer pastillas, Maquinas de cortar carne...\",\"publisher\":{\"@id\":\"https:\/\/www.distribucionarc.com\/sl\/#organization\"},\"potentialAction\":[{\"@type\":\"SearchAction\",\"target\":{\"@type\":\"EntryPoint\",\"urlTemplate\":\"https:\/\/www.distribucionarc.com\/sl\/?s={search_term_string}\"},\"query-input\":{\"@type\":\"PropertyValueSpecification\",\"valueRequired\":true,\"valueName\":\"search_term_string\"}}],\"inLanguage\":\"de\"},{\"@type\":\"Organization\",\"@id\":\"https:\/\/www.distribucionarc.com\/sl\/#organization\",\"name\":\"Distribuci\u00f3n ARC\",\"url\":\"https:\/\/www.distribucionarc.com\/sl\/\",\"logo\":{\"@type\":\"ImageObject\",\"inLanguage\":\"de\",\"@id\":\"https:\/\/www.distribucionarc.com\/sl\/#\/schema\/logo\/image\/\",\"url\":\"https:\/\/distribucionarc.com\/wp-content\/uploads\/2024\/10\/distribucion-ARC-COLOR-SIN-FONDO-e1732295305345.png\",\"contentUrl\":\"https:\/\/distribucionarc.com\/wp-content\/uploads\/2024\/10\/distribucion-ARC-COLOR-SIN-FONDO-e1732295305345.png\",\"width\":1164,\"height\":558,\"caption\":\"Distribuci\u00f3n ARC\"},\"image\":{\"@id\":\"https:\/\/www.distribucionarc.com\/sl\/#\/schema\/logo\/image\/\"},\"description\":\"Empresa especializada en la fabricaci\u00f3n y distribuci\u00f3n de maquinaria industrial para los sectores alimentario y farmac\u00e9utico. Nos especializamos en: M\u00e1quinas de cortar carne Fabricaci\u00f3n de comprimidos Sistemas de transporte industrial L\u00edneas de embotellado Dosificadores Y mucho m\u00e1s... Ofrecemos soluciones innovadoras y personalizadas para optimizar los procesos productivos de tu empresa.\",\"email\":\"Admistracion@distribucionarc.com\",\"telephone\":\"+34 643496664\",\"legalName\":\"ARC TECH SOLUTIONS\",\"foundingDate\":\"2024-04-09\",\"vatID\":\"B55480172\",\"numberOfEmployees\":{\"@type\":\"QuantitativeValue\",\"minValue\":\"1\",\"maxValue\":\"10\"}}]}<\/script>\n<!-- \/ Yoast SEO Premium plugin. -->","yoast_head_json":{"title":"Automatischer Beutelverschlie\u00dfer \u267e\ufe0f Selbstverschlie\u00dfmaschine f\u00fcr Kunststoff-, Aluminium- und Papiert\u00fcten \u2013 ARC-Vertrieb","robots":{"index":"index","follow":"follow","max-snippet":"max-snippet:-1","max-image-preview":"max-image-preview:large","max-video-preview":"max-video-preview:-1"},"canonical":"https:\/\/www.distribucionarc.com\/en\/producto\/selladora-de-bolsas-automatica-\u267e\ufe0f-maquina-de-autosellado-de-bolsas-plasticoaluniopapel\/","og_locale":"de_DE","og_type":"article","og_title":"Selladora de Bolsas Autom\u00e1tica \u267e\ufe0f M\u00e1quina de Autosellado de Bolsas de Pl\u00e1stico, Aluminio, Papel","og_description":"Selladora Horizontalmente en Continuo.  M\u00e1quina de sobremesa fabricada en\u00a0acero inoxidable,\u00a0ideal para medias y grandes producciones.  Muy f\u00e1cil de configurar, garantiza un soldado perfecto de cualquier material termosellable: polietileno (PE), polipropileno (PP) y laminados.  Adecuada para todo tipo de bolsas","og_url":"https:\/\/www.distribucionarc.com\/en\/producto\/selladora-de-bolsas-automatica-\u267e\ufe0f-maquina-de-autosellado-de-bolsas-plasticoaluniopapel\/","og_site_name":"distribuci\u00f3n ARC","article_modified_time":"2023-07-31T18:19:57+00:00","og_image":[{"width":1600,"height":1600,"url":"https:\/\/distribucionarc.com\/wp-content\/uploads\/2020\/04\/selladora_de_bolsas_autom\u00e1tica_0.jpg","type":"image\/jpeg"}],"twitter_card":"summary_large_image","twitter_misc":{"Gesch\u00e4tzte Lesezeit":"1\u00a0Minute"},"schema":{"@context":"https:\/\/schema.org","@graph":[{"@type":"WebPage","@id":"https:\/\/www.distribucionarc.com\/en\/producto\/selladora-de-bolsas-automatica-%e2%99%be%ef%b8%8f-maquina-de-autosellado-de-bolsas-plasticoaluniopapel\/","url":"https:\/\/www.distribucionarc.com\/en\/producto\/selladora-de-bolsas-automatica-%e2%99%be%ef%b8%8f-maquina-de-autosellado-de-bolsas-plasticoaluniopapel\/","name":"Automatischer Beutelverschlie\u00dfer \u267e\ufe0f Selbstverschlie\u00dfmaschine f\u00fcr Kunststoff-, Aluminium- und Papiert\u00fcten \u2013 ARC-Vertrieb","isPartOf":{"@id":"https:\/\/www.distribucionarc.com\/sl\/#website"},"primaryImageOfPage":{"@id":"https:\/\/www.distribucionarc.com\/en\/producto\/selladora-de-bolsas-automatica-%e2%99%be%ef%b8%8f-maquina-de-autosellado-de-bolsas-plasticoaluniopapel\/#primaryimage"},"image":{"@id":"https:\/\/www.distribucionarc.com\/en\/producto\/selladora-de-bolsas-automatica-%e2%99%be%ef%b8%8f-maquina-de-autosellado-de-bolsas-plasticoaluniopapel\/#primaryimage"},"thumbnailUrl":"https:\/\/distribucionarc.com\/wp-content\/uploads\/2020\/04\/selladora_de_bolsas_autom\u00e1tica_0.jpg","datePublished":"2020-04-18T15:20:05+00:00","dateModified":"2023-07-31T18:19:57+00:00","breadcrumb":{"@id":"https:\/\/www.distribucionarc.com\/en\/producto\/selladora-de-bolsas-automatica-%e2%99%be%ef%b8%8f-maquina-de-autosellado-de-bolsas-plasticoaluniopapel\/#breadcrumb"},"inLanguage":"de","potentialAction":[{"@type":"ReadAction","target":["https:\/\/www.distribucionarc.com\/en\/producto\/selladora-de-bolsas-automatica-%e2%99%be%ef%b8%8f-maquina-de-autosellado-de-bolsas-plasticoaluniopapel\/"]}]},{"@type":"ImageObject","inLanguage":"de","@id":"https:\/\/www.distribucionarc.com\/en\/producto\/selladora-de-bolsas-automatica-%e2%99%be%ef%b8%8f-maquina-de-autosellado-de-bolsas-plasticoaluniopapel\/#primaryimage","url":"https:\/\/distribucionarc.com\/wp-content\/uploads\/2020\/04\/selladora_de_bolsas_autom\u00e1tica_0.jpg","contentUrl":"https:\/\/distribucionarc.com\/wp-content\/uploads\/2020\/04\/selladora_de_bolsas_autom\u00e1tica_0.jpg","width":1600,"height":1600},{"@type":"BreadcrumbList","@id":"https:\/\/www.distribucionarc.com\/en\/producto\/selladora-de-bolsas-automatica-%e2%99%be%ef%b8%8f-maquina-de-autosellado-de-bolsas-plasticoaluniopapel\/#breadcrumb","itemListElement":[{"@type":"ListItem","position":1,"name":"Portada","item":"https:\/\/www.distribucionarc.com\/"},{"@type":"ListItem","position":2,"name":"\u00dcr\u00fcnler","item":"https:\/\/www.distribucionarc.com\/tr\/magaza\/"},{"@type":"ListItem","position":3,"name":"Selladora de Bolsas Autom\u00e1tica \u267e\ufe0f M\u00e1quina de Autosellado de Bolsas de Pl\u00e1stico, Aluminio, Papel"}]},{"@type":"WebSite","@id":"https:\/\/www.distribucionarc.com\/sl\/#website","url":"https:\/\/www.distribucionarc.com\/sl\/","name":"ARC-Verteilung","description":"Das Unternehmen ist auf die Herstellung und den Vertrieb von Industriemaschinen, Dosenverschlie\u00dfmaschinen, Tablettenmaschinen, Fleischschneidemaschinen...","publisher":{"@id":"https:\/\/www.distribucionarc.com\/sl\/#organization"},"potentialAction":[{"@type":"SearchAction","target":{"@type":"EntryPoint","urlTemplate":"https:\/\/www.distribucionarc.com\/sl\/?s={search_term_string}"},"query-input":{"@type":"PropertyValueSpecification","valueRequired":true,"valueName":"search_term_string"}}],"inLanguage":"de"},{"@type":"Organization","@id":"https:\/\/www.distribucionarc.com\/sl\/#organization","name":"ARC-Verteilung","url":"https:\/\/www.distribucionarc.com\/sl\/","logo":{"@type":"ImageObject","inLanguage":"de","@id":"https:\/\/www.distribucionarc.com\/sl\/#\/schema\/logo\/image\/","url":"https:\/\/distribucionarc.com\/wp-content\/uploads\/2024\/10\/distribucion-ARC-COLOR-SIN-FONDO-e1732295305345.png","contentUrl":"https:\/\/distribucionarc.com\/wp-content\/uploads\/2024\/10\/distribucion-ARC-COLOR-SIN-FONDO-e1732295305345.png","width":1164,"height":558,"caption":"Distribuci\u00f3n ARC"},"image":{"@id":"https:\/\/www.distribucionarc.com\/sl\/#\/schema\/logo\/image\/"},"description":"Unternehmen, das auf die Herstellung und den Vertrieb von Industriemaschinen f\u00fcr den Lebensmittel- und Pharmasektor spezialisiert ist. Wir sind spezialisiert auf: Fleischschneidemaschinen Tablettenherstellung Industrielle F\u00f6rdersysteme Abf\u00fcllanlagen Dispenser Und vieles mehr... Wir bieten innovative und ma\u00dfgeschneiderte L\u00f6sungen zur Optimierung der Produktionsprozesse in Ihrem Unternehmen.","email":"Admistracion@distribucionarc.com","telephone":"+34 643496664","legalName":"ARC TECH SOLUTIONS","foundingDate":"2024-04-09","vatID":"B55480172","numberOfEmployees":{"@type":"QuantitativeValue","minValue":"1","maxValue":"10"}}]}},"_links":{"self":[{"href":"https:\/\/distribucionarc.com\/de\/wp-json\/wp\/v2\/product\/385","targetHints":{"allow":["GET"]}}],"collection":[{"href":"https:\/\/distribucionarc.com\/de\/wp-json\/wp\/v2\/product"}],"about":[{"href":"https:\/\/distribucionarc.com\/de\/wp-json\/wp\/v2\/types\/product"}],"replies":[{"embeddable":true,"href":"https:\/\/distribucionarc.com\/de\/wp-json\/wp\/v2\/comments?post=385"}],"version-history":[{"count":0,"href":"https:\/\/distribucionarc.com\/de\/wp-json\/wp\/v2\/product\/385\/revisions"}],"wp:featuredmedia":[{"embeddable":true,"href":"https:\/\/distribucionarc.com\/de\/wp-json\/wp\/v2\/media\/418"}],"wp:attachment":[{"href":"https:\/\/distribucionarc.com\/de\/wp-json\/wp\/v2\/media?parent=385"}],"wp:term":[{"taxonomy":"product_brand","embeddable":true,"href":"https:\/\/distribucionarc.com\/de\/wp-json\/wp\/v2\/product_brand?post=385"},{"taxonomy":"product_cat","embeddable":true,"href":"https:\/\/distribucionarc.com\/de\/wp-json\/wp\/v2\/product_cat?post=385"},{"taxonomy":"product_tag","embeddable":true,"href":"https:\/\/distribucionarc.com\/de\/wp-json\/wp\/v2\/product_tag?post=385"}],"curies":[{"name":"wp","href":"https:\/\/api.w.org\/{rel}","templated":true}]}}