{"id":3890,"date":"2020-10-10T15:15:11","date_gmt":"2020-10-10T15:15:11","guid":{"rendered":"https:\/\/distribucionarc.com\/?post_type=product&#038;p=3890"},"modified":"2023-07-31T09:33:47","modified_gmt":"2023-07-31T09:33:47","slug":"industrielle-elektrische-muhle","status":"publish","type":"product","link":"https:\/\/distribucionarc.com\/de\/producto\/molino-electrico-industrial\/","title":{"rendered":"Industrielle elektrische M\u00fchle"},"content":{"rendered":"<h3>Elektrische M\u00fchle f\u00fcr Getreide und Getreide<\/h3>\n<p>Das Geh\u00e4use davon<strong> elektrische M\u00fchle <span style=\"color: #ff0000;\">ZU<\/span><span style=\"color: #0000ff;\">R<\/span>C<\/strong> Es besteht aus verzinktem Eisen und verhindert so, dass die M\u00fchle w\u00e4hrend des Mahlvorgangs rostet oder sich verformt. Holen Sie sich eine feine Vollkornmahlung aus jedem Getreide oder M\u00fcsli.  Dank des leistungsstarken 2000-W-Motors, der mit 1400 U\/min arbeitet, ist diese M\u00fchle sowohl einfach zu bedienen als auch schnell.<\/p>\n<p>Das <strong>Schleifmaschine <span style=\"color: #ff0000;\">ZU<\/span><span style=\"color: #0000ff;\">R<\/span>CME2K<\/strong> Es eignet sich zum Mahlen und Zerkleinern von Mais, Reis, Getreide, Getreide, Sojabohnen usw. Geeignet zur Herstellung von Mehlen oder Zubereitungen f\u00fcr Pflanzenmilch. Gleichzeitig kann damit Futter hergestellt und gemahlen werden.<\/p>\n<h6><strong>Garantie\u00a0<span style=\"color: #ff0000;\">ZU<\/span><span style=\"color: #0000ff;\">R<\/span>C 2 JAHRE<\/strong><\/h6>\n<h6><span style=\"color: #008000;\">Effiziente elektrische M\u00fchle, geringer Verbrauch 2000 W<\/span><\/h6>\n<h6><strong>Technischer Support inklusive<\/strong><\/h6>\n<p>&nbsp;<\/p>\n<table role=\"presentation\" width=\"100%\" cellspacing=\"0\" cellpadding=\"0\">\n<tbody>\n<tr>\n<td class=\"attrLabels\">Marke:<\/td>\n<td width=\"50.0%\">BOGEN<\/td>\n<\/tr>\n<tr>\n<td class=\"attrLabels\">Garantie:<\/td>\n<td width=\"50.0%\">2 Jahre<\/td>\n<td class=\"attrLabels\">Gewicht:<\/td>\n<td width=\"50.0%\">28kg<\/td>\n<\/tr>\n<tr>\n<td class=\"attrLabels\">Vertriebsland:<\/td>\n<td width=\"50.0%\">Spanien, Deutschland, USA<\/td>\n<td class=\"attrLabels\">H\u00f6he:<\/td>\n<td width=\"50.0%\">27cm<\/td>\n<\/tr>\n<tr>\n<td class=\"attrLabels\">Farbe:<\/td>\n<td width=\"50.0%\">Gr\u00fcn<\/td>\n<td class=\"attrLabels\">Lang:<\/td>\n<td width=\"50.0%\">58cm<\/td>\n<\/tr>\n<tr>\n<td class=\"attrLabels\">Produkttyp:<\/td>\n<td width=\"50.0%\">Elektrische Schleifmaschine<\/td>\n<td class=\"attrLabels\">Breit:<\/td>\n<td width=\"50.0%\">43cm<\/td>\n<\/tr>\n<tr>\n<td class=\"attrLabels\">Herstellernummer:<\/td>\n<td width=\"50.0%\">ARCME2K<\/td>\n<td class=\"attrLabels\">Mahlleistung:<\/td>\n<td width=\"50.0%\">50 \u2013 80 kg\/Stunde je nach Getreideart bzw. Getreideart<\/td>\n<\/tr>\n<tr>\n<td class=\"attrLabels\">Material:<\/td>\n<td width=\"50.0%\">verzinkter Stahl, effizienter Motor<\/td>\n<td class=\"attrLabels\">Verfeinerung:<\/td>\n<td width=\"50.0%\">50 kg\/Stunde<\/td>\n<\/tr>\n<tr>\n<td class=\"attrLabels\">Stromspannung:<\/td>\n<td width=\"50.0%\">220V 50Hz bis 60Hz<\/td>\n<td class=\"attrLabels\">Bohrergr\u00f6\u00dfe:<\/td>\n<td width=\"50.0%\">150mm<\/td>\n<\/tr>\n<tr>\n<td class=\"attrLabels\">Leistung:<\/td>\n<td width=\"50.0%\">2000W<\/td>\n<td class=\"attrLabels\">Spin-Typ:<\/td>\n<td width=\"50.0%\">\u00a0Gegen den Uhrzeigersinn<\/td>\n<\/tr>\n<\/tbody>\n<\/table>","protected":false},"excerpt":{"rendered":"<h2>Elektrische M\u00fchle f\u00fcr Getreide und Getreide<\/h2>\n<p>Das <strong>Schleifmaschine<\/strong> Es eignet sich zum Zerkleinern von Mais, Reis, Getreide, Getreide, Sojabohnen usw. Geeignet zur Herstellung von Mehlen oder Zubereitungen f\u00fcr Pflanzenmilch. Gleichzeitig kann damit Futter hergestellt und gemahlen werden. Sparen Sie Zeit und Geld mit diesem leistungsstarken Elektromotor. <strong>Windm\u00fchle<span style=\"color: #ff0000;\"> ZU<\/span><span style=\"color: #0000ff;\">R<\/span>C<\/strong><\/p>\n<h6><strong>Garantie\u00a0<span style=\"color: #ff0000;\">ZU<\/span><span style=\"color: #0000ff;\">R<\/span>C 2 JAHRE<\/strong><\/h6>\n<h6><span style=\"color: #008000;\">Effiziente elektrische M\u00fchle, geringer Verbrauch 2000 W<\/span><\/h6>\n<h6><strong>Technischer Support inklusive<\/strong><\/h6>","protected":false},"featured_media":3896,"comment_status":"open","ping_status":"closed","template":"","meta":{"wds_primary_product_brand":0,"wds_primary_product_cat":0},"product_brand":[],"product_cat":[30],"product_tag":[],"class_list":{"0":"post-3890","1":"product","2":"type-product","3":"status-publish","4":"has-post-thumbnail","6":"product_cat-maquinaria-apicola","7":"product_shipping_class-hosteleria","9":"first","10":"instock","11":"taxable","12":"shipping-taxable","13":"purchasable","14":"product-type-simple"},"yoast_head":"<!-- This site is optimized with the Yoast SEO Premium plugin v24.9 (Yoast SEO v26.1) - https:\/\/yoast.com\/wordpress\/plugins\/seo\/ -->\n<title>Molino el\u00e9ctrico industrial - distribuci\u00f3n ARC<\/title>\n<meta name=\"robots\" content=\"index, follow, max-snippet:-1, max-image-preview:large, max-video-preview:-1\" \/>\n<link rel=\"canonical\" href=\"https:\/\/distribucionarc.com\/de\/produkt-2\/industrielle-elektrische-muhle\/\" \/>\n<meta property=\"og:locale\" content=\"de_DE\" \/>\n<meta property=\"og:type\" content=\"article\" \/>\n<meta property=\"og:title\" content=\"Molino el\u00e9ctrico industrial\" \/>\n<meta property=\"og:description\" content=\"Molino el\u00e9ctrico para granos y cereales Esta m\u00e1quina para moler es adecuada para triturar ma\u00edz, arroz, granos, cereales, soja, etc. Adecuada para elaborar harinas o preparados para leches vegetales. Al mismo tiempo, se puede utilizar para elaborar y \u00a0triturar piensos. Ahorre tiempo y dinero con el potente motor el\u00e9ctrico de este molino ARC Garant\u00eda\u00a0ARC 2 A\u00d1OS Molino el\u00e9ctrico eficiente, bajo consumo 2000w soporte t\u00e9cnico incluido\" \/>\n<meta property=\"og:url\" content=\"https:\/\/distribucionarc.com\/de\/produkt-2\/industrielle-elektrische-muhle\/\" \/>\n<meta property=\"og:site_name\" content=\"distribuci\u00f3n ARC\" \/>\n<meta property=\"article:modified_time\" content=\"2023-07-31T09:33:47+00:00\" \/>\n<meta property=\"og:image\" content=\"https:\/\/distribucionarc.com\/wp-content\/uploads\/2020\/10\/Molino-el\u00e9ctrico-industrial-0.jpg\" \/>\n\t<meta property=\"og:image:width\" content=\"800\" \/>\n\t<meta property=\"og:image:height\" content=\"800\" \/>\n\t<meta property=\"og:image:type\" content=\"image\/jpeg\" \/>\n<meta name=\"twitter:card\" content=\"summary_large_image\" \/>\n<meta name=\"twitter:label1\" content=\"Gesch\u00e4tzte Lesezeit\" \/>\n\t<meta name=\"twitter:data1\" content=\"1\u00a0Minute\" \/>\n<script type=\"application\/ld+json\" class=\"yoast-schema-graph\">{\"@context\":\"https:\/\/schema.org\",\"@graph\":[{\"@type\":\"WebPage\",\"@id\":\"https:\/\/distribucionarc.com\/pl\/producto\/molino-electrico-industrial\/\",\"url\":\"https:\/\/distribucionarc.com\/pl\/producto\/molino-electrico-industrial\/\",\"name\":\"Molino el\u00e9ctrico industrial - distribuci\u00f3n ARC\",\"isPartOf\":{\"@id\":\"https:\/\/www.distribucionarc.com\/sl\/#website\"},\"primaryImageOfPage\":{\"@id\":\"https:\/\/distribucionarc.com\/pl\/producto\/molino-electrico-industrial\/#primaryimage\"},\"image\":{\"@id\":\"https:\/\/distribucionarc.com\/pl\/producto\/molino-electrico-industrial\/#primaryimage\"},\"thumbnailUrl\":\"https:\/\/distribucionarc.com\/wp-content\/uploads\/2020\/10\/Molino-el\u00e9ctrico-industrial-0.jpg\",\"datePublished\":\"2020-10-10T15:15:11+00:00\",\"dateModified\":\"2023-07-31T09:33:47+00:00\",\"breadcrumb\":{\"@id\":\"https:\/\/distribucionarc.com\/pl\/producto\/molino-electrico-industrial\/#breadcrumb\"},\"inLanguage\":\"de\",\"potentialAction\":[{\"@type\":\"ReadAction\",\"target\":[\"https:\/\/distribucionarc.com\/pl\/producto\/molino-electrico-industrial\/\"]}]},{\"@type\":\"ImageObject\",\"inLanguage\":\"de\",\"@id\":\"https:\/\/distribucionarc.com\/pl\/producto\/molino-electrico-industrial\/#primaryimage\",\"url\":\"https:\/\/distribucionarc.com\/wp-content\/uploads\/2020\/10\/Molino-el\u00e9ctrico-industrial-0.jpg\",\"contentUrl\":\"https:\/\/distribucionarc.com\/wp-content\/uploads\/2020\/10\/Molino-el\u00e9ctrico-industrial-0.jpg\",\"width\":800,\"height\":800,\"caption\":\"Molino el\u00e9ctrico industrial\"},{\"@type\":\"BreadcrumbList\",\"@id\":\"https:\/\/distribucionarc.com\/pl\/producto\/molino-electrico-industrial\/#breadcrumb\",\"itemListElement\":[{\"@type\":\"ListItem\",\"position\":1,\"name\":\"Portada\",\"item\":\"https:\/\/www.distribucionarc.com\/\"},{\"@type\":\"ListItem\",\"position\":2,\"name\":\"\u00dcr\u00fcnler\",\"item\":\"https:\/\/www.distribucionarc.com\/tr\/magaza\/\"},{\"@type\":\"ListItem\",\"position\":3,\"name\":\"Molino el\u00e9ctrico industrial\"}]},{\"@type\":\"WebSite\",\"@id\":\"https:\/\/www.distribucionarc.com\/sl\/#website\",\"url\":\"https:\/\/www.distribucionarc.com\/sl\/\",\"name\":\"distribuci\u00f3n ARC\",\"description\":\"Empresa especializada en la fabricaci\u00f3n y distribuci\u00f3n de maquinaria industrial, selladoras de latas, Maquinas de hacer pastillas, Maquinas de cortar carne...\",\"publisher\":{\"@id\":\"https:\/\/www.distribucionarc.com\/sl\/#organization\"},\"potentialAction\":[{\"@type\":\"SearchAction\",\"target\":{\"@type\":\"EntryPoint\",\"urlTemplate\":\"https:\/\/www.distribucionarc.com\/sl\/?s={search_term_string}\"},\"query-input\":{\"@type\":\"PropertyValueSpecification\",\"valueRequired\":true,\"valueName\":\"search_term_string\"}}],\"inLanguage\":\"de\"},{\"@type\":\"Organization\",\"@id\":\"https:\/\/www.distribucionarc.com\/sl\/#organization\",\"name\":\"Distribuci\u00f3n ARC\",\"url\":\"https:\/\/www.distribucionarc.com\/sl\/\",\"logo\":{\"@type\":\"ImageObject\",\"inLanguage\":\"de\",\"@id\":\"https:\/\/www.distribucionarc.com\/sl\/#\/schema\/logo\/image\/\",\"url\":\"https:\/\/distribucionarc.com\/wp-content\/uploads\/2024\/10\/distribucion-ARC-COLOR-SIN-FONDO-e1732295305345.png\",\"contentUrl\":\"https:\/\/distribucionarc.com\/wp-content\/uploads\/2024\/10\/distribucion-ARC-COLOR-SIN-FONDO-e1732295305345.png\",\"width\":1164,\"height\":558,\"caption\":\"Distribuci\u00f3n ARC\"},\"image\":{\"@id\":\"https:\/\/www.distribucionarc.com\/sl\/#\/schema\/logo\/image\/\"},\"description\":\"Empresa especializada en la fabricaci\u00f3n y distribuci\u00f3n de maquinaria industrial para los sectores alimentario y farmac\u00e9utico. Nos especializamos en: M\u00e1quinas de cortar carne Fabricaci\u00f3n de comprimidos Sistemas de transporte industrial L\u00edneas de embotellado Dosificadores Y mucho m\u00e1s... Ofrecemos soluciones innovadoras y personalizadas para optimizar los procesos productivos de tu empresa.\",\"email\":\"Admistracion@distribucionarc.com\",\"telephone\":\"+34 643496664\",\"legalName\":\"ARC TECH SOLUTIONS\",\"foundingDate\":\"2024-04-09\",\"vatID\":\"B55480172\",\"numberOfEmployees\":{\"@type\":\"QuantitativeValue\",\"minValue\":\"1\",\"maxValue\":\"10\"}}]}<\/script>\n<!-- \/ Yoast SEO Premium plugin. -->","yoast_head_json":{"title":"Industrielle elektrische M\u00fchle \u2013 ARC-Vertrieb","robots":{"index":"index","follow":"follow","max-snippet":"max-snippet:-1","max-image-preview":"max-image-preview:large","max-video-preview":"max-video-preview:-1"},"canonical":"https:\/\/distribucionarc.com\/de\/produkt-2\/industrielle-elektrische-muhle\/","og_locale":"de_DE","og_type":"article","og_title":"Molino el\u00e9ctrico industrial","og_description":"Molino el\u00e9ctrico para granos y cereales Esta m\u00e1quina para moler es adecuada para triturar ma\u00edz, arroz, granos, cereales, soja, etc. Adecuada para elaborar harinas o preparados para leches vegetales. Al mismo tiempo, se puede utilizar para elaborar y \u00a0triturar piensos. Ahorre tiempo y dinero con el potente motor el\u00e9ctrico de este molino ARC Garant\u00eda\u00a0ARC 2 A\u00d1OS Molino el\u00e9ctrico eficiente, bajo consumo 2000w soporte t\u00e9cnico incluido","og_url":"https:\/\/distribucionarc.com\/de\/produkt-2\/industrielle-elektrische-muhle\/","og_site_name":"distribuci\u00f3n ARC","article_modified_time":"2023-07-31T09:33:47+00:00","og_image":[{"width":800,"height":800,"url":"https:\/\/distribucionarc.com\/wp-content\/uploads\/2020\/10\/Molino-el\u00e9ctrico-industrial-0.jpg","type":"image\/jpeg"}],"twitter_card":"summary_large_image","twitter_misc":{"Gesch\u00e4tzte Lesezeit":"1\u00a0Minute"},"schema":{"@context":"https:\/\/schema.org","@graph":[{"@type":"WebPage","@id":"https:\/\/distribucionarc.com\/pl\/producto\/molino-electrico-industrial\/","url":"https:\/\/distribucionarc.com\/pl\/producto\/molino-electrico-industrial\/","name":"Industrielle elektrische M\u00fchle \u2013 ARC-Vertrieb","isPartOf":{"@id":"https:\/\/www.distribucionarc.com\/sl\/#website"},"primaryImageOfPage":{"@id":"https:\/\/distribucionarc.com\/pl\/producto\/molino-electrico-industrial\/#primaryimage"},"image":{"@id":"https:\/\/distribucionarc.com\/pl\/producto\/molino-electrico-industrial\/#primaryimage"},"thumbnailUrl":"https:\/\/distribucionarc.com\/wp-content\/uploads\/2020\/10\/Molino-el\u00e9ctrico-industrial-0.jpg","datePublished":"2020-10-10T15:15:11+00:00","dateModified":"2023-07-31T09:33:47+00:00","breadcrumb":{"@id":"https:\/\/distribucionarc.com\/pl\/producto\/molino-electrico-industrial\/#breadcrumb"},"inLanguage":"de","potentialAction":[{"@type":"ReadAction","target":["https:\/\/distribucionarc.com\/pl\/producto\/molino-electrico-industrial\/"]}]},{"@type":"ImageObject","inLanguage":"de","@id":"https:\/\/distribucionarc.com\/pl\/producto\/molino-electrico-industrial\/#primaryimage","url":"https:\/\/distribucionarc.com\/wp-content\/uploads\/2020\/10\/Molino-el\u00e9ctrico-industrial-0.jpg","contentUrl":"https:\/\/distribucionarc.com\/wp-content\/uploads\/2020\/10\/Molino-el\u00e9ctrico-industrial-0.jpg","width":800,"height":800,"caption":"Molino el\u00e9ctrico industrial"},{"@type":"BreadcrumbList","@id":"https:\/\/distribucionarc.com\/pl\/producto\/molino-electrico-industrial\/#breadcrumb","itemListElement":[{"@type":"ListItem","position":1,"name":"Portada","item":"https:\/\/www.distribucionarc.com\/"},{"@type":"ListItem","position":2,"name":"\u00dcr\u00fcnler","item":"https:\/\/www.distribucionarc.com\/tr\/magaza\/"},{"@type":"ListItem","position":3,"name":"Molino el\u00e9ctrico industrial"}]},{"@type":"WebSite","@id":"https:\/\/www.distribucionarc.com\/sl\/#website","url":"https:\/\/www.distribucionarc.com\/sl\/","name":"ARC-Verteilung","description":"Das Unternehmen ist auf die Herstellung und den Vertrieb von Industriemaschinen, Dosenverschlie\u00dfmaschinen, Tablettenmaschinen, Fleischschneidemaschinen...","publisher":{"@id":"https:\/\/www.distribucionarc.com\/sl\/#organization"},"potentialAction":[{"@type":"SearchAction","target":{"@type":"EntryPoint","urlTemplate":"https:\/\/www.distribucionarc.com\/sl\/?s={search_term_string}"},"query-input":{"@type":"PropertyValueSpecification","valueRequired":true,"valueName":"search_term_string"}}],"inLanguage":"de"},{"@type":"Organization","@id":"https:\/\/www.distribucionarc.com\/sl\/#organization","name":"ARC-Verteilung","url":"https:\/\/www.distribucionarc.com\/sl\/","logo":{"@type":"ImageObject","inLanguage":"de","@id":"https:\/\/www.distribucionarc.com\/sl\/#\/schema\/logo\/image\/","url":"https:\/\/distribucionarc.com\/wp-content\/uploads\/2024\/10\/distribucion-ARC-COLOR-SIN-FONDO-e1732295305345.png","contentUrl":"https:\/\/distribucionarc.com\/wp-content\/uploads\/2024\/10\/distribucion-ARC-COLOR-SIN-FONDO-e1732295305345.png","width":1164,"height":558,"caption":"Distribuci\u00f3n ARC"},"image":{"@id":"https:\/\/www.distribucionarc.com\/sl\/#\/schema\/logo\/image\/"},"description":"Unternehmen, das auf die Herstellung und den Vertrieb von Industriemaschinen f\u00fcr den Lebensmittel- und Pharmasektor spezialisiert ist. Wir sind spezialisiert auf: Fleischschneidemaschinen Tablettenherstellung Industrielle F\u00f6rdersysteme Abf\u00fcllanlagen Dispenser Und vieles mehr... Wir bieten innovative und ma\u00dfgeschneiderte L\u00f6sungen zur Optimierung der Produktionsprozesse in Ihrem Unternehmen.","email":"Admistracion@distribucionarc.com","telephone":"+34 643496664","legalName":"ARC TECH SOLUTIONS","foundingDate":"2024-04-09","vatID":"B55480172","numberOfEmployees":{"@type":"QuantitativeValue","minValue":"1","maxValue":"10"}}]}},"_links":{"self":[{"href":"https:\/\/distribucionarc.com\/de\/wp-json\/wp\/v2\/product\/3890","targetHints":{"allow":["GET"]}}],"collection":[{"href":"https:\/\/distribucionarc.com\/de\/wp-json\/wp\/v2\/product"}],"about":[{"href":"https:\/\/distribucionarc.com\/de\/wp-json\/wp\/v2\/types\/product"}],"replies":[{"embeddable":true,"href":"https:\/\/distribucionarc.com\/de\/wp-json\/wp\/v2\/comments?post=3890"}],"version-history":[{"count":1,"href":"https:\/\/distribucionarc.com\/de\/wp-json\/wp\/v2\/product\/3890\/revisions"}],"predecessor-version":[{"id":9818,"href":"https:\/\/distribucionarc.com\/de\/wp-json\/wp\/v2\/product\/3890\/revisions\/9818"}],"wp:featuredmedia":[{"embeddable":true,"href":"https:\/\/distribucionarc.com\/de\/wp-json\/wp\/v2\/media\/3896"}],"wp:attachment":[{"href":"https:\/\/distribucionarc.com\/de\/wp-json\/wp\/v2\/media?parent=3890"}],"wp:term":[{"taxonomy":"product_brand","embeddable":true,"href":"https:\/\/distribucionarc.com\/de\/wp-json\/wp\/v2\/product_brand?post=3890"},{"taxonomy":"product_cat","embeddable":true,"href":"https:\/\/distribucionarc.com\/de\/wp-json\/wp\/v2\/product_cat?post=3890"},{"taxonomy":"product_tag","embeddable":true,"href":"https:\/\/distribucionarc.com\/de\/wp-json\/wp\/v2\/product_tag?post=3890"}],"curies":[{"name":"wp","href":"https:\/\/api.w.org\/{rel}","templated":true}]}}