{"id":3998,"date":"2020-10-15T09:04:26","date_gmt":"2020-10-15T09:04:26","guid":{"rendered":"https:\/\/distribucionarc.com\/?post_type=product&#038;p=3998"},"modified":"2023-02-15T18:45:27","modified_gmt":"2023-02-15T18:45:27","slug":"magnetruhrer-heizplatte","status":"publish","type":"product","link":"https:\/\/distribucionarc.com\/de\/producto\/agitador-magnetico-placa-caliente\/","title":{"rendered":"Magnetr\u00fchrer mit Heizplatte"},"content":{"rendered":"<h2>Magnetr\u00fchrer mit Heizplatte<\/h2>\n<p>Das <strong>Heizplattenr\u00fchrer <span style=\"color: #ff0000;\">ZU<\/span><span style=\"color: #0000ff;\">R<\/span>C<\/strong> Es verf\u00fcgt \u00fcber eine hohe Leistung, verschiedene Geschwindigkeiten sowie eine einstellbare Temperatur f\u00fcr eine Vielzahl medizinischer, chemischer und organischer Labore. Der stabile Betrieb, die zuverl\u00e4ssige Leistung und die einfache Funktion machen jeden Prozess schneller und effektiver.<\/p>\n<p>Es verf\u00fcgt \u00fcber einen digitalen Bildschirm zur Anzeige der gew\u00e4hlten Temperatur und Geschwindigkeit. Das <strong>Heizplattenr\u00fchrer <span style=\"color: #ff0000;\">ZU<\/span><span style=\"color: #0000ff;\">R<\/span>CAMP852<\/strong>\u00a0Es verf\u00fcgt \u00fcber einen leisen Motor, der R\u00fchrstab besteht aus PTFE, einem Material mit hohem Magnetismus, best\u00e4ndig gegen Verschlei\u00df, Hitze und Korrosion. Befindet sich der Kolben oder Beh\u00e4lter nicht in der exakten Position, wird der <strong>Magnetr\u00fchrer<\/strong> wird nicht in Betrieb sein.<\/p>\n<h6><strong>Garantie\u00a0<span style=\"color: #ff0000;\">ZU<\/span><span style=\"color: #0000ff;\">R<\/span>C<\/strong><strong>\u00a02 JAHRE<\/strong><\/h6>\n<h6><span style=\"color: #008000;\">Effizienter Magnetr\u00fchrer, geringer Verbrauch 300 + 20 W (maximaler Betrieb)<\/span><\/h6>\n<h6><strong>Technischer Support inklusive<\/strong><\/h6>\n<p>&nbsp;<\/p>\n<p>&nbsp;<\/p>\n<table role=\"presentation\" width=\"100%\" cellspacing=\"0\" cellpadding=\"0\">\n<tbody>\n<tr>\n<td class=\"attrLabels\">Garantie:<\/td>\n<td width=\"50.0%\">\u00a02 JAHRE<\/td>\n<\/tr>\n<tr>\n<td class=\"attrLabels\">Vertriebsland:<\/td>\n<td width=\"50.0%\">Spanien, Deutschland, USA<\/td>\n<td class=\"attrLabels\">Gewicht:<\/td>\n<td width=\"50.0%\">2,5 kg<\/td>\n<\/tr>\n<tr>\n<td class=\"attrLabels\">Marke:<\/td>\n<td width=\"50.0%\">BOGEN<\/td>\n<td class=\"attrLabels\">H\u00f6he:<\/td>\n<td width=\"50.0%\">50cm<\/td>\n<\/tr>\n<tr>\n<td class=\"attrLabels\">Farbe:<\/td>\n<td width=\"50.0%\">Silber<\/td>\n<td class=\"attrLabels\">Lang:<\/td>\n<td width=\"50.0%\">25cm<\/td>\n<\/tr>\n<tr>\n<td class=\"attrLabels\">Produkttyp:<\/td>\n<td width=\"50.0%\">Magnetr\u00fchrer<\/td>\n<td class=\"attrLabels\">Breit:<\/td>\n<td width=\"50.0%\">18cm<\/td>\n<\/tr>\n<tr>\n<td class=\"attrLabels\">Herstellernummer:<\/td>\n<td width=\"50.0%\">ARCAMP852<\/td>\n<td class=\"attrLabels\">Umlaufbahndurchmesser:<\/td>\n<td width=\"50.0%\">22mm<\/td>\n<\/tr>\n<tr>\n<td class=\"attrLabels\">Material:<\/td>\n<td width=\"50.0%\">Edelstahl, vollautomatisch<\/td>\n<td class=\"attrLabels\">Arbeitsfl\u00e4chendurchmesser:<\/td>\n<td width=\"50.0%\">130mm<\/td>\n<\/tr>\n<tr>\n<td class=\"attrLabels\">Eingangsspannung:<\/td>\n<td width=\"50.0%\">110V\/220V 20\/60Hz<\/td>\n<td class=\"attrLabels\">Geschwindigkeit:<\/td>\n<td width=\"50.0%\">0 \u2013 2400 U\/min (stufenweise Drehzahlregelung, 0\u201399 Grad einstellbar)<\/td>\n<\/tr>\n<tr>\n<td class=\"attrLabels\">Leistung:<\/td>\n<td width=\"50.0%\">20W R\u00fchrer<\/p>\n<p>300W Heizplatte<\/td>\n<td class=\"attrLabels\">Temperaturregelung:<\/td>\n<td width=\"50.0%\">RT-100\u2103<\/td>\n<\/tr>\n<\/tbody>\n<\/table>","protected":false},"excerpt":{"rendered":"<h2>Magnetr\u00fchrer mit Heizplatte<\/h2>\n<p>Er<strong> Magnetr\u00fchrer <span style=\"color: #ff0000;\">ZU<\/span><span style=\"color: #0000ff;\">R<\/span>C<\/strong> Es verf\u00fcgt \u00fcber eine digitale Anzeige zur Steuerung der R\u00fchrgeschwindigkeit sowie der gew\u00fcnschten Temperatur. Der hochwertige Motor erzeugt sehr wenig L\u00e4rm. Die Heizplatte ist f\u00fcr eine pr\u00e4zise Erw\u00e4rmung vollst\u00e4ndig geschlossen. Der R\u00fchrstab besteht aus hochwertigem PTFE und magnetischem Material, ist hitzebest\u00e4ndig, weist einen hohen Magnetismus auf und ist verschlei\u00df- und korrosionsbest\u00e4ndig. Es ist eine perfekte Maschine zum Sch\u00fctteln eines geschlossenen Beh\u00e4lters; Der Shaker kann die Temperatur sehr pr\u00e4zise und direkt einstellen und anzeigen.<\/p>\n<h6><strong>Garantie\u00a0<span style=\"color: #ff0000;\">ZU<\/span><span style=\"color: #0000ff;\">R<\/span>C<\/strong><strong>\u00a02 JAHRE<\/strong><\/h6>\n<h6><span style=\"color: #008000;\">Effizienter Magnetr\u00fchrer, geringer Verbrauch 300 + 20 W (maximaler Betrieb)<\/span><\/h6>\n<h6><strong>Technischer Support inklusive<\/strong><\/h6>","protected":false},"featured_media":4006,"comment_status":"open","ping_status":"closed","template":"","meta":{"wds_primary_product_brand":0,"wds_primary_product_cat":0},"product_brand":[],"product_cat":[29],"product_tag":[],"class_list":{"0":"post-3998","1":"product","2":"type-product","3":"status-publish","4":"has-post-thumbnail","6":"product_cat-maquinas-industria-quimica","7":"product_shipping_class-hosteleria","9":"first","10":"instock","11":"taxable","12":"shipping-taxable","13":"purchasable","14":"product-type-simple"},"yoast_head":"<!-- This site is optimized with the Yoast SEO Premium plugin v24.9 (Yoast SEO v26.1) - https:\/\/yoast.com\/wordpress\/plugins\/seo\/ -->\n<title>Agitador magn\u00e9tico placa caliente - distribuci\u00f3n ARC<\/title>\n<meta name=\"robots\" content=\"index, follow, max-snippet:-1, max-image-preview:large, max-video-preview:-1\" \/>\n<link rel=\"canonical\" href=\"https:\/\/www.distribucionarc.com\/sk\/producto\/agitador-magnetico-placa-caliente\/\" \/>\n<meta property=\"og:locale\" content=\"de_DE\" \/>\n<meta property=\"og:type\" content=\"article\" \/>\n<meta property=\"og:title\" content=\"Agitador magn\u00e9tico placa caliente\" \/>\n<meta property=\"og:description\" content=\"Agitador magn\u00e9tico placa caliente El agitador magn\u00e9tico ARC cuenta con una pantalla digital para controlar la velocidad de agitaci\u00f3n al igual que la temperatura deseada. El motor de alta calidad produce muy poco ruido. La placa de calentamiento es totalmente cerrada para un calentamiento preciso. La barra de agitaci\u00f3n est\u00e1 hecha de PTFE y material magn\u00e9tico de alta calidad, resistente al calor, cuenta con un alto magnetismo, resistente al desgaste y la corrosi\u00f3n. Es una m\u00e1quina perfecta para agitar un recipiente cerrado; El agitador puede ajustar y mostrar la temperatura siendo bastante preciso y directo. Garant\u00eda\u00a0ARC\u00a02 A\u00d1OS Agitador magn\u00e9tico eficiente, bajo consumo 300 + 20w (m\u00e1ximo funcionamiento) soporte t\u00e9cnico incluido\" \/>\n<meta property=\"og:url\" content=\"https:\/\/www.distribucionarc.com\/sk\/producto\/agitador-magnetico-placa-caliente\/\" \/>\n<meta property=\"og:site_name\" content=\"distribuci\u00f3n ARC\" \/>\n<meta property=\"article:modified_time\" content=\"2023-02-15T18:45:27+00:00\" \/>\n<meta property=\"og:image\" content=\"https:\/\/distribucionarc.com\/wp-content\/uploads\/2020\/10\/Agitador-magn\u00e9tico-placa-caliente-0.jpg\" \/>\n\t<meta property=\"og:image:width\" content=\"1001\" \/>\n\t<meta property=\"og:image:height\" content=\"1001\" \/>\n\t<meta property=\"og:image:type\" content=\"image\/jpeg\" \/>\n<meta name=\"twitter:card\" content=\"summary_large_image\" \/>\n<meta name=\"twitter:label1\" content=\"Gesch\u00e4tzte Lesezeit\" \/>\n\t<meta name=\"twitter:data1\" content=\"1\u00a0Minute\" \/>\n<script type=\"application\/ld+json\" class=\"yoast-schema-graph\">{\"@context\":\"https:\/\/schema.org\",\"@graph\":[{\"@type\":\"WebPage\",\"@id\":\"https:\/\/www.distribucionarc.com\/sk\/producto\/agitador-magnetico-placa-caliente\/\",\"url\":\"https:\/\/www.distribucionarc.com\/sk\/producto\/agitador-magnetico-placa-caliente\/\",\"name\":\"Agitador magn\u00e9tico placa caliente - distribuci\u00f3n ARC\",\"isPartOf\":{\"@id\":\"https:\/\/www.distribucionarc.com\/de\/#website\"},\"primaryImageOfPage\":{\"@id\":\"https:\/\/www.distribucionarc.com\/sk\/producto\/agitador-magnetico-placa-caliente\/#primaryimage\"},\"image\":{\"@id\":\"https:\/\/www.distribucionarc.com\/sk\/producto\/agitador-magnetico-placa-caliente\/#primaryimage\"},\"thumbnailUrl\":\"https:\/\/distribucionarc.com\/wp-content\/uploads\/2020\/10\/Agitador-magn\u00e9tico-placa-caliente-0.jpg\",\"datePublished\":\"2020-10-15T09:04:26+00:00\",\"dateModified\":\"2023-02-15T18:45:27+00:00\",\"breadcrumb\":{\"@id\":\"https:\/\/www.distribucionarc.com\/sk\/producto\/agitador-magnetico-placa-caliente\/#breadcrumb\"},\"inLanguage\":\"de\",\"potentialAction\":[{\"@type\":\"ReadAction\",\"target\":[\"https:\/\/www.distribucionarc.com\/sk\/producto\/agitador-magnetico-placa-caliente\/\"]}]},{\"@type\":\"ImageObject\",\"inLanguage\":\"de\",\"@id\":\"https:\/\/www.distribucionarc.com\/sk\/producto\/agitador-magnetico-placa-caliente\/#primaryimage\",\"url\":\"https:\/\/distribucionarc.com\/wp-content\/uploads\/2020\/10\/Agitador-magn\u00e9tico-placa-caliente-0.jpg\",\"contentUrl\":\"https:\/\/distribucionarc.com\/wp-content\/uploads\/2020\/10\/Agitador-magn\u00e9tico-placa-caliente-0.jpg\",\"width\":1001,\"height\":1001,\"caption\":\"Agitador magn\u00e9tico placa caliente\"},{\"@type\":\"BreadcrumbList\",\"@id\":\"https:\/\/www.distribucionarc.com\/sk\/producto\/agitador-magnetico-placa-caliente\/#breadcrumb\",\"itemListElement\":[{\"@type\":\"ListItem\",\"position\":1,\"name\":\"Portada\",\"item\":\"https:\/\/www.distribucionarc.com\/en\/\"},{\"@type\":\"ListItem\",\"position\":2,\"name\":\"Products\",\"item\":\"https:\/\/www.distribucionarc.com\/en\/shop\/\"},{\"@type\":\"ListItem\",\"position\":3,\"name\":\"Agitador magn\u00e9tico placa caliente\"}]},{\"@type\":\"WebSite\",\"@id\":\"https:\/\/www.distribucionarc.com\/de\/#website\",\"url\":\"https:\/\/www.distribucionarc.com\/de\/\",\"name\":\"distribuci\u00f3n ARC\",\"description\":\"Empresa especializada en la fabricaci\u00f3n y distribuci\u00f3n de maquinaria industrial, selladoras de latas, Maquinas de hacer pastillas, Maquinas de cortar carne...\",\"publisher\":{\"@id\":\"https:\/\/www.distribucionarc.com\/de\/#organization\"},\"potentialAction\":[{\"@type\":\"SearchAction\",\"target\":{\"@type\":\"EntryPoint\",\"urlTemplate\":\"https:\/\/www.distribucionarc.com\/de\/?s={search_term_string}\"},\"query-input\":{\"@type\":\"PropertyValueSpecification\",\"valueRequired\":true,\"valueName\":\"search_term_string\"}}],\"inLanguage\":\"de\"},{\"@type\":\"Organization\",\"@id\":\"https:\/\/www.distribucionarc.com\/de\/#organization\",\"name\":\"Distribuci\u00f3n ARC\",\"url\":\"https:\/\/www.distribucionarc.com\/de\/\",\"logo\":{\"@type\":\"ImageObject\",\"inLanguage\":\"de\",\"@id\":\"https:\/\/www.distribucionarc.com\/de\/#\/schema\/logo\/image\/\",\"url\":\"https:\/\/distribucionarc.com\/wp-content\/uploads\/2024\/10\/distribucion-ARC-COLOR-SIN-FONDO-e1732295305345.png\",\"contentUrl\":\"https:\/\/distribucionarc.com\/wp-content\/uploads\/2024\/10\/distribucion-ARC-COLOR-SIN-FONDO-e1732295305345.png\",\"width\":1164,\"height\":558,\"caption\":\"Distribuci\u00f3n ARC\"},\"image\":{\"@id\":\"https:\/\/www.distribucionarc.com\/de\/#\/schema\/logo\/image\/\"},\"description\":\"Empresa especializada en la fabricaci\u00f3n y distribuci\u00f3n de maquinaria industrial para los sectores alimentario y farmac\u00e9utico. Nos especializamos en: M\u00e1quinas de cortar carne Fabricaci\u00f3n de comprimidos Sistemas de transporte industrial L\u00edneas de embotellado Dosificadores Y mucho m\u00e1s... Ofrecemos soluciones innovadoras y personalizadas para optimizar los procesos productivos de tu empresa.\",\"email\":\"Admistracion@distribucionarc.com\",\"telephone\":\"+34 643496664\",\"legalName\":\"ARC TECH SOLUTIONS\",\"foundingDate\":\"2024-04-09\",\"vatID\":\"B55480172\",\"numberOfEmployees\":{\"@type\":\"QuantitativeValue\",\"minValue\":\"1\",\"maxValue\":\"10\"}}]}<\/script>\n<!-- \/ Yoast SEO Premium plugin. -->","yoast_head_json":{"title":"Magnetr\u00fchrer mit Heizplatte \u2013 ARC-Verteilung","robots":{"index":"index","follow":"follow","max-snippet":"max-snippet:-1","max-image-preview":"max-image-preview:large","max-video-preview":"max-video-preview:-1"},"canonical":"https:\/\/www.distribucionarc.com\/sk\/producto\/agitador-magnetico-placa-caliente\/","og_locale":"de_DE","og_type":"article","og_title":"Agitador magn\u00e9tico placa caliente","og_description":"Agitador magn\u00e9tico placa caliente El agitador magn\u00e9tico ARC cuenta con una pantalla digital para controlar la velocidad de agitaci\u00f3n al igual que la temperatura deseada. El motor de alta calidad produce muy poco ruido. La placa de calentamiento es totalmente cerrada para un calentamiento preciso. La barra de agitaci\u00f3n est\u00e1 hecha de PTFE y material magn\u00e9tico de alta calidad, resistente al calor, cuenta con un alto magnetismo, resistente al desgaste y la corrosi\u00f3n. Es una m\u00e1quina perfecta para agitar un recipiente cerrado; El agitador puede ajustar y mostrar la temperatura siendo bastante preciso y directo. Garant\u00eda\u00a0ARC\u00a02 A\u00d1OS Agitador magn\u00e9tico eficiente, bajo consumo 300 + 20w (m\u00e1ximo funcionamiento) soporte t\u00e9cnico incluido","og_url":"https:\/\/www.distribucionarc.com\/sk\/producto\/agitador-magnetico-placa-caliente\/","og_site_name":"distribuci\u00f3n ARC","article_modified_time":"2023-02-15T18:45:27+00:00","og_image":[{"width":1001,"height":1001,"url":"https:\/\/distribucionarc.com\/wp-content\/uploads\/2020\/10\/Agitador-magn\u00e9tico-placa-caliente-0.jpg","type":"image\/jpeg"}],"twitter_card":"summary_large_image","twitter_misc":{"Gesch\u00e4tzte Lesezeit":"1\u00a0Minute"},"schema":{"@context":"https:\/\/schema.org","@graph":[{"@type":"WebPage","@id":"https:\/\/www.distribucionarc.com\/sk\/producto\/agitador-magnetico-placa-caliente\/","url":"https:\/\/www.distribucionarc.com\/sk\/producto\/agitador-magnetico-placa-caliente\/","name":"Magnetr\u00fchrer mit Heizplatte \u2013 ARC-Verteilung","isPartOf":{"@id":"https:\/\/www.distribucionarc.com\/de\/#website"},"primaryImageOfPage":{"@id":"https:\/\/www.distribucionarc.com\/sk\/producto\/agitador-magnetico-placa-caliente\/#primaryimage"},"image":{"@id":"https:\/\/www.distribucionarc.com\/sk\/producto\/agitador-magnetico-placa-caliente\/#primaryimage"},"thumbnailUrl":"https:\/\/distribucionarc.com\/wp-content\/uploads\/2020\/10\/Agitador-magn\u00e9tico-placa-caliente-0.jpg","datePublished":"2020-10-15T09:04:26+00:00","dateModified":"2023-02-15T18:45:27+00:00","breadcrumb":{"@id":"https:\/\/www.distribucionarc.com\/sk\/producto\/agitador-magnetico-placa-caliente\/#breadcrumb"},"inLanguage":"de","potentialAction":[{"@type":"ReadAction","target":["https:\/\/www.distribucionarc.com\/sk\/producto\/agitador-magnetico-placa-caliente\/"]}]},{"@type":"ImageObject","inLanguage":"de","@id":"https:\/\/www.distribucionarc.com\/sk\/producto\/agitador-magnetico-placa-caliente\/#primaryimage","url":"https:\/\/distribucionarc.com\/wp-content\/uploads\/2020\/10\/Agitador-magn\u00e9tico-placa-caliente-0.jpg","contentUrl":"https:\/\/distribucionarc.com\/wp-content\/uploads\/2020\/10\/Agitador-magn\u00e9tico-placa-caliente-0.jpg","width":1001,"height":1001,"caption":"Agitador magn\u00e9tico placa caliente"},{"@type":"BreadcrumbList","@id":"https:\/\/www.distribucionarc.com\/sk\/producto\/agitador-magnetico-placa-caliente\/#breadcrumb","itemListElement":[{"@type":"ListItem","position":1,"name":"Portada","item":"https:\/\/www.distribucionarc.com\/en\/"},{"@type":"ListItem","position":2,"name":"Products","item":"https:\/\/www.distribucionarc.com\/en\/shop\/"},{"@type":"ListItem","position":3,"name":"Agitador magn\u00e9tico placa caliente"}]},{"@type":"WebSite","@id":"https:\/\/www.distribucionarc.com\/de\/#website","url":"https:\/\/www.distribucionarc.com\/de\/","name":"ARC-Verteilung","description":"Das Unternehmen ist auf die Herstellung und den Vertrieb von Industriemaschinen, Dosenverschlie\u00dfmaschinen, Tablettenmaschinen, Fleischschneidemaschinen...","publisher":{"@id":"https:\/\/www.distribucionarc.com\/de\/#organization"},"potentialAction":[{"@type":"SearchAction","target":{"@type":"EntryPoint","urlTemplate":"https:\/\/www.distribucionarc.com\/de\/?s={search_term_string}"},"query-input":{"@type":"PropertyValueSpecification","valueRequired":true,"valueName":"search_term_string"}}],"inLanguage":"de"},{"@type":"Organization","@id":"https:\/\/www.distribucionarc.com\/de\/#organization","name":"ARC-Verteilung","url":"https:\/\/www.distribucionarc.com\/de\/","logo":{"@type":"ImageObject","inLanguage":"de","@id":"https:\/\/www.distribucionarc.com\/de\/#\/schema\/logo\/image\/","url":"https:\/\/distribucionarc.com\/wp-content\/uploads\/2024\/10\/distribucion-ARC-COLOR-SIN-FONDO-e1732295305345.png","contentUrl":"https:\/\/distribucionarc.com\/wp-content\/uploads\/2024\/10\/distribucion-ARC-COLOR-SIN-FONDO-e1732295305345.png","width":1164,"height":558,"caption":"Distribuci\u00f3n ARC"},"image":{"@id":"https:\/\/www.distribucionarc.com\/de\/#\/schema\/logo\/image\/"},"description":"Unternehmen, das auf die Herstellung und den Vertrieb von Industriemaschinen f\u00fcr den Lebensmittel- und Pharmasektor spezialisiert ist. Wir sind spezialisiert auf: Fleischschneidemaschinen Tablettenherstellung Industrielle F\u00f6rdersysteme Abf\u00fcllanlagen Dispenser Und vieles mehr... Wir bieten innovative und ma\u00dfgeschneiderte L\u00f6sungen zur Optimierung der Produktionsprozesse in Ihrem Unternehmen.","email":"Admistracion@distribucionarc.com","telephone":"+34 643496664","legalName":"ARC TECH SOLUTIONS","foundingDate":"2024-04-09","vatID":"B55480172","numberOfEmployees":{"@type":"QuantitativeValue","minValue":"1","maxValue":"10"}}]}},"_links":{"self":[{"href":"https:\/\/distribucionarc.com\/de\/wp-json\/wp\/v2\/product\/3998","targetHints":{"allow":["GET"]}}],"collection":[{"href":"https:\/\/distribucionarc.com\/de\/wp-json\/wp\/v2\/product"}],"about":[{"href":"https:\/\/distribucionarc.com\/de\/wp-json\/wp\/v2\/types\/product"}],"replies":[{"embeddable":true,"href":"https:\/\/distribucionarc.com\/de\/wp-json\/wp\/v2\/comments?post=3998"}],"version-history":[{"count":0,"href":"https:\/\/distribucionarc.com\/de\/wp-json\/wp\/v2\/product\/3998\/revisions"}],"wp:featuredmedia":[{"embeddable":true,"href":"https:\/\/distribucionarc.com\/de\/wp-json\/wp\/v2\/media\/4006"}],"wp:attachment":[{"href":"https:\/\/distribucionarc.com\/de\/wp-json\/wp\/v2\/media?parent=3998"}],"wp:term":[{"taxonomy":"product_brand","embeddable":true,"href":"https:\/\/distribucionarc.com\/de\/wp-json\/wp\/v2\/product_brand?post=3998"},{"taxonomy":"product_cat","embeddable":true,"href":"https:\/\/distribucionarc.com\/de\/wp-json\/wp\/v2\/product_cat?post=3998"},{"taxonomy":"product_tag","embeddable":true,"href":"https:\/\/distribucionarc.com\/de\/wp-json\/wp\/v2\/product_tag?post=3998"}],"curies":[{"name":"wp","href":"https:\/\/api.w.org\/{rel}","templated":true}]}}