{"id":4012,"date":"2020-10-15T10:29:55","date_gmt":"2020-10-15T10:29:55","guid":{"rendered":"https:\/\/distribucionarc.com\/?post_type=product&#038;p=4012"},"modified":"2020-10-15T10:29:56","modified_gmt":"2020-10-15T10:29:56","slug":"zentrifugalpumpe-fur-lebensmittel","status":"publish","type":"product","link":"https:\/\/distribucionarc.com\/de\/producto\/bomba-centrifuga-para-alimentacion\/","title":{"rendered":"Kreiself\u00f6rderpumpe\u00a0\u00a0"},"content":{"rendered":"<h2>Kreiself\u00f6rderpumpe<\/h2>\n<p>Das <strong>Kreiselpumpe <span style=\"color: #ff0000;\">ZU<\/span><span style=\"color: #0000ff;\">R<\/span>C<\/strong> Es besteht aus Edelstahl 304 und ist f\u00fcr die Lebensmittelindustrie geeignet. Robust und resistent gegen Rost. Es h\u00e4lt Fl\u00fcssigkeiten mit einer Temperatur von bis zu 80 \u00b0C stand. Die starke Leistung dieser Maschine ist in der Lage, bis zu 3 Tonnen Fl\u00fcssigkeit pro Stunde zu flie\u00dfen.<\/p>\n<p>Diese Maschine kann nicht ohne Fl\u00fcssigkeiten betrieben werden. Es wird empfohlen, zu warten, bis der Pumpenkopf mit Fl\u00fcssigkeit gef\u00fcllt ist, und ihn dann anzuschlie\u00dfen. Dank dessen <b>Zentrifugalantriebsger\u00e4t <span style=\"color: #ff0000;\">ZU<\/span><span style=\"color: #0000ff;\">R<\/span>CBIC3T<\/b> Es kann Produkte der Lebensmittelindustrie wie Wasser, tierische oder pflanzliche Milch, S\u00e4fte usw. vorbereiten, filtern, reinigen, sterilisieren und abf\u00fcllen. Auch in der Kosmetikindustrie wird es h\u00e4ufig eingesetzt.<\/p>\n<h6><strong>Garantie\u00a0<span style=\"color: #ff0000;\">ZU<\/span><span style=\"color: #0000ff;\">R<\/span>C<\/strong><strong>\u00a02 JAHRE<\/strong><\/h6>\n<h6><span style=\"color: #008000;\">Effiziente Kreiselpumpe, geringer Verbrauch 650 W<\/span><\/h6>\n<h6><strong>Technischer Support inklusive<\/strong><\/h6>\n<p>&nbsp;<\/p>\n<p>&nbsp;<\/p>\n<table role=\"presentation\" width=\"100%\" cellspacing=\"0\" cellpadding=\"0\">\n<tbody>\n<tr>\n<td class=\"attrLabels\">Marke:<\/td>\n<td width=\"50.0%\">BOGEN<\/td>\n<\/tr>\n<tr>\n<td class=\"attrLabels\">Vertriebsland:<\/td>\n<td width=\"50.0%\">Spanien, Deutschland, USA<\/td>\n<td class=\"attrLabels\">Maschinenabmessungen:<\/td>\n<td width=\"50.0%\">40 x 28 x 30 cm (L x B x H)<\/td>\n<\/tr>\n<tr>\n<td class=\"attrLabels\">Garantie:<\/td>\n<td width=\"50.0%\">2 Jahre<\/td>\n<td class=\"attrLabels\">Leistung:<\/td>\n<td width=\"50.0%\">650W<\/td>\n<\/tr>\n<tr>\n<td class=\"attrLabels\">Farbe:<\/td>\n<td width=\"50.0%\">Silber<\/td>\n<td class=\"attrLabels\">Stromspannung:<\/td>\n<td width=\"50.0%\">220V \u2013 50Hz 60Hz<\/td>\n<\/tr>\n<tr>\n<td class=\"attrLabels\">Produkttyp:<\/td>\n<td width=\"50.0%\">Kreiselpumpe<\/td>\n<td class=\"attrLabels\">Durchflussmenge:<\/td>\n<td width=\"50.0%\">3T\/h<\/td>\n<\/tr>\n<tr>\n<td class=\"attrLabels\">Herstellernummer:<\/td>\n<td width=\"50.0%\">ARCBIC3T<\/td>\n<td class=\"attrLabels\">Fl\u00fcssigkeitstemperatur:<\/td>\n<td width=\"50.0%\">0 \u2013 80 \u00b0C<\/td>\n<\/tr>\n<tr>\n<td class=\"attrLabels\">Material:<\/td>\n<td width=\"50.0%\">Edelstahl 304<\/td>\n<td class=\"attrLabels\">Einlassdurchmesser:<\/td>\n<td width=\"50.0%\">38mm<\/td>\n<\/tr>\n<tr>\n<td class=\"attrLabels\">Installationswerkzeuge:<\/td>\n<td width=\"50.0%\">Ja<\/td>\n<td class=\"attrLabels\">Auslassdurchmesser:<\/td>\n<td width=\"50.0%\">32mm<\/td>\n<\/tr>\n<tr>\n<td class=\"attrLabels\">Gewicht:<\/td>\n<td width=\"50.0%\">26,4 kg<\/td>\n<td class=\"attrLabels\">Art der Fl\u00fcssigkeiten:<\/td>\n<td width=\"50.0%\">nicht korrosiv<\/td>\n<\/tr>\n<\/tbody>\n<\/table>\n<p>&nbsp;<\/p>","protected":false},"excerpt":{"rendered":"<h2>Kreiself\u00f6rderpumpe<\/h2>\n<p>Das <strong>Kreiselpumpe <span style=\"color: #ff0000;\">ZU<\/span><span style=\"color: #0000ff;\">R<\/span>C<\/strong> Es besteht aus Edelstahl speziell f\u00fcr die Lebensmittelindustrie. Es ist f\u00fcr die Vorbereitung, Filtration, Reinigung, Abf\u00fcllung und Sterilisation von Milchprodukten, Getr\u00e4nken, Lebensmitteln, Kosmetika, Lebensmittelzusatzstoffen, Feinchemikalien usw. konzipiert. Diese Pumpe wendet Zentrifugalkraft an, um Geschwindigkeit zu erzeugen, verwendet ein rotierendes Laufrad, um die Geschwindigkeit zu erh\u00f6hen und Fl\u00fcssigkeit durch das Auslassventil zu dr\u00fccken.<\/p>\n<h6><strong>Garantie\u00a0<span style=\"color: #ff0000;\">ZU<\/span><span style=\"color: #0000ff;\">R<\/span>C<\/strong><strong>\u00a02 JAHRE<\/strong><\/h6>\n<h6><span style=\"color: #008000;\">Effiziente Kreiselpumpe, geringer Verbrauch 650 W<\/span><\/h6>\n<h6><strong>Technischer Support inklusive<\/strong><\/h6>","protected":false},"featured_media":4020,"comment_status":"open","ping_status":"closed","template":"","meta":{"wds_primary_product_brand":0,"wds_primary_product_cat":0},"product_brand":[],"product_cat":[18,19],"product_tag":[],"class_list":{"0":"post-4012","1":"product","2":"type-product","3":"status-publish","4":"has-post-thumbnail","6":"product_cat-dosificadoras","7":"product_cat-dosificadoras-de-liquidos","8":"product_shipping_class-express","10":"first","11":"instock","12":"sale","13":"taxable","14":"shipping-taxable","15":"purchasable","16":"product-type-simple"},"yoast_head":"<!-- This site is optimized with the Yoast SEO Premium plugin v24.9 (Yoast SEO v26.1) - https:\/\/yoast.com\/wordpress\/plugins\/seo\/ -->\n<title>Bomba centr\u00edfuga para alimentaci\u00f3n\u00a0\u00a0 - distribuci\u00f3n ARC<\/title>\n<meta name=\"robots\" content=\"index, follow, max-snippet:-1, max-image-preview:large, max-video-preview:-1\" \/>\n<link rel=\"canonical\" href=\"https:\/\/distribucionarc.com\/de\/produkt-2\/zentrifugalpumpe-fur-lebensmittel\/\" \/>\n<meta property=\"og:locale\" content=\"de_DE\" \/>\n<meta property=\"og:type\" content=\"article\" \/>\n<meta property=\"og:title\" content=\"Bomba centr\u00edfuga para alimentaci\u00f3n\u00a0\u00a0\" \/>\n<meta property=\"og:description\" content=\"Bomba centr\u00edfuga para alimentaci\u00f3n Esta bomba centrifuga ARC est\u00e1 fabricada de acero inoxidable espec\u00edfico para la industria alimentaria. Est\u00e1 dise\u00f1ada para la elaboraci\u00f3n, filtraci\u00f3n, limpieza, llenado y esterilizaci\u00f3n de productos l\u00e1cteos, bebidas, alimentos, cosm\u00e9ticos, aditivos alimentarios, productos qu\u00edmicos finos, etc. Esta bomba aplica fuerza centr\u00edfuga para producir velocidad, utiliza un impulsor giratorio para aumentar la velocidad y empujar el fluido a trav\u00e9s de la v\u00e1lvula de salida. Garant\u00eda\u00a0ARC\u00a02 A\u00d1OS Bomba centr\u00edfuga eficiente, bajo consumo 650w soporte t\u00e9cnico incluido\" \/>\n<meta property=\"og:url\" content=\"https:\/\/distribucionarc.com\/de\/produkt-2\/zentrifugalpumpe-fur-lebensmittel\/\" \/>\n<meta property=\"og:site_name\" content=\"distribuci\u00f3n ARC\" \/>\n<meta property=\"article:modified_time\" content=\"2020-10-15T10:29:56+00:00\" \/>\n<meta property=\"og:image\" content=\"https:\/\/distribucionarc.com\/wp-content\/uploads\/2020\/10\/Bomba-centr\u00edfuga-para-alimentaci\u00f3n-0.jpg\" \/>\n\t<meta property=\"og:image:width\" content=\"1001\" \/>\n\t<meta property=\"og:image:height\" content=\"1001\" \/>\n\t<meta property=\"og:image:type\" content=\"image\/jpeg\" \/>\n<meta name=\"twitter:card\" content=\"summary_large_image\" \/>\n<meta name=\"twitter:label1\" content=\"Gesch\u00e4tzte Lesezeit\" \/>\n\t<meta name=\"twitter:data1\" content=\"1\u00a0Minute\" \/>\n<script type=\"application\/ld+json\" class=\"yoast-schema-graph\">{\"@context\":\"https:\/\/schema.org\",\"@graph\":[{\"@type\":\"WebPage\",\"@id\":\"https:\/\/distribucionarc.com\/en\/producto\/bomba-centrifuga-para-alimentacion\/\",\"url\":\"https:\/\/distribucionarc.com\/en\/producto\/bomba-centrifuga-para-alimentacion\/\",\"name\":\"Bomba centr\u00edfuga para alimentaci\u00f3n\u00a0\u00a0 - distribuci\u00f3n ARC\",\"isPartOf\":{\"@id\":\"https:\/\/distribucionarc.com\/de\/#website\"},\"primaryImageOfPage\":{\"@id\":\"https:\/\/distribucionarc.com\/en\/producto\/bomba-centrifuga-para-alimentacion\/#primaryimage\"},\"image\":{\"@id\":\"https:\/\/distribucionarc.com\/en\/producto\/bomba-centrifuga-para-alimentacion\/#primaryimage\"},\"thumbnailUrl\":\"https:\/\/distribucionarc.com\/wp-content\/uploads\/2020\/10\/Bomba-centr\u00edfuga-para-alimentaci\u00f3n-0.jpg\",\"datePublished\":\"2020-10-15T10:29:55+00:00\",\"dateModified\":\"2020-10-15T10:29:56+00:00\",\"breadcrumb\":{\"@id\":\"https:\/\/distribucionarc.com\/en\/producto\/bomba-centrifuga-para-alimentacion\/#breadcrumb\"},\"inLanguage\":\"de\",\"potentialAction\":[{\"@type\":\"ReadAction\",\"target\":[\"https:\/\/distribucionarc.com\/en\/producto\/bomba-centrifuga-para-alimentacion\/\"]}]},{\"@type\":\"ImageObject\",\"inLanguage\":\"de\",\"@id\":\"https:\/\/distribucionarc.com\/en\/producto\/bomba-centrifuga-para-alimentacion\/#primaryimage\",\"url\":\"https:\/\/distribucionarc.com\/wp-content\/uploads\/2020\/10\/Bomba-centr\u00edfuga-para-alimentaci\u00f3n-0.jpg\",\"contentUrl\":\"https:\/\/distribucionarc.com\/wp-content\/uploads\/2020\/10\/Bomba-centr\u00edfuga-para-alimentaci\u00f3n-0.jpg\",\"width\":1001,\"height\":1001,\"caption\":\"Bomba centr\u00edfuga para alimentaci\u00f3n\u00a0\u00a0\"},{\"@type\":\"BreadcrumbList\",\"@id\":\"https:\/\/distribucionarc.com\/en\/producto\/bomba-centrifuga-para-alimentacion\/#breadcrumb\",\"itemListElement\":[{\"@type\":\"ListItem\",\"position\":1,\"name\":\"Portada\",\"item\":\"https:\/\/distribucionarc.com\/pl\/\"},{\"@type\":\"ListItem\",\"position\":2,\"name\":\"Produkty\",\"item\":\"https:\/\/distribucionarc.com\/pl\/shop\/\"},{\"@type\":\"ListItem\",\"position\":3,\"name\":\"Bomba centr\u00edfuga para alimentaci\u00f3n\u00a0\u00a0\"}]},{\"@type\":\"WebSite\",\"@id\":\"https:\/\/distribucionarc.com\/de\/#website\",\"url\":\"https:\/\/distribucionarc.com\/de\/\",\"name\":\"distribuci\u00f3n ARC\",\"description\":\"Empresa especializada en la fabricaci\u00f3n y distribuci\u00f3n de maquinaria industrial, selladoras de latas, Maquinas de hacer pastillas, Maquinas de cortar carne...\",\"publisher\":{\"@id\":\"https:\/\/distribucionarc.com\/de\/#organization\"},\"potentialAction\":[{\"@type\":\"SearchAction\",\"target\":{\"@type\":\"EntryPoint\",\"urlTemplate\":\"https:\/\/distribucionarc.com\/de\/?s={search_term_string}\"},\"query-input\":{\"@type\":\"PropertyValueSpecification\",\"valueRequired\":true,\"valueName\":\"search_term_string\"}}],\"inLanguage\":\"de\"},{\"@type\":\"Organization\",\"@id\":\"https:\/\/distribucionarc.com\/de\/#organization\",\"name\":\"Distribuci\u00f3n ARC\",\"url\":\"https:\/\/distribucionarc.com\/de\/\",\"logo\":{\"@type\":\"ImageObject\",\"inLanguage\":\"de\",\"@id\":\"https:\/\/distribucionarc.com\/de\/#\/schema\/logo\/image\/\",\"url\":\"https:\/\/distribucionarc.com\/wp-content\/uploads\/2024\/10\/distribucion-ARC-COLOR-SIN-FONDO-e1732295305345.png\",\"contentUrl\":\"https:\/\/distribucionarc.com\/wp-content\/uploads\/2024\/10\/distribucion-ARC-COLOR-SIN-FONDO-e1732295305345.png\",\"width\":1164,\"height\":558,\"caption\":\"Distribuci\u00f3n ARC\"},\"image\":{\"@id\":\"https:\/\/distribucionarc.com\/de\/#\/schema\/logo\/image\/\"},\"description\":\"Empresa especializada en la fabricaci\u00f3n y distribuci\u00f3n de maquinaria industrial para los sectores alimentario y farmac\u00e9utico. Nos especializamos en: M\u00e1quinas de cortar carne Fabricaci\u00f3n de comprimidos Sistemas de transporte industrial L\u00edneas de embotellado Dosificadores Y mucho m\u00e1s... Ofrecemos soluciones innovadoras y personalizadas para optimizar los procesos productivos de tu empresa.\",\"email\":\"Admistracion@distribucionarc.com\",\"telephone\":\"+34 643496664\",\"legalName\":\"ARC TECH SOLUTIONS\",\"foundingDate\":\"2024-04-09\",\"vatID\":\"B55480172\",\"numberOfEmployees\":{\"@type\":\"QuantitativeValue\",\"minValue\":\"1\",\"maxValue\":\"10\"}}]}<\/script>\n<!-- \/ Yoast SEO Premium plugin. -->","yoast_head_json":{"title":"Kreiselpumpe zur Beschickung und Verteilung ARC","robots":{"index":"index","follow":"follow","max-snippet":"max-snippet:-1","max-image-preview":"max-image-preview:large","max-video-preview":"max-video-preview:-1"},"canonical":"https:\/\/distribucionarc.com\/de\/produkt-2\/zentrifugalpumpe-fur-lebensmittel\/","og_locale":"de_DE","og_type":"article","og_title":"Bomba centr\u00edfuga para alimentaci\u00f3n\u00a0\u00a0","og_description":"Bomba centr\u00edfuga para alimentaci\u00f3n Esta bomba centrifuga ARC est\u00e1 fabricada de acero inoxidable espec\u00edfico para la industria alimentaria. Est\u00e1 dise\u00f1ada para la elaboraci\u00f3n, filtraci\u00f3n, limpieza, llenado y esterilizaci\u00f3n de productos l\u00e1cteos, bebidas, alimentos, cosm\u00e9ticos, aditivos alimentarios, productos qu\u00edmicos finos, etc. Esta bomba aplica fuerza centr\u00edfuga para producir velocidad, utiliza un impulsor giratorio para aumentar la velocidad y empujar el fluido a trav\u00e9s de la v\u00e1lvula de salida. Garant\u00eda\u00a0ARC\u00a02 A\u00d1OS Bomba centr\u00edfuga eficiente, bajo consumo 650w soporte t\u00e9cnico incluido","og_url":"https:\/\/distribucionarc.com\/de\/produkt-2\/zentrifugalpumpe-fur-lebensmittel\/","og_site_name":"distribuci\u00f3n ARC","article_modified_time":"2020-10-15T10:29:56+00:00","og_image":[{"width":1001,"height":1001,"url":"https:\/\/distribucionarc.com\/wp-content\/uploads\/2020\/10\/Bomba-centr\u00edfuga-para-alimentaci\u00f3n-0.jpg","type":"image\/jpeg"}],"twitter_card":"summary_large_image","twitter_misc":{"Gesch\u00e4tzte Lesezeit":"1\u00a0Minute"},"schema":{"@context":"https:\/\/schema.org","@graph":[{"@type":"WebPage","@id":"https:\/\/distribucionarc.com\/en\/producto\/bomba-centrifuga-para-alimentacion\/","url":"https:\/\/distribucionarc.com\/en\/producto\/bomba-centrifuga-para-alimentacion\/","name":"Kreiselpumpe zur Beschickung und Verteilung ARC","isPartOf":{"@id":"https:\/\/distribucionarc.com\/de\/#website"},"primaryImageOfPage":{"@id":"https:\/\/distribucionarc.com\/en\/producto\/bomba-centrifuga-para-alimentacion\/#primaryimage"},"image":{"@id":"https:\/\/distribucionarc.com\/en\/producto\/bomba-centrifuga-para-alimentacion\/#primaryimage"},"thumbnailUrl":"https:\/\/distribucionarc.com\/wp-content\/uploads\/2020\/10\/Bomba-centr\u00edfuga-para-alimentaci\u00f3n-0.jpg","datePublished":"2020-10-15T10:29:55+00:00","dateModified":"2020-10-15T10:29:56+00:00","breadcrumb":{"@id":"https:\/\/distribucionarc.com\/en\/producto\/bomba-centrifuga-para-alimentacion\/#breadcrumb"},"inLanguage":"de","potentialAction":[{"@type":"ReadAction","target":["https:\/\/distribucionarc.com\/en\/producto\/bomba-centrifuga-para-alimentacion\/"]}]},{"@type":"ImageObject","inLanguage":"de","@id":"https:\/\/distribucionarc.com\/en\/producto\/bomba-centrifuga-para-alimentacion\/#primaryimage","url":"https:\/\/distribucionarc.com\/wp-content\/uploads\/2020\/10\/Bomba-centr\u00edfuga-para-alimentaci\u00f3n-0.jpg","contentUrl":"https:\/\/distribucionarc.com\/wp-content\/uploads\/2020\/10\/Bomba-centr\u00edfuga-para-alimentaci\u00f3n-0.jpg","width":1001,"height":1001,"caption":"Bomba centr\u00edfuga para alimentaci\u00f3n\u00a0\u00a0"},{"@type":"BreadcrumbList","@id":"https:\/\/distribucionarc.com\/en\/producto\/bomba-centrifuga-para-alimentacion\/#breadcrumb","itemListElement":[{"@type":"ListItem","position":1,"name":"Portada","item":"https:\/\/distribucionarc.com\/pl\/"},{"@type":"ListItem","position":2,"name":"Produkty","item":"https:\/\/distribucionarc.com\/pl\/shop\/"},{"@type":"ListItem","position":3,"name":"Bomba centr\u00edfuga para alimentaci\u00f3n\u00a0\u00a0"}]},{"@type":"WebSite","@id":"https:\/\/distribucionarc.com\/de\/#website","url":"https:\/\/distribucionarc.com\/de\/","name":"ARC-Verteilung","description":"Das Unternehmen ist auf die Herstellung und den Vertrieb von Industriemaschinen, Dosenverschlie\u00dfmaschinen, Tablettenmaschinen, Fleischschneidemaschinen...","publisher":{"@id":"https:\/\/distribucionarc.com\/de\/#organization"},"potentialAction":[{"@type":"SearchAction","target":{"@type":"EntryPoint","urlTemplate":"https:\/\/distribucionarc.com\/de\/?s={search_term_string}"},"query-input":{"@type":"PropertyValueSpecification","valueRequired":true,"valueName":"search_term_string"}}],"inLanguage":"de"},{"@type":"Organization","@id":"https:\/\/distribucionarc.com\/de\/#organization","name":"ARC-Verteilung","url":"https:\/\/distribucionarc.com\/de\/","logo":{"@type":"ImageObject","inLanguage":"de","@id":"https:\/\/distribucionarc.com\/de\/#\/schema\/logo\/image\/","url":"https:\/\/distribucionarc.com\/wp-content\/uploads\/2024\/10\/distribucion-ARC-COLOR-SIN-FONDO-e1732295305345.png","contentUrl":"https:\/\/distribucionarc.com\/wp-content\/uploads\/2024\/10\/distribucion-ARC-COLOR-SIN-FONDO-e1732295305345.png","width":1164,"height":558,"caption":"Distribuci\u00f3n ARC"},"image":{"@id":"https:\/\/distribucionarc.com\/de\/#\/schema\/logo\/image\/"},"description":"Unternehmen, das auf die Herstellung und den Vertrieb von Industriemaschinen f\u00fcr den Lebensmittel- und Pharmasektor spezialisiert ist. Wir sind spezialisiert auf: Fleischschneidemaschinen Tablettenherstellung Industrielle F\u00f6rdersysteme Abf\u00fcllanlagen Dispenser Und vieles mehr... Wir bieten innovative und ma\u00dfgeschneiderte L\u00f6sungen zur Optimierung der Produktionsprozesse in Ihrem Unternehmen.","email":"Admistracion@distribucionarc.com","telephone":"+34 643496664","legalName":"ARC TECH SOLUTIONS","foundingDate":"2024-04-09","vatID":"B55480172","numberOfEmployees":{"@type":"QuantitativeValue","minValue":"1","maxValue":"10"}}]}},"_links":{"self":[{"href":"https:\/\/distribucionarc.com\/de\/wp-json\/wp\/v2\/product\/4012","targetHints":{"allow":["GET"]}}],"collection":[{"href":"https:\/\/distribucionarc.com\/de\/wp-json\/wp\/v2\/product"}],"about":[{"href":"https:\/\/distribucionarc.com\/de\/wp-json\/wp\/v2\/types\/product"}],"replies":[{"embeddable":true,"href":"https:\/\/distribucionarc.com\/de\/wp-json\/wp\/v2\/comments?post=4012"}],"version-history":[{"count":0,"href":"https:\/\/distribucionarc.com\/de\/wp-json\/wp\/v2\/product\/4012\/revisions"}],"wp:featuredmedia":[{"embeddable":true,"href":"https:\/\/distribucionarc.com\/de\/wp-json\/wp\/v2\/media\/4020"}],"wp:attachment":[{"href":"https:\/\/distribucionarc.com\/de\/wp-json\/wp\/v2\/media?parent=4012"}],"wp:term":[{"taxonomy":"product_brand","embeddable":true,"href":"https:\/\/distribucionarc.com\/de\/wp-json\/wp\/v2\/product_brand?post=4012"},{"taxonomy":"product_cat","embeddable":true,"href":"https:\/\/distribucionarc.com\/de\/wp-json\/wp\/v2\/product_cat?post=4012"},{"taxonomy":"product_tag","embeddable":true,"href":"https:\/\/distribucionarc.com\/de\/wp-json\/wp\/v2\/product_tag?post=4012"}],"curies":[{"name":"wp","href":"https:\/\/api.w.org\/{rel}","templated":true}]}}