{"id":4026,"date":"2020-10-15T14:18:55","date_gmt":"2020-10-15T14:18:55","guid":{"rendered":"https:\/\/distribucionarc.com\/?post_type=product&#038;p=4026"},"modified":"2020-10-15T14:18:55","modified_gmt":"2020-10-15T14:18:55","slug":"elektrische-maschine-um-nudeln-zu-machen","status":"publish","type":"product","link":"https:\/\/distribucionarc.com\/de\/producto\/maquina-electrica-para-hacer-pasta\/","title":{"rendered":"Elektrische Nudelmaschine\u00a0"},"content":{"rendered":"<h2>Elektrische Nudelmaschine<\/h2>\n<p>Das <strong>Nudelmaschine <span style=\"color: #ff0000;\">ZU<\/span><span style=\"color: #0000ff;\">R<\/span>C<\/strong> Es besteht aus lebensmittelechtem Edelstahl, ist fest und langlebig. Der Tabletteinzug der Maschine macht die Bedienung einfacher und sicherer. Der leistungsstarke 400-W-Motor ist in der Lage, zu produzieren <strong>15 bis 20 kg Nudeln <\/strong>hausgemacht<strong>.<\/strong><\/p>\n<p>Mit dem Rollenknopf k\u00f6nnen Sie die unterschiedliche Dicke des Teigs zwischen 0,1 mm und 20 mm f\u00fcr verschiedene Nudelsorten einstellen. Genauso wie Sie die Dicke der Nudeln von 3 mm bis 9 mm einstellen k\u00f6nnen. Der Betrieb davon <strong>Nudelmaschine <span style=\"color: #ff0000;\">ZU<\/span><span style=\"color: #0000ff;\">R<\/span>CMP20<\/strong> Dank der verstellbaren Kn\u00f6pfe und der Tastenbedienung ist das ganz einfach.<\/p>\n<h6><strong>Garantie\u00a0<span style=\"color: #ff0000;\">ZU<\/span><span style=\"color: #0000ff;\">R<\/span>C<\/strong><strong>\u00a02 JAHRE<\/strong><\/h6>\n<h6><span style=\"color: #008000;\">Effiziente Nudelmaschine, geringer Verbrauch 350 \u2013 550 W<\/span><\/h6>\n<h6><strong>Technischer Support inklusive<\/strong><\/h6>\n<p>&nbsp;<\/p>\n<table role=\"presentation\" width=\"100%\" cellspacing=\"0\" cellpadding=\"0\">\n<tbody>\n<tr>\n<td class=\"attrLabels\">Marke:<\/td>\n<td width=\"50.0%\">BOGEN<\/td>\n<\/tr>\n<tr>\n<td class=\"attrLabels\">Garantie:<\/td>\n<td width=\"50.0%\">2 Jahre<\/td>\n<td class=\"attrLabels\">Gewicht:<\/td>\n<td width=\"50.0%\">20kg<\/td>\n<\/tr>\n<tr>\n<td class=\"attrLabels\">Vertriebsland:<\/td>\n<td width=\"50.0%\">Spanien, Deutschland, USA<\/td>\n<td class=\"attrLabels\">H\u00f6he:<\/td>\n<td width=\"50.0%\">48,1 cm<\/td>\n<\/tr>\n<tr>\n<td class=\"attrLabels\">Farbe:<\/td>\n<td width=\"50.0%\">Silber<\/td>\n<td class=\"attrLabels\">Lang:<\/td>\n<td width=\"50.0%\">23,6 cm<\/td>\n<\/tr>\n<tr>\n<td class=\"attrLabels\">Produkttyp:<\/td>\n<td width=\"50.0%\">Nudelmaschine<\/td>\n<td class=\"attrLabels\">Breit:<\/td>\n<td width=\"50.0%\">34cm<\/td>\n<\/tr>\n<tr>\n<td class=\"attrLabels\">Herstellernummer:<\/td>\n<td width=\"50.0%\">ARCMP20<\/td>\n<td class=\"attrLabels\">Teigmesserl\u00e4nge:<\/td>\n<td width=\"50.0%\">18cm<\/td>\n<\/tr>\n<tr>\n<td class=\"attrLabels\">Material:<\/td>\n<td width=\"50.0%\">304 Lebensmittel-Edelstahl<\/td>\n<td class=\"attrLabels\">Nudeldicke:<\/td>\n<td width=\"50.0%\">3mm \u2013 9mm<\/td>\n<\/tr>\n<tr>\n<td class=\"attrLabels\">Betrieb:<\/td>\n<td width=\"50.0%\">Energisch<\/td>\n<td class=\"attrLabels\">Massedicke:<\/td>\n<td width=\"50.0%\">0,1 mm \u2013 20 mm<\/td>\n<\/tr>\n<tr>\n<td class=\"attrLabels\">Stromverbrauch:<\/td>\n<td width=\"50.0%\">350W \u2013 550W<\/td>\n<td class=\"attrLabels\">Stromspannung:<\/td>\n<td width=\"50.0%\">220V 50Hz<\/td>\n<\/tr>\n<\/tbody>\n<\/table>","protected":false},"excerpt":{"rendered":"<h2>Elektrische Nudelmaschine<\/h2>\n<p>Das<strong> elektrische Nudelmaschine <span style=\"color: #ff0000;\">ZU<\/span><span style=\"color: #0000ff;\">R<\/span>C<\/strong> Es eignet sich f\u00fcr die Herstellung eigener hausgemachter Nudeln, die in der Lebensmittelindustrie sowie in Restaurants, Hotels, Buffets usw. sehr gefragt sind. Sie k\u00f6nnen die Dicke der Nudeln je nach Bedarf anpassen, die Einstellung einfach eingestellt lassen und einfach den Teig einlegen und den Knopf dr\u00fccken, um k\u00f6stliche Tagliatelle, Spaghetti oder Fadennudeln zu erhalten. Der leistungsstarke Motor sorgt f\u00fcr jede Menge Leistung. <strong>15 \u2013 20 kg Nudeln pro Stunde.<\/strong><\/p>","protected":false},"featured_media":4028,"comment_status":"open","ping_status":"closed","template":"","meta":{"wds_primary_product_brand":0,"wds_primary_product_cat":0},"product_brand":[],"product_cat":[266],"product_tag":[],"class_list":{"0":"post-4026","1":"product","2":"type-product","3":"status-publish","4":"has-post-thumbnail","6":"product_cat-accessories","7":"product_shipping_class-hosteleria","9":"first","10":"instock","11":"sale","12":"taxable","13":"shipping-taxable","14":"purchasable","15":"product-type-simple"},"yoast_head":"<!-- This site is optimized with the Yoast SEO Premium plugin v24.9 (Yoast SEO v26.1) - https:\/\/yoast.com\/wordpress\/plugins\/seo\/ -->\n<title>M\u00e1quina el\u00e9ctrica\u00a0para hacer pasta\u00a0 - distribuci\u00f3n ARC<\/title>\n<meta name=\"robots\" content=\"index, follow, max-snippet:-1, max-image-preview:large, max-video-preview:-1\" \/>\n<link rel=\"canonical\" href=\"https:\/\/www.distribucionarc.com\/nb\/producto\/maquina-electrica-para-hacer-pasta\/\" \/>\n<meta property=\"og:locale\" content=\"de_DE\" \/>\n<meta property=\"og:type\" content=\"article\" \/>\n<meta property=\"og:title\" content=\"M\u00e1quina el\u00e9ctrica\u00a0para hacer pasta\u00a0\" \/>\n<meta property=\"og:description\" content=\"M\u00e1quina el\u00e9ctrica para hacer pasta Esta m\u00e1quina para pasta el\u00e9ctrica ARC es la adecuada para elaborar su propia pasta casera muy demandada en industria alimentaria al igual que en restaurantes, hoteles, buf\u00e9s, etc. Puede ajustar el grosor de las pastas seg\u00fan sus necesidades, dejarla configurada para simplemente introducir la masa y accionar el bot\u00f3n para obtener deliciosos tallarines, espaguetis o fideos. El potente motor le asegura bastante rendimiento de 15 \u2013 20 Kg de pasta por hora.\" \/>\n<meta property=\"og:url\" content=\"https:\/\/www.distribucionarc.com\/nb\/producto\/maquina-electrica-para-hacer-pasta\/\" \/>\n<meta property=\"og:site_name\" content=\"distribuci\u00f3n ARC\" \/>\n<meta property=\"og:image\" content=\"https:\/\/distribucionarc.com\/wp-content\/uploads\/2020\/10\/M\u00e1quina-el\u00e9ctrica-para-hacer-pasta-1.jpg\" \/>\n\t<meta property=\"og:image:width\" content=\"1001\" \/>\n\t<meta property=\"og:image:height\" content=\"1001\" \/>\n\t<meta property=\"og:image:type\" content=\"image\/jpeg\" \/>\n<meta name=\"twitter:card\" content=\"summary_large_image\" \/>\n<meta name=\"twitter:label1\" content=\"Gesch\u00e4tzte Lesezeit\" \/>\n\t<meta name=\"twitter:data1\" content=\"1\u00a0Minute\" \/>\n<script type=\"application\/ld+json\" class=\"yoast-schema-graph\">{\"@context\":\"https:\/\/schema.org\",\"@graph\":[{\"@type\":\"WebPage\",\"@id\":\"https:\/\/www.distribucionarc.com\/nb\/producto\/maquina-electrica-para-hacer-pasta\/\",\"url\":\"https:\/\/www.distribucionarc.com\/nb\/producto\/maquina-electrica-para-hacer-pasta\/\",\"name\":\"M\u00e1quina el\u00e9ctrica\u00a0para hacer pasta\u00a0 - distribuci\u00f3n ARC\",\"isPartOf\":{\"@id\":\"https:\/\/www.distribucionarc.com\/sl\/#website\"},\"primaryImageOfPage\":{\"@id\":\"https:\/\/www.distribucionarc.com\/nb\/producto\/maquina-electrica-para-hacer-pasta\/#primaryimage\"},\"image\":{\"@id\":\"https:\/\/www.distribucionarc.com\/nb\/producto\/maquina-electrica-para-hacer-pasta\/#primaryimage\"},\"thumbnailUrl\":\"https:\/\/distribucionarc.com\/wp-content\/uploads\/2020\/10\/M\u00e1quina-el\u00e9ctrica-para-hacer-pasta-1.jpg\",\"datePublished\":\"2020-10-15T14:18:55+00:00\",\"breadcrumb\":{\"@id\":\"https:\/\/www.distribucionarc.com\/nb\/producto\/maquina-electrica-para-hacer-pasta\/#breadcrumb\"},\"inLanguage\":\"de\",\"potentialAction\":[{\"@type\":\"ReadAction\",\"target\":[\"https:\/\/www.distribucionarc.com\/nb\/producto\/maquina-electrica-para-hacer-pasta\/\"]}]},{\"@type\":\"ImageObject\",\"inLanguage\":\"de\",\"@id\":\"https:\/\/www.distribucionarc.com\/nb\/producto\/maquina-electrica-para-hacer-pasta\/#primaryimage\",\"url\":\"https:\/\/distribucionarc.com\/wp-content\/uploads\/2020\/10\/M\u00e1quina-el\u00e9ctrica-para-hacer-pasta-1.jpg\",\"contentUrl\":\"https:\/\/distribucionarc.com\/wp-content\/uploads\/2020\/10\/M\u00e1quina-el\u00e9ctrica-para-hacer-pasta-1.jpg\",\"width\":1001,\"height\":1001,\"caption\":\"M\u00e1quina el\u00e9ctrica\u00a0para hacer pasta\u00a0\"},{\"@type\":\"BreadcrumbList\",\"@id\":\"https:\/\/www.distribucionarc.com\/nb\/producto\/maquina-electrica-para-hacer-pasta\/#breadcrumb\",\"itemListElement\":[{\"@type\":\"ListItem\",\"position\":1,\"name\":\"Portada\",\"item\":\"https:\/\/www.distribucionarc.com\/\"},{\"@type\":\"ListItem\",\"position\":2,\"name\":\"\u00dcr\u00fcnler\",\"item\":\"https:\/\/www.distribucionarc.com\/tr\/magaza\/\"},{\"@type\":\"ListItem\",\"position\":3,\"name\":\"M\u00e1quina el\u00e9ctrica\u00a0para hacer pasta\u00a0\"}]},{\"@type\":\"WebSite\",\"@id\":\"https:\/\/www.distribucionarc.com\/sl\/#website\",\"url\":\"https:\/\/www.distribucionarc.com\/sl\/\",\"name\":\"distribuci\u00f3n ARC\",\"description\":\"Empresa especializada en la fabricaci\u00f3n y distribuci\u00f3n de maquinaria industrial, selladoras de latas, Maquinas de hacer pastillas, Maquinas de cortar carne...\",\"publisher\":{\"@id\":\"https:\/\/www.distribucionarc.com\/sl\/#organization\"},\"potentialAction\":[{\"@type\":\"SearchAction\",\"target\":{\"@type\":\"EntryPoint\",\"urlTemplate\":\"https:\/\/www.distribucionarc.com\/sl\/?s={search_term_string}\"},\"query-input\":{\"@type\":\"PropertyValueSpecification\",\"valueRequired\":true,\"valueName\":\"search_term_string\"}}],\"inLanguage\":\"de\"},{\"@type\":\"Organization\",\"@id\":\"https:\/\/www.distribucionarc.com\/sl\/#organization\",\"name\":\"Distribuci\u00f3n ARC\",\"url\":\"https:\/\/www.distribucionarc.com\/sl\/\",\"logo\":{\"@type\":\"ImageObject\",\"inLanguage\":\"de\",\"@id\":\"https:\/\/www.distribucionarc.com\/sl\/#\/schema\/logo\/image\/\",\"url\":\"https:\/\/distribucionarc.com\/wp-content\/uploads\/2024\/10\/distribucion-ARC-COLOR-SIN-FONDO-e1732295305345.png\",\"contentUrl\":\"https:\/\/distribucionarc.com\/wp-content\/uploads\/2024\/10\/distribucion-ARC-COLOR-SIN-FONDO-e1732295305345.png\",\"width\":1164,\"height\":558,\"caption\":\"Distribuci\u00f3n ARC\"},\"image\":{\"@id\":\"https:\/\/www.distribucionarc.com\/sl\/#\/schema\/logo\/image\/\"},\"description\":\"Empresa especializada en la fabricaci\u00f3n y distribuci\u00f3n de maquinaria industrial para los sectores alimentario y farmac\u00e9utico. Nos especializamos en: M\u00e1quinas de cortar carne Fabricaci\u00f3n de comprimidos Sistemas de transporte industrial L\u00edneas de embotellado Dosificadores Y mucho m\u00e1s... Ofrecemos soluciones innovadoras y personalizadas para optimizar los procesos productivos de tu empresa.\",\"email\":\"Admistracion@distribucionarc.com\",\"telephone\":\"+34 643496664\",\"legalName\":\"ARC TECH SOLUTIONS\",\"foundingDate\":\"2024-04-09\",\"vatID\":\"B55480172\",\"numberOfEmployees\":{\"@type\":\"QuantitativeValue\",\"minValue\":\"1\",\"maxValue\":\"10\"}}]}<\/script>\n<!-- \/ Yoast SEO Premium plugin. -->","yoast_head_json":{"title":"Elektrische Nudelmaschine - ARC-Vertrieb","robots":{"index":"index","follow":"follow","max-snippet":"max-snippet:-1","max-image-preview":"max-image-preview:large","max-video-preview":"max-video-preview:-1"},"canonical":"https:\/\/www.distribucionarc.com\/nb\/producto\/maquina-electrica-para-hacer-pasta\/","og_locale":"de_DE","og_type":"article","og_title":"M\u00e1quina el\u00e9ctrica\u00a0para hacer pasta\u00a0","og_description":"M\u00e1quina el\u00e9ctrica para hacer pasta Esta m\u00e1quina para pasta el\u00e9ctrica ARC es la adecuada para elaborar su propia pasta casera muy demandada en industria alimentaria al igual que en restaurantes, hoteles, buf\u00e9s, etc. Puede ajustar el grosor de las pastas seg\u00fan sus necesidades, dejarla configurada para simplemente introducir la masa y accionar el bot\u00f3n para obtener deliciosos tallarines, espaguetis o fideos. El potente motor le asegura bastante rendimiento de 15 \u2013 20 Kg de pasta por hora.","og_url":"https:\/\/www.distribucionarc.com\/nb\/producto\/maquina-electrica-para-hacer-pasta\/","og_site_name":"distribuci\u00f3n ARC","og_image":[{"width":1001,"height":1001,"url":"https:\/\/distribucionarc.com\/wp-content\/uploads\/2020\/10\/M\u00e1quina-el\u00e9ctrica-para-hacer-pasta-1.jpg","type":"image\/jpeg"}],"twitter_card":"summary_large_image","twitter_misc":{"Gesch\u00e4tzte Lesezeit":"1\u00a0Minute"},"schema":{"@context":"https:\/\/schema.org","@graph":[{"@type":"WebPage","@id":"https:\/\/www.distribucionarc.com\/nb\/producto\/maquina-electrica-para-hacer-pasta\/","url":"https:\/\/www.distribucionarc.com\/nb\/producto\/maquina-electrica-para-hacer-pasta\/","name":"Elektrische Nudelmaschine - ARC-Vertrieb","isPartOf":{"@id":"https:\/\/www.distribucionarc.com\/sl\/#website"},"primaryImageOfPage":{"@id":"https:\/\/www.distribucionarc.com\/nb\/producto\/maquina-electrica-para-hacer-pasta\/#primaryimage"},"image":{"@id":"https:\/\/www.distribucionarc.com\/nb\/producto\/maquina-electrica-para-hacer-pasta\/#primaryimage"},"thumbnailUrl":"https:\/\/distribucionarc.com\/wp-content\/uploads\/2020\/10\/M\u00e1quina-el\u00e9ctrica-para-hacer-pasta-1.jpg","datePublished":"2020-10-15T14:18:55+00:00","breadcrumb":{"@id":"https:\/\/www.distribucionarc.com\/nb\/producto\/maquina-electrica-para-hacer-pasta\/#breadcrumb"},"inLanguage":"de","potentialAction":[{"@type":"ReadAction","target":["https:\/\/www.distribucionarc.com\/nb\/producto\/maquina-electrica-para-hacer-pasta\/"]}]},{"@type":"ImageObject","inLanguage":"de","@id":"https:\/\/www.distribucionarc.com\/nb\/producto\/maquina-electrica-para-hacer-pasta\/#primaryimage","url":"https:\/\/distribucionarc.com\/wp-content\/uploads\/2020\/10\/M\u00e1quina-el\u00e9ctrica-para-hacer-pasta-1.jpg","contentUrl":"https:\/\/distribucionarc.com\/wp-content\/uploads\/2020\/10\/M\u00e1quina-el\u00e9ctrica-para-hacer-pasta-1.jpg","width":1001,"height":1001,"caption":"M\u00e1quina el\u00e9ctrica\u00a0para hacer pasta\u00a0"},{"@type":"BreadcrumbList","@id":"https:\/\/www.distribucionarc.com\/nb\/producto\/maquina-electrica-para-hacer-pasta\/#breadcrumb","itemListElement":[{"@type":"ListItem","position":1,"name":"Portada","item":"https:\/\/www.distribucionarc.com\/"},{"@type":"ListItem","position":2,"name":"\u00dcr\u00fcnler","item":"https:\/\/www.distribucionarc.com\/tr\/magaza\/"},{"@type":"ListItem","position":3,"name":"M\u00e1quina el\u00e9ctrica\u00a0para hacer pasta\u00a0"}]},{"@type":"WebSite","@id":"https:\/\/www.distribucionarc.com\/sl\/#website","url":"https:\/\/www.distribucionarc.com\/sl\/","name":"ARC-Verteilung","description":"Das Unternehmen ist auf die Herstellung und den Vertrieb von Industriemaschinen, Dosenverschlie\u00dfmaschinen, Tablettenmaschinen, Fleischschneidemaschinen...","publisher":{"@id":"https:\/\/www.distribucionarc.com\/sl\/#organization"},"potentialAction":[{"@type":"SearchAction","target":{"@type":"EntryPoint","urlTemplate":"https:\/\/www.distribucionarc.com\/sl\/?s={search_term_string}"},"query-input":{"@type":"PropertyValueSpecification","valueRequired":true,"valueName":"search_term_string"}}],"inLanguage":"de"},{"@type":"Organization","@id":"https:\/\/www.distribucionarc.com\/sl\/#organization","name":"ARC-Verteilung","url":"https:\/\/www.distribucionarc.com\/sl\/","logo":{"@type":"ImageObject","inLanguage":"de","@id":"https:\/\/www.distribucionarc.com\/sl\/#\/schema\/logo\/image\/","url":"https:\/\/distribucionarc.com\/wp-content\/uploads\/2024\/10\/distribucion-ARC-COLOR-SIN-FONDO-e1732295305345.png","contentUrl":"https:\/\/distribucionarc.com\/wp-content\/uploads\/2024\/10\/distribucion-ARC-COLOR-SIN-FONDO-e1732295305345.png","width":1164,"height":558,"caption":"Distribuci\u00f3n ARC"},"image":{"@id":"https:\/\/www.distribucionarc.com\/sl\/#\/schema\/logo\/image\/"},"description":"Unternehmen, das auf die Herstellung und den Vertrieb von Industriemaschinen f\u00fcr den Lebensmittel- und Pharmasektor spezialisiert ist. Wir sind spezialisiert auf: Fleischschneidemaschinen Tablettenherstellung Industrielle F\u00f6rdersysteme Abf\u00fcllanlagen Dispenser Und vieles mehr... Wir bieten innovative und ma\u00dfgeschneiderte L\u00f6sungen zur Optimierung der Produktionsprozesse in Ihrem Unternehmen.","email":"Admistracion@distribucionarc.com","telephone":"+34 643496664","legalName":"ARC TECH SOLUTIONS","foundingDate":"2024-04-09","vatID":"B55480172","numberOfEmployees":{"@type":"QuantitativeValue","minValue":"1","maxValue":"10"}}]}},"_links":{"self":[{"href":"https:\/\/distribucionarc.com\/de\/wp-json\/wp\/v2\/product\/4026","targetHints":{"allow":["GET"]}}],"collection":[{"href":"https:\/\/distribucionarc.com\/de\/wp-json\/wp\/v2\/product"}],"about":[{"href":"https:\/\/distribucionarc.com\/de\/wp-json\/wp\/v2\/types\/product"}],"replies":[{"embeddable":true,"href":"https:\/\/distribucionarc.com\/de\/wp-json\/wp\/v2\/comments?post=4026"}],"version-history":[{"count":0,"href":"https:\/\/distribucionarc.com\/de\/wp-json\/wp\/v2\/product\/4026\/revisions"}],"wp:featuredmedia":[{"embeddable":true,"href":"https:\/\/distribucionarc.com\/de\/wp-json\/wp\/v2\/media\/4028"}],"wp:attachment":[{"href":"https:\/\/distribucionarc.com\/de\/wp-json\/wp\/v2\/media?parent=4026"}],"wp:term":[{"taxonomy":"product_brand","embeddable":true,"href":"https:\/\/distribucionarc.com\/de\/wp-json\/wp\/v2\/product_brand?post=4026"},{"taxonomy":"product_cat","embeddable":true,"href":"https:\/\/distribucionarc.com\/de\/wp-json\/wp\/v2\/product_cat?post=4026"},{"taxonomy":"product_tag","embeddable":true,"href":"https:\/\/distribucionarc.com\/de\/wp-json\/wp\/v2\/product_tag?post=4026"}],"curies":[{"name":"wp","href":"https:\/\/api.w.org\/{rel}","templated":true}]}}