{"id":4057,"date":"2020-10-28T16:17:57","date_gmt":"2020-10-28T16:17:57","guid":{"rendered":"https:\/\/distribucionarc.com\/?post_type=product&#038;p=4057"},"modified":"2021-01-26T09:21:13","modified_gmt":"2021-01-26T09:21:13","slug":"waffeleisen-blasen-waffel-blase","status":"publish","type":"product","link":"https:\/\/distribucionarc.com\/de\/producto\/gofrera-burbujas-waffle-bubble\/","title":{"rendered":"Bubble-Waffeleisen Waffel-Blase"},"content":{"rendered":"<h3>Bubble-Waffeleisen Waffel-Blase<\/h3>\n<p>Der\u00a0<strong>Professionelles Waffeleisen\u00a0<\/strong>\u00a0von\u00a0<strong><span style=\"color: #ff0000;\">ZU<\/span><span style=\"color: #0000ff;\">R<\/span>C<\/strong>, nimmt ein Doppelkopf-Design an, das den Kochvorgang erleichtert\u00a0<strong>Waffeln<\/strong> effizienter und profitabler sein. Ausreichende Leistung von 1250 W pro Form sorgt f\u00fcr eine kontinuierliche 360-Grad-Erw\u00e4rmung und ein besseres Kocherlebnis. Sie tragen auch weiterhin dazu bei <span style=\"color: #008000;\">R<strong>effiziente Energieleistung<\/strong><\/span>.<\/p>\n<p>Der Kopf wird \u00fcber Holzkn\u00f6pfe unabh\u00e4ngig gesteuert und verhindert so ein Aufheizen. Die Temperatur liegt zwischen 50 und 300 \u00b0C, mit LED-Licht, das den Betriebsstatus anzeigt. Der <strong>Professionelles Waffeleisen <span style=\"color: #ff0000;\">ZU<\/span><span style=\"color: #0000ff;\">R<\/span>CMGEB75<\/strong>\u00a0Es verf\u00fcgt \u00fcber einen pr\u00e4zisen Timer von maximal 5 Minuten und einen klaren und melodischen Alarm, wenn die Waffeln fertig sind.<\/p>\n<p>Jeder Leiter der\u00a0\u00a0<strong>Waffelmaschine<\/strong>\u00a0Es nimmt zwei Formen an (oben und unten). Zusammen ergeben sie k\u00f6stliche Waffeln. Beide Formen sorgen f\u00fcr eine gleichm\u00e4\u00dfige Erw\u00e4rmung. Die mit Teflon beschichtete Kochfl\u00e4che ist antihaftbeschichtet und erleichtert die Reinigung der Maschine.\u00a0<strong>Waffeln<\/strong>. Dicker Holzstahlgriffsatz f\u00fcr einfachen Halt und m\u00fchelose Verwendung. Durch die Verwendung von Material mit guter W\u00e4rmeableitung wird sichergestellt, dass die Temperatur nicht zu hoch ist. Sch\u00fctzt den Benutzer vor Verbrennungen.<\/p>\n<p>Mit dem\u00a0<strong>Professionelles Waffeleisen<\/strong>\u00a0von\u00a0<strong><span style=\"color: #ff0000;\">ZU<\/span><span style=\"color: #0000ff;\">R<\/span>C<\/strong>\u00a0Du wirst welche bekommen\u00a0<strong>Waffeln<\/strong> <strong>rund und mit schwammigen Blasen,<\/strong> Weiches Inneres und knackiges \u00c4u\u00dferes mit endlosem Nachgeschmack. Schokolade, S\u00fc\u00dfigkeiten und andere Dekorationen k\u00f6nnen nach Belieben hinzugef\u00fcgt werden, um Geschmack zu verleihen.<\/p>\n<p>&nbsp;<\/p>\n<h6><strong>Garantie\u00a0<span style=\"color: #ff0000;\">ZU<\/span><span style=\"color: #0000ff;\">R<\/span>C 2 JAHRE<\/strong><\/h6>\n<h6><span style=\"color: #008000;\">Professionelles Waffeleisen, geringer Verbrauch 1250 W<\/span><\/h6>\n<h6><strong>Technischer Support inklusive.<\/strong><\/h6>\n<p>&nbsp;<\/p>\n<table role=\"presentation\" width=\"100%\" cellspacing=\"0\" cellpadding=\"0\">\n<tbody>\n<tr>\n<td class=\"attrLabels\">Temperatur:<\/td>\n<td width=\"50.0%\">30-300 \u00b0C<\/td>\n<\/tr>\n<tr>\n<td class=\"attrLabels\">Vertriebsland:<\/td>\n<td width=\"50.0%\">Spanien, Deutschland, USA<\/td>\n<td class=\"attrLabels\">Gewicht:<\/td>\n<td width=\"50.0%\">6kg<\/td>\n<\/tr>\n<tr>\n<td class=\"attrLabels\">Marke:<\/td>\n<td width=\"50.0%\">BOGEN<\/td>\n<td class=\"attrLabels\">H\u00f6he:<\/td>\n<td width=\"50.0%\">50cm<\/td>\n<\/tr>\n<tr>\n<td class=\"attrLabels\">Farbe:<\/td>\n<td width=\"50.0%\">Silber<\/td>\n<td class=\"attrLabels\">Lang:<\/td>\n<td width=\"50.0%\">22cm<\/td>\n<\/tr>\n<tr>\n<td class=\"attrLabels\">Produkttyp:<\/td>\n<td width=\"50.0%\">Professionelles Waffeleisen<\/td>\n<td class=\"attrLabels\">Breit:<\/td>\n<td width=\"50.0%\">37cm<\/td>\n<\/tr>\n<tr>\n<td class=\"attrLabels\">Herstellernummer:<\/td>\n<td width=\"50.0%\">ARCMGEB75<\/td>\n<td class=\"attrLabels\">Leistung:<\/td>\n<td width=\"50.0%\">950W<\/td>\n<\/tr>\n<tr>\n<td class=\"attrLabels\">Material:<\/td>\n<td width=\"50.0%\">Edelstahl, Teflonplatte, Temperaturregelung<\/td>\n<td class=\"attrLabels\">Eingangsspannung<\/td>\n<td width=\"50.0%\">220V \u2013 60Hz<\/td>\n<\/tr>\n<tr>\n<td class=\"attrLabels\">Waffelgr\u00f6\u00dfe:<\/td>\n<td width=\"50.0%\">\u00a020 cm Durchmesser (30 mm Blasen)<\/td>\n<td class=\"attrLabels\">Garantie:<\/td>\n<td width=\"50.0%\">2 JAHRE<\/td>\n<\/tr>\n<tr>\n<td class=\"attrLabels\">Installationswerkzeuge:<\/td>\n<td width=\"50.0%\">Ja<\/td>\n<td class=\"attrLabels\">Produktion:<\/td>\n<td width=\"50.0%\">1 St\u00fcck pro Minute<\/td>\n<\/tr>\n<\/tbody>\n<\/table>\n<p>&nbsp;<\/p>\n<p>&nbsp;<\/p>\n<p>&nbsp;<\/p>","protected":false},"excerpt":{"rendered":"<h2>Bubble-Waffeleisen Waffel-Blase<\/h2>\n<p>Unser\u00a0<strong>Bubble-Waffeleisen<\/strong>\u00a0von\u00a0<strong><span style=\"color: #ff0000;\">\u00a0ZU<\/span><span style=\"color: #0000ff;\">R<\/span>C<\/strong>\u00a0ist die beste Option\u00a0<strong>Waffeln<\/strong>,\u00a0<strong>Waffeln, Waffeln<\/strong>, <strong>Eist\u00fcten\u00a0<\/strong> weil es multifunktional ist. Es ist ideal f\u00fcr Profis und kleine Unternehmen.<\/p>\n<p>Der\u00a0<strong>Elektrisches Waffeleisen<\/strong>\u00a0von\u00a0<strong><span style=\"color: #ff0000;\">ZU<\/span><span style=\"color: #0000ff;\">R<\/span>C<\/strong>\u00a0Es besteht aus Edelstahl, der kratzfest und langlebig ist. Die Gusseisenplatte bietet Ihnen eine spezielle Antihaft-Technologie.\u00a0<strong>Die Waffelmaschine <span style=\"color: #ff0000;\">ZU<\/span><span style=\"color: #0000ff;\">R<\/span>CMGEB75<\/strong>\u00a0es ist einfach zu bedienen. Der\u00a0<strong>Flauschiges Waffeleisen<\/strong> Dank seiner Leistung von 1250 Watt heizt er sich schnell auf, was wiederum zu mehr Leistung f\u00fchrt <span style=\"color: #008000;\"><strong>effizient f\u00fcr seinen Stromverbrauch<\/strong><\/span>. Zur einfachen Reinigung befindet sich unter der Platte eine Auffangschale.<\/p>\n<h6><strong>Garantie\u00a0<span style=\"color: #ff0000;\">ZU<\/span><span style=\"color: #0000ff;\">R<\/span>C 2 JAHRE<\/strong><\/h6>\n<h6><span style=\"color: #008000;\">Professionelles Waffeleisen, geringer Verbrauch 1250 W<\/span><\/h6>\n<h6><strong>Technischer Support inklusive.<\/strong><\/h6>\n<p>&nbsp;<\/p>\n<p>&nbsp;<\/p>","protected":false},"featured_media":4064,"comment_status":"open","ping_status":"closed","template":"","meta":{"wds_primary_product_brand":0,"wds_primary_product_cat":0},"product_brand":[],"product_cat":[51],"product_tag":[],"class_list":{"0":"post-4057","1":"product","2":"type-product","3":"status-publish","4":"has-post-thumbnail","6":"product_cat-gofreras-profesionales","7":"product_shipping_class-hosteleria","9":"first","10":"instock","11":"sale","12":"taxable","13":"shipping-taxable","14":"purchasable","15":"product-type-simple"},"yoast_head":"<!-- This site is optimized with the Yoast SEO Premium plugin v24.9 (Yoast SEO v26.1) - https:\/\/yoast.com\/wordpress\/plugins\/seo\/ -->\n<title>Gofrera burbujas Waffle bubble - distribuci\u00f3n ARC<\/title>\n<meta name=\"robots\" content=\"index, follow, max-snippet:-1, max-image-preview:large, max-video-preview:-1\" \/>\n<link rel=\"canonical\" href=\"https:\/\/www.distribucionarc.com\/de\/producto\/gofrera-burbujas-waffle-bubble\/\" \/>\n<meta property=\"og:locale\" content=\"de_DE\" \/>\n<meta property=\"og:type\" content=\"article\" \/>\n<meta property=\"og:title\" content=\"Gofrera burbujas Waffle bubble\" \/>\n<meta property=\"og:description\" content=\"Gofrera burbujas Waffle bubble Nuestra\u00a0Gofrera Bubble\u00a0de\u00a0\u00a0ARC\u00a0es la mejor opci\u00f3n para hacer\u00a0gofres,\u00a0waffles, barquillos, conos de helado\u00a0 porque es multifuncional. Es ideal para profesionales y peque\u00f1os comercios .  La\u00a0Maquina de waffles el\u00e9ctrica\u00a0de\u00a0ARC\u00a0est\u00e1 hecha de acero inoxidable, que es resistente a los ara\u00f1azos y duradero. La placa de hierro fundido le proporciona una tecnolog\u00eda especial antiadherente.\u00a0La m\u00e1quina de gofres ARCMGEB75\u00a0es f\u00e1cil de usar. La\u00a0m\u00e1quina para hacer Waffles Esponjosos se calienta r\u00e1pidamente gracias a su potencia de 1250 vatios que la vuelven a su vez m\u00e1s eficiente por su consumo el\u00e9ctrico. Tiene una bandeja de goteo debajo de la placa para facilitar la limpieza. Garant\u00eda\u00a0ARC 2 A\u00d1OS Gofrera profesional , bajo consumo 1250w soporte t\u00e9cnico incluido. &nbsp;  &nbsp;\" \/>\n<meta property=\"og:url\" content=\"https:\/\/www.distribucionarc.com\/de\/producto\/gofrera-burbujas-waffle-bubble\/\" \/>\n<meta property=\"og:site_name\" content=\"distribuci\u00f3n ARC\" \/>\n<meta property=\"article:modified_time\" content=\"2021-01-26T09:21:13+00:00\" \/>\n<meta property=\"og:image\" content=\"https:\/\/www.distribucionarc.com\/wp-content\/uploads\/2020\/10\/Gofrera-burbujas-Waffle-bubble-0.jpg\" \/>\n\t<meta property=\"og:image:width\" content=\"1600\" \/>\n\t<meta property=\"og:image:height\" content=\"1600\" \/>\n\t<meta property=\"og:image:type\" content=\"image\/jpeg\" \/>\n<meta name=\"twitter:card\" content=\"summary_large_image\" \/>\n<meta name=\"twitter:label1\" content=\"Gesch\u00e4tzte Lesezeit\" \/>\n\t<meta name=\"twitter:data1\" content=\"2\u00a0Minuten\" \/>\n<script type=\"application\/ld+json\" class=\"yoast-schema-graph\">{\"@context\":\"https:\/\/schema.org\",\"@graph\":[{\"@type\":\"WebPage\",\"@id\":\"https:\/\/www.distribucionarc.com\/de\/producto\/gofrera-burbujas-waffle-bubble\/\",\"url\":\"https:\/\/www.distribucionarc.com\/de\/producto\/gofrera-burbujas-waffle-bubble\/\",\"name\":\"Gofrera burbujas Waffle bubble - distribuci\u00f3n ARC\",\"isPartOf\":{\"@id\":\"https:\/\/distribucionarc.com\/ar\/#website\"},\"primaryImageOfPage\":{\"@id\":\"https:\/\/www.distribucionarc.com\/de\/producto\/gofrera-burbujas-waffle-bubble\/#primaryimage\"},\"image\":{\"@id\":\"https:\/\/www.distribucionarc.com\/de\/producto\/gofrera-burbujas-waffle-bubble\/#primaryimage\"},\"thumbnailUrl\":\"https:\/\/distribucionarc.com\/wp-content\/uploads\/2020\/10\/Gofrera-burbujas-Waffle-bubble-0.jpg\",\"datePublished\":\"2020-10-28T16:17:57+00:00\",\"dateModified\":\"2021-01-26T09:21:13+00:00\",\"breadcrumb\":{\"@id\":\"https:\/\/www.distribucionarc.com\/de\/producto\/gofrera-burbujas-waffle-bubble\/#breadcrumb\"},\"inLanguage\":\"de\",\"potentialAction\":[{\"@type\":\"ReadAction\",\"target\":[\"https:\/\/www.distribucionarc.com\/de\/producto\/gofrera-burbujas-waffle-bubble\/\"]}]},{\"@type\":\"ImageObject\",\"inLanguage\":\"de\",\"@id\":\"https:\/\/www.distribucionarc.com\/de\/producto\/gofrera-burbujas-waffle-bubble\/#primaryimage\",\"url\":\"https:\/\/distribucionarc.com\/wp-content\/uploads\/2020\/10\/Gofrera-burbujas-Waffle-bubble-0.jpg\",\"contentUrl\":\"https:\/\/distribucionarc.com\/wp-content\/uploads\/2020\/10\/Gofrera-burbujas-Waffle-bubble-0.jpg\",\"width\":1600,\"height\":1600,\"caption\":\"Gofrera burbujas Waffle bubble\"},{\"@type\":\"BreadcrumbList\",\"@id\":\"https:\/\/www.distribucionarc.com\/de\/producto\/gofrera-burbujas-waffle-bubble\/#breadcrumb\",\"itemListElement\":[{\"@type\":\"ListItem\",\"position\":1,\"name\":\"Portada\",\"item\":\"https:\/\/www.distribucionarc.com\/pt\/\"},{\"@type\":\"ListItem\",\"position\":2,\"name\":\"Produtos\",\"item\":\"https:\/\/www.distribucionarc.com\/pt\/shop\/\"},{\"@type\":\"ListItem\",\"position\":3,\"name\":\"Gofrera burbujas Waffle bubble\"}]},{\"@type\":\"WebSite\",\"@id\":\"https:\/\/distribucionarc.com\/ar\/#website\",\"url\":\"https:\/\/distribucionarc.com\/ar\/\",\"name\":\"distribuci\u00f3n ARC\",\"description\":\"Empresa especializada en la fabricaci\u00f3n y distribuci\u00f3n de maquinaria industrial, selladoras de latas, Maquinas de hacer pastillas, Maquinas de cortar carne...\",\"publisher\":{\"@id\":\"https:\/\/distribucionarc.com\/ar\/#organization\"},\"potentialAction\":[{\"@type\":\"SearchAction\",\"target\":{\"@type\":\"EntryPoint\",\"urlTemplate\":\"https:\/\/distribucionarc.com\/ar\/?s={search_term_string}\"},\"query-input\":{\"@type\":\"PropertyValueSpecification\",\"valueRequired\":true,\"valueName\":\"search_term_string\"}}],\"inLanguage\":\"de\"},{\"@type\":\"Organization\",\"@id\":\"https:\/\/distribucionarc.com\/ar\/#organization\",\"name\":\"Distribuci\u00f3n ARC\",\"url\":\"https:\/\/distribucionarc.com\/ar\/\",\"logo\":{\"@type\":\"ImageObject\",\"inLanguage\":\"de\",\"@id\":\"https:\/\/distribucionarc.com\/ar\/#\/schema\/logo\/image\/\",\"url\":\"https:\/\/distribucionarc.com\/wp-content\/uploads\/2024\/10\/distribucion-ARC-COLOR-SIN-FONDO-e1732295305345.png\",\"contentUrl\":\"https:\/\/distribucionarc.com\/wp-content\/uploads\/2024\/10\/distribucion-ARC-COLOR-SIN-FONDO-e1732295305345.png\",\"width\":1164,\"height\":558,\"caption\":\"Distribuci\u00f3n ARC\"},\"image\":{\"@id\":\"https:\/\/distribucionarc.com\/ar\/#\/schema\/logo\/image\/\"},\"description\":\"Empresa especializada en la fabricaci\u00f3n y distribuci\u00f3n de maquinaria industrial para los sectores alimentario y farmac\u00e9utico. Nos especializamos en: M\u00e1quinas de cortar carne Fabricaci\u00f3n de comprimidos Sistemas de transporte industrial L\u00edneas de embotellado Dosificadores Y mucho m\u00e1s... Ofrecemos soluciones innovadoras y personalizadas para optimizar los procesos productivos de tu empresa.\",\"email\":\"Admistracion@distribucionarc.com\",\"telephone\":\"+34 643496664\",\"legalName\":\"ARC TECH SOLUTIONS\",\"foundingDate\":\"2024-04-09\",\"vatID\":\"B55480172\",\"numberOfEmployees\":{\"@type\":\"QuantitativeValue\",\"minValue\":\"1\",\"maxValue\":\"10\"}}]}<\/script>\n<!-- \/ Yoast SEO Premium plugin. -->","yoast_head_json":{"title":"Bubble-Waffeleisen Waffel-Bubble \u2013 ARC-Verteilung","robots":{"index":"index","follow":"follow","max-snippet":"max-snippet:-1","max-image-preview":"max-image-preview:large","max-video-preview":"max-video-preview:-1"},"canonical":"https:\/\/www.distribucionarc.com\/de\/producto\/gofrera-burbujas-waffle-bubble\/","og_locale":"de_DE","og_type":"article","og_title":"Gofrera burbujas Waffle bubble","og_description":"Gofrera burbujas Waffle bubble Nuestra\u00a0Gofrera Bubble\u00a0de\u00a0\u00a0ARC\u00a0es la mejor opci\u00f3n para hacer\u00a0gofres,\u00a0waffles, barquillos, conos de helado\u00a0 porque es multifuncional. Es ideal para profesionales y peque\u00f1os comercios .  La\u00a0Maquina de waffles el\u00e9ctrica\u00a0de\u00a0ARC\u00a0est\u00e1 hecha de acero inoxidable, que es resistente a los ara\u00f1azos y duradero. La placa de hierro fundido le proporciona una tecnolog\u00eda especial antiadherente.\u00a0La m\u00e1quina de gofres ARCMGEB75\u00a0es f\u00e1cil de usar. La\u00a0m\u00e1quina para hacer Waffles Esponjosos se calienta r\u00e1pidamente gracias a su potencia de 1250 vatios que la vuelven a su vez m\u00e1s eficiente por su consumo el\u00e9ctrico. Tiene una bandeja de goteo debajo de la placa para facilitar la limpieza. Garant\u00eda\u00a0ARC 2 A\u00d1OS Gofrera profesional , bajo consumo 1250w soporte t\u00e9cnico incluido. &nbsp;  &nbsp;","og_url":"https:\/\/www.distribucionarc.com\/de\/producto\/gofrera-burbujas-waffle-bubble\/","og_site_name":"distribuci\u00f3n ARC","article_modified_time":"2021-01-26T09:21:13+00:00","og_image":[{"width":1600,"height":1600,"url":"https:\/\/www.distribucionarc.com\/wp-content\/uploads\/2020\/10\/Gofrera-burbujas-Waffle-bubble-0.jpg","type":"image\/jpeg"}],"twitter_card":"summary_large_image","twitter_misc":{"Gesch\u00e4tzte Lesezeit":"2\u00a0Minuten"},"schema":{"@context":"https:\/\/schema.org","@graph":[{"@type":"WebPage","@id":"https:\/\/www.distribucionarc.com\/de\/producto\/gofrera-burbujas-waffle-bubble\/","url":"https:\/\/www.distribucionarc.com\/de\/producto\/gofrera-burbujas-waffle-bubble\/","name":"Bubble-Waffeleisen Waffel-Bubble \u2013 ARC-Verteilung","isPartOf":{"@id":"https:\/\/distribucionarc.com\/ar\/#website"},"primaryImageOfPage":{"@id":"https:\/\/www.distribucionarc.com\/de\/producto\/gofrera-burbujas-waffle-bubble\/#primaryimage"},"image":{"@id":"https:\/\/www.distribucionarc.com\/de\/producto\/gofrera-burbujas-waffle-bubble\/#primaryimage"},"thumbnailUrl":"https:\/\/distribucionarc.com\/wp-content\/uploads\/2020\/10\/Gofrera-burbujas-Waffle-bubble-0.jpg","datePublished":"2020-10-28T16:17:57+00:00","dateModified":"2021-01-26T09:21:13+00:00","breadcrumb":{"@id":"https:\/\/www.distribucionarc.com\/de\/producto\/gofrera-burbujas-waffle-bubble\/#breadcrumb"},"inLanguage":"de","potentialAction":[{"@type":"ReadAction","target":["https:\/\/www.distribucionarc.com\/de\/producto\/gofrera-burbujas-waffle-bubble\/"]}]},{"@type":"ImageObject","inLanguage":"de","@id":"https:\/\/www.distribucionarc.com\/de\/producto\/gofrera-burbujas-waffle-bubble\/#primaryimage","url":"https:\/\/distribucionarc.com\/wp-content\/uploads\/2020\/10\/Gofrera-burbujas-Waffle-bubble-0.jpg","contentUrl":"https:\/\/distribucionarc.com\/wp-content\/uploads\/2020\/10\/Gofrera-burbujas-Waffle-bubble-0.jpg","width":1600,"height":1600,"caption":"Gofrera burbujas Waffle bubble"},{"@type":"BreadcrumbList","@id":"https:\/\/www.distribucionarc.com\/de\/producto\/gofrera-burbujas-waffle-bubble\/#breadcrumb","itemListElement":[{"@type":"ListItem","position":1,"name":"Portada","item":"https:\/\/www.distribucionarc.com\/pt\/"},{"@type":"ListItem","position":2,"name":"Produtos","item":"https:\/\/www.distribucionarc.com\/pt\/shop\/"},{"@type":"ListItem","position":3,"name":"Gofrera burbujas Waffle bubble"}]},{"@type":"WebSite","@id":"https:\/\/distribucionarc.com\/ar\/#website","url":"https:\/\/distribucionarc.com\/ar\/","name":"ARC-Verteilung","description":"Das Unternehmen ist auf die Herstellung und den Vertrieb von Industriemaschinen, Dosenverschlie\u00dfmaschinen, Tablettenmaschinen, Fleischschneidemaschinen...","publisher":{"@id":"https:\/\/distribucionarc.com\/ar\/#organization"},"potentialAction":[{"@type":"SearchAction","target":{"@type":"EntryPoint","urlTemplate":"https:\/\/distribucionarc.com\/ar\/?s={search_term_string}"},"query-input":{"@type":"PropertyValueSpecification","valueRequired":true,"valueName":"search_term_string"}}],"inLanguage":"de"},{"@type":"Organization","@id":"https:\/\/distribucionarc.com\/ar\/#organization","name":"ARC-Verteilung","url":"https:\/\/distribucionarc.com\/ar\/","logo":{"@type":"ImageObject","inLanguage":"de","@id":"https:\/\/distribucionarc.com\/ar\/#\/schema\/logo\/image\/","url":"https:\/\/distribucionarc.com\/wp-content\/uploads\/2024\/10\/distribucion-ARC-COLOR-SIN-FONDO-e1732295305345.png","contentUrl":"https:\/\/distribucionarc.com\/wp-content\/uploads\/2024\/10\/distribucion-ARC-COLOR-SIN-FONDO-e1732295305345.png","width":1164,"height":558,"caption":"Distribuci\u00f3n ARC"},"image":{"@id":"https:\/\/distribucionarc.com\/ar\/#\/schema\/logo\/image\/"},"description":"Unternehmen, das auf die Herstellung und den Vertrieb von Industriemaschinen f\u00fcr den Lebensmittel- und Pharmasektor spezialisiert ist. Wir sind spezialisiert auf: Fleischschneidemaschinen Tablettenherstellung Industrielle F\u00f6rdersysteme Abf\u00fcllanlagen Dispenser Und vieles mehr... Wir bieten innovative und ma\u00dfgeschneiderte L\u00f6sungen zur Optimierung der Produktionsprozesse in Ihrem Unternehmen.","email":"Admistracion@distribucionarc.com","telephone":"+34 643496664","legalName":"ARC TECH SOLUTIONS","foundingDate":"2024-04-09","vatID":"B55480172","numberOfEmployees":{"@type":"QuantitativeValue","minValue":"1","maxValue":"10"}}]}},"_links":{"self":[{"href":"https:\/\/distribucionarc.com\/de\/wp-json\/wp\/v2\/product\/4057","targetHints":{"allow":["GET"]}}],"collection":[{"href":"https:\/\/distribucionarc.com\/de\/wp-json\/wp\/v2\/product"}],"about":[{"href":"https:\/\/distribucionarc.com\/de\/wp-json\/wp\/v2\/types\/product"}],"replies":[{"embeddable":true,"href":"https:\/\/distribucionarc.com\/de\/wp-json\/wp\/v2\/comments?post=4057"}],"version-history":[{"count":0,"href":"https:\/\/distribucionarc.com\/de\/wp-json\/wp\/v2\/product\/4057\/revisions"}],"wp:featuredmedia":[{"embeddable":true,"href":"https:\/\/distribucionarc.com\/de\/wp-json\/wp\/v2\/media\/4064"}],"wp:attachment":[{"href":"https:\/\/distribucionarc.com\/de\/wp-json\/wp\/v2\/media?parent=4057"}],"wp:term":[{"taxonomy":"product_brand","embeddable":true,"href":"https:\/\/distribucionarc.com\/de\/wp-json\/wp\/v2\/product_brand?post=4057"},{"taxonomy":"product_cat","embeddable":true,"href":"https:\/\/distribucionarc.com\/de\/wp-json\/wp\/v2\/product_cat?post=4057"},{"taxonomy":"product_tag","embeddable":true,"href":"https:\/\/distribucionarc.com\/de\/wp-json\/wp\/v2\/product_tag?post=4057"}],"curies":[{"name":"wp","href":"https:\/\/api.w.org\/{rel}","templated":true}]}}