{"id":425,"date":"2020-04-18T16:38:10","date_gmt":"2020-04-18T16:38:10","guid":{"rendered":"https:\/\/distribucionarc.com\/?post_type=product&#038;p=425"},"modified":"2023-04-02T10:06:45","modified_gmt":"2023-04-02T10:06:45","slug":"halbautomatischer-pneumatischer-kleber-abfullspender","status":"publish","type":"product","link":"https:\/\/distribucionarc.com\/de\/producto\/dosificadora-de-adesivos-llenadora-neumatica-semiautomatica\/","title":{"rendered":"Klebstoffspender, pneumatischer oder halbautomatischer F\u00fcller"},"content":{"rendered":"<h3>Fl\u00fcssigklebstoffspender, pneumatischer und halbautomatischer F\u00fcller<\/h3>\n<p>&nbsp;<\/p>\n<p>Maschine zum manuellen oder automatischen Auftragen von Leim mit Zeitschaltuhr, sie verf\u00fcgt \u00fcber ein Pedal, mit dieser Maschine k\u00f6nnen Sie pr\u00e4zisere Ergebnisse, bessere Endbearbeitungen Ihrer Teile und eine Steigerung der Produktion erzielen, die Nutzungsdauer dieser Maschine betr\u00e4gt bis zu ? Jahre verf\u00fcgt \u00fcber ein Anti-Tropf-System. Entwickelt f\u00fcr eine Vielzahl von Anwendungen wie EFD, I&amp;J Fisnar.<\/p>\n<p>Komplett mit einem Zubeh\u00f6r-Ausgabeset.<\/p>\n<p>Dosierzeit im Timer-Modus: 0,01\u201399,99 Sekunden.<\/p>\n<p>Zykluszeit im Timer-Modus: 0,1\u20139,9 Sekunden.<\/p>\n<p>Im manuellen Modus k\u00f6nnen Materialien kontinuierlich abgegeben werden, bis der Bediener das Pedal losl\u00e4sst.<\/p>\n<p>Das <strong>Klebstoffspender<\/strong> muss an den Luftkompressor (1,5 PS oder h\u00f6her) angeschlossen werden.<\/p>\n<p>Er <strong>Klebstoffspender<\/strong>\u00a0<b>Professional,<\/b>\u00a0Precise \u00fcbernimmt das neueste digitale Steuerungssystem,<\/p>\n<p>1. Abgabeart: Freie Einstellung von 16 Arten von Formen, mit Anzeige der Abgabezeit<\/p>\n<p>2. Automatischer Dosiertimer: 00.01S-99.99S<\/p>\n<p>3. Manueller Dosierzeitpunkt: Kann Beschichtung oder in einer kontinuierlichen Linie dosieren<\/p>\n<p>4. Minimale Klebstoffdosierung: 0,0001 ml<\/p>\n<p>5. Dosierzeitbereich: 0,1\u20139,9 s (Auto-Timing-Funktion)<\/p>\n<p>6. Eingangsspannung: 220 V -10% 50 Hz \/ 110 V -10% 60 Hz (220 V f\u00fcr Europa; 110 V f\u00fcr Amerika usw.)<\/p>\n<p>7. Interne Spannung: 12 V DC \/ 24 V DC<\/p>\n<p>8. Einlassluftdruck: 10-100 pSi<\/p>\n<p>9. Auslassluftdruck: 1-80 pSi<\/p>\n<p>10. Gesamtabmessung: 235*225*63mm<\/p>\n<p>11. Nettogewicht: 2,2 kg<\/p>\n<p>1. Netzschalter: Platzierungslicht zeigt \u201eEin\u201c, Ausschaltlicht zeigt \u201eAus\u201c<\/p>\n<p>2. Ausgabezeitanzeige: Uhrzeit auf dem Bildschirm einstellen<\/p>\n<p>3. Einlassluftdruckregler: Zuerst herausziehen, umkehren ist niedrigerer Druck, Entl\u00fcften ist h\u00f6herer Druck<\/p>\n<p>4. Barometer: Anzeigebereich: 0\u2013100 pSi<\/p>\n<p>5. Vakuumsteuereinheit: Umkehrung ist Hochvakuumpumpe, Geschwindigkeit ist Niedervakuumpumpe<\/p>\n<p>6. Testtaste: W\u00e4hrend des Tests k\u00f6nnen Sie den Fu\u00dfschalter austauschen<\/p>\n<p>7. Taste f\u00fcr den W\u00e4hlcode f\u00fcr die Abgabezeit: Zeigt die Einstellzeit an und nimmt die Form des Addierens und Subtrahierens von 00,01 S bis 99,99 S an<\/p>\n<p>8. W\u00e4hlcodetaste f\u00fcr die Einstellung des Zeitintervalls: Zeigt die Einstellzeit an und \u00fcbernimmt die Additions- und Subtraktionsmethode von 0,1 S bis 9,9 S<\/p>\n<p>9. Dosierausgangsschnittstelle: Zum Anschluss an den Dosiernadelzylinder.<\/p>\n<p>10. Luftdruck-Eingangsschnittstelle: An saubere Hochdruckquelle (Kompressor) anschlie\u00dfen.<\/p>\n<p>11. Ausgabeart: 16 Arten kostenlos<\/p>\n<p>12. Fu\u00dfschalter-Schnittstelle: An Fu\u00dfschalter anschlie\u00dfen<\/p>\n<p>13. Stromeingangsbuchse<\/p>\n<p>14. Gewehrhalter<\/p>\n<p><strong>INHALT:<\/strong><\/p>\n<p>1 <strong>Klebstoffauftragsmaschine<\/strong><\/p>\n<p>1 Fu\u00dfschalter<\/p>\n<p>1 Handschalter<\/p>\n<p>1 Spenderhalter<\/p>\n<p>2 30-ml-Fl\u00fcssigkeitsspritze<\/p>\n<p>1 Luftschlauch zur Spritze<\/p>\n<p>1 Luftschlauch zur Luftquelle<\/p>\n<p>1 Nadelset aus Stahl und Kunststoff<\/p>\n<p>1 Netzkabel<\/p>\n<p><strong>In diesem Video k\u00f6nnen Sie sehen, wie die Maschine funktioniert<\/strong><\/p>\n<p><iframe loading=\"lazy\" src=\"https:\/\/www.youtube.com\/embed\/XuHbrKqcgD8\" width=\"560\" height=\"315\" frameborder=\"0\" allowfullscreen=\"allowfullscreen\"><\/iframe><\/p>","protected":false},"excerpt":{"rendered":"<p>Klebstoffauftragsmaschinen werden in verschiedenen Branchen eingesetzt: Elektronik, Luftfahrt, Optik, Chemie, Automobil, medizinische Behandlung, Erd\u00f6l, Verpackung,<\/p>\n<p>Schmuck- und Maschinenindustrie.<\/p>\n<p>Unsere Maschinen durchlaufen eine anspruchsvolle Qualit\u00e4tskontrolle. Auf diese Weise garantieren wir 2\ufe0f\u20e3 Jahre Garantie und technischen Support im Falle einer Panne<\/p>","protected":false},"featured_media":426,"comment_status":"open","ping_status":"closed","template":"","meta":{"wds_primary_product_brand":0,"wds_primary_product_cat":0},"product_brand":[],"product_cat":[18,19,20],"product_tag":[],"class_list":{"0":"post-425","1":"product","2":"type-product","3":"status-publish","4":"has-post-thumbnail","6":"product_cat-dosificadoras","7":"product_cat-dosificadoras-de-liquidos","8":"product_cat-dosificadoras-de-pastosos","10":"first","11":"instock","12":"taxable","13":"shipping-taxable","14":"purchasable","15":"product-type-simple"},"yoast_head":"<!-- This site is optimized with the Yoast SEO Premium plugin v24.9 (Yoast SEO v26.1) - https:\/\/yoast.com\/wordpress\/plugins\/seo\/ -->\n<title>Dosificadora de adhesivo Llenadora Neum\u00e1tica o Semiautom\u00e1tica - distribuci\u00f3n ARC<\/title>\n<meta name=\"robots\" content=\"index, follow, max-snippet:-1, max-image-preview:large, max-video-preview:-1\" \/>\n<link rel=\"canonical\" href=\"https:\/\/distribucionarc.com\/de\/produkt-2\/halbautomatischer-pneumatischer-kleber-abfullspender\/\" \/>\n<meta property=\"og:locale\" content=\"de_DE\" \/>\n<meta property=\"og:type\" content=\"article\" \/>\n<meta property=\"og:title\" content=\"Dosificadora de adhesivo Llenadora Neum\u00e1tica o Semiautom\u00e1tica\" \/>\n<meta property=\"og:description\" content=\"M\u00e1quina dosificadora de adhesivo se utilizada en diferentes campos de la industrias, electr\u00f3nica, aviaci\u00f3n, \u00f3ptica, qu\u00edmica, autom\u00f3vil, tratamiento m\u00e9dico, petr\u00f3leo, embalaje,  Industria de joyer\u00eda y maquinaria.  Nuestras m\u00e1quinas pasan un exigente control de calidad de esta forma garantizamos 2\ufe0f\u20e3 a\u00f1os de garant\u00eda y soporte t\u00e9cnico en caso de aver\u00eda\" \/>\n<meta property=\"og:url\" content=\"https:\/\/distribucionarc.com\/de\/produkt-2\/halbautomatischer-pneumatischer-kleber-abfullspender\/\" \/>\n<meta property=\"og:site_name\" content=\"distribuci\u00f3n ARC\" \/>\n<meta property=\"article:modified_time\" content=\"2023-04-02T10:06:45+00:00\" \/>\n<meta property=\"og:image\" content=\"https:\/\/distribucionarc.com\/wp-content\/uploads\/2020\/04\/dosificadora_de_adesivos_llenadora_neumatica_0.jpg\" \/>\n\t<meta property=\"og:image:width\" content=\"800\" \/>\n\t<meta property=\"og:image:height\" content=\"800\" \/>\n\t<meta property=\"og:image:type\" content=\"image\/jpeg\" \/>\n<meta name=\"twitter:card\" content=\"summary_large_image\" \/>\n<meta name=\"twitter:label1\" content=\"Gesch\u00e4tzte Lesezeit\" \/>\n\t<meta name=\"twitter:data1\" content=\"3\u00a0Minuten\" \/>\n<script type=\"application\/ld+json\" class=\"yoast-schema-graph\">{\"@context\":\"https:\/\/schema.org\",\"@graph\":[{\"@type\":\"WebPage\",\"@id\":\"https:\/\/distribucionarc.com\/en\/producto\/dosificadora-de-adesivos-llenadora-neumatica-semiautomatica\/\",\"url\":\"https:\/\/distribucionarc.com\/en\/producto\/dosificadora-de-adesivos-llenadora-neumatica-semiautomatica\/\",\"name\":\"Dosificadora de adhesivo Llenadora Neum\u00e1tica o Semiautom\u00e1tica - distribuci\u00f3n ARC\",\"isPartOf\":{\"@id\":\"https:\/\/distribucionarc.com\/ro\/#website\"},\"primaryImageOfPage\":{\"@id\":\"https:\/\/distribucionarc.com\/en\/producto\/dosificadora-de-adesivos-llenadora-neumatica-semiautomatica\/#primaryimage\"},\"image\":{\"@id\":\"https:\/\/distribucionarc.com\/en\/producto\/dosificadora-de-adesivos-llenadora-neumatica-semiautomatica\/#primaryimage\"},\"thumbnailUrl\":\"https:\/\/distribucionarc.com\/wp-content\/uploads\/2020\/04\/dosificadora_de_adesivos_llenadora_neumatica_0.jpg\",\"datePublished\":\"2020-04-18T16:38:10+00:00\",\"dateModified\":\"2023-04-02T10:06:45+00:00\",\"breadcrumb\":{\"@id\":\"https:\/\/distribucionarc.com\/en\/producto\/dosificadora-de-adesivos-llenadora-neumatica-semiautomatica\/#breadcrumb\"},\"inLanguage\":\"de\",\"potentialAction\":[{\"@type\":\"ReadAction\",\"target\":[\"https:\/\/distribucionarc.com\/en\/producto\/dosificadora-de-adesivos-llenadora-neumatica-semiautomatica\/\"]}]},{\"@type\":\"ImageObject\",\"inLanguage\":\"de\",\"@id\":\"https:\/\/distribucionarc.com\/en\/producto\/dosificadora-de-adesivos-llenadora-neumatica-semiautomatica\/#primaryimage\",\"url\":\"https:\/\/distribucionarc.com\/wp-content\/uploads\/2020\/04\/dosificadora_de_adesivos_llenadora_neumatica_0.jpg\",\"contentUrl\":\"https:\/\/distribucionarc.com\/wp-content\/uploads\/2020\/04\/dosificadora_de_adesivos_llenadora_neumatica_0.jpg\",\"width\":800,\"height\":800},{\"@type\":\"BreadcrumbList\",\"@id\":\"https:\/\/distribucionarc.com\/en\/producto\/dosificadora-de-adesivos-llenadora-neumatica-semiautomatica\/#breadcrumb\",\"itemListElement\":[{\"@type\":\"ListItem\",\"position\":1,\"name\":\"Portada\",\"item\":\"https:\/\/distribucionarc.com\/ar\/\"},{\"@type\":\"ListItem\",\"position\":2,\"name\":\"Proizvodi\",\"item\":\"https:\/\/www.distribucionarc.com\/hr\/ducan\/\"},{\"@type\":\"ListItem\",\"position\":3,\"name\":\"Dosificadora de adhesivo Llenadora Neum\u00e1tica o Semiautom\u00e1tica\"}]},{\"@type\":\"WebSite\",\"@id\":\"https:\/\/distribucionarc.com\/ro\/#website\",\"url\":\"https:\/\/distribucionarc.com\/ro\/\",\"name\":\"distribuci\u00f3n ARC\",\"description\":\"Empresa especializada en la fabricaci\u00f3n y distribuci\u00f3n de maquinaria industrial, selladoras de latas, Maquinas de hacer pastillas, Maquinas de cortar carne...\",\"publisher\":{\"@id\":\"https:\/\/distribucionarc.com\/ro\/#organization\"},\"potentialAction\":[{\"@type\":\"SearchAction\",\"target\":{\"@type\":\"EntryPoint\",\"urlTemplate\":\"https:\/\/distribucionarc.com\/ro\/?s={search_term_string}\"},\"query-input\":{\"@type\":\"PropertyValueSpecification\",\"valueRequired\":true,\"valueName\":\"search_term_string\"}}],\"inLanguage\":\"de\"},{\"@type\":\"Organization\",\"@id\":\"https:\/\/distribucionarc.com\/ro\/#organization\",\"name\":\"Distribuci\u00f3n ARC\",\"url\":\"https:\/\/distribucionarc.com\/ro\/\",\"logo\":{\"@type\":\"ImageObject\",\"inLanguage\":\"de\",\"@id\":\"https:\/\/distribucionarc.com\/ro\/#\/schema\/logo\/image\/\",\"url\":\"https:\/\/distribucionarc.com\/wp-content\/uploads\/2024\/10\/distribucion-ARC-COLOR-SIN-FONDO-e1732295305345.png\",\"contentUrl\":\"https:\/\/distribucionarc.com\/wp-content\/uploads\/2024\/10\/distribucion-ARC-COLOR-SIN-FONDO-e1732295305345.png\",\"width\":1164,\"height\":558,\"caption\":\"Distribuci\u00f3n ARC\"},\"image\":{\"@id\":\"https:\/\/distribucionarc.com\/ro\/#\/schema\/logo\/image\/\"},\"description\":\"Empresa especializada en la fabricaci\u00f3n y distribuci\u00f3n de maquinaria industrial para los sectores alimentario y farmac\u00e9utico. Nos especializamos en: M\u00e1quinas de cortar carne Fabricaci\u00f3n de comprimidos Sistemas de transporte industrial L\u00edneas de embotellado Dosificadores Y mucho m\u00e1s... Ofrecemos soluciones innovadoras y personalizadas para optimizar los procesos productivos de tu empresa.\",\"email\":\"Admistracion@distribucionarc.com\",\"telephone\":\"+34 643496664\",\"legalName\":\"ARC TECH SOLUTIONS\",\"foundingDate\":\"2024-04-09\",\"vatID\":\"B55480172\",\"numberOfEmployees\":{\"@type\":\"QuantitativeValue\",\"minValue\":\"1\",\"maxValue\":\"10\"}}]}<\/script>\n<!-- \/ Yoast SEO Premium plugin. -->","yoast_head_json":{"title":"Klebstoffspender, pneumatischer oder halbautomatischer F\u00fcller \u2013 ARC-Verteilung","robots":{"index":"index","follow":"follow","max-snippet":"max-snippet:-1","max-image-preview":"max-image-preview:large","max-video-preview":"max-video-preview:-1"},"canonical":"https:\/\/distribucionarc.com\/de\/produkt-2\/halbautomatischer-pneumatischer-kleber-abfullspender\/","og_locale":"de_DE","og_type":"article","og_title":"Dosificadora de adhesivo Llenadora Neum\u00e1tica o Semiautom\u00e1tica","og_description":"M\u00e1quina dosificadora de adhesivo se utilizada en diferentes campos de la industrias, electr\u00f3nica, aviaci\u00f3n, \u00f3ptica, qu\u00edmica, autom\u00f3vil, tratamiento m\u00e9dico, petr\u00f3leo, embalaje,  Industria de joyer\u00eda y maquinaria.  Nuestras m\u00e1quinas pasan un exigente control de calidad de esta forma garantizamos 2\ufe0f\u20e3 a\u00f1os de garant\u00eda y soporte t\u00e9cnico en caso de aver\u00eda","og_url":"https:\/\/distribucionarc.com\/de\/produkt-2\/halbautomatischer-pneumatischer-kleber-abfullspender\/","og_site_name":"distribuci\u00f3n ARC","article_modified_time":"2023-04-02T10:06:45+00:00","og_image":[{"width":800,"height":800,"url":"https:\/\/distribucionarc.com\/wp-content\/uploads\/2020\/04\/dosificadora_de_adesivos_llenadora_neumatica_0.jpg","type":"image\/jpeg"}],"twitter_card":"summary_large_image","twitter_misc":{"Gesch\u00e4tzte Lesezeit":"3\u00a0Minuten"},"schema":{"@context":"https:\/\/schema.org","@graph":[{"@type":"WebPage","@id":"https:\/\/distribucionarc.com\/en\/producto\/dosificadora-de-adesivos-llenadora-neumatica-semiautomatica\/","url":"https:\/\/distribucionarc.com\/en\/producto\/dosificadora-de-adesivos-llenadora-neumatica-semiautomatica\/","name":"Klebstoffspender, pneumatischer oder halbautomatischer F\u00fcller \u2013 ARC-Verteilung","isPartOf":{"@id":"https:\/\/distribucionarc.com\/ro\/#website"},"primaryImageOfPage":{"@id":"https:\/\/distribucionarc.com\/en\/producto\/dosificadora-de-adesivos-llenadora-neumatica-semiautomatica\/#primaryimage"},"image":{"@id":"https:\/\/distribucionarc.com\/en\/producto\/dosificadora-de-adesivos-llenadora-neumatica-semiautomatica\/#primaryimage"},"thumbnailUrl":"https:\/\/distribucionarc.com\/wp-content\/uploads\/2020\/04\/dosificadora_de_adesivos_llenadora_neumatica_0.jpg","datePublished":"2020-04-18T16:38:10+00:00","dateModified":"2023-04-02T10:06:45+00:00","breadcrumb":{"@id":"https:\/\/distribucionarc.com\/en\/producto\/dosificadora-de-adesivos-llenadora-neumatica-semiautomatica\/#breadcrumb"},"inLanguage":"de","potentialAction":[{"@type":"ReadAction","target":["https:\/\/distribucionarc.com\/en\/producto\/dosificadora-de-adesivos-llenadora-neumatica-semiautomatica\/"]}]},{"@type":"ImageObject","inLanguage":"de","@id":"https:\/\/distribucionarc.com\/en\/producto\/dosificadora-de-adesivos-llenadora-neumatica-semiautomatica\/#primaryimage","url":"https:\/\/distribucionarc.com\/wp-content\/uploads\/2020\/04\/dosificadora_de_adesivos_llenadora_neumatica_0.jpg","contentUrl":"https:\/\/distribucionarc.com\/wp-content\/uploads\/2020\/04\/dosificadora_de_adesivos_llenadora_neumatica_0.jpg","width":800,"height":800},{"@type":"BreadcrumbList","@id":"https:\/\/distribucionarc.com\/en\/producto\/dosificadora-de-adesivos-llenadora-neumatica-semiautomatica\/#breadcrumb","itemListElement":[{"@type":"ListItem","position":1,"name":"Portada","item":"https:\/\/distribucionarc.com\/ar\/"},{"@type":"ListItem","position":2,"name":"Proizvodi","item":"https:\/\/www.distribucionarc.com\/hr\/ducan\/"},{"@type":"ListItem","position":3,"name":"Dosificadora de adhesivo Llenadora Neum\u00e1tica o Semiautom\u00e1tica"}]},{"@type":"WebSite","@id":"https:\/\/distribucionarc.com\/ro\/#website","url":"https:\/\/distribucionarc.com\/ro\/","name":"ARC-Verteilung","description":"Das Unternehmen ist auf die Herstellung und den Vertrieb von Industriemaschinen, Dosenverschlie\u00dfmaschinen, Tablettenmaschinen, Fleischschneidemaschinen...","publisher":{"@id":"https:\/\/distribucionarc.com\/ro\/#organization"},"potentialAction":[{"@type":"SearchAction","target":{"@type":"EntryPoint","urlTemplate":"https:\/\/distribucionarc.com\/ro\/?s={search_term_string}"},"query-input":{"@type":"PropertyValueSpecification","valueRequired":true,"valueName":"search_term_string"}}],"inLanguage":"de"},{"@type":"Organization","@id":"https:\/\/distribucionarc.com\/ro\/#organization","name":"ARC-Verteilung","url":"https:\/\/distribucionarc.com\/ro\/","logo":{"@type":"ImageObject","inLanguage":"de","@id":"https:\/\/distribucionarc.com\/ro\/#\/schema\/logo\/image\/","url":"https:\/\/distribucionarc.com\/wp-content\/uploads\/2024\/10\/distribucion-ARC-COLOR-SIN-FONDO-e1732295305345.png","contentUrl":"https:\/\/distribucionarc.com\/wp-content\/uploads\/2024\/10\/distribucion-ARC-COLOR-SIN-FONDO-e1732295305345.png","width":1164,"height":558,"caption":"Distribuci\u00f3n ARC"},"image":{"@id":"https:\/\/distribucionarc.com\/ro\/#\/schema\/logo\/image\/"},"description":"Unternehmen, das auf die Herstellung und den Vertrieb von Industriemaschinen f\u00fcr den Lebensmittel- und Pharmasektor spezialisiert ist. Wir sind spezialisiert auf: Fleischschneidemaschinen Tablettenherstellung Industrielle F\u00f6rdersysteme Abf\u00fcllanlagen Dispenser Und vieles mehr... Wir bieten innovative und ma\u00dfgeschneiderte L\u00f6sungen zur Optimierung der Produktionsprozesse in Ihrem Unternehmen.","email":"Admistracion@distribucionarc.com","telephone":"+34 643496664","legalName":"ARC TECH SOLUTIONS","foundingDate":"2024-04-09","vatID":"B55480172","numberOfEmployees":{"@type":"QuantitativeValue","minValue":"1","maxValue":"10"}}]}},"_links":{"self":[{"href":"https:\/\/distribucionarc.com\/de\/wp-json\/wp\/v2\/product\/425","targetHints":{"allow":["GET"]}}],"collection":[{"href":"https:\/\/distribucionarc.com\/de\/wp-json\/wp\/v2\/product"}],"about":[{"href":"https:\/\/distribucionarc.com\/de\/wp-json\/wp\/v2\/types\/product"}],"replies":[{"embeddable":true,"href":"https:\/\/distribucionarc.com\/de\/wp-json\/wp\/v2\/comments?post=425"}],"version-history":[{"count":0,"href":"https:\/\/distribucionarc.com\/de\/wp-json\/wp\/v2\/product\/425\/revisions"}],"wp:featuredmedia":[{"embeddable":true,"href":"https:\/\/distribucionarc.com\/de\/wp-json\/wp\/v2\/media\/426"}],"wp:attachment":[{"href":"https:\/\/distribucionarc.com\/de\/wp-json\/wp\/v2\/media?parent=425"}],"wp:term":[{"taxonomy":"product_brand","embeddable":true,"href":"https:\/\/distribucionarc.com\/de\/wp-json\/wp\/v2\/product_brand?post=425"},{"taxonomy":"product_cat","embeddable":true,"href":"https:\/\/distribucionarc.com\/de\/wp-json\/wp\/v2\/product_cat?post=425"},{"taxonomy":"product_tag","embeddable":true,"href":"https:\/\/distribucionarc.com\/de\/wp-json\/wp\/v2\/product_tag?post=425"}],"curies":[{"name":"wp","href":"https:\/\/api.w.org\/{rel}","templated":true}]}}