{"id":4250,"date":"2021-01-26T11:00:28","date_gmt":"2021-01-26T11:00:28","guid":{"rendered":"https:\/\/distribucionarc.com\/?post_type=product&#038;p=4250"},"modified":"2021-01-26T11:00:28","modified_gmt":"2021-01-26T11:00:28","slug":"warmesparlampe-fur-lebensmittel","status":"publish","type":"product","link":"https:\/\/distribucionarc.com\/de\/producto\/lampara-conservadora-de-calor-para-alimentos\/","title":{"rendered":"Lampe zum Aufbewahren von Lebensmitteln"},"content":{"rendered":"<h2>Lampe zum Aufbewahren von Lebensmitteln<\/h2>\n<p>Unser <strong>kommerzielle W\u00e4rmelampe <span style=\"color: #ff0000;\">ZU<\/span><span style=\"color: #0000ff;\">R<\/span>CLCA60<\/strong> Es besteht aus hochfestem Edelstahl mit geb\u00fcrsteter Oberfl\u00e4che und ist f\u00fcr lange Haltbarkeit vollst\u00e4ndig verschwei\u00dft. Es ist von drei Seiten zug\u00e4nglich. Der <strong>Hei\u00dfe Lampe f\u00fcr Lebensmittel <\/strong>Es ist mit einer perforierten, flachen Abtropffl\u00e4che und einer Auffangschale zum Abtropfen von \u00fcbersch\u00fcssigem \u00d6l von frittierten Speisen ausgestattet; abnehmbar f\u00fcr eine schnelle und einfache Reinigung. Der <strong>Brath\u00e4hnchen-W\u00e4rmer-Basis<\/strong> Es verf\u00fcgt \u00fcber ein Edelstahltablett f\u00fcr verschiedene Lebensmittel; mit den Abmessungen 525 x 325 x 65 mm. au\u00dferdem,. Alle Teile sind zur bequemen Reinigung abnehmbar.<\/p>\n<p>Die Elemente<strong> Infrarotstrahler<\/strong> Sie verlaufen U-f\u00f6rmig \u00fcber den gesamten oberen Teil des <strong>W\u00e4rmezufuhrlampe<span style=\"color: #ff0000;\"> ZU<\/span><span style=\"color: #0000ff;\">R<\/span>CLCA60<\/strong>, sodass sie eine gleichm\u00e4\u00dfigere W\u00e4rmeverteilung abgeben und so eine schnelle Erw\u00e4rmung und hohe Effizienz erreichen.<\/p>\n<p>Das<strong> Pommes Frites Tablett<\/strong> An der Oberseite ist eine thermostabile Gl\u00fchbirne mit warmem Licht angebracht, die den Lebensmittelbereich beleuchtet, sodass Sie das Essen deutlich sehen k\u00f6nnen, w\u00e4hrend das frittierte Essen eine attraktive Farbe ausstrahlt. Das <strong>W\u00e4rmelampe f\u00fcr Bratpfanne<\/strong> Es eignet sich perfekt dazu, Ihre Pommes Frites, Zwiebelringe, H\u00fchnchen, Pizza, K\u00e4sesticks und mehr auf der richtigen Temperatur zwischen 30 \u00b0C und 85 \u00b0C zu halten. Hilft, Ihr Essen warm, lecker und knusprig zu halten.<\/p>\n<h6>Garantie<strong>\u00a0<span style=\"color: #ff0000;\">ZU<\/span><span style=\"color: #0000ff;\">R<\/span>C 2 JAHRE<\/strong><\/h6>\n<h6><span style=\"color: #008000;\">Lebensmittelkonservierungslampe, effizient und sparsam, 800 W<\/span><\/h6>\n<h6>Technischer Support inklusive<\/h6>\n<p>&nbsp;<\/p>\n<p>&nbsp;<\/p>\n<table role=\"presentation\" width=\"100%\" cellspacing=\"0\" cellpadding=\"0\">\n<tbody>\n<tr>\n<td class=\"attrLabels\">Marke:<\/td>\n<td width=\"50.0%\">BOGEN<\/td>\n<\/tr>\n<tr>\n<td class=\"attrLabels\">Garantie:<\/td>\n<td width=\"50.0%\">2 Jahre<\/td>\n<td class=\"attrLabels\">Gewicht:<\/td>\n<td width=\"50.0%\">6kg<\/td>\n<\/tr>\n<tr>\n<td class=\"attrLabels\">Vertriebsland:<\/td>\n<td width=\"50.0%\">Spanien, Deutschland, USA<\/td>\n<td class=\"attrLabels\">H\u00f6he:<\/td>\n<td width=\"50.0%\">60,5 cm<\/td>\n<\/tr>\n<tr>\n<td class=\"attrLabels\">Farbe:<\/td>\n<td width=\"50.0%\">Silber<\/td>\n<td class=\"attrLabels\">Lang:<\/td>\n<td width=\"50.0%\">55cm<\/td>\n<\/tr>\n<tr>\n<td class=\"attrLabels\">Produkttyp:<\/td>\n<td width=\"50.0%\">Beheiztes Essenstablett<\/td>\n<td class=\"attrLabels\">Breit:<\/td>\n<td width=\"50.0%\">\u00a034,2 cm<\/td>\n<\/tr>\n<tr>\n<td class=\"attrLabels\">Herstellernummer:<\/td>\n<td width=\"50.0%\">ARCLCA60<\/td>\n<td class=\"attrLabels\">Beheiztes Tablett:<\/td>\n<td width=\"50.0%\">52,5 x 32,5 x 6,5 cm<\/td>\n<\/tr>\n<tr>\n<td class=\"attrLabels\">Material:<\/td>\n<td width=\"50.0%\">Edelstahl, Infrarotlampe, U-f\u00f6rmiger Infrarotstrahler, Auffangschale<\/td>\n<td class=\"attrLabels\">Temperaturbereich:<\/td>\n<td width=\"50.0%\">30\u00baC \u2013 85\u00baC<\/td>\n<\/tr>\n<tr>\n<td class=\"attrLabels\">Leistung:<\/td>\n<td width=\"50.0%\">800W<\/td>\n<td class=\"attrLabels\">Werkzeuge:<\/td>\n<td width=\"50.0%\">Ja<\/td>\n<\/tr>\n<tr>\n<td class=\"attrLabels\">Stromspannung:<\/td>\n<td width=\"50.0%\">220V 50Hz bis 60Hz<\/td>\n<td class=\"attrLabels\"><\/td>\n<td width=\"50.0%\"><\/td>\n<\/tr>\n<\/tbody>\n<\/table>","protected":false},"excerpt":{"rendered":"<h2>Lampe zum Aufbewahren von Lebensmitteln<\/h2>\n<p>Unser <strong>Infrarotlampe f\u00fcr Kartoffeln <span style=\"color: #ff0000;\">ZU<\/span><span style=\"color: #0000ff;\">R<\/span>C<\/strong> Es besteht aus hochfestem Edelstahl mit hervorragender Haltbarkeit und Hygiene. Das <strong>W\u00e4rmespeicher f\u00fcr frittierte Speisen<\/strong> erleichtert Ihnen den Zugang zu Lebensmitteln von drei Seiten. Die Grundlage dieser <strong>Infrarotstrahler<\/strong> <strong><span style=\"color: #ff0000;\">ZU<\/span><span style=\"color: #0000ff;\">R<\/span>CLCA60<\/strong> Es wird mit einem herausnehmbaren Speisetablett mit perforiertem Abtropfbrett zum Abtropfen von \u00fcbersch\u00fcssigem Fett geliefert. Die Elemente<strong> Infrarotstrahler<\/strong> U-f\u00f6rmige Pfannen geben die Hitze ab, damit frittierte Speisen warm und knusprig bleiben. Das <strong>W\u00e4rmeschutzlampe<\/strong> Es eignet sich perfekt zur Aufbewahrung von Pommes Frites, Zwiebelringen, H\u00fchnchen usw. Mit all seinem Geschmack und seiner Textur.<\/p>\n<h6>Garantie<strong>\u00a0<span style=\"color: #ff0000;\">ZU<\/span><span style=\"color: #0000ff;\">R<\/span>C 2 JAHRE<\/strong><\/h6>\n<h6><span style=\"color: #008000;\">Lebensmittelkonservierungslampe, effizient und sparsam, 800 W<\/span><\/h6>\n<h6>Technischer Support inklusive.<\/h6>","protected":false},"featured_media":4251,"comment_status":"open","ping_status":"closed","template":"","meta":{"wds_primary_product_brand":0,"wds_primary_product_cat":0},"product_brand":[],"product_cat":[41],"product_tag":[],"class_list":{"0":"post-4250","1":"product","2":"type-product","3":"status-publish","4":"has-post-thumbnail","6":"product_cat-expositor-de-alimentos","7":"product_shipping_class-hosteleria","9":"first","10":"instock","11":"sale","12":"taxable","13":"shipping-taxable","14":"purchasable","15":"product-type-simple"},"yoast_head":"<!-- This site is optimized with the Yoast SEO Premium plugin v24.9 (Yoast SEO v26.1) - https:\/\/yoast.com\/wordpress\/plugins\/seo\/ -->\n<title>L\u00e1mpara conservadora de calor para alimentos - distribuci\u00f3n ARC<\/title>\n<meta name=\"robots\" content=\"index, follow, max-snippet:-1, max-image-preview:large, max-video-preview:-1\" \/>\n<link rel=\"canonical\" href=\"https:\/\/distribucionarc.com\/de\/produkt-2\/warmesparlampe-fur-lebensmittel\/\" \/>\n<meta property=\"og:locale\" content=\"de_DE\" \/>\n<meta property=\"og:type\" content=\"article\" \/>\n<meta property=\"og:title\" content=\"L\u00e1mpara conservadora de calor para alimentos\" \/>\n<meta property=\"og:description\" content=\"L\u00e1mpara conservadora de calor para alimentos Nuestra l\u00e1mpara infrarroja para patatas ARC est\u00e1 construida en acero inoxidable de alta resistencia con una excelente durabilidad e higiene. Este conservador de calor para fritos le ayuda a realizar un f\u00e1cil acceso a la comida desde los tres lados. La base de esta Calentador de infrarrojos ARCLCA60 viene con una bandeja de comida desmontable con una tabla de drenaje perforada para el drenaje del exceso de grasa. Los elementos calefactores infrarrojos en forma de U entregan el calor para mantener los alimentos fritos calientes y crujientes. Esta l\u00e1mpara conservadora de calor es perfecto para conservar las patatas fritas, aros de cebolla, pollo frito, etc. Con todo su sabor y textura. Garant\u00eda\u00a0ARC 2 A\u00d1OS L\u00e1mpara conservadora de alimentos, eficiente bajo consumo 800w soporte t\u00e9cnico\u00a0incluido.\" \/>\n<meta property=\"og:url\" content=\"https:\/\/distribucionarc.com\/de\/produkt-2\/warmesparlampe-fur-lebensmittel\/\" \/>\n<meta property=\"og:site_name\" content=\"distribuci\u00f3n ARC\" \/>\n<meta property=\"og:image\" content=\"https:\/\/distribucionarc.com\/wp-content\/uploads\/2021\/01\/Lampara-conservadora-de-calor-para-alimentos-0.jpg\" \/>\n\t<meta property=\"og:image:width\" content=\"1469\" \/>\n\t<meta property=\"og:image:height\" content=\"1500\" \/>\n\t<meta property=\"og:image:type\" content=\"image\/jpeg\" \/>\n<meta name=\"twitter:card\" content=\"summary_large_image\" \/>\n<meta name=\"twitter:label1\" content=\"Gesch\u00e4tzte Lesezeit\" \/>\n\t<meta name=\"twitter:data1\" content=\"2\u00a0Minuten\" \/>\n<script type=\"application\/ld+json\" class=\"yoast-schema-graph\">{\"@context\":\"https:\/\/schema.org\",\"@graph\":[{\"@type\":\"WebPage\",\"@id\":\"https:\/\/distribucionarc.com\/en\/producto\/lampara-conservadora-de-calor-para-alimentos\/\",\"url\":\"https:\/\/distribucionarc.com\/en\/producto\/lampara-conservadora-de-calor-para-alimentos\/\",\"name\":\"L\u00e1mpara conservadora de calor para alimentos - distribuci\u00f3n ARC\",\"isPartOf\":{\"@id\":\"https:\/\/distribucionarc.com\/de\/#website\"},\"primaryImageOfPage\":{\"@id\":\"https:\/\/distribucionarc.com\/en\/producto\/lampara-conservadora-de-calor-para-alimentos\/#primaryimage\"},\"image\":{\"@id\":\"https:\/\/distribucionarc.com\/en\/producto\/lampara-conservadora-de-calor-para-alimentos\/#primaryimage\"},\"thumbnailUrl\":\"https:\/\/distribucionarc.com\/wp-content\/uploads\/2021\/01\/Lampara-conservadora-de-calor-para-alimentos-0.jpg\",\"datePublished\":\"2021-01-26T11:00:28+00:00\",\"breadcrumb\":{\"@id\":\"https:\/\/distribucionarc.com\/en\/producto\/lampara-conservadora-de-calor-para-alimentos\/#breadcrumb\"},\"inLanguage\":\"de\",\"potentialAction\":[{\"@type\":\"ReadAction\",\"target\":[\"https:\/\/distribucionarc.com\/en\/producto\/lampara-conservadora-de-calor-para-alimentos\/\"]}]},{\"@type\":\"ImageObject\",\"inLanguage\":\"de\",\"@id\":\"https:\/\/distribucionarc.com\/en\/producto\/lampara-conservadora-de-calor-para-alimentos\/#primaryimage\",\"url\":\"https:\/\/distribucionarc.com\/wp-content\/uploads\/2021\/01\/Lampara-conservadora-de-calor-para-alimentos-0.jpg\",\"contentUrl\":\"https:\/\/distribucionarc.com\/wp-content\/uploads\/2021\/01\/Lampara-conservadora-de-calor-para-alimentos-0.jpg\",\"width\":1469,\"height\":1500,\"caption\":\"L\u00e1mpara conservadora de calor para alimentos\"},{\"@type\":\"BreadcrumbList\",\"@id\":\"https:\/\/distribucionarc.com\/en\/producto\/lampara-conservadora-de-calor-para-alimentos\/#breadcrumb\",\"itemListElement\":[{\"@type\":\"ListItem\",\"position\":1,\"name\":\"Portada\",\"item\":\"https:\/\/distribucionarc.com\/pl\/\"},{\"@type\":\"ListItem\",\"position\":2,\"name\":\"Produkty\",\"item\":\"https:\/\/distribucionarc.com\/pl\/shop\/\"},{\"@type\":\"ListItem\",\"position\":3,\"name\":\"L\u00e1mpara conservadora de calor para alimentos\"}]},{\"@type\":\"WebSite\",\"@id\":\"https:\/\/distribucionarc.com\/de\/#website\",\"url\":\"https:\/\/distribucionarc.com\/de\/\",\"name\":\"distribuci\u00f3n ARC\",\"description\":\"Empresa especializada en la fabricaci\u00f3n y distribuci\u00f3n de maquinaria industrial, selladoras de latas, Maquinas de hacer pastillas, Maquinas de cortar carne...\",\"publisher\":{\"@id\":\"https:\/\/distribucionarc.com\/de\/#organization\"},\"potentialAction\":[{\"@type\":\"SearchAction\",\"target\":{\"@type\":\"EntryPoint\",\"urlTemplate\":\"https:\/\/distribucionarc.com\/de\/?s={search_term_string}\"},\"query-input\":{\"@type\":\"PropertyValueSpecification\",\"valueRequired\":true,\"valueName\":\"search_term_string\"}}],\"inLanguage\":\"de\"},{\"@type\":\"Organization\",\"@id\":\"https:\/\/distribucionarc.com\/de\/#organization\",\"name\":\"Distribuci\u00f3n ARC\",\"url\":\"https:\/\/distribucionarc.com\/de\/\",\"logo\":{\"@type\":\"ImageObject\",\"inLanguage\":\"de\",\"@id\":\"https:\/\/distribucionarc.com\/de\/#\/schema\/logo\/image\/\",\"url\":\"https:\/\/distribucionarc.com\/wp-content\/uploads\/2024\/10\/distribucion-ARC-COLOR-SIN-FONDO-e1732295305345.png\",\"contentUrl\":\"https:\/\/distribucionarc.com\/wp-content\/uploads\/2024\/10\/distribucion-ARC-COLOR-SIN-FONDO-e1732295305345.png\",\"width\":1164,\"height\":558,\"caption\":\"Distribuci\u00f3n ARC\"},\"image\":{\"@id\":\"https:\/\/distribucionarc.com\/de\/#\/schema\/logo\/image\/\"},\"description\":\"Empresa especializada en la fabricaci\u00f3n y distribuci\u00f3n de maquinaria industrial para los sectores alimentario y farmac\u00e9utico. Nos especializamos en: M\u00e1quinas de cortar carne Fabricaci\u00f3n de comprimidos Sistemas de transporte industrial L\u00edneas de embotellado Dosificadores Y mucho m\u00e1s... Ofrecemos soluciones innovadoras y personalizadas para optimizar los procesos productivos de tu empresa.\",\"email\":\"Admistracion@distribucionarc.com\",\"telephone\":\"+34 643496664\",\"legalName\":\"ARC TECH SOLUTIONS\",\"foundingDate\":\"2024-04-09\",\"vatID\":\"B55480172\",\"numberOfEmployees\":{\"@type\":\"QuantitativeValue\",\"minValue\":\"1\",\"maxValue\":\"10\"}}]}<\/script>\n<!-- \/ Yoast SEO Premium plugin. -->","yoast_head_json":{"title":"Lampe zum Aufbewahren von Lebensmitteln \u2013 ARC-Verteilung","robots":{"index":"index","follow":"follow","max-snippet":"max-snippet:-1","max-image-preview":"max-image-preview:large","max-video-preview":"max-video-preview:-1"},"canonical":"https:\/\/distribucionarc.com\/de\/produkt-2\/warmesparlampe-fur-lebensmittel\/","og_locale":"de_DE","og_type":"article","og_title":"L\u00e1mpara conservadora de calor para alimentos","og_description":"L\u00e1mpara conservadora de calor para alimentos Nuestra l\u00e1mpara infrarroja para patatas ARC est\u00e1 construida en acero inoxidable de alta resistencia con una excelente durabilidad e higiene. Este conservador de calor para fritos le ayuda a realizar un f\u00e1cil acceso a la comida desde los tres lados. La base de esta Calentador de infrarrojos ARCLCA60 viene con una bandeja de comida desmontable con una tabla de drenaje perforada para el drenaje del exceso de grasa. Los elementos calefactores infrarrojos en forma de U entregan el calor para mantener los alimentos fritos calientes y crujientes. Esta l\u00e1mpara conservadora de calor es perfecto para conservar las patatas fritas, aros de cebolla, pollo frito, etc. Con todo su sabor y textura. Garant\u00eda\u00a0ARC 2 A\u00d1OS L\u00e1mpara conservadora de alimentos, eficiente bajo consumo 800w soporte t\u00e9cnico\u00a0incluido.","og_url":"https:\/\/distribucionarc.com\/de\/produkt-2\/warmesparlampe-fur-lebensmittel\/","og_site_name":"distribuci\u00f3n ARC","og_image":[{"width":1469,"height":1500,"url":"https:\/\/distribucionarc.com\/wp-content\/uploads\/2021\/01\/Lampara-conservadora-de-calor-para-alimentos-0.jpg","type":"image\/jpeg"}],"twitter_card":"summary_large_image","twitter_misc":{"Gesch\u00e4tzte Lesezeit":"2\u00a0Minuten"},"schema":{"@context":"https:\/\/schema.org","@graph":[{"@type":"WebPage","@id":"https:\/\/distribucionarc.com\/en\/producto\/lampara-conservadora-de-calor-para-alimentos\/","url":"https:\/\/distribucionarc.com\/en\/producto\/lampara-conservadora-de-calor-para-alimentos\/","name":"Lampe zum Aufbewahren von Lebensmitteln \u2013 ARC-Verteilung","isPartOf":{"@id":"https:\/\/distribucionarc.com\/de\/#website"},"primaryImageOfPage":{"@id":"https:\/\/distribucionarc.com\/en\/producto\/lampara-conservadora-de-calor-para-alimentos\/#primaryimage"},"image":{"@id":"https:\/\/distribucionarc.com\/en\/producto\/lampara-conservadora-de-calor-para-alimentos\/#primaryimage"},"thumbnailUrl":"https:\/\/distribucionarc.com\/wp-content\/uploads\/2021\/01\/Lampara-conservadora-de-calor-para-alimentos-0.jpg","datePublished":"2021-01-26T11:00:28+00:00","breadcrumb":{"@id":"https:\/\/distribucionarc.com\/en\/producto\/lampara-conservadora-de-calor-para-alimentos\/#breadcrumb"},"inLanguage":"de","potentialAction":[{"@type":"ReadAction","target":["https:\/\/distribucionarc.com\/en\/producto\/lampara-conservadora-de-calor-para-alimentos\/"]}]},{"@type":"ImageObject","inLanguage":"de","@id":"https:\/\/distribucionarc.com\/en\/producto\/lampara-conservadora-de-calor-para-alimentos\/#primaryimage","url":"https:\/\/distribucionarc.com\/wp-content\/uploads\/2021\/01\/Lampara-conservadora-de-calor-para-alimentos-0.jpg","contentUrl":"https:\/\/distribucionarc.com\/wp-content\/uploads\/2021\/01\/Lampara-conservadora-de-calor-para-alimentos-0.jpg","width":1469,"height":1500,"caption":"L\u00e1mpara conservadora de calor para alimentos"},{"@type":"BreadcrumbList","@id":"https:\/\/distribucionarc.com\/en\/producto\/lampara-conservadora-de-calor-para-alimentos\/#breadcrumb","itemListElement":[{"@type":"ListItem","position":1,"name":"Portada","item":"https:\/\/distribucionarc.com\/pl\/"},{"@type":"ListItem","position":2,"name":"Produkty","item":"https:\/\/distribucionarc.com\/pl\/shop\/"},{"@type":"ListItem","position":3,"name":"L\u00e1mpara conservadora de calor para alimentos"}]},{"@type":"WebSite","@id":"https:\/\/distribucionarc.com\/de\/#website","url":"https:\/\/distribucionarc.com\/de\/","name":"ARC-Verteilung","description":"Das Unternehmen ist auf die Herstellung und den Vertrieb von Industriemaschinen, Dosenverschlie\u00dfmaschinen, Tablettenmaschinen, Fleischschneidemaschinen...","publisher":{"@id":"https:\/\/distribucionarc.com\/de\/#organization"},"potentialAction":[{"@type":"SearchAction","target":{"@type":"EntryPoint","urlTemplate":"https:\/\/distribucionarc.com\/de\/?s={search_term_string}"},"query-input":{"@type":"PropertyValueSpecification","valueRequired":true,"valueName":"search_term_string"}}],"inLanguage":"de"},{"@type":"Organization","@id":"https:\/\/distribucionarc.com\/de\/#organization","name":"ARC-Verteilung","url":"https:\/\/distribucionarc.com\/de\/","logo":{"@type":"ImageObject","inLanguage":"de","@id":"https:\/\/distribucionarc.com\/de\/#\/schema\/logo\/image\/","url":"https:\/\/distribucionarc.com\/wp-content\/uploads\/2024\/10\/distribucion-ARC-COLOR-SIN-FONDO-e1732295305345.png","contentUrl":"https:\/\/distribucionarc.com\/wp-content\/uploads\/2024\/10\/distribucion-ARC-COLOR-SIN-FONDO-e1732295305345.png","width":1164,"height":558,"caption":"Distribuci\u00f3n ARC"},"image":{"@id":"https:\/\/distribucionarc.com\/de\/#\/schema\/logo\/image\/"},"description":"Unternehmen, das auf die Herstellung und den Vertrieb von Industriemaschinen f\u00fcr den Lebensmittel- und Pharmasektor spezialisiert ist. Wir sind spezialisiert auf: Fleischschneidemaschinen Tablettenherstellung Industrielle F\u00f6rdersysteme Abf\u00fcllanlagen Dispenser Und vieles mehr... Wir bieten innovative und ma\u00dfgeschneiderte L\u00f6sungen zur Optimierung der Produktionsprozesse in Ihrem Unternehmen.","email":"Admistracion@distribucionarc.com","telephone":"+34 643496664","legalName":"ARC TECH SOLUTIONS","foundingDate":"2024-04-09","vatID":"B55480172","numberOfEmployees":{"@type":"QuantitativeValue","minValue":"1","maxValue":"10"}}]}},"_links":{"self":[{"href":"https:\/\/distribucionarc.com\/de\/wp-json\/wp\/v2\/product\/4250","targetHints":{"allow":["GET"]}}],"collection":[{"href":"https:\/\/distribucionarc.com\/de\/wp-json\/wp\/v2\/product"}],"about":[{"href":"https:\/\/distribucionarc.com\/de\/wp-json\/wp\/v2\/types\/product"}],"replies":[{"embeddable":true,"href":"https:\/\/distribucionarc.com\/de\/wp-json\/wp\/v2\/comments?post=4250"}],"version-history":[{"count":0,"href":"https:\/\/distribucionarc.com\/de\/wp-json\/wp\/v2\/product\/4250\/revisions"}],"wp:featuredmedia":[{"embeddable":true,"href":"https:\/\/distribucionarc.com\/de\/wp-json\/wp\/v2\/media\/4251"}],"wp:attachment":[{"href":"https:\/\/distribucionarc.com\/de\/wp-json\/wp\/v2\/media?parent=4250"}],"wp:term":[{"taxonomy":"product_brand","embeddable":true,"href":"https:\/\/distribucionarc.com\/de\/wp-json\/wp\/v2\/product_brand?post=4250"},{"taxonomy":"product_cat","embeddable":true,"href":"https:\/\/distribucionarc.com\/de\/wp-json\/wp\/v2\/product_cat?post=4250"},{"taxonomy":"product_tag","embeddable":true,"href":"https:\/\/distribucionarc.com\/de\/wp-json\/wp\/v2\/product_tag?post=4250"}],"curies":[{"name":"wp","href":"https:\/\/api.w.org\/{rel}","templated":true}]}}