{"id":4352,"date":"2021-01-29T11:28:31","date_gmt":"2021-01-29T11:28:31","guid":{"rendered":"https:\/\/distribucionarc.com\/?post_type=product&#038;p=4352"},"modified":"2023-02-24T11:07:34","modified_gmt":"2023-02-24T11:07:34","slug":"vertikal-thermobeutelverschlieser","status":"publish","type":"product","link":"https:\/\/distribucionarc.com\/de\/producto\/selladora-termica-de-bolsas-vertical\/","title":{"rendered":"Vertikales Hei\u00dfsiegelger\u00e4t f\u00fcr Beutel"},"content":{"rendered":"<h3>Vertikales Hei\u00dfsiegelger\u00e4t f\u00fcr Beutel<\/h3>\n<p><strong>Vertikales Thermosiegelger\u00e4t <span style=\"color: #ff0000;\">ZU<\/span><span style=\"color: #0000ff;\">R<\/span>CSTV10<\/strong> im Dauerbetrieb. Desktop-Maschine f\u00fcr <strong>Thermoverschlie\u00dfer<\/strong> Aus Edelstahl, ideal f\u00fcr mittlere und gro\u00dfe Produktionen. Es ist sehr einfach zu konfigurieren und garantiert eine perfekte Verschwei\u00dfung aller hei\u00dfsiegelbaren Materialien: Polyethylen (PE), Polypropylen (PP) und Laminate. Geeignet f\u00fcr alle Arten von Taschen.<\/p>\n<ul>\n<li>Kontinuierliches vertikales Tischschwei\u00dfen von Beuteln, ideal f\u00fcr mittlere und gro\u00dfe Produktionen.<\/li>\n<li>Aus Edelstahl.<\/li>\n<li>Verschwei\u00dft Beutel aus beliebigen Kunststoffmaterialien. Seine Verwendung kann von Lebensmitteln bis hin zu sterilisierten Beuteln f\u00fcr medizinische Zwecke reichen.<\/li>\n<li>Einstellbare F\u00f6rderbandgeschwindigkeit.<\/li>\n<li>Einstellbare L\u00f6ttemperatur.<\/li>\n<li>Inklusive Marker.<\/li>\n<li>Es handelt sich um ein sehr robustes Ger\u00e4t aus lackiertem Stahl. Dieses Endlosbandschwei\u00dfger\u00e4t ist f\u00fcr den industriellen Einsatz konzipiert.<\/li>\n<li>Der Wechsel von einem Material zum anderen ist sehr einfach, und der Bediener kann die Schwei\u00dfart schnell und einfach anpassen: Schwei\u00dfdruck, Temperatur und Geschwindigkeit. Auf diese Weise wird ein perfektes Ergebnis erzielt.<\/li>\n<li>Die Breite des erhaltenen Dichtstoffs liegt zwischen 5 mm und 17 mm und die L\u00e4nge ist unbegrenzt.<\/li>\n<li>Die Wartung dieses Schwei\u00dfger\u00e4ts ist sehr einfach und wirtschaftlich, der Austausch der Schwei\u00dfb\u00e4nder dauert nur wenige Minuten.<\/li>\n<\/ul>\n<h6><strong>Garantie<span style=\"color: #ff0000;\">\u00a0ZU<\/span><span style=\"color: #0000ff;\">R<\/span>C 2 JAHRE<\/strong><\/h6>\n<h6><span style=\"color: #008000;\">Effizientes vertikales Siegelger\u00e4t, geringer Verbrauch 400 W<\/span><\/h6>\n<h6><strong>Technischer Support inklusive<\/strong><\/h6>\n<p>&nbsp;<\/p>\n<hr \/>\n<div class=\"woocommerce-tabs wc-tabs-wrapper\">\n<div id=\"tab-description\" class=\"woocommerce-Tabs-panel woocommerce-Tabs-panel--description panel entry-content wc-tab\" role=\"tabpanel\" aria-labelledby=\"tab-title-description\">\n<p>&nbsp;<\/p>\n<table border=\"0\" cellspacing=\"0\" cellpadding=\"0\">\n<thead>\n<tr>\n<th>TECHNISCHE EIGENSCHAFTEN<\/th>\n<th>AR900 KONTINUIERLICHE SCHWEISSMASCHINE<\/th>\n<\/tr>\n<\/thead>\n<tfoot>\n<tr>\n<td colspan=\"2\"><\/td>\n<\/tr>\n<\/tfoot>\n<tbody>\n<tr>\n<td>Stromspannung<\/td>\n<td>220 V, 50 Hz<\/td>\n<\/tr>\n<tr>\n<td>Leistung<\/td>\n<td>400W<\/td>\n<\/tr>\n<tr>\n<td>Abmessungen<\/td>\n<td>81 x 37 x 62 cm (L x B x H)<\/td>\n<\/tr>\n<tr>\n<td>Schwei\u00dfnahtbreite<\/td>\n<td>von 6mm bis 12mm<\/td>\n<\/tr>\n<tr>\n<td>Temperaturbereich<\/td>\n<td>0-300 \u00b0C<\/td>\n<\/tr>\n<tr>\n<td>Gewicht<\/td>\n<td>30kg<\/td>\n<\/tr>\n<tr>\n<td>Schwei\u00dfgeschwindigkeit<\/td>\n<td>0-12 Meter\/Min<\/td>\n<\/tr>\n<\/tbody>\n<\/table>\n<\/div>\n<\/div>\n<section class=\"related products\">\n<div class=\"astra-shop-summary-wrap\"><\/div>\n<\/section>","protected":false},"excerpt":{"rendered":"<h2>Vertikales Hei\u00dfsiegelger\u00e4t f\u00fcr Beutel<\/h2>\n<p>Das <strong>Beutelverschlie\u00dfer <span style=\"color: #ff0000;\">ZU<\/span><span style=\"color: #0000ff;\">R<\/span>C<\/strong> nutzt eine elektronische Konstanttemperaturregelung und eine automatische F\u00f6rdereinrichtung, mit der dies m\u00f6glich ist <strong>Hei\u00dfsiegelger\u00e4t<\/strong> Sie k\u00f6nnen Kunststofffolienstreifen unterschiedlicher Form in einer Verpackungslinie steuern und verwenden. Der <strong>Thermoplastisches Dichtmittel<\/strong> Es verf\u00fcgt \u00fcber ein einfaches, benutzerfreundliches und benutzerfreundliches Bedienfeld. Das<strong> Vertikaler Beutelverschlie\u00dfer<\/strong> Es verf\u00fcgt \u00fcber einen Hochleistungsmotor mit langer Lebensdauer und stabilerem Betrieb. Der F\u00f6rdertisch davon <strong>Hei\u00dfsiegelmaschine <span style=\"color: #ff0000;\">ZU<\/span><span style=\"color: #0000ff;\">R<\/span>C<\/strong> Es kann nach oben und unten verstellt werden und kann entsprechend den tats\u00e4chlichen Anforderungen angepasst werden, um die Effizienz zu verbessern.<\/p>\n<h6><strong>Garantie<span style=\"color: #ff0000;\">\u00a0ZU<\/span><span style=\"color: #0000ff;\">R<\/span>C 2 JAHRE<\/strong><\/h6>\n<h6><span style=\"color: #008000;\">Effizientes vertikales Siegelger\u00e4t, geringer Verbrauch 400 W<\/span><\/h6>\n<h6><strong>Technischer Support inklusive<\/strong><\/h6>","protected":false},"featured_media":4353,"comment_status":"open","ping_status":"closed","template":"","meta":{"wds_primary_product_brand":0,"wds_primary_product_cat":0},"product_brand":[],"product_cat":[15,27],"product_tag":[],"class_list":{"0":"post-4352","1":"product","2":"type-product","3":"status-publish","4":"has-post-thumbnail","6":"product_cat-llenadoras-y-selladoras-automaticas-flow-pack-sachet","7":"product_cat-selladoras-de-bolsas","8":"product_shipping_class-express","10":"first","11":"instock","12":"sale","13":"taxable","14":"shipping-taxable","15":"purchasable","16":"product-type-simple"},"yoast_head":"<!-- This site is optimized with the Yoast SEO Premium plugin v24.9 (Yoast SEO v26.1) - https:\/\/yoast.com\/wordpress\/plugins\/seo\/ -->\n<title>Selladora t\u00e9rmica de bolsas vertical - distribuci\u00f3n ARC<\/title>\n<meta name=\"robots\" content=\"index, follow, max-snippet:-1, max-image-preview:large, max-video-preview:-1\" \/>\n<link rel=\"canonical\" href=\"https:\/\/distribucionarc.com\/de\/produkt-2\/vertikal-thermobeutelverschlieser\/\" \/>\n<meta property=\"og:locale\" content=\"de_DE\" \/>\n<meta property=\"og:type\" content=\"article\" \/>\n<meta property=\"og:title\" content=\"Selladora t\u00e9rmica de bolsas vertical\" \/>\n<meta property=\"og:description\" content=\"Selladora t\u00e9rmica de bolsas vertical Esta cerradora de bolsas ARC utiliza control electr\u00f3nico de temperatura constante y un dispositivo de transporte autom\u00e1tico, con el cual con esta Selladora t\u00e9rmica pueden controlar y utilizar tiras de pel\u00edcula pl\u00e1stica de diferentes formas en una l\u00ednea de envasado. La Selladora termopl\u00e1stica cuenta con un panel de control simple, f\u00e1cil de usar y f\u00e1cil de usar. Esta cerradora de bolsas vertical cuenta con un motor de alto rendimiento con una larga vida \u00fatil y un funcionamiento m\u00e1s estable. La mesa del transportador de esta m\u00e1quina de sellado t\u00e9rmico ARC se puede ajustar hacia arriba y hacia abajo, y se puede ajustar de acuerdo con los requisitos reales para mejorar la eficiencia. Garant\u00eda\u00a0ARC 2 A\u00d1OS Selladora vertical eficiente, bajo consumo\u00a0 400W soporte t\u00e9cnico incluido\" \/>\n<meta property=\"og:url\" content=\"https:\/\/distribucionarc.com\/de\/produkt-2\/vertikal-thermobeutelverschlieser\/\" \/>\n<meta property=\"og:site_name\" content=\"distribuci\u00f3n ARC\" \/>\n<meta property=\"article:modified_time\" content=\"2023-02-24T11:07:34+00:00\" \/>\n<meta property=\"og:image\" content=\"https:\/\/distribucionarc.com\/wp-content\/uploads\/2021\/01\/Selladora-termica-de-bolsas-vertical-0.jpg\" \/>\n\t<meta property=\"og:image:width\" content=\"1000\" \/>\n\t<meta property=\"og:image:height\" content=\"1000\" \/>\n\t<meta property=\"og:image:type\" content=\"image\/jpeg\" \/>\n<meta name=\"twitter:card\" content=\"summary_large_image\" \/>\n<meta name=\"twitter:label1\" content=\"Gesch\u00e4tzte Lesezeit\" \/>\n\t<meta name=\"twitter:data1\" content=\"1\u00a0Minute\" \/>\n<script type=\"application\/ld+json\" class=\"yoast-schema-graph\">{\"@context\":\"https:\/\/schema.org\",\"@graph\":[{\"@type\":\"WebPage\",\"@id\":\"https:\/\/distribucionarc.com\/de\/producto\/selladora-termica-de-bolsas-vertical\/\",\"url\":\"https:\/\/distribucionarc.com\/de\/producto\/selladora-termica-de-bolsas-vertical\/\",\"name\":\"Selladora t\u00e9rmica de bolsas vertical - distribuci\u00f3n ARC\",\"isPartOf\":{\"@id\":\"https:\/\/distribucionarc.com\/ro\/#website\"},\"primaryImageOfPage\":{\"@id\":\"https:\/\/distribucionarc.com\/de\/producto\/selladora-termica-de-bolsas-vertical\/#primaryimage\"},\"image\":{\"@id\":\"https:\/\/distribucionarc.com\/de\/producto\/selladora-termica-de-bolsas-vertical\/#primaryimage\"},\"thumbnailUrl\":\"https:\/\/distribucionarc.com\/wp-content\/uploads\/2021\/01\/Selladora-termica-de-bolsas-vertical-0.jpg\",\"datePublished\":\"2021-01-29T11:28:31+00:00\",\"dateModified\":\"2023-02-24T11:07:34+00:00\",\"breadcrumb\":{\"@id\":\"https:\/\/distribucionarc.com\/de\/producto\/selladora-termica-de-bolsas-vertical\/#breadcrumb\"},\"inLanguage\":\"de\",\"potentialAction\":[{\"@type\":\"ReadAction\",\"target\":[\"https:\/\/distribucionarc.com\/de\/producto\/selladora-termica-de-bolsas-vertical\/\"]}]},{\"@type\":\"ImageObject\",\"inLanguage\":\"de\",\"@id\":\"https:\/\/distribucionarc.com\/de\/producto\/selladora-termica-de-bolsas-vertical\/#primaryimage\",\"url\":\"https:\/\/distribucionarc.com\/wp-content\/uploads\/2021\/01\/Selladora-termica-de-bolsas-vertical-0.jpg\",\"contentUrl\":\"https:\/\/distribucionarc.com\/wp-content\/uploads\/2021\/01\/Selladora-termica-de-bolsas-vertical-0.jpg\",\"width\":1000,\"height\":1000,\"caption\":\"Selladora t\u00e9rmica de bolsas vertical\"},{\"@type\":\"BreadcrumbList\",\"@id\":\"https:\/\/distribucionarc.com\/de\/producto\/selladora-termica-de-bolsas-vertical\/#breadcrumb\",\"itemListElement\":[{\"@type\":\"ListItem\",\"position\":1,\"name\":\"Portada\",\"item\":\"https:\/\/distribucionarc.com\/ar\/\"},{\"@type\":\"ListItem\",\"position\":2,\"name\":\"Proizvodi\",\"item\":\"https:\/\/www.distribucionarc.com\/hr\/ducan\/\"},{\"@type\":\"ListItem\",\"position\":3,\"name\":\"Selladora t\u00e9rmica de bolsas vertical\"}]},{\"@type\":\"WebSite\",\"@id\":\"https:\/\/distribucionarc.com\/ro\/#website\",\"url\":\"https:\/\/distribucionarc.com\/ro\/\",\"name\":\"distribuci\u00f3n ARC\",\"description\":\"Empresa especializada en la fabricaci\u00f3n y distribuci\u00f3n de maquinaria industrial, selladoras de latas, Maquinas de hacer pastillas, Maquinas de cortar carne...\",\"publisher\":{\"@id\":\"https:\/\/distribucionarc.com\/ro\/#organization\"},\"potentialAction\":[{\"@type\":\"SearchAction\",\"target\":{\"@type\":\"EntryPoint\",\"urlTemplate\":\"https:\/\/distribucionarc.com\/ro\/?s={search_term_string}\"},\"query-input\":{\"@type\":\"PropertyValueSpecification\",\"valueRequired\":true,\"valueName\":\"search_term_string\"}}],\"inLanguage\":\"de\"},{\"@type\":\"Organization\",\"@id\":\"https:\/\/distribucionarc.com\/ro\/#organization\",\"name\":\"Distribuci\u00f3n ARC\",\"url\":\"https:\/\/distribucionarc.com\/ro\/\",\"logo\":{\"@type\":\"ImageObject\",\"inLanguage\":\"de\",\"@id\":\"https:\/\/distribucionarc.com\/ro\/#\/schema\/logo\/image\/\",\"url\":\"https:\/\/distribucionarc.com\/wp-content\/uploads\/2024\/10\/distribucion-ARC-COLOR-SIN-FONDO-e1732295305345.png\",\"contentUrl\":\"https:\/\/distribucionarc.com\/wp-content\/uploads\/2024\/10\/distribucion-ARC-COLOR-SIN-FONDO-e1732295305345.png\",\"width\":1164,\"height\":558,\"caption\":\"Distribuci\u00f3n ARC\"},\"image\":{\"@id\":\"https:\/\/distribucionarc.com\/ro\/#\/schema\/logo\/image\/\"},\"description\":\"Empresa especializada en la fabricaci\u00f3n y distribuci\u00f3n de maquinaria industrial para los sectores alimentario y farmac\u00e9utico. Nos especializamos en: M\u00e1quinas de cortar carne Fabricaci\u00f3n de comprimidos Sistemas de transporte industrial L\u00edneas de embotellado Dosificadores Y mucho m\u00e1s... Ofrecemos soluciones innovadoras y personalizadas para optimizar los procesos productivos de tu empresa.\",\"email\":\"Admistracion@distribucionarc.com\",\"telephone\":\"+34 643496664\",\"legalName\":\"ARC TECH SOLUTIONS\",\"foundingDate\":\"2024-04-09\",\"vatID\":\"B55480172\",\"numberOfEmployees\":{\"@type\":\"QuantitativeValue\",\"minValue\":\"1\",\"maxValue\":\"10\"}}]}<\/script>\n<!-- \/ Yoast SEO Premium plugin. -->","yoast_head_json":{"title":"Vertikaler thermischer Beutelverschlie\u00dfer \u2013 ARC-Verteilung","robots":{"index":"index","follow":"follow","max-snippet":"max-snippet:-1","max-image-preview":"max-image-preview:large","max-video-preview":"max-video-preview:-1"},"canonical":"https:\/\/distribucionarc.com\/de\/produkt-2\/vertikal-thermobeutelverschlieser\/","og_locale":"de_DE","og_type":"article","og_title":"Selladora t\u00e9rmica de bolsas vertical","og_description":"Selladora t\u00e9rmica de bolsas vertical Esta cerradora de bolsas ARC utiliza control electr\u00f3nico de temperatura constante y un dispositivo de transporte autom\u00e1tico, con el cual con esta Selladora t\u00e9rmica pueden controlar y utilizar tiras de pel\u00edcula pl\u00e1stica de diferentes formas en una l\u00ednea de envasado. La Selladora termopl\u00e1stica cuenta con un panel de control simple, f\u00e1cil de usar y f\u00e1cil de usar. Esta cerradora de bolsas vertical cuenta con un motor de alto rendimiento con una larga vida \u00fatil y un funcionamiento m\u00e1s estable. La mesa del transportador de esta m\u00e1quina de sellado t\u00e9rmico ARC se puede ajustar hacia arriba y hacia abajo, y se puede ajustar de acuerdo con los requisitos reales para mejorar la eficiencia. Garant\u00eda\u00a0ARC 2 A\u00d1OS Selladora vertical eficiente, bajo consumo\u00a0 400W soporte t\u00e9cnico incluido","og_url":"https:\/\/distribucionarc.com\/de\/produkt-2\/vertikal-thermobeutelverschlieser\/","og_site_name":"distribuci\u00f3n ARC","article_modified_time":"2023-02-24T11:07:34+00:00","og_image":[{"width":1000,"height":1000,"url":"https:\/\/distribucionarc.com\/wp-content\/uploads\/2021\/01\/Selladora-termica-de-bolsas-vertical-0.jpg","type":"image\/jpeg"}],"twitter_card":"summary_large_image","twitter_misc":{"Gesch\u00e4tzte Lesezeit":"1\u00a0Minute"},"schema":{"@context":"https:\/\/schema.org","@graph":[{"@type":"WebPage","@id":"https:\/\/distribucionarc.com\/de\/producto\/selladora-termica-de-bolsas-vertical\/","url":"https:\/\/distribucionarc.com\/de\/producto\/selladora-termica-de-bolsas-vertical\/","name":"Vertikaler thermischer Beutelverschlie\u00dfer \u2013 ARC-Verteilung","isPartOf":{"@id":"https:\/\/distribucionarc.com\/ro\/#website"},"primaryImageOfPage":{"@id":"https:\/\/distribucionarc.com\/de\/producto\/selladora-termica-de-bolsas-vertical\/#primaryimage"},"image":{"@id":"https:\/\/distribucionarc.com\/de\/producto\/selladora-termica-de-bolsas-vertical\/#primaryimage"},"thumbnailUrl":"https:\/\/distribucionarc.com\/wp-content\/uploads\/2021\/01\/Selladora-termica-de-bolsas-vertical-0.jpg","datePublished":"2021-01-29T11:28:31+00:00","dateModified":"2023-02-24T11:07:34+00:00","breadcrumb":{"@id":"https:\/\/distribucionarc.com\/de\/producto\/selladora-termica-de-bolsas-vertical\/#breadcrumb"},"inLanguage":"de","potentialAction":[{"@type":"ReadAction","target":["https:\/\/distribucionarc.com\/de\/producto\/selladora-termica-de-bolsas-vertical\/"]}]},{"@type":"ImageObject","inLanguage":"de","@id":"https:\/\/distribucionarc.com\/de\/producto\/selladora-termica-de-bolsas-vertical\/#primaryimage","url":"https:\/\/distribucionarc.com\/wp-content\/uploads\/2021\/01\/Selladora-termica-de-bolsas-vertical-0.jpg","contentUrl":"https:\/\/distribucionarc.com\/wp-content\/uploads\/2021\/01\/Selladora-termica-de-bolsas-vertical-0.jpg","width":1000,"height":1000,"caption":"Selladora t\u00e9rmica de bolsas vertical"},{"@type":"BreadcrumbList","@id":"https:\/\/distribucionarc.com\/de\/producto\/selladora-termica-de-bolsas-vertical\/#breadcrumb","itemListElement":[{"@type":"ListItem","position":1,"name":"Portada","item":"https:\/\/distribucionarc.com\/ar\/"},{"@type":"ListItem","position":2,"name":"Proizvodi","item":"https:\/\/www.distribucionarc.com\/hr\/ducan\/"},{"@type":"ListItem","position":3,"name":"Selladora t\u00e9rmica de bolsas vertical"}]},{"@type":"WebSite","@id":"https:\/\/distribucionarc.com\/ro\/#website","url":"https:\/\/distribucionarc.com\/ro\/","name":"ARC-Verteilung","description":"Das Unternehmen ist auf die Herstellung und den Vertrieb von Industriemaschinen, Dosenverschlie\u00dfmaschinen, Tablettenmaschinen, Fleischschneidemaschinen...","publisher":{"@id":"https:\/\/distribucionarc.com\/ro\/#organization"},"potentialAction":[{"@type":"SearchAction","target":{"@type":"EntryPoint","urlTemplate":"https:\/\/distribucionarc.com\/ro\/?s={search_term_string}"},"query-input":{"@type":"PropertyValueSpecification","valueRequired":true,"valueName":"search_term_string"}}],"inLanguage":"de"},{"@type":"Organization","@id":"https:\/\/distribucionarc.com\/ro\/#organization","name":"ARC-Verteilung","url":"https:\/\/distribucionarc.com\/ro\/","logo":{"@type":"ImageObject","inLanguage":"de","@id":"https:\/\/distribucionarc.com\/ro\/#\/schema\/logo\/image\/","url":"https:\/\/distribucionarc.com\/wp-content\/uploads\/2024\/10\/distribucion-ARC-COLOR-SIN-FONDO-e1732295305345.png","contentUrl":"https:\/\/distribucionarc.com\/wp-content\/uploads\/2024\/10\/distribucion-ARC-COLOR-SIN-FONDO-e1732295305345.png","width":1164,"height":558,"caption":"Distribuci\u00f3n ARC"},"image":{"@id":"https:\/\/distribucionarc.com\/ro\/#\/schema\/logo\/image\/"},"description":"Unternehmen, das auf die Herstellung und den Vertrieb von Industriemaschinen f\u00fcr den Lebensmittel- und Pharmasektor spezialisiert ist. Wir sind spezialisiert auf: Fleischschneidemaschinen Tablettenherstellung Industrielle F\u00f6rdersysteme Abf\u00fcllanlagen Dispenser Und vieles mehr... Wir bieten innovative und ma\u00dfgeschneiderte L\u00f6sungen zur Optimierung der Produktionsprozesse in Ihrem Unternehmen.","email":"Admistracion@distribucionarc.com","telephone":"+34 643496664","legalName":"ARC TECH SOLUTIONS","foundingDate":"2024-04-09","vatID":"B55480172","numberOfEmployees":{"@type":"QuantitativeValue","minValue":"1","maxValue":"10"}}]}},"_links":{"self":[{"href":"https:\/\/distribucionarc.com\/de\/wp-json\/wp\/v2\/product\/4352","targetHints":{"allow":["GET"]}}],"collection":[{"href":"https:\/\/distribucionarc.com\/de\/wp-json\/wp\/v2\/product"}],"about":[{"href":"https:\/\/distribucionarc.com\/de\/wp-json\/wp\/v2\/types\/product"}],"replies":[{"embeddable":true,"href":"https:\/\/distribucionarc.com\/de\/wp-json\/wp\/v2\/comments?post=4352"}],"version-history":[{"count":0,"href":"https:\/\/distribucionarc.com\/de\/wp-json\/wp\/v2\/product\/4352\/revisions"}],"wp:featuredmedia":[{"embeddable":true,"href":"https:\/\/distribucionarc.com\/de\/wp-json\/wp\/v2\/media\/4353"}],"wp:attachment":[{"href":"https:\/\/distribucionarc.com\/de\/wp-json\/wp\/v2\/media?parent=4352"}],"wp:term":[{"taxonomy":"product_brand","embeddable":true,"href":"https:\/\/distribucionarc.com\/de\/wp-json\/wp\/v2\/product_brand?post=4352"},{"taxonomy":"product_cat","embeddable":true,"href":"https:\/\/distribucionarc.com\/de\/wp-json\/wp\/v2\/product_cat?post=4352"},{"taxonomy":"product_tag","embeddable":true,"href":"https:\/\/distribucionarc.com\/de\/wp-json\/wp\/v2\/product_tag?post=4352"}],"curies":[{"name":"wp","href":"https:\/\/api.w.org\/{rel}","templated":true}]}}