{"id":4366,"date":"2021-01-29T12:46:54","date_gmt":"2021-01-29T12:46:54","guid":{"rendered":"https:\/\/distribucionarc.com\/?post_type=product&#038;p=4366"},"modified":"2022-11-03T23:48:20","modified_gmt":"2022-11-03T23:48:20","slug":"instant-frischgetranke-versiegelung","status":"publish","type":"product","link":"https:\/\/distribucionarc.com\/de\/producto\/selladora-de-bebidas-frescas-instantanea\/","title":{"rendered":"Sofortiger Versiegeler f\u00fcr frische Getr\u00e4nke"},"content":{"rendered":"<h3>Sofortiger Versiegeler f\u00fcr frische Getr\u00e4nke<\/h3>\n<p>Mit dem\u00a0<strong>Beh\u00e4lterverschlie\u00dfer\u00a0<span style=\"color: #ff0000;\">ZU<\/span><span style=\"color: #0000ff;\">R<\/span>C<\/strong> Ihre Kunden werden nicht lange auf den Genuss Ihres Produkts warten, das f\u00fcr nat\u00fcrliche S\u00e4fte, Shakes, Smoothies, Kaffee, Tee mit Perlen, Getr\u00e4nke mit aromatisierten Perlen usw. empfohlen wird. Das <strong>Hei\u00dfsiegelger\u00e4t<\/strong> Die beste Alternative f\u00fcr Ihre Kunden, sich \u00fcberall abzuk\u00fchlen. Zus\u00e4tzlich zur Erhaltung des gesamten Geschmacks und der N\u00e4hrstoffe des Produkts <strong>Anti-Tropf-Dichtung<\/strong>\u00a0wird das Produkt in jeder Situation sicherstellen.<\/p>\n<p>Der Prozess mit\u00a0<strong>der Smoothie-Versiegeler\u00a0 <span style=\"color: #ff0000;\">ZU<\/span><span style=\"color: #0000ff;\">R<\/span>CSES225<\/strong> Es ist v\u00f6llig automatisch und intelligent. F\u00fcgen Sie einfach die gew\u00fcnschte Siegelrolle hinzu, um die Verschlie\u00dfmaschine vorzubereiten, stellen Sie die gew\u00fcnschte Gr\u00f6\u00dfe und Temperatur ein, positionieren Sie den Beh\u00e4lter und dr\u00fccken Sie die Starttaste. Das\u00a0<strong>Siegelmaschine<\/strong>\u00a0Es ist so konzipiert, dass es bei Bedarf betriebsbereit bleibt und Energie spart, wenn seine Funktion nicht ben\u00f6tigt wird.<\/p>\n<p>Der <strong>Thermoverschlie\u00dfer f\u00fcr S\u00e4fte<\/strong> Es ist aus Edelstahl gefertigt, um seine Haltbarkeit und Stabilit\u00e4t zu gew\u00e4hrleisten, es verf\u00fcgt \u00fcber L\u00fcftungsgitter, um eine \u00dcberhitzung des Motors sowie die Dichtung zu verhindern. Er\u00a0 <span style=\"color: #008000;\"><strong>effiziente Motor davon <span style=\"color: #000000;\">Hei\u00dfsiegelger\u00e4t f\u00fcr Verpackungen<\/span> tr\u00e4gt zu einem niedrigen Energieverbrauch bei<\/strong><\/span>.<\/p>\n<h6>Garantie<strong>\u00a0<\/strong><span style=\"color: #ff0000;\"><strong>ZU<\/strong><\/span><span style=\"color: #0000ff;\"><strong>R<\/strong><\/span><strong>C 2 JAHRE<\/strong><\/h6>\n<h6><span style=\"color: #008000;\">Effizientes Hei\u00dfsiegelger\u00e4t, geringer Verbrauch 225 W<\/span><\/h6>\n<h6>Technischer Support inklusive<\/h6>\n<p>&nbsp;<\/p>\n<hr \/>\n<ul>\n<li>Temperaturregelbereich: 0 \u00b0C bis 250 \u00b0C<\/li>\n<li>Eingangsspannung: AC220V<\/li>\n<li>Bruttogewicht: 14 kg<\/li>\n<li>Geeigneter Tassendurchmesser: 9,5 cm<\/li>\n<li>Geeignete Tassenh\u00f6he: weniger als 17 cm<\/li>\n<\/ul>\n<p>&nbsp;<\/p>\n<table role=\"presentation\" width=\"100%\" cellspacing=\"0\" cellpadding=\"0\">\n<tbody>\n<tr>\n<td class=\"attrLabels\">Garantie:<\/td>\n<td width=\"50.0%\">2 JAHRE<\/td>\n<\/tr>\n<tr>\n<td class=\"attrLabels\">Farbe:<\/td>\n<td width=\"50.0%\">Silber<\/td>\n<td class=\"attrLabels\">H\u00f6he:<\/td>\n<td width=\"50.0%\">65cm<\/td>\n<\/tr>\n<tr>\n<td class=\"attrLabels\">Vertriebsland:<\/td>\n<td width=\"50.0%\">Spanien, Deutschland, USA<\/td>\n<td class=\"attrLabels\">Lang:<\/td>\n<td width=\"50.0%\">27cm<\/td>\n<\/tr>\n<tr>\n<td class=\"attrLabels\">Marke:<\/td>\n<td width=\"50.0%\">BOGEN<\/td>\n<td class=\"attrLabels\">Breit:<\/td>\n<td width=\"50.0%\">\u00a027cm<\/td>\n<\/tr>\n<tr>\n<td class=\"attrLabels\">Produkttyp:<\/td>\n<td width=\"50.0%\">Professioneller Getr\u00e4nkeversiegeler<\/td>\n<td class=\"attrLabels\">Leistung:<\/td>\n<td width=\"50.0%\">225W<\/td>\n<\/tr>\n<tr>\n<td class=\"attrLabels\">Herstellernummer:<\/td>\n<td width=\"50.0%\">ARCSES225<\/td>\n<td class=\"attrLabels\">Stromspannung:<\/td>\n<td width=\"50.0%\">220V 50Hz<\/td>\n<\/tr>\n<tr>\n<td class=\"attrLabels\">Material:<\/td>\n<td width=\"50.0%\">Edelstahl 304, effizienter Motor, Temperaturregelung<\/td>\n<td class=\"attrLabels\">Becherdurchmesser:<\/td>\n<td width=\"50.0%\">\u00a09,5 cm<\/td>\n<\/tr>\n<tr>\n<td class=\"attrLabels\">Installationswerkzeuge:<\/td>\n<td width=\"50.0%\">Ja<\/td>\n<td class=\"attrLabels\">Siegelgeschwindigkeit:<\/td>\n<td width=\"50.0%\">10 \u2013 20 pro Minute (je nach Betreiber)<\/td>\n<\/tr>\n<tr>\n<td class=\"attrLabels\">Gewicht:<\/td>\n<td width=\"50.0%\">14kg<\/td>\n<td class=\"attrLabels\">Temperaturbereiche:<\/td>\n<td width=\"50.0%\">50 \u00b0C \u2013 250 \u00b0C<\/td>\n<\/tr>\n<\/tbody>\n<\/table>\n<p>&nbsp;<\/p>","protected":false},"excerpt":{"rendered":"<h2>Sofortiger Versiegeler f\u00fcr frische Getr\u00e4nke<\/h2>\n<p>Wenn Sie m\u00f6chten, dass Ihre Kunden alle Eigenschaften ihrer S\u00e4fte, Smoothies, Tees mit Toppings usw. behalten. Der\u00a0<strong>halbautomatisches Siegelger\u00e4t <span style=\"color: #ff0000;\">ZU<\/span><span style=\"color: #0000ff;\">R<\/span>C<\/strong> Dank seiner Geschwindigkeit wird es Ihnen helfen. Der Prozess damit <strong>Smoothie-Seamer<\/strong> Das halbautomatische Versiegelungssystem ist nur auf einen Knopf zum Aktivieren angewiesen <strong>Beh\u00e4lterverschlie\u00dfer.<\/strong> Der thermoplastische Antrieb davon <strong>Instant-Getr\u00e4nkeschalenverschlie\u00dfer<\/strong> Damit k\u00f6nnen Ihre Kunden jederzeit ihre nat\u00fcrlichen S\u00e4fte, Smoothies usw. genie\u00dfen.<\/p>\n<h6>Garantie<strong>\u00a0<\/strong><span style=\"color: #ff0000;\"><strong>ZU<\/strong><\/span><span style=\"color: #0000ff;\"><strong>R<\/strong><\/span><strong>C 2 JAHRE<\/strong><\/h6>\n<h6><span style=\"color: #008000;\">Effizientes Hei\u00dfsiegelger\u00e4t, geringer Verbrauch 225 W<\/span><\/h6>\n<h6>Technischer Support inklusive<\/h6>","protected":false},"featured_media":4367,"comment_status":"open","ping_status":"closed","template":"","meta":{"wds_primary_product_brand":0,"wds_primary_product_cat":0},"product_brand":[],"product_cat":[45,28],"product_tag":[],"class_list":{"0":"post-4366","1":"product","2":"type-product","3":"status-publish","4":"has-post-thumbnail","6":"product_cat-selladoras-de-induccion","7":"product_cat-tapadoras","8":"product_shipping_class-express","10":"first","11":"instock","12":"sale","13":"taxable","14":"shipping-taxable","15":"purchasable","16":"product-type-simple"},"yoast_head":"<!-- This site is optimized with the Yoast SEO Premium plugin v24.9 (Yoast SEO v26.1) - https:\/\/yoast.com\/wordpress\/plugins\/seo\/ -->\n<title>Selladora de bebidas frescas instant\u00e1nea - distribuci\u00f3n ARC<\/title>\n<meta name=\"robots\" content=\"index, follow, max-snippet:-1, max-image-preview:large, max-video-preview:-1\" \/>\n<link rel=\"canonical\" href=\"https:\/\/distribucionarc.com\/de\/produkt-2\/instant-frischgetranke-versiegelung\/\" \/>\n<meta property=\"og:locale\" content=\"de_DE\" \/>\n<meta property=\"og:type\" content=\"article\" \/>\n<meta property=\"og:title\" content=\"Selladora de bebidas frescas instant\u00e1nea\" \/>\n<meta property=\"og:description\" content=\"Selladora de bebidas frescas instant\u00e1nea Si quiere que sus clientes conserven todas las propiedades de sus zumos, batidos, t\u00e9 con toppings, etc. La\u00a0selladora semiautom\u00e1tica ARC le ayudar\u00e1 gracias a su velocidad. El proceso con esta Cerradora de batidos de sellado semiautom\u00e1tico solo depende de un bot\u00f3n para accionar la tapadora de envases. El accionamiento termopl\u00e1stico de esta Termoselladora\u00a0de bebidas instant\u00e1nea es ideal para que sus clientes disfruten de sus zumos naturales, batidos, etc, en cualquier momento. Garant\u00eda\u00a0ARC 2 A\u00d1OS Selladora t\u00e9rmica eficiente, bajo consumo 225W soporte t\u00e9cnico\u00a0incluido\" \/>\n<meta property=\"og:url\" content=\"https:\/\/distribucionarc.com\/de\/produkt-2\/instant-frischgetranke-versiegelung\/\" \/>\n<meta property=\"og:site_name\" content=\"distribuci\u00f3n ARC\" \/>\n<meta property=\"article:modified_time\" content=\"2022-11-03T23:48:20+00:00\" \/>\n<meta property=\"og:image\" content=\"https:\/\/distribucionarc.com\/wp-content\/uploads\/2021\/01\/Selladora-de-bebidas-frescas-instantanea-0.jpg\" \/>\n\t<meta property=\"og:image:width\" content=\"500\" \/>\n\t<meta property=\"og:image:height\" content=\"500\" \/>\n\t<meta property=\"og:image:type\" content=\"image\/jpeg\" \/>\n<meta name=\"twitter:card\" content=\"summary_large_image\" \/>\n<meta name=\"twitter:label1\" content=\"Gesch\u00e4tzte Lesezeit\" \/>\n\t<meta name=\"twitter:data1\" content=\"2\u00a0Minuten\" \/>\n<script type=\"application\/ld+json\" class=\"yoast-schema-graph\">{\"@context\":\"https:\/\/schema.org\",\"@graph\":[{\"@type\":\"WebPage\",\"@id\":\"https:\/\/distribucionarc.com\/pt\/producto\/selladora-de-bebidas-frescas-instantanea\/\",\"url\":\"https:\/\/distribucionarc.com\/pt\/producto\/selladora-de-bebidas-frescas-instantanea\/\",\"name\":\"Selladora de bebidas frescas instant\u00e1nea - distribuci\u00f3n ARC\",\"isPartOf\":{\"@id\":\"https:\/\/distribucionarc.com\/ro\/#website\"},\"primaryImageOfPage\":{\"@id\":\"https:\/\/distribucionarc.com\/pt\/producto\/selladora-de-bebidas-frescas-instantanea\/#primaryimage\"},\"image\":{\"@id\":\"https:\/\/distribucionarc.com\/pt\/producto\/selladora-de-bebidas-frescas-instantanea\/#primaryimage\"},\"thumbnailUrl\":\"https:\/\/distribucionarc.com\/wp-content\/uploads\/2021\/01\/Selladora-de-bebidas-frescas-instantanea-0.jpg\",\"datePublished\":\"2021-01-29T12:46:54+00:00\",\"dateModified\":\"2022-11-03T23:48:20+00:00\",\"breadcrumb\":{\"@id\":\"https:\/\/distribucionarc.com\/pt\/producto\/selladora-de-bebidas-frescas-instantanea\/#breadcrumb\"},\"inLanguage\":\"de\",\"potentialAction\":[{\"@type\":\"ReadAction\",\"target\":[\"https:\/\/distribucionarc.com\/pt\/producto\/selladora-de-bebidas-frescas-instantanea\/\"]}]},{\"@type\":\"ImageObject\",\"inLanguage\":\"de\",\"@id\":\"https:\/\/distribucionarc.com\/pt\/producto\/selladora-de-bebidas-frescas-instantanea\/#primaryimage\",\"url\":\"https:\/\/distribucionarc.com\/wp-content\/uploads\/2021\/01\/Selladora-de-bebidas-frescas-instantanea-0.jpg\",\"contentUrl\":\"https:\/\/distribucionarc.com\/wp-content\/uploads\/2021\/01\/Selladora-de-bebidas-frescas-instantanea-0.jpg\",\"width\":500,\"height\":500,\"caption\":\"Selladora de bebidas frescas instant\u00e1nea\"},{\"@type\":\"BreadcrumbList\",\"@id\":\"https:\/\/distribucionarc.com\/pt\/producto\/selladora-de-bebidas-frescas-instantanea\/#breadcrumb\",\"itemListElement\":[{\"@type\":\"ListItem\",\"position\":1,\"name\":\"Portada\",\"item\":\"https:\/\/distribucionarc.com\/ar\/\"},{\"@type\":\"ListItem\",\"position\":2,\"name\":\"Proizvodi\",\"item\":\"https:\/\/www.distribucionarc.com\/hr\/ducan\/\"},{\"@type\":\"ListItem\",\"position\":3,\"name\":\"Selladora de bebidas frescas instant\u00e1nea\"}]},{\"@type\":\"WebSite\",\"@id\":\"https:\/\/distribucionarc.com\/ro\/#website\",\"url\":\"https:\/\/distribucionarc.com\/ro\/\",\"name\":\"distribuci\u00f3n ARC\",\"description\":\"Empresa especializada en la fabricaci\u00f3n y distribuci\u00f3n de maquinaria industrial, selladoras de latas, Maquinas de hacer pastillas, Maquinas de cortar carne...\",\"publisher\":{\"@id\":\"https:\/\/distribucionarc.com\/ro\/#organization\"},\"potentialAction\":[{\"@type\":\"SearchAction\",\"target\":{\"@type\":\"EntryPoint\",\"urlTemplate\":\"https:\/\/distribucionarc.com\/ro\/?s={search_term_string}\"},\"query-input\":{\"@type\":\"PropertyValueSpecification\",\"valueRequired\":true,\"valueName\":\"search_term_string\"}}],\"inLanguage\":\"de\"},{\"@type\":\"Organization\",\"@id\":\"https:\/\/distribucionarc.com\/ro\/#organization\",\"name\":\"Distribuci\u00f3n ARC\",\"url\":\"https:\/\/distribucionarc.com\/ro\/\",\"logo\":{\"@type\":\"ImageObject\",\"inLanguage\":\"de\",\"@id\":\"https:\/\/distribucionarc.com\/ro\/#\/schema\/logo\/image\/\",\"url\":\"https:\/\/distribucionarc.com\/wp-content\/uploads\/2024\/10\/distribucion-ARC-COLOR-SIN-FONDO-e1732295305345.png\",\"contentUrl\":\"https:\/\/distribucionarc.com\/wp-content\/uploads\/2024\/10\/distribucion-ARC-COLOR-SIN-FONDO-e1732295305345.png\",\"width\":1164,\"height\":558,\"caption\":\"Distribuci\u00f3n ARC\"},\"image\":{\"@id\":\"https:\/\/distribucionarc.com\/ro\/#\/schema\/logo\/image\/\"},\"description\":\"Empresa especializada en la fabricaci\u00f3n y distribuci\u00f3n de maquinaria industrial para los sectores alimentario y farmac\u00e9utico. Nos especializamos en: M\u00e1quinas de cortar carne Fabricaci\u00f3n de comprimidos Sistemas de transporte industrial L\u00edneas de embotellado Dosificadores Y mucho m\u00e1s... Ofrecemos soluciones innovadoras y personalizadas para optimizar los procesos productivos de tu empresa.\",\"email\":\"Admistracion@distribucionarc.com\",\"telephone\":\"+34 643496664\",\"legalName\":\"ARC TECH SOLUTIONS\",\"foundingDate\":\"2024-04-09\",\"vatID\":\"B55480172\",\"numberOfEmployees\":{\"@type\":\"QuantitativeValue\",\"minValue\":\"1\",\"maxValue\":\"10\"}}]}<\/script>\n<!-- \/ Yoast SEO Premium plugin. -->","yoast_head_json":{"title":"Sofortiger Versiegeler f\u00fcr frische Getr\u00e4nke \u2013 ARC Distribution","robots":{"index":"index","follow":"follow","max-snippet":"max-snippet:-1","max-image-preview":"max-image-preview:large","max-video-preview":"max-video-preview:-1"},"canonical":"https:\/\/distribucionarc.com\/de\/produkt-2\/instant-frischgetranke-versiegelung\/","og_locale":"de_DE","og_type":"article","og_title":"Selladora de bebidas frescas instant\u00e1nea","og_description":"Selladora de bebidas frescas instant\u00e1nea Si quiere que sus clientes conserven todas las propiedades de sus zumos, batidos, t\u00e9 con toppings, etc. La\u00a0selladora semiautom\u00e1tica ARC le ayudar\u00e1 gracias a su velocidad. El proceso con esta Cerradora de batidos de sellado semiautom\u00e1tico solo depende de un bot\u00f3n para accionar la tapadora de envases. El accionamiento termopl\u00e1stico de esta Termoselladora\u00a0de bebidas instant\u00e1nea es ideal para que sus clientes disfruten de sus zumos naturales, batidos, etc, en cualquier momento. Garant\u00eda\u00a0ARC 2 A\u00d1OS Selladora t\u00e9rmica eficiente, bajo consumo 225W soporte t\u00e9cnico\u00a0incluido","og_url":"https:\/\/distribucionarc.com\/de\/produkt-2\/instant-frischgetranke-versiegelung\/","og_site_name":"distribuci\u00f3n ARC","article_modified_time":"2022-11-03T23:48:20+00:00","og_image":[{"width":500,"height":500,"url":"https:\/\/distribucionarc.com\/wp-content\/uploads\/2021\/01\/Selladora-de-bebidas-frescas-instantanea-0.jpg","type":"image\/jpeg"}],"twitter_card":"summary_large_image","twitter_misc":{"Gesch\u00e4tzte Lesezeit":"2\u00a0Minuten"},"schema":{"@context":"https:\/\/schema.org","@graph":[{"@type":"WebPage","@id":"https:\/\/distribucionarc.com\/pt\/producto\/selladora-de-bebidas-frescas-instantanea\/","url":"https:\/\/distribucionarc.com\/pt\/producto\/selladora-de-bebidas-frescas-instantanea\/","name":"Sofortiger Versiegeler f\u00fcr frische Getr\u00e4nke \u2013 ARC Distribution","isPartOf":{"@id":"https:\/\/distribucionarc.com\/ro\/#website"},"primaryImageOfPage":{"@id":"https:\/\/distribucionarc.com\/pt\/producto\/selladora-de-bebidas-frescas-instantanea\/#primaryimage"},"image":{"@id":"https:\/\/distribucionarc.com\/pt\/producto\/selladora-de-bebidas-frescas-instantanea\/#primaryimage"},"thumbnailUrl":"https:\/\/distribucionarc.com\/wp-content\/uploads\/2021\/01\/Selladora-de-bebidas-frescas-instantanea-0.jpg","datePublished":"2021-01-29T12:46:54+00:00","dateModified":"2022-11-03T23:48:20+00:00","breadcrumb":{"@id":"https:\/\/distribucionarc.com\/pt\/producto\/selladora-de-bebidas-frescas-instantanea\/#breadcrumb"},"inLanguage":"de","potentialAction":[{"@type":"ReadAction","target":["https:\/\/distribucionarc.com\/pt\/producto\/selladora-de-bebidas-frescas-instantanea\/"]}]},{"@type":"ImageObject","inLanguage":"de","@id":"https:\/\/distribucionarc.com\/pt\/producto\/selladora-de-bebidas-frescas-instantanea\/#primaryimage","url":"https:\/\/distribucionarc.com\/wp-content\/uploads\/2021\/01\/Selladora-de-bebidas-frescas-instantanea-0.jpg","contentUrl":"https:\/\/distribucionarc.com\/wp-content\/uploads\/2021\/01\/Selladora-de-bebidas-frescas-instantanea-0.jpg","width":500,"height":500,"caption":"Selladora de bebidas frescas instant\u00e1nea"},{"@type":"BreadcrumbList","@id":"https:\/\/distribucionarc.com\/pt\/producto\/selladora-de-bebidas-frescas-instantanea\/#breadcrumb","itemListElement":[{"@type":"ListItem","position":1,"name":"Portada","item":"https:\/\/distribucionarc.com\/ar\/"},{"@type":"ListItem","position":2,"name":"Proizvodi","item":"https:\/\/www.distribucionarc.com\/hr\/ducan\/"},{"@type":"ListItem","position":3,"name":"Selladora de bebidas frescas instant\u00e1nea"}]},{"@type":"WebSite","@id":"https:\/\/distribucionarc.com\/ro\/#website","url":"https:\/\/distribucionarc.com\/ro\/","name":"ARC-Verteilung","description":"Das Unternehmen ist auf die Herstellung und den Vertrieb von Industriemaschinen, Dosenverschlie\u00dfmaschinen, Tablettenmaschinen, Fleischschneidemaschinen...","publisher":{"@id":"https:\/\/distribucionarc.com\/ro\/#organization"},"potentialAction":[{"@type":"SearchAction","target":{"@type":"EntryPoint","urlTemplate":"https:\/\/distribucionarc.com\/ro\/?s={search_term_string}"},"query-input":{"@type":"PropertyValueSpecification","valueRequired":true,"valueName":"search_term_string"}}],"inLanguage":"de"},{"@type":"Organization","@id":"https:\/\/distribucionarc.com\/ro\/#organization","name":"ARC-Verteilung","url":"https:\/\/distribucionarc.com\/ro\/","logo":{"@type":"ImageObject","inLanguage":"de","@id":"https:\/\/distribucionarc.com\/ro\/#\/schema\/logo\/image\/","url":"https:\/\/distribucionarc.com\/wp-content\/uploads\/2024\/10\/distribucion-ARC-COLOR-SIN-FONDO-e1732295305345.png","contentUrl":"https:\/\/distribucionarc.com\/wp-content\/uploads\/2024\/10\/distribucion-ARC-COLOR-SIN-FONDO-e1732295305345.png","width":1164,"height":558,"caption":"Distribuci\u00f3n ARC"},"image":{"@id":"https:\/\/distribucionarc.com\/ro\/#\/schema\/logo\/image\/"},"description":"Unternehmen, das auf die Herstellung und den Vertrieb von Industriemaschinen f\u00fcr den Lebensmittel- und Pharmasektor spezialisiert ist. Wir sind spezialisiert auf: Fleischschneidemaschinen Tablettenherstellung Industrielle F\u00f6rdersysteme Abf\u00fcllanlagen Dispenser Und vieles mehr... Wir bieten innovative und ma\u00dfgeschneiderte L\u00f6sungen zur Optimierung der Produktionsprozesse in Ihrem Unternehmen.","email":"Admistracion@distribucionarc.com","telephone":"+34 643496664","legalName":"ARC TECH SOLUTIONS","foundingDate":"2024-04-09","vatID":"B55480172","numberOfEmployees":{"@type":"QuantitativeValue","minValue":"1","maxValue":"10"}}]}},"_links":{"self":[{"href":"https:\/\/distribucionarc.com\/de\/wp-json\/wp\/v2\/product\/4366","targetHints":{"allow":["GET"]}}],"collection":[{"href":"https:\/\/distribucionarc.com\/de\/wp-json\/wp\/v2\/product"}],"about":[{"href":"https:\/\/distribucionarc.com\/de\/wp-json\/wp\/v2\/types\/product"}],"replies":[{"embeddable":true,"href":"https:\/\/distribucionarc.com\/de\/wp-json\/wp\/v2\/comments?post=4366"}],"version-history":[{"count":0,"href":"https:\/\/distribucionarc.com\/de\/wp-json\/wp\/v2\/product\/4366\/revisions"}],"wp:featuredmedia":[{"embeddable":true,"href":"https:\/\/distribucionarc.com\/de\/wp-json\/wp\/v2\/media\/4367"}],"wp:attachment":[{"href":"https:\/\/distribucionarc.com\/de\/wp-json\/wp\/v2\/media?parent=4366"}],"wp:term":[{"taxonomy":"product_brand","embeddable":true,"href":"https:\/\/distribucionarc.com\/de\/wp-json\/wp\/v2\/product_brand?post=4366"},{"taxonomy":"product_cat","embeddable":true,"href":"https:\/\/distribucionarc.com\/de\/wp-json\/wp\/v2\/product_cat?post=4366"},{"taxonomy":"product_tag","embeddable":true,"href":"https:\/\/distribucionarc.com\/de\/wp-json\/wp\/v2\/product_tag?post=4366"}],"curies":[{"name":"wp","href":"https:\/\/api.w.org\/{rel}","templated":true}]}}