{"id":450,"date":"2020-04-18T22:50:14","date_gmt":"2020-04-18T22:50:14","guid":{"rendered":"https:\/\/distribucionarc.com\/?post_type=product&#038;p=450"},"modified":"2020-11-17T07:04:34","modified_gmt":"2020-11-17T07:04:34","slug":"verpackungsmaschine-beutelfuller-dosiermaschine-fur-pulver-linsen-hulsenfruchte%f0%9f%a5%9c","status":"publish","type":"product","link":"https:\/\/distribucionarc.com\/de\/producto\/empacadora-empaquetadora-llenadora-de-bolsas-dosificadora-para-polvo-lentejas-legumbres%f0%9f%a5%9c\/","title":{"rendered":"Ballenpresse, Verpackungsmaschine, Beutelf\u00fcller, Spender f\u00fcr Pulver, Linsen, H\u00fclsenfr\u00fcchte?"},"content":{"rendered":"<h3 class=\"LC20lb DKV0Md\">Absackmaschine, Ballenpresse, Verpackungsmaschine, Sackf\u00fcller, Spender f\u00fcr Pulver, Linsen und H\u00fclsenfr\u00fcchte?<\/h3>\n<p>&nbsp;<\/p>\n<p>Verpackungsmaschine 2g\u2796200g<\/p>\n<p>Mit unserer Verpackungsmaschine erhalten Sie eine effektive und qualitativ hochwertige L\u00f6sung f\u00fcr bis zu 5.000 Beutel pro Tag. Diese Maschine ist die gr\u00f6\u00dfte Gr\u00f6\u00dfe, die auf gesch\u00e4lte Erdn\u00fcsse verzichten kann. Dies gibt uns eine Reihe von M\u00f6glichkeiten, jede Art von H\u00fclsenfr\u00fcchten zu verpacken Art des Produkts.<\/p>\n<p>Das Verpackungssystem ist einfach, es ist ein Vibrationssystem, es legt das Produkt darauf, Sie k\u00f6nnen die Maschine mit drei Stufen sanft\/mittel\/schnell programmieren, einige Produkte funktionieren besser mit der einen oder anderen Stufe, Sie m\u00fcssen diejenige ausw\u00e4hlen, die zu Ihnen passt Ihr Produkt. Der Trichter im Inneren vibriert, sodass das Produkt in den anderen Trichter f\u00e4llt, der das Produkt wiegt, wenn es die festgelegte F\u00fcllmarke erreicht. Wenn sich der Beutel n\u00e4hert, erkennt der Sensor dies und \u00f6ffnet die T\u00fcr automatisch oder manuell das Pedal.<\/p>\n<ul>\n<li>Halbautomatische Maschine, die von hervorragenden Ingenieuren entwickelt wurde, die sorgf\u00e4ltig den Einsatz von Mikrocomputersteuerung mit optischer Technologie, hoher Pr\u00e4zision, Schnelligkeit und guter Qualit\u00e4t untersuchen, um den langwierigen Verpackungsprozess herk\u00f6mmlicherweise zu l\u00f6sen.<\/li>\n<li>Die Komponenten sind geeignet f\u00fcr: Lebensmittel, Samen, Fr\u00fcchte, Chemikalien in Form von Getreide und Arzneimitteln, nicht klebrige Mikro- und kleine Feststoffe.<\/li>\n<li>Empfohlene Materialien: Mehl, Milchpulver, chemische Pulver, essbare Pulver, Kaffeepulver, Samen, Bohnen, Reis, Granulat, Kr\u00e4uter, Getreide, Salz, Zucker, Gew\u00fcrze, chemische Verbindungen, elektronische Komponenten, Hardwarekomponenten usw.<\/li>\n<\/ul>\n<p>Ausf\u00fchrungen aus Edelstahl 304<\/p>\n<p>Unsere Verpackungsmaschine ist modular aufgebaut. Bei einem Defekt m\u00fcssen Sie nur das Modul austauschen. Wir gew\u00e4hren auf unsere Maschinen eine Garantie von 2 Jahren und durchlaufen vor dem Verkauf eine strenge Qualit\u00e4tskontrolle.<\/p>\n<ul>\n<li>Mikrocomputer mit Selbstenergiesteuerung, dadurch ist die Dosierung viel pr\u00e4ziser und genauer.<\/li>\n<li>Der Abgabevorgang erfolgt schnell und vollautomatisch.<\/li>\n<li>Alle Kontaktteile sind aus Edelstahl gefertigt, sodass kein Material verunreinigt wird.<\/li>\n<li>Doppelte Sto\u00dfd\u00e4mpferstruktur, damit die Maschine reibungslos und ger\u00e4uscharm l\u00e4uft.<\/li>\n<li>Es ist klein und leicht.<\/li>\n<li>Verbraucht minimale Energie.<\/li>\n<li>Schr\u00e4gwurfvorschub, der Materialien nicht einklemmt oder besch\u00e4digt.<\/li>\n<li>Zeigt das Gewicht und die Anzahl der Pakete an.<\/li>\n<li>Einstellbare F\u00fcllgeschwindigkeit.<\/li>\n<li>Sie k\u00f6nnen einen \u00dcbergewichtsalarm einstellen.<\/li>\n<li>Kapazit\u00e4t: 2\u2796 200g pro Download.<\/li>\n<li>Durchschnittliche Geschwindigkeit: bis zu 15 Downloads pro Minute.<\/li>\n<li>Trichterabmessungen: 20 cm Durchmesser x 16 cm H\u00f6he.<\/li>\n<li>Eingangsspannung: 220 V\/110 V<\/li>\n<\/ul>\n<p>Qualit\u00e4tsgarantie: 2 Jahre<\/p>\n<p>CE-Zertifikat<\/p>\n<p>Hier hinterlassen wir Ihnen das Video der Maschine im Betrieb<\/p>\n<p><iframe loading=\"lazy\" src=\"https:\/\/www.youtube.com\/embed\/hWMSdtFaN28\" width=\"560\" height=\"315\" frameborder=\"0\" allowfullscreen=\"allowfullscreen\"><\/iframe><\/p>","protected":false},"excerpt":{"rendered":"<p>Verpackungsmaschine 2g\u2796200g<\/p>\n<p>Qualit\u00e4t mit 2\ufe0f\u20e3 Jahren Garantie<\/p>\n<p>Technischer Support im Pannenfall<\/p>\n<p>Mit unserer Verpackungsmaschine erhalten Sie eine effektive und hochwertige L\u00f6sung f\u00fcr bis zu 5.000 Beutel pro Tag. Die gr\u00f6\u00dfte Gr\u00f6\u00dfe, die sie abgeben kann, bietet uns eine Reihe von M\u00f6glichkeiten f\u00fcr die Dosierung jeder Art von H\u00fclsenfr\u00fcchten Art des Produkts.<\/p>","protected":false},"featured_media":458,"comment_status":"open","ping_status":"closed","template":"","meta":{"wds_primary_product_brand":0,"wds_primary_product_cat":0},"product_brand":[],"product_cat":[22,21],"product_tag":[],"class_list":{"0":"post-450","1":"product","2":"type-product","3":"status-publish","4":"has-post-thumbnail","6":"product_cat-llenadora-de-bolsas-granos-y-polvo","7":"product_cat-maquinas-llenadoras","9":"first","10":"instock","11":"sale","12":"taxable","13":"shipping-taxable","14":"purchasable","15":"product-type-simple"},"yoast_head":"<!-- This site is optimized with the Yoast SEO Premium plugin v24.9 (Yoast SEO v26.1) - https:\/\/yoast.com\/wordpress\/plugins\/seo\/ -->\n<title>Empacadora, Empaquetadora, Llenadora de Bolsas, Dosificadora para Polvo, Lentejas, Legumbres? - distribuci\u00f3n ARC<\/title>\n<meta name=\"robots\" content=\"index, follow, max-snippet:-1, max-image-preview:large, max-video-preview:-1\" \/>\n<link rel=\"canonical\" href=\"https:\/\/www.distribucionarc.com\/en\/producto\/empacadora-empaquetadora-llenadora-de-bolsas-dosificadora-para-polvo-lentejas-legumbres\ud83e\udd5c\/\" \/>\n<meta property=\"og:locale\" content=\"de_DE\" \/>\n<meta property=\"og:type\" content=\"article\" \/>\n<meta property=\"og:title\" content=\"Empacadora, Empaquetadora, Llenadora de Bolsas, Dosificadora para Polvo, Lentejas, Legumbres?\" \/>\n<meta property=\"og:description\" content=\"Empaquetadora 2g\u2796200g  Calidad con 2\ufe0f\u20e3 a\u00f1os de garant\u00eda  Soporte t\u00e9cnico en caso de aver\u00eda  Con nuestra m\u00e1quina empaquetadora podr\u00e1 tener un soluci\u00f3n eficaz y de calidad hasta\u00a0 5000 bolsas diarias Esta m\u00e1quina es perfecta el tama\u00f1o mas grande que puede dosificar son cacahuetes pelados\u00a0 esto nos da un abanico de posibilidades para dosificar cualquier tipo de legumbre u otro tipo de productos.\" \/>\n<meta property=\"og:url\" content=\"https:\/\/www.distribucionarc.com\/en\/producto\/empacadora-empaquetadora-llenadora-de-bolsas-dosificadora-para-polvo-lentejas-legumbres\ud83e\udd5c\/\" \/>\n<meta property=\"og:site_name\" content=\"distribuci\u00f3n ARC\" \/>\n<meta property=\"article:modified_time\" content=\"2020-11-17T07:04:34+00:00\" \/>\n<meta property=\"og:image\" content=\"https:\/\/www.distribucionarc.com\/wp-content\/uploads\/2020\/04\/empaquetadora_llenadora_de_bolsas_dosificadora_para_polvo_0.jpg\" \/>\n\t<meta property=\"og:image:width\" content=\"1600\" \/>\n\t<meta property=\"og:image:height\" content=\"1600\" \/>\n\t<meta property=\"og:image:type\" content=\"image\/jpeg\" \/>\n<meta name=\"twitter:card\" content=\"summary_large_image\" \/>\n<meta name=\"twitter:label1\" content=\"Gesch\u00e4tzte Lesezeit\" \/>\n\t<meta name=\"twitter:data1\" content=\"2\u00a0Minuten\" \/>\n<script type=\"application\/ld+json\" class=\"yoast-schema-graph\">{\"@context\":\"https:\/\/schema.org\",\"@graph\":[{\"@type\":\"WebPage\",\"@id\":\"https:\/\/www.distribucionarc.com\/en\/producto\/empacadora-empaquetadora-llenadora-de-bolsas-dosificadora-para-polvo-lentejas-legumbres%f0%9f%a5%9c\/\",\"url\":\"https:\/\/www.distribucionarc.com\/en\/producto\/empacadora-empaquetadora-llenadora-de-bolsas-dosificadora-para-polvo-lentejas-legumbres%f0%9f%a5%9c\/\",\"name\":\"Empacadora, Empaquetadora, Llenadora de Bolsas, Dosificadora para Polvo, Lentejas, Legumbres? - distribuci\u00f3n ARC\",\"isPartOf\":{\"@id\":\"https:\/\/www.distribucionarc.com\/tr\/#website\"},\"primaryImageOfPage\":{\"@id\":\"https:\/\/www.distribucionarc.com\/en\/producto\/empacadora-empaquetadora-llenadora-de-bolsas-dosificadora-para-polvo-lentejas-legumbres%f0%9f%a5%9c\/#primaryimage\"},\"image\":{\"@id\":\"https:\/\/www.distribucionarc.com\/en\/producto\/empacadora-empaquetadora-llenadora-de-bolsas-dosificadora-para-polvo-lentejas-legumbres%f0%9f%a5%9c\/#primaryimage\"},\"thumbnailUrl\":\"https:\/\/distribucionarc.com\/wp-content\/uploads\/2020\/04\/empaquetadora_llenadora_de_bolsas_dosificadora_para_polvo_0.jpg\",\"datePublished\":\"2020-04-18T22:50:14+00:00\",\"dateModified\":\"2020-11-17T07:04:34+00:00\",\"breadcrumb\":{\"@id\":\"https:\/\/www.distribucionarc.com\/en\/producto\/empacadora-empaquetadora-llenadora-de-bolsas-dosificadora-para-polvo-lentejas-legumbres%f0%9f%a5%9c\/#breadcrumb\"},\"inLanguage\":\"de\",\"potentialAction\":[{\"@type\":\"ReadAction\",\"target\":[\"https:\/\/www.distribucionarc.com\/en\/producto\/empacadora-empaquetadora-llenadora-de-bolsas-dosificadora-para-polvo-lentejas-legumbres%f0%9f%a5%9c\/\"]}]},{\"@type\":\"ImageObject\",\"inLanguage\":\"de\",\"@id\":\"https:\/\/www.distribucionarc.com\/en\/producto\/empacadora-empaquetadora-llenadora-de-bolsas-dosificadora-para-polvo-lentejas-legumbres%f0%9f%a5%9c\/#primaryimage\",\"url\":\"https:\/\/distribucionarc.com\/wp-content\/uploads\/2020\/04\/empaquetadora_llenadora_de_bolsas_dosificadora_para_polvo_0.jpg\",\"contentUrl\":\"https:\/\/distribucionarc.com\/wp-content\/uploads\/2020\/04\/empaquetadora_llenadora_de_bolsas_dosificadora_para_polvo_0.jpg\",\"width\":1600,\"height\":1600},{\"@type\":\"BreadcrumbList\",\"@id\":\"https:\/\/www.distribucionarc.com\/en\/producto\/empacadora-empaquetadora-llenadora-de-bolsas-dosificadora-para-polvo-lentejas-legumbres%f0%9f%a5%9c\/#breadcrumb\",\"itemListElement\":[{\"@type\":\"ListItem\",\"position\":1,\"name\":\"Portada\",\"item\":\"https:\/\/www.distribucionarc.com\/tr\/\"},{\"@type\":\"ListItem\",\"position\":2,\"name\":\"Produktai\",\"item\":\"https:\/\/distribucionarc.com\/lt\/parduotuve\/\"},{\"@type\":\"ListItem\",\"position\":3,\"name\":\"Empacadora, Empaquetadora, Llenadora de Bolsas, Dosificadora para Polvo, Lentejas, Legumbres?\"}]},{\"@type\":\"WebSite\",\"@id\":\"https:\/\/www.distribucionarc.com\/tr\/#website\",\"url\":\"https:\/\/www.distribucionarc.com\/tr\/\",\"name\":\"distribuci\u00f3n ARC\",\"description\":\"Empresa especializada en la fabricaci\u00f3n y distribuci\u00f3n de maquinaria industrial, selladoras de latas, Maquinas de hacer pastillas, Maquinas de cortar carne...\",\"publisher\":{\"@id\":\"https:\/\/www.distribucionarc.com\/tr\/#organization\"},\"potentialAction\":[{\"@type\":\"SearchAction\",\"target\":{\"@type\":\"EntryPoint\",\"urlTemplate\":\"https:\/\/www.distribucionarc.com\/tr\/?s={search_term_string}\"},\"query-input\":{\"@type\":\"PropertyValueSpecification\",\"valueRequired\":true,\"valueName\":\"search_term_string\"}}],\"inLanguage\":\"de\"},{\"@type\":\"Organization\",\"@id\":\"https:\/\/www.distribucionarc.com\/tr\/#organization\",\"name\":\"Distribuci\u00f3n ARC\",\"url\":\"https:\/\/www.distribucionarc.com\/tr\/\",\"logo\":{\"@type\":\"ImageObject\",\"inLanguage\":\"de\",\"@id\":\"https:\/\/www.distribucionarc.com\/tr\/#\/schema\/logo\/image\/\",\"url\":\"https:\/\/distribucionarc.com\/wp-content\/uploads\/2024\/10\/distribucion-ARC-COLOR-SIN-FONDO-e1732295305345.png\",\"contentUrl\":\"https:\/\/distribucionarc.com\/wp-content\/uploads\/2024\/10\/distribucion-ARC-COLOR-SIN-FONDO-e1732295305345.png\",\"width\":1164,\"height\":558,\"caption\":\"Distribuci\u00f3n ARC\"},\"image\":{\"@id\":\"https:\/\/www.distribucionarc.com\/tr\/#\/schema\/logo\/image\/\"},\"description\":\"Empresa especializada en la fabricaci\u00f3n y distribuci\u00f3n de maquinaria industrial para los sectores alimentario y farmac\u00e9utico. Nos especializamos en: M\u00e1quinas de cortar carne Fabricaci\u00f3n de comprimidos Sistemas de transporte industrial L\u00edneas de embotellado Dosificadores Y mucho m\u00e1s... Ofrecemos soluciones innovadoras y personalizadas para optimizar los procesos productivos de tu empresa.\",\"email\":\"Admistracion@distribucionarc.com\",\"telephone\":\"+34 643496664\",\"legalName\":\"ARC TECH SOLUTIONS\",\"foundingDate\":\"2024-04-09\",\"vatID\":\"B55480172\",\"numberOfEmployees\":{\"@type\":\"QuantitativeValue\",\"minValue\":\"1\",\"maxValue\":\"10\"}}]}<\/script>\n<!-- \/ Yoast SEO Premium plugin. -->","yoast_head_json":{"title":"Ballenpresse, Verpackungsmaschine, Beutelf\u00fcller, Spender f\u00fcr Pulver, Linsen, H\u00fclsenfr\u00fcchte? - ARC-Verteilung","robots":{"index":"index","follow":"follow","max-snippet":"max-snippet:-1","max-image-preview":"max-image-preview:large","max-video-preview":"max-video-preview:-1"},"canonical":"https:\/\/www.distribucionarc.com\/en\/producto\/empacadora-empaquetadora-llenadora-de-bolsas-dosificadora-para-polvo-lentejas-legumbres\ud83e\udd5c\/","og_locale":"de_DE","og_type":"article","og_title":"Empacadora, Empaquetadora, Llenadora de Bolsas, Dosificadora para Polvo, Lentejas, Legumbres?","og_description":"Empaquetadora 2g\u2796200g  Calidad con 2\ufe0f\u20e3 a\u00f1os de garant\u00eda  Soporte t\u00e9cnico en caso de aver\u00eda  Con nuestra m\u00e1quina empaquetadora podr\u00e1 tener un soluci\u00f3n eficaz y de calidad hasta\u00a0 5000 bolsas diarias Esta m\u00e1quina es perfecta el tama\u00f1o mas grande que puede dosificar son cacahuetes pelados\u00a0 esto nos da un abanico de posibilidades para dosificar cualquier tipo de legumbre u otro tipo de productos.","og_url":"https:\/\/www.distribucionarc.com\/en\/producto\/empacadora-empaquetadora-llenadora-de-bolsas-dosificadora-para-polvo-lentejas-legumbres\ud83e\udd5c\/","og_site_name":"distribuci\u00f3n ARC","article_modified_time":"2020-11-17T07:04:34+00:00","og_image":[{"width":1600,"height":1600,"url":"https:\/\/www.distribucionarc.com\/wp-content\/uploads\/2020\/04\/empaquetadora_llenadora_de_bolsas_dosificadora_para_polvo_0.jpg","type":"image\/jpeg"}],"twitter_card":"summary_large_image","twitter_misc":{"Gesch\u00e4tzte Lesezeit":"2\u00a0Minuten"},"schema":{"@context":"https:\/\/schema.org","@graph":[{"@type":"WebPage","@id":"https:\/\/www.distribucionarc.com\/en\/producto\/empacadora-empaquetadora-llenadora-de-bolsas-dosificadora-para-polvo-lentejas-legumbres%f0%9f%a5%9c\/","url":"https:\/\/www.distribucionarc.com\/en\/producto\/empacadora-empaquetadora-llenadora-de-bolsas-dosificadora-para-polvo-lentejas-legumbres%f0%9f%a5%9c\/","name":"Ballenpresse, Verpackungsmaschine, Beutelf\u00fcller, Spender f\u00fcr Pulver, Linsen, H\u00fclsenfr\u00fcchte? - ARC-Verteilung","isPartOf":{"@id":"https:\/\/www.distribucionarc.com\/tr\/#website"},"primaryImageOfPage":{"@id":"https:\/\/www.distribucionarc.com\/en\/producto\/empacadora-empaquetadora-llenadora-de-bolsas-dosificadora-para-polvo-lentejas-legumbres%f0%9f%a5%9c\/#primaryimage"},"image":{"@id":"https:\/\/www.distribucionarc.com\/en\/producto\/empacadora-empaquetadora-llenadora-de-bolsas-dosificadora-para-polvo-lentejas-legumbres%f0%9f%a5%9c\/#primaryimage"},"thumbnailUrl":"https:\/\/distribucionarc.com\/wp-content\/uploads\/2020\/04\/empaquetadora_llenadora_de_bolsas_dosificadora_para_polvo_0.jpg","datePublished":"2020-04-18T22:50:14+00:00","dateModified":"2020-11-17T07:04:34+00:00","breadcrumb":{"@id":"https:\/\/www.distribucionarc.com\/en\/producto\/empacadora-empaquetadora-llenadora-de-bolsas-dosificadora-para-polvo-lentejas-legumbres%f0%9f%a5%9c\/#breadcrumb"},"inLanguage":"de","potentialAction":[{"@type":"ReadAction","target":["https:\/\/www.distribucionarc.com\/en\/producto\/empacadora-empaquetadora-llenadora-de-bolsas-dosificadora-para-polvo-lentejas-legumbres%f0%9f%a5%9c\/"]}]},{"@type":"ImageObject","inLanguage":"de","@id":"https:\/\/www.distribucionarc.com\/en\/producto\/empacadora-empaquetadora-llenadora-de-bolsas-dosificadora-para-polvo-lentejas-legumbres%f0%9f%a5%9c\/#primaryimage","url":"https:\/\/distribucionarc.com\/wp-content\/uploads\/2020\/04\/empaquetadora_llenadora_de_bolsas_dosificadora_para_polvo_0.jpg","contentUrl":"https:\/\/distribucionarc.com\/wp-content\/uploads\/2020\/04\/empaquetadora_llenadora_de_bolsas_dosificadora_para_polvo_0.jpg","width":1600,"height":1600},{"@type":"BreadcrumbList","@id":"https:\/\/www.distribucionarc.com\/en\/producto\/empacadora-empaquetadora-llenadora-de-bolsas-dosificadora-para-polvo-lentejas-legumbres%f0%9f%a5%9c\/#breadcrumb","itemListElement":[{"@type":"ListItem","position":1,"name":"Portada","item":"https:\/\/www.distribucionarc.com\/tr\/"},{"@type":"ListItem","position":2,"name":"Produktai","item":"https:\/\/distribucionarc.com\/lt\/parduotuve\/"},{"@type":"ListItem","position":3,"name":"Empacadora, Empaquetadora, Llenadora de Bolsas, Dosificadora para Polvo, Lentejas, Legumbres?"}]},{"@type":"WebSite","@id":"https:\/\/www.distribucionarc.com\/tr\/#website","url":"https:\/\/www.distribucionarc.com\/tr\/","name":"ARC-Verteilung","description":"Das Unternehmen ist auf die Herstellung und den Vertrieb von Industriemaschinen, Dosenverschlie\u00dfmaschinen, Tablettenmaschinen, Fleischschneidemaschinen...","publisher":{"@id":"https:\/\/www.distribucionarc.com\/tr\/#organization"},"potentialAction":[{"@type":"SearchAction","target":{"@type":"EntryPoint","urlTemplate":"https:\/\/www.distribucionarc.com\/tr\/?s={search_term_string}"},"query-input":{"@type":"PropertyValueSpecification","valueRequired":true,"valueName":"search_term_string"}}],"inLanguage":"de"},{"@type":"Organization","@id":"https:\/\/www.distribucionarc.com\/tr\/#organization","name":"ARC-Verteilung","url":"https:\/\/www.distribucionarc.com\/tr\/","logo":{"@type":"ImageObject","inLanguage":"de","@id":"https:\/\/www.distribucionarc.com\/tr\/#\/schema\/logo\/image\/","url":"https:\/\/distribucionarc.com\/wp-content\/uploads\/2024\/10\/distribucion-ARC-COLOR-SIN-FONDO-e1732295305345.png","contentUrl":"https:\/\/distribucionarc.com\/wp-content\/uploads\/2024\/10\/distribucion-ARC-COLOR-SIN-FONDO-e1732295305345.png","width":1164,"height":558,"caption":"Distribuci\u00f3n ARC"},"image":{"@id":"https:\/\/www.distribucionarc.com\/tr\/#\/schema\/logo\/image\/"},"description":"Unternehmen, das auf die Herstellung und den Vertrieb von Industriemaschinen f\u00fcr den Lebensmittel- und Pharmasektor spezialisiert ist. Wir sind spezialisiert auf: Fleischschneidemaschinen Tablettenherstellung Industrielle F\u00f6rdersysteme Abf\u00fcllanlagen Dispenser Und vieles mehr... Wir bieten innovative und ma\u00dfgeschneiderte L\u00f6sungen zur Optimierung der Produktionsprozesse in Ihrem Unternehmen.","email":"Admistracion@distribucionarc.com","telephone":"+34 643496664","legalName":"ARC TECH SOLUTIONS","foundingDate":"2024-04-09","vatID":"B55480172","numberOfEmployees":{"@type":"QuantitativeValue","minValue":"1","maxValue":"10"}}]}},"_links":{"self":[{"href":"https:\/\/distribucionarc.com\/de\/wp-json\/wp\/v2\/product\/450","targetHints":{"allow":["GET"]}}],"collection":[{"href":"https:\/\/distribucionarc.com\/de\/wp-json\/wp\/v2\/product"}],"about":[{"href":"https:\/\/distribucionarc.com\/de\/wp-json\/wp\/v2\/types\/product"}],"replies":[{"embeddable":true,"href":"https:\/\/distribucionarc.com\/de\/wp-json\/wp\/v2\/comments?post=450"}],"version-history":[{"count":0,"href":"https:\/\/distribucionarc.com\/de\/wp-json\/wp\/v2\/product\/450\/revisions"}],"wp:featuredmedia":[{"embeddable":true,"href":"https:\/\/distribucionarc.com\/de\/wp-json\/wp\/v2\/media\/458"}],"wp:attachment":[{"href":"https:\/\/distribucionarc.com\/de\/wp-json\/wp\/v2\/media?parent=450"}],"wp:term":[{"taxonomy":"product_brand","embeddable":true,"href":"https:\/\/distribucionarc.com\/de\/wp-json\/wp\/v2\/product_brand?post=450"},{"taxonomy":"product_cat","embeddable":true,"href":"https:\/\/distribucionarc.com\/de\/wp-json\/wp\/v2\/product_cat?post=450"},{"taxonomy":"product_tag","embeddable":true,"href":"https:\/\/distribucionarc.com\/de\/wp-json\/wp\/v2\/product_tag?post=450"}],"curies":[{"name":"wp","href":"https:\/\/api.w.org\/{rel}","templated":true}]}}