{"id":4877,"date":"2022-10-23T21:25:08","date_gmt":"2022-10-23T21:25:08","guid":{"rendered":"https:\/\/distribucionarc.com\/?post_type=product&#038;p=4877"},"modified":"2023-03-30T15:26:19","modified_gmt":"2023-03-30T15:26:19","slug":"induktionssiegelgerat-fur-aluminiumfolie","status":"publish","type":"product","link":"https:\/\/distribucionarc.com\/de\/producto\/selladora-induccion-para-foil-de-aluminio\/","title":{"rendered":"Induktionsschwei\u00dfger\u00e4t f\u00fcr Aluminiumfolie"},"content":{"rendered":"<h2>Hochgeschwindigkeits-Induktionsschwei\u00dfger\u00e4t f\u00fcr Aluminiumfolie<\/h2>\n<p>&nbsp;<\/p>\n<p>Maschine, die die Lebensdauer Ihrer Produkte verl\u00e4ngert, die Retourenquote reduziert und das Produkt frischer, trockener und sicherer h\u00e4lt.<\/p>\n<p>&nbsp;<\/p>\n<p><img loading=\"lazy\" decoding=\"async\" class=\"wp-image-4885 aligncenter\" src=\"https:\/\/distribucionarc.com\/wp-content\/uploads\/2022\/10\/selladora-induccion-para-foil-de-aluminio-300x300.jpg\" alt=\"\" width=\"335\" height=\"335\" srcset=\"https:\/\/distribucionarc.com\/wp-content\/uploads\/2022\/10\/selladora-induccion-para-foil-de-aluminio-300x300.jpg 300w, https:\/\/distribucionarc.com\/wp-content\/uploads\/2022\/10\/selladora-induccion-para-foil-de-aluminio-430x430.jpg 430w, https:\/\/distribucionarc.com\/wp-content\/uploads\/2022\/10\/selladora-induccion-para-foil-de-aluminio-150x150.jpg 150w, https:\/\/distribucionarc.com\/wp-content\/uploads\/2022\/10\/selladora-induccion-para-foil-de-aluminio-600x600.jpg 600w, https:\/\/distribucionarc.com\/wp-content\/uploads\/2022\/10\/selladora-induccion-para-foil-de-aluminio-12x12.jpg 12w, https:\/\/distribucionarc.com\/wp-content\/uploads\/2022\/10\/selladora-induccion-para-foil-de-aluminio-320x320.jpg 320w, https:\/\/distribucionarc.com\/wp-content\/uploads\/2022\/10\/selladora-induccion-para-foil-de-aluminio-100x100.jpg 100w, https:\/\/distribucionarc.com\/wp-content\/uploads\/2022\/10\/selladora-induccion-para-foil-de-aluminio.jpg 640w\" sizes=\"auto, (max-width: 335px) 100vw, 335px\" \/><\/p>\n<p>&nbsp;<\/p>\n<p><strong>Verschlusskappe aus Aluminium<\/strong> Ein weiterer Schritt in der f\u00fchrenden ARC-Vertriebsproduktionslinie f\u00fcr Industriemaschinen<\/p>\n<p>&nbsp;<\/p>\n<p><img loading=\"lazy\" decoding=\"async\" class=\"wp-image-4884 aligncenter\" src=\"https:\/\/distribucionarc.com\/wp-content\/uploads\/2022\/10\/selladora-de-tapones-300x300.jpg\" alt=\"\" width=\"335\" height=\"335\" srcset=\"https:\/\/distribucionarc.com\/wp-content\/uploads\/2022\/10\/selladora-de-tapones-300x300.jpg 300w, https:\/\/distribucionarc.com\/wp-content\/uploads\/2022\/10\/selladora-de-tapones-430x430.jpg 430w, https:\/\/distribucionarc.com\/wp-content\/uploads\/2022\/10\/selladora-de-tapones-150x150.jpg 150w, https:\/\/distribucionarc.com\/wp-content\/uploads\/2022\/10\/selladora-de-tapones-700x700.jpg 700w, https:\/\/distribucionarc.com\/wp-content\/uploads\/2022\/10\/selladora-de-tapones-768x768.jpg 768w, https:\/\/distribucionarc.com\/wp-content\/uploads\/2022\/10\/selladora-de-tapones-12x12.jpg 12w, https:\/\/distribucionarc.com\/wp-content\/uploads\/2022\/10\/selladora-de-tapones-320x320.jpg 320w, https:\/\/distribucionarc.com\/wp-content\/uploads\/2022\/10\/selladora-de-tapones-600x600.jpg 600w, https:\/\/distribucionarc.com\/wp-content\/uploads\/2022\/10\/selladora-de-tapones-100x100.jpg 100w, https:\/\/distribucionarc.com\/wp-content\/uploads\/2022\/10\/selladora-de-tapones.jpg 1000w\" sizes=\"auto, (max-width: 335px) 100vw, 335px\" \/><\/p>\n<p>&nbsp;<\/p>\n<p>&nbsp;<\/p>\n<p>Die Maschine <strong>Induktionsversiegelung <\/strong>Continuous nutzt das elektromagnetische Prinzip und erzeugt sofort hohe Hitze, die a schmelzen und versiegeln kann <strong>Aluminiumfolie <\/strong>auf dem Cover von a <strong>Flasche<\/strong>.<\/p>\n<p>&nbsp;<\/p>\n<p><img loading=\"lazy\" decoding=\"async\" class=\"wp-image-4878 aligncenter\" src=\"https:\/\/distribucionarc.com\/wp-content\/uploads\/2022\/10\/sellado-por-induccion-300x289.jpg\" alt=\"\" width=\"334\" height=\"322\" srcset=\"https:\/\/distribucionarc.com\/wp-content\/uploads\/2022\/10\/sellado-por-induccion-300x289.jpg 300w, https:\/\/distribucionarc.com\/wp-content\/uploads\/2022\/10\/sellado-por-induccion-430x414.jpg 430w, https:\/\/distribucionarc.com\/wp-content\/uploads\/2022\/10\/sellado-por-induccion-150x144.jpg 150w, https:\/\/distribucionarc.com\/wp-content\/uploads\/2022\/10\/sellado-por-induccion-700x673.jpg 700w, https:\/\/distribucionarc.com\/wp-content\/uploads\/2022\/10\/sellado-por-induccion-768x739.jpg 768w, https:\/\/distribucionarc.com\/wp-content\/uploads\/2022\/10\/sellado-por-induccion-12x12.jpg 12w, https:\/\/distribucionarc.com\/wp-content\/uploads\/2022\/10\/sellado-por-induccion-600x577.jpg 600w, https:\/\/distribucionarc.com\/wp-content\/uploads\/2022\/10\/sellado-por-induccion.jpg 835w\" sizes=\"auto, (max-width: 334px) 100vw, 334px\" \/><\/p>\n<p><center><iframe loading=\"lazy\" title=\"YouTube-Videoplayer\" src=\"https:\/\/www.youtube.com\/embed\/NkiiKp9Yi7M\" width=\"560\" height=\"315\" frameborder=\"0\" allowfullscreen=\"allowfullscreen\"><\/iframe><\/center>&nbsp;<\/p>\n<p>&nbsp;<\/p>\n<p>Arten von Flaschen, die Sie verschlie\u00dfen k\u00f6nnen<\/p>\n<ul>\n<li>Glas<\/li>\n<li>Plastik\u2026<\/li>\n<li>Aluminiumflasche (diese Maschine ist nicht geeignet, klicken Sie hier, wenn Sie den Verschlie\u00dfer f\u00fcr Metallflaschen sehen m\u00f6chten)<\/li>\n<\/ul>\n<p>&nbsp;<\/p>\n<p>Technische Eigenschaften:<\/p>\n<p>&nbsp;<\/p>\n<table width=\"435\">\n<tbody>\n<tr>\n<td>Modell<\/td>\n<td width=\"277\">AR131800<\/td>\n<\/tr>\n<tr>\n<td>Stromspannung<\/td>\n<td width=\"277\">220V\/50Hz 110V\/60Hz<\/td>\n<\/tr>\n<tr>\n<td>Energie<\/td>\n<td width=\"277\">1800W<\/td>\n<\/tr>\n<tr>\n<td>Dichtungsdurchmesser<\/td>\n<td width=\"277\">15\u2013180 mm<\/td>\n<\/tr>\n<tr>\n<td>Flaschenh\u00f6he<\/td>\n<td width=\"277\">50-320mm<\/td>\n<\/tr>\n<tr>\n<td>Bandl\u00e4nge<\/td>\n<td width=\"277\">1000 mm<\/td>\n<\/tr>\n<tr>\n<td>Bandbreite<\/td>\n<td width=\"277\">200mm<\/td>\n<\/tr>\n<tr>\n<td>Maximales Belastungsgewicht auf dem G\u00fcrtel<\/td>\n<td width=\"277\">15kg<\/td>\n<\/tr>\n<tr>\n<td>Betrieb<\/td>\n<td width=\"277\">Elektrisch<\/td>\n<\/tr>\n<tr>\n<td>K\u00fchlende Art und Weise<\/td>\n<td width=\"277\">Bel\u00fcftung<\/td>\n<\/tr>\n<tr>\n<td>maximaler Strom<\/td>\n<td width=\"277\">8,5A<\/td>\n<\/tr>\n<tr>\n<td>Anwendbare Flasche<\/td>\n<td width=\"277\">Plastikflasche\/Glasgef\u00e4\u00df<\/td>\n<\/tr>\n<tr>\n<td>Produktionskapazit\u00e4t<\/td>\n<td width=\"277\">\u2264110 Flaschen\/Min<\/td>\n<\/tr>\n<tr>\n<td>T\u00e4gliche Produktionskapazit\u00e4t<\/td>\n<td width=\"277\">\u226430000 Flaschen<\/td>\n<\/tr>\n<tr>\n<td>Maschinengr\u00f6\u00dfe<\/td>\n<td width=\"277\">1002 mm * 402 mm * 938 mm<\/td>\n<\/tr>\n<tr>\n<td>Nettogewicht<\/td>\n<td width=\"277\">49 kg<\/td>\n<\/tr>\n<\/tbody>\n<\/table>\n<p>&nbsp;<\/p>\n<div style=\"width: 626px;\" class=\"wp-video\"><video class=\"wp-video-shortcode\" id=\"video-4877-1\" width=\"626\" height=\"360\" preload=\"metadata\" controls=\"controls\"><source type=\"video\/mp4\" src=\"https:\/\/distribucionarc.com\/wp-content\/uploads\/2022\/10\/selladora-de-tapones-lamina-de-aluminio.mp4?_=1\" \/><a href=\"https:\/\/distribucionarc.com\/wp-content\/uploads\/2022\/10\/selladora-de-tapones-lamina-de-aluminio.mp4\">https:\/\/distribucionarc.com\/wp-content\/uploads\/2022\/10\/selladora-de-tapones-lamina-de-aluminio.mp4<\/a><\/video><\/div>\n<p>&nbsp;<\/p>\n<p><strong>Thermoinduktionsschwei\u00dfger\u00e4t f\u00fcr die Produktionslinie<\/strong> Bei dieser Maschine ist das Band nicht im Lieferumfang enthalten, es kann sehr einfach zu einer bereits in Betrieb befindlichen Linie hinzugef\u00fcgt werden.<\/p>\n<p>&nbsp;<\/p>\n<p style=\"text-align: center;\">(Klicken Sie auf das Foto f\u00fcr weitere Informationen)<\/p>\n<p><img loading=\"lazy\" decoding=\"async\" class=\"wp-image-4881 aligncenter\" src=\"https:\/\/distribucionarc.com\/wp-content\/uploads\/2022\/10\/Selladora-de-induccion-termica-para-linea-de-produccion-300x283.jpg\" alt=\"\" width=\"338\" height=\"319\" srcset=\"https:\/\/distribucionarc.com\/wp-content\/uploads\/2022\/10\/Selladora-de-induccion-termica-para-linea-de-produccion-300x283.jpg 300w, https:\/\/distribucionarc.com\/wp-content\/uploads\/2022\/10\/Selladora-de-induccion-termica-para-linea-de-produccion-430x406.jpg 430w, https:\/\/distribucionarc.com\/wp-content\/uploads\/2022\/10\/Selladora-de-induccion-termica-para-linea-de-produccion-150x142.jpg 150w, https:\/\/distribucionarc.com\/wp-content\/uploads\/2022\/10\/Selladora-de-induccion-termica-para-linea-de-produccion-700x661.jpg 700w, https:\/\/distribucionarc.com\/wp-content\/uploads\/2022\/10\/Selladora-de-induccion-termica-para-linea-de-produccion-768x725.jpg 768w, https:\/\/distribucionarc.com\/wp-content\/uploads\/2022\/10\/Selladora-de-induccion-termica-para-linea-de-produccion-13x12.jpg 13w, https:\/\/distribucionarc.com\/wp-content\/uploads\/2022\/10\/Selladora-de-induccion-termica-para-linea-de-produccion-600x567.jpg 600w, https:\/\/distribucionarc.com\/wp-content\/uploads\/2022\/10\/Selladora-de-induccion-termica-para-linea-de-produccion.jpg 883w\" sizes=\"auto, (max-width: 338px) 100vw, 338px\" \/><\/p>\n<p>&nbsp;<\/p>\n<p>&nbsp;<\/p>\n<p>Wir empfehlen auch die <strong>Manuelles Induktionssiegelger\u00e4t<\/strong> F\u00fcr kleine Produktionen klicken Sie auf das Foto, um weitere Informationen zu erhalten.<\/p>\n<p>&nbsp;<\/p>\n<p><a href=\"https:\/\/distribucionarc.com\/de\/produkt-2\/thermische-induktions-versiegelungsmaschine-versiegelung-von-kappen\/\"><img loading=\"lazy\" decoding=\"async\" class=\"wp-image-4880 aligncenter\" src=\"https:\/\/distribucionarc.com\/wp-content\/uploads\/2022\/10\/selladora-de-induccion-manual-300x300.jpg\" alt=\"\" width=\"338\" height=\"338\" srcset=\"https:\/\/distribucionarc.com\/wp-content\/uploads\/2022\/10\/selladora-de-induccion-manual-300x300.jpg 300w, https:\/\/distribucionarc.com\/wp-content\/uploads\/2022\/10\/selladora-de-induccion-manual-430x430.jpg 430w, https:\/\/distribucionarc.com\/wp-content\/uploads\/2022\/10\/selladora-de-induccion-manual-150x150.jpg 150w, https:\/\/distribucionarc.com\/wp-content\/uploads\/2022\/10\/selladora-de-induccion-manual-700x700.jpg 700w, https:\/\/distribucionarc.com\/wp-content\/uploads\/2022\/10\/selladora-de-induccion-manual-768x768.jpg 768w, https:\/\/distribucionarc.com\/wp-content\/uploads\/2022\/10\/selladora-de-induccion-manual-12x12.jpg 12w, https:\/\/distribucionarc.com\/wp-content\/uploads\/2022\/10\/selladora-de-induccion-manual-320x320.jpg 320w, https:\/\/distribucionarc.com\/wp-content\/uploads\/2022\/10\/selladora-de-induccion-manual-600x600.jpg 600w, https:\/\/distribucionarc.com\/wp-content\/uploads\/2022\/10\/selladora-de-induccion-manual-100x100.jpg 100w, https:\/\/distribucionarc.com\/wp-content\/uploads\/2022\/10\/selladora-de-induccion-manual.jpg 800w\" sizes=\"auto, (max-width: 338px) 100vw, 338px\" \/><\/a><\/p>\n<p>&nbsp;<\/p>\n<p>&nbsp;<\/p>\n<p>ARC Distribution 2 Jahre eigene Fertigung mit Qualit\u00e4tsteilen.<\/p>\n<p>#espa\u00f1a #peru #Mexiko #Paraguay #Bolivien #argentina #ecuador #Kolumbien #chile #estadosUnited<\/p>","protected":false},"excerpt":{"rendered":"<p><iframe loading=\"lazy\" title=\"YouTube-Videoplayer\" src=\"https:\/\/www.youtube.com\/embed\/bTnwgS5ph8c\" width=\"560\" height=\"315\" frameborder=\"0\" allowfullscreen=\"allowfullscreen\"><\/iframe><\/p>","protected":false},"featured_media":4885,"comment_status":"open","ping_status":"closed","template":"","meta":{"wds_primary_product_brand":0,"wds_primary_product_cat":0},"product_brand":[],"product_cat":[45,28],"product_tag":[],"class_list":{"0":"post-4877","1":"product","2":"type-product","3":"status-publish","4":"has-post-thumbnail","6":"product_cat-selladoras-de-induccion","7":"product_cat-tapadoras","8":"product_shipping_class-express","10":"first","11":"instock","12":"taxable","13":"shipping-taxable","14":"purchasable","15":"product-type-simple"},"yoast_head":"<!-- This site is optimized with the Yoast SEO Premium plugin v24.9 (Yoast SEO v26.1) - https:\/\/yoast.com\/wordpress\/plugins\/seo\/ -->\n<title>selladora induccion para foil de aluminio - distribuci\u00f3n ARC<\/title>\n<meta name=\"robots\" content=\"index, follow, max-snippet:-1, max-image-preview:large, max-video-preview:-1\" \/>\n<link rel=\"canonical\" href=\"https:\/\/distribucionarc.com\/de\/produkt-2\/induktionssiegelgerat-fur-aluminiumfolie\/\" \/>\n<meta property=\"og:locale\" content=\"de_DE\" \/>\n<meta property=\"og:type\" content=\"article\" \/>\n<meta property=\"og:title\" content=\"selladora induccion para foil de aluminio\" \/>\n<meta property=\"og:url\" content=\"https:\/\/distribucionarc.com\/de\/produkt-2\/induktionssiegelgerat-fur-aluminiumfolie\/\" \/>\n<meta property=\"og:site_name\" content=\"distribuci\u00f3n ARC\" \/>\n<meta property=\"article:modified_time\" content=\"2023-03-30T15:26:19+00:00\" \/>\n<meta property=\"og:image\" content=\"https:\/\/distribucionarc.com\/wp-content\/uploads\/2022\/10\/selladora-induccion-para-foil-de-aluminio.jpg\" \/>\n\t<meta property=\"og:image:width\" content=\"640\" \/>\n\t<meta property=\"og:image:height\" content=\"640\" \/>\n\t<meta property=\"og:image:type\" content=\"image\/jpeg\" \/>\n<meta name=\"twitter:card\" content=\"summary_large_image\" \/>\n<meta name=\"twitter:label1\" content=\"Gesch\u00e4tzte Lesezeit\" \/>\n\t<meta name=\"twitter:data1\" content=\"2\u00a0Minuten\" \/>\n<script type=\"application\/ld+json\" class=\"yoast-schema-graph\">{\"@context\":\"https:\/\/schema.org\",\"@graph\":[{\"@type\":\"WebPage\",\"@id\":\"https:\/\/distribucionarc.com\/lt\/producto\/selladora-induccion-para-foil-de-aluminio\/\",\"url\":\"https:\/\/distribucionarc.com\/lt\/producto\/selladora-induccion-para-foil-de-aluminio\/\",\"name\":\"selladora induccion para foil de aluminio - distribuci\u00f3n ARC\",\"isPartOf\":{\"@id\":\"https:\/\/distribucionarc.com\/de\/#website\"},\"primaryImageOfPage\":{\"@id\":\"https:\/\/distribucionarc.com\/lt\/producto\/selladora-induccion-para-foil-de-aluminio\/#primaryimage\"},\"image\":{\"@id\":\"https:\/\/distribucionarc.com\/lt\/producto\/selladora-induccion-para-foil-de-aluminio\/#primaryimage\"},\"thumbnailUrl\":\"https:\/\/distribucionarc.com\/wp-content\/uploads\/2022\/10\/selladora-induccion-para-foil-de-aluminio.jpg\",\"datePublished\":\"2022-10-23T21:25:08+00:00\",\"dateModified\":\"2023-03-30T15:26:19+00:00\",\"breadcrumb\":{\"@id\":\"https:\/\/distribucionarc.com\/lt\/producto\/selladora-induccion-para-foil-de-aluminio\/#breadcrumb\"},\"inLanguage\":\"de\",\"potentialAction\":[{\"@type\":\"ReadAction\",\"target\":[\"https:\/\/distribucionarc.com\/lt\/producto\/selladora-induccion-para-foil-de-aluminio\/\"]}]},{\"@type\":\"ImageObject\",\"inLanguage\":\"de\",\"@id\":\"https:\/\/distribucionarc.com\/lt\/producto\/selladora-induccion-para-foil-de-aluminio\/#primaryimage\",\"url\":\"https:\/\/distribucionarc.com\/wp-content\/uploads\/2022\/10\/selladora-induccion-para-foil-de-aluminio.jpg\",\"contentUrl\":\"https:\/\/distribucionarc.com\/wp-content\/uploads\/2022\/10\/selladora-induccion-para-foil-de-aluminio.jpg\",\"width\":640,\"height\":640},{\"@type\":\"BreadcrumbList\",\"@id\":\"https:\/\/distribucionarc.com\/lt\/producto\/selladora-induccion-para-foil-de-aluminio\/#breadcrumb\",\"itemListElement\":[{\"@type\":\"ListItem\",\"position\":1,\"name\":\"Portada\",\"item\":\"https:\/\/distribucionarc.com\/pl\/\"},{\"@type\":\"ListItem\",\"position\":2,\"name\":\"Produkty\",\"item\":\"https:\/\/distribucionarc.com\/pl\/shop\/\"},{\"@type\":\"ListItem\",\"position\":3,\"name\":\"selladora induccion para foil de aluminio\"}]},{\"@type\":\"WebSite\",\"@id\":\"https:\/\/distribucionarc.com\/de\/#website\",\"url\":\"https:\/\/distribucionarc.com\/de\/\",\"name\":\"distribuci\u00f3n ARC\",\"description\":\"Empresa especializada en la fabricaci\u00f3n y distribuci\u00f3n de maquinaria industrial, selladoras de latas, Maquinas de hacer pastillas, Maquinas de cortar carne...\",\"publisher\":{\"@id\":\"https:\/\/distribucionarc.com\/de\/#organization\"},\"potentialAction\":[{\"@type\":\"SearchAction\",\"target\":{\"@type\":\"EntryPoint\",\"urlTemplate\":\"https:\/\/distribucionarc.com\/de\/?s={search_term_string}\"},\"query-input\":{\"@type\":\"PropertyValueSpecification\",\"valueRequired\":true,\"valueName\":\"search_term_string\"}}],\"inLanguage\":\"de\"},{\"@type\":\"Organization\",\"@id\":\"https:\/\/distribucionarc.com\/de\/#organization\",\"name\":\"Distribuci\u00f3n ARC\",\"url\":\"https:\/\/distribucionarc.com\/de\/\",\"logo\":{\"@type\":\"ImageObject\",\"inLanguage\":\"de\",\"@id\":\"https:\/\/distribucionarc.com\/de\/#\/schema\/logo\/image\/\",\"url\":\"https:\/\/distribucionarc.com\/wp-content\/uploads\/2024\/10\/distribucion-ARC-COLOR-SIN-FONDO-e1732295305345.png\",\"contentUrl\":\"https:\/\/distribucionarc.com\/wp-content\/uploads\/2024\/10\/distribucion-ARC-COLOR-SIN-FONDO-e1732295305345.png\",\"width\":1164,\"height\":558,\"caption\":\"Distribuci\u00f3n ARC\"},\"image\":{\"@id\":\"https:\/\/distribucionarc.com\/de\/#\/schema\/logo\/image\/\"},\"description\":\"Empresa especializada en la fabricaci\u00f3n y distribuci\u00f3n de maquinaria industrial para los sectores alimentario y farmac\u00e9utico. Nos especializamos en: M\u00e1quinas de cortar carne Fabricaci\u00f3n de comprimidos Sistemas de transporte industrial L\u00edneas de embotellado Dosificadores Y mucho m\u00e1s... Ofrecemos soluciones innovadoras y personalizadas para optimizar los procesos productivos de tu empresa.\",\"email\":\"Admistracion@distribucionarc.com\",\"telephone\":\"+34 643496664\",\"legalName\":\"ARC TECH SOLUTIONS\",\"foundingDate\":\"2024-04-09\",\"vatID\":\"B55480172\",\"numberOfEmployees\":{\"@type\":\"QuantitativeValue\",\"minValue\":\"1\",\"maxValue\":\"10\"}}]}<\/script>\n<!-- \/ Yoast SEO Premium plugin. -->","yoast_head_json":{"title":"Induktionsschwei\u00dfger\u00e4t f\u00fcr Aluminiumfolie \u2013 ARC-Verteilung","robots":{"index":"index","follow":"follow","max-snippet":"max-snippet:-1","max-image-preview":"max-image-preview:large","max-video-preview":"max-video-preview:-1"},"canonical":"https:\/\/distribucionarc.com\/de\/produkt-2\/induktionssiegelgerat-fur-aluminiumfolie\/","og_locale":"de_DE","og_type":"article","og_title":"selladora induccion para foil de aluminio","og_url":"https:\/\/distribucionarc.com\/de\/produkt-2\/induktionssiegelgerat-fur-aluminiumfolie\/","og_site_name":"distribuci\u00f3n ARC","article_modified_time":"2023-03-30T15:26:19+00:00","og_image":[{"width":640,"height":640,"url":"https:\/\/distribucionarc.com\/wp-content\/uploads\/2022\/10\/selladora-induccion-para-foil-de-aluminio.jpg","type":"image\/jpeg"}],"twitter_card":"summary_large_image","twitter_misc":{"Gesch\u00e4tzte Lesezeit":"2\u00a0Minuten"},"schema":{"@context":"https:\/\/schema.org","@graph":[{"@type":"WebPage","@id":"https:\/\/distribucionarc.com\/lt\/producto\/selladora-induccion-para-foil-de-aluminio\/","url":"https:\/\/distribucionarc.com\/lt\/producto\/selladora-induccion-para-foil-de-aluminio\/","name":"Induktionsschwei\u00dfger\u00e4t f\u00fcr Aluminiumfolie \u2013 ARC-Verteilung","isPartOf":{"@id":"https:\/\/distribucionarc.com\/de\/#website"},"primaryImageOfPage":{"@id":"https:\/\/distribucionarc.com\/lt\/producto\/selladora-induccion-para-foil-de-aluminio\/#primaryimage"},"image":{"@id":"https:\/\/distribucionarc.com\/lt\/producto\/selladora-induccion-para-foil-de-aluminio\/#primaryimage"},"thumbnailUrl":"https:\/\/distribucionarc.com\/wp-content\/uploads\/2022\/10\/selladora-induccion-para-foil-de-aluminio.jpg","datePublished":"2022-10-23T21:25:08+00:00","dateModified":"2023-03-30T15:26:19+00:00","breadcrumb":{"@id":"https:\/\/distribucionarc.com\/lt\/producto\/selladora-induccion-para-foil-de-aluminio\/#breadcrumb"},"inLanguage":"de","potentialAction":[{"@type":"ReadAction","target":["https:\/\/distribucionarc.com\/lt\/producto\/selladora-induccion-para-foil-de-aluminio\/"]}]},{"@type":"ImageObject","inLanguage":"de","@id":"https:\/\/distribucionarc.com\/lt\/producto\/selladora-induccion-para-foil-de-aluminio\/#primaryimage","url":"https:\/\/distribucionarc.com\/wp-content\/uploads\/2022\/10\/selladora-induccion-para-foil-de-aluminio.jpg","contentUrl":"https:\/\/distribucionarc.com\/wp-content\/uploads\/2022\/10\/selladora-induccion-para-foil-de-aluminio.jpg","width":640,"height":640},{"@type":"BreadcrumbList","@id":"https:\/\/distribucionarc.com\/lt\/producto\/selladora-induccion-para-foil-de-aluminio\/#breadcrumb","itemListElement":[{"@type":"ListItem","position":1,"name":"Portada","item":"https:\/\/distribucionarc.com\/pl\/"},{"@type":"ListItem","position":2,"name":"Produkty","item":"https:\/\/distribucionarc.com\/pl\/shop\/"},{"@type":"ListItem","position":3,"name":"selladora induccion para foil de aluminio"}]},{"@type":"WebSite","@id":"https:\/\/distribucionarc.com\/de\/#website","url":"https:\/\/distribucionarc.com\/de\/","name":"ARC-Verteilung","description":"Das Unternehmen ist auf die Herstellung und den Vertrieb von Industriemaschinen, Dosenverschlie\u00dfmaschinen, Tablettenmaschinen, Fleischschneidemaschinen...","publisher":{"@id":"https:\/\/distribucionarc.com\/de\/#organization"},"potentialAction":[{"@type":"SearchAction","target":{"@type":"EntryPoint","urlTemplate":"https:\/\/distribucionarc.com\/de\/?s={search_term_string}"},"query-input":{"@type":"PropertyValueSpecification","valueRequired":true,"valueName":"search_term_string"}}],"inLanguage":"de"},{"@type":"Organization","@id":"https:\/\/distribucionarc.com\/de\/#organization","name":"ARC-Verteilung","url":"https:\/\/distribucionarc.com\/de\/","logo":{"@type":"ImageObject","inLanguage":"de","@id":"https:\/\/distribucionarc.com\/de\/#\/schema\/logo\/image\/","url":"https:\/\/distribucionarc.com\/wp-content\/uploads\/2024\/10\/distribucion-ARC-COLOR-SIN-FONDO-e1732295305345.png","contentUrl":"https:\/\/distribucionarc.com\/wp-content\/uploads\/2024\/10\/distribucion-ARC-COLOR-SIN-FONDO-e1732295305345.png","width":1164,"height":558,"caption":"Distribuci\u00f3n ARC"},"image":{"@id":"https:\/\/distribucionarc.com\/de\/#\/schema\/logo\/image\/"},"description":"Unternehmen, das auf die Herstellung und den Vertrieb von Industriemaschinen f\u00fcr den Lebensmittel- und Pharmasektor spezialisiert ist. Wir sind spezialisiert auf: Fleischschneidemaschinen Tablettenherstellung Industrielle F\u00f6rdersysteme Abf\u00fcllanlagen Dispenser Und vieles mehr... Wir bieten innovative und ma\u00dfgeschneiderte L\u00f6sungen zur Optimierung der Produktionsprozesse in Ihrem Unternehmen.","email":"Admistracion@distribucionarc.com","telephone":"+34 643496664","legalName":"ARC TECH SOLUTIONS","foundingDate":"2024-04-09","vatID":"B55480172","numberOfEmployees":{"@type":"QuantitativeValue","minValue":"1","maxValue":"10"}}]}},"_links":{"self":[{"href":"https:\/\/distribucionarc.com\/de\/wp-json\/wp\/v2\/product\/4877","targetHints":{"allow":["GET"]}}],"collection":[{"href":"https:\/\/distribucionarc.com\/de\/wp-json\/wp\/v2\/product"}],"about":[{"href":"https:\/\/distribucionarc.com\/de\/wp-json\/wp\/v2\/types\/product"}],"replies":[{"embeddable":true,"href":"https:\/\/distribucionarc.com\/de\/wp-json\/wp\/v2\/comments?post=4877"}],"version-history":[{"count":0,"href":"https:\/\/distribucionarc.com\/de\/wp-json\/wp\/v2\/product\/4877\/revisions"}],"wp:featuredmedia":[{"embeddable":true,"href":"https:\/\/distribucionarc.com\/de\/wp-json\/wp\/v2\/media\/4885"}],"wp:attachment":[{"href":"https:\/\/distribucionarc.com\/de\/wp-json\/wp\/v2\/media?parent=4877"}],"wp:term":[{"taxonomy":"product_brand","embeddable":true,"href":"https:\/\/distribucionarc.com\/de\/wp-json\/wp\/v2\/product_brand?post=4877"},{"taxonomy":"product_cat","embeddable":true,"href":"https:\/\/distribucionarc.com\/de\/wp-json\/wp\/v2\/product_cat?post=4877"},{"taxonomy":"product_tag","embeddable":true,"href":"https:\/\/distribucionarc.com\/de\/wp-json\/wp\/v2\/product_tag?post=4877"}],"curies":[{"name":"wp","href":"https:\/\/api.w.org\/{rel}","templated":true}]}}