{"id":5705,"date":"2023-05-11T15:04:22","date_gmt":"2023-05-11T15:04:22","guid":{"rendered":"https:\/\/distribucionarc.com\/?post_type=product&#038;p=5705"},"modified":"2024-10-05T03:48:21","modified_gmt":"2024-10-05T03:48:21","slug":"hochwertiger-professioneller-frischfleischwolf","status":"publish","type":"product","link":"https:\/\/distribucionarc.com\/de\/producto\/picadora-profesional-de-carne-fresca-de-alta-calidad\/","title":{"rendered":"Hochwertiger professioneller Frischfleischwolf"},"content":{"rendered":"<h2>Professioneller Fleischwolf mit 400 kg\/h<\/h2>\n<p><a href=\"https:\/\/distribucionarc.com\/wp-content\/uploads\/2023\/05\/picadora-profesional-de-carne.jpg\"><img loading=\"lazy\" decoding=\"async\" class=\"alignnone size-medium wp-image-5707\" src=\"https:\/\/distribucionarc.com\/wp-content\/uploads\/2023\/05\/picadora-profesional-de-carne-300x300.jpg\" alt=\"\" width=\"300\" height=\"300\" srcset=\"https:\/\/distribucionarc.com\/wp-content\/uploads\/2023\/05\/picadora-profesional-de-carne-300x300.jpg 300w, https:\/\/distribucionarc.com\/wp-content\/uploads\/2023\/05\/picadora-profesional-de-carne-430x430.jpg 430w, https:\/\/distribucionarc.com\/wp-content\/uploads\/2023\/05\/picadora-profesional-de-carne-150x150.jpg 150w, https:\/\/distribucionarc.com\/wp-content\/uploads\/2023\/05\/picadora-profesional-de-carne-700x700.jpg 700w, https:\/\/distribucionarc.com\/wp-content\/uploads\/2023\/05\/picadora-profesional-de-carne-768x768.jpg 768w, https:\/\/distribucionarc.com\/wp-content\/uploads\/2023\/05\/picadora-profesional-de-carne-12x12.jpg 12w, https:\/\/distribucionarc.com\/wp-content\/uploads\/2023\/05\/picadora-profesional-de-carne-48x48.jpg 48w, https:\/\/distribucionarc.com\/wp-content\/uploads\/2023\/05\/picadora-profesional-de-carne.jpg 1000w\" sizes=\"auto, (max-width: 300px) 100vw, 300px\" \/><\/a><a href=\"https:\/\/distribucionarc.com\/wp-content\/uploads\/2023\/05\/picadora-profesional.webp\"><img loading=\"lazy\" decoding=\"async\" class=\"alignnone size-medium wp-image-5709\" src=\"https:\/\/distribucionarc.com\/wp-content\/uploads\/2023\/05\/picadora-profesional-196x300.webp\" alt=\"\" width=\"196\" height=\"300\" srcset=\"https:\/\/distribucionarc.com\/wp-content\/uploads\/2023\/05\/picadora-profesional-196x300.webp 196w, https:\/\/distribucionarc.com\/wp-content\/uploads\/2023\/05\/picadora-profesional-430x660.webp 430w, https:\/\/distribucionarc.com\/wp-content\/uploads\/2023\/05\/picadora-profesional-150x230.webp 150w, https:\/\/distribucionarc.com\/wp-content\/uploads\/2023\/05\/picadora-profesional-600x920.webp 600w, https:\/\/distribucionarc.com\/wp-content\/uploads\/2023\/05\/picadora-profesional-8x12.webp 8w, https:\/\/distribucionarc.com\/wp-content\/uploads\/2023\/05\/picadora-profesional-48x74.webp 48w, https:\/\/distribucionarc.com\/wp-content\/uploads\/2023\/05\/picadora-profesional.webp 652w\" sizes=\"auto, (max-width: 196px) 100vw, 196px\" \/><\/a><\/p>\n<p>Das <strong>professioneller Fleischwolf<\/strong> Es hat eine Kapazit\u00e4t von 400 kg und eine Umdrehung pro Minute von 1400. Es ist mit einem gek\u00fchlten F\u00fcll- und Schneckenwellenabschnitt und einem Handschutz ausgestattet, um einen sicheren Betrieb zu gew\u00e4hrleisten. Es besteht aus Edelstahl und hat eine Leistung von 1,5 kW. Seine Au\u00dfenma\u00dfe betragen 670 x 340 x 545 mm und er ist leicht zu reinigen. Es wird mit einem Kunststoffkolben, einer Edelstahlklinge und einer 4-mm-Lochscheibe geliefert. Es wird empfohlen, die K\u00fchlung mindestens 30 Minuten vor der Verarbeitung des Fleisches zu aktivieren.<\/p>\n<p><a href=\"https:\/\/distribucionarc.com\/wp-content\/uploads\/2023\/05\/picadora-carne-accesorio.webp\"><img loading=\"lazy\" decoding=\"async\" class=\"alignnone size-medium wp-image-5710\" src=\"https:\/\/distribucionarc.com\/wp-content\/uploads\/2023\/05\/picadora-carne-accesorio-300x191.webp\" alt=\"\" width=\"300\" height=\"191\" srcset=\"https:\/\/distribucionarc.com\/wp-content\/uploads\/2023\/05\/picadora-carne-accesorio-300x191.webp 300w, https:\/\/distribucionarc.com\/wp-content\/uploads\/2023\/05\/picadora-carne-accesorio-430x273.webp 430w, https:\/\/distribucionarc.com\/wp-content\/uploads\/2023\/05\/picadora-carne-accesorio-150x95.webp 150w, https:\/\/distribucionarc.com\/wp-content\/uploads\/2023\/05\/picadora-carne-accesorio-700x445.webp 700w, https:\/\/distribucionarc.com\/wp-content\/uploads\/2023\/05\/picadora-carne-accesorio-768x488.webp 768w, https:\/\/distribucionarc.com\/wp-content\/uploads\/2023\/05\/picadora-carne-accesorio-18x12.webp 18w, https:\/\/distribucionarc.com\/wp-content\/uploads\/2023\/05\/picadora-carne-accesorio-48x31.webp 48w, https:\/\/distribucionarc.com\/wp-content\/uploads\/2023\/05\/picadora-carne-accesorio.webp 914w\" sizes=\"auto, (max-width: 300px) 100vw, 300px\" \/><\/a> <a href=\"https:\/\/distribucionarc.com\/wp-content\/uploads\/2023\/05\/picadora-carne-profesional.webp\"><img loading=\"lazy\" decoding=\"async\" class=\"alignnone size-medium wp-image-5711\" src=\"https:\/\/distribucionarc.com\/wp-content\/uploads\/2023\/05\/picadora-carne-profesional-300x300.webp\" alt=\"\" width=\"300\" height=\"300\" srcset=\"https:\/\/distribucionarc.com\/wp-content\/uploads\/2023\/05\/picadora-carne-profesional-300x300.webp 300w, https:\/\/distribucionarc.com\/wp-content\/uploads\/2023\/05\/picadora-carne-profesional-430x430.webp 430w, https:\/\/distribucionarc.com\/wp-content\/uploads\/2023\/05\/picadora-carne-profesional-150x150.webp 150w, https:\/\/distribucionarc.com\/wp-content\/uploads\/2023\/05\/picadora-carne-profesional-700x700.webp 700w, https:\/\/distribucionarc.com\/wp-content\/uploads\/2023\/05\/picadora-carne-profesional-768x768.webp 768w, https:\/\/distribucionarc.com\/wp-content\/uploads\/2023\/05\/picadora-carne-profesional-12x12.webp 12w, https:\/\/distribucionarc.com\/wp-content\/uploads\/2023\/05\/picadora-carne-profesional-48x48.webp 48w, https:\/\/distribucionarc.com\/wp-content\/uploads\/2023\/05\/picadora-carne-profesional.webp 1000w\" sizes=\"auto, (max-width: 300px) 100vw, 300px\" \/><\/a><a href=\"https:\/\/distribucionarc.com\/wp-content\/uploads\/2023\/05\/picadora-control.jpg\"><img loading=\"lazy\" decoding=\"async\" class=\"alignnone size-medium wp-image-5712\" src=\"https:\/\/distribucionarc.com\/wp-content\/uploads\/2023\/05\/picadora-control-300x300.jpg\" alt=\"\" width=\"300\" height=\"300\" srcset=\"https:\/\/distribucionarc.com\/wp-content\/uploads\/2023\/05\/picadora-control-300x300.jpg 300w, https:\/\/distribucionarc.com\/wp-content\/uploads\/2023\/05\/picadora-control-430x430.jpg 430w, https:\/\/distribucionarc.com\/wp-content\/uploads\/2023\/05\/picadora-control-150x150.jpg 150w, https:\/\/distribucionarc.com\/wp-content\/uploads\/2023\/05\/picadora-control-700x700.jpg 700w, https:\/\/distribucionarc.com\/wp-content\/uploads\/2023\/05\/picadora-control-768x768.jpg 768w, https:\/\/distribucionarc.com\/wp-content\/uploads\/2023\/05\/picadora-control-12x12.jpg 12w, https:\/\/distribucionarc.com\/wp-content\/uploads\/2023\/05\/picadora-control-48x48.jpg 48w, https:\/\/distribucionarc.com\/wp-content\/uploads\/2023\/05\/picadora-control.jpg 1000w\" sizes=\"auto, (max-width: 300px) 100vw, 300px\" \/><\/a><\/p>\n<p>Technische Spezifikationen <strong>AR00928<\/strong><\/p>\n<ul>\n<li>Breite: 670 mm<\/li>\n<li>Tiefe: 340 mm<\/li>\n<li>H\u00f6he: 545 mm<\/li>\n<li>Leistung: 1,5 kW<\/li>\n<li>Spannung: 230 Volt<\/li>\n<li>Frequenz: 50 Hz<\/li>\n<li>K\u00e4ltemittel: R290<\/li>\n<li>Ger\u00e4tetyp: Fleischwolf<\/li>\n<li>Kapazit\u00e4t: 400 kg\/h<\/li>\n<li>Umdrehungen pro Minute: 1400 U\/min<\/li>\n<li>Volumen: 0,10 m\u00b3<\/li>\n<li>Gewicht 64kg<\/li>\n<\/ul>\n<h3>600 kg\/h elektrischer Fleischwolf<\/h3>\n<p>Der <strong>elektrischer Fleischwolf<\/strong> Es handelt sich um eine widerstandsf\u00e4hige und hochwertige Maschine aus Edelstahl mit einer Kapazit\u00e4t von 600 kg. Es verf\u00fcgt \u00fcber einen Fleischbeh\u00e4lter mit K\u00fchlung, einen Handschutz f\u00fcr eine sichere Bedienung und eine integrierte K\u00fchlung zur Reduzierung der Bakterienzahl. Wird mit Kunststoffkolben, Edelstahlklinge und 4-mm-Lochscheibe geliefert. Es ist leicht zu reinigen und es wird empfohlen, die K\u00fchlung mindestens 30 Minuten vor der Verarbeitung des Fleisches zu aktivieren. Die Leistung des Fleischwolfs betr\u00e4gt 2,2 kW und seine Au\u00dfenma\u00dfe betragen 645 x 340 x 575 mm.<\/p>\n<p><a href=\"https:\/\/distribucionarc.com\/wp-content\/uploads\/2023\/05\/picadora-electrica-de-carne.jpg\"><img loading=\"lazy\" decoding=\"async\" class=\"alignnone size-medium wp-image-5713\" src=\"https:\/\/distribucionarc.com\/wp-content\/uploads\/2023\/05\/picadora-electrica-de-carne-300x300.jpg\" alt=\"\" width=\"300\" height=\"300\" srcset=\"https:\/\/distribucionarc.com\/wp-content\/uploads\/2023\/05\/picadora-electrica-de-carne-300x300.jpg 300w, https:\/\/distribucionarc.com\/wp-content\/uploads\/2023\/05\/picadora-electrica-de-carne-430x430.jpg 430w, https:\/\/distribucionarc.com\/wp-content\/uploads\/2023\/05\/picadora-electrica-de-carne-150x150.jpg 150w, https:\/\/distribucionarc.com\/wp-content\/uploads\/2023\/05\/picadora-electrica-de-carne-700x700.jpg 700w, https:\/\/distribucionarc.com\/wp-content\/uploads\/2023\/05\/picadora-electrica-de-carne-768x768.jpg 768w, https:\/\/distribucionarc.com\/wp-content\/uploads\/2023\/05\/picadora-electrica-de-carne-12x12.jpg 12w, https:\/\/distribucionarc.com\/wp-content\/uploads\/2023\/05\/picadora-electrica-de-carne-48x48.jpg 48w, https:\/\/distribucionarc.com\/wp-content\/uploads\/2023\/05\/picadora-electrica-de-carne.jpg 1000w\" sizes=\"auto, (max-width: 300px) 100vw, 300px\" \/><\/a><a href=\"https:\/\/distribucionarc.com\/wp-content\/uploads\/2023\/05\/picadora-electrica-interior.webp\"><img loading=\"lazy\" decoding=\"async\" class=\"alignnone size-medium wp-image-5714\" src=\"https:\/\/distribucionarc.com\/wp-content\/uploads\/2023\/05\/picadora-electrica-interior-300x300.webp\" alt=\"\" width=\"300\" height=\"300\" srcset=\"https:\/\/distribucionarc.com\/wp-content\/uploads\/2023\/05\/picadora-electrica-interior-300x300.webp 300w, https:\/\/distribucionarc.com\/wp-content\/uploads\/2023\/05\/picadora-electrica-interior-430x430.webp 430w, https:\/\/distribucionarc.com\/wp-content\/uploads\/2023\/05\/picadora-electrica-interior-150x150.webp 150w, https:\/\/distribucionarc.com\/wp-content\/uploads\/2023\/05\/picadora-electrica-interior-700x700.webp 700w, https:\/\/distribucionarc.com\/wp-content\/uploads\/2023\/05\/picadora-electrica-interior-768x768.webp 768w, https:\/\/distribucionarc.com\/wp-content\/uploads\/2023\/05\/picadora-electrica-interior-12x12.webp 12w, https:\/\/distribucionarc.com\/wp-content\/uploads\/2023\/05\/picadora-electrica-interior-48x48.webp 48w, https:\/\/distribucionarc.com\/wp-content\/uploads\/2023\/05\/picadora-electrica-interior.webp 1000w\" sizes=\"auto, (max-width: 300px) 100vw, 300px\" \/><\/a><a href=\"https:\/\/distribucionarc.com\/wp-content\/uploads\/2023\/05\/picadora-de-carne-vista.webp\"><img loading=\"lazy\" decoding=\"async\" class=\"alignnone size-medium wp-image-5715\" src=\"https:\/\/distribucionarc.com\/wp-content\/uploads\/2023\/05\/picadora-de-carne-vista-184x300.webp\" alt=\"\" width=\"184\" height=\"300\" srcset=\"https:\/\/distribucionarc.com\/wp-content\/uploads\/2023\/05\/picadora-de-carne-vista-184x300.webp 184w, https:\/\/distribucionarc.com\/wp-content\/uploads\/2023\/05\/picadora-de-carne-vista-430x700.webp 430w, https:\/\/distribucionarc.com\/wp-content\/uploads\/2023\/05\/picadora-de-carne-vista-150x244.webp 150w, https:\/\/distribucionarc.com\/wp-content\/uploads\/2023\/05\/picadora-de-carne-vista-600x977.webp 600w, https:\/\/distribucionarc.com\/wp-content\/uploads\/2023\/05\/picadora-de-carne-vista-7x12.webp 7w, https:\/\/distribucionarc.com\/wp-content\/uploads\/2023\/05\/picadora-de-carne-vista-48x78.webp 48w, https:\/\/distribucionarc.com\/wp-content\/uploads\/2023\/05\/picadora-de-carne-vista.webp 614w\" sizes=\"auto, (max-width: 184px) 100vw, 184px\" \/><\/a><\/p>\n<p>Technische Spezifikationen <strong>AR00929<\/strong><\/p>\n<ul>\n<li>Breite: 645 mm<\/li>\n<li>Tiefe: 340 mm<\/li>\n<li>H\u00f6he: 575 mm<\/li>\n<li>Ger\u00e4tetyp: Fleischwolf<\/li>\n<li>Kapazit\u00e4t: 600 kg\/h<\/li>\n<li>Umdrehungen pro Minute: 1400 U\/min<\/li>\n<li>Volumen: 0,12 m\u00b3<\/li>\n<li>Leistung: 2200 Watt<\/li>\n<li>Spannung: 230V<\/li>\n<li>Frequenz: 50 Hz<\/li>\n<li>Gewicht 67kg<\/li>\n<\/ul>\n<p>&nbsp;<\/p>","protected":false},"excerpt":{"rendered":"<p>Der <strong>Fleischwolf<\/strong> Es handelt sich um Maschinen zum Zerkleinern und Zerkleinern von Fleisch. Diese Maschinen werden h\u00e4ufig in der Lebensmittel- und Fleischverarbeitungsindustrie zur Zubereitung verschiedener Hackfleischsorten eingesetzt. Sie sind in verschiedenen Gr\u00f6\u00dfen und Kapazit\u00e4ten erh\u00e4ltlich, um den Produktionsanforderungen gerecht zu werden, und k\u00f6nnen mit verschiedenen Arten von Klingen und Schneidplatten ausgestattet werden, um unterschiedliche Hackfleischtexturen zu erzielen. Fleischw\u00f6lfe k\u00f6nnen auch f\u00fcr die Verarbeitung anderer Arten von Lebensmitteln wie Obst und Gem\u00fcse zu P\u00fcrees und So\u00dfen konzipiert werden.<\/p>","protected":false},"featured_media":5709,"comment_status":"open","ping_status":"closed","template":"","meta":{"wds_primary_product_brand":0,"wds_primary_product_cat":0},"product_brand":[],"product_cat":[120],"product_tag":[],"class_list":{"0":"post-5705","1":"product","2":"type-product","3":"status-publish","4":"has-post-thumbnail","6":"product_cat-picadoras-carne","7":"product_shipping_class-express","9":"first","10":"instock","11":"taxable","12":"shipping-taxable","13":"purchasable","14":"product-type-simple"},"yoast_head":"<!-- This site is optimized with the Yoast SEO Premium plugin v24.9 (Yoast SEO v26.1) - https:\/\/yoast.com\/wordpress\/plugins\/seo\/ -->\n<title>Picadora profesional de carne fresca de alta calidad - distribuci\u00f3n ARC<\/title>\n<meta name=\"robots\" content=\"index, follow, max-snippet:-1, max-image-preview:large, max-video-preview:-1\" \/>\n<link rel=\"canonical\" href=\"https:\/\/distribucionarc.com\/de\/produkt-2\/hochwertiger-professioneller-frischfleischwolf\/\" \/>\n<meta property=\"og:locale\" content=\"de_DE\" \/>\n<meta property=\"og:type\" content=\"article\" \/>\n<meta property=\"og:title\" content=\"Picadora profesional de carne fresca de alta calidad\" \/>\n<meta property=\"og:description\" content=\"Las picadoras de carne son m\u00e1quinas dise\u00f1adas para moler y triturar carne. Estas m\u00e1quinas se utilizan com\u00fanmente en la industria alimentaria y de procesamiento de carne para preparar diferentes tipos de carne molida. Vienen en una variedad de tama\u00f1os y capacidades para adaptarse a las necesidades de producci\u00f3n, y pueden estar equipadas con diferentes tipos de cuchillas y platos de corte para lograr diferentes texturas de carne molida. Las picadoras de carne tambi\u00e9n pueden estar dise\u00f1adas para procesar otros tipos de alimentos, como frutas y verduras, para crear pur\u00e9s y salsas.\" \/>\n<meta property=\"og:url\" content=\"https:\/\/distribucionarc.com\/de\/produkt-2\/hochwertiger-professioneller-frischfleischwolf\/\" \/>\n<meta property=\"og:site_name\" content=\"distribuci\u00f3n ARC\" \/>\n<meta property=\"article:modified_time\" content=\"2024-10-05T03:48:21+00:00\" \/>\n<meta property=\"og:image\" content=\"https:\/\/distribucionarc.com\/wp-content\/uploads\/2023\/05\/picadora-profesional.webp\" \/>\n\t<meta property=\"og:image:width\" content=\"652\" \/>\n\t<meta property=\"og:image:height\" content=\"1000\" \/>\n\t<meta property=\"og:image:type\" content=\"image\/webp\" \/>\n<meta name=\"twitter:card\" content=\"summary_large_image\" \/>\n<meta name=\"twitter:label1\" content=\"Gesch\u00e4tzte Lesezeit\" \/>\n\t<meta name=\"twitter:data1\" content=\"4\u00a0Minuten\" \/>\n<script type=\"application\/ld+json\" class=\"yoast-schema-graph\">{\"@context\":\"https:\/\/schema.org\",\"@graph\":[{\"@type\":\"WebPage\",\"@id\":\"https:\/\/distribucionarc.com\/ar\/producto\/picadora-profesional-de-carne-fresca-de-alta-calidad\/\",\"url\":\"https:\/\/distribucionarc.com\/ar\/producto\/picadora-profesional-de-carne-fresca-de-alta-calidad\/\",\"name\":\"Picadora profesional de carne fresca de alta calidad - distribuci\u00f3n ARC\",\"isPartOf\":{\"@id\":\"https:\/\/www.distribucionarc.com\/sl\/#website\"},\"primaryImageOfPage\":{\"@id\":\"https:\/\/distribucionarc.com\/ar\/producto\/picadora-profesional-de-carne-fresca-de-alta-calidad\/#primaryimage\"},\"image\":{\"@id\":\"https:\/\/distribucionarc.com\/ar\/producto\/picadora-profesional-de-carne-fresca-de-alta-calidad\/#primaryimage\"},\"thumbnailUrl\":\"https:\/\/distribucionarc.com\/wp-content\/uploads\/2023\/05\/picadora-profesional.webp\",\"datePublished\":\"2023-05-11T15:04:22+00:00\",\"dateModified\":\"2024-10-05T03:48:21+00:00\",\"breadcrumb\":{\"@id\":\"https:\/\/distribucionarc.com\/ar\/producto\/picadora-profesional-de-carne-fresca-de-alta-calidad\/#breadcrumb\"},\"inLanguage\":\"de\",\"potentialAction\":[{\"@type\":\"ReadAction\",\"target\":[\"https:\/\/distribucionarc.com\/ar\/producto\/picadora-profesional-de-carne-fresca-de-alta-calidad\/\"]}]},{\"@type\":\"ImageObject\",\"inLanguage\":\"de\",\"@id\":\"https:\/\/distribucionarc.com\/ar\/producto\/picadora-profesional-de-carne-fresca-de-alta-calidad\/#primaryimage\",\"url\":\"https:\/\/distribucionarc.com\/wp-content\/uploads\/2023\/05\/picadora-profesional.webp\",\"contentUrl\":\"https:\/\/distribucionarc.com\/wp-content\/uploads\/2023\/05\/picadora-profesional.webp\",\"width\":652,\"height\":1000},{\"@type\":\"BreadcrumbList\",\"@id\":\"https:\/\/distribucionarc.com\/ar\/producto\/picadora-profesional-de-carne-fresca-de-alta-calidad\/#breadcrumb\",\"itemListElement\":[{\"@type\":\"ListItem\",\"position\":1,\"name\":\"Portada\",\"item\":\"https:\/\/www.distribucionarc.com\/\"},{\"@type\":\"ListItem\",\"position\":2,\"name\":\"\u00dcr\u00fcnler\",\"item\":\"https:\/\/www.distribucionarc.com\/tr\/magaza\/\"},{\"@type\":\"ListItem\",\"position\":3,\"name\":\"Picadora profesional de carne fresca de alta calidad\"}]},{\"@type\":\"WebSite\",\"@id\":\"https:\/\/www.distribucionarc.com\/sl\/#website\",\"url\":\"https:\/\/www.distribucionarc.com\/sl\/\",\"name\":\"distribuci\u00f3n ARC\",\"description\":\"Empresa especializada en la fabricaci\u00f3n y distribuci\u00f3n de maquinaria industrial, selladoras de latas, Maquinas de hacer pastillas, Maquinas de cortar carne...\",\"publisher\":{\"@id\":\"https:\/\/www.distribucionarc.com\/sl\/#organization\"},\"potentialAction\":[{\"@type\":\"SearchAction\",\"target\":{\"@type\":\"EntryPoint\",\"urlTemplate\":\"https:\/\/www.distribucionarc.com\/sl\/?s={search_term_string}\"},\"query-input\":{\"@type\":\"PropertyValueSpecification\",\"valueRequired\":true,\"valueName\":\"search_term_string\"}}],\"inLanguage\":\"de\"},{\"@type\":\"Organization\",\"@id\":\"https:\/\/www.distribucionarc.com\/sl\/#organization\",\"name\":\"Distribuci\u00f3n ARC\",\"url\":\"https:\/\/www.distribucionarc.com\/sl\/\",\"logo\":{\"@type\":\"ImageObject\",\"inLanguage\":\"de\",\"@id\":\"https:\/\/www.distribucionarc.com\/sl\/#\/schema\/logo\/image\/\",\"url\":\"https:\/\/distribucionarc.com\/wp-content\/uploads\/2024\/10\/distribucion-ARC-COLOR-SIN-FONDO-e1732295305345.png\",\"contentUrl\":\"https:\/\/distribucionarc.com\/wp-content\/uploads\/2024\/10\/distribucion-ARC-COLOR-SIN-FONDO-e1732295305345.png\",\"width\":1164,\"height\":558,\"caption\":\"Distribuci\u00f3n ARC\"},\"image\":{\"@id\":\"https:\/\/www.distribucionarc.com\/sl\/#\/schema\/logo\/image\/\"},\"description\":\"Empresa especializada en la fabricaci\u00f3n y distribuci\u00f3n de maquinaria industrial para los sectores alimentario y farmac\u00e9utico. Nos especializamos en: M\u00e1quinas de cortar carne Fabricaci\u00f3n de comprimidos Sistemas de transporte industrial L\u00edneas de embotellado Dosificadores Y mucho m\u00e1s... Ofrecemos soluciones innovadoras y personalizadas para optimizar los procesos productivos de tu empresa.\",\"email\":\"Admistracion@distribucionarc.com\",\"telephone\":\"+34 643496664\",\"legalName\":\"ARC TECH SOLUTIONS\",\"foundingDate\":\"2024-04-09\",\"vatID\":\"B55480172\",\"numberOfEmployees\":{\"@type\":\"QuantitativeValue\",\"minValue\":\"1\",\"maxValue\":\"10\"}}]}<\/script>\n<!-- \/ Yoast SEO Premium plugin. -->","yoast_head_json":{"title":"Hochwertiger professioneller Frischfleischwolf \u2013 ARC Distribution","robots":{"index":"index","follow":"follow","max-snippet":"max-snippet:-1","max-image-preview":"max-image-preview:large","max-video-preview":"max-video-preview:-1"},"canonical":"https:\/\/distribucionarc.com\/de\/produkt-2\/hochwertiger-professioneller-frischfleischwolf\/","og_locale":"de_DE","og_type":"article","og_title":"Picadora profesional de carne fresca de alta calidad","og_description":"Las picadoras de carne son m\u00e1quinas dise\u00f1adas para moler y triturar carne. Estas m\u00e1quinas se utilizan com\u00fanmente en la industria alimentaria y de procesamiento de carne para preparar diferentes tipos de carne molida. Vienen en una variedad de tama\u00f1os y capacidades para adaptarse a las necesidades de producci\u00f3n, y pueden estar equipadas con diferentes tipos de cuchillas y platos de corte para lograr diferentes texturas de carne molida. Las picadoras de carne tambi\u00e9n pueden estar dise\u00f1adas para procesar otros tipos de alimentos, como frutas y verduras, para crear pur\u00e9s y salsas.","og_url":"https:\/\/distribucionarc.com\/de\/produkt-2\/hochwertiger-professioneller-frischfleischwolf\/","og_site_name":"distribuci\u00f3n ARC","article_modified_time":"2024-10-05T03:48:21+00:00","og_image":[{"width":652,"height":1000,"url":"https:\/\/distribucionarc.com\/wp-content\/uploads\/2023\/05\/picadora-profesional.webp","type":"image\/webp"}],"twitter_card":"summary_large_image","twitter_misc":{"Gesch\u00e4tzte Lesezeit":"4\u00a0Minuten"},"schema":{"@context":"https:\/\/schema.org","@graph":[{"@type":"WebPage","@id":"https:\/\/distribucionarc.com\/ar\/producto\/picadora-profesional-de-carne-fresca-de-alta-calidad\/","url":"https:\/\/distribucionarc.com\/ar\/producto\/picadora-profesional-de-carne-fresca-de-alta-calidad\/","name":"Hochwertiger professioneller Frischfleischwolf \u2013 ARC Distribution","isPartOf":{"@id":"https:\/\/www.distribucionarc.com\/sl\/#website"},"primaryImageOfPage":{"@id":"https:\/\/distribucionarc.com\/ar\/producto\/picadora-profesional-de-carne-fresca-de-alta-calidad\/#primaryimage"},"image":{"@id":"https:\/\/distribucionarc.com\/ar\/producto\/picadora-profesional-de-carne-fresca-de-alta-calidad\/#primaryimage"},"thumbnailUrl":"https:\/\/distribucionarc.com\/wp-content\/uploads\/2023\/05\/picadora-profesional.webp","datePublished":"2023-05-11T15:04:22+00:00","dateModified":"2024-10-05T03:48:21+00:00","breadcrumb":{"@id":"https:\/\/distribucionarc.com\/ar\/producto\/picadora-profesional-de-carne-fresca-de-alta-calidad\/#breadcrumb"},"inLanguage":"de","potentialAction":[{"@type":"ReadAction","target":["https:\/\/distribucionarc.com\/ar\/producto\/picadora-profesional-de-carne-fresca-de-alta-calidad\/"]}]},{"@type":"ImageObject","inLanguage":"de","@id":"https:\/\/distribucionarc.com\/ar\/producto\/picadora-profesional-de-carne-fresca-de-alta-calidad\/#primaryimage","url":"https:\/\/distribucionarc.com\/wp-content\/uploads\/2023\/05\/picadora-profesional.webp","contentUrl":"https:\/\/distribucionarc.com\/wp-content\/uploads\/2023\/05\/picadora-profesional.webp","width":652,"height":1000},{"@type":"BreadcrumbList","@id":"https:\/\/distribucionarc.com\/ar\/producto\/picadora-profesional-de-carne-fresca-de-alta-calidad\/#breadcrumb","itemListElement":[{"@type":"ListItem","position":1,"name":"Portada","item":"https:\/\/www.distribucionarc.com\/"},{"@type":"ListItem","position":2,"name":"\u00dcr\u00fcnler","item":"https:\/\/www.distribucionarc.com\/tr\/magaza\/"},{"@type":"ListItem","position":3,"name":"Picadora profesional de carne fresca de alta calidad"}]},{"@type":"WebSite","@id":"https:\/\/www.distribucionarc.com\/sl\/#website","url":"https:\/\/www.distribucionarc.com\/sl\/","name":"ARC-Verteilung","description":"Das Unternehmen ist auf die Herstellung und den Vertrieb von Industriemaschinen, Dosenverschlie\u00dfmaschinen, Tablettenmaschinen, Fleischschneidemaschinen...","publisher":{"@id":"https:\/\/www.distribucionarc.com\/sl\/#organization"},"potentialAction":[{"@type":"SearchAction","target":{"@type":"EntryPoint","urlTemplate":"https:\/\/www.distribucionarc.com\/sl\/?s={search_term_string}"},"query-input":{"@type":"PropertyValueSpecification","valueRequired":true,"valueName":"search_term_string"}}],"inLanguage":"de"},{"@type":"Organization","@id":"https:\/\/www.distribucionarc.com\/sl\/#organization","name":"ARC-Verteilung","url":"https:\/\/www.distribucionarc.com\/sl\/","logo":{"@type":"ImageObject","inLanguage":"de","@id":"https:\/\/www.distribucionarc.com\/sl\/#\/schema\/logo\/image\/","url":"https:\/\/distribucionarc.com\/wp-content\/uploads\/2024\/10\/distribucion-ARC-COLOR-SIN-FONDO-e1732295305345.png","contentUrl":"https:\/\/distribucionarc.com\/wp-content\/uploads\/2024\/10\/distribucion-ARC-COLOR-SIN-FONDO-e1732295305345.png","width":1164,"height":558,"caption":"Distribuci\u00f3n ARC"},"image":{"@id":"https:\/\/www.distribucionarc.com\/sl\/#\/schema\/logo\/image\/"},"description":"Unternehmen, das auf die Herstellung und den Vertrieb von Industriemaschinen f\u00fcr den Lebensmittel- und Pharmasektor spezialisiert ist. Wir sind spezialisiert auf: Fleischschneidemaschinen Tablettenherstellung Industrielle F\u00f6rdersysteme Abf\u00fcllanlagen Dispenser Und vieles mehr... Wir bieten innovative und ma\u00dfgeschneiderte L\u00f6sungen zur Optimierung der Produktionsprozesse in Ihrem Unternehmen.","email":"Admistracion@distribucionarc.com","telephone":"+34 643496664","legalName":"ARC TECH SOLUTIONS","foundingDate":"2024-04-09","vatID":"B55480172","numberOfEmployees":{"@type":"QuantitativeValue","minValue":"1","maxValue":"10"}}]}},"_links":{"self":[{"href":"https:\/\/distribucionarc.com\/de\/wp-json\/wp\/v2\/product\/5705","targetHints":{"allow":["GET"]}}],"collection":[{"href":"https:\/\/distribucionarc.com\/de\/wp-json\/wp\/v2\/product"}],"about":[{"href":"https:\/\/distribucionarc.com\/de\/wp-json\/wp\/v2\/types\/product"}],"replies":[{"embeddable":true,"href":"https:\/\/distribucionarc.com\/de\/wp-json\/wp\/v2\/comments?post=5705"}],"version-history":[{"count":0,"href":"https:\/\/distribucionarc.com\/de\/wp-json\/wp\/v2\/product\/5705\/revisions"}],"wp:featuredmedia":[{"embeddable":true,"href":"https:\/\/distribucionarc.com\/de\/wp-json\/wp\/v2\/media\/5709"}],"wp:attachment":[{"href":"https:\/\/distribucionarc.com\/de\/wp-json\/wp\/v2\/media?parent=5705"}],"wp:term":[{"taxonomy":"product_brand","embeddable":true,"href":"https:\/\/distribucionarc.com\/de\/wp-json\/wp\/v2\/product_brand?post=5705"},{"taxonomy":"product_cat","embeddable":true,"href":"https:\/\/distribucionarc.com\/de\/wp-json\/wp\/v2\/product_cat?post=5705"},{"taxonomy":"product_tag","embeddable":true,"href":"https:\/\/distribucionarc.com\/de\/wp-json\/wp\/v2\/product_tag?post=5705"}],"curies":[{"name":"wp","href":"https:\/\/api.w.org\/{rel}","templated":true}]}}