{"id":5720,"date":"2023-05-11T18:20:58","date_gmt":"2023-05-11T18:20:58","guid":{"rendered":"https:\/\/distribucionarc.com\/?post_type=product&#038;p=5720"},"modified":"2025-03-05T11:36:46","modified_gmt":"2025-03-05T10:36:46","slug":"fleischwolf-mit-mixer-fur-industriefleisch-1000-kg-pro-stunde","status":"publish","type":"product","link":"https:\/\/distribucionarc.com\/de\/producto\/picadora-con-mezcladora-de-carne-industrial-1000kg-por-hora\/","title":{"rendered":"Fleischwolf mit industriellem Fleischmischer 1000 kg pro Stunde"},"content":{"rendered":"<p><span style=\"font-size: 1.7em; font-weight: bold;\">DMX-32A Fleischwolf und Mixer: Revolution in der Wurstverarbeitung<\/span><\/p>\n<article class=\"picadora-mezcladora-carne\">Der <strong>professioneller Fleischwolf und Mixer<\/strong> DMX-32A stellt einen entscheidenden technologischen Fortschritt f\u00fcr die Fleisch- und Wurstverarbeitungsindustrie dar. Diese innovative Maschine macht herk\u00f6mmliche manuelle Prozesse vollst\u00e4ndig \u00fcberfl\u00fcssig und integriert zwei grundlegende Funktionen in einem einzigen Ger\u00e4t: Hacken und Mischen.<\/article>\n<p><a href=\"https:\/\/distribucionarc.com\/wp-content\/uploads\/2023\/05\/picadora-mezcladora-interior.jpg\"><img loading=\"lazy\" decoding=\"async\" class=\"alignnone size-medium wp-image-5719\" src=\"https:\/\/distribucionarc.com\/wp-content\/uploads\/2023\/05\/picadora-mezcladora-interior-300x142.jpg\" alt=\"\" width=\"300\" height=\"142\" srcset=\"https:\/\/distribucionarc.com\/wp-content\/uploads\/2023\/05\/picadora-mezcladora-interior-300x142.jpg 300w, https:\/\/distribucionarc.com\/wp-content\/uploads\/2023\/05\/picadora-mezcladora-interior-430x203.jpg 430w, https:\/\/distribucionarc.com\/wp-content\/uploads\/2023\/05\/picadora-mezcladora-interior-150x71.jpg 150w, https:\/\/distribucionarc.com\/wp-content\/uploads\/2023\/05\/picadora-mezcladora-interior-700x331.jpg 700w, https:\/\/distribucionarc.com\/wp-content\/uploads\/2023\/05\/picadora-mezcladora-interior-18x9.jpg 18w, https:\/\/distribucionarc.com\/wp-content\/uploads\/2023\/05\/picadora-mezcladora-interior-48x23.jpg 48w, https:\/\/distribucionarc.com\/wp-content\/uploads\/2023\/05\/picadora-mezcladora-interior.jpg 743w\" sizes=\"auto, (max-width: 300px) 100vw, 300px\" \/><\/a><\/p>\n<p>&nbsp;<\/p>\n<article class=\"picadora-mezcladora-carne\">\n<h3>Intelligenter automatischer Zerkleinerungsprozess<\/h3>\n<p>Im Gegensatz zu herk\u00f6mmlichen Methoden <strong>industrieller Fleischwolf<\/strong> Es erm\u00f6glicht die Einf\u00fchrung gro\u00dfer Fleischst\u00fccke, die automatisch und ohne manuelles Eingreifen hineingeschoben und verarbeitet werden. Das intelligente Schneidsystem garantiert ein gleichm\u00e4\u00dfiges und pr\u00e4zises Zerkleinern und reduziert so den Zeit- und Arbeitsaufwand bei der Zubereitung von Fleischprodukten deutlich.<\/p>\n<\/article>\n<p><a href=\"https:\/\/distribucionarc.com\/wp-content\/uploads\/2023\/05\/picadora-mezcladora.jpg\"><img loading=\"lazy\" decoding=\"async\" class=\"alignnone size-medium wp-image-5716\" src=\"https:\/\/distribucionarc.com\/wp-content\/uploads\/2023\/05\/picadora-mezcladora-300x300.jpg\" alt=\"\" width=\"300\" height=\"300\" srcset=\"https:\/\/distribucionarc.com\/wp-content\/uploads\/2023\/05\/picadora-mezcladora-300x300.jpg 300w, https:\/\/distribucionarc.com\/wp-content\/uploads\/2023\/05\/picadora-mezcladora-430x430.jpg 430w, https:\/\/distribucionarc.com\/wp-content\/uploads\/2023\/05\/picadora-mezcladora-150x150.jpg 150w, https:\/\/distribucionarc.com\/wp-content\/uploads\/2023\/05\/picadora-mezcladora-700x700.jpg 700w, https:\/\/distribucionarc.com\/wp-content\/uploads\/2023\/05\/picadora-mezcladora-12x12.jpg 12w, https:\/\/distribucionarc.com\/wp-content\/uploads\/2023\/05\/picadora-mezcladora-48x48.jpg 48w, https:\/\/distribucionarc.com\/wp-content\/uploads\/2023\/05\/picadora-mezcladora.jpg 750w\" sizes=\"auto, (max-width: 300px) 100vw, 300px\" \/><\/a><a href=\"https:\/\/distribucionarc.com\/wp-content\/uploads\/2023\/05\/icadora-de-carne-industrial-permite-introducir-trozos-grandes-de-carne.jpg\"><img loading=\"lazy\" decoding=\"async\" class=\"alignnone  wp-image-9308\" src=\"https:\/\/distribucionarc.com\/wp-content\/uploads\/2023\/05\/icadora-de-carne-industrial-permite-introducir-trozos-grandes-de-carne.jpg\" alt=\"\" width=\"594\" height=\"314\" srcset=\"https:\/\/distribucionarc.com\/wp-content\/uploads\/2023\/05\/icadora-de-carne-industrial-permite-introducir-trozos-grandes-de-carne.jpg 1612w, https:\/\/distribucionarc.com\/wp-content\/uploads\/2023\/05\/icadora-de-carne-industrial-permite-introducir-trozos-grandes-de-carne-430x227.jpg 430w, https:\/\/distribucionarc.com\/wp-content\/uploads\/2023\/05\/icadora-de-carne-industrial-permite-introducir-trozos-grandes-de-carne-150x79.jpg 150w, https:\/\/distribucionarc.com\/wp-content\/uploads\/2023\/05\/icadora-de-carne-industrial-permite-introducir-trozos-grandes-de-carne-700x370.jpg 700w, https:\/\/distribucionarc.com\/wp-content\/uploads\/2023\/05\/icadora-de-carne-industrial-permite-introducir-trozos-grandes-de-carne-300x159.jpg 300w, https:\/\/distribucionarc.com\/wp-content\/uploads\/2023\/05\/icadora-de-carne-industrial-permite-introducir-trozos-grandes-de-carne-1024x541.jpg 1024w, https:\/\/distribucionarc.com\/wp-content\/uploads\/2023\/05\/icadora-de-carne-industrial-permite-introducir-trozos-grandes-de-carne-768x406.jpg 768w, https:\/\/distribucionarc.com\/wp-content\/uploads\/2023\/05\/icadora-de-carne-industrial-permite-introducir-trozos-grandes-de-carne-1536x812.jpg 1536w, https:\/\/distribucionarc.com\/wp-content\/uploads\/2023\/05\/icadora-de-carne-industrial-permite-introducir-trozos-grandes-de-carne-18x10.jpg 18w\" sizes=\"auto, (max-width: 594px) 100vw, 594px\" \/><\/a><\/p>\n<p>&nbsp;<\/p>\n<article class=\"picadora-mezcladora-carne\">\n<h3>Professionelle Gew\u00fcrzmischung<\/h3>\n<p>Nachdem das Fleisch zerkleinert wurde, k\u00f6nnen Sie mit der Mixfunktion Gew\u00fcrze direkt in die Maschine geben. Das leistungsstarke integrierte Mixsystem verteilt die Gew\u00fcrze gleichm\u00e4\u00dfig und sorgt f\u00fcr eine homogene Mischung ohne zus\u00e4tzliches Umr\u00fchren. Dieser automatisierte Prozess verbessert die Konsistenz und Qualit\u00e4t des Endprodukts.<\/p>\n<div style=\"width: 720px;\" class=\"wp-video\"><video class=\"wp-video-shortcode\" id=\"video-5720-1\" width=\"720\" height=\"720\" preload=\"metadata\" controls=\"controls\"><source type=\"video\/mp4\" src=\"https:\/\/distribucionarc.com\/wp-content\/uploads\/2023\/05\/picadora-mezcladora-carne.mp4?_=1\" \/><a href=\"https:\/\/distribucionarc.com\/wp-content\/uploads\/2023\/05\/picadora-mezcladora-carne.mp4\">https:\/\/distribucionarc.com\/wp-content\/uploads\/2023\/05\/picadora-mezcladora-carne.mp4<\/a><\/video><\/div>\n<h3><\/h3>\n<h3>Vielseitigkeit in der Verarbeitung<\/h3>\n<p>Die Vielseitigkeit der <strong>DMX-32A Fleischmischer<\/strong> Sie k\u00f6nnen sogar bereits gehacktes Fleisch wieder hinzuf\u00fcgen, um weitere Mischungen herzustellen. Benutzer k\u00f6nnen zus\u00e4tzliche Zutaten hinzuf\u00fcgen und die Maschine das Mischen autonom durchf\u00fchren lassen, wodurch die Zubereitungszeiten erheblich optimiert werden.<\/p>\n<p>&nbsp;<\/p>\n<p><a href=\"https:\/\/distribucionarc.com\/wp-content\/uploads\/2023\/05\/picadora-carne.jpg\"><img loading=\"lazy\" decoding=\"async\" class=\"alignnone size-medium wp-image-5717\" src=\"https:\/\/distribucionarc.com\/wp-content\/uploads\/2023\/05\/picadora-carne-300x141.jpg\" alt=\"\" width=\"300\" height=\"141\" srcset=\"https:\/\/distribucionarc.com\/wp-content\/uploads\/2023\/05\/picadora-carne-300x141.jpg 300w, https:\/\/distribucionarc.com\/wp-content\/uploads\/2023\/05\/picadora-carne-430x201.jpg 430w, https:\/\/distribucionarc.com\/wp-content\/uploads\/2023\/05\/picadora-carne-150x70.jpg 150w, https:\/\/distribucionarc.com\/wp-content\/uploads\/2023\/05\/picadora-carne-700x328.jpg 700w, https:\/\/distribucionarc.com\/wp-content\/uploads\/2023\/05\/picadora-carne-18x8.jpg 18w, https:\/\/distribucionarc.com\/wp-content\/uploads\/2023\/05\/picadora-carne-48x22.jpg 48w, https:\/\/distribucionarc.com\/wp-content\/uploads\/2023\/05\/picadora-carne.jpg 745w\" sizes=\"auto, (max-width: 300px) 100vw, 300px\" \/><\/a><\/p>\n<p>&nbsp;<\/p>\n<div class=\"aviso-importante\" style=\"background-color: #ffdddd; border: 3px solid #ff0000; border-radius: 10px; padding: 15px; margin: 20px 0; box-shadow: 0 6px 8px rgba(0,0,0,0.15);\">\n<h3 style=\"color: #ff0000; margin-top: 0; border-bottom: 2px solid #ff0000; padding-bottom: 10px; text-transform: uppercase;\">\u26a0\ufe0f Wichtig \u26a0\ufe0f<\/h3>\n<p style=\"margin-bottom: 0; font-weight: bold;\">Vor der Verwendung dieser Maschine m\u00fcssen Sie unbedingt die vollst\u00e4ndige Bedienungsanleitung lesen. Das ausf\u00fchrliche Handbuch finden Sie unter:<br \/>\n<a style=\"color: #cc0000; text-decoration: underline; font-weight: bold;\" href=\"https:\/\/distribucionarc.com\/de\/bedienungsanleitung-fleischwolf-und-mixer-dmx-32a\/\" target=\"_blank\" rel=\"noopener\"><br \/>\nVollst\u00e4ndiges Handbuch f\u00fcr den DMX-32A Mixer Grinder<br \/>\n<\/a><\/p>\n<\/div>\n<h3><\/h3>\n<h3>Technische Daten (Code: AR00931)<\/h3>\n<table style=\"width: 100%; border-collapse: collapse; margin-bottom: 20px;\">\n<tbody>\n<tr style=\"border-bottom: 1px solid #ddd;\">\n<td style=\"padding: 8px;\"><strong>Modell:<\/strong><\/td>\n<td style=\"padding: 8px;\">ARX-32A<\/td>\n<\/tr>\n<tr style=\"border-bottom: 1px solid #ddd;\">\n<td style=\"padding: 8px;\"><strong>Stromversorgung:<\/strong><\/td>\n<td style=\"padding: 8px;\">380 V \/ 50 Hz<\/td>\n<\/tr>\n<tr style=\"border-bottom: 1px solid #ddd;\">\n<td style=\"padding: 8px;\"><strong>Leistung:<\/strong><\/td>\n<td style=\"padding: 8px;\">3000 W<\/td>\n<\/tr>\n<tr style=\"border-bottom: 1px solid #ddd;\">\n<td style=\"padding: 8px;\"><strong>F\u00e4higkeit:<\/strong><\/td>\n<td style=\"padding: 8px;\">800-1000 kg\/h<\/td>\n<\/tr>\n<tr style=\"border-bottom: 1px solid #ddd;\">\n<td style=\"padding: 8px;\"><strong>Platten:<\/strong><\/td>\n<td style=\"padding: 8px;\">0\/3\/5\/9\/16 mm<\/td>\n<\/tr>\n<tr style=\"border-bottom: 1px solid #ddd;\">\n<td style=\"padding: 8px;\"><strong>Auslassdurchmesser:<\/strong><\/td>\n<td style=\"padding: 8px;\">98 mm<\/td>\n<\/tr>\n<tr style=\"border-bottom: 1px solid #ddd;\">\n<td style=\"padding: 8px;\"><strong>Mischer:<\/strong><\/td>\n<td style=\"padding: 8px;\">1100 Watt<\/td>\n<\/tr>\n<tr style=\"border-bottom: 1px solid #ddd;\">\n<td style=\"padding: 8px;\"><strong>Fasskapazit\u00e4t:<\/strong><\/td>\n<td style=\"padding: 8px;\">42\/30 L\/kg<\/td>\n<\/tr>\n<tr style=\"border-bottom: 1px solid #ddd;\">\n<td style=\"padding: 8px;\"><strong>Nettogewicht:<\/strong><\/td>\n<td style=\"padding: 8px;\">138 Kg<\/td>\n<\/tr>\n<tr style=\"border-bottom: 1px solid #ddd;\">\n<td style=\"padding: 8px;\"><strong>Au\u00dfenma\u00dfe:<\/strong><\/td>\n<td style=\"padding: 8px;\">479 x 420 x 416 mm<\/td>\n<\/tr>\n<tr>\n<td style=\"padding: 8px;\"><strong>Packungsgr\u00f6\u00dfe:<\/strong><\/td>\n<td style=\"padding: 8px;\">545 x 445 x 455 mm<\/td>\n<\/tr>\n<\/tbody>\n<\/table>\n<\/article>","protected":false},"excerpt":{"rendered":"<p>Der<strong> Fleischmixer, Fleischwolf<\/strong> Dabei handelt es sich um eine Maschine zur Verarbeitung gro\u00dfer Fleischmengen in kurzer Zeit. Diese Maschine vereint die Funktionen Zerkleinern und Mischen von Fleisch in einem einzigen Arbeitsgang und erm\u00f6glicht so eine h\u00f6here Effizienz und Produktivit\u00e4t bei der Lebensmittelzubereitung. Die meisten Fleischwolfe verf\u00fcgen \u00fcber scharfe Klingen, um Fleisch in kleine St\u00fccke zu zerkleinern, w\u00e4hrend der Mischmechanismus f\u00fcr eine gleichm\u00e4\u00dfige Verteilung von Gew\u00fcrzen und anderen Zutaten im Fleisch sorgt. Der Fleischwolf ist ein unverzichtbares Werkzeug in Metzgereien, Restaurants und Lebensmittelverarbeitungsbetrieben.<\/p>","protected":false},"featured_media":5716,"comment_status":"open","ping_status":"closed","template":"","meta":{"wds_primary_product_brand":0,"wds_primary_product_cat":0},"product_brand":[],"product_cat":[95,120],"product_tag":[],"class_list":{"0":"post-5720","1":"product","2":"type-product","3":"status-publish","4":"has-post-thumbnail","6":"product_cat-amasadoras-industriales","7":"product_cat-picadoras-carne","8":"product_shipping_class-express","10":"first","11":"instock","12":"taxable","13":"shipping-taxable","14":"purchasable","15":"product-type-simple"},"yoast_head":"<!-- This site is optimized with the Yoast SEO Premium plugin v24.9 (Yoast SEO v26.1) - https:\/\/yoast.com\/wordpress\/plugins\/seo\/ -->\n<title>Picadora con mezcladora de carne industrial 1000kg por hora - distribuci\u00f3n ARC<\/title>\n<meta name=\"description\" content=\"La picadora y mezcladora de carne profesional DMX-32A representa un avance tecnol\u00f3gico crucial para la industria c\u00e1rnica y elaboraci\u00f3n de embutidos. Esta m\u00e1quina innovadora elimina completamente la necesidad de procesos manuales tradicionales, integrando en un solo equipo dos funciones fundamentales: picado y mezclado.\" \/>\n<meta name=\"robots\" content=\"index, follow, max-snippet:-1, max-image-preview:large, max-video-preview:-1\" \/>\n<link rel=\"canonical\" href=\"https:\/\/www.distribucionarc.com\/it\/producto\/picadora-con-mezcladora-de-carne-industrial-1000kg-por-hora\/\" \/>\n<meta property=\"og:locale\" content=\"de_DE\" \/>\n<meta property=\"og:type\" content=\"article\" \/>\n<meta property=\"og:title\" content=\"Picadora con mezcladora de carne industrial 1000kg por hora\" \/>\n<meta property=\"og:description\" content=\"La picadora y mezcladora de carne profesional DMX-32A representa un avance tecnol\u00f3gico crucial para la industria c\u00e1rnica y elaboraci\u00f3n de embutidos. Esta m\u00e1quina innovadora elimina completamente la necesidad de procesos manuales tradicionales, integrando en un solo equipo dos funciones fundamentales: picado y mezclado.\" \/>\n<meta property=\"og:url\" content=\"https:\/\/www.distribucionarc.com\/it\/producto\/picadora-con-mezcladora-de-carne-industrial-1000kg-por-hora\/\" \/>\n<meta property=\"og:site_name\" content=\"distribuci\u00f3n ARC\" \/>\n<meta property=\"article:modified_time\" content=\"2025-03-05T10:36:46+00:00\" \/>\n<meta property=\"og:image\" content=\"https:\/\/www.distribucionarc.com\/wp-content\/uploads\/2023\/05\/picadora-mezcladora.jpg\" \/>\n\t<meta property=\"og:image:width\" content=\"750\" \/>\n\t<meta property=\"og:image:height\" content=\"750\" \/>\n\t<meta property=\"og:image:type\" content=\"image\/jpeg\" \/>\n<meta name=\"twitter:card\" content=\"summary_large_image\" \/>\n<meta name=\"twitter:label1\" content=\"Gesch\u00e4tzte Lesezeit\" \/>\n\t<meta name=\"twitter:data1\" content=\"3\u00a0Minuten\" \/>\n<script type=\"application\/ld+json\" class=\"yoast-schema-graph\">{\"@context\":\"https:\/\/schema.org\",\"@graph\":[{\"@type\":\"WebPage\",\"@id\":\"https:\/\/www.distribucionarc.com\/it\/producto\/picadora-con-mezcladora-de-carne-industrial-1000kg-por-hora\/\",\"url\":\"https:\/\/www.distribucionarc.com\/it\/producto\/picadora-con-mezcladora-de-carne-industrial-1000kg-por-hora\/\",\"name\":\"Picadora con mezcladora de carne industrial 1000kg por hora - distribuci\u00f3n ARC\",\"isPartOf\":{\"@id\":\"https:\/\/www.distribucionarc.com\/de\/#website\"},\"primaryImageOfPage\":{\"@id\":\"https:\/\/www.distribucionarc.com\/it\/producto\/picadora-con-mezcladora-de-carne-industrial-1000kg-por-hora\/#primaryimage\"},\"image\":{\"@id\":\"https:\/\/www.distribucionarc.com\/it\/producto\/picadora-con-mezcladora-de-carne-industrial-1000kg-por-hora\/#primaryimage\"},\"thumbnailUrl\":\"https:\/\/distribucionarc.com\/wp-content\/uploads\/2023\/05\/picadora-mezcladora.jpg\",\"datePublished\":\"2023-05-11T18:20:58+00:00\",\"dateModified\":\"2025-03-05T10:36:46+00:00\",\"description\":\"La picadora y mezcladora de carne profesional DMX-32A representa un avance tecnol\u00f3gico crucial para la industria c\u00e1rnica y elaboraci\u00f3n de embutidos. Esta m\u00e1quina innovadora elimina completamente la necesidad de procesos manuales tradicionales, integrando en un solo equipo dos funciones fundamentales: picado y mezclado.\",\"breadcrumb\":{\"@id\":\"https:\/\/www.distribucionarc.com\/it\/producto\/picadora-con-mezcladora-de-carne-industrial-1000kg-por-hora\/#breadcrumb\"},\"inLanguage\":\"de\",\"potentialAction\":[{\"@type\":\"ReadAction\",\"target\":[\"https:\/\/www.distribucionarc.com\/it\/producto\/picadora-con-mezcladora-de-carne-industrial-1000kg-por-hora\/\"]}]},{\"@type\":\"ImageObject\",\"inLanguage\":\"de\",\"@id\":\"https:\/\/www.distribucionarc.com\/it\/producto\/picadora-con-mezcladora-de-carne-industrial-1000kg-por-hora\/#primaryimage\",\"url\":\"https:\/\/distribucionarc.com\/wp-content\/uploads\/2023\/05\/picadora-mezcladora.jpg\",\"contentUrl\":\"https:\/\/distribucionarc.com\/wp-content\/uploads\/2023\/05\/picadora-mezcladora.jpg\",\"width\":750,\"height\":750},{\"@type\":\"BreadcrumbList\",\"@id\":\"https:\/\/www.distribucionarc.com\/it\/producto\/picadora-con-mezcladora-de-carne-industrial-1000kg-por-hora\/#breadcrumb\",\"itemListElement\":[{\"@type\":\"ListItem\",\"position\":1,\"name\":\"Portada\",\"item\":\"https:\/\/www.distribucionarc.com\/en\/\"},{\"@type\":\"ListItem\",\"position\":2,\"name\":\"Products\",\"item\":\"https:\/\/www.distribucionarc.com\/en\/shop\/\"},{\"@type\":\"ListItem\",\"position\":3,\"name\":\"Picadora con mezcladora de carne industrial 1000kg por hora\"}]},{\"@type\":\"WebSite\",\"@id\":\"https:\/\/www.distribucionarc.com\/de\/#website\",\"url\":\"https:\/\/www.distribucionarc.com\/de\/\",\"name\":\"distribuci\u00f3n ARC\",\"description\":\"Empresa especializada en la fabricaci\u00f3n y distribuci\u00f3n de maquinaria industrial, selladoras de latas, Maquinas de hacer pastillas, Maquinas de cortar carne...\",\"publisher\":{\"@id\":\"https:\/\/www.distribucionarc.com\/de\/#organization\"},\"potentialAction\":[{\"@type\":\"SearchAction\",\"target\":{\"@type\":\"EntryPoint\",\"urlTemplate\":\"https:\/\/www.distribucionarc.com\/de\/?s={search_term_string}\"},\"query-input\":{\"@type\":\"PropertyValueSpecification\",\"valueRequired\":true,\"valueName\":\"search_term_string\"}}],\"inLanguage\":\"de\"},{\"@type\":\"Organization\",\"@id\":\"https:\/\/www.distribucionarc.com\/de\/#organization\",\"name\":\"Distribuci\u00f3n ARC\",\"url\":\"https:\/\/www.distribucionarc.com\/de\/\",\"logo\":{\"@type\":\"ImageObject\",\"inLanguage\":\"de\",\"@id\":\"https:\/\/www.distribucionarc.com\/de\/#\/schema\/logo\/image\/\",\"url\":\"https:\/\/distribucionarc.com\/wp-content\/uploads\/2024\/10\/distribucion-ARC-COLOR-SIN-FONDO-e1732295305345.png\",\"contentUrl\":\"https:\/\/distribucionarc.com\/wp-content\/uploads\/2024\/10\/distribucion-ARC-COLOR-SIN-FONDO-e1732295305345.png\",\"width\":1164,\"height\":558,\"caption\":\"Distribuci\u00f3n ARC\"},\"image\":{\"@id\":\"https:\/\/www.distribucionarc.com\/de\/#\/schema\/logo\/image\/\"},\"description\":\"Empresa especializada en la fabricaci\u00f3n y distribuci\u00f3n de maquinaria industrial para los sectores alimentario y farmac\u00e9utico. Nos especializamos en: M\u00e1quinas de cortar carne Fabricaci\u00f3n de comprimidos Sistemas de transporte industrial L\u00edneas de embotellado Dosificadores Y mucho m\u00e1s... Ofrecemos soluciones innovadoras y personalizadas para optimizar los procesos productivos de tu empresa.\",\"email\":\"Admistracion@distribucionarc.com\",\"telephone\":\"+34 643496664\",\"legalName\":\"ARC TECH SOLUTIONS\",\"foundingDate\":\"2024-04-09\",\"vatID\":\"B55480172\",\"numberOfEmployees\":{\"@type\":\"QuantitativeValue\",\"minValue\":\"1\",\"maxValue\":\"10\"}}]}<\/script>\n<!-- \/ Yoast SEO Premium plugin. -->","yoast_head_json":{"title":"Industrieller Fleischwolf mit Mischer 1000 kg pro Stunde \u2013 ARC-Verteilung","description":"Der professionelle Fleischwolf und Mixer DMX-32A stellt einen entscheidenden technologischen Fortschritt f\u00fcr die Fleisch- und Wurstindustrie dar. Diese innovative Maschine macht herk\u00f6mmliche manuelle Prozesse vollst\u00e4ndig \u00fcberfl\u00fcssig und integriert zwei grundlegende Funktionen in einer einzigen Einheit: Hacken und Mischen.","robots":{"index":"index","follow":"follow","max-snippet":"max-snippet:-1","max-image-preview":"max-image-preview:large","max-video-preview":"max-video-preview:-1"},"canonical":"https:\/\/www.distribucionarc.com\/it\/producto\/picadora-con-mezcladora-de-carne-industrial-1000kg-por-hora\/","og_locale":"de_DE","og_type":"article","og_title":"Picadora con mezcladora de carne industrial 1000kg por hora","og_description":"La picadora y mezcladora de carne profesional DMX-32A representa un avance tecnol\u00f3gico crucial para la industria c\u00e1rnica y elaboraci\u00f3n de embutidos. Esta m\u00e1quina innovadora elimina completamente la necesidad de procesos manuales tradicionales, integrando en un solo equipo dos funciones fundamentales: picado y mezclado.","og_url":"https:\/\/www.distribucionarc.com\/it\/producto\/picadora-con-mezcladora-de-carne-industrial-1000kg-por-hora\/","og_site_name":"distribuci\u00f3n ARC","article_modified_time":"2025-03-05T10:36:46+00:00","og_image":[{"width":750,"height":750,"url":"https:\/\/www.distribucionarc.com\/wp-content\/uploads\/2023\/05\/picadora-mezcladora.jpg","type":"image\/jpeg"}],"twitter_card":"summary_large_image","twitter_misc":{"Gesch\u00e4tzte Lesezeit":"3\u00a0Minuten"},"schema":{"@context":"https:\/\/schema.org","@graph":[{"@type":"WebPage","@id":"https:\/\/www.distribucionarc.com\/it\/producto\/picadora-con-mezcladora-de-carne-industrial-1000kg-por-hora\/","url":"https:\/\/www.distribucionarc.com\/it\/producto\/picadora-con-mezcladora-de-carne-industrial-1000kg-por-hora\/","name":"Industrieller Fleischwolf mit Mischer 1000 kg pro Stunde \u2013 ARC-Verteilung","isPartOf":{"@id":"https:\/\/www.distribucionarc.com\/de\/#website"},"primaryImageOfPage":{"@id":"https:\/\/www.distribucionarc.com\/it\/producto\/picadora-con-mezcladora-de-carne-industrial-1000kg-por-hora\/#primaryimage"},"image":{"@id":"https:\/\/www.distribucionarc.com\/it\/producto\/picadora-con-mezcladora-de-carne-industrial-1000kg-por-hora\/#primaryimage"},"thumbnailUrl":"https:\/\/distribucionarc.com\/wp-content\/uploads\/2023\/05\/picadora-mezcladora.jpg","datePublished":"2023-05-11T18:20:58+00:00","dateModified":"2025-03-05T10:36:46+00:00","description":"Der professionelle Fleischwolf und Mixer DMX-32A stellt einen entscheidenden technologischen Fortschritt f\u00fcr die Fleisch- und Wurstindustrie dar. Diese innovative Maschine macht herk\u00f6mmliche manuelle Prozesse vollst\u00e4ndig \u00fcberfl\u00fcssig und integriert zwei grundlegende Funktionen in einer einzigen Einheit: Hacken und Mischen.","breadcrumb":{"@id":"https:\/\/www.distribucionarc.com\/it\/producto\/picadora-con-mezcladora-de-carne-industrial-1000kg-por-hora\/#breadcrumb"},"inLanguage":"de","potentialAction":[{"@type":"ReadAction","target":["https:\/\/www.distribucionarc.com\/it\/producto\/picadora-con-mezcladora-de-carne-industrial-1000kg-por-hora\/"]}]},{"@type":"ImageObject","inLanguage":"de","@id":"https:\/\/www.distribucionarc.com\/it\/producto\/picadora-con-mezcladora-de-carne-industrial-1000kg-por-hora\/#primaryimage","url":"https:\/\/distribucionarc.com\/wp-content\/uploads\/2023\/05\/picadora-mezcladora.jpg","contentUrl":"https:\/\/distribucionarc.com\/wp-content\/uploads\/2023\/05\/picadora-mezcladora.jpg","width":750,"height":750},{"@type":"BreadcrumbList","@id":"https:\/\/www.distribucionarc.com\/it\/producto\/picadora-con-mezcladora-de-carne-industrial-1000kg-por-hora\/#breadcrumb","itemListElement":[{"@type":"ListItem","position":1,"name":"Portada","item":"https:\/\/www.distribucionarc.com\/en\/"},{"@type":"ListItem","position":2,"name":"Products","item":"https:\/\/www.distribucionarc.com\/en\/shop\/"},{"@type":"ListItem","position":3,"name":"Picadora con mezcladora de carne industrial 1000kg por hora"}]},{"@type":"WebSite","@id":"https:\/\/www.distribucionarc.com\/de\/#website","url":"https:\/\/www.distribucionarc.com\/de\/","name":"ARC-Verteilung","description":"Das Unternehmen ist auf die Herstellung und den Vertrieb von Industriemaschinen, Dosenverschlie\u00dfmaschinen, Tablettenmaschinen, Fleischschneidemaschinen...","publisher":{"@id":"https:\/\/www.distribucionarc.com\/de\/#organization"},"potentialAction":[{"@type":"SearchAction","target":{"@type":"EntryPoint","urlTemplate":"https:\/\/www.distribucionarc.com\/de\/?s={search_term_string}"},"query-input":{"@type":"PropertyValueSpecification","valueRequired":true,"valueName":"search_term_string"}}],"inLanguage":"de"},{"@type":"Organization","@id":"https:\/\/www.distribucionarc.com\/de\/#organization","name":"ARC-Verteilung","url":"https:\/\/www.distribucionarc.com\/de\/","logo":{"@type":"ImageObject","inLanguage":"de","@id":"https:\/\/www.distribucionarc.com\/de\/#\/schema\/logo\/image\/","url":"https:\/\/distribucionarc.com\/wp-content\/uploads\/2024\/10\/distribucion-ARC-COLOR-SIN-FONDO-e1732295305345.png","contentUrl":"https:\/\/distribucionarc.com\/wp-content\/uploads\/2024\/10\/distribucion-ARC-COLOR-SIN-FONDO-e1732295305345.png","width":1164,"height":558,"caption":"Distribuci\u00f3n ARC"},"image":{"@id":"https:\/\/www.distribucionarc.com\/de\/#\/schema\/logo\/image\/"},"description":"Unternehmen, das auf die Herstellung und den Vertrieb von Industriemaschinen f\u00fcr den Lebensmittel- und Pharmasektor spezialisiert ist. Wir sind spezialisiert auf: Fleischschneidemaschinen Tablettenherstellung Industrielle F\u00f6rdersysteme Abf\u00fcllanlagen Dispenser Und vieles mehr... Wir bieten innovative und ma\u00dfgeschneiderte L\u00f6sungen zur Optimierung der Produktionsprozesse in Ihrem Unternehmen.","email":"Admistracion@distribucionarc.com","telephone":"+34 643496664","legalName":"ARC TECH SOLUTIONS","foundingDate":"2024-04-09","vatID":"B55480172","numberOfEmployees":{"@type":"QuantitativeValue","minValue":"1","maxValue":"10"}}]}},"_links":{"self":[{"href":"https:\/\/distribucionarc.com\/de\/wp-json\/wp\/v2\/product\/5720","targetHints":{"allow":["GET"]}}],"collection":[{"href":"https:\/\/distribucionarc.com\/de\/wp-json\/wp\/v2\/product"}],"about":[{"href":"https:\/\/distribucionarc.com\/de\/wp-json\/wp\/v2\/types\/product"}],"replies":[{"embeddable":true,"href":"https:\/\/distribucionarc.com\/de\/wp-json\/wp\/v2\/comments?post=5720"}],"version-history":[{"count":3,"href":"https:\/\/distribucionarc.com\/de\/wp-json\/wp\/v2\/product\/5720\/revisions"}],"predecessor-version":[{"id":9309,"href":"https:\/\/distribucionarc.com\/de\/wp-json\/wp\/v2\/product\/5720\/revisions\/9309"}],"wp:featuredmedia":[{"embeddable":true,"href":"https:\/\/distribucionarc.com\/de\/wp-json\/wp\/v2\/media\/5716"}],"wp:attachment":[{"href":"https:\/\/distribucionarc.com\/de\/wp-json\/wp\/v2\/media?parent=5720"}],"wp:term":[{"taxonomy":"product_brand","embeddable":true,"href":"https:\/\/distribucionarc.com\/de\/wp-json\/wp\/v2\/product_brand?post=5720"},{"taxonomy":"product_cat","embeddable":true,"href":"https:\/\/distribucionarc.com\/de\/wp-json\/wp\/v2\/product_cat?post=5720"},{"taxonomy":"product_tag","embeddable":true,"href":"https:\/\/distribucionarc.com\/de\/wp-json\/wp\/v2\/product_tag?post=5720"}],"curies":[{"name":"wp","href":"https:\/\/api.w.org\/{rel}","templated":true}]}}