{"id":5761,"date":"2023-05-12T21:13:08","date_gmt":"2023-05-12T21:13:08","guid":{"rendered":"https:\/\/distribucionarc.com\/?post_type=product&#038;p=5761"},"modified":"2024-10-05T03:04:04","modified_gmt":"2024-10-05T03:04:04","slug":"automatischer-fleischschneider","status":"publish","type":"product","link":"https:\/\/distribucionarc.com\/de\/producto\/cortadora-de-fiambre-automatica\/","title":{"rendered":"Automatischer Fleischschneider"},"content":{"rendered":"<h2>Automatischer Aufschnitt- und Fleischschneider<\/h2>\n<p><a href=\"https:\/\/distribucionarc.com\/wp-content\/uploads\/2023\/05\/cortadora-fiambre-automatica-medidas-1.jpg\"><img loading=\"lazy\" decoding=\"async\" class=\"alignnone size-medium wp-image-5956\" src=\"https:\/\/distribucionarc.com\/wp-content\/uploads\/2023\/05\/cortadora-fiambre-automatica-medidas-1-300x300.jpg\" alt=\"\" width=\"300\" height=\"300\" srcset=\"https:\/\/distribucionarc.com\/wp-content\/uploads\/2023\/05\/cortadora-fiambre-automatica-medidas-1-300x300.jpg 300w, https:\/\/distribucionarc.com\/wp-content\/uploads\/2023\/05\/cortadora-fiambre-automatica-medidas-1-430x430.jpg 430w, https:\/\/distribucionarc.com\/wp-content\/uploads\/2023\/05\/cortadora-fiambre-automatica-medidas-1-150x150.jpg 150w, https:\/\/distribucionarc.com\/wp-content\/uploads\/2023\/05\/cortadora-fiambre-automatica-medidas-1-700x700.jpg 700w, https:\/\/distribucionarc.com\/wp-content\/uploads\/2023\/05\/cortadora-fiambre-automatica-medidas-1-1024x1024.jpg 1024w, https:\/\/distribucionarc.com\/wp-content\/uploads\/2023\/05\/cortadora-fiambre-automatica-medidas-1-768x768.jpg 768w, https:\/\/distribucionarc.com\/wp-content\/uploads\/2023\/05\/cortadora-fiambre-automatica-medidas-1-1536x1536.jpg 1536w, https:\/\/distribucionarc.com\/wp-content\/uploads\/2023\/05\/cortadora-fiambre-automatica-medidas-1-12x12.jpg 12w, https:\/\/distribucionarc.com\/wp-content\/uploads\/2023\/05\/cortadora-fiambre-automatica-medidas-1-48x48.jpg 48w, https:\/\/distribucionarc.com\/wp-content\/uploads\/2023\/05\/cortadora-fiambre-automatica-medidas-1.jpg 2000w\" sizes=\"auto, (max-width: 300px) 100vw, 300px\" \/><\/a><\/p>\n<p>Unser <strong>Aufschnitt- und Fleischschneider<\/strong>und automatisch ist die perfekte L\u00f6sung, um automatisch pr\u00e4zise und effiziente Schnitte zu erzielen. Mit einer hochwertigen Verarbeitung bietet diese Maschine eine Reihe von Funktionen, die sie sicher und einfach zu bedienen machen. Es ist keine manuelle Steuerung erforderlich, was Komfort und Pr\u00e4zision beim Schneiden gew\u00e4hrleistet. Dieser Allesschneider besteht aus einem hochwertigen AISI 304-Edelstahlgeh\u00e4use und bietet Haltbarkeit und Widerstandsf\u00e4higkeit. Durch die Schr\u00e4gschneidevorrichtung und den automatischen Schlittenantrieb ist es besonders f\u00fcr Fleischwaren geeignet. Mit Messern mit 320 mm Durchmesser, einer maximalen Schnittbreite von 300 mm und einer einstellbaren Schnittst\u00e4rke von 0 bis 18 mm erhalten Sie perfekte Scheiben ganz nach Ihren Bed\u00fcrfnissen. Anschlusstechnisch verf\u00fcgt es \u00fcber einen Stromanschluss von 1\/N\/PE 230 Volt\/50 Hz und eine Leistung von 370*2 Watt. Seine Au\u00dfenma\u00dfe von 747 mm x 582 mm x 764 mm machen es kompakt und lassen sich leicht an Ihrem Arbeitsplatz platzieren.<\/p>\n<div style=\"width: 1280px;\" class=\"wp-video\"><video class=\"wp-video-shortcode\" id=\"video-5761-1\" width=\"1280\" height=\"720\" preload=\"metadata\" controls=\"controls\"><source type=\"video\/mp4\" src=\"https:\/\/distribucionarc.com\/wp-content\/uploads\/2023\/05\/cortadora-fiambre-automatica-funcionamiento.mp4?_=1\" \/><a href=\"https:\/\/distribucionarc.com\/wp-content\/uploads\/2023\/05\/cortadora-fiambre-automatica-funcionamiento.mp4\">https:\/\/distribucionarc.com\/wp-content\/uploads\/2023\/05\/cortadora-fiambre-automatica-funcionamiento.mp4<\/a><\/video><\/div>\n<p>Technische Spezifikationen<strong> AR10168<\/strong><\/p>\n<ul>\n<li>Manuelle oder automatische Steuerung<\/li>\n<li>pr\u00e4zises Schneiden<\/li>\n<li>Einfache mechanische Bedienung<\/li>\n<li>Handschutz bietet sicheren Betrieb<\/li>\n<li>Austauschbare Schleifscheibe<\/li>\n<li>Spritzschutz<\/li>\n<li>Leicht zu reinigen<\/li>\n<li>Geh\u00e4use aus hochwertigem Edelstahl AISI 304<\/li>\n<li>Schr\u00e4gschneideger\u00e4t<\/li>\n<li>Automatischer Schlittenantrieb<\/li>\n<li>Besonders geeignet f\u00fcr Fleischwaren<\/li>\n<li>Klingendurchmesser: 320 mm<\/li>\n<li>Schnittbreite: maximal 300 mm<\/li>\n<li>Schnittst\u00e4rke: 0 \u2013 18 mm<\/li>\n<li>Elektrischer Anschluss: 1 \/ N \/ PE 230 Volt \/ 50 Hz<\/li>\n<\/ul>\n<h3>Fordern Sie weitere Informationen an<\/h3>\n<p>In\u00a0<b>ARC-Verteilung<\/b>\u00a0Wir beraten Sie bei der Optimierung der Fabrik oder der Gr\u00fcndung einer neuen Branche<\/p>","protected":false},"excerpt":{"rendered":"<p>Automatischer Fleisch- und Feinkostschneider Unser automatischer Fleisch- und Feinkostschneider ist die perfekte L\u00f6sung f\u00fcr die Herstellung von Schnitten<\/p>","protected":false},"featured_media":5955,"comment_status":"open","ping_status":"closed","template":"","meta":{"wds_primary_product_brand":0,"wds_primary_product_cat":0},"product_brand":[],"product_cat":[115,116,117],"product_tag":[],"class_list":{"0":"post-5761","1":"product","2":"type-product","3":"status-publish","4":"has-post-thumbnail","6":"product_cat-cortadoras","7":"product_cat-coartadoras-de-carne","8":"product_cat-filetes","9":"product_shipping_class-express","11":"first","12":"instock","13":"taxable","14":"shipping-taxable","15":"purchasable","16":"product-type-simple"},"yoast_head":"<!-- This site is optimized with the Yoast SEO Premium plugin v24.9 (Yoast SEO v26.1) - https:\/\/yoast.com\/wordpress\/plugins\/seo\/ -->\n<title>Cortadora de fiambre autom\u00e1tica - distribuci\u00f3n ARC<\/title>\n<meta name=\"robots\" content=\"index, follow, max-snippet:-1, max-image-preview:large, max-video-preview:-1\" \/>\n<link rel=\"canonical\" href=\"https:\/\/distribucionarc.com\/de\/produkt-2\/automatischer-fleischschneider\/\" \/>\n<meta property=\"og:locale\" content=\"de_DE\" \/>\n<meta property=\"og:type\" content=\"article\" \/>\n<meta property=\"og:title\" content=\"Cortadora de fiambre autom\u00e1tica\" \/>\n<meta property=\"og:description\" content=\"Cortadora de fiambre y carne autom\u00e1tica Nuestra cortadora de fiambre y carne autom\u00e1tica es la soluci\u00f3n perfecta para obtener cortes\" \/>\n<meta property=\"og:url\" content=\"https:\/\/distribucionarc.com\/de\/produkt-2\/automatischer-fleischschneider\/\" \/>\n<meta property=\"og:site_name\" content=\"distribuci\u00f3n ARC\" \/>\n<meta property=\"article:modified_time\" content=\"2024-10-05T03:04:04+00:00\" \/>\n<meta property=\"og:image\" content=\"https:\/\/distribucionarc.com\/wp-content\/uploads\/2023\/05\/cortadora-fiambre-automatica-imagen-producto.jpg\" \/>\n\t<meta property=\"og:image:width\" content=\"1600\" \/>\n\t<meta property=\"og:image:height\" content=\"1600\" \/>\n\t<meta property=\"og:image:type\" content=\"image\/jpeg\" \/>\n<meta name=\"twitter:card\" content=\"summary_large_image\" \/>\n<meta name=\"twitter:label1\" content=\"Gesch\u00e4tzte Lesezeit\" \/>\n\t<meta name=\"twitter:data1\" content=\"2\u00a0Minuten\" \/>\n<script type=\"application\/ld+json\" class=\"yoast-schema-graph\">{\"@context\":\"https:\/\/schema.org\",\"@graph\":[{\"@type\":\"WebPage\",\"@id\":\"https:\/\/distribucionarc.com\/nl\/producto\/cortadora-de-fiambre-automatica\/\",\"url\":\"https:\/\/distribucionarc.com\/nl\/producto\/cortadora-de-fiambre-automatica\/\",\"name\":\"Cortadora de fiambre autom\u00e1tica - distribuci\u00f3n ARC\",\"isPartOf\":{\"@id\":\"https:\/\/distribucionarc.com\/pl\/#website\"},\"primaryImageOfPage\":{\"@id\":\"https:\/\/distribucionarc.com\/nl\/producto\/cortadora-de-fiambre-automatica\/#primaryimage\"},\"image\":{\"@id\":\"https:\/\/distribucionarc.com\/nl\/producto\/cortadora-de-fiambre-automatica\/#primaryimage\"},\"thumbnailUrl\":\"https:\/\/distribucionarc.com\/wp-content\/uploads\/2023\/05\/cortadora-fiambre-automatica-imagen-producto.jpg\",\"datePublished\":\"2023-05-12T21:13:08+00:00\",\"dateModified\":\"2024-10-05T03:04:04+00:00\",\"breadcrumb\":{\"@id\":\"https:\/\/distribucionarc.com\/nl\/producto\/cortadora-de-fiambre-automatica\/#breadcrumb\"},\"inLanguage\":\"de\",\"potentialAction\":[{\"@type\":\"ReadAction\",\"target\":[\"https:\/\/distribucionarc.com\/nl\/producto\/cortadora-de-fiambre-automatica\/\"]}]},{\"@type\":\"ImageObject\",\"inLanguage\":\"de\",\"@id\":\"https:\/\/distribucionarc.com\/nl\/producto\/cortadora-de-fiambre-automatica\/#primaryimage\",\"url\":\"https:\/\/distribucionarc.com\/wp-content\/uploads\/2023\/05\/cortadora-fiambre-automatica-imagen-producto.jpg\",\"contentUrl\":\"https:\/\/distribucionarc.com\/wp-content\/uploads\/2023\/05\/cortadora-fiambre-automatica-imagen-producto.jpg\",\"width\":1600,\"height\":1600},{\"@type\":\"BreadcrumbList\",\"@id\":\"https:\/\/distribucionarc.com\/nl\/producto\/cortadora-de-fiambre-automatica\/#breadcrumb\",\"itemListElement\":[{\"@type\":\"ListItem\",\"position\":1,\"name\":\"Portada\",\"item\":\"https:\/\/www.distribucionarc.com\/tr\/\"},{\"@type\":\"ListItem\",\"position\":2,\"name\":\"Izdelki\",\"item\":\"https:\/\/www.distribucionarc.com\/sl\/trgovina\/\"},{\"@type\":\"ListItem\",\"position\":3,\"name\":\"Cortadora de fiambre autom\u00e1tica\"}]},{\"@type\":\"WebSite\",\"@id\":\"https:\/\/distribucionarc.com\/pl\/#website\",\"url\":\"https:\/\/distribucionarc.com\/pl\/\",\"name\":\"distribuci\u00f3n ARC\",\"description\":\"Empresa especializada en la fabricaci\u00f3n y distribuci\u00f3n de maquinaria industrial, selladoras de latas, Maquinas de hacer pastillas, Maquinas de cortar carne...\",\"publisher\":{\"@id\":\"https:\/\/distribucionarc.com\/pl\/#organization\"},\"potentialAction\":[{\"@type\":\"SearchAction\",\"target\":{\"@type\":\"EntryPoint\",\"urlTemplate\":\"https:\/\/distribucionarc.com\/pl\/?s={search_term_string}\"},\"query-input\":{\"@type\":\"PropertyValueSpecification\",\"valueRequired\":true,\"valueName\":\"search_term_string\"}}],\"inLanguage\":\"de\"},{\"@type\":\"Organization\",\"@id\":\"https:\/\/distribucionarc.com\/pl\/#organization\",\"name\":\"Distribuci\u00f3n ARC\",\"url\":\"https:\/\/distribucionarc.com\/pl\/\",\"logo\":{\"@type\":\"ImageObject\",\"inLanguage\":\"de\",\"@id\":\"https:\/\/distribucionarc.com\/pl\/#\/schema\/logo\/image\/\",\"url\":\"https:\/\/distribucionarc.com\/wp-content\/uploads\/2024\/10\/distribucion-ARC-COLOR-SIN-FONDO-e1732295305345.png\",\"contentUrl\":\"https:\/\/distribucionarc.com\/wp-content\/uploads\/2024\/10\/distribucion-ARC-COLOR-SIN-FONDO-e1732295305345.png\",\"width\":1164,\"height\":558,\"caption\":\"Distribuci\u00f3n ARC\"},\"image\":{\"@id\":\"https:\/\/distribucionarc.com\/pl\/#\/schema\/logo\/image\/\"},\"description\":\"Empresa especializada en la fabricaci\u00f3n y distribuci\u00f3n de maquinaria industrial para los sectores alimentario y farmac\u00e9utico. Nos especializamos en: M\u00e1quinas de cortar carne Fabricaci\u00f3n de comprimidos Sistemas de transporte industrial L\u00edneas de embotellado Dosificadores Y mucho m\u00e1s... Ofrecemos soluciones innovadoras y personalizadas para optimizar los procesos productivos de tu empresa.\",\"email\":\"Admistracion@distribucionarc.com\",\"telephone\":\"+34 643496664\",\"legalName\":\"ARC TECH SOLUTIONS\",\"foundingDate\":\"2024-04-09\",\"vatID\":\"B55480172\",\"numberOfEmployees\":{\"@type\":\"QuantitativeValue\",\"minValue\":\"1\",\"maxValue\":\"10\"}}]}<\/script>\n<!-- \/ Yoast SEO Premium plugin. -->","yoast_head_json":{"title":"Automatischer Fleischschneider - ARC-Verteilung","robots":{"index":"index","follow":"follow","max-snippet":"max-snippet:-1","max-image-preview":"max-image-preview:large","max-video-preview":"max-video-preview:-1"},"canonical":"https:\/\/distribucionarc.com\/de\/produkt-2\/automatischer-fleischschneider\/","og_locale":"de_DE","og_type":"article","og_title":"Cortadora de fiambre autom\u00e1tica","og_description":"Cortadora de fiambre y carne autom\u00e1tica Nuestra cortadora de fiambre y carne autom\u00e1tica es la soluci\u00f3n perfecta para obtener cortes","og_url":"https:\/\/distribucionarc.com\/de\/produkt-2\/automatischer-fleischschneider\/","og_site_name":"distribuci\u00f3n ARC","article_modified_time":"2024-10-05T03:04:04+00:00","og_image":[{"width":1600,"height":1600,"url":"https:\/\/distribucionarc.com\/wp-content\/uploads\/2023\/05\/cortadora-fiambre-automatica-imagen-producto.jpg","type":"image\/jpeg"}],"twitter_card":"summary_large_image","twitter_misc":{"Gesch\u00e4tzte Lesezeit":"2\u00a0Minuten"},"schema":{"@context":"https:\/\/schema.org","@graph":[{"@type":"WebPage","@id":"https:\/\/distribucionarc.com\/nl\/producto\/cortadora-de-fiambre-automatica\/","url":"https:\/\/distribucionarc.com\/nl\/producto\/cortadora-de-fiambre-automatica\/","name":"Automatischer Fleischschneider - ARC-Verteilung","isPartOf":{"@id":"https:\/\/distribucionarc.com\/pl\/#website"},"primaryImageOfPage":{"@id":"https:\/\/distribucionarc.com\/nl\/producto\/cortadora-de-fiambre-automatica\/#primaryimage"},"image":{"@id":"https:\/\/distribucionarc.com\/nl\/producto\/cortadora-de-fiambre-automatica\/#primaryimage"},"thumbnailUrl":"https:\/\/distribucionarc.com\/wp-content\/uploads\/2023\/05\/cortadora-fiambre-automatica-imagen-producto.jpg","datePublished":"2023-05-12T21:13:08+00:00","dateModified":"2024-10-05T03:04:04+00:00","breadcrumb":{"@id":"https:\/\/distribucionarc.com\/nl\/producto\/cortadora-de-fiambre-automatica\/#breadcrumb"},"inLanguage":"de","potentialAction":[{"@type":"ReadAction","target":["https:\/\/distribucionarc.com\/nl\/producto\/cortadora-de-fiambre-automatica\/"]}]},{"@type":"ImageObject","inLanguage":"de","@id":"https:\/\/distribucionarc.com\/nl\/producto\/cortadora-de-fiambre-automatica\/#primaryimage","url":"https:\/\/distribucionarc.com\/wp-content\/uploads\/2023\/05\/cortadora-fiambre-automatica-imagen-producto.jpg","contentUrl":"https:\/\/distribucionarc.com\/wp-content\/uploads\/2023\/05\/cortadora-fiambre-automatica-imagen-producto.jpg","width":1600,"height":1600},{"@type":"BreadcrumbList","@id":"https:\/\/distribucionarc.com\/nl\/producto\/cortadora-de-fiambre-automatica\/#breadcrumb","itemListElement":[{"@type":"ListItem","position":1,"name":"Portada","item":"https:\/\/www.distribucionarc.com\/tr\/"},{"@type":"ListItem","position":2,"name":"Izdelki","item":"https:\/\/www.distribucionarc.com\/sl\/trgovina\/"},{"@type":"ListItem","position":3,"name":"Cortadora de fiambre autom\u00e1tica"}]},{"@type":"WebSite","@id":"https:\/\/distribucionarc.com\/pl\/#website","url":"https:\/\/distribucionarc.com\/pl\/","name":"ARC-Verteilung","description":"Das Unternehmen ist auf die Herstellung und den Vertrieb von Industriemaschinen, Dosenverschlie\u00dfmaschinen, Tablettenmaschinen, Fleischschneidemaschinen...","publisher":{"@id":"https:\/\/distribucionarc.com\/pl\/#organization"},"potentialAction":[{"@type":"SearchAction","target":{"@type":"EntryPoint","urlTemplate":"https:\/\/distribucionarc.com\/pl\/?s={search_term_string}"},"query-input":{"@type":"PropertyValueSpecification","valueRequired":true,"valueName":"search_term_string"}}],"inLanguage":"de"},{"@type":"Organization","@id":"https:\/\/distribucionarc.com\/pl\/#organization","name":"ARC-Verteilung","url":"https:\/\/distribucionarc.com\/pl\/","logo":{"@type":"ImageObject","inLanguage":"de","@id":"https:\/\/distribucionarc.com\/pl\/#\/schema\/logo\/image\/","url":"https:\/\/distribucionarc.com\/wp-content\/uploads\/2024\/10\/distribucion-ARC-COLOR-SIN-FONDO-e1732295305345.png","contentUrl":"https:\/\/distribucionarc.com\/wp-content\/uploads\/2024\/10\/distribucion-ARC-COLOR-SIN-FONDO-e1732295305345.png","width":1164,"height":558,"caption":"Distribuci\u00f3n ARC"},"image":{"@id":"https:\/\/distribucionarc.com\/pl\/#\/schema\/logo\/image\/"},"description":"Unternehmen, das auf die Herstellung und den Vertrieb von Industriemaschinen f\u00fcr den Lebensmittel- und Pharmasektor spezialisiert ist. Wir sind spezialisiert auf: Fleischschneidemaschinen Tablettenherstellung Industrielle F\u00f6rdersysteme Abf\u00fcllanlagen Dispenser Und vieles mehr... Wir bieten innovative und ma\u00dfgeschneiderte L\u00f6sungen zur Optimierung der Produktionsprozesse in Ihrem Unternehmen.","email":"Admistracion@distribucionarc.com","telephone":"+34 643496664","legalName":"ARC TECH SOLUTIONS","foundingDate":"2024-04-09","vatID":"B55480172","numberOfEmployees":{"@type":"QuantitativeValue","minValue":"1","maxValue":"10"}}]}},"_links":{"self":[{"href":"https:\/\/distribucionarc.com\/de\/wp-json\/wp\/v2\/product\/5761","targetHints":{"allow":["GET"]}}],"collection":[{"href":"https:\/\/distribucionarc.com\/de\/wp-json\/wp\/v2\/product"}],"about":[{"href":"https:\/\/distribucionarc.com\/de\/wp-json\/wp\/v2\/types\/product"}],"replies":[{"embeddable":true,"href":"https:\/\/distribucionarc.com\/de\/wp-json\/wp\/v2\/comments?post=5761"}],"version-history":[{"count":0,"href":"https:\/\/distribucionarc.com\/de\/wp-json\/wp\/v2\/product\/5761\/revisions"}],"wp:featuredmedia":[{"embeddable":true,"href":"https:\/\/distribucionarc.com\/de\/wp-json\/wp\/v2\/media\/5955"}],"wp:attachment":[{"href":"https:\/\/distribucionarc.com\/de\/wp-json\/wp\/v2\/media?parent=5761"}],"wp:term":[{"taxonomy":"product_brand","embeddable":true,"href":"https:\/\/distribucionarc.com\/de\/wp-json\/wp\/v2\/product_brand?post=5761"},{"taxonomy":"product_cat","embeddable":true,"href":"https:\/\/distribucionarc.com\/de\/wp-json\/wp\/v2\/product_cat?post=5761"},{"taxonomy":"product_tag","embeddable":true,"href":"https:\/\/distribucionarc.com\/de\/wp-json\/wp\/v2\/product_tag?post=5761"}],"curies":[{"name":"wp","href":"https:\/\/api.w.org\/{rel}","templated":true}]}}