{"id":6223,"date":"2023-07-26T14:20:26","date_gmt":"2023-07-26T14:20:26","guid":{"rendered":"https:\/\/distribucionarc.com\/?post_type=product&#038;p=6223"},"modified":"2023-07-26T15:28:16","modified_gmt":"2023-07-26T15:28:16","slug":"linear-industrielle-vakuumverpackung-4000-uh","status":"publish","type":"product","link":"https:\/\/distribucionarc.com\/de\/producto\/envasadora-al-vacio-lineal-industrial-4000-u-h\/","title":{"rendered":"Industrielle lineare Vakuumverpackungsmaschine 4000 U\/h"},"content":{"rendered":"<p>&nbsp;<\/p>\n<h2>Industrielle lineare Vakuumverpackungsmaschine Modell 320-T<\/h2>\n<p><a href=\"https:\/\/distribucionarc.com\/wp-content\/uploads\/2023\/07\/envasadora-al-vacio-lineal.jpg\"><img loading=\"lazy\" decoding=\"async\" class=\"alignnone size-medium wp-image-6228\" src=\"https:\/\/distribucionarc.com\/wp-content\/uploads\/2023\/07\/envasadora-al-vacio-lineal-225x300.jpg\" alt=\"\" width=\"225\" height=\"300\" srcset=\"https:\/\/distribucionarc.com\/wp-content\/uploads\/2023\/07\/envasadora-al-vacio-lineal-225x300.jpg 225w, https:\/\/distribucionarc.com\/wp-content\/uploads\/2023\/07\/envasadora-al-vacio-lineal-430x574.jpg 430w, https:\/\/distribucionarc.com\/wp-content\/uploads\/2023\/07\/envasadora-al-vacio-lineal-150x200.jpg 150w, https:\/\/distribucionarc.com\/wp-content\/uploads\/2023\/07\/envasadora-al-vacio-lineal-700x934.jpg 700w, https:\/\/distribucionarc.com\/wp-content\/uploads\/2023\/07\/envasadora-al-vacio-lineal-768x1024.jpg 768w, https:\/\/distribucionarc.com\/wp-content\/uploads\/2023\/07\/envasadora-al-vacio-lineal-1152x1536.jpg 1152w, https:\/\/distribucionarc.com\/wp-content\/uploads\/2023\/07\/envasadora-al-vacio-lineal-9x12.jpg 9w, https:\/\/distribucionarc.com\/wp-content\/uploads\/2023\/07\/envasadora-al-vacio-lineal-48x64.jpg 48w, https:\/\/distribucionarc.com\/wp-content\/uploads\/2023\/07\/envasadora-al-vacio-lineal.jpg 1276w\" sizes=\"auto, (max-width: 225px) 100vw, 225px\" \/><\/a>\u00a0 \u00a0 \u00a0 \u00a0 \u00a0 \u00a0 \u00a0 <a href=\"https:\/\/distribucionarc.com\/wp-content\/uploads\/2023\/07\/envasadora-lineal-al-vacio.jpg\"><img loading=\"lazy\" decoding=\"async\" class=\"alignnone size-medium wp-image-6229\" src=\"https:\/\/distribucionarc.com\/wp-content\/uploads\/2023\/07\/envasadora-lineal-al-vacio-225x300.jpg\" alt=\"\" width=\"225\" height=\"300\" srcset=\"https:\/\/distribucionarc.com\/wp-content\/uploads\/2023\/07\/envasadora-lineal-al-vacio-225x300.jpg 225w, https:\/\/distribucionarc.com\/wp-content\/uploads\/2023\/07\/envasadora-lineal-al-vacio-430x574.jpg 430w, https:\/\/distribucionarc.com\/wp-content\/uploads\/2023\/07\/envasadora-lineal-al-vacio-150x200.jpg 150w, https:\/\/distribucionarc.com\/wp-content\/uploads\/2023\/07\/envasadora-lineal-al-vacio-700x934.jpg 700w, https:\/\/distribucionarc.com\/wp-content\/uploads\/2023\/07\/envasadora-lineal-al-vacio-768x1024.jpg 768w, https:\/\/distribucionarc.com\/wp-content\/uploads\/2023\/07\/envasadora-lineal-al-vacio-1152x1536.jpg 1152w, https:\/\/distribucionarc.com\/wp-content\/uploads\/2023\/07\/envasadora-lineal-al-vacio-9x12.jpg 9w, https:\/\/distribucionarc.com\/wp-content\/uploads\/2023\/07\/envasadora-lineal-al-vacio-48x64.jpg 48w, https:\/\/distribucionarc.com\/wp-content\/uploads\/2023\/07\/envasadora-lineal-al-vacio.jpg 1276w\" sizes=\"auto, (max-width: 225px) 100vw, 225px\" \/><\/a><\/p>\n<p><strong>Die industrielle lineare Vakuumverpackungsmaschine Modell 320-T<\/strong>ist eine hochmoderne Maschine, die darauf ausgelegt ist, Flexibilit\u00e4t und Leistung im Verpackungsprozess zu bieten.<strong> Die Verpackungsmaschine 320-T<\/strong> Es zeichnet sich durch seine F\u00e4higkeit aus, sich an die Gr\u00f6\u00dfe des Verpackungsbeutels anzupassen. Mit einer Vakuumrollenbreite von 292 mm und einer Vakuumbeutelrollenbreite von 322 mm bietet Ihnen dieses Versiegelungsger\u00e4t die Flexibilit\u00e4t, mit verschiedenen Beutelgr\u00f6\u00dfen zu arbeiten.<\/p>\n<h3><strong>420-T lineare Industrie-Vakuumverpackungsmaschine<\/strong><\/h3>\n<p><a href=\"https:\/\/distribucionarc.com\/wp-content\/uploads\/2023\/07\/envasadora-al-vacio-lineal-industrial.jpg\"><img loading=\"lazy\" decoding=\"async\" class=\"alignnone size-medium wp-image-6227\" src=\"https:\/\/distribucionarc.com\/wp-content\/uploads\/2023\/07\/envasadora-al-vacio-lineal-industrial-225x300.jpg\" alt=\"\" width=\"225\" height=\"300\" srcset=\"https:\/\/distribucionarc.com\/wp-content\/uploads\/2023\/07\/envasadora-al-vacio-lineal-industrial-225x300.jpg 225w, https:\/\/distribucionarc.com\/wp-content\/uploads\/2023\/07\/envasadora-al-vacio-lineal-industrial-430x574.jpg 430w, https:\/\/distribucionarc.com\/wp-content\/uploads\/2023\/07\/envasadora-al-vacio-lineal-industrial-150x200.jpg 150w, https:\/\/distribucionarc.com\/wp-content\/uploads\/2023\/07\/envasadora-al-vacio-lineal-industrial-700x934.jpg 700w, https:\/\/distribucionarc.com\/wp-content\/uploads\/2023\/07\/envasadora-al-vacio-lineal-industrial-768x1024.jpg 768w, https:\/\/distribucionarc.com\/wp-content\/uploads\/2023\/07\/envasadora-al-vacio-lineal-industrial-1152x1536.jpg 1152w, https:\/\/distribucionarc.com\/wp-content\/uploads\/2023\/07\/envasadora-al-vacio-lineal-industrial-9x12.jpg 9w, https:\/\/distribucionarc.com\/wp-content\/uploads\/2023\/07\/envasadora-al-vacio-lineal-industrial-48x64.jpg 48w, https:\/\/distribucionarc.com\/wp-content\/uploads\/2023\/07\/envasadora-al-vacio-lineal-industrial.jpg 1276w\" sizes=\"auto, (max-width: 225px) 100vw, 225px\" \/>\u00a0\u00a0\u00a0\u00a0\u00a0\u00a0\u00a0\u00a0\u00a0 <\/a><a href=\"https:\/\/distribucionarc.com\/wp-content\/uploads\/2023\/07\/bolsas-envasadora-al-vacio.jpg\"><img loading=\"lazy\" decoding=\"async\" class=\"alignnone size-medium wp-image-6232\" src=\"https:\/\/distribucionarc.com\/wp-content\/uploads\/2023\/07\/bolsas-envasadora-al-vacio-225x300.jpg\" alt=\"\" width=\"225\" height=\"300\" srcset=\"https:\/\/distribucionarc.com\/wp-content\/uploads\/2023\/07\/bolsas-envasadora-al-vacio-225x300.jpg 225w, https:\/\/distribucionarc.com\/wp-content\/uploads\/2023\/07\/bolsas-envasadora-al-vacio-430x574.jpg 430w, https:\/\/distribucionarc.com\/wp-content\/uploads\/2023\/07\/bolsas-envasadora-al-vacio-150x200.jpg 150w, https:\/\/distribucionarc.com\/wp-content\/uploads\/2023\/07\/bolsas-envasadora-al-vacio-700x934.jpg 700w, https:\/\/distribucionarc.com\/wp-content\/uploads\/2023\/07\/bolsas-envasadora-al-vacio-768x1024.jpg 768w, https:\/\/distribucionarc.com\/wp-content\/uploads\/2023\/07\/bolsas-envasadora-al-vacio-1152x1536.jpg 1152w, https:\/\/distribucionarc.com\/wp-content\/uploads\/2023\/07\/bolsas-envasadora-al-vacio-9x12.jpg 9w, https:\/\/distribucionarc.com\/wp-content\/uploads\/2023\/07\/bolsas-envasadora-al-vacio-48x64.jpg 48w, https:\/\/distribucionarc.com\/wp-content\/uploads\/2023\/07\/bolsas-envasadora-al-vacio.jpg 1276w\" sizes=\"auto, (max-width: 225px) 100vw, 225px\" \/><\/a><\/p>\n<p><strong>Die lineare Industrie-Vakuumverpackungsmaschine Modell 420-T<\/strong>, eine vielseitige und effiziente Maschine Mit einem robusten Design und fortschrittlichen technischen Merkmalen ist diese Verpackungsmaschine darauf ausgelegt, hohe Leistung und qualitativ hochwertige Ergebnisse zu liefern. <strong>Die Verpackungsmaschine 420-T<\/strong> Die Produktionsgeschwindigkeit variiert je nach Gr\u00f6\u00dfe und Art des zu verpackenden Produkts. Unter optimalen Bedingungen kann eine beeindruckende Schwankung zwischen 2000 und 3000 P\/h erreicht werden. mit einer Rolle 392-mm-Verpackungsbeuteln und einer 422-mm-Steigrolle.<\/p>\n<h3>Lineares Vakuumierger\u00e4t Modell 520-T<\/h3>\n<p><strong>Das lineare Vakuumierger\u00e4t Modell 520-T<\/strong> Hohe Leistung, konzipiert f\u00fcr die anspruchsvollsten Verpackungsanforderungen in industriellen und gewerblichen Umgebungen. Produktionskapazit\u00e4t:<strong> Der Vakuumierer<\/strong> Es verf\u00fcgt \u00fcber eine dreireihige Konfiguration in drei Spalten, sodass 9 Beutel gleichzeitig verpackt werden k\u00f6nnen. Mit beeindruckender Geschwindigkeit kann er zwischen 36 und 63 Beutel in nur 1 Minute verpacken, mit einer Produktionsspanne von 2.160 bis 3.780 Beuteln in einer Stunde. (komplett ma\u00dfgeschneiderte Taschen)<\/p>\n<p><a href=\"https:\/\/distribucionarc.com\/wp-content\/uploads\/2023\/07\/envasadora-lineal-al-vacio-industrial.jpg\"><img loading=\"lazy\" decoding=\"async\" class=\"alignnone size-medium wp-image-6226\" src=\"https:\/\/distribucionarc.com\/wp-content\/uploads\/2023\/07\/envasadora-lineal-al-vacio-industrial-225x300.jpg\" alt=\"\" width=\"225\" height=\"300\" srcset=\"https:\/\/distribucionarc.com\/wp-content\/uploads\/2023\/07\/envasadora-lineal-al-vacio-industrial-225x300.jpg 225w, https:\/\/distribucionarc.com\/wp-content\/uploads\/2023\/07\/envasadora-lineal-al-vacio-industrial-430x574.jpg 430w, https:\/\/distribucionarc.com\/wp-content\/uploads\/2023\/07\/envasadora-lineal-al-vacio-industrial-150x200.jpg 150w, https:\/\/distribucionarc.com\/wp-content\/uploads\/2023\/07\/envasadora-lineal-al-vacio-industrial-700x934.jpg 700w, https:\/\/distribucionarc.com\/wp-content\/uploads\/2023\/07\/envasadora-lineal-al-vacio-industrial-768x1024.jpg 768w, https:\/\/distribucionarc.com\/wp-content\/uploads\/2023\/07\/envasadora-lineal-al-vacio-industrial-1152x1536.jpg 1152w, https:\/\/distribucionarc.com\/wp-content\/uploads\/2023\/07\/envasadora-lineal-al-vacio-industrial-9x12.jpg 9w, https:\/\/distribucionarc.com\/wp-content\/uploads\/2023\/07\/envasadora-lineal-al-vacio-industrial-48x64.jpg 48w, https:\/\/distribucionarc.com\/wp-content\/uploads\/2023\/07\/envasadora-lineal-al-vacio-industrial.jpg 1276w\" sizes=\"auto, (max-width: 225px) 100vw, 225px\" \/><\/a><\/p>\n<p><a href=\"https:\/\/distribucionarc.com\/wp-content\/uploads\/2023\/07\/complementos-envasadora-lineal.jpeg\"><img loading=\"lazy\" decoding=\"async\" class=\"alignnone wp-image-6236\" src=\"https:\/\/distribucionarc.com\/wp-content\/uploads\/2023\/07\/complementos-envasadora-lineal-261x300.jpeg\" alt=\"\" width=\"392\" height=\"451\" srcset=\"https:\/\/distribucionarc.com\/wp-content\/uploads\/2023\/07\/complementos-envasadora-lineal-261x300.jpeg 261w, https:\/\/distribucionarc.com\/wp-content\/uploads\/2023\/07\/complementos-envasadora-lineal-430x495.jpeg 430w, https:\/\/distribucionarc.com\/wp-content\/uploads\/2023\/07\/complementos-envasadora-lineal-150x173.jpeg 150w, https:\/\/distribucionarc.com\/wp-content\/uploads\/2023\/07\/complementos-envasadora-lineal-700x805.jpeg 700w, https:\/\/distribucionarc.com\/wp-content\/uploads\/2023\/07\/complementos-envasadora-lineal-890x1024.jpeg 890w, https:\/\/distribucionarc.com\/wp-content\/uploads\/2023\/07\/complementos-envasadora-lineal-768x883.jpeg 768w, https:\/\/distribucionarc.com\/wp-content\/uploads\/2023\/07\/complementos-envasadora-lineal-10x12.jpeg 10w, https:\/\/distribucionarc.com\/wp-content\/uploads\/2023\/07\/complementos-envasadora-lineal-48x55.jpeg 48w, https:\/\/distribucionarc.com\/wp-content\/uploads\/2023\/07\/complementos-envasadora-lineal.jpeg 1000w\" sizes=\"auto, (max-width: 392px) 100vw, 392px\" \/><\/a><\/p>\n<table width=\"568\">\n<tbody>\n<tr>\n<td width=\"142\">MODELL<\/td>\n<td width=\"142\">320-T<\/td>\n<td width=\"142\">420-T<\/td>\n<td width=\"142\">520-T<\/td>\n<\/tr>\n<tr>\n<td width=\"142\">Rollenbreite<\/td>\n<td width=\"142\">292mm<\/td>\n<td width=\"142\">392mm<\/td>\n<td width=\"142\">\u00a0492 mm<\/td>\n<\/tr>\n<tr>\n<td width=\"142\">Breite der Beutelrolle<\/td>\n<td width=\"142\">322mm<\/td>\n<td width=\"142\">\u00a0422mm<\/td>\n<td width=\"142\">520mm<\/td>\n<\/tr>\n<tr>\n<td width=\"142\">Vakuumpumpe<\/td>\n<td width=\"142\">100-200pa<\/td>\n<td width=\"142\">200pa<\/td>\n<td width=\"142\">200-300 Pa<\/td>\n<\/tr>\n<tr>\n<td width=\"142\">Luftdruck<\/td>\n<td width=\"142\">0,6 MPa<\/td>\n<td width=\"142\">0,6 MPa<\/td>\n<td width=\"142\">0,6 MPa<\/td>\n<\/tr>\n<tr>\n<td width=\"142\">Stromspannung<\/td>\n<td width=\"142\">380V 50H\/14KW<\/td>\n<td width=\"142\">380W50H\/16KW<\/td>\n<td width=\"142\">380 V 50 Stunden\/18 kW<\/td>\n<\/tr>\n<tr>\n<td width=\"142\">Abmessungen<\/td>\n<td width=\"142\">5380mm*965mm*1880mm*<\/td>\n<td width=\"142\">6150mm*1080mm*1880mm*<\/td>\n<td width=\"142\">6600mm*1180mm*1880mm*<\/td>\n<\/tr>\n<tr>\n<td width=\"142\">Gewicht<\/td>\n<td width=\"142\">1580 kg<\/td>\n<td width=\"142\">\u00a01820 kg<\/td>\n<td width=\"142\">2015kg<\/td>\n<\/tr>\n<\/tbody>\n<\/table>","protected":false},"excerpt":{"rendered":"<p>&nbsp; Lineare industrielle Vakuumverpackungsmaschine Modell 320-T Die lineare industrielle Vakuumverpackungsmaschine<\/p>","protected":false},"featured_media":6225,"comment_status":"open","ping_status":"closed","template":"","meta":{"wds_primary_product_brand":0,"wds_primary_product_cat":0},"product_brand":[],"product_cat":[266],"product_tag":[],"class_list":{"0":"post-6223","1":"product","2":"type-product","3":"status-publish","4":"has-post-thumbnail","6":"product_cat-accessories","7":"product_shipping_class-express","9":"first","10":"instock","11":"taxable","12":"shipping-taxable","13":"purchasable","14":"product-type-simple"},"yoast_head":"<!-- This site is optimized with the Yoast SEO Premium plugin v24.9 (Yoast SEO v26.1) - https:\/\/yoast.com\/wordpress\/plugins\/seo\/ -->\n<title>Envasadora al vac\u00edo lineal industrial 4000 u\/h - distribuci\u00f3n ARC<\/title>\n<meta name=\"robots\" content=\"index, follow, max-snippet:-1, max-image-preview:large, max-video-preview:-1\" \/>\n<link rel=\"canonical\" href=\"https:\/\/distribucionarc.com\/de\/produkt-2\/linear-industrielle-vakuumverpackung-4000-uh\/\" \/>\n<meta property=\"og:locale\" content=\"de_DE\" \/>\n<meta property=\"og:type\" content=\"article\" \/>\n<meta property=\"og:title\" content=\"Envasadora al vac\u00edo lineal industrial 4000 u\/h\" \/>\n<meta property=\"og:description\" content=\"&nbsp; Envasadora industrial lineal al vac\u00edo modelo 320-T \u00a0 \u00a0 \u00a0 \u00a0 \u00a0 \u00a0 \u00a0 La envasadora industrial lineal al\" \/>\n<meta property=\"og:url\" content=\"https:\/\/distribucionarc.com\/de\/produkt-2\/linear-industrielle-vakuumverpackung-4000-uh\/\" \/>\n<meta property=\"og:site_name\" content=\"distribuci\u00f3n ARC\" \/>\n<meta property=\"article:modified_time\" content=\"2023-07-26T15:28:16+00:00\" \/>\n<meta property=\"og:image\" content=\"https:\/\/distribucionarc.com\/wp-content\/uploads\/2023\/07\/imagen-producto-envasadora.jpg\" \/>\n\t<meta property=\"og:image:width\" content=\"962\" \/>\n\t<meta property=\"og:image:height\" content=\"596\" \/>\n\t<meta property=\"og:image:type\" content=\"image\/jpeg\" \/>\n<meta name=\"twitter:card\" content=\"summary_large_image\" \/>\n<meta name=\"twitter:label1\" content=\"Gesch\u00e4tzte Lesezeit\" \/>\n\t<meta name=\"twitter:data1\" content=\"2\u00a0Minuten\" \/>\n<script type=\"application\/ld+json\" class=\"yoast-schema-graph\">{\"@context\":\"https:\/\/schema.org\",\"@graph\":[{\"@type\":\"WebPage\",\"@id\":\"https:\/\/distribucionarc.com\/en\/producto\/envasadora-al-vacio-lineal-industrial-4000-u-h\/\",\"url\":\"https:\/\/distribucionarc.com\/en\/producto\/envasadora-al-vacio-lineal-industrial-4000-u-h\/\",\"name\":\"Envasadora al vac\u00edo lineal industrial 4000 u\/h - distribuci\u00f3n ARC\",\"isPartOf\":{\"@id\":\"https:\/\/www.distribucionarc.com\/#website\"},\"primaryImageOfPage\":{\"@id\":\"https:\/\/distribucionarc.com\/en\/producto\/envasadora-al-vacio-lineal-industrial-4000-u-h\/#primaryimage\"},\"image\":{\"@id\":\"https:\/\/distribucionarc.com\/en\/producto\/envasadora-al-vacio-lineal-industrial-4000-u-h\/#primaryimage\"},\"thumbnailUrl\":\"https:\/\/distribucionarc.com\/wp-content\/uploads\/2023\/07\/imagen-producto-envasadora.jpg\",\"datePublished\":\"2023-07-26T14:20:26+00:00\",\"dateModified\":\"2023-07-26T15:28:16+00:00\",\"breadcrumb\":{\"@id\":\"https:\/\/distribucionarc.com\/en\/producto\/envasadora-al-vacio-lineal-industrial-4000-u-h\/#breadcrumb\"},\"inLanguage\":\"de\",\"potentialAction\":[{\"@type\":\"ReadAction\",\"target\":[\"https:\/\/distribucionarc.com\/en\/producto\/envasadora-al-vacio-lineal-industrial-4000-u-h\/\"]}]},{\"@type\":\"ImageObject\",\"inLanguage\":\"de\",\"@id\":\"https:\/\/distribucionarc.com\/en\/producto\/envasadora-al-vacio-lineal-industrial-4000-u-h\/#primaryimage\",\"url\":\"https:\/\/distribucionarc.com\/wp-content\/uploads\/2023\/07\/imagen-producto-envasadora.jpg\",\"contentUrl\":\"https:\/\/distribucionarc.com\/wp-content\/uploads\/2023\/07\/imagen-producto-envasadora.jpg\",\"width\":962,\"height\":596},{\"@type\":\"BreadcrumbList\",\"@id\":\"https:\/\/distribucionarc.com\/en\/producto\/envasadora-al-vacio-lineal-industrial-4000-u-h\/#breadcrumb\",\"itemListElement\":[{\"@type\":\"ListItem\",\"position\":1,\"name\":\"Portada\",\"item\":\"https:\/\/distribucionarc.com\/pl\/\"},{\"@type\":\"ListItem\",\"position\":2,\"name\":\"\u0627\u0644\u0645\u0646\u062a\u062c\u0627\u062a\",\"item\":\"https:\/\/www.distribucionarc.com\/ar\/%d9%85%d8%ad%d9%84\/\"},{\"@type\":\"ListItem\",\"position\":3,\"name\":\"Envasadora al vac\u00edo lineal industrial 4000 u\/h\"}]},{\"@type\":\"WebSite\",\"@id\":\"https:\/\/www.distribucionarc.com\/#website\",\"url\":\"https:\/\/www.distribucionarc.com\/\",\"name\":\"distribuci\u00f3n ARC\",\"description\":\"Empresa especializada en la fabricaci\u00f3n y distribuci\u00f3n de maquinaria industrial, selladoras de latas, Maquinas de hacer pastillas, Maquinas de cortar carne...\",\"publisher\":{\"@id\":\"https:\/\/www.distribucionarc.com\/#organization\"},\"potentialAction\":[{\"@type\":\"SearchAction\",\"target\":{\"@type\":\"EntryPoint\",\"urlTemplate\":\"https:\/\/www.distribucionarc.com\/?s={search_term_string}\"},\"query-input\":{\"@type\":\"PropertyValueSpecification\",\"valueRequired\":true,\"valueName\":\"search_term_string\"}}],\"inLanguage\":\"de\"},{\"@type\":\"Organization\",\"@id\":\"https:\/\/www.distribucionarc.com\/#organization\",\"name\":\"Distribuci\u00f3n ARC\",\"url\":\"https:\/\/www.distribucionarc.com\/\",\"logo\":{\"@type\":\"ImageObject\",\"inLanguage\":\"de\",\"@id\":\"https:\/\/www.distribucionarc.com\/#\/schema\/logo\/image\/\",\"url\":\"https:\/\/distribucionarc.com\/wp-content\/uploads\/2024\/10\/distribucion-ARC-COLOR-SIN-FONDO-e1732295305345.png\",\"contentUrl\":\"https:\/\/distribucionarc.com\/wp-content\/uploads\/2024\/10\/distribucion-ARC-COLOR-SIN-FONDO-e1732295305345.png\",\"width\":1164,\"height\":558,\"caption\":\"Distribuci\u00f3n ARC\"},\"image\":{\"@id\":\"https:\/\/www.distribucionarc.com\/#\/schema\/logo\/image\/\"},\"description\":\"Empresa especializada en la fabricaci\u00f3n y distribuci\u00f3n de maquinaria industrial para los sectores alimentario y farmac\u00e9utico. Nos especializamos en: M\u00e1quinas de cortar carne Fabricaci\u00f3n de comprimidos Sistemas de transporte industrial L\u00edneas de embotellado Dosificadores Y mucho m\u00e1s... Ofrecemos soluciones innovadoras y personalizadas para optimizar los procesos productivos de tu empresa.\",\"email\":\"Admistracion@distribucionarc.com\",\"telephone\":\"+34 643496664\",\"legalName\":\"ARC TECH SOLUTIONS\",\"foundingDate\":\"2024-04-09\",\"vatID\":\"B55480172\",\"numberOfEmployees\":{\"@type\":\"QuantitativeValue\",\"minValue\":\"1\",\"maxValue\":\"10\"}}]}<\/script>\n<!-- \/ Yoast SEO Premium plugin. -->","yoast_head_json":{"title":"Industrielle lineare Vakuumverpackungsmaschine 4000 U\/h \u2013 ARC-Verteilung","robots":{"index":"index","follow":"follow","max-snippet":"max-snippet:-1","max-image-preview":"max-image-preview:large","max-video-preview":"max-video-preview:-1"},"canonical":"https:\/\/distribucionarc.com\/de\/produkt-2\/linear-industrielle-vakuumverpackung-4000-uh\/","og_locale":"de_DE","og_type":"article","og_title":"Envasadora al vac\u00edo lineal industrial 4000 u\/h","og_description":"&nbsp; Envasadora industrial lineal al vac\u00edo modelo 320-T \u00a0 \u00a0 \u00a0 \u00a0 \u00a0 \u00a0 \u00a0 La envasadora industrial lineal al","og_url":"https:\/\/distribucionarc.com\/de\/produkt-2\/linear-industrielle-vakuumverpackung-4000-uh\/","og_site_name":"distribuci\u00f3n ARC","article_modified_time":"2023-07-26T15:28:16+00:00","og_image":[{"width":962,"height":596,"url":"https:\/\/distribucionarc.com\/wp-content\/uploads\/2023\/07\/imagen-producto-envasadora.jpg","type":"image\/jpeg"}],"twitter_card":"summary_large_image","twitter_misc":{"Gesch\u00e4tzte Lesezeit":"2\u00a0Minuten"},"schema":{"@context":"https:\/\/schema.org","@graph":[{"@type":"WebPage","@id":"https:\/\/distribucionarc.com\/en\/producto\/envasadora-al-vacio-lineal-industrial-4000-u-h\/","url":"https:\/\/distribucionarc.com\/en\/producto\/envasadora-al-vacio-lineal-industrial-4000-u-h\/","name":"Industrielle lineare Vakuumverpackungsmaschine 4000 U\/h \u2013 ARC-Verteilung","isPartOf":{"@id":"https:\/\/www.distribucionarc.com\/#website"},"primaryImageOfPage":{"@id":"https:\/\/distribucionarc.com\/en\/producto\/envasadora-al-vacio-lineal-industrial-4000-u-h\/#primaryimage"},"image":{"@id":"https:\/\/distribucionarc.com\/en\/producto\/envasadora-al-vacio-lineal-industrial-4000-u-h\/#primaryimage"},"thumbnailUrl":"https:\/\/distribucionarc.com\/wp-content\/uploads\/2023\/07\/imagen-producto-envasadora.jpg","datePublished":"2023-07-26T14:20:26+00:00","dateModified":"2023-07-26T15:28:16+00:00","breadcrumb":{"@id":"https:\/\/distribucionarc.com\/en\/producto\/envasadora-al-vacio-lineal-industrial-4000-u-h\/#breadcrumb"},"inLanguage":"de","potentialAction":[{"@type":"ReadAction","target":["https:\/\/distribucionarc.com\/en\/producto\/envasadora-al-vacio-lineal-industrial-4000-u-h\/"]}]},{"@type":"ImageObject","inLanguage":"de","@id":"https:\/\/distribucionarc.com\/en\/producto\/envasadora-al-vacio-lineal-industrial-4000-u-h\/#primaryimage","url":"https:\/\/distribucionarc.com\/wp-content\/uploads\/2023\/07\/imagen-producto-envasadora.jpg","contentUrl":"https:\/\/distribucionarc.com\/wp-content\/uploads\/2023\/07\/imagen-producto-envasadora.jpg","width":962,"height":596},{"@type":"BreadcrumbList","@id":"https:\/\/distribucionarc.com\/en\/producto\/envasadora-al-vacio-lineal-industrial-4000-u-h\/#breadcrumb","itemListElement":[{"@type":"ListItem","position":1,"name":"Portada","item":"https:\/\/distribucionarc.com\/pl\/"},{"@type":"ListItem","position":2,"name":"\u0627\u0644\u0645\u0646\u062a\u062c\u0627\u062a","item":"https:\/\/www.distribucionarc.com\/ar\/%d9%85%d8%ad%d9%84\/"},{"@type":"ListItem","position":3,"name":"Envasadora al vac\u00edo lineal industrial 4000 u\/h"}]},{"@type":"WebSite","@id":"https:\/\/www.distribucionarc.com\/#website","url":"https:\/\/www.distribucionarc.com\/","name":"ARC-Verteilung","description":"Das Unternehmen ist auf die Herstellung und den Vertrieb von Industriemaschinen, Dosenverschlie\u00dfmaschinen, Tablettenmaschinen, Fleischschneidemaschinen...","publisher":{"@id":"https:\/\/www.distribucionarc.com\/#organization"},"potentialAction":[{"@type":"SearchAction","target":{"@type":"EntryPoint","urlTemplate":"https:\/\/www.distribucionarc.com\/?s={search_term_string}"},"query-input":{"@type":"PropertyValueSpecification","valueRequired":true,"valueName":"search_term_string"}}],"inLanguage":"de"},{"@type":"Organization","@id":"https:\/\/www.distribucionarc.com\/#organization","name":"ARC-Verteilung","url":"https:\/\/www.distribucionarc.com\/","logo":{"@type":"ImageObject","inLanguage":"de","@id":"https:\/\/www.distribucionarc.com\/#\/schema\/logo\/image\/","url":"https:\/\/distribucionarc.com\/wp-content\/uploads\/2024\/10\/distribucion-ARC-COLOR-SIN-FONDO-e1732295305345.png","contentUrl":"https:\/\/distribucionarc.com\/wp-content\/uploads\/2024\/10\/distribucion-ARC-COLOR-SIN-FONDO-e1732295305345.png","width":1164,"height":558,"caption":"Distribuci\u00f3n ARC"},"image":{"@id":"https:\/\/www.distribucionarc.com\/#\/schema\/logo\/image\/"},"description":"Unternehmen, das auf die Herstellung und den Vertrieb von Industriemaschinen f\u00fcr den Lebensmittel- und Pharmasektor spezialisiert ist. Wir sind spezialisiert auf: Fleischschneidemaschinen Tablettenherstellung Industrielle F\u00f6rdersysteme Abf\u00fcllanlagen Dispenser Und vieles mehr... Wir bieten innovative und ma\u00dfgeschneiderte L\u00f6sungen zur Optimierung der Produktionsprozesse in Ihrem Unternehmen.","email":"Admistracion@distribucionarc.com","telephone":"+34 643496664","legalName":"ARC TECH SOLUTIONS","foundingDate":"2024-04-09","vatID":"B55480172","numberOfEmployees":{"@type":"QuantitativeValue","minValue":"1","maxValue":"10"}}]}},"_links":{"self":[{"href":"https:\/\/distribucionarc.com\/de\/wp-json\/wp\/v2\/product\/6223","targetHints":{"allow":["GET"]}}],"collection":[{"href":"https:\/\/distribucionarc.com\/de\/wp-json\/wp\/v2\/product"}],"about":[{"href":"https:\/\/distribucionarc.com\/de\/wp-json\/wp\/v2\/types\/product"}],"replies":[{"embeddable":true,"href":"https:\/\/distribucionarc.com\/de\/wp-json\/wp\/v2\/comments?post=6223"}],"version-history":[{"count":0,"href":"https:\/\/distribucionarc.com\/de\/wp-json\/wp\/v2\/product\/6223\/revisions"}],"wp:featuredmedia":[{"embeddable":true,"href":"https:\/\/distribucionarc.com\/de\/wp-json\/wp\/v2\/media\/6225"}],"wp:attachment":[{"href":"https:\/\/distribucionarc.com\/de\/wp-json\/wp\/v2\/media?parent=6223"}],"wp:term":[{"taxonomy":"product_brand","embeddable":true,"href":"https:\/\/distribucionarc.com\/de\/wp-json\/wp\/v2\/product_brand?post=6223"},{"taxonomy":"product_cat","embeddable":true,"href":"https:\/\/distribucionarc.com\/de\/wp-json\/wp\/v2\/product_cat?post=6223"},{"taxonomy":"product_tag","embeddable":true,"href":"https:\/\/distribucionarc.com\/de\/wp-json\/wp\/v2\/product_tag?post=6223"}],"curies":[{"name":"wp","href":"https:\/\/api.w.org\/{rel}","templated":true}]}}