{"id":6240,"date":"2023-07-26T18:22:29","date_gmt":"2023-07-26T18:22:29","guid":{"rendered":"https:\/\/distribucionarc.com\/?post_type=product&#038;p=6240"},"modified":"2023-07-26T18:22:30","modified_gmt":"2023-07-26T18:22:30","slug":"automatischer-kaseschneider","status":"publish","type":"product","link":"https:\/\/distribucionarc.com\/de\/producto\/cortadora-de-queso-automatica\/","title":{"rendered":"Automatischer K\u00e4seschneider"},"content":{"rendered":"<h2>Dreieckiger K\u00e4sehobel<\/h2>\n<p><strong>Der dreieckige K\u00e4sehobel<\/strong> ist eine Spezialmaschine, die zur Optimierung der Zubereitung spezifischer dreieckiger und halbierter K\u00e4seprodukte entwickelt wurde. Mit einer Messerbreite von 300 mm und einer Messerh\u00f6he von 127 mm garantiert dieser Hobel pr\u00e4zise und gleichm\u00e4\u00dfige Schnitte in jeder K\u00e4seportion. Sein effizienter Betrieb erm\u00f6glicht eine Geschwindigkeit von bis zu 60 Schnitten pro Minute und steigert so die Produktivit\u00e4t und Leistung in gewerblichen und Lebensmittelproduktionsumgebungen erheblich.<\/p>\n<p><a href=\"https:\/\/distribucionarc.com\/wp-content\/uploads\/2023\/07\/CORTADORA-DE-QUESO-TRIANGUILO-MEDIDAS.jpg\"><img loading=\"lazy\" decoding=\"async\" class=\"alignnone size-medium wp-image-6241\" src=\"https:\/\/distribucionarc.com\/wp-content\/uploads\/2023\/07\/CORTADORA-DE-QUESO-TRIANGUILO-MEDIDAS-300x236.jpg\" alt=\"\" width=\"300\" height=\"236\" srcset=\"https:\/\/distribucionarc.com\/wp-content\/uploads\/2023\/07\/CORTADORA-DE-QUESO-TRIANGUILO-MEDIDAS-300x236.jpg 300w, https:\/\/distribucionarc.com\/wp-content\/uploads\/2023\/07\/CORTADORA-DE-QUESO-TRIANGUILO-MEDIDAS-430x339.jpg 430w, https:\/\/distribucionarc.com\/wp-content\/uploads\/2023\/07\/CORTADORA-DE-QUESO-TRIANGUILO-MEDIDAS-150x118.jpg 150w, https:\/\/distribucionarc.com\/wp-content\/uploads\/2023\/07\/CORTADORA-DE-QUESO-TRIANGUILO-MEDIDAS-600x472.jpg 600w, https:\/\/distribucionarc.com\/wp-content\/uploads\/2023\/07\/CORTADORA-DE-QUESO-TRIANGUILO-MEDIDAS-15x12.jpg 15w, https:\/\/distribucionarc.com\/wp-content\/uploads\/2023\/07\/CORTADORA-DE-QUESO-TRIANGUILO-MEDIDAS-48x38.jpg 48w, https:\/\/distribucionarc.com\/wp-content\/uploads\/2023\/07\/CORTADORA-DE-QUESO-TRIANGUILO-MEDIDAS.jpg 696w\" sizes=\"auto, (max-width: 300px) 100vw, 300px\" \/><\/a><\/p>\n<p>TECHNISCHE SPEZIFIKATIONEN<\/p>\n<ul>\n<li>Spannung: 220V\/50H+10%<\/li>\n<li>Maximale Leistung 1,0 kW<\/li>\n<li>Messerbreite 300 mm<\/li>\n<li>Messerh\u00f6he 127mm<\/li>\n<li>Schnittgeschwindigkeit 60 Schnitte\/Min<\/li>\n<li>Abmessungen 169*mm 67*mm 80*mm<\/li>\n<li>Gewicht 200 kg<\/li>\n<\/ul>","protected":false},"excerpt":{"rendered":"<p>Triangle K\u00e4sehobel Der Triangle K\u00e4sehobel ist eine Spezialmaschine zur Optimierung der Zubereitung von Produkten<\/p>","protected":false},"featured_media":6242,"comment_status":"open","ping_status":"closed","template":"","meta":{"wds_primary_product_brand":0,"wds_primary_product_cat":0},"product_brand":[],"product_cat":[266],"product_tag":[],"class_list":{"0":"post-6240","1":"product","2":"type-product","3":"status-publish","4":"has-post-thumbnail","6":"product_cat-accessories","7":"product_shipping_class-express","9":"first","10":"instock","11":"taxable","12":"shipping-taxable","13":"purchasable","14":"product-type-simple"},"yoast_head":"<!-- This site is optimized with the Yoast SEO Premium plugin v24.9 (Yoast SEO v26.1) - https:\/\/yoast.com\/wordpress\/plugins\/seo\/ -->\n<title>Cortadora de queso automatica - distribuci\u00f3n ARC<\/title>\n<meta name=\"robots\" content=\"index, follow, max-snippet:-1, max-image-preview:large, max-video-preview:-1\" \/>\n<link rel=\"canonical\" href=\"https:\/\/distribucionarc.com\/de\/produkt-2\/automatischer-kaseschneider\/\" \/>\n<meta property=\"og:locale\" content=\"de_DE\" \/>\n<meta property=\"og:type\" content=\"article\" \/>\n<meta property=\"og:title\" content=\"Cortadora de queso automatica\" \/>\n<meta property=\"og:description\" content=\"Cortadora de queso triangulo La cortadora de queso tri\u00e1ngulo es una m\u00e1quina especializada dise\u00f1ada para optimizar la preparaci\u00f3n de productos\" \/>\n<meta property=\"og:url\" content=\"https:\/\/distribucionarc.com\/de\/produkt-2\/automatischer-kaseschneider\/\" \/>\n<meta property=\"og:site_name\" content=\"distribuci\u00f3n ARC\" \/>\n<meta property=\"article:modified_time\" content=\"2023-07-26T18:22:30+00:00\" \/>\n<meta property=\"og:image\" content=\"https:\/\/distribucionarc.com\/wp-content\/uploads\/2023\/07\/CORTADORA-DE-QUESO-TRIANGULO.png\" \/>\n\t<meta property=\"og:image:width\" content=\"564\" \/>\n\t<meta property=\"og:image:height\" content=\"1026\" \/>\n\t<meta property=\"og:image:type\" content=\"image\/png\" \/>\n<meta name=\"twitter:card\" content=\"summary_large_image\" \/>\n<meta name=\"twitter:label1\" content=\"Gesch\u00e4tzte Lesezeit\" \/>\n\t<meta name=\"twitter:data1\" content=\"1\u00a0Minute\" \/>\n<script type=\"application\/ld+json\" class=\"yoast-schema-graph\">{\"@context\":\"https:\/\/schema.org\",\"@graph\":[{\"@type\":\"WebPage\",\"@id\":\"https:\/\/distribucionarc.com\/pl\/producto\/cortadora-de-queso-automatica\/\",\"url\":\"https:\/\/distribucionarc.com\/pl\/producto\/cortadora-de-queso-automatica\/\",\"name\":\"Cortadora de queso automatica - distribuci\u00f3n ARC\",\"isPartOf\":{\"@id\":\"https:\/\/www.distribucionarc.com\/tr\/#website\"},\"primaryImageOfPage\":{\"@id\":\"https:\/\/distribucionarc.com\/pl\/producto\/cortadora-de-queso-automatica\/#primaryimage\"},\"image\":{\"@id\":\"https:\/\/distribucionarc.com\/pl\/producto\/cortadora-de-queso-automatica\/#primaryimage\"},\"thumbnailUrl\":\"https:\/\/distribucionarc.com\/wp-content\/uploads\/2023\/07\/CORTADORA-DE-QUESO-TRIANGULO.png\",\"datePublished\":\"2023-07-26T18:22:29+00:00\",\"dateModified\":\"2023-07-26T18:22:30+00:00\",\"breadcrumb\":{\"@id\":\"https:\/\/distribucionarc.com\/pl\/producto\/cortadora-de-queso-automatica\/#breadcrumb\"},\"inLanguage\":\"de\",\"potentialAction\":[{\"@type\":\"ReadAction\",\"target\":[\"https:\/\/distribucionarc.com\/pl\/producto\/cortadora-de-queso-automatica\/\"]}]},{\"@type\":\"ImageObject\",\"inLanguage\":\"de\",\"@id\":\"https:\/\/distribucionarc.com\/pl\/producto\/cortadora-de-queso-automatica\/#primaryimage\",\"url\":\"https:\/\/distribucionarc.com\/wp-content\/uploads\/2023\/07\/CORTADORA-DE-QUESO-TRIANGULO.png\",\"contentUrl\":\"https:\/\/distribucionarc.com\/wp-content\/uploads\/2023\/07\/CORTADORA-DE-QUESO-TRIANGULO.png\",\"width\":564,\"height\":1026},{\"@type\":\"BreadcrumbList\",\"@id\":\"https:\/\/distribucionarc.com\/pl\/producto\/cortadora-de-queso-automatica\/#breadcrumb\",\"itemListElement\":[{\"@type\":\"ListItem\",\"position\":1,\"name\":\"Portada\",\"item\":\"https:\/\/www.distribucionarc.com\/tr\/\"},{\"@type\":\"ListItem\",\"position\":2,\"name\":\"Produktai\",\"item\":\"https:\/\/distribucionarc.com\/lt\/parduotuve\/\"},{\"@type\":\"ListItem\",\"position\":3,\"name\":\"Cortadora de queso automatica\"}]},{\"@type\":\"WebSite\",\"@id\":\"https:\/\/www.distribucionarc.com\/tr\/#website\",\"url\":\"https:\/\/www.distribucionarc.com\/tr\/\",\"name\":\"distribuci\u00f3n ARC\",\"description\":\"Empresa especializada en la fabricaci\u00f3n y distribuci\u00f3n de maquinaria industrial, selladoras de latas, Maquinas de hacer pastillas, Maquinas de cortar carne...\",\"publisher\":{\"@id\":\"https:\/\/www.distribucionarc.com\/tr\/#organization\"},\"potentialAction\":[{\"@type\":\"SearchAction\",\"target\":{\"@type\":\"EntryPoint\",\"urlTemplate\":\"https:\/\/www.distribucionarc.com\/tr\/?s={search_term_string}\"},\"query-input\":{\"@type\":\"PropertyValueSpecification\",\"valueRequired\":true,\"valueName\":\"search_term_string\"}}],\"inLanguage\":\"de\"},{\"@type\":\"Organization\",\"@id\":\"https:\/\/www.distribucionarc.com\/tr\/#organization\",\"name\":\"Distribuci\u00f3n ARC\",\"url\":\"https:\/\/www.distribucionarc.com\/tr\/\",\"logo\":{\"@type\":\"ImageObject\",\"inLanguage\":\"de\",\"@id\":\"https:\/\/www.distribucionarc.com\/tr\/#\/schema\/logo\/image\/\",\"url\":\"https:\/\/distribucionarc.com\/wp-content\/uploads\/2024\/10\/distribucion-ARC-COLOR-SIN-FONDO-e1732295305345.png\",\"contentUrl\":\"https:\/\/distribucionarc.com\/wp-content\/uploads\/2024\/10\/distribucion-ARC-COLOR-SIN-FONDO-e1732295305345.png\",\"width\":1164,\"height\":558,\"caption\":\"Distribuci\u00f3n ARC\"},\"image\":{\"@id\":\"https:\/\/www.distribucionarc.com\/tr\/#\/schema\/logo\/image\/\"},\"description\":\"Empresa especializada en la fabricaci\u00f3n y distribuci\u00f3n de maquinaria industrial para los sectores alimentario y farmac\u00e9utico. Nos especializamos en: M\u00e1quinas de cortar carne Fabricaci\u00f3n de comprimidos Sistemas de transporte industrial L\u00edneas de embotellado Dosificadores Y mucho m\u00e1s... Ofrecemos soluciones innovadoras y personalizadas para optimizar los procesos productivos de tu empresa.\",\"email\":\"Admistracion@distribucionarc.com\",\"telephone\":\"+34 643496664\",\"legalName\":\"ARC TECH SOLUTIONS\",\"foundingDate\":\"2024-04-09\",\"vatID\":\"B55480172\",\"numberOfEmployees\":{\"@type\":\"QuantitativeValue\",\"minValue\":\"1\",\"maxValue\":\"10\"}}]}<\/script>\n<!-- \/ Yoast SEO Premium plugin. -->","yoast_head_json":{"title":"Automatischer K\u00e4seschneider - ARC-Verteilung","robots":{"index":"index","follow":"follow","max-snippet":"max-snippet:-1","max-image-preview":"max-image-preview:large","max-video-preview":"max-video-preview:-1"},"canonical":"https:\/\/distribucionarc.com\/de\/produkt-2\/automatischer-kaseschneider\/","og_locale":"de_DE","og_type":"article","og_title":"Cortadora de queso automatica","og_description":"Cortadora de queso triangulo La cortadora de queso tri\u00e1ngulo es una m\u00e1quina especializada dise\u00f1ada para optimizar la preparaci\u00f3n de productos","og_url":"https:\/\/distribucionarc.com\/de\/produkt-2\/automatischer-kaseschneider\/","og_site_name":"distribuci\u00f3n ARC","article_modified_time":"2023-07-26T18:22:30+00:00","og_image":[{"width":564,"height":1026,"url":"https:\/\/distribucionarc.com\/wp-content\/uploads\/2023\/07\/CORTADORA-DE-QUESO-TRIANGULO.png","type":"image\/png"}],"twitter_card":"summary_large_image","twitter_misc":{"Gesch\u00e4tzte Lesezeit":"1\u00a0Minute"},"schema":{"@context":"https:\/\/schema.org","@graph":[{"@type":"WebPage","@id":"https:\/\/distribucionarc.com\/pl\/producto\/cortadora-de-queso-automatica\/","url":"https:\/\/distribucionarc.com\/pl\/producto\/cortadora-de-queso-automatica\/","name":"Automatischer K\u00e4seschneider - ARC-Verteilung","isPartOf":{"@id":"https:\/\/www.distribucionarc.com\/tr\/#website"},"primaryImageOfPage":{"@id":"https:\/\/distribucionarc.com\/pl\/producto\/cortadora-de-queso-automatica\/#primaryimage"},"image":{"@id":"https:\/\/distribucionarc.com\/pl\/producto\/cortadora-de-queso-automatica\/#primaryimage"},"thumbnailUrl":"https:\/\/distribucionarc.com\/wp-content\/uploads\/2023\/07\/CORTADORA-DE-QUESO-TRIANGULO.png","datePublished":"2023-07-26T18:22:29+00:00","dateModified":"2023-07-26T18:22:30+00:00","breadcrumb":{"@id":"https:\/\/distribucionarc.com\/pl\/producto\/cortadora-de-queso-automatica\/#breadcrumb"},"inLanguage":"de","potentialAction":[{"@type":"ReadAction","target":["https:\/\/distribucionarc.com\/pl\/producto\/cortadora-de-queso-automatica\/"]}]},{"@type":"ImageObject","inLanguage":"de","@id":"https:\/\/distribucionarc.com\/pl\/producto\/cortadora-de-queso-automatica\/#primaryimage","url":"https:\/\/distribucionarc.com\/wp-content\/uploads\/2023\/07\/CORTADORA-DE-QUESO-TRIANGULO.png","contentUrl":"https:\/\/distribucionarc.com\/wp-content\/uploads\/2023\/07\/CORTADORA-DE-QUESO-TRIANGULO.png","width":564,"height":1026},{"@type":"BreadcrumbList","@id":"https:\/\/distribucionarc.com\/pl\/producto\/cortadora-de-queso-automatica\/#breadcrumb","itemListElement":[{"@type":"ListItem","position":1,"name":"Portada","item":"https:\/\/www.distribucionarc.com\/tr\/"},{"@type":"ListItem","position":2,"name":"Produktai","item":"https:\/\/distribucionarc.com\/lt\/parduotuve\/"},{"@type":"ListItem","position":3,"name":"Cortadora de queso automatica"}]},{"@type":"WebSite","@id":"https:\/\/www.distribucionarc.com\/tr\/#website","url":"https:\/\/www.distribucionarc.com\/tr\/","name":"ARC-Verteilung","description":"Das Unternehmen ist auf die Herstellung und den Vertrieb von Industriemaschinen, Dosenverschlie\u00dfmaschinen, Tablettenmaschinen, Fleischschneidemaschinen...","publisher":{"@id":"https:\/\/www.distribucionarc.com\/tr\/#organization"},"potentialAction":[{"@type":"SearchAction","target":{"@type":"EntryPoint","urlTemplate":"https:\/\/www.distribucionarc.com\/tr\/?s={search_term_string}"},"query-input":{"@type":"PropertyValueSpecification","valueRequired":true,"valueName":"search_term_string"}}],"inLanguage":"de"},{"@type":"Organization","@id":"https:\/\/www.distribucionarc.com\/tr\/#organization","name":"ARC-Verteilung","url":"https:\/\/www.distribucionarc.com\/tr\/","logo":{"@type":"ImageObject","inLanguage":"de","@id":"https:\/\/www.distribucionarc.com\/tr\/#\/schema\/logo\/image\/","url":"https:\/\/distribucionarc.com\/wp-content\/uploads\/2024\/10\/distribucion-ARC-COLOR-SIN-FONDO-e1732295305345.png","contentUrl":"https:\/\/distribucionarc.com\/wp-content\/uploads\/2024\/10\/distribucion-ARC-COLOR-SIN-FONDO-e1732295305345.png","width":1164,"height":558,"caption":"Distribuci\u00f3n ARC"},"image":{"@id":"https:\/\/www.distribucionarc.com\/tr\/#\/schema\/logo\/image\/"},"description":"Unternehmen, das auf die Herstellung und den Vertrieb von Industriemaschinen f\u00fcr den Lebensmittel- und Pharmasektor spezialisiert ist. Wir sind spezialisiert auf: Fleischschneidemaschinen Tablettenherstellung Industrielle F\u00f6rdersysteme Abf\u00fcllanlagen Dispenser Und vieles mehr... Wir bieten innovative und ma\u00dfgeschneiderte L\u00f6sungen zur Optimierung der Produktionsprozesse in Ihrem Unternehmen.","email":"Admistracion@distribucionarc.com","telephone":"+34 643496664","legalName":"ARC TECH SOLUTIONS","foundingDate":"2024-04-09","vatID":"B55480172","numberOfEmployees":{"@type":"QuantitativeValue","minValue":"1","maxValue":"10"}}]}},"_links":{"self":[{"href":"https:\/\/distribucionarc.com\/de\/wp-json\/wp\/v2\/product\/6240","targetHints":{"allow":["GET"]}}],"collection":[{"href":"https:\/\/distribucionarc.com\/de\/wp-json\/wp\/v2\/product"}],"about":[{"href":"https:\/\/distribucionarc.com\/de\/wp-json\/wp\/v2\/types\/product"}],"replies":[{"embeddable":true,"href":"https:\/\/distribucionarc.com\/de\/wp-json\/wp\/v2\/comments?post=6240"}],"version-history":[{"count":0,"href":"https:\/\/distribucionarc.com\/de\/wp-json\/wp\/v2\/product\/6240\/revisions"}],"wp:featuredmedia":[{"embeddable":true,"href":"https:\/\/distribucionarc.com\/de\/wp-json\/wp\/v2\/media\/6242"}],"wp:attachment":[{"href":"https:\/\/distribucionarc.com\/de\/wp-json\/wp\/v2\/media?parent=6240"}],"wp:term":[{"taxonomy":"product_brand","embeddable":true,"href":"https:\/\/distribucionarc.com\/de\/wp-json\/wp\/v2\/product_brand?post=6240"},{"taxonomy":"product_cat","embeddable":true,"href":"https:\/\/distribucionarc.com\/de\/wp-json\/wp\/v2\/product_cat?post=6240"},{"taxonomy":"product_tag","embeddable":true,"href":"https:\/\/distribucionarc.com\/de\/wp-json\/wp\/v2\/product_tag?post=6240"}],"curies":[{"name":"wp","href":"https:\/\/api.w.org\/{rel}","templated":true}]}}