{"id":6274,"date":"2023-08-07T23:45:38","date_gmt":"2023-08-07T23:45:38","guid":{"rendered":"https:\/\/distribucionarc.com\/?post_type=product&#038;p=6274"},"modified":"2025-05-28T03:09:58","modified_gmt":"2025-05-28T01:09:58","slug":"industrielle-etikettiermaschine-fur-5-liter-flaschen-und-karaffen","status":"publish","type":"product","link":"https:\/\/distribucionarc.com\/de\/producto\/maquina-etiquetadora-industrial-para-botellas-y-garrafas-de-5-litros\/","title":{"rendered":"INDUSTRIELLE ETIKETTIERMASCHINE F\u00dcR 5-LITER-FLASCHEN UND TR\u00c4GER"},"content":{"rendered":"<h2>Industrielle Etikettiermaschine f\u00fcr Flaschen<\/h2>\n<p><strong>Lineare Etikettiermaschine<\/strong> ist eine effiziente und vielseitige Industrieausr\u00fcstung, die zum pr\u00e4zisen und schnellen Anbringen von selbstklebenden Etiketten auf verschiedenen Produkten und Verpackungen entwickelt wurde. Seine technischen Spezifikationen sind optimiert, um eine hohe Leistung zu bieten und sich an eine Vielzahl von Etikettengr\u00f6\u00dfen und Produktionsgeschwindigkeiten anzupassen. Das<strong> Lineare Etikettiermaschine<\/strong> Es verf\u00fcgt \u00fcber eine beeindruckende Etikettierkapazit\u00e4t von 60 bis 350 St\u00fcck pro Minute. Diese einstellbare Geschwindigkeit erm\u00f6glicht die Anpassung an unterschiedliche Produktionslinien und Etikettieranforderungen.<\/p>\n<p><a href=\"https:\/\/distribucionarc.com\/wp-content\/uploads\/2023\/08\/etiquetadora-lineal-2-scaled.jpg\">\u00a0 \u00a0 \u00a0 \u00a0 \u00a0 \u00a0 \u00a0 \u00a0 \u00a0 \u00a0 \u00a0 \u00a0 \u00a0 \u00a0 \u00a0 \u00a0 \u00a0 \u00a0 \u00a0 \u00a0 \u00a0 \u00a0 \u00a0 \u00a0 \u00a0 \u00a0 \u00a0 \u00a0 \u00a0 \u00a0<img loading=\"lazy\" decoding=\"async\" class=\"alignnone size-medium wp-image-6276\" src=\"https:\/\/distribucionarc.com\/wp-content\/uploads\/2023\/08\/etiquetadora-lineal-2-300x200.jpg\" alt=\"\" width=\"300\" height=\"200\" srcset=\"https:\/\/distribucionarc.com\/wp-content\/uploads\/2023\/08\/etiquetadora-lineal-2-300x200.jpg 300w, https:\/\/distribucionarc.com\/wp-content\/uploads\/2023\/08\/etiquetadora-lineal-2-scaled-430x287.jpg 430w, https:\/\/distribucionarc.com\/wp-content\/uploads\/2023\/08\/etiquetadora-lineal-2-scaled-150x100.jpg 150w, https:\/\/distribucionarc.com\/wp-content\/uploads\/2023\/08\/etiquetadora-lineal-2-scaled-700x467.jpg 700w, https:\/\/distribucionarc.com\/wp-content\/uploads\/2023\/08\/etiquetadora-lineal-2-1024x683.jpg 1024w, https:\/\/distribucionarc.com\/wp-content\/uploads\/2023\/08\/etiquetadora-lineal-2-768x512.jpg 768w, https:\/\/distribucionarc.com\/wp-content\/uploads\/2023\/08\/etiquetadora-lineal-2-1536x1024.jpg 1536w, https:\/\/distribucionarc.com\/wp-content\/uploads\/2023\/08\/etiquetadora-lineal-2-2048x1365.jpg 2048w, https:\/\/distribucionarc.com\/wp-content\/uploads\/2023\/08\/etiquetadora-lineal-2-18x12.jpg 18w, https:\/\/distribucionarc.com\/wp-content\/uploads\/2023\/08\/etiquetadora-lineal-2-48x32.jpg 48w\" sizes=\"auto, (max-width: 300px) 100vw, 300px\" \/><\/a><\/p>\n<p>&nbsp;<\/p>\n<table>\n<tbody>\n<tr>\n<td width=\"283\">Maschinengr\u00f6\u00dfe<\/td>\n<td width=\"283\">L2800mm*B1650mm*H1500mm<\/td>\n<\/tr>\n<tr>\n<td width=\"283\">Stromspannung<\/td>\n<td width=\"283\">110V\/220V 50HZ\/60HZ<\/td>\n<\/tr>\n<tr>\n<td width=\"283\">Etikettiergeschwindigkeit<\/td>\n<td width=\"283\">60-350 St\u00fcck\/Min<\/td>\n<\/tr>\n<tr>\n<td width=\"283\">Objekth\u00f6he beschriften<\/td>\n<td width=\"283\">30-350mm<\/td>\n<\/tr>\n<tr>\n<td width=\"283\">Objektdicke beschriften<\/td>\n<td width=\"283\">20-120mm<\/td>\n<\/tr>\n<tr>\n<td width=\"283\">Etikettenh\u00f6he<\/td>\n<td width=\"283\">15\u2013200 mm<\/td>\n<\/tr>\n<tr>\n<td width=\"283\">Etikettenl\u00e4nge<\/td>\n<td width=\"283\">25\u2013300 mm<\/td>\n<\/tr>\n<tr>\n<td width=\"283\">Tag-Fehler<\/td>\n<td width=\"283\">\u00b11mm<\/td>\n<\/tr>\n<tr>\n<td width=\"283\">Innendurchmesser der Etikettenrolle<\/td>\n<td width=\"283\">75mm<\/td>\n<\/tr>\n<tr>\n<td width=\"283\">Au\u00dfendurchmesser der Etikettenrolle<\/td>\n<td width=\"283\">350mm<\/td>\n<\/tr>\n<tr>\n<td width=\"283\">Luftzufuhr<\/td>\n<td width=\"283\">5kg\/cm<sup>2<\/sup><\/td>\n<\/tr>\n<\/tbody>\n<\/table>\n<p>&nbsp;<\/p>\n<p>&nbsp;<\/p>","protected":false},"excerpt":{"rendered":"<p>Zusammenfassend: <strong>Industrielle lineare Etikettiermaschine<\/strong> ist eine geniale technologische L\u00f6sung, die die Fertigungsindustrie revolutioniert hat und daf\u00fcr sorgt, dass Produkte mit einwandfreien selbstklebenden Etiketten auf den Markt kommen, das Vertrauen der Kunden st\u00e4rkt und das Markenimage verbessert.<\/p>","protected":false},"featured_media":6277,"comment_status":"open","ping_status":"closed","template":"","meta":{"wds_primary_product_brand":0,"wds_primary_product_cat":0},"product_brand":[],"product_cat":[266,44],"product_tag":[],"class_list":{"0":"post-6274","1":"product","2":"type-product","3":"status-publish","4":"has-post-thumbnail","6":"product_cat-accessories","7":"product_cat-etiquetadoras-de-botellas","8":"product_shipping_class-express","10":"first","11":"instock","12":"taxable","13":"shipping-taxable","14":"purchasable","15":"product-type-simple"},"yoast_head":"<!-- This site is optimized with the Yoast SEO Premium plugin v24.9 (Yoast SEO v26.1) - https:\/\/yoast.com\/wordpress\/plugins\/seo\/ -->\n<title>MAQUINA ETIQUETADORA INDUSTRIAL PARA BOTELLAS Y GARRAFAS DE 5 LITROS - distribuci\u00f3n ARC<\/title>\n<meta name=\"robots\" content=\"index, follow, max-snippet:-1, max-image-preview:large, max-video-preview:-1\" \/>\n<link rel=\"canonical\" href=\"https:\/\/distribucionarc.com\/de\/produkt-2\/industrielle-etikettiermaschine-fur-5-liter-flaschen-und-karaffen\/\" \/>\n<meta property=\"og:locale\" content=\"de_DE\" \/>\n<meta property=\"og:type\" content=\"article\" \/>\n<meta property=\"og:title\" content=\"MAQUINA ETIQUETADORA INDUSTRIAL PARA BOTELLAS Y GARRAFAS DE 5 LITROS\" \/>\n<meta property=\"og:description\" content=\"En resumen, la m\u00e1quina etiquetadora lineal industrial es una ingeniosa soluci\u00f3n tecnol\u00f3gica que ha revolucionado la industria manufacturera, asegurando que los productos lleguen al mercado con etiquetas autoadhesivas impecables, lo que fortalece la confianza del cliente y mejora la imagen de la marca.\" \/>\n<meta property=\"og:url\" content=\"https:\/\/distribucionarc.com\/de\/produkt-2\/industrielle-etikettiermaschine-fur-5-liter-flaschen-und-karaffen\/\" \/>\n<meta property=\"og:site_name\" content=\"distribuci\u00f3n ARC\" \/>\n<meta property=\"article:modified_time\" content=\"2025-05-28T01:09:58+00:00\" \/>\n<meta property=\"og:image\" content=\"https:\/\/distribucionarc.com\/wp-content\/uploads\/2023\/08\/etiqueteadora-lineal-imagen-producto-scaled.jpg\" \/>\n\t<meta property=\"og:image:width\" content=\"2560\" \/>\n\t<meta property=\"og:image:height\" content=\"1707\" \/>\n\t<meta property=\"og:image:type\" content=\"image\/jpeg\" \/>\n<meta name=\"twitter:card\" content=\"summary_large_image\" \/>\n<meta name=\"twitter:label1\" content=\"Gesch\u00e4tzte Lesezeit\" \/>\n\t<meta name=\"twitter:data1\" content=\"2\u00a0Minuten\" \/>\n<script type=\"application\/ld+json\" class=\"yoast-schema-graph\">{\"@context\":\"https:\/\/schema.org\",\"@graph\":[{\"@type\":\"WebPage\",\"@id\":\"https:\/\/distribucionarc.com\/de\/producto\/maquina-etiquetadora-industrial-para-botellas-y-garrafas-de-5-litros\/\",\"url\":\"https:\/\/distribucionarc.com\/de\/producto\/maquina-etiquetadora-industrial-para-botellas-y-garrafas-de-5-litros\/\",\"name\":\"MAQUINA ETIQUETADORA INDUSTRIAL PARA BOTELLAS Y GARRAFAS DE 5 LITROS - distribuci\u00f3n ARC\",\"isPartOf\":{\"@id\":\"https:\/\/www.distribucionarc.com\/#website\"},\"primaryImageOfPage\":{\"@id\":\"https:\/\/distribucionarc.com\/de\/producto\/maquina-etiquetadora-industrial-para-botellas-y-garrafas-de-5-litros\/#primaryimage\"},\"image\":{\"@id\":\"https:\/\/distribucionarc.com\/de\/producto\/maquina-etiquetadora-industrial-para-botellas-y-garrafas-de-5-litros\/#primaryimage\"},\"thumbnailUrl\":\"https:\/\/distribucionarc.com\/wp-content\/uploads\/2023\/08\/etiqueteadora-lineal-imagen-producto-scaled.jpg\",\"datePublished\":\"2023-08-07T23:45:38+00:00\",\"dateModified\":\"2025-05-28T01:09:58+00:00\",\"breadcrumb\":{\"@id\":\"https:\/\/distribucionarc.com\/de\/producto\/maquina-etiquetadora-industrial-para-botellas-y-garrafas-de-5-litros\/#breadcrumb\"},\"inLanguage\":\"de\",\"potentialAction\":[{\"@type\":\"ReadAction\",\"target\":[\"https:\/\/distribucionarc.com\/de\/producto\/maquina-etiquetadora-industrial-para-botellas-y-garrafas-de-5-litros\/\"]}]},{\"@type\":\"ImageObject\",\"inLanguage\":\"de\",\"@id\":\"https:\/\/distribucionarc.com\/de\/producto\/maquina-etiquetadora-industrial-para-botellas-y-garrafas-de-5-litros\/#primaryimage\",\"url\":\"https:\/\/distribucionarc.com\/wp-content\/uploads\/2023\/08\/etiqueteadora-lineal-imagen-producto-scaled.jpg\",\"contentUrl\":\"https:\/\/distribucionarc.com\/wp-content\/uploads\/2023\/08\/etiqueteadora-lineal-imagen-producto-scaled.jpg\",\"width\":2560,\"height\":1707},{\"@type\":\"BreadcrumbList\",\"@id\":\"https:\/\/distribucionarc.com\/de\/producto\/maquina-etiquetadora-industrial-para-botellas-y-garrafas-de-5-litros\/#breadcrumb\",\"itemListElement\":[{\"@type\":\"ListItem\",\"position\":1,\"name\":\"Portada\",\"item\":\"https:\/\/distribucionarc.com\/pl\/\"},{\"@type\":\"ListItem\",\"position\":2,\"name\":\"\u0627\u0644\u0645\u0646\u062a\u062c\u0627\u062a\",\"item\":\"https:\/\/www.distribucionarc.com\/ar\/%d9%85%d8%ad%d9%84\/\"},{\"@type\":\"ListItem\",\"position\":3,\"name\":\"MAQUINA ETIQUETADORA INDUSTRIAL PARA BOTELLAS Y GARRAFAS DE 5 LITROS\"}]},{\"@type\":\"WebSite\",\"@id\":\"https:\/\/www.distribucionarc.com\/#website\",\"url\":\"https:\/\/www.distribucionarc.com\/\",\"name\":\"distribuci\u00f3n ARC\",\"description\":\"Empresa especializada en la fabricaci\u00f3n y distribuci\u00f3n de maquinaria industrial, selladoras de latas, Maquinas de hacer pastillas, Maquinas de cortar carne...\",\"publisher\":{\"@id\":\"https:\/\/www.distribucionarc.com\/#organization\"},\"potentialAction\":[{\"@type\":\"SearchAction\",\"target\":{\"@type\":\"EntryPoint\",\"urlTemplate\":\"https:\/\/www.distribucionarc.com\/?s={search_term_string}\"},\"query-input\":{\"@type\":\"PropertyValueSpecification\",\"valueRequired\":true,\"valueName\":\"search_term_string\"}}],\"inLanguage\":\"de\"},{\"@type\":\"Organization\",\"@id\":\"https:\/\/www.distribucionarc.com\/#organization\",\"name\":\"Distribuci\u00f3n ARC\",\"url\":\"https:\/\/www.distribucionarc.com\/\",\"logo\":{\"@type\":\"ImageObject\",\"inLanguage\":\"de\",\"@id\":\"https:\/\/www.distribucionarc.com\/#\/schema\/logo\/image\/\",\"url\":\"https:\/\/distribucionarc.com\/wp-content\/uploads\/2024\/10\/distribucion-ARC-COLOR-SIN-FONDO-e1732295305345.png\",\"contentUrl\":\"https:\/\/distribucionarc.com\/wp-content\/uploads\/2024\/10\/distribucion-ARC-COLOR-SIN-FONDO-e1732295305345.png\",\"width\":1164,\"height\":558,\"caption\":\"Distribuci\u00f3n ARC\"},\"image\":{\"@id\":\"https:\/\/www.distribucionarc.com\/#\/schema\/logo\/image\/\"},\"description\":\"Empresa especializada en la fabricaci\u00f3n y distribuci\u00f3n de maquinaria industrial para los sectores alimentario y farmac\u00e9utico. Nos especializamos en: M\u00e1quinas de cortar carne Fabricaci\u00f3n de comprimidos Sistemas de transporte industrial L\u00edneas de embotellado Dosificadores Y mucho m\u00e1s... Ofrecemos soluciones innovadoras y personalizadas para optimizar los procesos productivos de tu empresa.\",\"email\":\"Admistracion@distribucionarc.com\",\"telephone\":\"+34 643496664\",\"legalName\":\"ARC TECH SOLUTIONS\",\"foundingDate\":\"2024-04-09\",\"vatID\":\"B55480172\",\"numberOfEmployees\":{\"@type\":\"QuantitativeValue\",\"minValue\":\"1\",\"maxValue\":\"10\"}}]}<\/script>\n<!-- \/ Yoast SEO Premium plugin. -->","yoast_head_json":{"title":"INDUSTRIELLE ETIKETTIERMASCHINE F\u00dcR 5-LITER-FLASCHEN UND TR\u00c4GER \u2013 ARC-Verteilung","robots":{"index":"index","follow":"follow","max-snippet":"max-snippet:-1","max-image-preview":"max-image-preview:large","max-video-preview":"max-video-preview:-1"},"canonical":"https:\/\/distribucionarc.com\/de\/produkt-2\/industrielle-etikettiermaschine-fur-5-liter-flaschen-und-karaffen\/","og_locale":"de_DE","og_type":"article","og_title":"MAQUINA ETIQUETADORA INDUSTRIAL PARA BOTELLAS Y GARRAFAS DE 5 LITROS","og_description":"En resumen, la m\u00e1quina etiquetadora lineal industrial es una ingeniosa soluci\u00f3n tecnol\u00f3gica que ha revolucionado la industria manufacturera, asegurando que los productos lleguen al mercado con etiquetas autoadhesivas impecables, lo que fortalece la confianza del cliente y mejora la imagen de la marca.","og_url":"https:\/\/distribucionarc.com\/de\/produkt-2\/industrielle-etikettiermaschine-fur-5-liter-flaschen-und-karaffen\/","og_site_name":"distribuci\u00f3n ARC","article_modified_time":"2025-05-28T01:09:58+00:00","og_image":[{"width":2560,"height":1707,"url":"https:\/\/distribucionarc.com\/wp-content\/uploads\/2023\/08\/etiqueteadora-lineal-imagen-producto-scaled.jpg","type":"image\/jpeg"}],"twitter_card":"summary_large_image","twitter_misc":{"Gesch\u00e4tzte Lesezeit":"2\u00a0Minuten"},"schema":{"@context":"https:\/\/schema.org","@graph":[{"@type":"WebPage","@id":"https:\/\/distribucionarc.com\/de\/producto\/maquina-etiquetadora-industrial-para-botellas-y-garrafas-de-5-litros\/","url":"https:\/\/distribucionarc.com\/de\/producto\/maquina-etiquetadora-industrial-para-botellas-y-garrafas-de-5-litros\/","name":"INDUSTRIELLE ETIKETTIERMASCHINE F\u00dcR 5-LITER-FLASCHEN UND TR\u00c4GER \u2013 ARC-Verteilung","isPartOf":{"@id":"https:\/\/www.distribucionarc.com\/#website"},"primaryImageOfPage":{"@id":"https:\/\/distribucionarc.com\/de\/producto\/maquina-etiquetadora-industrial-para-botellas-y-garrafas-de-5-litros\/#primaryimage"},"image":{"@id":"https:\/\/distribucionarc.com\/de\/producto\/maquina-etiquetadora-industrial-para-botellas-y-garrafas-de-5-litros\/#primaryimage"},"thumbnailUrl":"https:\/\/distribucionarc.com\/wp-content\/uploads\/2023\/08\/etiqueteadora-lineal-imagen-producto-scaled.jpg","datePublished":"2023-08-07T23:45:38+00:00","dateModified":"2025-05-28T01:09:58+00:00","breadcrumb":{"@id":"https:\/\/distribucionarc.com\/de\/producto\/maquina-etiquetadora-industrial-para-botellas-y-garrafas-de-5-litros\/#breadcrumb"},"inLanguage":"de","potentialAction":[{"@type":"ReadAction","target":["https:\/\/distribucionarc.com\/de\/producto\/maquina-etiquetadora-industrial-para-botellas-y-garrafas-de-5-litros\/"]}]},{"@type":"ImageObject","inLanguage":"de","@id":"https:\/\/distribucionarc.com\/de\/producto\/maquina-etiquetadora-industrial-para-botellas-y-garrafas-de-5-litros\/#primaryimage","url":"https:\/\/distribucionarc.com\/wp-content\/uploads\/2023\/08\/etiqueteadora-lineal-imagen-producto-scaled.jpg","contentUrl":"https:\/\/distribucionarc.com\/wp-content\/uploads\/2023\/08\/etiqueteadora-lineal-imagen-producto-scaled.jpg","width":2560,"height":1707},{"@type":"BreadcrumbList","@id":"https:\/\/distribucionarc.com\/de\/producto\/maquina-etiquetadora-industrial-para-botellas-y-garrafas-de-5-litros\/#breadcrumb","itemListElement":[{"@type":"ListItem","position":1,"name":"Portada","item":"https:\/\/distribucionarc.com\/pl\/"},{"@type":"ListItem","position":2,"name":"\u0627\u0644\u0645\u0646\u062a\u062c\u0627\u062a","item":"https:\/\/www.distribucionarc.com\/ar\/%d9%85%d8%ad%d9%84\/"},{"@type":"ListItem","position":3,"name":"MAQUINA ETIQUETADORA INDUSTRIAL PARA BOTELLAS Y GARRAFAS DE 5 LITROS"}]},{"@type":"WebSite","@id":"https:\/\/www.distribucionarc.com\/#website","url":"https:\/\/www.distribucionarc.com\/","name":"ARC-Verteilung","description":"Das Unternehmen ist auf die Herstellung und den Vertrieb von Industriemaschinen, Dosenverschlie\u00dfmaschinen, Tablettenmaschinen, Fleischschneidemaschinen...","publisher":{"@id":"https:\/\/www.distribucionarc.com\/#organization"},"potentialAction":[{"@type":"SearchAction","target":{"@type":"EntryPoint","urlTemplate":"https:\/\/www.distribucionarc.com\/?s={search_term_string}"},"query-input":{"@type":"PropertyValueSpecification","valueRequired":true,"valueName":"search_term_string"}}],"inLanguage":"de"},{"@type":"Organization","@id":"https:\/\/www.distribucionarc.com\/#organization","name":"ARC-Verteilung","url":"https:\/\/www.distribucionarc.com\/","logo":{"@type":"ImageObject","inLanguage":"de","@id":"https:\/\/www.distribucionarc.com\/#\/schema\/logo\/image\/","url":"https:\/\/distribucionarc.com\/wp-content\/uploads\/2024\/10\/distribucion-ARC-COLOR-SIN-FONDO-e1732295305345.png","contentUrl":"https:\/\/distribucionarc.com\/wp-content\/uploads\/2024\/10\/distribucion-ARC-COLOR-SIN-FONDO-e1732295305345.png","width":1164,"height":558,"caption":"Distribuci\u00f3n ARC"},"image":{"@id":"https:\/\/www.distribucionarc.com\/#\/schema\/logo\/image\/"},"description":"Unternehmen, das auf die Herstellung und den Vertrieb von Industriemaschinen f\u00fcr den Lebensmittel- und Pharmasektor spezialisiert ist. Wir sind spezialisiert auf: Fleischschneidemaschinen Tablettenherstellung Industrielle F\u00f6rdersysteme Abf\u00fcllanlagen Dispenser Und vieles mehr... Wir bieten innovative und ma\u00dfgeschneiderte L\u00f6sungen zur Optimierung der Produktionsprozesse in Ihrem Unternehmen.","email":"Admistracion@distribucionarc.com","telephone":"+34 643496664","legalName":"ARC TECH SOLUTIONS","foundingDate":"2024-04-09","vatID":"B55480172","numberOfEmployees":{"@type":"QuantitativeValue","minValue":"1","maxValue":"10"}}]}},"_links":{"self":[{"href":"https:\/\/distribucionarc.com\/de\/wp-json\/wp\/v2\/product\/6274","targetHints":{"allow":["GET"]}}],"collection":[{"href":"https:\/\/distribucionarc.com\/de\/wp-json\/wp\/v2\/product"}],"about":[{"href":"https:\/\/distribucionarc.com\/de\/wp-json\/wp\/v2\/types\/product"}],"replies":[{"embeddable":true,"href":"https:\/\/distribucionarc.com\/de\/wp-json\/wp\/v2\/comments?post=6274"}],"version-history":[{"count":2,"href":"https:\/\/distribucionarc.com\/de\/wp-json\/wp\/v2\/product\/6274\/revisions"}],"predecessor-version":[{"id":17610,"href":"https:\/\/distribucionarc.com\/de\/wp-json\/wp\/v2\/product\/6274\/revisions\/17610"}],"wp:featuredmedia":[{"embeddable":true,"href":"https:\/\/distribucionarc.com\/de\/wp-json\/wp\/v2\/media\/6277"}],"wp:attachment":[{"href":"https:\/\/distribucionarc.com\/de\/wp-json\/wp\/v2\/media?parent=6274"}],"wp:term":[{"taxonomy":"product_brand","embeddable":true,"href":"https:\/\/distribucionarc.com\/de\/wp-json\/wp\/v2\/product_brand?post=6274"},{"taxonomy":"product_cat","embeddable":true,"href":"https:\/\/distribucionarc.com\/de\/wp-json\/wp\/v2\/product_cat?post=6274"},{"taxonomy":"product_tag","embeddable":true,"href":"https:\/\/distribucionarc.com\/de\/wp-json\/wp\/v2\/product_tag?post=6274"}],"curies":[{"name":"wp","href":"https:\/\/api.w.org\/{rel}","templated":true}]}}