{"id":654,"date":"2020-05-28T22:34:21","date_gmt":"2020-05-28T22:34:21","guid":{"rendered":"https:\/\/distribucionarc.com\/?post_type=product&#038;p=654"},"modified":"2024-09-04T19:31:36","modified_gmt":"2024-09-04T19:31:36","slug":"elektrische-fritteuse-fur-frittierten-fisch-kartoffeln-etc-2x10l-%f0%9f%8d%9f","status":"publish","type":"product","link":"https:\/\/distribucionarc.com\/de\/producto\/freidora-electrica-para-pescado-frito-patatas-etc-2x10l-%f0%9f%8d%9f\/","title":{"rendered":"Elektrische Fritteuse f\u00fcr gebratenen Fisch, Kartoffeln usw. 2x10L?"},"content":{"rendered":"<div class=\"description-row description-text\">\n<h2>Elektrische Fritteuse \u2013 2 x 10 Liter<\/h2>\n<p>Die elektrische Fritteuse ARC DISTRIBUCION ist f\u00fcr den professionellen Einsatz konzipiert und arbeitet mit 220 Volt. Damit k\u00f6nnen Sie bequem leckeres Braten zubereiten, unabh\u00e4ngig von der Art der Gerichte, die Sie zubereiten m\u00f6chten. Ideal f\u00fcr Ihr Restaurant oder Ihre Bar, damit Sie au\u00dfergew\u00f6hnliche gastronomische Erlebnisse bieten k\u00f6nnen.<\/p>\n<\/div>\n<div class=\"product-icon--wrapper\">\n<div class=\"product--icon\">\n<div class=\"icon-body\">\n<div class=\"product_icon_container svg-icon\"><\/div>\n<div class=\"icon-text\">\n<p>Dieses K\u00fcchenger\u00e4t hat eine maximale \u00d6lkapazit\u00e4t von bis zu 6,5 Litern und a\u00a0<strong>Gesamtvolumen von 10 Litern<\/strong>. Sie k\u00f6nnen es beruflich sehr vielseitig einsetzen und eignen sich besonders gut f\u00fcr die Zubereitung <strong>Fisch<\/strong>, Vorspeisen oder Chips.<\/p>\n<\/div>\n<\/div>\n<h3 class=\"product--icon-headline\">Schnelle und knusprige Snacks mit der Elektro-Fritteuse ARC 1020 f\u00fcr die Gastronomie<\/h3>\n<div class=\"icon-body\">\n<div class=\"product_icon_easy_clean svg-icon\"><\/div>\n<div class=\"icon-text\">\n<p>Der elektrische Frittierkorb hat die Ma\u00dfe 20 x 22 x 10 cm. Eventuell im Tank verbleibende Speisereste sammeln sich am Boden des Tanks, in der sogenannten Kaltzone, sodass sie nicht verbrennen. Dadurch beh\u00e4lt das \u00d6l seinen nat\u00fcrlichen Geschmack. Dar\u00fcber hinaus ist das Ablassen des \u00d6ls einfach.<\/p>\n<\/div>\n<\/div>\n<div class=\"icon-body\">\n<div class=\"product_icon_voltage svg-icon\"><\/div>\n<div class=\"icon-text\">\n<p>Dank der hohen Leistung von<strong>\u00a0Heizk\u00f6rper<\/strong> abnehmbar <strong>5000<\/strong>\u00a0<strong>Watt<\/strong>, erreicht das Frittier\u00f6l schnell die maximale Temperatur von 200 \u00b0C. F\u00fcr optimale Ergebnisse h\u00e4lt der hochempfindliche Thermostat die W\u00e4rme des \u00d6ltanks auf einer konstanten Temperatur. <span style=\"color: #0000ff;\">Diese Temperatur wird sehr schnell erreicht und mit einer intelligenten Elektronikplatine wird der Stromverbrauch auf ein Minimum reduziert, sobald das \u00d6l hei\u00df ist.<\/span> <span style=\"color: #ff0000;\">Sollte das \u00d6l \u00fcberhitzen oder der Heizkopf entfernt werden, schaltet eine Sicherung das Ger\u00e4t automatisch ab.<\/span><\/p>\n<\/div>\n<\/div>\n<div class=\"icon-body\">\n<div class=\"product_icon_durable svg-icon\"><\/div>\n<div class=\"icon-text\">\n<p>Der moderne Designbezug, hergestellt in\u00a0<strong>langlebiger Edelstahl<\/strong>, ist sehr widerstandsf\u00e4hig und dank abnehmbarem Heizelement leicht zu reinigen. Entscheiden Sie sich noch heute f\u00fcr eine leistungsstarke Elektrofritteuse \u2013 Ihre Kunden und G\u00e4ste werden es Ihnen danken.<\/p>\n<\/div>\n<\/div>\n<\/div>\n<\/div>","protected":false},"excerpt":{"rendered":"<h2><strong>10-Liter-Doppeltank-Elektrofritteuse f\u00fcr Bar oder Restaurant<\/strong><\/h2>\n<p>Unser <strong>Professionelle elektrische Fritteuse mit Doppeltank<\/strong> Es ist die perfekte L\u00f6sung f\u00fcr Unternehmen, die gro\u00dfe Mengen an Lebensmitteln schnell und effizient frittieren m\u00fcssen. Mit einer Gesamtkapazit\u00e4t von <strong>10 Liter pro Tank<\/strong>Diese Fritteuse wurde speziell f\u00fcr die Anforderungen von Gro\u00dfk\u00fcchen entwickelt, sei es in Bars, Restaurants oder Caf\u00e9s.<\/p>\n<p>Dank seines Doppeltanks ist das m\u00f6glich <strong>verschiedene Lebensmittel gleichzeitig braten<\/strong>, wodurch Qualit\u00e4t und Geschmack ohne unerw\u00fcnschte Vermischungen erhalten bleiben. Es ist ideal f\u00fcr die Zubereitung verschiedenster frittierter Speisen, wie zum Beispiel:<\/p>\n<ul>\n<li><strong>gebratener Fisch<\/strong>: Perfekt f\u00fcr knusprige Meeresfr\u00fcchtegerichte.<\/li>\n<li><strong>Chips<\/strong>: Klassische Begleitung in Bars und Restaurants.<\/li>\n<li><strong>gebratenes Schweinefleisch<\/strong>: Ideal f\u00fcr die Zubereitung von Tapas oder Hauptgerichten.<\/li>\n<li><strong>H\u00fchnerfl\u00fcgel<\/strong>: Knusprig und goldgelb auf den Punkt.<\/li>\n<li><strong>Kroketten<\/strong>: Gleichm\u00e4\u00dfiges Braten f\u00fcr Tapas oder Vorspeisen.<\/li>\n<li><strong>Paniertes Gem\u00fcse<\/strong>: F\u00fcr eine vegetarische Bratvariante.<\/li>\n<\/ul>\n<p>Hergestellt aus Edelstahl <strong>Doppeltankfritteuse<\/strong> Gew\u00e4hrleistet Langlebigkeit und einfache Reinigung, was in leistungsstarken Gro\u00dfk\u00fcchen unerl\u00e4sslich ist. Dar\u00fcber hinaus verf\u00fcgt jeder Tank \u00fcber eine unabh\u00e4ngige Temperaturregelung, sodass Sie die Hitze je nach Art der zu garenden Speisen anpassen k\u00f6nnen. Dies ist entscheidend, um au\u00dfen knusprige und innen saftige Pommes zu erhalten.<\/p>\n<p>Ob Sie auf der Suche nach einem sind <strong>Barfritteuse<\/strong>, A <strong>Restaurantfritteuse<\/strong>, oder ein <strong>Elektrofritteuse mit gro\u00dfer Kapazit\u00e4t<\/strong>ist diese Maschine die perfekte Option, um den Frittierprozess in Ihrer Gro\u00dfk\u00fcche zu optimieren.<\/p>","protected":false},"featured_media":661,"comment_status":"open","ping_status":"closed","template":"","meta":{"wds_primary_product_brand":0,"wds_primary_product_cat":0},"product_brand":[],"product_cat":[38],"product_tag":[],"class_list":{"0":"post-654","1":"product","2":"type-product","3":"status-publish","4":"has-post-thumbnail","6":"product_cat-freidoras","7":"product_shipping_class-hosteleria","9":"first","10":"instock","11":"taxable","12":"shipping-taxable","13":"purchasable","14":"product-type-simple"},"yoast_head":"<!-- This site is optimized with the Yoast SEO Premium plugin v24.9 (Yoast SEO v26.1) - https:\/\/yoast.com\/wordpress\/plugins\/seo\/ -->\n<title>Freidora el\u00e9ctrica para pescado frito, patatas, etc. 2x10L ? - distribuci\u00f3n ARC<\/title>\n<meta name=\"description\" content=\"Freidora el\u00e9ctrica de doble tanque de 10 litros para bares y restaurantes. Perfecta para fre\u00edr patatas, pescado y m\u00e1s con control independiente. Ideal para cocinas comerciales\" \/>\n<meta name=\"robots\" content=\"index, follow, max-snippet:-1, max-image-preview:large, max-video-preview:-1\" \/>\n<link rel=\"canonical\" href=\"https:\/\/www.distribucionarc.com\/ro\/producto\/freidora-electrica-para-pescado-frito-patatas-etc-2x10l-\ud83c\udf5f\/\" \/>\n<meta property=\"og:locale\" content=\"de_DE\" \/>\n<meta property=\"og:type\" content=\"article\" \/>\n<meta property=\"og:title\" content=\"Freidora el\u00e9ctrica para pescado frito, patatas, etc. 2x10L ?\" \/>\n<meta property=\"og:description\" content=\"Freidora el\u00e9ctrica de doble tanque de 10 litros para bares y restaurantes. Perfecta para fre\u00edr patatas, pescado y m\u00e1s con control independiente. Ideal para cocinas comerciales\" \/>\n<meta property=\"og:url\" content=\"https:\/\/www.distribucionarc.com\/ro\/producto\/freidora-electrica-para-pescado-frito-patatas-etc-2x10l-\ud83c\udf5f\/\" \/>\n<meta property=\"og:site_name\" content=\"distribuci\u00f3n ARC\" \/>\n<meta property=\"article:modified_time\" content=\"2024-09-04T19:31:36+00:00\" \/>\n<meta property=\"og:image\" content=\"https:\/\/distribucionarc.com\/wp-content\/uploads\/2020\/05\/Freidora-el\u00e9ctrica-para-pescado-frito-10L-0.jpg\" \/>\n\t<meta property=\"og:image:width\" content=\"1600\" \/>\n\t<meta property=\"og:image:height\" content=\"1600\" \/>\n\t<meta property=\"og:image:type\" content=\"image\/jpeg\" \/>\n<meta name=\"twitter:card\" content=\"summary_large_image\" \/>\n<meta name=\"twitter:label1\" content=\"Gesch\u00e4tzte Lesezeit\" \/>\n\t<meta name=\"twitter:data1\" content=\"2\u00a0Minuten\" \/>\n<script type=\"application\/ld+json\" class=\"yoast-schema-graph\">{\"@context\":\"https:\/\/schema.org\",\"@graph\":[{\"@type\":\"WebPage\",\"@id\":\"https:\/\/www.distribucionarc.com\/ro\/producto\/freidora-electrica-para-pescado-frito-patatas-etc-2x10l-%f0%9f%8d%9f\/\",\"url\":\"https:\/\/www.distribucionarc.com\/ro\/producto\/freidora-electrica-para-pescado-frito-patatas-etc-2x10l-%f0%9f%8d%9f\/\",\"name\":\"Freidora el\u00e9ctrica para pescado frito, patatas, etc. 2x10L ? - distribuci\u00f3n ARC\",\"isPartOf\":{\"@id\":\"https:\/\/distribucionarc.com\/ar\/#website\"},\"primaryImageOfPage\":{\"@id\":\"https:\/\/www.distribucionarc.com\/ro\/producto\/freidora-electrica-para-pescado-frito-patatas-etc-2x10l-%f0%9f%8d%9f\/#primaryimage\"},\"image\":{\"@id\":\"https:\/\/www.distribucionarc.com\/ro\/producto\/freidora-electrica-para-pescado-frito-patatas-etc-2x10l-%f0%9f%8d%9f\/#primaryimage\"},\"thumbnailUrl\":\"https:\/\/distribucionarc.com\/wp-content\/uploads\/2020\/05\/Freidora-el\u00e9ctrica-para-pescado-frito-10L-0.jpg\",\"datePublished\":\"2020-05-28T22:34:21+00:00\",\"dateModified\":\"2024-09-04T19:31:36+00:00\",\"description\":\"Freidora el\u00e9ctrica de doble tanque de 10 litros para bares y restaurantes. Perfecta para fre\u00edr patatas, pescado y m\u00e1s con control independiente. Ideal para cocinas comerciales\",\"breadcrumb\":{\"@id\":\"https:\/\/www.distribucionarc.com\/ro\/producto\/freidora-electrica-para-pescado-frito-patatas-etc-2x10l-%f0%9f%8d%9f\/#breadcrumb\"},\"inLanguage\":\"de\",\"potentialAction\":[{\"@type\":\"ReadAction\",\"target\":[\"https:\/\/www.distribucionarc.com\/ro\/producto\/freidora-electrica-para-pescado-frito-patatas-etc-2x10l-%f0%9f%8d%9f\/\"]}]},{\"@type\":\"ImageObject\",\"inLanguage\":\"de\",\"@id\":\"https:\/\/www.distribucionarc.com\/ro\/producto\/freidora-electrica-para-pescado-frito-patatas-etc-2x10l-%f0%9f%8d%9f\/#primaryimage\",\"url\":\"https:\/\/distribucionarc.com\/wp-content\/uploads\/2020\/05\/Freidora-el\u00e9ctrica-para-pescado-frito-10L-0.jpg\",\"contentUrl\":\"https:\/\/distribucionarc.com\/wp-content\/uploads\/2020\/05\/Freidora-el\u00e9ctrica-para-pescado-frito-10L-0.jpg\",\"width\":1600,\"height\":1600},{\"@type\":\"BreadcrumbList\",\"@id\":\"https:\/\/www.distribucionarc.com\/ro\/producto\/freidora-electrica-para-pescado-frito-patatas-etc-2x10l-%f0%9f%8d%9f\/#breadcrumb\",\"itemListElement\":[{\"@type\":\"ListItem\",\"position\":1,\"name\":\"Portada\",\"item\":\"https:\/\/www.distribucionarc.com\/pt\/\"},{\"@type\":\"ListItem\",\"position\":2,\"name\":\"Produtos\",\"item\":\"https:\/\/www.distribucionarc.com\/pt\/shop\/\"},{\"@type\":\"ListItem\",\"position\":3,\"name\":\"Freidora el\u00e9ctrica para pescado frito, patatas, etc. 2x10L ?\"}]},{\"@type\":\"WebSite\",\"@id\":\"https:\/\/distribucionarc.com\/ar\/#website\",\"url\":\"https:\/\/distribucionarc.com\/ar\/\",\"name\":\"distribuci\u00f3n ARC\",\"description\":\"Empresa especializada en la fabricaci\u00f3n y distribuci\u00f3n de maquinaria industrial, selladoras de latas, Maquinas de hacer pastillas, Maquinas de cortar carne...\",\"publisher\":{\"@id\":\"https:\/\/distribucionarc.com\/ar\/#organization\"},\"potentialAction\":[{\"@type\":\"SearchAction\",\"target\":{\"@type\":\"EntryPoint\",\"urlTemplate\":\"https:\/\/distribucionarc.com\/ar\/?s={search_term_string}\"},\"query-input\":{\"@type\":\"PropertyValueSpecification\",\"valueRequired\":true,\"valueName\":\"search_term_string\"}}],\"inLanguage\":\"de\"},{\"@type\":\"Organization\",\"@id\":\"https:\/\/distribucionarc.com\/ar\/#organization\",\"name\":\"Distribuci\u00f3n ARC\",\"url\":\"https:\/\/distribucionarc.com\/ar\/\",\"logo\":{\"@type\":\"ImageObject\",\"inLanguage\":\"de\",\"@id\":\"https:\/\/distribucionarc.com\/ar\/#\/schema\/logo\/image\/\",\"url\":\"https:\/\/distribucionarc.com\/wp-content\/uploads\/2024\/10\/distribucion-ARC-COLOR-SIN-FONDO-e1732295305345.png\",\"contentUrl\":\"https:\/\/distribucionarc.com\/wp-content\/uploads\/2024\/10\/distribucion-ARC-COLOR-SIN-FONDO-e1732295305345.png\",\"width\":1164,\"height\":558,\"caption\":\"Distribuci\u00f3n ARC\"},\"image\":{\"@id\":\"https:\/\/distribucionarc.com\/ar\/#\/schema\/logo\/image\/\"},\"description\":\"Empresa especializada en la fabricaci\u00f3n y distribuci\u00f3n de maquinaria industrial para los sectores alimentario y farmac\u00e9utico. Nos especializamos en: M\u00e1quinas de cortar carne Fabricaci\u00f3n de comprimidos Sistemas de transporte industrial L\u00edneas de embotellado Dosificadores Y mucho m\u00e1s... Ofrecemos soluciones innovadoras y personalizadas para optimizar los procesos productivos de tu empresa.\",\"email\":\"Admistracion@distribucionarc.com\",\"telephone\":\"+34 643496664\",\"legalName\":\"ARC TECH SOLUTIONS\",\"foundingDate\":\"2024-04-09\",\"vatID\":\"B55480172\",\"numberOfEmployees\":{\"@type\":\"QuantitativeValue\",\"minValue\":\"1\",\"maxValue\":\"10\"}}]}<\/script>\n<!-- \/ Yoast SEO Premium plugin. -->","yoast_head_json":{"title":"Elektrische Fritteuse f\u00fcr gebratenen Fisch, Kartoffeln usw. 2x10L? - ARC-Verteilung","description":"10-Liter-Doppeltank-Elektrofritteuse f\u00fcr Bars und Restaurants. Perfekt zum Braten von Kartoffeln, Fisch und mehr mit unabh\u00e4ngiger Steuerung. Ideal f\u00fcr gewerbliche K\u00fcchen","robots":{"index":"index","follow":"follow","max-snippet":"max-snippet:-1","max-image-preview":"max-image-preview:large","max-video-preview":"max-video-preview:-1"},"canonical":"https:\/\/www.distribucionarc.com\/ro\/producto\/freidora-electrica-para-pescado-frito-patatas-etc-2x10l-\ud83c\udf5f\/","og_locale":"de_DE","og_type":"article","og_title":"Freidora el\u00e9ctrica para pescado frito, patatas, etc. 2x10L ?","og_description":"Freidora el\u00e9ctrica de doble tanque de 10 litros para bares y restaurantes. Perfecta para fre\u00edr patatas, pescado y m\u00e1s con control independiente. Ideal para cocinas comerciales","og_url":"https:\/\/www.distribucionarc.com\/ro\/producto\/freidora-electrica-para-pescado-frito-patatas-etc-2x10l-\ud83c\udf5f\/","og_site_name":"distribuci\u00f3n ARC","article_modified_time":"2024-09-04T19:31:36+00:00","og_image":[{"width":1600,"height":1600,"url":"https:\/\/distribucionarc.com\/wp-content\/uploads\/2020\/05\/Freidora-el\u00e9ctrica-para-pescado-frito-10L-0.jpg","type":"image\/jpeg"}],"twitter_card":"summary_large_image","twitter_misc":{"Gesch\u00e4tzte Lesezeit":"2\u00a0Minuten"},"schema":{"@context":"https:\/\/schema.org","@graph":[{"@type":"WebPage","@id":"https:\/\/www.distribucionarc.com\/ro\/producto\/freidora-electrica-para-pescado-frito-patatas-etc-2x10l-%f0%9f%8d%9f\/","url":"https:\/\/www.distribucionarc.com\/ro\/producto\/freidora-electrica-para-pescado-frito-patatas-etc-2x10l-%f0%9f%8d%9f\/","name":"Elektrische Fritteuse f\u00fcr gebratenen Fisch, Kartoffeln usw. 2x10L? - ARC-Verteilung","isPartOf":{"@id":"https:\/\/distribucionarc.com\/ar\/#website"},"primaryImageOfPage":{"@id":"https:\/\/www.distribucionarc.com\/ro\/producto\/freidora-electrica-para-pescado-frito-patatas-etc-2x10l-%f0%9f%8d%9f\/#primaryimage"},"image":{"@id":"https:\/\/www.distribucionarc.com\/ro\/producto\/freidora-electrica-para-pescado-frito-patatas-etc-2x10l-%f0%9f%8d%9f\/#primaryimage"},"thumbnailUrl":"https:\/\/distribucionarc.com\/wp-content\/uploads\/2020\/05\/Freidora-el\u00e9ctrica-para-pescado-frito-10L-0.jpg","datePublished":"2020-05-28T22:34:21+00:00","dateModified":"2024-09-04T19:31:36+00:00","description":"10-Liter-Doppeltank-Elektrofritteuse f\u00fcr Bars und Restaurants. Perfekt zum Braten von Kartoffeln, Fisch und mehr mit unabh\u00e4ngiger Steuerung. Ideal f\u00fcr gewerbliche K\u00fcchen","breadcrumb":{"@id":"https:\/\/www.distribucionarc.com\/ro\/producto\/freidora-electrica-para-pescado-frito-patatas-etc-2x10l-%f0%9f%8d%9f\/#breadcrumb"},"inLanguage":"de","potentialAction":[{"@type":"ReadAction","target":["https:\/\/www.distribucionarc.com\/ro\/producto\/freidora-electrica-para-pescado-frito-patatas-etc-2x10l-%f0%9f%8d%9f\/"]}]},{"@type":"ImageObject","inLanguage":"de","@id":"https:\/\/www.distribucionarc.com\/ro\/producto\/freidora-electrica-para-pescado-frito-patatas-etc-2x10l-%f0%9f%8d%9f\/#primaryimage","url":"https:\/\/distribucionarc.com\/wp-content\/uploads\/2020\/05\/Freidora-el\u00e9ctrica-para-pescado-frito-10L-0.jpg","contentUrl":"https:\/\/distribucionarc.com\/wp-content\/uploads\/2020\/05\/Freidora-el\u00e9ctrica-para-pescado-frito-10L-0.jpg","width":1600,"height":1600},{"@type":"BreadcrumbList","@id":"https:\/\/www.distribucionarc.com\/ro\/producto\/freidora-electrica-para-pescado-frito-patatas-etc-2x10l-%f0%9f%8d%9f\/#breadcrumb","itemListElement":[{"@type":"ListItem","position":1,"name":"Portada","item":"https:\/\/www.distribucionarc.com\/pt\/"},{"@type":"ListItem","position":2,"name":"Produtos","item":"https:\/\/www.distribucionarc.com\/pt\/shop\/"},{"@type":"ListItem","position":3,"name":"Freidora el\u00e9ctrica para pescado frito, patatas, etc. 2x10L ?"}]},{"@type":"WebSite","@id":"https:\/\/distribucionarc.com\/ar\/#website","url":"https:\/\/distribucionarc.com\/ar\/","name":"ARC-Verteilung","description":"Das Unternehmen ist auf die Herstellung und den Vertrieb von Industriemaschinen, Dosenverschlie\u00dfmaschinen, Tablettenmaschinen, Fleischschneidemaschinen...","publisher":{"@id":"https:\/\/distribucionarc.com\/ar\/#organization"},"potentialAction":[{"@type":"SearchAction","target":{"@type":"EntryPoint","urlTemplate":"https:\/\/distribucionarc.com\/ar\/?s={search_term_string}"},"query-input":{"@type":"PropertyValueSpecification","valueRequired":true,"valueName":"search_term_string"}}],"inLanguage":"de"},{"@type":"Organization","@id":"https:\/\/distribucionarc.com\/ar\/#organization","name":"ARC-Verteilung","url":"https:\/\/distribucionarc.com\/ar\/","logo":{"@type":"ImageObject","inLanguage":"de","@id":"https:\/\/distribucionarc.com\/ar\/#\/schema\/logo\/image\/","url":"https:\/\/distribucionarc.com\/wp-content\/uploads\/2024\/10\/distribucion-ARC-COLOR-SIN-FONDO-e1732295305345.png","contentUrl":"https:\/\/distribucionarc.com\/wp-content\/uploads\/2024\/10\/distribucion-ARC-COLOR-SIN-FONDO-e1732295305345.png","width":1164,"height":558,"caption":"Distribuci\u00f3n ARC"},"image":{"@id":"https:\/\/distribucionarc.com\/ar\/#\/schema\/logo\/image\/"},"description":"Unternehmen, das auf die Herstellung und den Vertrieb von Industriemaschinen f\u00fcr den Lebensmittel- und Pharmasektor spezialisiert ist. Wir sind spezialisiert auf: Fleischschneidemaschinen Tablettenherstellung Industrielle F\u00f6rdersysteme Abf\u00fcllanlagen Dispenser Und vieles mehr... Wir bieten innovative und ma\u00dfgeschneiderte L\u00f6sungen zur Optimierung der Produktionsprozesse in Ihrem Unternehmen.","email":"Admistracion@distribucionarc.com","telephone":"+34 643496664","legalName":"ARC TECH SOLUTIONS","foundingDate":"2024-04-09","vatID":"B55480172","numberOfEmployees":{"@type":"QuantitativeValue","minValue":"1","maxValue":"10"}}]}},"_links":{"self":[{"href":"https:\/\/distribucionarc.com\/de\/wp-json\/wp\/v2\/product\/654","targetHints":{"allow":["GET"]}}],"collection":[{"href":"https:\/\/distribucionarc.com\/de\/wp-json\/wp\/v2\/product"}],"about":[{"href":"https:\/\/distribucionarc.com\/de\/wp-json\/wp\/v2\/types\/product"}],"replies":[{"embeddable":true,"href":"https:\/\/distribucionarc.com\/de\/wp-json\/wp\/v2\/comments?post=654"}],"version-history":[{"count":0,"href":"https:\/\/distribucionarc.com\/de\/wp-json\/wp\/v2\/product\/654\/revisions"}],"wp:featuredmedia":[{"embeddable":true,"href":"https:\/\/distribucionarc.com\/de\/wp-json\/wp\/v2\/media\/661"}],"wp:attachment":[{"href":"https:\/\/distribucionarc.com\/de\/wp-json\/wp\/v2\/media?parent=654"}],"wp:term":[{"taxonomy":"product_brand","embeddable":true,"href":"https:\/\/distribucionarc.com\/de\/wp-json\/wp\/v2\/product_brand?post=654"},{"taxonomy":"product_cat","embeddable":true,"href":"https:\/\/distribucionarc.com\/de\/wp-json\/wp\/v2\/product_cat?post=654"},{"taxonomy":"product_tag","embeddable":true,"href":"https:\/\/distribucionarc.com\/de\/wp-json\/wp\/v2\/product_tag?post=654"}],"curies":[{"name":"wp","href":"https:\/\/api.w.org\/{rel}","templated":true}]}}