{"id":6625,"date":"2024-04-24T16:26:54","date_gmt":"2024-04-24T16:26:54","guid":{"rendered":"https:\/\/distribucionarc.com\/?post_type=product&#038;p=6625"},"modified":"2024-04-24T16:48:05","modified_gmt":"2024-04-24T16:48:05","slug":"vitamin-booster-losliche-tablettenmaschine","status":"publish","type":"product","link":"https:\/\/distribucionarc.com\/de\/producto\/maquina-de-tabletas-solubles-de-refuerzo-vitaminico\/","title":{"rendered":"L\u00d6SLICHE VITAMINVERST\u00c4RKUNGSTABLETTENMASCHINE"},"content":{"rendered":"<p>Unser Au\u00dfenposten<strong> Automatische Doppelpress-Rotationspressmaschine f\u00fcr l\u00f6sliche Vitamin-Booster-Tabletten<\/strong>stellt die perfekte L\u00f6sung dar, die Sie suchen. Diese innovative Maschine vereint modernste Technologie mit einem intuitiven Design und bietet eine Reihe von Vorteilen zur Optimierung der Produktion und Qualit\u00e4t Ihrer<strong> Vitaminerg\u00e4nzung<\/strong>So k\u00f6nnen Sie die Anforderungen Ihrer Kunden effizient erf\u00fcllen. Es garantiert eine h\u00f6here Produktion und \u00fcberlegene Qualit\u00e4t dank einer gleichm\u00e4\u00dfigen Oberfl\u00e4che und einer optimalen Pressung, die eine schnelle Aufl\u00f6sung erleichtert und so das Benutzererlebnis verbessert.<\/p>\n<p>&nbsp;<\/p>\n<p>&nbsp;<\/p>\n<table>\n<tbody>\n<tr>\n<td width=\"189\">Modell<\/td>\n<td width=\"189\">ZARPW29<\/td>\n<td width=\"189\">ZARPW31<\/td>\n<\/tr>\n<tr>\n<td width=\"189\">Stanzwerkzeuge<\/td>\n<td width=\"189\">29<\/td>\n<td width=\"189\">31<\/td>\n<\/tr>\n<tr>\n<td width=\"189\">Maximaler Druck (kn)<\/td>\n<td width=\"189\">100<\/td>\n<td width=\"189\">100<\/td>\n<\/tr>\n<tr>\n<td width=\"189\">Maximaler Tablettendurchmesser (mm)<\/td>\n<td width=\"189\">25<\/td>\n<td width=\"189\">22<\/td>\n<\/tr>\n<tr>\n<td width=\"189\">Maximale F\u00fclltiefe (mm)<\/td>\n<td width=\"189\">15<\/td>\n<td width=\"189\">15<\/td>\n<\/tr>\n<tr>\n<td width=\"189\">Maximale Dicke der Tablette (mm)<\/td>\n<td width=\"189\">6<\/td>\n<td width=\"189\">6<\/td>\n<\/tr>\n<tr>\n<td width=\"189\">Turmgeschwindigkeit (U\/min)<\/td>\n<td width=\"189\">14-36<\/td>\n<td width=\"189\">14-36<\/td>\n<\/tr>\n<tr>\n<td width=\"189\">Produktionskapazit\u00e4t (St\u00fcck\/h)<\/td>\n<td width=\"189\">125000<\/td>\n<td width=\"189\">135000<\/td>\n<\/tr>\n<tr>\n<td width=\"189\">Motorleistung (kW)<\/td>\n<td width=\"189\">5.5<\/td>\n<td width=\"189\">5.5<\/td>\n<\/tr>\n<tr>\n<td width=\"189\">Gesamtgr\u00f6\u00dfe (mm)<\/td>\n<td width=\"189\">1230*<\/p>\n<p>950*<\/p>\n<p>1670*<\/td>\n<td width=\"189\">1230*<\/p>\n<p>950*<\/p>\n<p>1670*<\/td>\n<\/tr>\n<tr>\n<td width=\"189\">Nettogewicht kg<\/td>\n<td width=\"189\">1700<\/td>\n<td width=\"189\">1700<\/td>\n<\/tr>\n<\/tbody>\n<\/table>","protected":false},"excerpt":{"rendered":"<p>Unsere fortschrittliche automatische Rotations-Doppelpresse-Tablettenpresse f\u00fcr Vitamin-Booster-l\u00f6sliche Tabletten stellt die perfekte L\u00f6sung dar, die<\/p>","protected":false},"featured_media":6634,"comment_status":"open","ping_status":"closed","template":"","meta":{"wds_primary_product_brand":0,"wds_primary_product_cat":0},"product_brand":[],"product_cat":[84],"product_tag":[],"class_list":{"0":"post-6625","1":"product","2":"type-product","3":"status-publish","4":"has-post-thumbnail","6":"product_cat-maquinas-para-hacer-pastillas","8":"first","9":"instock","10":"taxable","11":"shipping-taxable","12":"purchasable","13":"product-type-simple"},"yoast_head":"<!-- This site is optimized with the Yoast SEO Premium plugin v24.9 (Yoast SEO v26.1) - https:\/\/yoast.com\/wordpress\/plugins\/seo\/ -->\n<title>MAQUINA DE TABLETAS SOLUBLES DE REFUERZO VITAMINICO - distribuci\u00f3n ARC<\/title>\n<meta name=\"robots\" content=\"index, follow, max-snippet:-1, max-image-preview:large, max-video-preview:-1\" \/>\n<link rel=\"canonical\" href=\"https:\/\/distribucionarc.com\/de\/produkt-2\/vitamin-booster-losliche-tablettenmaschine\/\" \/>\n<meta property=\"og:locale\" content=\"de_DE\" \/>\n<meta property=\"og:type\" content=\"article\" \/>\n<meta property=\"og:title\" content=\"MAQUINA DE TABLETAS SOLUBLES DE REFUERZO VITAMINICO\" \/>\n<meta property=\"og:description\" content=\"Nuestra avanzada M\u00e1quina Prensadora Rotativa Autom\u00e1tica de Doble Prensa para Tabletas Solubles de refuerzo vitam\u00ednico, representa la soluci\u00f3n perfecta que\" \/>\n<meta property=\"og:url\" content=\"https:\/\/distribucionarc.com\/de\/produkt-2\/vitamin-booster-losliche-tablettenmaschine\/\" \/>\n<meta property=\"og:site_name\" content=\"distribuci\u00f3n ARC\" \/>\n<meta property=\"article:modified_time\" content=\"2024-04-24T16:48:05+00:00\" \/>\n<meta property=\"og:image\" content=\"https:\/\/distribucionarc.com\/wp-content\/uploads\/2024\/04\/MAQUINA-DE-TABLETAS-SOLUBLES-DE-REFUERZO-VITAMINICO-1.jpg\" \/>\n\t<meta property=\"og:image:width\" content=\"368\" \/>\n\t<meta property=\"og:image:height\" content=\"465\" \/>\n\t<meta property=\"og:image:type\" content=\"image\/jpeg\" \/>\n<meta name=\"twitter:card\" content=\"summary_large_image\" \/>\n<meta name=\"twitter:label1\" content=\"Gesch\u00e4tzte Lesezeit\" \/>\n\t<meta name=\"twitter:data1\" content=\"1\u00a0Minute\" \/>\n<script type=\"application\/ld+json\" class=\"yoast-schema-graph\">{\"@context\":\"https:\/\/schema.org\",\"@graph\":[{\"@type\":\"WebPage\",\"@id\":\"https:\/\/distribucionarc.com\/sk\/producto\/maquina-de-tabletas-solubles-de-refuerzo-vitaminico\/\",\"url\":\"https:\/\/distribucionarc.com\/sk\/producto\/maquina-de-tabletas-solubles-de-refuerzo-vitaminico\/\",\"name\":\"MAQUINA DE TABLETAS SOLUBLES DE REFUERZO VITAMINICO - distribuci\u00f3n ARC\",\"isPartOf\":{\"@id\":\"https:\/\/distribucionarc.com\/de\/#website\"},\"primaryImageOfPage\":{\"@id\":\"https:\/\/distribucionarc.com\/sk\/producto\/maquina-de-tabletas-solubles-de-refuerzo-vitaminico\/#primaryimage\"},\"image\":{\"@id\":\"https:\/\/distribucionarc.com\/sk\/producto\/maquina-de-tabletas-solubles-de-refuerzo-vitaminico\/#primaryimage\"},\"thumbnailUrl\":\"https:\/\/distribucionarc.com\/wp-content\/uploads\/2024\/04\/MAQUINA-DE-TABLETAS-SOLUBLES-DE-REFUERZO-VITAMINICO-1.jpg\",\"datePublished\":\"2024-04-24T16:26:54+00:00\",\"dateModified\":\"2024-04-24T16:48:05+00:00\",\"breadcrumb\":{\"@id\":\"https:\/\/distribucionarc.com\/sk\/producto\/maquina-de-tabletas-solubles-de-refuerzo-vitaminico\/#breadcrumb\"},\"inLanguage\":\"de\",\"potentialAction\":[{\"@type\":\"ReadAction\",\"target\":[\"https:\/\/distribucionarc.com\/sk\/producto\/maquina-de-tabletas-solubles-de-refuerzo-vitaminico\/\"]}]},{\"@type\":\"ImageObject\",\"inLanguage\":\"de\",\"@id\":\"https:\/\/distribucionarc.com\/sk\/producto\/maquina-de-tabletas-solubles-de-refuerzo-vitaminico\/#primaryimage\",\"url\":\"https:\/\/distribucionarc.com\/wp-content\/uploads\/2024\/04\/MAQUINA-DE-TABLETAS-SOLUBLES-DE-REFUERZO-VITAMINICO-1.jpg\",\"contentUrl\":\"https:\/\/distribucionarc.com\/wp-content\/uploads\/2024\/04\/MAQUINA-DE-TABLETAS-SOLUBLES-DE-REFUERZO-VITAMINICO-1.jpg\",\"width\":368,\"height\":465,\"caption\":\"#image_title\"},{\"@type\":\"BreadcrumbList\",\"@id\":\"https:\/\/distribucionarc.com\/sk\/producto\/maquina-de-tabletas-solubles-de-refuerzo-vitaminico\/#breadcrumb\",\"itemListElement\":[{\"@type\":\"ListItem\",\"position\":1,\"name\":\"Portada\",\"item\":\"https:\/\/distribucionarc.com\/pl\/\"},{\"@type\":\"ListItem\",\"position\":2,\"name\":\"Produkty\",\"item\":\"https:\/\/distribucionarc.com\/pl\/shop\/\"},{\"@type\":\"ListItem\",\"position\":3,\"name\":\"MAQUINA DE TABLETAS SOLUBLES DE REFUERZO VITAMINICO\"}]},{\"@type\":\"WebSite\",\"@id\":\"https:\/\/distribucionarc.com\/de\/#website\",\"url\":\"https:\/\/distribucionarc.com\/de\/\",\"name\":\"distribuci\u00f3n ARC\",\"description\":\"Empresa especializada en la fabricaci\u00f3n y distribuci\u00f3n de maquinaria industrial, selladoras de latas, Maquinas de hacer pastillas, Maquinas de cortar carne...\",\"publisher\":{\"@id\":\"https:\/\/distribucionarc.com\/de\/#organization\"},\"potentialAction\":[{\"@type\":\"SearchAction\",\"target\":{\"@type\":\"EntryPoint\",\"urlTemplate\":\"https:\/\/distribucionarc.com\/de\/?s={search_term_string}\"},\"query-input\":{\"@type\":\"PropertyValueSpecification\",\"valueRequired\":true,\"valueName\":\"search_term_string\"}}],\"inLanguage\":\"de\"},{\"@type\":\"Organization\",\"@id\":\"https:\/\/distribucionarc.com\/de\/#organization\",\"name\":\"Distribuci\u00f3n ARC\",\"url\":\"https:\/\/distribucionarc.com\/de\/\",\"logo\":{\"@type\":\"ImageObject\",\"inLanguage\":\"de\",\"@id\":\"https:\/\/distribucionarc.com\/de\/#\/schema\/logo\/image\/\",\"url\":\"https:\/\/distribucionarc.com\/wp-content\/uploads\/2024\/10\/distribucion-ARC-COLOR-SIN-FONDO-e1732295305345.png\",\"contentUrl\":\"https:\/\/distribucionarc.com\/wp-content\/uploads\/2024\/10\/distribucion-ARC-COLOR-SIN-FONDO-e1732295305345.png\",\"width\":1164,\"height\":558,\"caption\":\"Distribuci\u00f3n ARC\"},\"image\":{\"@id\":\"https:\/\/distribucionarc.com\/de\/#\/schema\/logo\/image\/\"},\"description\":\"Empresa especializada en la fabricaci\u00f3n y distribuci\u00f3n de maquinaria industrial para los sectores alimentario y farmac\u00e9utico. Nos especializamos en: M\u00e1quinas de cortar carne Fabricaci\u00f3n de comprimidos Sistemas de transporte industrial L\u00edneas de embotellado Dosificadores Y mucho m\u00e1s... Ofrecemos soluciones innovadoras y personalizadas para optimizar los procesos productivos de tu empresa.\",\"email\":\"Admistracion@distribucionarc.com\",\"telephone\":\"+34 643496664\",\"legalName\":\"ARC TECH SOLUTIONS\",\"foundingDate\":\"2024-04-09\",\"vatID\":\"B55480172\",\"numberOfEmployees\":{\"@type\":\"QuantitativeValue\",\"minValue\":\"1\",\"maxValue\":\"10\"}}]}<\/script>\n<!-- \/ Yoast SEO Premium plugin. -->","yoast_head_json":{"title":"L\u00d6SLICHE VITAMINVERST\u00c4RKUNGSTABLETTENMASCHINE \u2013 ARC-Verteilung","robots":{"index":"index","follow":"follow","max-snippet":"max-snippet:-1","max-image-preview":"max-image-preview:large","max-video-preview":"max-video-preview:-1"},"canonical":"https:\/\/distribucionarc.com\/de\/produkt-2\/vitamin-booster-losliche-tablettenmaschine\/","og_locale":"de_DE","og_type":"article","og_title":"MAQUINA DE TABLETAS SOLUBLES DE REFUERZO VITAMINICO","og_description":"Nuestra avanzada M\u00e1quina Prensadora Rotativa Autom\u00e1tica de Doble Prensa para Tabletas Solubles de refuerzo vitam\u00ednico, representa la soluci\u00f3n perfecta que","og_url":"https:\/\/distribucionarc.com\/de\/produkt-2\/vitamin-booster-losliche-tablettenmaschine\/","og_site_name":"distribuci\u00f3n ARC","article_modified_time":"2024-04-24T16:48:05+00:00","og_image":[{"width":368,"height":465,"url":"https:\/\/distribucionarc.com\/wp-content\/uploads\/2024\/04\/MAQUINA-DE-TABLETAS-SOLUBLES-DE-REFUERZO-VITAMINICO-1.jpg","type":"image\/jpeg"}],"twitter_card":"summary_large_image","twitter_misc":{"Gesch\u00e4tzte Lesezeit":"1\u00a0Minute"},"schema":{"@context":"https:\/\/schema.org","@graph":[{"@type":"WebPage","@id":"https:\/\/distribucionarc.com\/sk\/producto\/maquina-de-tabletas-solubles-de-refuerzo-vitaminico\/","url":"https:\/\/distribucionarc.com\/sk\/producto\/maquina-de-tabletas-solubles-de-refuerzo-vitaminico\/","name":"L\u00d6SLICHE VITAMINVERST\u00c4RKUNGSTABLETTENMASCHINE \u2013 ARC-Verteilung","isPartOf":{"@id":"https:\/\/distribucionarc.com\/de\/#website"},"primaryImageOfPage":{"@id":"https:\/\/distribucionarc.com\/sk\/producto\/maquina-de-tabletas-solubles-de-refuerzo-vitaminico\/#primaryimage"},"image":{"@id":"https:\/\/distribucionarc.com\/sk\/producto\/maquina-de-tabletas-solubles-de-refuerzo-vitaminico\/#primaryimage"},"thumbnailUrl":"https:\/\/distribucionarc.com\/wp-content\/uploads\/2024\/04\/MAQUINA-DE-TABLETAS-SOLUBLES-DE-REFUERZO-VITAMINICO-1.jpg","datePublished":"2024-04-24T16:26:54+00:00","dateModified":"2024-04-24T16:48:05+00:00","breadcrumb":{"@id":"https:\/\/distribucionarc.com\/sk\/producto\/maquina-de-tabletas-solubles-de-refuerzo-vitaminico\/#breadcrumb"},"inLanguage":"de","potentialAction":[{"@type":"ReadAction","target":["https:\/\/distribucionarc.com\/sk\/producto\/maquina-de-tabletas-solubles-de-refuerzo-vitaminico\/"]}]},{"@type":"ImageObject","inLanguage":"de","@id":"https:\/\/distribucionarc.com\/sk\/producto\/maquina-de-tabletas-solubles-de-refuerzo-vitaminico\/#primaryimage","url":"https:\/\/distribucionarc.com\/wp-content\/uploads\/2024\/04\/MAQUINA-DE-TABLETAS-SOLUBLES-DE-REFUERZO-VITAMINICO-1.jpg","contentUrl":"https:\/\/distribucionarc.com\/wp-content\/uploads\/2024\/04\/MAQUINA-DE-TABLETAS-SOLUBLES-DE-REFUERZO-VITAMINICO-1.jpg","width":368,"height":465,"caption":"#image_title"},{"@type":"BreadcrumbList","@id":"https:\/\/distribucionarc.com\/sk\/producto\/maquina-de-tabletas-solubles-de-refuerzo-vitaminico\/#breadcrumb","itemListElement":[{"@type":"ListItem","position":1,"name":"Portada","item":"https:\/\/distribucionarc.com\/pl\/"},{"@type":"ListItem","position":2,"name":"Produkty","item":"https:\/\/distribucionarc.com\/pl\/shop\/"},{"@type":"ListItem","position":3,"name":"MAQUINA DE TABLETAS SOLUBLES DE REFUERZO VITAMINICO"}]},{"@type":"WebSite","@id":"https:\/\/distribucionarc.com\/de\/#website","url":"https:\/\/distribucionarc.com\/de\/","name":"ARC-Verteilung","description":"Das Unternehmen ist auf die Herstellung und den Vertrieb von Industriemaschinen, Dosenverschlie\u00dfmaschinen, Tablettenmaschinen, Fleischschneidemaschinen...","publisher":{"@id":"https:\/\/distribucionarc.com\/de\/#organization"},"potentialAction":[{"@type":"SearchAction","target":{"@type":"EntryPoint","urlTemplate":"https:\/\/distribucionarc.com\/de\/?s={search_term_string}"},"query-input":{"@type":"PropertyValueSpecification","valueRequired":true,"valueName":"search_term_string"}}],"inLanguage":"de"},{"@type":"Organization","@id":"https:\/\/distribucionarc.com\/de\/#organization","name":"ARC-Verteilung","url":"https:\/\/distribucionarc.com\/de\/","logo":{"@type":"ImageObject","inLanguage":"de","@id":"https:\/\/distribucionarc.com\/de\/#\/schema\/logo\/image\/","url":"https:\/\/distribucionarc.com\/wp-content\/uploads\/2024\/10\/distribucion-ARC-COLOR-SIN-FONDO-e1732295305345.png","contentUrl":"https:\/\/distribucionarc.com\/wp-content\/uploads\/2024\/10\/distribucion-ARC-COLOR-SIN-FONDO-e1732295305345.png","width":1164,"height":558,"caption":"Distribuci\u00f3n ARC"},"image":{"@id":"https:\/\/distribucionarc.com\/de\/#\/schema\/logo\/image\/"},"description":"Unternehmen, das auf die Herstellung und den Vertrieb von Industriemaschinen f\u00fcr den Lebensmittel- und Pharmasektor spezialisiert ist. Wir sind spezialisiert auf: Fleischschneidemaschinen Tablettenherstellung Industrielle F\u00f6rdersysteme Abf\u00fcllanlagen Dispenser Und vieles mehr... Wir bieten innovative und ma\u00dfgeschneiderte L\u00f6sungen zur Optimierung der Produktionsprozesse in Ihrem Unternehmen.","email":"Admistracion@distribucionarc.com","telephone":"+34 643496664","legalName":"ARC TECH SOLUTIONS","foundingDate":"2024-04-09","vatID":"B55480172","numberOfEmployees":{"@type":"QuantitativeValue","minValue":"1","maxValue":"10"}}]}},"_links":{"self":[{"href":"https:\/\/distribucionarc.com\/de\/wp-json\/wp\/v2\/product\/6625","targetHints":{"allow":["GET"]}}],"collection":[{"href":"https:\/\/distribucionarc.com\/de\/wp-json\/wp\/v2\/product"}],"about":[{"href":"https:\/\/distribucionarc.com\/de\/wp-json\/wp\/v2\/types\/product"}],"replies":[{"embeddable":true,"href":"https:\/\/distribucionarc.com\/de\/wp-json\/wp\/v2\/comments?post=6625"}],"version-history":[{"count":0,"href":"https:\/\/distribucionarc.com\/de\/wp-json\/wp\/v2\/product\/6625\/revisions"}],"wp:featuredmedia":[{"embeddable":true,"href":"https:\/\/distribucionarc.com\/de\/wp-json\/wp\/v2\/media\/6634"}],"wp:attachment":[{"href":"https:\/\/distribucionarc.com\/de\/wp-json\/wp\/v2\/media?parent=6625"}],"wp:term":[{"taxonomy":"product_brand","embeddable":true,"href":"https:\/\/distribucionarc.com\/de\/wp-json\/wp\/v2\/product_brand?post=6625"},{"taxonomy":"product_cat","embeddable":true,"href":"https:\/\/distribucionarc.com\/de\/wp-json\/wp\/v2\/product_cat?post=6625"},{"taxonomy":"product_tag","embeddable":true,"href":"https:\/\/distribucionarc.com\/de\/wp-json\/wp\/v2\/product_tag?post=6625"}],"curies":[{"name":"wp","href":"https:\/\/api.w.org\/{rel}","templated":true}]}}