{"id":6667,"date":"2024-04-24T18:45:23","date_gmt":"2024-04-24T18:45:23","guid":{"rendered":"https:\/\/distribucionarc.com\/?post_type=product&#038;p=6667"},"modified":"2024-04-24T18:45:25","modified_gmt":"2024-04-24T18:45:25","slug":"professionelle-rotationspressmaschine-fur-vitamin-und-mineralstofftabletten","status":"publish","type":"product","link":"https:\/\/distribucionarc.com\/de\/producto\/maquina-prensadora-rotativa-profesional-para-tabletas-de-vitaminas-y-minerales\/","title":{"rendered":"PROFESSIONELLE ROTATIONSPRESSMASCHINE F\u00dcR VITAMIN- UND MINERALTABLETTEN"},"content":{"rendered":"<p>Der <strong>ZARP-15\/17\/19A Rotationspressmaschine<\/strong> ist ideal f\u00fcr<strong> Herstellung von Vitamin- und Mineralstofftabletten.<\/strong> Es eignet sich f\u00fcr kleine Chargen und bietet volle Kontrolle \u00fcber Rotationsgeschwindigkeit, Pulverf\u00fcllung und Tablettendicke. Ausgestattet mit einer mechanischen D\u00e4mpfungsvorrichtung garantiert es Schutz vor \u00dcberlastungssch\u00e4den und gew\u00e4hrleistet so die Langlebigkeit und Zuverl\u00e4ssigkeit der Ausr\u00fcstung.<\/p>\n<p>&nbsp;<\/p>\n<table>\n<tbody>\n<tr>\n<td width=\"142\">Modell<\/td>\n<td width=\"142\">ZARP-15A<\/td>\n<td width=\"142\">ZARP-17A<\/td>\n<td width=\"142\">ZARP-19A<\/td>\n<\/tr>\n<tr>\n<td width=\"142\">Stanzwerkzeuge<\/td>\n<td width=\"142\">15<\/td>\n<td width=\"142\">17<\/td>\n<td width=\"142\">19<\/td>\n<\/tr>\n<tr>\n<td width=\"142\">Maximaler Druck (kn)<\/td>\n<td width=\"142\">80<\/td>\n<td width=\"142\">80<\/td>\n<td width=\"142\">80<\/td>\n<\/tr>\n<tr>\n<td width=\"142\">Maximaler Tablettendurchmesser (mm)<\/td>\n<td width=\"142\">3-25<\/td>\n<td width=\"142\">3-20<\/td>\n<td width=\"142\">3-13<\/td>\n<\/tr>\n<tr>\n<td width=\"142\">Maximale F\u00fclltiefe (mm)<\/td>\n<td width=\"142\">0-17 (einstellbar)<\/td>\n<td width=\"142\">0-17 (einstellbar)<\/td>\n<td width=\"142\">0-17 (einstellbar)<\/td>\n<\/tr>\n<tr>\n<td width=\"142\">Maximale Dicke der Tablette (mm)<\/td>\n<td width=\"142\">0-8 einstellbar<\/td>\n<td width=\"142\">0-8 einstellbar<\/td>\n<td width=\"142\">0-8 einstellbar<\/td>\n<\/tr>\n<tr>\n<td width=\"142\">Turmgeschwindigkeit (U\/min)<\/td>\n<td width=\"142\">0-30<\/td>\n<td width=\"142\">0-30<\/td>\n<td width=\"142\">0-30<\/td>\n<\/tr>\n<tr>\n<td width=\"142\">Produktionskapazit\u00e4t (St\u00fcck\/h)<\/td>\n<td width=\"142\">31500<\/td>\n<td width=\"142\">35700<\/td>\n<td width=\"142\">39900<\/td>\n<\/tr>\n<tr>\n<td width=\"142\">Spannung (V)<\/td>\n<td width=\"142\">220V UND 380V<\/td>\n<td width=\"142\">220V 380V<\/td>\n<td width=\"142\">220V 380V<\/td>\n<\/tr>\n<tr>\n<td width=\"142\">Motorleistung (kW)<\/td>\n<td width=\"142\">3.0<\/td>\n<td width=\"142\">3.0<\/td>\n<td width=\"142\">3.0<\/td>\n<\/tr>\n<tr>\n<td width=\"142\">Gesamtgr\u00f6\u00dfe (mm)<\/td>\n<td width=\"142\">800*<\/p>\n<p>850*<\/p>\n<p>1750*<\/td>\n<td width=\"142\">800*<\/p>\n<p>850*<\/p>\n<p>1750*<\/td>\n<td width=\"142\">800*<\/p>\n<p>850*<\/p>\n<p>1750*<\/td>\n<\/tr>\n<tr>\n<td width=\"142\">Nettogewicht kg<\/td>\n<td width=\"142\">500<\/td>\n<td width=\"142\">500<\/td>\n<td width=\"142\">500<\/td>\n<\/tr>\n<\/tbody>\n<\/table>","protected":false},"excerpt":{"rendered":"<p>Die Rotationstablettenpresse ZARP-15\/17\/19A ist ideal f\u00fcr die Herstellung von Vitamin- und Mineraltabletten. Mit Kapazit\u00e4t f\u00fcr Chargen<\/p>","protected":false},"featured_media":6668,"comment_status":"open","ping_status":"closed","template":"","meta":{"wds_primary_product_brand":0,"wds_primary_product_cat":0},"product_brand":[],"product_cat":[84],"product_tag":[],"class_list":{"0":"post-6667","1":"product","2":"type-product","3":"status-publish","4":"has-post-thumbnail","6":"product_cat-maquinas-para-hacer-pastillas","8":"first","9":"instock","10":"taxable","11":"shipping-taxable","12":"purchasable","13":"product-type-simple"},"yoast_head":"<!-- This site is optimized with the Yoast SEO Premium plugin v24.9 (Yoast SEO v26.1) - https:\/\/yoast.com\/wordpress\/plugins\/seo\/ -->\n<title>MAQUINA PRENSADORA ROTATIVA PROFESIONAL PARA TABLETAS DE VITAMINAS Y MINERALES - distribuci\u00f3n ARC<\/title>\n<meta name=\"robots\" content=\"index, follow, max-snippet:-1, max-image-preview:large, max-video-preview:-1\" \/>\n<link rel=\"canonical\" href=\"https:\/\/www.distribucionarc.com\/lt\/producto\/maquina-prensadora-rotativa-profesional-para-tabletas-de-vitaminas-y-minerales\/\" \/>\n<meta property=\"og:locale\" content=\"de_DE\" \/>\n<meta property=\"og:type\" content=\"article\" \/>\n<meta property=\"og:title\" content=\"MAQUINA PRENSADORA ROTATIVA PROFESIONAL PARA TABLETAS DE VITAMINAS Y MINERALES\" \/>\n<meta property=\"og:description\" content=\"La M\u00e1quina Prensadora Rotativa ZARP-15\/17\/19A es ideal para la producci\u00f3n de tabletas de vitaminas y minerales. Con capacidad para lotes\" \/>\n<meta property=\"og:url\" content=\"https:\/\/www.distribucionarc.com\/lt\/producto\/maquina-prensadora-rotativa-profesional-para-tabletas-de-vitaminas-y-minerales\/\" \/>\n<meta property=\"og:site_name\" content=\"distribuci\u00f3n ARC\" \/>\n<meta property=\"article:modified_time\" content=\"2024-04-24T18:45:25+00:00\" \/>\n<meta property=\"og:image\" content=\"https:\/\/www.distribucionarc.com\/wp-content\/uploads\/2024\/04\/MAQUINA-PRENSADORA-ROTATIVA-PROFESIONAL-PARA-TABLETAS-DE-VITAMINAS-Y-MINERALES.jpg\" \/>\n\t<meta property=\"og:image:width\" content=\"664\" \/>\n\t<meta property=\"og:image:height\" content=\"960\" \/>\n\t<meta property=\"og:image:type\" content=\"image\/jpeg\" \/>\n<meta name=\"twitter:card\" content=\"summary_large_image\" \/>\n<meta name=\"twitter:label1\" content=\"Gesch\u00e4tzte Lesezeit\" \/>\n\t<meta name=\"twitter:data1\" content=\"1\u00a0Minute\" \/>\n<script type=\"application\/ld+json\" class=\"yoast-schema-graph\">{\"@context\":\"https:\/\/schema.org\",\"@graph\":[{\"@type\":\"WebPage\",\"@id\":\"https:\/\/www.distribucionarc.com\/lt\/producto\/maquina-prensadora-rotativa-profesional-para-tabletas-de-vitaminas-y-minerales\/\",\"url\":\"https:\/\/www.distribucionarc.com\/lt\/producto\/maquina-prensadora-rotativa-profesional-para-tabletas-de-vitaminas-y-minerales\/\",\"name\":\"MAQUINA PRENSADORA ROTATIVA PROFESIONAL PARA TABLETAS DE VITAMINAS Y MINERALES - distribuci\u00f3n ARC\",\"isPartOf\":{\"@id\":\"https:\/\/www.distribucionarc.com\/sl\/#website\"},\"primaryImageOfPage\":{\"@id\":\"https:\/\/www.distribucionarc.com\/lt\/producto\/maquina-prensadora-rotativa-profesional-para-tabletas-de-vitaminas-y-minerales\/#primaryimage\"},\"image\":{\"@id\":\"https:\/\/www.distribucionarc.com\/lt\/producto\/maquina-prensadora-rotativa-profesional-para-tabletas-de-vitaminas-y-minerales\/#primaryimage\"},\"thumbnailUrl\":\"https:\/\/distribucionarc.com\/wp-content\/uploads\/2024\/04\/MAQUINA-PRENSADORA-ROTATIVA-PROFESIONAL-PARA-TABLETAS-DE-VITAMINAS-Y-MINERALES.jpg\",\"datePublished\":\"2024-04-24T18:45:23+00:00\",\"dateModified\":\"2024-04-24T18:45:25+00:00\",\"breadcrumb\":{\"@id\":\"https:\/\/www.distribucionarc.com\/lt\/producto\/maquina-prensadora-rotativa-profesional-para-tabletas-de-vitaminas-y-minerales\/#breadcrumb\"},\"inLanguage\":\"de\",\"potentialAction\":[{\"@type\":\"ReadAction\",\"target\":[\"https:\/\/www.distribucionarc.com\/lt\/producto\/maquina-prensadora-rotativa-profesional-para-tabletas-de-vitaminas-y-minerales\/\"]}]},{\"@type\":\"ImageObject\",\"inLanguage\":\"de\",\"@id\":\"https:\/\/www.distribucionarc.com\/lt\/producto\/maquina-prensadora-rotativa-profesional-para-tabletas-de-vitaminas-y-minerales\/#primaryimage\",\"url\":\"https:\/\/distribucionarc.com\/wp-content\/uploads\/2024\/04\/MAQUINA-PRENSADORA-ROTATIVA-PROFESIONAL-PARA-TABLETAS-DE-VITAMINAS-Y-MINERALES.jpg\",\"contentUrl\":\"https:\/\/distribucionarc.com\/wp-content\/uploads\/2024\/04\/MAQUINA-PRENSADORA-ROTATIVA-PROFESIONAL-PARA-TABLETAS-DE-VITAMINAS-Y-MINERALES.jpg\",\"width\":664,\"height\":960,\"caption\":\"#image_title\"},{\"@type\":\"BreadcrumbList\",\"@id\":\"https:\/\/www.distribucionarc.com\/lt\/producto\/maquina-prensadora-rotativa-profesional-para-tabletas-de-vitaminas-y-minerales\/#breadcrumb\",\"itemListElement\":[{\"@type\":\"ListItem\",\"position\":1,\"name\":\"Portada\",\"item\":\"https:\/\/www.distribucionarc.com\/\"},{\"@type\":\"ListItem\",\"position\":2,\"name\":\"\u00dcr\u00fcnler\",\"item\":\"https:\/\/www.distribucionarc.com\/tr\/magaza\/\"},{\"@type\":\"ListItem\",\"position\":3,\"name\":\"MAQUINA PRENSADORA ROTATIVA PROFESIONAL PARA TABLETAS DE VITAMINAS Y MINERALES\"}]},{\"@type\":\"WebSite\",\"@id\":\"https:\/\/www.distribucionarc.com\/sl\/#website\",\"url\":\"https:\/\/www.distribucionarc.com\/sl\/\",\"name\":\"distribuci\u00f3n ARC\",\"description\":\"Empresa especializada en la fabricaci\u00f3n y distribuci\u00f3n de maquinaria industrial, selladoras de latas, Maquinas de hacer pastillas, Maquinas de cortar carne...\",\"publisher\":{\"@id\":\"https:\/\/www.distribucionarc.com\/sl\/#organization\"},\"potentialAction\":[{\"@type\":\"SearchAction\",\"target\":{\"@type\":\"EntryPoint\",\"urlTemplate\":\"https:\/\/www.distribucionarc.com\/sl\/?s={search_term_string}\"},\"query-input\":{\"@type\":\"PropertyValueSpecification\",\"valueRequired\":true,\"valueName\":\"search_term_string\"}}],\"inLanguage\":\"de\"},{\"@type\":\"Organization\",\"@id\":\"https:\/\/www.distribucionarc.com\/sl\/#organization\",\"name\":\"Distribuci\u00f3n ARC\",\"url\":\"https:\/\/www.distribucionarc.com\/sl\/\",\"logo\":{\"@type\":\"ImageObject\",\"inLanguage\":\"de\",\"@id\":\"https:\/\/www.distribucionarc.com\/sl\/#\/schema\/logo\/image\/\",\"url\":\"https:\/\/distribucionarc.com\/wp-content\/uploads\/2024\/10\/distribucion-ARC-COLOR-SIN-FONDO-e1732295305345.png\",\"contentUrl\":\"https:\/\/distribucionarc.com\/wp-content\/uploads\/2024\/10\/distribucion-ARC-COLOR-SIN-FONDO-e1732295305345.png\",\"width\":1164,\"height\":558,\"caption\":\"Distribuci\u00f3n ARC\"},\"image\":{\"@id\":\"https:\/\/www.distribucionarc.com\/sl\/#\/schema\/logo\/image\/\"},\"description\":\"Empresa especializada en la fabricaci\u00f3n y distribuci\u00f3n de maquinaria industrial para los sectores alimentario y farmac\u00e9utico. Nos especializamos en: M\u00e1quinas de cortar carne Fabricaci\u00f3n de comprimidos Sistemas de transporte industrial L\u00edneas de embotellado Dosificadores Y mucho m\u00e1s... Ofrecemos soluciones innovadoras y personalizadas para optimizar los procesos productivos de tu empresa.\",\"email\":\"Admistracion@distribucionarc.com\",\"telephone\":\"+34 643496664\",\"legalName\":\"ARC TECH SOLUTIONS\",\"foundingDate\":\"2024-04-09\",\"vatID\":\"B55480172\",\"numberOfEmployees\":{\"@type\":\"QuantitativeValue\",\"minValue\":\"1\",\"maxValue\":\"10\"}}]}<\/script>\n<!-- \/ Yoast SEO Premium plugin. -->","yoast_head_json":{"title":"PROFESSIONELLE ROTATIONSPRESSMASCHINE F\u00dcR VITAMIN- UND MINERALTABLETTEN \u2013 ARC-Verteilung","robots":{"index":"index","follow":"follow","max-snippet":"max-snippet:-1","max-image-preview":"max-image-preview:large","max-video-preview":"max-video-preview:-1"},"canonical":"https:\/\/www.distribucionarc.com\/lt\/producto\/maquina-prensadora-rotativa-profesional-para-tabletas-de-vitaminas-y-minerales\/","og_locale":"de_DE","og_type":"article","og_title":"MAQUINA PRENSADORA ROTATIVA PROFESIONAL PARA TABLETAS DE VITAMINAS Y MINERALES","og_description":"La M\u00e1quina Prensadora Rotativa ZARP-15\/17\/19A es ideal para la producci\u00f3n de tabletas de vitaminas y minerales. Con capacidad para lotes","og_url":"https:\/\/www.distribucionarc.com\/lt\/producto\/maquina-prensadora-rotativa-profesional-para-tabletas-de-vitaminas-y-minerales\/","og_site_name":"distribuci\u00f3n ARC","article_modified_time":"2024-04-24T18:45:25+00:00","og_image":[{"width":664,"height":960,"url":"https:\/\/www.distribucionarc.com\/wp-content\/uploads\/2024\/04\/MAQUINA-PRENSADORA-ROTATIVA-PROFESIONAL-PARA-TABLETAS-DE-VITAMINAS-Y-MINERALES.jpg","type":"image\/jpeg"}],"twitter_card":"summary_large_image","twitter_misc":{"Gesch\u00e4tzte Lesezeit":"1\u00a0Minute"},"schema":{"@context":"https:\/\/schema.org","@graph":[{"@type":"WebPage","@id":"https:\/\/www.distribucionarc.com\/lt\/producto\/maquina-prensadora-rotativa-profesional-para-tabletas-de-vitaminas-y-minerales\/","url":"https:\/\/www.distribucionarc.com\/lt\/producto\/maquina-prensadora-rotativa-profesional-para-tabletas-de-vitaminas-y-minerales\/","name":"PROFESSIONELLE ROTATIONSPRESSMASCHINE F\u00dcR VITAMIN- UND MINERALTABLETTEN \u2013 ARC-Verteilung","isPartOf":{"@id":"https:\/\/www.distribucionarc.com\/sl\/#website"},"primaryImageOfPage":{"@id":"https:\/\/www.distribucionarc.com\/lt\/producto\/maquina-prensadora-rotativa-profesional-para-tabletas-de-vitaminas-y-minerales\/#primaryimage"},"image":{"@id":"https:\/\/www.distribucionarc.com\/lt\/producto\/maquina-prensadora-rotativa-profesional-para-tabletas-de-vitaminas-y-minerales\/#primaryimage"},"thumbnailUrl":"https:\/\/distribucionarc.com\/wp-content\/uploads\/2024\/04\/MAQUINA-PRENSADORA-ROTATIVA-PROFESIONAL-PARA-TABLETAS-DE-VITAMINAS-Y-MINERALES.jpg","datePublished":"2024-04-24T18:45:23+00:00","dateModified":"2024-04-24T18:45:25+00:00","breadcrumb":{"@id":"https:\/\/www.distribucionarc.com\/lt\/producto\/maquina-prensadora-rotativa-profesional-para-tabletas-de-vitaminas-y-minerales\/#breadcrumb"},"inLanguage":"de","potentialAction":[{"@type":"ReadAction","target":["https:\/\/www.distribucionarc.com\/lt\/producto\/maquina-prensadora-rotativa-profesional-para-tabletas-de-vitaminas-y-minerales\/"]}]},{"@type":"ImageObject","inLanguage":"de","@id":"https:\/\/www.distribucionarc.com\/lt\/producto\/maquina-prensadora-rotativa-profesional-para-tabletas-de-vitaminas-y-minerales\/#primaryimage","url":"https:\/\/distribucionarc.com\/wp-content\/uploads\/2024\/04\/MAQUINA-PRENSADORA-ROTATIVA-PROFESIONAL-PARA-TABLETAS-DE-VITAMINAS-Y-MINERALES.jpg","contentUrl":"https:\/\/distribucionarc.com\/wp-content\/uploads\/2024\/04\/MAQUINA-PRENSADORA-ROTATIVA-PROFESIONAL-PARA-TABLETAS-DE-VITAMINAS-Y-MINERALES.jpg","width":664,"height":960,"caption":"#image_title"},{"@type":"BreadcrumbList","@id":"https:\/\/www.distribucionarc.com\/lt\/producto\/maquina-prensadora-rotativa-profesional-para-tabletas-de-vitaminas-y-minerales\/#breadcrumb","itemListElement":[{"@type":"ListItem","position":1,"name":"Portada","item":"https:\/\/www.distribucionarc.com\/"},{"@type":"ListItem","position":2,"name":"\u00dcr\u00fcnler","item":"https:\/\/www.distribucionarc.com\/tr\/magaza\/"},{"@type":"ListItem","position":3,"name":"MAQUINA PRENSADORA ROTATIVA PROFESIONAL PARA TABLETAS DE VITAMINAS Y MINERALES"}]},{"@type":"WebSite","@id":"https:\/\/www.distribucionarc.com\/sl\/#website","url":"https:\/\/www.distribucionarc.com\/sl\/","name":"ARC-Verteilung","description":"Das Unternehmen ist auf die Herstellung und den Vertrieb von Industriemaschinen, Dosenverschlie\u00dfmaschinen, Tablettenmaschinen, Fleischschneidemaschinen...","publisher":{"@id":"https:\/\/www.distribucionarc.com\/sl\/#organization"},"potentialAction":[{"@type":"SearchAction","target":{"@type":"EntryPoint","urlTemplate":"https:\/\/www.distribucionarc.com\/sl\/?s={search_term_string}"},"query-input":{"@type":"PropertyValueSpecification","valueRequired":true,"valueName":"search_term_string"}}],"inLanguage":"de"},{"@type":"Organization","@id":"https:\/\/www.distribucionarc.com\/sl\/#organization","name":"ARC-Verteilung","url":"https:\/\/www.distribucionarc.com\/sl\/","logo":{"@type":"ImageObject","inLanguage":"de","@id":"https:\/\/www.distribucionarc.com\/sl\/#\/schema\/logo\/image\/","url":"https:\/\/distribucionarc.com\/wp-content\/uploads\/2024\/10\/distribucion-ARC-COLOR-SIN-FONDO-e1732295305345.png","contentUrl":"https:\/\/distribucionarc.com\/wp-content\/uploads\/2024\/10\/distribucion-ARC-COLOR-SIN-FONDO-e1732295305345.png","width":1164,"height":558,"caption":"Distribuci\u00f3n ARC"},"image":{"@id":"https:\/\/www.distribucionarc.com\/sl\/#\/schema\/logo\/image\/"},"description":"Unternehmen, das auf die Herstellung und den Vertrieb von Industriemaschinen f\u00fcr den Lebensmittel- und Pharmasektor spezialisiert ist. Wir sind spezialisiert auf: Fleischschneidemaschinen Tablettenherstellung Industrielle F\u00f6rdersysteme Abf\u00fcllanlagen Dispenser Und vieles mehr... Wir bieten innovative und ma\u00dfgeschneiderte L\u00f6sungen zur Optimierung der Produktionsprozesse in Ihrem Unternehmen.","email":"Admistracion@distribucionarc.com","telephone":"+34 643496664","legalName":"ARC TECH SOLUTIONS","foundingDate":"2024-04-09","vatID":"B55480172","numberOfEmployees":{"@type":"QuantitativeValue","minValue":"1","maxValue":"10"}}]}},"_links":{"self":[{"href":"https:\/\/distribucionarc.com\/de\/wp-json\/wp\/v2\/product\/6667","targetHints":{"allow":["GET"]}}],"collection":[{"href":"https:\/\/distribucionarc.com\/de\/wp-json\/wp\/v2\/product"}],"about":[{"href":"https:\/\/distribucionarc.com\/de\/wp-json\/wp\/v2\/types\/product"}],"replies":[{"embeddable":true,"href":"https:\/\/distribucionarc.com\/de\/wp-json\/wp\/v2\/comments?post=6667"}],"version-history":[{"count":0,"href":"https:\/\/distribucionarc.com\/de\/wp-json\/wp\/v2\/product\/6667\/revisions"}],"wp:featuredmedia":[{"embeddable":true,"href":"https:\/\/distribucionarc.com\/de\/wp-json\/wp\/v2\/media\/6668"}],"wp:attachment":[{"href":"https:\/\/distribucionarc.com\/de\/wp-json\/wp\/v2\/media?parent=6667"}],"wp:term":[{"taxonomy":"product_brand","embeddable":true,"href":"https:\/\/distribucionarc.com\/de\/wp-json\/wp\/v2\/product_brand?post=6667"},{"taxonomy":"product_cat","embeddable":true,"href":"https:\/\/distribucionarc.com\/de\/wp-json\/wp\/v2\/product_cat?post=6667"},{"taxonomy":"product_tag","embeddable":true,"href":"https:\/\/distribucionarc.com\/de\/wp-json\/wp\/v2\/product_tag?post=6667"}],"curies":[{"name":"wp","href":"https:\/\/api.w.org\/{rel}","templated":true}]}}