{"id":6832,"date":"2024-04-26T08:44:58","date_gmt":"2024-04-26T08:44:58","guid":{"rendered":"https:\/\/distribucionarc.com\/?post_type=product&#038;p=6832"},"modified":"2024-04-26T08:45:00","modified_gmt":"2024-04-26T08:45:00","slug":"tablettenpressmaschine-fur-magnesiumpraparate","status":"publish","type":"product","link":"https:\/\/distribucionarc.com\/de\/producto\/maquina-prensadora-de-tabletas-para-suplementos-de-magnesio\/","title":{"rendered":"TABLETTENPRESSMASCHINE F\u00dcR MAGNESIUMERG\u00c4NZUNGSMITTEL"},"content":{"rendered":"<p>Wir stellen vor<strong> Tablettenpresse f\u00fcr Magnesiumpr\u00e4parate<\/strong>oder von<strong> ein einzelner DARP-60D Punch<\/strong>, perfekt f\u00fcr die Herstellung von<strong> Tabletten<\/strong> in verschiedenen Formen. Diese vielseitige und effiziente Maschine wird h\u00e4ufig in der Pharmaindustrie sowie in Branchen wie der Chemie-, Lebensmittel- und Elektronikindustrie eingesetzt. Eine zuverl\u00e4ssige und anpassbare L\u00f6sung f\u00fcr die<strong> Herstellung von Magnesiumpr\u00e4paraten<\/strong> und andere Produkte, die <strong>DARP-60D-Maschine<\/strong> Es handelt sich um eine lohnende Investition f\u00fcr Unternehmen unterschiedlicher Branchen.<\/p>\n<p>&nbsp;<\/p>\n<table>\n<tbody>\n<tr>\n<td width=\"283\">Modell<\/td>\n<td width=\"283\">DARP-60D<\/td>\n<\/tr>\n<tr>\n<td width=\"283\">Spiele<\/td>\n<td width=\"283\">1<\/td>\n<\/tr>\n<tr>\n<td width=\"283\">Maximaler Druck (Tonnen)<\/td>\n<td width=\"283\">0-80<\/td>\n<\/tr>\n<tr>\n<td width=\"283\">Tablettendurchmesser (Millimeter)<\/td>\n<td width=\"283\">5-30<\/td>\n<\/tr>\n<tr>\n<td width=\"283\">Maximale Tiefe F\u00fcllung (Millimeter)<\/td>\n<td width=\"283\">0-25<\/td>\n<\/tr>\n<tr>\n<td width=\"283\">Maximale Tablettendicke (Millimeter)<\/td>\n<td width=\"283\">0-12<\/td>\n<\/tr>\n<tr>\n<td width=\"283\">Produktionskapazit\u00e4t (St\u00fcck\/h)<\/td>\n<td width=\"283\">2150<\/td>\n<\/tr>\n<tr>\n<td width=\"283\">Motorleistung (kW)<\/td>\n<td width=\"283\">3<\/td>\n<\/tr>\n<tr>\n<td width=\"283\">Gesamtgr\u00f6\u00dfe (Millimeter)<\/td>\n<td width=\"283\">550*<\/p>\n<p>450*<\/p>\n<p>800*<\/td>\n<\/tr>\n<tr>\n<td width=\"283\">Nettogewicht (kg)<\/td>\n<td width=\"283\">135<\/td>\n<\/tr>\n<\/tbody>\n<\/table>","protected":false},"excerpt":{"rendered":"<p>Wir stellen die Single Punch Magnesium Supplement Tablet Pressmaschine DARP-60D vor, perfekt f\u00fcr die Herstellung von<\/p>","protected":false},"featured_media":6833,"comment_status":"open","ping_status":"closed","template":"","meta":{"wds_primary_product_brand":0,"wds_primary_product_cat":0},"product_brand":[],"product_cat":[84],"product_tag":[],"class_list":{"0":"post-6832","1":"product","2":"type-product","3":"status-publish","4":"has-post-thumbnail","6":"product_cat-maquinas-para-hacer-pastillas","8":"first","9":"instock","10":"taxable","11":"shipping-taxable","12":"purchasable","13":"product-type-simple"},"yoast_head":"<!-- This site is optimized with the Yoast SEO Premium plugin v24.9 (Yoast SEO v26.1) - https:\/\/yoast.com\/wordpress\/plugins\/seo\/ -->\n<title>MAQUINA PRENSADORA DE TABLETAS PARA SUPLEMENTOS DE MAGNESIO - distribuci\u00f3n ARC<\/title>\n<meta name=\"robots\" content=\"index, follow, max-snippet:-1, max-image-preview:large, max-video-preview:-1\" \/>\n<link rel=\"canonical\" href=\"https:\/\/distribucionarc.com\/de\/produkt-2\/tablettenpressmaschine-fur-magnesiumpraparate\/\" \/>\n<meta property=\"og:locale\" content=\"de_DE\" \/>\n<meta property=\"og:type\" content=\"article\" \/>\n<meta property=\"og:title\" content=\"MAQUINA PRENSADORA DE TABLETAS PARA SUPLEMENTOS DE MAGNESIO\" \/>\n<meta property=\"og:description\" content=\"Introducimos la M\u00e1quina Prensadora de Tabletas de Suplementos de Magnesio de un solo Punz\u00f3n DARP-60D, perfecta para la producci\u00f3n de\" \/>\n<meta property=\"og:url\" content=\"https:\/\/distribucionarc.com\/de\/produkt-2\/tablettenpressmaschine-fur-magnesiumpraparate\/\" \/>\n<meta property=\"og:site_name\" content=\"distribuci\u00f3n ARC\" \/>\n<meta property=\"article:modified_time\" content=\"2024-04-26T08:45:00+00:00\" \/>\n<meta property=\"og:image\" content=\"https:\/\/distribucionarc.com\/wp-content\/uploads\/2024\/04\/MAQUINA-PRENSADORA-DE-TABLETAS-DE-SUPLEMENTOS-DE-MAGNESIO-.jpg\" \/>\n\t<meta property=\"og:image:width\" content=\"648\" \/>\n\t<meta property=\"og:image:height\" content=\"872\" \/>\n\t<meta property=\"og:image:type\" content=\"image\/jpeg\" \/>\n<meta name=\"twitter:card\" content=\"summary_large_image\" \/>\n<meta name=\"twitter:label1\" content=\"Gesch\u00e4tzte Lesezeit\" \/>\n\t<meta name=\"twitter:data1\" content=\"1\u00a0Minute\" \/>\n<script type=\"application\/ld+json\" class=\"yoast-schema-graph\">{\"@context\":\"https:\/\/schema.org\",\"@graph\":[{\"@type\":\"WebPage\",\"@id\":\"https:\/\/distribucionarc.com\/de\/producto\/maquina-prensadora-de-tabletas-para-suplementos-de-magnesio\/\",\"url\":\"https:\/\/distribucionarc.com\/de\/producto\/maquina-prensadora-de-tabletas-para-suplementos-de-magnesio\/\",\"name\":\"MAQUINA PRENSADORA DE TABLETAS PARA SUPLEMENTOS DE MAGNESIO - distribuci\u00f3n ARC\",\"isPartOf\":{\"@id\":\"https:\/\/www.distribucionarc.com\/#website\"},\"primaryImageOfPage\":{\"@id\":\"https:\/\/distribucionarc.com\/de\/producto\/maquina-prensadora-de-tabletas-para-suplementos-de-magnesio\/#primaryimage\"},\"image\":{\"@id\":\"https:\/\/distribucionarc.com\/de\/producto\/maquina-prensadora-de-tabletas-para-suplementos-de-magnesio\/#primaryimage\"},\"thumbnailUrl\":\"https:\/\/distribucionarc.com\/wp-content\/uploads\/2024\/04\/MAQUINA-PRENSADORA-DE-TABLETAS-DE-SUPLEMENTOS-DE-MAGNESIO-.jpg\",\"datePublished\":\"2024-04-26T08:44:58+00:00\",\"dateModified\":\"2024-04-26T08:45:00+00:00\",\"breadcrumb\":{\"@id\":\"https:\/\/distribucionarc.com\/de\/producto\/maquina-prensadora-de-tabletas-para-suplementos-de-magnesio\/#breadcrumb\"},\"inLanguage\":\"de\",\"potentialAction\":[{\"@type\":\"ReadAction\",\"target\":[\"https:\/\/distribucionarc.com\/de\/producto\/maquina-prensadora-de-tabletas-para-suplementos-de-magnesio\/\"]}]},{\"@type\":\"ImageObject\",\"inLanguage\":\"de\",\"@id\":\"https:\/\/distribucionarc.com\/de\/producto\/maquina-prensadora-de-tabletas-para-suplementos-de-magnesio\/#primaryimage\",\"url\":\"https:\/\/distribucionarc.com\/wp-content\/uploads\/2024\/04\/MAQUINA-PRENSADORA-DE-TABLETAS-DE-SUPLEMENTOS-DE-MAGNESIO-.jpg\",\"contentUrl\":\"https:\/\/distribucionarc.com\/wp-content\/uploads\/2024\/04\/MAQUINA-PRENSADORA-DE-TABLETAS-DE-SUPLEMENTOS-DE-MAGNESIO-.jpg\",\"width\":648,\"height\":872,\"caption\":\"#image_title\"},{\"@type\":\"BreadcrumbList\",\"@id\":\"https:\/\/distribucionarc.com\/de\/producto\/maquina-prensadora-de-tabletas-para-suplementos-de-magnesio\/#breadcrumb\",\"itemListElement\":[{\"@type\":\"ListItem\",\"position\":1,\"name\":\"Portada\",\"item\":\"https:\/\/distribucionarc.com\/pl\/\"},{\"@type\":\"ListItem\",\"position\":2,\"name\":\"\u0627\u0644\u0645\u0646\u062a\u062c\u0627\u062a\",\"item\":\"https:\/\/www.distribucionarc.com\/ar\/%d9%85%d8%ad%d9%84\/\"},{\"@type\":\"ListItem\",\"position\":3,\"name\":\"MAQUINA PRENSADORA DE TABLETAS PARA SUPLEMENTOS DE MAGNESIO\"}]},{\"@type\":\"WebSite\",\"@id\":\"https:\/\/www.distribucionarc.com\/#website\",\"url\":\"https:\/\/www.distribucionarc.com\/\",\"name\":\"distribuci\u00f3n ARC\",\"description\":\"Empresa especializada en la fabricaci\u00f3n y distribuci\u00f3n de maquinaria industrial, selladoras de latas, Maquinas de hacer pastillas, Maquinas de cortar carne...\",\"publisher\":{\"@id\":\"https:\/\/www.distribucionarc.com\/#organization\"},\"potentialAction\":[{\"@type\":\"SearchAction\",\"target\":{\"@type\":\"EntryPoint\",\"urlTemplate\":\"https:\/\/www.distribucionarc.com\/?s={search_term_string}\"},\"query-input\":{\"@type\":\"PropertyValueSpecification\",\"valueRequired\":true,\"valueName\":\"search_term_string\"}}],\"inLanguage\":\"de\"},{\"@type\":\"Organization\",\"@id\":\"https:\/\/www.distribucionarc.com\/#organization\",\"name\":\"Distribuci\u00f3n ARC\",\"url\":\"https:\/\/www.distribucionarc.com\/\",\"logo\":{\"@type\":\"ImageObject\",\"inLanguage\":\"de\",\"@id\":\"https:\/\/www.distribucionarc.com\/#\/schema\/logo\/image\/\",\"url\":\"https:\/\/distribucionarc.com\/wp-content\/uploads\/2024\/10\/distribucion-ARC-COLOR-SIN-FONDO-e1732295305345.png\",\"contentUrl\":\"https:\/\/distribucionarc.com\/wp-content\/uploads\/2024\/10\/distribucion-ARC-COLOR-SIN-FONDO-e1732295305345.png\",\"width\":1164,\"height\":558,\"caption\":\"Distribuci\u00f3n ARC\"},\"image\":{\"@id\":\"https:\/\/www.distribucionarc.com\/#\/schema\/logo\/image\/\"},\"description\":\"Empresa especializada en la fabricaci\u00f3n y distribuci\u00f3n de maquinaria industrial para los sectores alimentario y farmac\u00e9utico. Nos especializamos en: M\u00e1quinas de cortar carne Fabricaci\u00f3n de comprimidos Sistemas de transporte industrial L\u00edneas de embotellado Dosificadores Y mucho m\u00e1s... Ofrecemos soluciones innovadoras y personalizadas para optimizar los procesos productivos de tu empresa.\",\"email\":\"Admistracion@distribucionarc.com\",\"telephone\":\"+34 643496664\",\"legalName\":\"ARC TECH SOLUTIONS\",\"foundingDate\":\"2024-04-09\",\"vatID\":\"B55480172\",\"numberOfEmployees\":{\"@type\":\"QuantitativeValue\",\"minValue\":\"1\",\"maxValue\":\"10\"}}]}<\/script>\n<!-- \/ Yoast SEO Premium plugin. -->","yoast_head_json":{"title":"TABLETTENPRESSMASCHINE F\u00dcR MAGNESIUMNAHRUNGSERG\u00c4NZUNGSMITTEL - ARC distribution","robots":{"index":"index","follow":"follow","max-snippet":"max-snippet:-1","max-image-preview":"max-image-preview:large","max-video-preview":"max-video-preview:-1"},"canonical":"https:\/\/distribucionarc.com\/de\/produkt-2\/tablettenpressmaschine-fur-magnesiumpraparate\/","og_locale":"de_DE","og_type":"article","og_title":"MAQUINA PRENSADORA DE TABLETAS PARA SUPLEMENTOS DE MAGNESIO","og_description":"Introducimos la M\u00e1quina Prensadora de Tabletas de Suplementos de Magnesio de un solo Punz\u00f3n DARP-60D, perfecta para la producci\u00f3n de","og_url":"https:\/\/distribucionarc.com\/de\/produkt-2\/tablettenpressmaschine-fur-magnesiumpraparate\/","og_site_name":"distribuci\u00f3n ARC","article_modified_time":"2024-04-26T08:45:00+00:00","og_image":[{"width":648,"height":872,"url":"https:\/\/distribucionarc.com\/wp-content\/uploads\/2024\/04\/MAQUINA-PRENSADORA-DE-TABLETAS-DE-SUPLEMENTOS-DE-MAGNESIO-.jpg","type":"image\/jpeg"}],"twitter_card":"summary_large_image","twitter_misc":{"Gesch\u00e4tzte Lesezeit":"1\u00a0Minute"},"schema":{"@context":"https:\/\/schema.org","@graph":[{"@type":"WebPage","@id":"https:\/\/distribucionarc.com\/de\/producto\/maquina-prensadora-de-tabletas-para-suplementos-de-magnesio\/","url":"https:\/\/distribucionarc.com\/de\/producto\/maquina-prensadora-de-tabletas-para-suplementos-de-magnesio\/","name":"TABLETTENPRESSMASCHINE F\u00dcR MAGNESIUMNAHRUNGSERG\u00c4NZUNGSMITTEL - ARC distribution","isPartOf":{"@id":"https:\/\/www.distribucionarc.com\/#website"},"primaryImageOfPage":{"@id":"https:\/\/distribucionarc.com\/de\/producto\/maquina-prensadora-de-tabletas-para-suplementos-de-magnesio\/#primaryimage"},"image":{"@id":"https:\/\/distribucionarc.com\/de\/producto\/maquina-prensadora-de-tabletas-para-suplementos-de-magnesio\/#primaryimage"},"thumbnailUrl":"https:\/\/distribucionarc.com\/wp-content\/uploads\/2024\/04\/MAQUINA-PRENSADORA-DE-TABLETAS-DE-SUPLEMENTOS-DE-MAGNESIO-.jpg","datePublished":"2024-04-26T08:44:58+00:00","dateModified":"2024-04-26T08:45:00+00:00","breadcrumb":{"@id":"https:\/\/distribucionarc.com\/de\/producto\/maquina-prensadora-de-tabletas-para-suplementos-de-magnesio\/#breadcrumb"},"inLanguage":"de","potentialAction":[{"@type":"ReadAction","target":["https:\/\/distribucionarc.com\/de\/producto\/maquina-prensadora-de-tabletas-para-suplementos-de-magnesio\/"]}]},{"@type":"ImageObject","inLanguage":"de","@id":"https:\/\/distribucionarc.com\/de\/producto\/maquina-prensadora-de-tabletas-para-suplementos-de-magnesio\/#primaryimage","url":"https:\/\/distribucionarc.com\/wp-content\/uploads\/2024\/04\/MAQUINA-PRENSADORA-DE-TABLETAS-DE-SUPLEMENTOS-DE-MAGNESIO-.jpg","contentUrl":"https:\/\/distribucionarc.com\/wp-content\/uploads\/2024\/04\/MAQUINA-PRENSADORA-DE-TABLETAS-DE-SUPLEMENTOS-DE-MAGNESIO-.jpg","width":648,"height":872,"caption":"#image_title"},{"@type":"BreadcrumbList","@id":"https:\/\/distribucionarc.com\/de\/producto\/maquina-prensadora-de-tabletas-para-suplementos-de-magnesio\/#breadcrumb","itemListElement":[{"@type":"ListItem","position":1,"name":"Portada","item":"https:\/\/distribucionarc.com\/pl\/"},{"@type":"ListItem","position":2,"name":"\u0627\u0644\u0645\u0646\u062a\u062c\u0627\u062a","item":"https:\/\/www.distribucionarc.com\/ar\/%d9%85%d8%ad%d9%84\/"},{"@type":"ListItem","position":3,"name":"MAQUINA PRENSADORA DE TABLETAS PARA SUPLEMENTOS DE MAGNESIO"}]},{"@type":"WebSite","@id":"https:\/\/www.distribucionarc.com\/#website","url":"https:\/\/www.distribucionarc.com\/","name":"ARC-Verteilung","description":"Das Unternehmen ist auf die Herstellung und den Vertrieb von Industriemaschinen, Dosenverschlie\u00dfmaschinen, Tablettenmaschinen, Fleischschneidemaschinen...","publisher":{"@id":"https:\/\/www.distribucionarc.com\/#organization"},"potentialAction":[{"@type":"SearchAction","target":{"@type":"EntryPoint","urlTemplate":"https:\/\/www.distribucionarc.com\/?s={search_term_string}"},"query-input":{"@type":"PropertyValueSpecification","valueRequired":true,"valueName":"search_term_string"}}],"inLanguage":"de"},{"@type":"Organization","@id":"https:\/\/www.distribucionarc.com\/#organization","name":"ARC-Verteilung","url":"https:\/\/www.distribucionarc.com\/","logo":{"@type":"ImageObject","inLanguage":"de","@id":"https:\/\/www.distribucionarc.com\/#\/schema\/logo\/image\/","url":"https:\/\/distribucionarc.com\/wp-content\/uploads\/2024\/10\/distribucion-ARC-COLOR-SIN-FONDO-e1732295305345.png","contentUrl":"https:\/\/distribucionarc.com\/wp-content\/uploads\/2024\/10\/distribucion-ARC-COLOR-SIN-FONDO-e1732295305345.png","width":1164,"height":558,"caption":"Distribuci\u00f3n ARC"},"image":{"@id":"https:\/\/www.distribucionarc.com\/#\/schema\/logo\/image\/"},"description":"Unternehmen, das auf die Herstellung und den Vertrieb von Industriemaschinen f\u00fcr den Lebensmittel- und Pharmasektor spezialisiert ist. Wir sind spezialisiert auf: Fleischschneidemaschinen Tablettenherstellung Industrielle F\u00f6rdersysteme Abf\u00fcllanlagen Dispenser Und vieles mehr... Wir bieten innovative und ma\u00dfgeschneiderte L\u00f6sungen zur Optimierung der Produktionsprozesse in Ihrem Unternehmen.","email":"Admistracion@distribucionarc.com","telephone":"+34 643496664","legalName":"ARC TECH SOLUTIONS","foundingDate":"2024-04-09","vatID":"B55480172","numberOfEmployees":{"@type":"QuantitativeValue","minValue":"1","maxValue":"10"}}]}},"_links":{"self":[{"href":"https:\/\/distribucionarc.com\/de\/wp-json\/wp\/v2\/product\/6832","targetHints":{"allow":["GET"]}}],"collection":[{"href":"https:\/\/distribucionarc.com\/de\/wp-json\/wp\/v2\/product"}],"about":[{"href":"https:\/\/distribucionarc.com\/de\/wp-json\/wp\/v2\/types\/product"}],"replies":[{"embeddable":true,"href":"https:\/\/distribucionarc.com\/de\/wp-json\/wp\/v2\/comments?post=6832"}],"version-history":[{"count":0,"href":"https:\/\/distribucionarc.com\/de\/wp-json\/wp\/v2\/product\/6832\/revisions"}],"wp:featuredmedia":[{"embeddable":true,"href":"https:\/\/distribucionarc.com\/de\/wp-json\/wp\/v2\/media\/6833"}],"wp:attachment":[{"href":"https:\/\/distribucionarc.com\/de\/wp-json\/wp\/v2\/media?parent=6832"}],"wp:term":[{"taxonomy":"product_brand","embeddable":true,"href":"https:\/\/distribucionarc.com\/de\/wp-json\/wp\/v2\/product_brand?post=6832"},{"taxonomy":"product_cat","embeddable":true,"href":"https:\/\/distribucionarc.com\/de\/wp-json\/wp\/v2\/product_cat?post=6832"},{"taxonomy":"product_tag","embeddable":true,"href":"https:\/\/distribucionarc.com\/de\/wp-json\/wp\/v2\/product_tag?post=6832"}],"curies":[{"name":"wp","href":"https:\/\/api.w.org\/{rel}","templated":true}]}}