{"id":6837,"date":"2024-04-26T10:48:20","date_gmt":"2024-04-26T10:48:20","guid":{"rendered":"https:\/\/distribucionarc.com\/?post_type=product&#038;p=6837"},"modified":"2024-04-26T10:48:22","modified_gmt":"2024-04-26T10:48:22","slug":"kalzium-und-folsaure-tablettenpressmaschine","status":"publish","type":"product","link":"https:\/\/distribucionarc.com\/de\/producto\/maquina-prensadora-de-tabletas-de-calcio-y-acido-folico\/","title":{"rendered":"KALZIUM- UND FOLS\u00c4URE-TABLETTENPRESSMASCHINE"},"content":{"rendered":"<p>Wir stellen vor <strong>DARP60A Tablettenpressmaschine<\/strong>, entworfen f\u00fcr<strong> Pr\u00e4zise Herstellung von Calcium- und Fols\u00e4uretabletten<\/strong>oder in verschiedenen Formen. Diese Maschine wird h\u00e4ufig in der Pharmaindustrie sowie in Chemie- und Lebensmittelunternehmen eingesetzt und bietet Vielseitigkeit und Effizienz. Das Modell<strong> DARP60B<\/strong>Ausgestattet mit einer Geschwindigkeitsfrequenzregelung erm\u00f6glicht es die Maschinengeschwindigkeit entsprechend den Produktionsanforderungen anzupassen. Dar\u00fcber hinaus bietet es die Flexibilit\u00e4t, den Druck, die Tablettendicke und die Pulverf\u00fcllmenge einfach anzupassen, um bei jeder Produktion optimale Ergebnisse zu gew\u00e4hrleisten. Entdecken Sie Exzellenz in <strong>Herstellung von Kalzium- und Fols\u00e4uretabletten mit der Tablettenpressmaschine DARP60A<\/strong>, eine zuverl\u00e4ssige Investition f\u00fcr Unternehmen verschiedener Branchen.<\/p>\n<p>&nbsp;<\/p>\n<table>\n<tbody>\n<tr>\n<td width=\"189\">Modell<\/td>\n<td width=\"189\">DARP-60A<\/td>\n<td width=\"189\">DARP-60B (FREQUENZUMWANDLUNG)<\/td>\n<\/tr>\n<tr>\n<td width=\"189\">Spiele<\/td>\n<td width=\"189\">1<\/td>\n<td width=\"189\">1<\/td>\n<\/tr>\n<tr>\n<td width=\"189\">Maximaler Druck (Tonnen)<\/td>\n<td width=\"189\">60<\/td>\n<td width=\"189\">60<\/td>\n<\/tr>\n<tr>\n<td width=\"189\">Maximaler Durchmesser der Tablette (Millimeter)<\/td>\n<td width=\"189\">25<\/td>\n<td width=\"189\">25<\/td>\n<\/tr>\n<tr>\n<td width=\"189\">Maximale F\u00fclltiefe (Millimeter)<\/td>\n<td width=\"189\">18<\/td>\n<td width=\"189\">18<\/td>\n<\/tr>\n<tr>\n<td width=\"189\">Maximale Tablettendicke (Millimeter)<\/td>\n<td width=\"189\">8<\/td>\n<td width=\"189\">8<\/td>\n<\/tr>\n<tr>\n<td width=\"189\">Produktionskapazit\u00e4t (St\u00fcck\/h)<\/td>\n<td width=\"189\">2150<\/td>\n<td width=\"189\">0-2150 (einstellbare Geschwindigkeit)<\/td>\n<\/tr>\n<tr>\n<td width=\"189\">Motorleistung (KW)<\/td>\n<td width=\"189\">1.5<\/td>\n<td width=\"189\">1.5<\/td>\n<\/tr>\n<tr>\n<td width=\"189\">Gesamtgr\u00f6\u00dfe (Millimeter)<\/td>\n<td width=\"189\">470*<\/p>\n<p>420*<\/p>\n<p>680*<\/td>\n<td width=\"189\">470*<\/p>\n<p>420*<\/p>\n<p>680*<\/td>\n<\/tr>\n<tr>\n<td width=\"189\">Nettogewicht (kg)<\/td>\n<td width=\"189\">85<\/td>\n<td width=\"189\">85<\/td>\n<\/tr>\n<\/tbody>\n<\/table>","protected":false},"excerpt":{"rendered":"<p>Wir stellen die Tablettenpresse DARP60A vor, die f\u00fcr die pr\u00e4zise Herstellung von Kalzium- und Fols\u00e4uretabletten in<\/p>","protected":false},"featured_media":6839,"comment_status":"open","ping_status":"closed","template":"","meta":{"wds_primary_product_brand":0,"wds_primary_product_cat":0},"product_brand":[],"product_cat":[84],"product_tag":[],"class_list":{"0":"post-6837","1":"product","2":"type-product","3":"status-publish","4":"has-post-thumbnail","6":"product_cat-maquinas-para-hacer-pastillas","8":"first","9":"instock","10":"taxable","11":"shipping-taxable","12":"purchasable","13":"product-type-simple"},"yoast_head":"<!-- This site is optimized with the Yoast SEO Premium plugin v24.9 (Yoast SEO v26.1) - https:\/\/yoast.com\/wordpress\/plugins\/seo\/ -->\n<title>MAQUINA PRENSADORA DE TABLETAS DE CALCIO Y ACIDO FOLICO - distribuci\u00f3n ARC<\/title>\n<meta name=\"robots\" content=\"index, follow, max-snippet:-1, max-image-preview:large, max-video-preview:-1\" \/>\n<link rel=\"canonical\" href=\"https:\/\/distribucionarc.com\/de\/produkt-2\/kalzium-und-folsaure-tablettenpressmaschine\/\" \/>\n<meta property=\"og:locale\" content=\"de_DE\" \/>\n<meta property=\"og:type\" content=\"article\" \/>\n<meta property=\"og:title\" content=\"MAQUINA PRENSADORA DE TABLETAS DE CALCIO Y ACIDO FOLICO\" \/>\n<meta property=\"og:description\" content=\"Introducimos la M\u00e1quina Prensadora de Tabletas DARP60A, dise\u00f1ada para la producci\u00f3n precisa de tabletas de calcio y \u00e1cido f\u00f3lico en\" \/>\n<meta property=\"og:url\" content=\"https:\/\/distribucionarc.com\/de\/produkt-2\/kalzium-und-folsaure-tablettenpressmaschine\/\" \/>\n<meta property=\"og:site_name\" content=\"distribuci\u00f3n ARC\" \/>\n<meta property=\"article:modified_time\" content=\"2024-04-26T10:48:22+00:00\" \/>\n<meta property=\"og:image\" content=\"https:\/\/distribucionarc.com\/wp-content\/uploads\/2024\/04\/MAQUINA-PRENSADORA-DE-TABLETAS-DE-CALCIO-Y-ACIDO-FOLICO.jpg\" \/>\n\t<meta property=\"og:image:width\" content=\"544\" \/>\n\t<meta property=\"og:image:height\" content=\"488\" \/>\n\t<meta property=\"og:image:type\" content=\"image\/jpeg\" \/>\n<meta name=\"twitter:card\" content=\"summary_large_image\" \/>\n<meta name=\"twitter:label1\" content=\"Gesch\u00e4tzte Lesezeit\" \/>\n\t<meta name=\"twitter:data1\" content=\"1\u00a0Minute\" \/>\n<script type=\"application\/ld+json\" class=\"yoast-schema-graph\">{\"@context\":\"https:\/\/schema.org\",\"@graph\":[{\"@type\":\"WebPage\",\"@id\":\"https:\/\/distribucionarc.com\/nl\/producto\/maquina-prensadora-de-tabletas-de-calcio-y-acido-folico\/\",\"url\":\"https:\/\/distribucionarc.com\/nl\/producto\/maquina-prensadora-de-tabletas-de-calcio-y-acido-folico\/\",\"name\":\"MAQUINA PRENSADORA DE TABLETAS DE CALCIO Y ACIDO FOLICO - distribuci\u00f3n ARC\",\"isPartOf\":{\"@id\":\"https:\/\/distribucionarc.com\/de\/#website\"},\"primaryImageOfPage\":{\"@id\":\"https:\/\/distribucionarc.com\/nl\/producto\/maquina-prensadora-de-tabletas-de-calcio-y-acido-folico\/#primaryimage\"},\"image\":{\"@id\":\"https:\/\/distribucionarc.com\/nl\/producto\/maquina-prensadora-de-tabletas-de-calcio-y-acido-folico\/#primaryimage\"},\"thumbnailUrl\":\"https:\/\/distribucionarc.com\/wp-content\/uploads\/2024\/04\/MAQUINA-PRENSADORA-DE-TABLETAS-DE-CALCIO-Y-ACIDO-FOLICO.jpg\",\"datePublished\":\"2024-04-26T10:48:20+00:00\",\"dateModified\":\"2024-04-26T10:48:22+00:00\",\"breadcrumb\":{\"@id\":\"https:\/\/distribucionarc.com\/nl\/producto\/maquina-prensadora-de-tabletas-de-calcio-y-acido-folico\/#breadcrumb\"},\"inLanguage\":\"de\",\"potentialAction\":[{\"@type\":\"ReadAction\",\"target\":[\"https:\/\/distribucionarc.com\/nl\/producto\/maquina-prensadora-de-tabletas-de-calcio-y-acido-folico\/\"]}]},{\"@type\":\"ImageObject\",\"inLanguage\":\"de\",\"@id\":\"https:\/\/distribucionarc.com\/nl\/producto\/maquina-prensadora-de-tabletas-de-calcio-y-acido-folico\/#primaryimage\",\"url\":\"https:\/\/distribucionarc.com\/wp-content\/uploads\/2024\/04\/MAQUINA-PRENSADORA-DE-TABLETAS-DE-CALCIO-Y-ACIDO-FOLICO.jpg\",\"contentUrl\":\"https:\/\/distribucionarc.com\/wp-content\/uploads\/2024\/04\/MAQUINA-PRENSADORA-DE-TABLETAS-DE-CALCIO-Y-ACIDO-FOLICO.jpg\",\"width\":544,\"height\":488,\"caption\":\"#image_title\"},{\"@type\":\"BreadcrumbList\",\"@id\":\"https:\/\/distribucionarc.com\/nl\/producto\/maquina-prensadora-de-tabletas-de-calcio-y-acido-folico\/#breadcrumb\",\"itemListElement\":[{\"@type\":\"ListItem\",\"position\":1,\"name\":\"Portada\",\"item\":\"https:\/\/distribucionarc.com\/pl\/\"},{\"@type\":\"ListItem\",\"position\":2,\"name\":\"Produkty\",\"item\":\"https:\/\/distribucionarc.com\/pl\/shop\/\"},{\"@type\":\"ListItem\",\"position\":3,\"name\":\"MAQUINA PRENSADORA DE TABLETAS DE CALCIO Y ACIDO FOLICO\"}]},{\"@type\":\"WebSite\",\"@id\":\"https:\/\/distribucionarc.com\/de\/#website\",\"url\":\"https:\/\/distribucionarc.com\/de\/\",\"name\":\"distribuci\u00f3n ARC\",\"description\":\"Empresa especializada en la fabricaci\u00f3n y distribuci\u00f3n de maquinaria industrial, selladoras de latas, Maquinas de hacer pastillas, Maquinas de cortar carne...\",\"publisher\":{\"@id\":\"https:\/\/distribucionarc.com\/de\/#organization\"},\"potentialAction\":[{\"@type\":\"SearchAction\",\"target\":{\"@type\":\"EntryPoint\",\"urlTemplate\":\"https:\/\/distribucionarc.com\/de\/?s={search_term_string}\"},\"query-input\":{\"@type\":\"PropertyValueSpecification\",\"valueRequired\":true,\"valueName\":\"search_term_string\"}}],\"inLanguage\":\"de\"},{\"@type\":\"Organization\",\"@id\":\"https:\/\/distribucionarc.com\/de\/#organization\",\"name\":\"Distribuci\u00f3n ARC\",\"url\":\"https:\/\/distribucionarc.com\/de\/\",\"logo\":{\"@type\":\"ImageObject\",\"inLanguage\":\"de\",\"@id\":\"https:\/\/distribucionarc.com\/de\/#\/schema\/logo\/image\/\",\"url\":\"https:\/\/distribucionarc.com\/wp-content\/uploads\/2024\/10\/distribucion-ARC-COLOR-SIN-FONDO-e1732295305345.png\",\"contentUrl\":\"https:\/\/distribucionarc.com\/wp-content\/uploads\/2024\/10\/distribucion-ARC-COLOR-SIN-FONDO-e1732295305345.png\",\"width\":1164,\"height\":558,\"caption\":\"Distribuci\u00f3n ARC\"},\"image\":{\"@id\":\"https:\/\/distribucionarc.com\/de\/#\/schema\/logo\/image\/\"},\"description\":\"Empresa especializada en la fabricaci\u00f3n y distribuci\u00f3n de maquinaria industrial para los sectores alimentario y farmac\u00e9utico. Nos especializamos en: M\u00e1quinas de cortar carne Fabricaci\u00f3n de comprimidos Sistemas de transporte industrial L\u00edneas de embotellado Dosificadores Y mucho m\u00e1s... Ofrecemos soluciones innovadoras y personalizadas para optimizar los procesos productivos de tu empresa.\",\"email\":\"Admistracion@distribucionarc.com\",\"telephone\":\"+34 643496664\",\"legalName\":\"ARC TECH SOLUTIONS\",\"foundingDate\":\"2024-04-09\",\"vatID\":\"B55480172\",\"numberOfEmployees\":{\"@type\":\"QuantitativeValue\",\"minValue\":\"1\",\"maxValue\":\"10\"}}]}<\/script>\n<!-- \/ Yoast SEO Premium plugin. -->","yoast_head_json":{"title":"KALZIUM- UND FOLS\u00c4URE-TABLETTENPRESSMASCHINE \u2013 ARC-Verteilung","robots":{"index":"index","follow":"follow","max-snippet":"max-snippet:-1","max-image-preview":"max-image-preview:large","max-video-preview":"max-video-preview:-1"},"canonical":"https:\/\/distribucionarc.com\/de\/produkt-2\/kalzium-und-folsaure-tablettenpressmaschine\/","og_locale":"de_DE","og_type":"article","og_title":"MAQUINA PRENSADORA DE TABLETAS DE CALCIO Y ACIDO FOLICO","og_description":"Introducimos la M\u00e1quina Prensadora de Tabletas DARP60A, dise\u00f1ada para la producci\u00f3n precisa de tabletas de calcio y \u00e1cido f\u00f3lico en","og_url":"https:\/\/distribucionarc.com\/de\/produkt-2\/kalzium-und-folsaure-tablettenpressmaschine\/","og_site_name":"distribuci\u00f3n ARC","article_modified_time":"2024-04-26T10:48:22+00:00","og_image":[{"width":544,"height":488,"url":"https:\/\/distribucionarc.com\/wp-content\/uploads\/2024\/04\/MAQUINA-PRENSADORA-DE-TABLETAS-DE-CALCIO-Y-ACIDO-FOLICO.jpg","type":"image\/jpeg"}],"twitter_card":"summary_large_image","twitter_misc":{"Gesch\u00e4tzte Lesezeit":"1\u00a0Minute"},"schema":{"@context":"https:\/\/schema.org","@graph":[{"@type":"WebPage","@id":"https:\/\/distribucionarc.com\/nl\/producto\/maquina-prensadora-de-tabletas-de-calcio-y-acido-folico\/","url":"https:\/\/distribucionarc.com\/nl\/producto\/maquina-prensadora-de-tabletas-de-calcio-y-acido-folico\/","name":"KALZIUM- UND FOLS\u00c4URE-TABLETTENPRESSMASCHINE \u2013 ARC-Verteilung","isPartOf":{"@id":"https:\/\/distribucionarc.com\/de\/#website"},"primaryImageOfPage":{"@id":"https:\/\/distribucionarc.com\/nl\/producto\/maquina-prensadora-de-tabletas-de-calcio-y-acido-folico\/#primaryimage"},"image":{"@id":"https:\/\/distribucionarc.com\/nl\/producto\/maquina-prensadora-de-tabletas-de-calcio-y-acido-folico\/#primaryimage"},"thumbnailUrl":"https:\/\/distribucionarc.com\/wp-content\/uploads\/2024\/04\/MAQUINA-PRENSADORA-DE-TABLETAS-DE-CALCIO-Y-ACIDO-FOLICO.jpg","datePublished":"2024-04-26T10:48:20+00:00","dateModified":"2024-04-26T10:48:22+00:00","breadcrumb":{"@id":"https:\/\/distribucionarc.com\/nl\/producto\/maquina-prensadora-de-tabletas-de-calcio-y-acido-folico\/#breadcrumb"},"inLanguage":"de","potentialAction":[{"@type":"ReadAction","target":["https:\/\/distribucionarc.com\/nl\/producto\/maquina-prensadora-de-tabletas-de-calcio-y-acido-folico\/"]}]},{"@type":"ImageObject","inLanguage":"de","@id":"https:\/\/distribucionarc.com\/nl\/producto\/maquina-prensadora-de-tabletas-de-calcio-y-acido-folico\/#primaryimage","url":"https:\/\/distribucionarc.com\/wp-content\/uploads\/2024\/04\/MAQUINA-PRENSADORA-DE-TABLETAS-DE-CALCIO-Y-ACIDO-FOLICO.jpg","contentUrl":"https:\/\/distribucionarc.com\/wp-content\/uploads\/2024\/04\/MAQUINA-PRENSADORA-DE-TABLETAS-DE-CALCIO-Y-ACIDO-FOLICO.jpg","width":544,"height":488,"caption":"#image_title"},{"@type":"BreadcrumbList","@id":"https:\/\/distribucionarc.com\/nl\/producto\/maquina-prensadora-de-tabletas-de-calcio-y-acido-folico\/#breadcrumb","itemListElement":[{"@type":"ListItem","position":1,"name":"Portada","item":"https:\/\/distribucionarc.com\/pl\/"},{"@type":"ListItem","position":2,"name":"Produkty","item":"https:\/\/distribucionarc.com\/pl\/shop\/"},{"@type":"ListItem","position":3,"name":"MAQUINA PRENSADORA DE TABLETAS DE CALCIO Y ACIDO FOLICO"}]},{"@type":"WebSite","@id":"https:\/\/distribucionarc.com\/de\/#website","url":"https:\/\/distribucionarc.com\/de\/","name":"ARC-Verteilung","description":"Das Unternehmen ist auf die Herstellung und den Vertrieb von Industriemaschinen, Dosenverschlie\u00dfmaschinen, Tablettenmaschinen, Fleischschneidemaschinen...","publisher":{"@id":"https:\/\/distribucionarc.com\/de\/#organization"},"potentialAction":[{"@type":"SearchAction","target":{"@type":"EntryPoint","urlTemplate":"https:\/\/distribucionarc.com\/de\/?s={search_term_string}"},"query-input":{"@type":"PropertyValueSpecification","valueRequired":true,"valueName":"search_term_string"}}],"inLanguage":"de"},{"@type":"Organization","@id":"https:\/\/distribucionarc.com\/de\/#organization","name":"ARC-Verteilung","url":"https:\/\/distribucionarc.com\/de\/","logo":{"@type":"ImageObject","inLanguage":"de","@id":"https:\/\/distribucionarc.com\/de\/#\/schema\/logo\/image\/","url":"https:\/\/distribucionarc.com\/wp-content\/uploads\/2024\/10\/distribucion-ARC-COLOR-SIN-FONDO-e1732295305345.png","contentUrl":"https:\/\/distribucionarc.com\/wp-content\/uploads\/2024\/10\/distribucion-ARC-COLOR-SIN-FONDO-e1732295305345.png","width":1164,"height":558,"caption":"Distribuci\u00f3n ARC"},"image":{"@id":"https:\/\/distribucionarc.com\/de\/#\/schema\/logo\/image\/"},"description":"Unternehmen, das auf die Herstellung und den Vertrieb von Industriemaschinen f\u00fcr den Lebensmittel- und Pharmasektor spezialisiert ist. Wir sind spezialisiert auf: Fleischschneidemaschinen Tablettenherstellung Industrielle F\u00f6rdersysteme Abf\u00fcllanlagen Dispenser Und vieles mehr... Wir bieten innovative und ma\u00dfgeschneiderte L\u00f6sungen zur Optimierung der Produktionsprozesse in Ihrem Unternehmen.","email":"Admistracion@distribucionarc.com","telephone":"+34 643496664","legalName":"ARC TECH SOLUTIONS","foundingDate":"2024-04-09","vatID":"B55480172","numberOfEmployees":{"@type":"QuantitativeValue","minValue":"1","maxValue":"10"}}]}},"_links":{"self":[{"href":"https:\/\/distribucionarc.com\/de\/wp-json\/wp\/v2\/product\/6837","targetHints":{"allow":["GET"]}}],"collection":[{"href":"https:\/\/distribucionarc.com\/de\/wp-json\/wp\/v2\/product"}],"about":[{"href":"https:\/\/distribucionarc.com\/de\/wp-json\/wp\/v2\/types\/product"}],"replies":[{"embeddable":true,"href":"https:\/\/distribucionarc.com\/de\/wp-json\/wp\/v2\/comments?post=6837"}],"version-history":[{"count":0,"href":"https:\/\/distribucionarc.com\/de\/wp-json\/wp\/v2\/product\/6837\/revisions"}],"wp:featuredmedia":[{"embeddable":true,"href":"https:\/\/distribucionarc.com\/de\/wp-json\/wp\/v2\/media\/6839"}],"wp:attachment":[{"href":"https:\/\/distribucionarc.com\/de\/wp-json\/wp\/v2\/media?parent=6837"}],"wp:term":[{"taxonomy":"product_brand","embeddable":true,"href":"https:\/\/distribucionarc.com\/de\/wp-json\/wp\/v2\/product_brand?post=6837"},{"taxonomy":"product_cat","embeddable":true,"href":"https:\/\/distribucionarc.com\/de\/wp-json\/wp\/v2\/product_cat?post=6837"},{"taxonomy":"product_tag","embeddable":true,"href":"https:\/\/distribucionarc.com\/de\/wp-json\/wp\/v2\/product_tag?post=6837"}],"curies":[{"name":"wp","href":"https:\/\/api.w.org\/{rel}","templated":true}]}}