{"id":6863,"date":"2024-04-26T16:23:43","date_gmt":"2024-04-26T16:23:43","guid":{"rendered":"https:\/\/distribucionarc.com\/?post_type=product&#038;p=6863"},"modified":"2024-04-26T16:23:45","modified_gmt":"2024-04-26T16:23:45","slug":"kompaktier-pressmaschine-fur-verbesserte-proteintabletten","status":"publish","type":"product","link":"https:\/\/distribucionarc.com\/de\/producto\/maquina-compactadora-prensadora-para-comprimidos-mejorados-de-proteinas\/","title":{"rendered":"KOMPAKTOR-PRESSMASCHINE F\u00dcR VERBESSERTE PROTEIN-TABLETTEN"},"content":{"rendered":"<p>Wir pr\u00e4sentieren die<strong> Tablettenpressen-Verdichtungsmaschine Modell TARHDP<\/strong>, erh\u00e4ltlich in elektrischen Modellen <strong>TARHDP-3<\/strong>, elektrischer und manueller Austausch, <strong>TARHDP-5 und TARHDP-6.<\/strong> Diese Maschine ist speziell f\u00fcr die Herstellung von konzipiert<strong> Proteinverst\u00e4rkte Tabletten, Tabletten<\/strong> aus Granulat und feinen Pulvern. Mit der F\u00e4higkeit, kleine Pulverk\u00f6rnchen zu verarbeiten, ist die<strong> TARHDP-Maschine<\/strong> liefert au\u00dfergew\u00f6hnliche Effizienz und hochwertige Ergebnisse in jedem Produktionszyklus. Sein elektrisches Design sorgt f\u00fcr einen reibungslosen und zuverl\u00e4ssigen Betrieb, w\u00e4hrend die elektrische und manuelle Austauschoption eine Vielseitigkeit im Betrieb entsprechend den Bed\u00fcrfnissen des Benutzers bietet. Dar\u00fcber hinaus ist die <strong>TARHDP-Maschine<\/strong> Es ist mit fortschrittlichen Funktionen f\u00fcr eine optimale Produktion ausgestattet, wie z. B. pr\u00e4zisen Druck- und Tablettendickeneinstellungen. Sein robustes und langlebiges Design macht es zu einer zuverl\u00e4ssigen Investition f\u00fcr Unternehmen, die ihren Produktionsprozess verbessern m\u00f6chten. <strong>Herstellung von Proteintabletten.<\/strong><\/p>\n<p>&nbsp;<\/p>\n<table>\n<tbody>\n<tr>\n<td width=\"113\">Modell<\/td>\n<td width=\"113\">TARHDP-3 elektrisch<\/td>\n<td width=\"113\">TARHDP-3 (manueller elektrischer Austausch<\/td>\n<td width=\"113\">TARHDP-5<\/td>\n<td width=\"113\">TARHDP-6<\/td>\n<\/tr>\n<tr>\n<td width=\"113\">Spiele<\/td>\n<td width=\"113\">1<\/td>\n<td width=\"113\">1<\/td>\n<td width=\"113\">1<\/td>\n<td width=\"113\">1<\/td>\n<\/tr>\n<tr>\n<td width=\"113\">Maximaler Druck (Tonnen)<\/td>\n<td width=\"113\">30<\/td>\n<td width=\"113\">30<\/td>\n<td width=\"113\">50<\/td>\n<td width=\"113\">60<\/td>\n<\/tr>\n<tr>\n<td width=\"113\">Maximaler Durchmesser der Tablette (mm)<\/td>\n<td width=\"113\">5-15<\/td>\n<td width=\"113\">12<\/td>\n<td width=\"113\">5.15<\/td>\n<td width=\"113\">20<\/td>\n<\/tr>\n<tr>\n<td width=\"113\">Maximale Tiefe F\u00fcllung (Millimeter)<\/td>\n<td width=\"113\">18<\/td>\n<td width=\"113\">12<\/td>\n<td width=\"113\">0.18<\/td>\n<td width=\"113\">18<\/td>\n<\/tr>\n<tr>\n<td width=\"113\">Maximale Dicke Tablette (Millimeter)<\/td>\n<td width=\"113\">6<\/td>\n<td width=\"113\">6<\/td>\n<td width=\"113\">0.7<\/td>\n<td width=\"113\">7<\/td>\n<\/tr>\n<tr>\n<td width=\"113\">Produktionskapazit\u00e4t (St\u00fcck\/h)<\/td>\n<td width=\"113\">4000<\/td>\n<td width=\"113\">4000<\/td>\n<td width=\"113\">4200<\/td>\n<td width=\"113\">4000<\/td>\n<\/tr>\n<tr>\n<td width=\"113\">Motorleistung (kW)<\/td>\n<td width=\"113\">0.75<\/td>\n<td width=\"113\">4000<\/td>\n<td width=\"113\">0.78<\/td>\n<td width=\"113\">1.5<\/td>\n<\/tr>\n<tr>\n<td width=\"113\">Gesamtgr\u00f6\u00dfe (Millimeter)<\/td>\n<td width=\"113\">450*<\/p>\n<p>300*<\/p>\n<p>550*<\/td>\n<td width=\"113\">450*<\/p>\n<p>300*<\/p>\n<p>550*<\/td>\n<td width=\"113\">480*<\/p>\n<p>460*<\/p>\n<p>620*<\/td>\n<td width=\"113\">500*<\/p>\n<p>410*<\/p>\n<p>680*<\/td>\n<\/tr>\n<tr>\n<td width=\"113\">Nettogewicht (kg)<\/td>\n<td width=\"113\">50<\/td>\n<td width=\"113\">40<\/td>\n<td width=\"113\">55<\/td>\n<td width=\"113\">85<\/td>\n<\/tr>\n<\/tbody>\n<\/table>\n<p>&nbsp;<\/p>","protected":false},"excerpt":{"rendered":"<p>Einf\u00fchrung der Tablettenpresse Modell TARHDP, erh\u00e4ltlich in den elektrischen Modellen TARHDP-3, elektrischer Austausch und manuell, TARHDP-5<\/p>","protected":false},"featured_media":6864,"comment_status":"open","ping_status":"closed","template":"","meta":{"wds_primary_product_brand":0,"wds_primary_product_cat":0},"product_brand":[],"product_cat":[84],"product_tag":[],"class_list":{"0":"post-6863","1":"product","2":"type-product","3":"status-publish","4":"has-post-thumbnail","6":"product_cat-maquinas-para-hacer-pastillas","8":"first","9":"instock","10":"taxable","11":"shipping-taxable","12":"purchasable","13":"product-type-simple"},"yoast_head":"<!-- This site is optimized with the Yoast SEO Premium plugin v24.9 (Yoast SEO v26.1) - https:\/\/yoast.com\/wordpress\/plugins\/seo\/ -->\n<title>MAQUINA COMPACTADORA PRENSADORA PARA COMPRIMIDOS MEJORADOS DE PROTEINAS - distribuci\u00f3n ARC<\/title>\n<meta name=\"robots\" content=\"index, follow, max-snippet:-1, max-image-preview:large, max-video-preview:-1\" \/>\n<link rel=\"canonical\" href=\"https:\/\/distribucionarc.com\/de\/produkt-2\/kompaktier-pressmaschine-fur-verbesserte-proteintabletten\/\" \/>\n<meta property=\"og:locale\" content=\"de_DE\" \/>\n<meta property=\"og:type\" content=\"article\" \/>\n<meta property=\"og:title\" content=\"MAQUINA COMPACTADORA PRENSADORA PARA COMPRIMIDOS MEJORADOS DE PROTEINAS\" \/>\n<meta property=\"og:description\" content=\"Presentamos la M\u00e1quina Compactadora Prensadora de Tabletas Modelo TARHDP, disponible en los modelos el\u00e9ctricos TARHDP-3, intercambio el\u00e9ctrico y manual, TARHDP-5\" \/>\n<meta property=\"og:url\" content=\"https:\/\/distribucionarc.com\/de\/produkt-2\/kompaktier-pressmaschine-fur-verbesserte-proteintabletten\/\" \/>\n<meta property=\"og:site_name\" content=\"distribuci\u00f3n ARC\" \/>\n<meta property=\"article:modified_time\" content=\"2024-04-26T16:23:45+00:00\" \/>\n<meta property=\"og:image\" content=\"https:\/\/distribucionarc.com\/wp-content\/uploads\/2024\/04\/MAQUINA-COMPACTADORA-PRENSADORA-PARA-COMPRIMIDOS-MEJORADOS-DE-PROTEINAS-TARHDP-6.jpg\" \/>\n\t<meta property=\"og:image:width\" content=\"1656\" \/>\n\t<meta property=\"og:image:height\" content=\"1160\" \/>\n\t<meta property=\"og:image:type\" content=\"image\/jpeg\" \/>\n<meta name=\"twitter:card\" content=\"summary_large_image\" \/>\n<meta name=\"twitter:label1\" content=\"Gesch\u00e4tzte Lesezeit\" \/>\n\t<meta name=\"twitter:data1\" content=\"1\u00a0Minute\" \/>\n<script type=\"application\/ld+json\" class=\"yoast-schema-graph\">{\"@context\":\"https:\/\/schema.org\",\"@graph\":[{\"@type\":\"WebPage\",\"@id\":\"https:\/\/distribucionarc.com\/en\/producto\/maquina-compactadora-prensadora-para-comprimidos-mejorados-de-proteinas\/\",\"url\":\"https:\/\/distribucionarc.com\/en\/producto\/maquina-compactadora-prensadora-para-comprimidos-mejorados-de-proteinas\/\",\"name\":\"MAQUINA COMPACTADORA PRENSADORA PARA COMPRIMIDOS MEJORADOS DE PROTEINAS - distribuci\u00f3n ARC\",\"isPartOf\":{\"@id\":\"https:\/\/distribucionarc.com\/ro\/#website\"},\"primaryImageOfPage\":{\"@id\":\"https:\/\/distribucionarc.com\/en\/producto\/maquina-compactadora-prensadora-para-comprimidos-mejorados-de-proteinas\/#primaryimage\"},\"image\":{\"@id\":\"https:\/\/distribucionarc.com\/en\/producto\/maquina-compactadora-prensadora-para-comprimidos-mejorados-de-proteinas\/#primaryimage\"},\"thumbnailUrl\":\"https:\/\/distribucionarc.com\/wp-content\/uploads\/2024\/04\/MAQUINA-COMPACTADORA-PRENSADORA-PARA-COMPRIMIDOS-MEJORADOS-DE-PROTEINAS-TARHDP-6.jpg\",\"datePublished\":\"2024-04-26T16:23:43+00:00\",\"dateModified\":\"2024-04-26T16:23:45+00:00\",\"breadcrumb\":{\"@id\":\"https:\/\/distribucionarc.com\/en\/producto\/maquina-compactadora-prensadora-para-comprimidos-mejorados-de-proteinas\/#breadcrumb\"},\"inLanguage\":\"de\",\"potentialAction\":[{\"@type\":\"ReadAction\",\"target\":[\"https:\/\/distribucionarc.com\/en\/producto\/maquina-compactadora-prensadora-para-comprimidos-mejorados-de-proteinas\/\"]}]},{\"@type\":\"ImageObject\",\"inLanguage\":\"de\",\"@id\":\"https:\/\/distribucionarc.com\/en\/producto\/maquina-compactadora-prensadora-para-comprimidos-mejorados-de-proteinas\/#primaryimage\",\"url\":\"https:\/\/distribucionarc.com\/wp-content\/uploads\/2024\/04\/MAQUINA-COMPACTADORA-PRENSADORA-PARA-COMPRIMIDOS-MEJORADOS-DE-PROTEINAS-TARHDP-6.jpg\",\"contentUrl\":\"https:\/\/distribucionarc.com\/wp-content\/uploads\/2024\/04\/MAQUINA-COMPACTADORA-PRENSADORA-PARA-COMPRIMIDOS-MEJORADOS-DE-PROTEINAS-TARHDP-6.jpg\",\"width\":1656,\"height\":1160,\"caption\":\"#image_title\"},{\"@type\":\"BreadcrumbList\",\"@id\":\"https:\/\/distribucionarc.com\/en\/producto\/maquina-compactadora-prensadora-para-comprimidos-mejorados-de-proteinas\/#breadcrumb\",\"itemListElement\":[{\"@type\":\"ListItem\",\"position\":1,\"name\":\"Portada\",\"item\":\"https:\/\/distribucionarc.com\/ar\/\"},{\"@type\":\"ListItem\",\"position\":2,\"name\":\"Proizvodi\",\"item\":\"https:\/\/www.distribucionarc.com\/hr\/ducan\/\"},{\"@type\":\"ListItem\",\"position\":3,\"name\":\"MAQUINA COMPACTADORA PRENSADORA PARA COMPRIMIDOS MEJORADOS DE PROTEINAS\"}]},{\"@type\":\"WebSite\",\"@id\":\"https:\/\/distribucionarc.com\/ro\/#website\",\"url\":\"https:\/\/distribucionarc.com\/ro\/\",\"name\":\"distribuci\u00f3n ARC\",\"description\":\"Empresa especializada en la fabricaci\u00f3n y distribuci\u00f3n de maquinaria industrial, selladoras de latas, Maquinas de hacer pastillas, Maquinas de cortar carne...\",\"publisher\":{\"@id\":\"https:\/\/distribucionarc.com\/ro\/#organization\"},\"potentialAction\":[{\"@type\":\"SearchAction\",\"target\":{\"@type\":\"EntryPoint\",\"urlTemplate\":\"https:\/\/distribucionarc.com\/ro\/?s={search_term_string}\"},\"query-input\":{\"@type\":\"PropertyValueSpecification\",\"valueRequired\":true,\"valueName\":\"search_term_string\"}}],\"inLanguage\":\"de\"},{\"@type\":\"Organization\",\"@id\":\"https:\/\/distribucionarc.com\/ro\/#organization\",\"name\":\"Distribuci\u00f3n ARC\",\"url\":\"https:\/\/distribucionarc.com\/ro\/\",\"logo\":{\"@type\":\"ImageObject\",\"inLanguage\":\"de\",\"@id\":\"https:\/\/distribucionarc.com\/ro\/#\/schema\/logo\/image\/\",\"url\":\"https:\/\/distribucionarc.com\/wp-content\/uploads\/2024\/10\/distribucion-ARC-COLOR-SIN-FONDO-e1732295305345.png\",\"contentUrl\":\"https:\/\/distribucionarc.com\/wp-content\/uploads\/2024\/10\/distribucion-ARC-COLOR-SIN-FONDO-e1732295305345.png\",\"width\":1164,\"height\":558,\"caption\":\"Distribuci\u00f3n ARC\"},\"image\":{\"@id\":\"https:\/\/distribucionarc.com\/ro\/#\/schema\/logo\/image\/\"},\"description\":\"Empresa especializada en la fabricaci\u00f3n y distribuci\u00f3n de maquinaria industrial para los sectores alimentario y farmac\u00e9utico. Nos especializamos en: M\u00e1quinas de cortar carne Fabricaci\u00f3n de comprimidos Sistemas de transporte industrial L\u00edneas de embotellado Dosificadores Y mucho m\u00e1s... Ofrecemos soluciones innovadoras y personalizadas para optimizar los procesos productivos de tu empresa.\",\"email\":\"Admistracion@distribucionarc.com\",\"telephone\":\"+34 643496664\",\"legalName\":\"ARC TECH SOLUTIONS\",\"foundingDate\":\"2024-04-09\",\"vatID\":\"B55480172\",\"numberOfEmployees\":{\"@type\":\"QuantitativeValue\",\"minValue\":\"1\",\"maxValue\":\"10\"}}]}<\/script>\n<!-- \/ Yoast SEO Premium plugin. -->","yoast_head_json":{"title":"KOMPAKTOR-PRESSMASCHINE F\u00dcR VERBESSERTE PROTEIN-TABLETTEN \u2013 ARC-Verteilung","robots":{"index":"index","follow":"follow","max-snippet":"max-snippet:-1","max-image-preview":"max-image-preview:large","max-video-preview":"max-video-preview:-1"},"canonical":"https:\/\/distribucionarc.com\/de\/produkt-2\/kompaktier-pressmaschine-fur-verbesserte-proteintabletten\/","og_locale":"de_DE","og_type":"article","og_title":"MAQUINA COMPACTADORA PRENSADORA PARA COMPRIMIDOS MEJORADOS DE PROTEINAS","og_description":"Presentamos la M\u00e1quina Compactadora Prensadora de Tabletas Modelo TARHDP, disponible en los modelos el\u00e9ctricos TARHDP-3, intercambio el\u00e9ctrico y manual, TARHDP-5","og_url":"https:\/\/distribucionarc.com\/de\/produkt-2\/kompaktier-pressmaschine-fur-verbesserte-proteintabletten\/","og_site_name":"distribuci\u00f3n ARC","article_modified_time":"2024-04-26T16:23:45+00:00","og_image":[{"width":1656,"height":1160,"url":"https:\/\/distribucionarc.com\/wp-content\/uploads\/2024\/04\/MAQUINA-COMPACTADORA-PRENSADORA-PARA-COMPRIMIDOS-MEJORADOS-DE-PROTEINAS-TARHDP-6.jpg","type":"image\/jpeg"}],"twitter_card":"summary_large_image","twitter_misc":{"Gesch\u00e4tzte Lesezeit":"1\u00a0Minute"},"schema":{"@context":"https:\/\/schema.org","@graph":[{"@type":"WebPage","@id":"https:\/\/distribucionarc.com\/en\/producto\/maquina-compactadora-prensadora-para-comprimidos-mejorados-de-proteinas\/","url":"https:\/\/distribucionarc.com\/en\/producto\/maquina-compactadora-prensadora-para-comprimidos-mejorados-de-proteinas\/","name":"KOMPAKTOR-PRESSMASCHINE F\u00dcR VERBESSERTE PROTEIN-TABLETTEN \u2013 ARC-Verteilung","isPartOf":{"@id":"https:\/\/distribucionarc.com\/ro\/#website"},"primaryImageOfPage":{"@id":"https:\/\/distribucionarc.com\/en\/producto\/maquina-compactadora-prensadora-para-comprimidos-mejorados-de-proteinas\/#primaryimage"},"image":{"@id":"https:\/\/distribucionarc.com\/en\/producto\/maquina-compactadora-prensadora-para-comprimidos-mejorados-de-proteinas\/#primaryimage"},"thumbnailUrl":"https:\/\/distribucionarc.com\/wp-content\/uploads\/2024\/04\/MAQUINA-COMPACTADORA-PRENSADORA-PARA-COMPRIMIDOS-MEJORADOS-DE-PROTEINAS-TARHDP-6.jpg","datePublished":"2024-04-26T16:23:43+00:00","dateModified":"2024-04-26T16:23:45+00:00","breadcrumb":{"@id":"https:\/\/distribucionarc.com\/en\/producto\/maquina-compactadora-prensadora-para-comprimidos-mejorados-de-proteinas\/#breadcrumb"},"inLanguage":"de","potentialAction":[{"@type":"ReadAction","target":["https:\/\/distribucionarc.com\/en\/producto\/maquina-compactadora-prensadora-para-comprimidos-mejorados-de-proteinas\/"]}]},{"@type":"ImageObject","inLanguage":"de","@id":"https:\/\/distribucionarc.com\/en\/producto\/maquina-compactadora-prensadora-para-comprimidos-mejorados-de-proteinas\/#primaryimage","url":"https:\/\/distribucionarc.com\/wp-content\/uploads\/2024\/04\/MAQUINA-COMPACTADORA-PRENSADORA-PARA-COMPRIMIDOS-MEJORADOS-DE-PROTEINAS-TARHDP-6.jpg","contentUrl":"https:\/\/distribucionarc.com\/wp-content\/uploads\/2024\/04\/MAQUINA-COMPACTADORA-PRENSADORA-PARA-COMPRIMIDOS-MEJORADOS-DE-PROTEINAS-TARHDP-6.jpg","width":1656,"height":1160,"caption":"#image_title"},{"@type":"BreadcrumbList","@id":"https:\/\/distribucionarc.com\/en\/producto\/maquina-compactadora-prensadora-para-comprimidos-mejorados-de-proteinas\/#breadcrumb","itemListElement":[{"@type":"ListItem","position":1,"name":"Portada","item":"https:\/\/distribucionarc.com\/ar\/"},{"@type":"ListItem","position":2,"name":"Proizvodi","item":"https:\/\/www.distribucionarc.com\/hr\/ducan\/"},{"@type":"ListItem","position":3,"name":"MAQUINA COMPACTADORA PRENSADORA PARA COMPRIMIDOS MEJORADOS DE PROTEINAS"}]},{"@type":"WebSite","@id":"https:\/\/distribucionarc.com\/ro\/#website","url":"https:\/\/distribucionarc.com\/ro\/","name":"ARC-Verteilung","description":"Das Unternehmen ist auf die Herstellung und den Vertrieb von Industriemaschinen, Dosenverschlie\u00dfmaschinen, Tablettenmaschinen, Fleischschneidemaschinen...","publisher":{"@id":"https:\/\/distribucionarc.com\/ro\/#organization"},"potentialAction":[{"@type":"SearchAction","target":{"@type":"EntryPoint","urlTemplate":"https:\/\/distribucionarc.com\/ro\/?s={search_term_string}"},"query-input":{"@type":"PropertyValueSpecification","valueRequired":true,"valueName":"search_term_string"}}],"inLanguage":"de"},{"@type":"Organization","@id":"https:\/\/distribucionarc.com\/ro\/#organization","name":"ARC-Verteilung","url":"https:\/\/distribucionarc.com\/ro\/","logo":{"@type":"ImageObject","inLanguage":"de","@id":"https:\/\/distribucionarc.com\/ro\/#\/schema\/logo\/image\/","url":"https:\/\/distribucionarc.com\/wp-content\/uploads\/2024\/10\/distribucion-ARC-COLOR-SIN-FONDO-e1732295305345.png","contentUrl":"https:\/\/distribucionarc.com\/wp-content\/uploads\/2024\/10\/distribucion-ARC-COLOR-SIN-FONDO-e1732295305345.png","width":1164,"height":558,"caption":"Distribuci\u00f3n ARC"},"image":{"@id":"https:\/\/distribucionarc.com\/ro\/#\/schema\/logo\/image\/"},"description":"Unternehmen, das auf die Herstellung und den Vertrieb von Industriemaschinen f\u00fcr den Lebensmittel- und Pharmasektor spezialisiert ist. Wir sind spezialisiert auf: Fleischschneidemaschinen Tablettenherstellung Industrielle F\u00f6rdersysteme Abf\u00fcllanlagen Dispenser Und vieles mehr... Wir bieten innovative und ma\u00dfgeschneiderte L\u00f6sungen zur Optimierung der Produktionsprozesse in Ihrem Unternehmen.","email":"Admistracion@distribucionarc.com","telephone":"+34 643496664","legalName":"ARC TECH SOLUTIONS","foundingDate":"2024-04-09","vatID":"B55480172","numberOfEmployees":{"@type":"QuantitativeValue","minValue":"1","maxValue":"10"}}]}},"_links":{"self":[{"href":"https:\/\/distribucionarc.com\/de\/wp-json\/wp\/v2\/product\/6863","targetHints":{"allow":["GET"]}}],"collection":[{"href":"https:\/\/distribucionarc.com\/de\/wp-json\/wp\/v2\/product"}],"about":[{"href":"https:\/\/distribucionarc.com\/de\/wp-json\/wp\/v2\/types\/product"}],"replies":[{"embeddable":true,"href":"https:\/\/distribucionarc.com\/de\/wp-json\/wp\/v2\/comments?post=6863"}],"version-history":[{"count":0,"href":"https:\/\/distribucionarc.com\/de\/wp-json\/wp\/v2\/product\/6863\/revisions"}],"wp:featuredmedia":[{"embeddable":true,"href":"https:\/\/distribucionarc.com\/de\/wp-json\/wp\/v2\/media\/6864"}],"wp:attachment":[{"href":"https:\/\/distribucionarc.com\/de\/wp-json\/wp\/v2\/media?parent=6863"}],"wp:term":[{"taxonomy":"product_brand","embeddable":true,"href":"https:\/\/distribucionarc.com\/de\/wp-json\/wp\/v2\/product_brand?post=6863"},{"taxonomy":"product_cat","embeddable":true,"href":"https:\/\/distribucionarc.com\/de\/wp-json\/wp\/v2\/product_cat?post=6863"},{"taxonomy":"product_tag","embeddable":true,"href":"https:\/\/distribucionarc.com\/de\/wp-json\/wp\/v2\/product_tag?post=6863"}],"curies":[{"name":"wp","href":"https:\/\/api.w.org\/{rel}","templated":true}]}}