{"id":6938,"date":"2024-04-27T04:08:04","date_gmt":"2024-04-27T04:08:04","guid":{"rendered":"https:\/\/distribucionarc.com\/?post_type=product&#038;p=6938"},"modified":"2024-04-27T04:08:05","modified_gmt":"2024-04-27T04:08:05","slug":"homogen-mischender-kegelmischer-fur-ginseng-pillen","status":"publish","type":"product","link":"https:\/\/distribucionarc.com\/de\/producto\/mezclador-de-cono-de-mezcla-homogenea-para-pildoras-de-ginseng\/","title":{"rendered":"KEGELMISCHER F\u00dcR HOMOGENE MISCHUNG F\u00dcR GINSENGPILLEN"},"content":{"rendered":"<p>Entdecken Sie die <strong>Kegelmischer der YARZ-Serie<\/strong>, die perfekte L\u00f6sung f\u00fcr die Pharma-, Chemie- und Lebensmittelindustrie. Dieses innovative Ger\u00e4t bietet eine hohe Mischleistung ohne tote Winkel und garantiert eine homogene Verteilung der Materialien f\u00fcr<strong> Ginseng-Pillen<\/strong>. Da das Ger\u00e4t mit einem einzigen Motor ausgestattet ist, dreht sich nur der Zylinder, w\u00e4hrend das innere Paddel statisch bleibt. Dadurch wird ein pr\u00e4ziser und kontrollierter Mischvorgang gew\u00e4hrleistet. Steigern Sie die Qualit\u00e4t und Effizienz Ihrer Produktion mit dem <strong>Kegelmischer der YARZ-Serie.<\/strong> Optimieren Sie Ihre Ergebnisse mit unserer Spitzentechnologie!<\/p>\n<p>&nbsp;<\/p>\n<table>\n<tbody>\n<tr>\n<td width=\"63\">Modell<\/td>\n<td width=\"63\">Volumen (Liter)<\/td>\n<td width=\"63\">Nutzvolumen (Liter)<\/td>\n<td width=\"63\">Maximale Belastung (kg)<\/td>\n<td width=\"63\">Chargenzeit (Millimeter)<\/td>\n<td width=\"63\">Geschwindigkeit (Umdrehungen-min)<\/td>\n<td width=\"63\">Leistung (W)<\/td>\n<td width=\"63\">Gesamtgr\u00f6\u00dfe (Millimeter)<\/td>\n<td width=\"63\">Gewicht (kg)<\/td>\n<\/tr>\n<tr>\n<td width=\"63\">YARZ-1KG<\/td>\n<td width=\"63\">3<\/td>\n<td width=\"63\">1.5<\/td>\n<td width=\"63\">1<\/td>\n<td width=\"63\">6-8<\/td>\n<td width=\"63\">0-34<\/td>\n<td width=\"63\">15<\/td>\n<td width=\"63\">350*<\/p>\n<p>250*<\/p>\n<p>480*<\/td>\n<td width=\"63\"><\/td>\n<\/tr>\n<tr>\n<td width=\"63\">YARZ-2KG<\/td>\n<td width=\"63\">6<\/td>\n<td width=\"63\">3<\/td>\n<td width=\"63\">2<\/td>\n<td width=\"63\">6-8<\/td>\n<td width=\"63\">0-34<\/td>\n<td width=\"63\">40<\/td>\n<td width=\"63\">430*<\/p>\n<p>300*<\/p>\n<p>580*<\/td>\n<td width=\"63\"><\/td>\n<\/tr>\n<tr>\n<td width=\"63\">YARZ-3KG<\/td>\n<td width=\"63\">9<\/td>\n<td width=\"63\">4.5<\/td>\n<td width=\"63\">3<\/td>\n<td width=\"63\">6-8<\/td>\n<td width=\"63\">0-34<\/td>\n<td width=\"63\">40<\/td>\n<td width=\"63\">440*<\/p>\n<p>300*<\/p>\n<p>580*<\/td>\n<td width=\"63\"><\/td>\n<\/tr>\n<tr>\n<td width=\"63\">YARZ-5KG<\/td>\n<td width=\"63\">15<\/td>\n<td width=\"63\">7.5<\/td>\n<td width=\"63\">5<\/td>\n<td width=\"63\">6-8<\/td>\n<td width=\"63\">0-34<\/td>\n<td width=\"63\">60<\/td>\n<td width=\"63\">480*<\/p>\n<p>380*<\/p>\n<p>860*<\/td>\n<td width=\"63\"><\/td>\n<\/tr>\n<tr>\n<td width=\"63\">YARZ-10KG<\/td>\n<td width=\"63\">30<\/td>\n<td width=\"63\">16<\/td>\n<td width=\"63\">10<\/td>\n<td width=\"63\">6-8<\/td>\n<td width=\"63\">0-34<\/td>\n<td width=\"63\">90<\/td>\n<td width=\"63\">600*<\/p>\n<p>420*<\/p>\n<p>860*<\/td>\n<td width=\"63\"><\/td>\n<\/tr>\n<tr>\n<td width=\"63\">YARZ-15KG<\/td>\n<td width=\"63\">45<\/td>\n<td width=\"63\">23<\/td>\n<td width=\"63\">15<\/td>\n<td width=\"63\">6-8<\/td>\n<td width=\"63\">0-34<\/td>\n<td width=\"63\">140<\/td>\n<td width=\"63\">600*<\/p>\n<p>600*<\/p>\n<p>1050*<\/td>\n<td width=\"63\"><\/td>\n<\/tr>\n<tr>\n<td width=\"63\">YARZ-20KG<\/td>\n<td width=\"63\">60<\/td>\n<td width=\"63\">31<\/td>\n<td width=\"63\">20<\/td>\n<td width=\"63\">6-8<\/td>\n<td width=\"63\">0-34<\/td>\n<td width=\"63\">250<\/td>\n<td width=\"63\">580*<\/p>\n<p>650*<\/p>\n<p>1100*<\/td>\n<td width=\"63\"><\/td>\n<\/tr>\n<tr>\n<td width=\"63\">YARZ-50KG<\/td>\n<td width=\"63\">150<\/td>\n<td width=\"63\">80<\/td>\n<td width=\"63\">50<\/td>\n<td width=\"63\">6-8<\/td>\n<td width=\"63\">380 V feste Drehzahl -16<\/p>\n<p>Drehzahlregelung 220V 0-18<\/td>\n<td width=\"63\">550<\/td>\n<td width=\"63\">860*<\/p>\n<p>1000*<\/p>\n<p>1450*<\/td>\n<td width=\"63\"><\/td>\n<\/tr>\n<\/tbody>\n<\/table>\n<p>&nbsp;<\/p>","protected":false},"excerpt":{"rendered":"<p>Entdecken Sie den Kegelmischer der YARZ-Serie, die perfekte L\u00f6sung f\u00fcr die Pharma-, Chemie- und Lebensmittelindustrie. Dieses innovative Team<\/p>","protected":false},"featured_media":6949,"comment_status":"open","ping_status":"closed","template":"","meta":{"wds_primary_product_brand":0,"wds_primary_product_cat":0},"product_brand":[],"product_cat":[84],"product_tag":[],"class_list":{"0":"post-6938","1":"product","2":"type-product","3":"status-publish","4":"has-post-thumbnail","6":"product_cat-maquinas-para-hacer-pastillas","8":"first","9":"instock","10":"taxable","11":"shipping-taxable","12":"purchasable","13":"product-type-simple"},"yoast_head":"<!-- This site is optimized with the Yoast SEO Premium plugin v24.9 (Yoast SEO v26.1) - https:\/\/yoast.com\/wordpress\/plugins\/seo\/ -->\n<title>MEZCLADORA DE CONO DE MEZCLA HOMOGENEA PARA PILDORA DE GINSENG - distribuci\u00f3n ARC<\/title>\n<meta name=\"robots\" content=\"index, follow, max-snippet:-1, max-image-preview:large, max-video-preview:-1\" \/>\n<link rel=\"canonical\" href=\"https:\/\/distribucionarc.com\/de\/produkt-2\/homogen-mischender-kegelmischer-fur-ginseng-pillen\/\" \/>\n<meta property=\"og:locale\" content=\"de_DE\" \/>\n<meta property=\"og:type\" content=\"article\" \/>\n<meta property=\"og:title\" content=\"MEZCLADORA DE CONO DE MEZCLA HOMOGENEA PARA PILDORA DE GINSENG\" \/>\n<meta property=\"og:description\" content=\"Descubre el Mezclador de Cono Serie YARZ, la soluci\u00f3n perfecta para la industria farmac\u00e9utica, qu\u00edmica y alimentaria. Este innovador equipo\" \/>\n<meta property=\"og:url\" content=\"https:\/\/distribucionarc.com\/de\/produkt-2\/homogen-mischender-kegelmischer-fur-ginseng-pillen\/\" \/>\n<meta property=\"og:site_name\" content=\"distribuci\u00f3n ARC\" \/>\n<meta property=\"article:modified_time\" content=\"2024-04-27T04:08:05+00:00\" \/>\n<meta property=\"og:image\" content=\"https:\/\/distribucionarc.com\/wp-content\/uploads\/2024\/04\/MEZCLADORA-DE-CONO-DE-MEZCLA-HOMOGENEA-PARA-PILDORA-DE-GINSENG.webp\" \/>\n\t<meta property=\"og:image:width\" content=\"864\" \/>\n\t<meta property=\"og:image:height\" content=\"896\" \/>\n\t<meta property=\"og:image:type\" content=\"image\/webp\" \/>\n<meta name=\"twitter:card\" content=\"summary_large_image\" \/>\n<meta name=\"twitter:label1\" content=\"Gesch\u00e4tzte Lesezeit\" \/>\n\t<meta name=\"twitter:data1\" content=\"1\u00a0Minute\" \/>\n<script type=\"application\/ld+json\" class=\"yoast-schema-graph\">{\"@context\":\"https:\/\/schema.org\",\"@graph\":[{\"@type\":\"WebPage\",\"@id\":\"https:\/\/distribucionarc.com\/pl\/producto\/mezclador-de-cono-de-mezcla-homogenea-para-pildoras-de-ginseng\/\",\"url\":\"https:\/\/distribucionarc.com\/pl\/producto\/mezclador-de-cono-de-mezcla-homogenea-para-pildoras-de-ginseng\/\",\"name\":\"MEZCLADORA DE CONO DE MEZCLA HOMOGENEA PARA PILDORA DE GINSENG - distribuci\u00f3n ARC\",\"isPartOf\":{\"@id\":\"https:\/\/www.distribucionarc.com\/tr\/#website\"},\"primaryImageOfPage\":{\"@id\":\"https:\/\/distribucionarc.com\/pl\/producto\/mezclador-de-cono-de-mezcla-homogenea-para-pildoras-de-ginseng\/#primaryimage\"},\"image\":{\"@id\":\"https:\/\/distribucionarc.com\/pl\/producto\/mezclador-de-cono-de-mezcla-homogenea-para-pildoras-de-ginseng\/#primaryimage\"},\"thumbnailUrl\":\"https:\/\/distribucionarc.com\/wp-content\/uploads\/2024\/04\/MEZCLADORA-DE-CONO-DE-MEZCLA-HOMOGENEA-PARA-PILDORA-DE-GINSENG.webp\",\"datePublished\":\"2024-04-27T04:08:04+00:00\",\"dateModified\":\"2024-04-27T04:08:05+00:00\",\"breadcrumb\":{\"@id\":\"https:\/\/distribucionarc.com\/pl\/producto\/mezclador-de-cono-de-mezcla-homogenea-para-pildoras-de-ginseng\/#breadcrumb\"},\"inLanguage\":\"de\",\"potentialAction\":[{\"@type\":\"ReadAction\",\"target\":[\"https:\/\/distribucionarc.com\/pl\/producto\/mezclador-de-cono-de-mezcla-homogenea-para-pildoras-de-ginseng\/\"]}]},{\"@type\":\"ImageObject\",\"inLanguage\":\"de\",\"@id\":\"https:\/\/distribucionarc.com\/pl\/producto\/mezclador-de-cono-de-mezcla-homogenea-para-pildoras-de-ginseng\/#primaryimage\",\"url\":\"https:\/\/distribucionarc.com\/wp-content\/uploads\/2024\/04\/MEZCLADORA-DE-CONO-DE-MEZCLA-HOMOGENEA-PARA-PILDORA-DE-GINSENG.webp\",\"contentUrl\":\"https:\/\/distribucionarc.com\/wp-content\/uploads\/2024\/04\/MEZCLADORA-DE-CONO-DE-MEZCLA-HOMOGENEA-PARA-PILDORA-DE-GINSENG.webp\",\"width\":864,\"height\":896,\"caption\":\"#image_title\"},{\"@type\":\"BreadcrumbList\",\"@id\":\"https:\/\/distribucionarc.com\/pl\/producto\/mezclador-de-cono-de-mezcla-homogenea-para-pildoras-de-ginseng\/#breadcrumb\",\"itemListElement\":[{\"@type\":\"ListItem\",\"position\":1,\"name\":\"Portada\",\"item\":\"https:\/\/www.distribucionarc.com\/tr\/\"},{\"@type\":\"ListItem\",\"position\":2,\"name\":\"Produktai\",\"item\":\"https:\/\/distribucionarc.com\/lt\/parduotuve\/\"},{\"@type\":\"ListItem\",\"position\":3,\"name\":\"MEZCLADORA DE CONO DE MEZCLA HOMOGENEA PARA PILDORA DE GINSENG\"}]},{\"@type\":\"WebSite\",\"@id\":\"https:\/\/www.distribucionarc.com\/tr\/#website\",\"url\":\"https:\/\/www.distribucionarc.com\/tr\/\",\"name\":\"distribuci\u00f3n ARC\",\"description\":\"Empresa especializada en la fabricaci\u00f3n y distribuci\u00f3n de maquinaria industrial, selladoras de latas, Maquinas de hacer pastillas, Maquinas de cortar carne...\",\"publisher\":{\"@id\":\"https:\/\/www.distribucionarc.com\/tr\/#organization\"},\"potentialAction\":[{\"@type\":\"SearchAction\",\"target\":{\"@type\":\"EntryPoint\",\"urlTemplate\":\"https:\/\/www.distribucionarc.com\/tr\/?s={search_term_string}\"},\"query-input\":{\"@type\":\"PropertyValueSpecification\",\"valueRequired\":true,\"valueName\":\"search_term_string\"}}],\"inLanguage\":\"de\"},{\"@type\":\"Organization\",\"@id\":\"https:\/\/www.distribucionarc.com\/tr\/#organization\",\"name\":\"Distribuci\u00f3n ARC\",\"url\":\"https:\/\/www.distribucionarc.com\/tr\/\",\"logo\":{\"@type\":\"ImageObject\",\"inLanguage\":\"de\",\"@id\":\"https:\/\/www.distribucionarc.com\/tr\/#\/schema\/logo\/image\/\",\"url\":\"https:\/\/distribucionarc.com\/wp-content\/uploads\/2024\/10\/distribucion-ARC-COLOR-SIN-FONDO-e1732295305345.png\",\"contentUrl\":\"https:\/\/distribucionarc.com\/wp-content\/uploads\/2024\/10\/distribucion-ARC-COLOR-SIN-FONDO-e1732295305345.png\",\"width\":1164,\"height\":558,\"caption\":\"Distribuci\u00f3n ARC\"},\"image\":{\"@id\":\"https:\/\/www.distribucionarc.com\/tr\/#\/schema\/logo\/image\/\"},\"description\":\"Empresa especializada en la fabricaci\u00f3n y distribuci\u00f3n de maquinaria industrial para los sectores alimentario y farmac\u00e9utico. Nos especializamos en: M\u00e1quinas de cortar carne Fabricaci\u00f3n de comprimidos Sistemas de transporte industrial L\u00edneas de embotellado Dosificadores Y mucho m\u00e1s... Ofrecemos soluciones innovadoras y personalizadas para optimizar los procesos productivos de tu empresa.\",\"email\":\"Admistracion@distribucionarc.com\",\"telephone\":\"+34 643496664\",\"legalName\":\"ARC TECH SOLUTIONS\",\"foundingDate\":\"2024-04-09\",\"vatID\":\"B55480172\",\"numberOfEmployees\":{\"@type\":\"QuantitativeValue\",\"minValue\":\"1\",\"maxValue\":\"10\"}}]}<\/script>\n<!-- \/ Yoast SEO Premium plugin. -->","yoast_head_json":{"title":"HOMOGENER MISCHKEGELMISCHER F\u00dcR GINSENG-TABLETTEN - ARC distribution","robots":{"index":"index","follow":"follow","max-snippet":"max-snippet:-1","max-image-preview":"max-image-preview:large","max-video-preview":"max-video-preview:-1"},"canonical":"https:\/\/distribucionarc.com\/de\/produkt-2\/homogen-mischender-kegelmischer-fur-ginseng-pillen\/","og_locale":"de_DE","og_type":"article","og_title":"MEZCLADORA DE CONO DE MEZCLA HOMOGENEA PARA PILDORA DE GINSENG","og_description":"Descubre el Mezclador de Cono Serie YARZ, la soluci\u00f3n perfecta para la industria farmac\u00e9utica, qu\u00edmica y alimentaria. Este innovador equipo","og_url":"https:\/\/distribucionarc.com\/de\/produkt-2\/homogen-mischender-kegelmischer-fur-ginseng-pillen\/","og_site_name":"distribuci\u00f3n ARC","article_modified_time":"2024-04-27T04:08:05+00:00","og_image":[{"width":864,"height":896,"url":"https:\/\/distribucionarc.com\/wp-content\/uploads\/2024\/04\/MEZCLADORA-DE-CONO-DE-MEZCLA-HOMOGENEA-PARA-PILDORA-DE-GINSENG.webp","type":"image\/webp"}],"twitter_card":"summary_large_image","twitter_misc":{"Gesch\u00e4tzte Lesezeit":"1\u00a0Minute"},"schema":{"@context":"https:\/\/schema.org","@graph":[{"@type":"WebPage","@id":"https:\/\/distribucionarc.com\/pl\/producto\/mezclador-de-cono-de-mezcla-homogenea-para-pildoras-de-ginseng\/","url":"https:\/\/distribucionarc.com\/pl\/producto\/mezclador-de-cono-de-mezcla-homogenea-para-pildoras-de-ginseng\/","name":"HOMOGENER MISCHKEGELMISCHER F\u00dcR GINSENG-TABLETTEN - ARC distribution","isPartOf":{"@id":"https:\/\/www.distribucionarc.com\/tr\/#website"},"primaryImageOfPage":{"@id":"https:\/\/distribucionarc.com\/pl\/producto\/mezclador-de-cono-de-mezcla-homogenea-para-pildoras-de-ginseng\/#primaryimage"},"image":{"@id":"https:\/\/distribucionarc.com\/pl\/producto\/mezclador-de-cono-de-mezcla-homogenea-para-pildoras-de-ginseng\/#primaryimage"},"thumbnailUrl":"https:\/\/distribucionarc.com\/wp-content\/uploads\/2024\/04\/MEZCLADORA-DE-CONO-DE-MEZCLA-HOMOGENEA-PARA-PILDORA-DE-GINSENG.webp","datePublished":"2024-04-27T04:08:04+00:00","dateModified":"2024-04-27T04:08:05+00:00","breadcrumb":{"@id":"https:\/\/distribucionarc.com\/pl\/producto\/mezclador-de-cono-de-mezcla-homogenea-para-pildoras-de-ginseng\/#breadcrumb"},"inLanguage":"de","potentialAction":[{"@type":"ReadAction","target":["https:\/\/distribucionarc.com\/pl\/producto\/mezclador-de-cono-de-mezcla-homogenea-para-pildoras-de-ginseng\/"]}]},{"@type":"ImageObject","inLanguage":"de","@id":"https:\/\/distribucionarc.com\/pl\/producto\/mezclador-de-cono-de-mezcla-homogenea-para-pildoras-de-ginseng\/#primaryimage","url":"https:\/\/distribucionarc.com\/wp-content\/uploads\/2024\/04\/MEZCLADORA-DE-CONO-DE-MEZCLA-HOMOGENEA-PARA-PILDORA-DE-GINSENG.webp","contentUrl":"https:\/\/distribucionarc.com\/wp-content\/uploads\/2024\/04\/MEZCLADORA-DE-CONO-DE-MEZCLA-HOMOGENEA-PARA-PILDORA-DE-GINSENG.webp","width":864,"height":896,"caption":"#image_title"},{"@type":"BreadcrumbList","@id":"https:\/\/distribucionarc.com\/pl\/producto\/mezclador-de-cono-de-mezcla-homogenea-para-pildoras-de-ginseng\/#breadcrumb","itemListElement":[{"@type":"ListItem","position":1,"name":"Portada","item":"https:\/\/www.distribucionarc.com\/tr\/"},{"@type":"ListItem","position":2,"name":"Produktai","item":"https:\/\/distribucionarc.com\/lt\/parduotuve\/"},{"@type":"ListItem","position":3,"name":"MEZCLADORA DE CONO DE MEZCLA HOMOGENEA PARA PILDORA DE GINSENG"}]},{"@type":"WebSite","@id":"https:\/\/www.distribucionarc.com\/tr\/#website","url":"https:\/\/www.distribucionarc.com\/tr\/","name":"ARC-Verteilung","description":"Das Unternehmen ist auf die Herstellung und den Vertrieb von Industriemaschinen, Dosenverschlie\u00dfmaschinen, Tablettenmaschinen, Fleischschneidemaschinen...","publisher":{"@id":"https:\/\/www.distribucionarc.com\/tr\/#organization"},"potentialAction":[{"@type":"SearchAction","target":{"@type":"EntryPoint","urlTemplate":"https:\/\/www.distribucionarc.com\/tr\/?s={search_term_string}"},"query-input":{"@type":"PropertyValueSpecification","valueRequired":true,"valueName":"search_term_string"}}],"inLanguage":"de"},{"@type":"Organization","@id":"https:\/\/www.distribucionarc.com\/tr\/#organization","name":"ARC-Verteilung","url":"https:\/\/www.distribucionarc.com\/tr\/","logo":{"@type":"ImageObject","inLanguage":"de","@id":"https:\/\/www.distribucionarc.com\/tr\/#\/schema\/logo\/image\/","url":"https:\/\/distribucionarc.com\/wp-content\/uploads\/2024\/10\/distribucion-ARC-COLOR-SIN-FONDO-e1732295305345.png","contentUrl":"https:\/\/distribucionarc.com\/wp-content\/uploads\/2024\/10\/distribucion-ARC-COLOR-SIN-FONDO-e1732295305345.png","width":1164,"height":558,"caption":"Distribuci\u00f3n ARC"},"image":{"@id":"https:\/\/www.distribucionarc.com\/tr\/#\/schema\/logo\/image\/"},"description":"Unternehmen, das auf die Herstellung und den Vertrieb von Industriemaschinen f\u00fcr den Lebensmittel- und Pharmasektor spezialisiert ist. Wir sind spezialisiert auf: Fleischschneidemaschinen Tablettenherstellung Industrielle F\u00f6rdersysteme Abf\u00fcllanlagen Dispenser Und vieles mehr... Wir bieten innovative und ma\u00dfgeschneiderte L\u00f6sungen zur Optimierung der Produktionsprozesse in Ihrem Unternehmen.","email":"Admistracion@distribucionarc.com","telephone":"+34 643496664","legalName":"ARC TECH SOLUTIONS","foundingDate":"2024-04-09","vatID":"B55480172","numberOfEmployees":{"@type":"QuantitativeValue","minValue":"1","maxValue":"10"}}]}},"_links":{"self":[{"href":"https:\/\/distribucionarc.com\/de\/wp-json\/wp\/v2\/product\/6938","targetHints":{"allow":["GET"]}}],"collection":[{"href":"https:\/\/distribucionarc.com\/de\/wp-json\/wp\/v2\/product"}],"about":[{"href":"https:\/\/distribucionarc.com\/de\/wp-json\/wp\/v2\/types\/product"}],"replies":[{"embeddable":true,"href":"https:\/\/distribucionarc.com\/de\/wp-json\/wp\/v2\/comments?post=6938"}],"version-history":[{"count":0,"href":"https:\/\/distribucionarc.com\/de\/wp-json\/wp\/v2\/product\/6938\/revisions"}],"wp:featuredmedia":[{"embeddable":true,"href":"https:\/\/distribucionarc.com\/de\/wp-json\/wp\/v2\/media\/6949"}],"wp:attachment":[{"href":"https:\/\/distribucionarc.com\/de\/wp-json\/wp\/v2\/media?parent=6938"}],"wp:term":[{"taxonomy":"product_brand","embeddable":true,"href":"https:\/\/distribucionarc.com\/de\/wp-json\/wp\/v2\/product_brand?post=6938"},{"taxonomy":"product_cat","embeddable":true,"href":"https:\/\/distribucionarc.com\/de\/wp-json\/wp\/v2\/product_cat?post=6938"},{"taxonomy":"product_tag","embeddable":true,"href":"https:\/\/distribucionarc.com\/de\/wp-json\/wp\/v2\/product_tag?post=6938"}],"curies":[{"name":"wp","href":"https:\/\/api.w.org\/{rel}","templated":true}]}}