{"id":6956,"date":"2024-04-27T04:33:24","date_gmt":"2024-04-27T04:33:24","guid":{"rendered":"https:\/\/distribucionarc.com\/?post_type=product&#038;p=6956"},"modified":"2024-07-03T16:19:54","modified_gmt":"2024-07-03T16:19:54","slug":"industrie-oszillationsgranulator-fur-hyaluronsaure-tabletten","status":"publish","type":"product","link":"https:\/\/distribucionarc.com\/de\/producto\/granulador-oscilante-industrial-para-tabletas-de-acido-hiluronico\/","title":{"rendered":"INDUSTRIELLER OSZILLIERENDER GRANULATOR F\u00dcR HYLURONS\u00c4URE-TABLETTEN"},"content":{"rendered":"<p>Entdecken Sie die <strong>Oszillierender YARK-Granulator,<\/strong> Die ideale L\u00f6sung, um nasses Pulver zu den ben\u00f6tigten K\u00f6rnchen zu verarbeiten und trockene Materialien in Bl\u00f6cke zu zerkleinern, um die gew\u00fcnschten K\u00f6rnchen zu erhalten. Dieses vielseitige Ger\u00e4t eignet sich perfekt f\u00fcr die Herstellung von <strong>Labortests oder Forschung und Entwicklung von Hyalurons\u00e4uretabletten<\/strong>. Durch die M\u00f6glichkeit, das Sieb durch unterschiedliche Maschen zu ersetzen, k\u00f6nnen unterschiedliche K\u00f6rnungsanforderungen ber\u00fccksichtigt werden. Steigern Sie die Effizienz und Pr\u00e4zision in Ihrem Produktionsprozess.<\/p>\n<p>&nbsp;<\/p>\n<table>\n<tbody>\n<tr>\n<td width=\"142\">Modell<\/td>\n<td width=\"142\">YARK-60<\/td>\n<td width=\"142\">YARK-90<\/td>\n<td width=\"142\">YARK-160<\/td>\n<\/tr>\n<tr>\n<td width=\"142\">Motordurchmesser (Millimeter)<\/td>\n<td width=\"142\">60<\/td>\n<td width=\"142\">90<\/td>\n<td width=\"142\">160<\/td>\n<\/tr>\n<tr>\n<td width=\"142\">Produktionskapazit\u00e4t (kg\/h)<\/td>\n<td width=\"142\">20-30<\/td>\n<td width=\"142\">50-100<\/td>\n<td width=\"142\">200-300<\/td>\n<\/tr>\n<tr>\n<td width=\"142\">Wellenklang<\/td>\n<td width=\"142\">-360*<\/td>\n<td width=\"142\">-360*<\/td>\n<td width=\"142\">-360*<\/td>\n<\/tr>\n<tr>\n<td width=\"142\">Produktionskapazit\u00e4t (Zeiten\/Minute)<\/td>\n<td width=\"142\">46<\/td>\n<td width=\"142\">50<\/td>\n<td width=\"142\">55<\/td>\n<\/tr>\n<tr>\n<td width=\"142\">Motorleistung (kW)<\/td>\n<td width=\"142\">0.55<\/td>\n<td width=\"142\">0.75<\/td>\n<td width=\"142\">3.0<\/td>\n<\/tr>\n<tr>\n<td width=\"142\">Gewicht (kg)<\/td>\n<td width=\"142\">55<\/td>\n<td width=\"142\">150<\/td>\n<td width=\"142\">330<\/td>\n<\/tr>\n<tr>\n<td width=\"142\">Gesamtgr\u00f6\u00dfe (Millimeter)<\/td>\n<td width=\"142\">460*<\/p>\n<p>550*<\/p>\n<p>570*<\/td>\n<td width=\"142\">750*<\/p>\n<p>460*<\/p>\n<p>840*<\/td>\n<td width=\"142\">950*<\/p>\n<p>750*<\/p>\n<p>1240*<\/td>\n<\/tr>\n<\/tbody>\n<\/table>\n<p>&nbsp;<\/p>","protected":false},"excerpt":{"rendered":"<p>Entdecken Sie den oszillierenden Granulator von YARK, die ideale L\u00f6sung f\u00fcr die Verarbeitung von Nasspulver zu den erforderlichen Granulaten und Zerkleinerungsmaterialien.<\/p>","protected":false},"featured_media":6962,"comment_status":"open","ping_status":"closed","template":"","meta":{"wds_primary_product_brand":0,"wds_primary_product_cat":0},"product_brand":[],"product_cat":[84],"product_tag":[],"class_list":{"0":"post-6956","1":"product","2":"type-product","3":"status-publish","4":"has-post-thumbnail","6":"product_cat-maquinas-para-hacer-pastillas","8":"first","9":"instock","10":"taxable","11":"shipping-taxable","12":"purchasable","13":"product-type-simple"},"yoast_head":"<!-- This site is optimized with the Yoast SEO Premium plugin v24.9 (Yoast SEO v26.1) - https:\/\/yoast.com\/wordpress\/plugins\/seo\/ -->\n<title>GRANULADOR OSCILANTE INDUSTRIAL PARA TABLETAS DE ACIDO HILURONICO - distribuci\u00f3n ARC<\/title>\n<meta name=\"robots\" content=\"index, follow, max-snippet:-1, max-image-preview:large, max-video-preview:-1\" \/>\n<link rel=\"canonical\" href=\"https:\/\/distribucionarc.com\/de\/produkt-2\/industrie-oszillationsgranulator-fur-hyaluronsaure-tabletten\/\" \/>\n<meta property=\"og:locale\" content=\"de_DE\" \/>\n<meta property=\"og:type\" content=\"article\" \/>\n<meta property=\"og:title\" content=\"GRANULADOR OSCILANTE INDUSTRIAL PARA TABLETAS DE ACIDO HILURONICO\" \/>\n<meta property=\"og:description\" content=\"Descubre el Granulador Tipo Oscilante YARK, la soluci\u00f3n ideal para desarrollar polvo h\u00famedo en los gr\u00e1nulos necesarios y triturar materiales\" \/>\n<meta property=\"og:url\" content=\"https:\/\/distribucionarc.com\/de\/produkt-2\/industrie-oszillationsgranulator-fur-hyaluronsaure-tabletten\/\" \/>\n<meta property=\"og:site_name\" content=\"distribuci\u00f3n ARC\" \/>\n<meta property=\"article:modified_time\" content=\"2024-07-03T16:19:54+00:00\" \/>\n<meta property=\"og:image\" content=\"https:\/\/distribucionarc.com\/wp-content\/uploads\/2024\/04\/GRANULADOR-OSCILANTE-INDUSTRIAL-PARA-TABLETAS-DE-ACIDO-HILURONICO.webp\" \/>\n\t<meta property=\"og:image:width\" content=\"1920\" \/>\n\t<meta property=\"og:image:height\" content=\"701\" \/>\n\t<meta property=\"og:image:type\" content=\"image\/webp\" \/>\n<meta name=\"twitter:card\" content=\"summary_large_image\" \/>\n<meta name=\"twitter:label1\" content=\"Gesch\u00e4tzte Lesezeit\" \/>\n\t<meta name=\"twitter:data1\" content=\"1\u00a0Minute\" \/>\n<script type=\"application\/ld+json\" class=\"yoast-schema-graph\">{\"@context\":\"https:\/\/schema.org\",\"@graph\":[{\"@type\":\"WebPage\",\"@id\":\"https:\/\/distribucionarc.com\/ar\/producto\/granulador-oscilante-industrial-para-tabletas-de-acido-hiluronico\/\",\"url\":\"https:\/\/distribucionarc.com\/ar\/producto\/granulador-oscilante-industrial-para-tabletas-de-acido-hiluronico\/\",\"name\":\"GRANULADOR OSCILANTE INDUSTRIAL PARA TABLETAS DE ACIDO HILURONICO - distribuci\u00f3n ARC\",\"isPartOf\":{\"@id\":\"https:\/\/distribucionarc.com\/pl\/#website\"},\"primaryImageOfPage\":{\"@id\":\"https:\/\/distribucionarc.com\/ar\/producto\/granulador-oscilante-industrial-para-tabletas-de-acido-hiluronico\/#primaryimage\"},\"image\":{\"@id\":\"https:\/\/distribucionarc.com\/ar\/producto\/granulador-oscilante-industrial-para-tabletas-de-acido-hiluronico\/#primaryimage\"},\"thumbnailUrl\":\"https:\/\/distribucionarc.com\/wp-content\/uploads\/2024\/04\/GRANULADOR-OSCILANTE-INDUSTRIAL-PARA-TABLETAS-DE-ACIDO-HILURONICO.webp\",\"datePublished\":\"2024-04-27T04:33:24+00:00\",\"dateModified\":\"2024-07-03T16:19:54+00:00\",\"breadcrumb\":{\"@id\":\"https:\/\/distribucionarc.com\/ar\/producto\/granulador-oscilante-industrial-para-tabletas-de-acido-hiluronico\/#breadcrumb\"},\"inLanguage\":\"de\",\"potentialAction\":[{\"@type\":\"ReadAction\",\"target\":[\"https:\/\/distribucionarc.com\/ar\/producto\/granulador-oscilante-industrial-para-tabletas-de-acido-hiluronico\/\"]}]},{\"@type\":\"ImageObject\",\"inLanguage\":\"de\",\"@id\":\"https:\/\/distribucionarc.com\/ar\/producto\/granulador-oscilante-industrial-para-tabletas-de-acido-hiluronico\/#primaryimage\",\"url\":\"https:\/\/distribucionarc.com\/wp-content\/uploads\/2024\/04\/GRANULADOR-OSCILANTE-INDUSTRIAL-PARA-TABLETAS-DE-ACIDO-HILURONICO.webp\",\"contentUrl\":\"https:\/\/distribucionarc.com\/wp-content\/uploads\/2024\/04\/GRANULADOR-OSCILANTE-INDUSTRIAL-PARA-TABLETAS-DE-ACIDO-HILURONICO.webp\",\"width\":1920,\"height\":701,\"caption\":\"#image_title\"},{\"@type\":\"BreadcrumbList\",\"@id\":\"https:\/\/distribucionarc.com\/ar\/producto\/granulador-oscilante-industrial-para-tabletas-de-acido-hiluronico\/#breadcrumb\",\"itemListElement\":[{\"@type\":\"ListItem\",\"position\":1,\"name\":\"Portada\",\"item\":\"https:\/\/www.distribucionarc.com\/tr\/\"},{\"@type\":\"ListItem\",\"position\":2,\"name\":\"Izdelki\",\"item\":\"https:\/\/www.distribucionarc.com\/sl\/trgovina\/\"},{\"@type\":\"ListItem\",\"position\":3,\"name\":\"GRANULADOR OSCILANTE INDUSTRIAL PARA TABLETAS DE ACIDO HILURONICO\"}]},{\"@type\":\"WebSite\",\"@id\":\"https:\/\/distribucionarc.com\/pl\/#website\",\"url\":\"https:\/\/distribucionarc.com\/pl\/\",\"name\":\"distribuci\u00f3n ARC\",\"description\":\"Empresa especializada en la fabricaci\u00f3n y distribuci\u00f3n de maquinaria industrial, selladoras de latas, Maquinas de hacer pastillas, Maquinas de cortar carne...\",\"publisher\":{\"@id\":\"https:\/\/distribucionarc.com\/pl\/#organization\"},\"potentialAction\":[{\"@type\":\"SearchAction\",\"target\":{\"@type\":\"EntryPoint\",\"urlTemplate\":\"https:\/\/distribucionarc.com\/pl\/?s={search_term_string}\"},\"query-input\":{\"@type\":\"PropertyValueSpecification\",\"valueRequired\":true,\"valueName\":\"search_term_string\"}}],\"inLanguage\":\"de\"},{\"@type\":\"Organization\",\"@id\":\"https:\/\/distribucionarc.com\/pl\/#organization\",\"name\":\"Distribuci\u00f3n ARC\",\"url\":\"https:\/\/distribucionarc.com\/pl\/\",\"logo\":{\"@type\":\"ImageObject\",\"inLanguage\":\"de\",\"@id\":\"https:\/\/distribucionarc.com\/pl\/#\/schema\/logo\/image\/\",\"url\":\"https:\/\/distribucionarc.com\/wp-content\/uploads\/2024\/10\/distribucion-ARC-COLOR-SIN-FONDO-e1732295305345.png\",\"contentUrl\":\"https:\/\/distribucionarc.com\/wp-content\/uploads\/2024\/10\/distribucion-ARC-COLOR-SIN-FONDO-e1732295305345.png\",\"width\":1164,\"height\":558,\"caption\":\"Distribuci\u00f3n ARC\"},\"image\":{\"@id\":\"https:\/\/distribucionarc.com\/pl\/#\/schema\/logo\/image\/\"},\"description\":\"Empresa especializada en la fabricaci\u00f3n y distribuci\u00f3n de maquinaria industrial para los sectores alimentario y farmac\u00e9utico. Nos especializamos en: M\u00e1quinas de cortar carne Fabricaci\u00f3n de comprimidos Sistemas de transporte industrial L\u00edneas de embotellado Dosificadores Y mucho m\u00e1s... Ofrecemos soluciones innovadoras y personalizadas para optimizar los procesos productivos de tu empresa.\",\"email\":\"Admistracion@distribucionarc.com\",\"telephone\":\"+34 643496664\",\"legalName\":\"ARC TECH SOLUTIONS\",\"foundingDate\":\"2024-04-09\",\"vatID\":\"B55480172\",\"numberOfEmployees\":{\"@type\":\"QuantitativeValue\",\"minValue\":\"1\",\"maxValue\":\"10\"}}]}<\/script>\n<!-- \/ Yoast SEO Premium plugin. -->","yoast_head_json":{"title":"INDUSTRIELLER OSZILLIERENDER GRANULATOR F\u00dcR HYLURONS\u00c4URE-TABLETTEN - ARC-Verteilung","robots":{"index":"index","follow":"follow","max-snippet":"max-snippet:-1","max-image-preview":"max-image-preview:large","max-video-preview":"max-video-preview:-1"},"canonical":"https:\/\/distribucionarc.com\/de\/produkt-2\/industrie-oszillationsgranulator-fur-hyaluronsaure-tabletten\/","og_locale":"de_DE","og_type":"article","og_title":"GRANULADOR OSCILANTE INDUSTRIAL PARA TABLETAS DE ACIDO HILURONICO","og_description":"Descubre el Granulador Tipo Oscilante YARK, la soluci\u00f3n ideal para desarrollar polvo h\u00famedo en los gr\u00e1nulos necesarios y triturar materiales","og_url":"https:\/\/distribucionarc.com\/de\/produkt-2\/industrie-oszillationsgranulator-fur-hyaluronsaure-tabletten\/","og_site_name":"distribuci\u00f3n ARC","article_modified_time":"2024-07-03T16:19:54+00:00","og_image":[{"width":1920,"height":701,"url":"https:\/\/distribucionarc.com\/wp-content\/uploads\/2024\/04\/GRANULADOR-OSCILANTE-INDUSTRIAL-PARA-TABLETAS-DE-ACIDO-HILURONICO.webp","type":"image\/webp"}],"twitter_card":"summary_large_image","twitter_misc":{"Gesch\u00e4tzte Lesezeit":"1\u00a0Minute"},"schema":{"@context":"https:\/\/schema.org","@graph":[{"@type":"WebPage","@id":"https:\/\/distribucionarc.com\/ar\/producto\/granulador-oscilante-industrial-para-tabletas-de-acido-hiluronico\/","url":"https:\/\/distribucionarc.com\/ar\/producto\/granulador-oscilante-industrial-para-tabletas-de-acido-hiluronico\/","name":"INDUSTRIELLER OSZILLIERENDER GRANULATOR F\u00dcR HYLURONS\u00c4URE-TABLETTEN - ARC-Verteilung","isPartOf":{"@id":"https:\/\/distribucionarc.com\/pl\/#website"},"primaryImageOfPage":{"@id":"https:\/\/distribucionarc.com\/ar\/producto\/granulador-oscilante-industrial-para-tabletas-de-acido-hiluronico\/#primaryimage"},"image":{"@id":"https:\/\/distribucionarc.com\/ar\/producto\/granulador-oscilante-industrial-para-tabletas-de-acido-hiluronico\/#primaryimage"},"thumbnailUrl":"https:\/\/distribucionarc.com\/wp-content\/uploads\/2024\/04\/GRANULADOR-OSCILANTE-INDUSTRIAL-PARA-TABLETAS-DE-ACIDO-HILURONICO.webp","datePublished":"2024-04-27T04:33:24+00:00","dateModified":"2024-07-03T16:19:54+00:00","breadcrumb":{"@id":"https:\/\/distribucionarc.com\/ar\/producto\/granulador-oscilante-industrial-para-tabletas-de-acido-hiluronico\/#breadcrumb"},"inLanguage":"de","potentialAction":[{"@type":"ReadAction","target":["https:\/\/distribucionarc.com\/ar\/producto\/granulador-oscilante-industrial-para-tabletas-de-acido-hiluronico\/"]}]},{"@type":"ImageObject","inLanguage":"de","@id":"https:\/\/distribucionarc.com\/ar\/producto\/granulador-oscilante-industrial-para-tabletas-de-acido-hiluronico\/#primaryimage","url":"https:\/\/distribucionarc.com\/wp-content\/uploads\/2024\/04\/GRANULADOR-OSCILANTE-INDUSTRIAL-PARA-TABLETAS-DE-ACIDO-HILURONICO.webp","contentUrl":"https:\/\/distribucionarc.com\/wp-content\/uploads\/2024\/04\/GRANULADOR-OSCILANTE-INDUSTRIAL-PARA-TABLETAS-DE-ACIDO-HILURONICO.webp","width":1920,"height":701,"caption":"#image_title"},{"@type":"BreadcrumbList","@id":"https:\/\/distribucionarc.com\/ar\/producto\/granulador-oscilante-industrial-para-tabletas-de-acido-hiluronico\/#breadcrumb","itemListElement":[{"@type":"ListItem","position":1,"name":"Portada","item":"https:\/\/www.distribucionarc.com\/tr\/"},{"@type":"ListItem","position":2,"name":"Izdelki","item":"https:\/\/www.distribucionarc.com\/sl\/trgovina\/"},{"@type":"ListItem","position":3,"name":"GRANULADOR OSCILANTE INDUSTRIAL PARA TABLETAS DE ACIDO HILURONICO"}]},{"@type":"WebSite","@id":"https:\/\/distribucionarc.com\/pl\/#website","url":"https:\/\/distribucionarc.com\/pl\/","name":"ARC-Verteilung","description":"Das Unternehmen ist auf die Herstellung und den Vertrieb von Industriemaschinen, Dosenverschlie\u00dfmaschinen, Tablettenmaschinen, Fleischschneidemaschinen...","publisher":{"@id":"https:\/\/distribucionarc.com\/pl\/#organization"},"potentialAction":[{"@type":"SearchAction","target":{"@type":"EntryPoint","urlTemplate":"https:\/\/distribucionarc.com\/pl\/?s={search_term_string}"},"query-input":{"@type":"PropertyValueSpecification","valueRequired":true,"valueName":"search_term_string"}}],"inLanguage":"de"},{"@type":"Organization","@id":"https:\/\/distribucionarc.com\/pl\/#organization","name":"ARC-Verteilung","url":"https:\/\/distribucionarc.com\/pl\/","logo":{"@type":"ImageObject","inLanguage":"de","@id":"https:\/\/distribucionarc.com\/pl\/#\/schema\/logo\/image\/","url":"https:\/\/distribucionarc.com\/wp-content\/uploads\/2024\/10\/distribucion-ARC-COLOR-SIN-FONDO-e1732295305345.png","contentUrl":"https:\/\/distribucionarc.com\/wp-content\/uploads\/2024\/10\/distribucion-ARC-COLOR-SIN-FONDO-e1732295305345.png","width":1164,"height":558,"caption":"Distribuci\u00f3n ARC"},"image":{"@id":"https:\/\/distribucionarc.com\/pl\/#\/schema\/logo\/image\/"},"description":"Unternehmen, das auf die Herstellung und den Vertrieb von Industriemaschinen f\u00fcr den Lebensmittel- und Pharmasektor spezialisiert ist. Wir sind spezialisiert auf: Fleischschneidemaschinen Tablettenherstellung Industrielle F\u00f6rdersysteme Abf\u00fcllanlagen Dispenser Und vieles mehr... Wir bieten innovative und ma\u00dfgeschneiderte L\u00f6sungen zur Optimierung der Produktionsprozesse in Ihrem Unternehmen.","email":"Admistracion@distribucionarc.com","telephone":"+34 643496664","legalName":"ARC TECH SOLUTIONS","foundingDate":"2024-04-09","vatID":"B55480172","numberOfEmployees":{"@type":"QuantitativeValue","minValue":"1","maxValue":"10"}}]}},"_links":{"self":[{"href":"https:\/\/distribucionarc.com\/de\/wp-json\/wp\/v2\/product\/6956","targetHints":{"allow":["GET"]}}],"collection":[{"href":"https:\/\/distribucionarc.com\/de\/wp-json\/wp\/v2\/product"}],"about":[{"href":"https:\/\/distribucionarc.com\/de\/wp-json\/wp\/v2\/types\/product"}],"replies":[{"embeddable":true,"href":"https:\/\/distribucionarc.com\/de\/wp-json\/wp\/v2\/comments?post=6956"}],"version-history":[{"count":0,"href":"https:\/\/distribucionarc.com\/de\/wp-json\/wp\/v2\/product\/6956\/revisions"}],"wp:featuredmedia":[{"embeddable":true,"href":"https:\/\/distribucionarc.com\/de\/wp-json\/wp\/v2\/media\/6962"}],"wp:attachment":[{"href":"https:\/\/distribucionarc.com\/de\/wp-json\/wp\/v2\/media?parent=6956"}],"wp:term":[{"taxonomy":"product_brand","embeddable":true,"href":"https:\/\/distribucionarc.com\/de\/wp-json\/wp\/v2\/product_brand?post=6956"},{"taxonomy":"product_cat","embeddable":true,"href":"https:\/\/distribucionarc.com\/de\/wp-json\/wp\/v2\/product_cat?post=6956"},{"taxonomy":"product_tag","embeddable":true,"href":"https:\/\/distribucionarc.com\/de\/wp-json\/wp\/v2\/product_tag?post=6956"}],"curies":[{"name":"wp","href":"https:\/\/api.w.org\/{rel}","templated":true}]}}