{"id":6968,"date":"2024-04-27T06:43:40","date_gmt":"2024-04-27T06:43:40","guid":{"rendered":"https:\/\/distribucionarc.com\/?post_type=product&#038;p=6968"},"modified":"2024-04-27T06:43:42","modified_gmt":"2024-04-27T06:43:42","slug":"zarl-rotationsgranulator-fur-tierfutter","status":"publish","type":"product","link":"https:\/\/distribucionarc.com\/de\/producto\/granulador-rotatorio-zarl-para-piensos-de-animales\/","title":{"rendered":"ZARL ROTATIONSGRANULATOR F\u00dcR TIERFUTTER"},"content":{"rendered":"<p>Entdecken Sie die <strong>ZARL-Rotationsgranulierer,<\/strong> ein unverzichtbares Werkzeug in der Pharma- und Lebensmittelindustrie f\u00fcr die <strong>Granulatherstellung<\/strong> hohe Qualit\u00e4t. Diese weit verbreitete Ausr\u00fcstung kann gemischte Materialien in pr\u00e4zise und effiziente Granulate umwandeln. Dar\u00fcber hinaus verf\u00fcgt es \u00fcber die F\u00e4higkeit, Schrottst\u00fccke und trockene Granulatbl\u00f6cke zu zerkleinern, ideal f\u00fcr <strong>Produktion und Herstellung von Futtermitteln, die \u00fcblicherweise als Futtermittel f\u00fcr Tiere wie Fische, V\u00f6gel und Haustiere verwendet werden. <\/strong>Der ZARL Rotationsgranulator wurde speziell f\u00fcr Materialien mit hoher Viskosit\u00e4t entwickelt und garantiert einen st\u00f6rungsfreien Produktionsprozess und au\u00dfergew\u00f6hnliche Ergebnisse. Optimieren Sie Ihre Produktion und sichern Sie die Qualit\u00e4t Ihrer Produkte mit dieser hochmodernen L\u00f6sung!<\/p>\n<p>&nbsp;<\/p>\n<p>&nbsp;<\/p>\n<table>\n<tbody>\n<tr>\n<td width=\"283\">Modell<\/td>\n<td width=\"283\">ZARK-300<\/td>\n<\/tr>\n<tr>\n<td width=\"283\">Durchmesser Siebzylinder (mm)<\/td>\n<td width=\"283\">300<\/td>\n<\/tr>\n<tr>\n<td width=\"283\">K\u00f6rnungsdurchmesser (Millimeter)<\/td>\n<td width=\"283\">1,8\u20132,5 k\u00f6nnen je nach Kundenwunsch angepasst werden<\/td>\n<\/tr>\n<tr>\n<td width=\"283\">Motorleistung (kW)<\/td>\n<td width=\"283\">140-400<\/td>\n<\/tr>\n<tr>\n<td width=\"283\">Produktionskapazit\u00e4t (kg\/h)<\/td>\n<td width=\"283\">5.5<\/td>\n<\/tr>\n<tr>\n<td width=\"283\">Gesamtgr\u00f6\u00dfe (Millimeter)<\/td>\n<td width=\"283\">880*<\/p>\n<p>640*<\/p>\n<p>1300*<\/td>\n<\/tr>\n<tr>\n<td width=\"283\">Nettogewicht (kg)<\/td>\n<td width=\"283\">400<\/td>\n<\/tr>\n<\/tbody>\n<\/table>\n<p>&nbsp;<\/p>","protected":false},"excerpt":{"rendered":"<p>Entdecken Sie den ZARL-Rotationsgranulator, ein unverzichtbares Werkzeug in der Pharma- und Lebensmittelindustrie zur Herstellung von Granulaten.<\/p>","protected":false},"featured_media":6988,"comment_status":"open","ping_status":"closed","template":"","meta":{"wds_primary_product_brand":0,"wds_primary_product_cat":0},"product_brand":[],"product_cat":[84],"product_tag":[],"class_list":{"0":"post-6968","1":"product","2":"type-product","3":"status-publish","4":"has-post-thumbnail","6":"product_cat-maquinas-para-hacer-pastillas","8":"first","9":"instock","10":"taxable","11":"shipping-taxable","12":"purchasable","13":"product-type-simple"},"yoast_head":"<!-- This site is optimized with the Yoast SEO Premium plugin v24.9 (Yoast SEO v26.1) - https:\/\/yoast.com\/wordpress\/plugins\/seo\/ -->\n<title>GRANULADOR ROTATORIO ZARL PARA PIENSOS DE ANIMALES - distribuci\u00f3n ARC<\/title>\n<meta name=\"robots\" content=\"index, follow, max-snippet:-1, max-image-preview:large, max-video-preview:-1\" \/>\n<link rel=\"canonical\" href=\"https:\/\/distribucionarc.com\/de\/produkt-2\/zarl-rotationsgranulator-fur-tierfutter\/\" \/>\n<meta property=\"og:locale\" content=\"de_DE\" \/>\n<meta property=\"og:type\" content=\"article\" \/>\n<meta property=\"og:title\" content=\"GRANULADOR ROTATORIO ZARL PARA PIENSOS DE ANIMALES\" \/>\n<meta property=\"og:description\" content=\"Descubre el Granulador Rotatorio ZARL, una herramienta esencial en las industrias farmac\u00e9utica y alimentaria para la producci\u00f3n de gr\u00e1nulos de\" \/>\n<meta property=\"og:url\" content=\"https:\/\/distribucionarc.com\/de\/produkt-2\/zarl-rotationsgranulator-fur-tierfutter\/\" \/>\n<meta property=\"og:site_name\" content=\"distribuci\u00f3n ARC\" \/>\n<meta property=\"article:modified_time\" content=\"2024-04-27T06:43:42+00:00\" \/>\n<meta property=\"og:image\" content=\"https:\/\/distribucionarc.com\/wp-content\/uploads\/2024\/04\/GRANULADOR-ROTATORIO-ZARL-PARA-PIENSOS-DE-ANIMALES.webp\" \/>\n\t<meta property=\"og:image:width\" content=\"1128\" \/>\n\t<meta property=\"og:image:height\" content=\"1136\" \/>\n\t<meta property=\"og:image:type\" content=\"image\/webp\" \/>\n<meta name=\"twitter:card\" content=\"summary_large_image\" \/>\n<meta name=\"twitter:label1\" content=\"Gesch\u00e4tzte Lesezeit\" \/>\n\t<meta name=\"twitter:data1\" content=\"1\u00a0Minute\" \/>\n<script type=\"application\/ld+json\" class=\"yoast-schema-graph\">{\"@context\":\"https:\/\/schema.org\",\"@graph\":[{\"@type\":\"WebPage\",\"@id\":\"https:\/\/distribucionarc.com\/pl\/producto\/granulador-rotatorio-zarl-para-piensos-de-animales\/\",\"url\":\"https:\/\/distribucionarc.com\/pl\/producto\/granulador-rotatorio-zarl-para-piensos-de-animales\/\",\"name\":\"GRANULADOR ROTATORIO ZARL PARA PIENSOS DE ANIMALES - distribuci\u00f3n ARC\",\"isPartOf\":{\"@id\":\"https:\/\/distribucionarc.com\/de\/#website\"},\"primaryImageOfPage\":{\"@id\":\"https:\/\/distribucionarc.com\/pl\/producto\/granulador-rotatorio-zarl-para-piensos-de-animales\/#primaryimage\"},\"image\":{\"@id\":\"https:\/\/distribucionarc.com\/pl\/producto\/granulador-rotatorio-zarl-para-piensos-de-animales\/#primaryimage\"},\"thumbnailUrl\":\"https:\/\/distribucionarc.com\/wp-content\/uploads\/2024\/04\/GRANULADOR-ROTATORIO-ZARL-PARA-PIENSOS-DE-ANIMALES.webp\",\"datePublished\":\"2024-04-27T06:43:40+00:00\",\"dateModified\":\"2024-04-27T06:43:42+00:00\",\"breadcrumb\":{\"@id\":\"https:\/\/distribucionarc.com\/pl\/producto\/granulador-rotatorio-zarl-para-piensos-de-animales\/#breadcrumb\"},\"inLanguage\":\"de\",\"potentialAction\":[{\"@type\":\"ReadAction\",\"target\":[\"https:\/\/distribucionarc.com\/pl\/producto\/granulador-rotatorio-zarl-para-piensos-de-animales\/\"]}]},{\"@type\":\"ImageObject\",\"inLanguage\":\"de\",\"@id\":\"https:\/\/distribucionarc.com\/pl\/producto\/granulador-rotatorio-zarl-para-piensos-de-animales\/#primaryimage\",\"url\":\"https:\/\/distribucionarc.com\/wp-content\/uploads\/2024\/04\/GRANULADOR-ROTATORIO-ZARL-PARA-PIENSOS-DE-ANIMALES.webp\",\"contentUrl\":\"https:\/\/distribucionarc.com\/wp-content\/uploads\/2024\/04\/GRANULADOR-ROTATORIO-ZARL-PARA-PIENSOS-DE-ANIMALES.webp\",\"width\":1128,\"height\":1136,\"caption\":\"#image_title\"},{\"@type\":\"BreadcrumbList\",\"@id\":\"https:\/\/distribucionarc.com\/pl\/producto\/granulador-rotatorio-zarl-para-piensos-de-animales\/#breadcrumb\",\"itemListElement\":[{\"@type\":\"ListItem\",\"position\":1,\"name\":\"Portada\",\"item\":\"https:\/\/distribucionarc.com\/pl\/\"},{\"@type\":\"ListItem\",\"position\":2,\"name\":\"Produkty\",\"item\":\"https:\/\/distribucionarc.com\/pl\/shop\/\"},{\"@type\":\"ListItem\",\"position\":3,\"name\":\"GRANULADOR ROTATORIO ZARL PARA PIENSOS DE ANIMALES\"}]},{\"@type\":\"WebSite\",\"@id\":\"https:\/\/distribucionarc.com\/de\/#website\",\"url\":\"https:\/\/distribucionarc.com\/de\/\",\"name\":\"distribuci\u00f3n ARC\",\"description\":\"Empresa especializada en la fabricaci\u00f3n y distribuci\u00f3n de maquinaria industrial, selladoras de latas, Maquinas de hacer pastillas, Maquinas de cortar carne...\",\"publisher\":{\"@id\":\"https:\/\/distribucionarc.com\/de\/#organization\"},\"potentialAction\":[{\"@type\":\"SearchAction\",\"target\":{\"@type\":\"EntryPoint\",\"urlTemplate\":\"https:\/\/distribucionarc.com\/de\/?s={search_term_string}\"},\"query-input\":{\"@type\":\"PropertyValueSpecification\",\"valueRequired\":true,\"valueName\":\"search_term_string\"}}],\"inLanguage\":\"de\"},{\"@type\":\"Organization\",\"@id\":\"https:\/\/distribucionarc.com\/de\/#organization\",\"name\":\"Distribuci\u00f3n ARC\",\"url\":\"https:\/\/distribucionarc.com\/de\/\",\"logo\":{\"@type\":\"ImageObject\",\"inLanguage\":\"de\",\"@id\":\"https:\/\/distribucionarc.com\/de\/#\/schema\/logo\/image\/\",\"url\":\"https:\/\/distribucionarc.com\/wp-content\/uploads\/2024\/10\/distribucion-ARC-COLOR-SIN-FONDO-e1732295305345.png\",\"contentUrl\":\"https:\/\/distribucionarc.com\/wp-content\/uploads\/2024\/10\/distribucion-ARC-COLOR-SIN-FONDO-e1732295305345.png\",\"width\":1164,\"height\":558,\"caption\":\"Distribuci\u00f3n ARC\"},\"image\":{\"@id\":\"https:\/\/distribucionarc.com\/de\/#\/schema\/logo\/image\/\"},\"description\":\"Empresa especializada en la fabricaci\u00f3n y distribuci\u00f3n de maquinaria industrial para los sectores alimentario y farmac\u00e9utico. Nos especializamos en: M\u00e1quinas de cortar carne Fabricaci\u00f3n de comprimidos Sistemas de transporte industrial L\u00edneas de embotellado Dosificadores Y mucho m\u00e1s... Ofrecemos soluciones innovadoras y personalizadas para optimizar los procesos productivos de tu empresa.\",\"email\":\"Admistracion@distribucionarc.com\",\"telephone\":\"+34 643496664\",\"legalName\":\"ARC TECH SOLUTIONS\",\"foundingDate\":\"2024-04-09\",\"vatID\":\"B55480172\",\"numberOfEmployees\":{\"@type\":\"QuantitativeValue\",\"minValue\":\"1\",\"maxValue\":\"10\"}}]}<\/script>\n<!-- \/ Yoast SEO Premium plugin. -->","yoast_head_json":{"title":"ZARL ROTATIONSGRANULATOR F\u00dcR TIERFUTTER \u2013 ARC-Verteilung","robots":{"index":"index","follow":"follow","max-snippet":"max-snippet:-1","max-image-preview":"max-image-preview:large","max-video-preview":"max-video-preview:-1"},"canonical":"https:\/\/distribucionarc.com\/de\/produkt-2\/zarl-rotationsgranulator-fur-tierfutter\/","og_locale":"de_DE","og_type":"article","og_title":"GRANULADOR ROTATORIO ZARL PARA PIENSOS DE ANIMALES","og_description":"Descubre el Granulador Rotatorio ZARL, una herramienta esencial en las industrias farmac\u00e9utica y alimentaria para la producci\u00f3n de gr\u00e1nulos de","og_url":"https:\/\/distribucionarc.com\/de\/produkt-2\/zarl-rotationsgranulator-fur-tierfutter\/","og_site_name":"distribuci\u00f3n ARC","article_modified_time":"2024-04-27T06:43:42+00:00","og_image":[{"width":1128,"height":1136,"url":"https:\/\/distribucionarc.com\/wp-content\/uploads\/2024\/04\/GRANULADOR-ROTATORIO-ZARL-PARA-PIENSOS-DE-ANIMALES.webp","type":"image\/webp"}],"twitter_card":"summary_large_image","twitter_misc":{"Gesch\u00e4tzte Lesezeit":"1\u00a0Minute"},"schema":{"@context":"https:\/\/schema.org","@graph":[{"@type":"WebPage","@id":"https:\/\/distribucionarc.com\/pl\/producto\/granulador-rotatorio-zarl-para-piensos-de-animales\/","url":"https:\/\/distribucionarc.com\/pl\/producto\/granulador-rotatorio-zarl-para-piensos-de-animales\/","name":"ZARL ROTATIONSGRANULATOR F\u00dcR TIERFUTTER \u2013 ARC-Verteilung","isPartOf":{"@id":"https:\/\/distribucionarc.com\/de\/#website"},"primaryImageOfPage":{"@id":"https:\/\/distribucionarc.com\/pl\/producto\/granulador-rotatorio-zarl-para-piensos-de-animales\/#primaryimage"},"image":{"@id":"https:\/\/distribucionarc.com\/pl\/producto\/granulador-rotatorio-zarl-para-piensos-de-animales\/#primaryimage"},"thumbnailUrl":"https:\/\/distribucionarc.com\/wp-content\/uploads\/2024\/04\/GRANULADOR-ROTATORIO-ZARL-PARA-PIENSOS-DE-ANIMALES.webp","datePublished":"2024-04-27T06:43:40+00:00","dateModified":"2024-04-27T06:43:42+00:00","breadcrumb":{"@id":"https:\/\/distribucionarc.com\/pl\/producto\/granulador-rotatorio-zarl-para-piensos-de-animales\/#breadcrumb"},"inLanguage":"de","potentialAction":[{"@type":"ReadAction","target":["https:\/\/distribucionarc.com\/pl\/producto\/granulador-rotatorio-zarl-para-piensos-de-animales\/"]}]},{"@type":"ImageObject","inLanguage":"de","@id":"https:\/\/distribucionarc.com\/pl\/producto\/granulador-rotatorio-zarl-para-piensos-de-animales\/#primaryimage","url":"https:\/\/distribucionarc.com\/wp-content\/uploads\/2024\/04\/GRANULADOR-ROTATORIO-ZARL-PARA-PIENSOS-DE-ANIMALES.webp","contentUrl":"https:\/\/distribucionarc.com\/wp-content\/uploads\/2024\/04\/GRANULADOR-ROTATORIO-ZARL-PARA-PIENSOS-DE-ANIMALES.webp","width":1128,"height":1136,"caption":"#image_title"},{"@type":"BreadcrumbList","@id":"https:\/\/distribucionarc.com\/pl\/producto\/granulador-rotatorio-zarl-para-piensos-de-animales\/#breadcrumb","itemListElement":[{"@type":"ListItem","position":1,"name":"Portada","item":"https:\/\/distribucionarc.com\/pl\/"},{"@type":"ListItem","position":2,"name":"Produkty","item":"https:\/\/distribucionarc.com\/pl\/shop\/"},{"@type":"ListItem","position":3,"name":"GRANULADOR ROTATORIO ZARL PARA PIENSOS DE ANIMALES"}]},{"@type":"WebSite","@id":"https:\/\/distribucionarc.com\/de\/#website","url":"https:\/\/distribucionarc.com\/de\/","name":"ARC-Verteilung","description":"Das Unternehmen ist auf die Herstellung und den Vertrieb von Industriemaschinen, Dosenverschlie\u00dfmaschinen, Tablettenmaschinen, Fleischschneidemaschinen...","publisher":{"@id":"https:\/\/distribucionarc.com\/de\/#organization"},"potentialAction":[{"@type":"SearchAction","target":{"@type":"EntryPoint","urlTemplate":"https:\/\/distribucionarc.com\/de\/?s={search_term_string}"},"query-input":{"@type":"PropertyValueSpecification","valueRequired":true,"valueName":"search_term_string"}}],"inLanguage":"de"},{"@type":"Organization","@id":"https:\/\/distribucionarc.com\/de\/#organization","name":"ARC-Verteilung","url":"https:\/\/distribucionarc.com\/de\/","logo":{"@type":"ImageObject","inLanguage":"de","@id":"https:\/\/distribucionarc.com\/de\/#\/schema\/logo\/image\/","url":"https:\/\/distribucionarc.com\/wp-content\/uploads\/2024\/10\/distribucion-ARC-COLOR-SIN-FONDO-e1732295305345.png","contentUrl":"https:\/\/distribucionarc.com\/wp-content\/uploads\/2024\/10\/distribucion-ARC-COLOR-SIN-FONDO-e1732295305345.png","width":1164,"height":558,"caption":"Distribuci\u00f3n ARC"},"image":{"@id":"https:\/\/distribucionarc.com\/de\/#\/schema\/logo\/image\/"},"description":"Unternehmen, das auf die Herstellung und den Vertrieb von Industriemaschinen f\u00fcr den Lebensmittel- und Pharmasektor spezialisiert ist. Wir sind spezialisiert auf: Fleischschneidemaschinen Tablettenherstellung Industrielle F\u00f6rdersysteme Abf\u00fcllanlagen Dispenser Und vieles mehr... Wir bieten innovative und ma\u00dfgeschneiderte L\u00f6sungen zur Optimierung der Produktionsprozesse in Ihrem Unternehmen.","email":"Admistracion@distribucionarc.com","telephone":"+34 643496664","legalName":"ARC TECH SOLUTIONS","foundingDate":"2024-04-09","vatID":"B55480172","numberOfEmployees":{"@type":"QuantitativeValue","minValue":"1","maxValue":"10"}}]}},"_links":{"self":[{"href":"https:\/\/distribucionarc.com\/de\/wp-json\/wp\/v2\/product\/6968","targetHints":{"allow":["GET"]}}],"collection":[{"href":"https:\/\/distribucionarc.com\/de\/wp-json\/wp\/v2\/product"}],"about":[{"href":"https:\/\/distribucionarc.com\/de\/wp-json\/wp\/v2\/types\/product"}],"replies":[{"embeddable":true,"href":"https:\/\/distribucionarc.com\/de\/wp-json\/wp\/v2\/comments?post=6968"}],"version-history":[{"count":0,"href":"https:\/\/distribucionarc.com\/de\/wp-json\/wp\/v2\/product\/6968\/revisions"}],"wp:featuredmedia":[{"embeddable":true,"href":"https:\/\/distribucionarc.com\/de\/wp-json\/wp\/v2\/media\/6988"}],"wp:attachment":[{"href":"https:\/\/distribucionarc.com\/de\/wp-json\/wp\/v2\/media?parent=6968"}],"wp:term":[{"taxonomy":"product_brand","embeddable":true,"href":"https:\/\/distribucionarc.com\/de\/wp-json\/wp\/v2\/product_brand?post=6968"},{"taxonomy":"product_cat","embeddable":true,"href":"https:\/\/distribucionarc.com\/de\/wp-json\/wp\/v2\/product_cat?post=6968"},{"taxonomy":"product_tag","embeddable":true,"href":"https:\/\/distribucionarc.com\/de\/wp-json\/wp\/v2\/product_tag?post=6968"}],"curies":[{"name":"wp","href":"https:\/\/api.w.org\/{rel}","templated":true}]}}