{"id":7008,"date":"2024-04-27T09:43:52","date_gmt":"2024-04-27T09:43:52","guid":{"rendered":"https:\/\/distribucionarc.com\/?post_type=product&#038;p=7008"},"modified":"2024-04-27T09:43:54","modified_gmt":"2024-04-27T09:43:54","slug":"hochgeschwindigkeits-ziehmaschine-fur-taurin-pillen","status":"publish","type":"product","link":"https:\/\/distribucionarc.com\/de\/producto\/maquina-grajeadora-de-alta-velocidad-para-pildoras-de-taurina\/","title":{"rendered":"HOCHGESCHWINDIGKEITS-GRAVIERMASCHINE F\u00dcR TAURIN-PILLEN"},"content":{"rendered":"<p>Entdecken Sie die <strong>Hochgeschwindigkeits-Beschichtungsmaschine<\/strong> BARG-Serie, ideal zum Beschichten <strong>Tabletten, Pillen und Diuretika mit Taurin-Tr\u00fcbungsmitteln<\/strong>. Mit Anwendungen in Pharmazie, Lebensmittel und Biologie bietet es Zuckerbeschichtungen, organische und wasserl\u00f6sliche Filme. Sein intelligentes Design und seine hohe Geschwindigkeit garantieren Effizienz und Pr\u00e4zision in der Produktion. Optimieren Sie Ihre Prozesse mit dieser innovativen und vielseitigen L\u00f6sung.<\/p>\n<p>&nbsp;<\/p>\n<table>\n<tbody>\n<tr>\n<td width=\"71\">Modell<\/td>\n<td width=\"71\">Maximale Kapazit\u00e4t Produktion (kg\/Zeit)<\/td>\n<td width=\"71\">Trommelgeschwindigkeit der Beschichtungstrommel (Umdrehungen\/Min.)<\/td>\n<td width=\"71\">Motorleistung der Hauptmaschine (kW)<\/td>\n<td width=\"71\">Hei\u00dfluftdurchsatz (m3\/h)<\/td>\n<td width=\"71\">Motorleistung des Hei\u00dfluftschranks (kW)<\/td>\n<td width=\"71\">Abluftstrom<\/td>\n<td width=\"71\">Abluftschrankmotor (kW)<\/td>\n<\/tr>\n<tr>\n<td width=\"71\">BARG-40E<\/td>\n<td width=\"71\">40<\/td>\n<td width=\"71\">1-20<\/td>\n<td width=\"71\">1.1<\/td>\n<td width=\"71\">2010<\/td>\n<td width=\"71\">0.75<\/td>\n<td width=\"71\">3640<\/td>\n<td width=\"71\">2.2<\/td>\n<\/tr>\n<tr>\n<td width=\"71\">BARG-80E<\/td>\n<td width=\"71\">80<\/td>\n<td width=\"71\">2-18<\/td>\n<td width=\"71\">1.5<\/td>\n<td width=\"71\">1250-2590<\/td>\n<td width=\"71\">1.1<\/td>\n<td width=\"71\">2235-3570<\/td>\n<td width=\"71\">3.0<\/td>\n<\/tr>\n<tr>\n<td width=\"71\">BARG-150E<\/td>\n<td width=\"71\">150<\/td>\n<td width=\"71\">2-18<\/td>\n<td width=\"71\">2.2<\/td>\n<td width=\"71\">1555-2980<\/td>\n<td width=\"71\">1.5<\/td>\n<td width=\"71\">5210-7419<\/td>\n<td width=\"71\">5.5<\/td>\n<\/tr>\n<tr>\n<td width=\"71\">BARG-250E<\/td>\n<td width=\"71\">250<\/td>\n<td width=\"71\">2-15<\/td>\n<td width=\"71\">3.0<\/td>\n<td width=\"71\">1555-2356<\/td>\n<td width=\"71\">3.0<\/td>\n<td width=\"71\">5210-7419<\/td>\n<td width=\"71\">7.5<\/td>\n<\/tr>\n<tr>\n<td width=\"71\">BARG-350E<\/td>\n<td width=\"71\">300<\/td>\n<td width=\"71\">2-15<\/td>\n<td width=\"71\">3.0<\/td>\n<td width=\"71\">1555-2356<\/td>\n<td width=\"71\">3.0<\/td>\n<td width=\"71\">5210-7417<\/td>\n<td width=\"71\">7.5<\/td>\n<\/tr>\n<tr>\n<td width=\"71\">BARG-400E<\/td>\n<td width=\"71\">400<\/td>\n<td width=\"71\">2-15<\/td>\n<td width=\"71\">4.0<\/td>\n<td width=\"71\">1688-3517<\/td>\n<td width=\"71\">3.0<\/td>\n<td width=\"71\">5712-12062<\/td>\n<td width=\"71\">7.5<\/td>\n<\/tr>\n<tr>\n<td width=\"71\">BARG-600E<\/td>\n<td width=\"71\">600<\/td>\n<td width=\"71\">3-12<\/td>\n<td width=\"71\">5.0<\/td>\n<td width=\"71\">1688-3517<\/td>\n<td width=\"71\">5.5<\/td>\n<td width=\"71\">5712-12062<\/td>\n<td width=\"71\">11<\/td>\n<\/tr>\n<\/tbody>\n<\/table>\n<p>&nbsp;<\/p>","protected":false},"excerpt":{"rendered":"<p>Entdecken Sie die Hochgeschwindigkeits-Beschichtungsmaschine der BARG-Serie, ideal zum Beschichten von Tabletten, Pillen und Diuretika mit Tr\u00fcbungsmitteln.<\/p>","protected":false},"featured_media":7010,"comment_status":"open","ping_status":"closed","template":"","meta":{"wds_primary_product_brand":0,"wds_primary_product_cat":0},"product_brand":[],"product_cat":[84],"product_tag":[],"class_list":{"0":"post-7008","1":"product","2":"type-product","3":"status-publish","4":"has-post-thumbnail","6":"product_cat-maquinas-para-hacer-pastillas","8":"first","9":"instock","10":"taxable","11":"shipping-taxable","12":"purchasable","13":"product-type-simple"},"yoast_head":"<!-- This site is optimized with the Yoast SEO Premium plugin v24.9 (Yoast SEO v26.1) - https:\/\/yoast.com\/wordpress\/plugins\/seo\/ -->\n<title>MAQUINA GRAJEADORA DE ALTA VELOCIDAD PARA PILDORAS DE TAURINA - distribuci\u00f3n ARC<\/title>\n<meta name=\"robots\" content=\"index, follow, max-snippet:-1, max-image-preview:large, max-video-preview:-1\" \/>\n<link rel=\"canonical\" href=\"https:\/\/www.distribucionarc.com\/el\/producto\/maquina-grajeadora-de-alta-velocidad-para-pildoras-de-taurina\/\" \/>\n<meta property=\"og:locale\" content=\"de_DE\" \/>\n<meta property=\"og:type\" content=\"article\" \/>\n<meta property=\"og:title\" content=\"MAQUINA GRAJEADORA DE ALTA VELOCIDAD PARA PILDORAS DE TAURINA\" \/>\n<meta property=\"og:description\" content=\"Descubre la M\u00e1quina Grajeadora de Recubrimiento de Alta Velocidad Serie BARG, ideal para recubrir tabletas, p\u00edldoras y diur\u00e9ticos con opacificantes\" \/>\n<meta property=\"og:url\" content=\"https:\/\/www.distribucionarc.com\/el\/producto\/maquina-grajeadora-de-alta-velocidad-para-pildoras-de-taurina\/\" \/>\n<meta property=\"og:site_name\" content=\"distribuci\u00f3n ARC\" \/>\n<meta property=\"article:modified_time\" content=\"2024-04-27T09:43:54+00:00\" \/>\n<meta property=\"og:image\" content=\"https:\/\/www.distribucionarc.com\/wp-content\/uploads\/2024\/04\/MAQUINA-GRAJEADORA-DE-ALTA-VELOCIDAD-PARA-PILDORAS-DE-TAURINA.webp\" \/>\n\t<meta property=\"og:image:width\" content=\"1312\" \/>\n\t<meta property=\"og:image:height\" content=\"952\" \/>\n\t<meta property=\"og:image:type\" content=\"image\/webp\" \/>\n<meta name=\"twitter:card\" content=\"summary_large_image\" \/>\n<meta name=\"twitter:label1\" content=\"Gesch\u00e4tzte Lesezeit\" \/>\n\t<meta name=\"twitter:data1\" content=\"1\u00a0Minute\" \/>\n<script type=\"application\/ld+json\" class=\"yoast-schema-graph\">{\"@context\":\"https:\/\/schema.org\",\"@graph\":[{\"@type\":\"WebPage\",\"@id\":\"https:\/\/www.distribucionarc.com\/el\/producto\/maquina-grajeadora-de-alta-velocidad-para-pildoras-de-taurina\/\",\"url\":\"https:\/\/www.distribucionarc.com\/el\/producto\/maquina-grajeadora-de-alta-velocidad-para-pildoras-de-taurina\/\",\"name\":\"MAQUINA GRAJEADORA DE ALTA VELOCIDAD PARA PILDORAS DE TAURINA - distribuci\u00f3n ARC\",\"isPartOf\":{\"@id\":\"https:\/\/www.distribucionarc.com\/sl\/#website\"},\"primaryImageOfPage\":{\"@id\":\"https:\/\/www.distribucionarc.com\/el\/producto\/maquina-grajeadora-de-alta-velocidad-para-pildoras-de-taurina\/#primaryimage\"},\"image\":{\"@id\":\"https:\/\/www.distribucionarc.com\/el\/producto\/maquina-grajeadora-de-alta-velocidad-para-pildoras-de-taurina\/#primaryimage\"},\"thumbnailUrl\":\"https:\/\/distribucionarc.com\/wp-content\/uploads\/2024\/04\/MAQUINA-GRAJEADORA-DE-ALTA-VELOCIDAD-PARA-PILDORAS-DE-TAURINA.webp\",\"datePublished\":\"2024-04-27T09:43:52+00:00\",\"dateModified\":\"2024-04-27T09:43:54+00:00\",\"breadcrumb\":{\"@id\":\"https:\/\/www.distribucionarc.com\/el\/producto\/maquina-grajeadora-de-alta-velocidad-para-pildoras-de-taurina\/#breadcrumb\"},\"inLanguage\":\"de\",\"potentialAction\":[{\"@type\":\"ReadAction\",\"target\":[\"https:\/\/www.distribucionarc.com\/el\/producto\/maquina-grajeadora-de-alta-velocidad-para-pildoras-de-taurina\/\"]}]},{\"@type\":\"ImageObject\",\"inLanguage\":\"de\",\"@id\":\"https:\/\/www.distribucionarc.com\/el\/producto\/maquina-grajeadora-de-alta-velocidad-para-pildoras-de-taurina\/#primaryimage\",\"url\":\"https:\/\/distribucionarc.com\/wp-content\/uploads\/2024\/04\/MAQUINA-GRAJEADORA-DE-ALTA-VELOCIDAD-PARA-PILDORAS-DE-TAURINA.webp\",\"contentUrl\":\"https:\/\/distribucionarc.com\/wp-content\/uploads\/2024\/04\/MAQUINA-GRAJEADORA-DE-ALTA-VELOCIDAD-PARA-PILDORAS-DE-TAURINA.webp\",\"width\":1312,\"height\":952,\"caption\":\"#image_title\"},{\"@type\":\"BreadcrumbList\",\"@id\":\"https:\/\/www.distribucionarc.com\/el\/producto\/maquina-grajeadora-de-alta-velocidad-para-pildoras-de-taurina\/#breadcrumb\",\"itemListElement\":[{\"@type\":\"ListItem\",\"position\":1,\"name\":\"Portada\",\"item\":\"https:\/\/www.distribucionarc.com\/\"},{\"@type\":\"ListItem\",\"position\":2,\"name\":\"\u00dcr\u00fcnler\",\"item\":\"https:\/\/www.distribucionarc.com\/tr\/magaza\/\"},{\"@type\":\"ListItem\",\"position\":3,\"name\":\"MAQUINA GRAJEADORA DE ALTA VELOCIDAD PARA PILDORAS DE TAURINA\"}]},{\"@type\":\"WebSite\",\"@id\":\"https:\/\/www.distribucionarc.com\/sl\/#website\",\"url\":\"https:\/\/www.distribucionarc.com\/sl\/\",\"name\":\"distribuci\u00f3n ARC\",\"description\":\"Empresa especializada en la fabricaci\u00f3n y distribuci\u00f3n de maquinaria industrial, selladoras de latas, Maquinas de hacer pastillas, Maquinas de cortar carne...\",\"publisher\":{\"@id\":\"https:\/\/www.distribucionarc.com\/sl\/#organization\"},\"potentialAction\":[{\"@type\":\"SearchAction\",\"target\":{\"@type\":\"EntryPoint\",\"urlTemplate\":\"https:\/\/www.distribucionarc.com\/sl\/?s={search_term_string}\"},\"query-input\":{\"@type\":\"PropertyValueSpecification\",\"valueRequired\":true,\"valueName\":\"search_term_string\"}}],\"inLanguage\":\"de\"},{\"@type\":\"Organization\",\"@id\":\"https:\/\/www.distribucionarc.com\/sl\/#organization\",\"name\":\"Distribuci\u00f3n ARC\",\"url\":\"https:\/\/www.distribucionarc.com\/sl\/\",\"logo\":{\"@type\":\"ImageObject\",\"inLanguage\":\"de\",\"@id\":\"https:\/\/www.distribucionarc.com\/sl\/#\/schema\/logo\/image\/\",\"url\":\"https:\/\/distribucionarc.com\/wp-content\/uploads\/2024\/10\/distribucion-ARC-COLOR-SIN-FONDO-e1732295305345.png\",\"contentUrl\":\"https:\/\/distribucionarc.com\/wp-content\/uploads\/2024\/10\/distribucion-ARC-COLOR-SIN-FONDO-e1732295305345.png\",\"width\":1164,\"height\":558,\"caption\":\"Distribuci\u00f3n ARC\"},\"image\":{\"@id\":\"https:\/\/www.distribucionarc.com\/sl\/#\/schema\/logo\/image\/\"},\"description\":\"Empresa especializada en la fabricaci\u00f3n y distribuci\u00f3n de maquinaria industrial para los sectores alimentario y farmac\u00e9utico. Nos especializamos en: M\u00e1quinas de cortar carne Fabricaci\u00f3n de comprimidos Sistemas de transporte industrial L\u00edneas de embotellado Dosificadores Y mucho m\u00e1s... Ofrecemos soluciones innovadoras y personalizadas para optimizar los procesos productivos de tu empresa.\",\"email\":\"Admistracion@distribucionarc.com\",\"telephone\":\"+34 643496664\",\"legalName\":\"ARC TECH SOLUTIONS\",\"foundingDate\":\"2024-04-09\",\"vatID\":\"B55480172\",\"numberOfEmployees\":{\"@type\":\"QuantitativeValue\",\"minValue\":\"1\",\"maxValue\":\"10\"}}]}<\/script>\n<!-- \/ Yoast SEO Premium plugin. -->","yoast_head_json":{"title":"HOCHGESCHWINDIGKEITSGRAVIERMASCHINE F\u00dcR TAURINPILLEN \u2013 ARC-Verteilung","robots":{"index":"index","follow":"follow","max-snippet":"max-snippet:-1","max-image-preview":"max-image-preview:large","max-video-preview":"max-video-preview:-1"},"canonical":"https:\/\/www.distribucionarc.com\/el\/producto\/maquina-grajeadora-de-alta-velocidad-para-pildoras-de-taurina\/","og_locale":"de_DE","og_type":"article","og_title":"MAQUINA GRAJEADORA DE ALTA VELOCIDAD PARA PILDORAS DE TAURINA","og_description":"Descubre la M\u00e1quina Grajeadora de Recubrimiento de Alta Velocidad Serie BARG, ideal para recubrir tabletas, p\u00edldoras y diur\u00e9ticos con opacificantes","og_url":"https:\/\/www.distribucionarc.com\/el\/producto\/maquina-grajeadora-de-alta-velocidad-para-pildoras-de-taurina\/","og_site_name":"distribuci\u00f3n ARC","article_modified_time":"2024-04-27T09:43:54+00:00","og_image":[{"width":1312,"height":952,"url":"https:\/\/www.distribucionarc.com\/wp-content\/uploads\/2024\/04\/MAQUINA-GRAJEADORA-DE-ALTA-VELOCIDAD-PARA-PILDORAS-DE-TAURINA.webp","type":"image\/webp"}],"twitter_card":"summary_large_image","twitter_misc":{"Gesch\u00e4tzte Lesezeit":"1\u00a0Minute"},"schema":{"@context":"https:\/\/schema.org","@graph":[{"@type":"WebPage","@id":"https:\/\/www.distribucionarc.com\/el\/producto\/maquina-grajeadora-de-alta-velocidad-para-pildoras-de-taurina\/","url":"https:\/\/www.distribucionarc.com\/el\/producto\/maquina-grajeadora-de-alta-velocidad-para-pildoras-de-taurina\/","name":"HOCHGESCHWINDIGKEITSGRAVIERMASCHINE F\u00dcR TAURINPILLEN \u2013 ARC-Verteilung","isPartOf":{"@id":"https:\/\/www.distribucionarc.com\/sl\/#website"},"primaryImageOfPage":{"@id":"https:\/\/www.distribucionarc.com\/el\/producto\/maquina-grajeadora-de-alta-velocidad-para-pildoras-de-taurina\/#primaryimage"},"image":{"@id":"https:\/\/www.distribucionarc.com\/el\/producto\/maquina-grajeadora-de-alta-velocidad-para-pildoras-de-taurina\/#primaryimage"},"thumbnailUrl":"https:\/\/distribucionarc.com\/wp-content\/uploads\/2024\/04\/MAQUINA-GRAJEADORA-DE-ALTA-VELOCIDAD-PARA-PILDORAS-DE-TAURINA.webp","datePublished":"2024-04-27T09:43:52+00:00","dateModified":"2024-04-27T09:43:54+00:00","breadcrumb":{"@id":"https:\/\/www.distribucionarc.com\/el\/producto\/maquina-grajeadora-de-alta-velocidad-para-pildoras-de-taurina\/#breadcrumb"},"inLanguage":"de","potentialAction":[{"@type":"ReadAction","target":["https:\/\/www.distribucionarc.com\/el\/producto\/maquina-grajeadora-de-alta-velocidad-para-pildoras-de-taurina\/"]}]},{"@type":"ImageObject","inLanguage":"de","@id":"https:\/\/www.distribucionarc.com\/el\/producto\/maquina-grajeadora-de-alta-velocidad-para-pildoras-de-taurina\/#primaryimage","url":"https:\/\/distribucionarc.com\/wp-content\/uploads\/2024\/04\/MAQUINA-GRAJEADORA-DE-ALTA-VELOCIDAD-PARA-PILDORAS-DE-TAURINA.webp","contentUrl":"https:\/\/distribucionarc.com\/wp-content\/uploads\/2024\/04\/MAQUINA-GRAJEADORA-DE-ALTA-VELOCIDAD-PARA-PILDORAS-DE-TAURINA.webp","width":1312,"height":952,"caption":"#image_title"},{"@type":"BreadcrumbList","@id":"https:\/\/www.distribucionarc.com\/el\/producto\/maquina-grajeadora-de-alta-velocidad-para-pildoras-de-taurina\/#breadcrumb","itemListElement":[{"@type":"ListItem","position":1,"name":"Portada","item":"https:\/\/www.distribucionarc.com\/"},{"@type":"ListItem","position":2,"name":"\u00dcr\u00fcnler","item":"https:\/\/www.distribucionarc.com\/tr\/magaza\/"},{"@type":"ListItem","position":3,"name":"MAQUINA GRAJEADORA DE ALTA VELOCIDAD PARA PILDORAS DE TAURINA"}]},{"@type":"WebSite","@id":"https:\/\/www.distribucionarc.com\/sl\/#website","url":"https:\/\/www.distribucionarc.com\/sl\/","name":"ARC-Verteilung","description":"Das Unternehmen ist auf die Herstellung und den Vertrieb von Industriemaschinen, Dosenverschlie\u00dfmaschinen, Tablettenmaschinen, Fleischschneidemaschinen...","publisher":{"@id":"https:\/\/www.distribucionarc.com\/sl\/#organization"},"potentialAction":[{"@type":"SearchAction","target":{"@type":"EntryPoint","urlTemplate":"https:\/\/www.distribucionarc.com\/sl\/?s={search_term_string}"},"query-input":{"@type":"PropertyValueSpecification","valueRequired":true,"valueName":"search_term_string"}}],"inLanguage":"de"},{"@type":"Organization","@id":"https:\/\/www.distribucionarc.com\/sl\/#organization","name":"ARC-Verteilung","url":"https:\/\/www.distribucionarc.com\/sl\/","logo":{"@type":"ImageObject","inLanguage":"de","@id":"https:\/\/www.distribucionarc.com\/sl\/#\/schema\/logo\/image\/","url":"https:\/\/distribucionarc.com\/wp-content\/uploads\/2024\/10\/distribucion-ARC-COLOR-SIN-FONDO-e1732295305345.png","contentUrl":"https:\/\/distribucionarc.com\/wp-content\/uploads\/2024\/10\/distribucion-ARC-COLOR-SIN-FONDO-e1732295305345.png","width":1164,"height":558,"caption":"Distribuci\u00f3n ARC"},"image":{"@id":"https:\/\/www.distribucionarc.com\/sl\/#\/schema\/logo\/image\/"},"description":"Unternehmen, das auf die Herstellung und den Vertrieb von Industriemaschinen f\u00fcr den Lebensmittel- und Pharmasektor spezialisiert ist. Wir sind spezialisiert auf: Fleischschneidemaschinen Tablettenherstellung Industrielle F\u00f6rdersysteme Abf\u00fcllanlagen Dispenser Und vieles mehr... Wir bieten innovative und ma\u00dfgeschneiderte L\u00f6sungen zur Optimierung der Produktionsprozesse in Ihrem Unternehmen.","email":"Admistracion@distribucionarc.com","telephone":"+34 643496664","legalName":"ARC TECH SOLUTIONS","foundingDate":"2024-04-09","vatID":"B55480172","numberOfEmployees":{"@type":"QuantitativeValue","minValue":"1","maxValue":"10"}}]}},"_links":{"self":[{"href":"https:\/\/distribucionarc.com\/de\/wp-json\/wp\/v2\/product\/7008","targetHints":{"allow":["GET"]}}],"collection":[{"href":"https:\/\/distribucionarc.com\/de\/wp-json\/wp\/v2\/product"}],"about":[{"href":"https:\/\/distribucionarc.com\/de\/wp-json\/wp\/v2\/types\/product"}],"replies":[{"embeddable":true,"href":"https:\/\/distribucionarc.com\/de\/wp-json\/wp\/v2\/comments?post=7008"}],"version-history":[{"count":0,"href":"https:\/\/distribucionarc.com\/de\/wp-json\/wp\/v2\/product\/7008\/revisions"}],"wp:featuredmedia":[{"embeddable":true,"href":"https:\/\/distribucionarc.com\/de\/wp-json\/wp\/v2\/media\/7010"}],"wp:attachment":[{"href":"https:\/\/distribucionarc.com\/de\/wp-json\/wp\/v2\/media?parent=7008"}],"wp:term":[{"taxonomy":"product_brand","embeddable":true,"href":"https:\/\/distribucionarc.com\/de\/wp-json\/wp\/v2\/product_brand?post=7008"},{"taxonomy":"product_cat","embeddable":true,"href":"https:\/\/distribucionarc.com\/de\/wp-json\/wp\/v2\/product_cat?post=7008"},{"taxonomy":"product_tag","embeddable":true,"href":"https:\/\/distribucionarc.com\/de\/wp-json\/wp\/v2\/product_tag?post=7008"}],"curies":[{"name":"wp","href":"https:\/\/api.w.org\/{rel}","templated":true}]}}