{"id":7016,"date":"2024-04-29T08:24:44","date_gmt":"2024-04-29T08:24:44","guid":{"rendered":"https:\/\/distribucionarc.com\/?post_type=product&#038;p=7016"},"modified":"2024-04-29T08:25:51","modified_gmt":"2024-04-29T08:25:51","slug":"magnesium-extrakt-tablettenreiniger-staubwedel","status":"publish","type":"product","link":"https:\/\/distribucionarc.com\/de\/producto\/desmpolvador-limpiador-de-tabletas-de-extracto-de-magnesio\/","title":{"rendered":"MAGNESIUM-EXTRAKT-TABLETTENREINIGER-ENTDUSTER"},"content":{"rendered":"<p>Entdecken Sie den CFARQ-1-Entstauber, der f\u00fcr Tabletten verschiedener Formen und Gr\u00f6\u00dfen entwickelt wurde und mit einer Tablettenpressmaschine f\u00fcr Magnesiumextrakte kompatibel ist. Hergestellt aus hochwertigem SS304-Material, gew\u00e4hrleistet sicheren Teilkontakt mit dem Rohmaterial. Dar\u00fcber hinaus ist er durch sein intuitives Design einfach zu verwenden und stellt eine effiziente L\u00f6sung f\u00fcr Ihre Staubwischanforderungen dar. Optimieren Sie Ihre Produktionsprozesse mit dem Staubsammler CFARQ-1 und verbessern Sie die Qualit\u00e4t Ihrer Produkte auf einfache und zuverl\u00e4ssige Weise.<\/p>\n<p>&nbsp;<\/p>\n<table>\n<tbody>\n<tr>\n<td width=\"283\">Modell<\/td>\n<td width=\"283\">CARFQ-1<\/td>\n<\/tr>\n<tr>\n<td width=\"283\">Produktionseffizienz<\/td>\n<td width=\"283\">0-550000 Einheiten\/Stunde<\/td>\n<\/tr>\n<tr>\n<td width=\"283\">Durchmesserbereich<\/td>\n<td width=\"283\">5-15 mm<\/td>\n<\/tr>\n<tr>\n<td width=\"283\">Stromversorgung<\/td>\n<td width=\"283\">220V50Hz 110V60Hz<\/td>\n<\/tr>\n<tr>\n<td width=\"283\">Abmessungen (Millimeter)<\/td>\n<td width=\"283\">4315* 4350* x 900* 1070*<\/td>\n<\/tr>\n<tr>\n<td width=\"283\">Gewicht (KG)<\/td>\n<td width=\"283\">38<\/td>\n<\/tr>\n<tr>\n<td width=\"283\">Leer<\/td>\n<td width=\"283\">1,8 m3\/min - 0,01 MPa<\/td>\n<\/tr>\n<tr>\n<td width=\"283\">Druckluft<\/td>\n<td width=\"283\">0,1 m3\/min-0,05 MPa<\/td>\n<\/tr>\n<\/tbody>\n<\/table>\n<p>&nbsp;<\/p>","protected":false},"excerpt":{"rendered":"<p>Entdecken Sie den CFARQ-1-Entstauber, der f\u00fcr Tabletten verschiedener Formen und Gr\u00f6\u00dfen entwickelt wurde und mit einer Tablettenpresse kompatibel ist.<\/p>","protected":false},"featured_media":7019,"comment_status":"open","ping_status":"closed","template":"","meta":{"wds_primary_product_brand":0,"wds_primary_product_cat":0},"product_brand":[],"product_cat":[84],"product_tag":[],"class_list":{"0":"post-7016","1":"product","2":"type-product","3":"status-publish","4":"has-post-thumbnail","6":"product_cat-maquinas-para-hacer-pastillas","8":"first","9":"instock","10":"taxable","11":"shipping-taxable","12":"purchasable","13":"product-type-simple"},"yoast_head":"<!-- This site is optimized with the Yoast SEO Premium plugin v24.9 (Yoast SEO v26.1) - https:\/\/yoast.com\/wordpress\/plugins\/seo\/ -->\n<title>DESMPOLVADOR LIMPIADOR DE TABLETAS DE EXTRACTO DE MAGNESIO - distribuci\u00f3n ARC<\/title>\n<meta name=\"robots\" content=\"index, follow, max-snippet:-1, max-image-preview:large, max-video-preview:-1\" \/>\n<link rel=\"canonical\" href=\"https:\/\/www.distribucionarc.com\/fr\/producto\/desmpolvador-limpiador-de-tabletas-de-extracto-de-magnesio\/\" \/>\n<meta property=\"og:locale\" content=\"de_DE\" \/>\n<meta property=\"og:type\" content=\"article\" \/>\n<meta property=\"og:title\" content=\"DESMPOLVADOR LIMPIADOR DE TABLETAS DE EXTRACTO DE MAGNESIO\" \/>\n<meta property=\"og:description\" content=\"Descubre el Desempolvador CFARQ-1, dise\u00f1ado para tabletas de diversas formas y tama\u00f1os, y compatible con una m\u00e1quina prensadora de tabletas\" \/>\n<meta property=\"og:url\" content=\"https:\/\/www.distribucionarc.com\/fr\/producto\/desmpolvador-limpiador-de-tabletas-de-extracto-de-magnesio\/\" \/>\n<meta property=\"og:site_name\" content=\"distribuci\u00f3n ARC\" \/>\n<meta property=\"article:modified_time\" content=\"2024-04-29T08:25:51+00:00\" \/>\n<meta property=\"og:image\" content=\"https:\/\/www.distribucionarc.com\/wp-content\/uploads\/2024\/04\/DESMPOLVADOR-LIMPIADOR-DE-TABLETASDE-EXTRACTO-DE-MAGNESIO.webp\" \/>\n\t<meta property=\"og:image:width\" content=\"1638\" \/>\n\t<meta property=\"og:image:height\" content=\"1920\" \/>\n\t<meta property=\"og:image:type\" content=\"image\/webp\" \/>\n<meta name=\"twitter:card\" content=\"summary_large_image\" \/>\n<meta name=\"twitter:label1\" content=\"Gesch\u00e4tzte Lesezeit\" \/>\n\t<meta name=\"twitter:data1\" content=\"1\u00a0Minute\" \/>\n<script type=\"application\/ld+json\" class=\"yoast-schema-graph\">{\"@context\":\"https:\/\/schema.org\",\"@graph\":[{\"@type\":\"WebPage\",\"@id\":\"https:\/\/www.distribucionarc.com\/fr\/producto\/desmpolvador-limpiador-de-tabletas-de-extracto-de-magnesio\/\",\"url\":\"https:\/\/www.distribucionarc.com\/fr\/producto\/desmpolvador-limpiador-de-tabletas-de-extracto-de-magnesio\/\",\"name\":\"DESMPOLVADOR LIMPIADOR DE TABLETAS DE EXTRACTO DE MAGNESIO - distribuci\u00f3n ARC\",\"isPartOf\":{\"@id\":\"https:\/\/distribucionarc.com\/bg\/#website\"},\"primaryImageOfPage\":{\"@id\":\"https:\/\/www.distribucionarc.com\/fr\/producto\/desmpolvador-limpiador-de-tabletas-de-extracto-de-magnesio\/#primaryimage\"},\"image\":{\"@id\":\"https:\/\/www.distribucionarc.com\/fr\/producto\/desmpolvador-limpiador-de-tabletas-de-extracto-de-magnesio\/#primaryimage\"},\"thumbnailUrl\":\"https:\/\/distribucionarc.com\/wp-content\/uploads\/2024\/04\/DESMPOLVADOR-LIMPIADOR-DE-TABLETASDE-EXTRACTO-DE-MAGNESIO.webp\",\"datePublished\":\"2024-04-29T08:24:44+00:00\",\"dateModified\":\"2024-04-29T08:25:51+00:00\",\"breadcrumb\":{\"@id\":\"https:\/\/www.distribucionarc.com\/fr\/producto\/desmpolvador-limpiador-de-tabletas-de-extracto-de-magnesio\/#breadcrumb\"},\"inLanguage\":\"de\",\"potentialAction\":[{\"@type\":\"ReadAction\",\"target\":[\"https:\/\/www.distribucionarc.com\/fr\/producto\/desmpolvador-limpiador-de-tabletas-de-extracto-de-magnesio\/\"]}]},{\"@type\":\"ImageObject\",\"inLanguage\":\"de\",\"@id\":\"https:\/\/www.distribucionarc.com\/fr\/producto\/desmpolvador-limpiador-de-tabletas-de-extracto-de-magnesio\/#primaryimage\",\"url\":\"https:\/\/distribucionarc.com\/wp-content\/uploads\/2024\/04\/DESMPOLVADOR-LIMPIADOR-DE-TABLETASDE-EXTRACTO-DE-MAGNESIO.webp\",\"contentUrl\":\"https:\/\/distribucionarc.com\/wp-content\/uploads\/2024\/04\/DESMPOLVADOR-LIMPIADOR-DE-TABLETASDE-EXTRACTO-DE-MAGNESIO.webp\",\"width\":1638,\"height\":1920,\"caption\":\"#image_title\"},{\"@type\":\"BreadcrumbList\",\"@id\":\"https:\/\/www.distribucionarc.com\/fr\/producto\/desmpolvador-limpiador-de-tabletas-de-extracto-de-magnesio\/#breadcrumb\",\"itemListElement\":[{\"@type\":\"ListItem\",\"position\":1,\"name\":\"Portada\",\"item\":\"https:\/\/distribucionarc.com\/el\/\"},{\"@type\":\"ListItem\",\"position\":2,\"name\":\"Proizvodi\",\"item\":\"https:\/\/www.distribucionarc.com\/hr\/ducan\/\"},{\"@type\":\"ListItem\",\"position\":3,\"name\":\"DESMPOLVADOR LIMPIADOR DE TABLETAS DE EXTRACTO DE MAGNESIO\"}]},{\"@type\":\"WebSite\",\"@id\":\"https:\/\/distribucionarc.com\/bg\/#website\",\"url\":\"https:\/\/distribucionarc.com\/bg\/\",\"name\":\"distribuci\u00f3n ARC\",\"description\":\"Empresa especializada en la fabricaci\u00f3n y distribuci\u00f3n de maquinaria industrial, selladoras de latas, Maquinas de hacer pastillas, Maquinas de cortar carne...\",\"publisher\":{\"@id\":\"https:\/\/distribucionarc.com\/bg\/#organization\"},\"potentialAction\":[{\"@type\":\"SearchAction\",\"target\":{\"@type\":\"EntryPoint\",\"urlTemplate\":\"https:\/\/distribucionarc.com\/bg\/?s={search_term_string}\"},\"query-input\":{\"@type\":\"PropertyValueSpecification\",\"valueRequired\":true,\"valueName\":\"search_term_string\"}}],\"inLanguage\":\"de\"},{\"@type\":\"Organization\",\"@id\":\"https:\/\/distribucionarc.com\/bg\/#organization\",\"name\":\"Distribuci\u00f3n ARC\",\"url\":\"https:\/\/distribucionarc.com\/bg\/\",\"logo\":{\"@type\":\"ImageObject\",\"inLanguage\":\"de\",\"@id\":\"https:\/\/distribucionarc.com\/bg\/#\/schema\/logo\/image\/\",\"url\":\"https:\/\/distribucionarc.com\/wp-content\/uploads\/2024\/10\/distribucion-ARC-COLOR-SIN-FONDO-e1732295305345.png\",\"contentUrl\":\"https:\/\/distribucionarc.com\/wp-content\/uploads\/2024\/10\/distribucion-ARC-COLOR-SIN-FONDO-e1732295305345.png\",\"width\":1164,\"height\":558,\"caption\":\"Distribuci\u00f3n ARC\"},\"image\":{\"@id\":\"https:\/\/distribucionarc.com\/bg\/#\/schema\/logo\/image\/\"},\"description\":\"Empresa especializada en la fabricaci\u00f3n y distribuci\u00f3n de maquinaria industrial para los sectores alimentario y farmac\u00e9utico. Nos especializamos en: M\u00e1quinas de cortar carne Fabricaci\u00f3n de comprimidos Sistemas de transporte industrial L\u00edneas de embotellado Dosificadores Y mucho m\u00e1s... Ofrecemos soluciones innovadoras y personalizadas para optimizar los procesos productivos de tu empresa.\",\"email\":\"Admistracion@distribucionarc.com\",\"telephone\":\"+34 643496664\",\"legalName\":\"ARC TECH SOLUTIONS\",\"foundingDate\":\"2024-04-09\",\"vatID\":\"B55480172\",\"numberOfEmployees\":{\"@type\":\"QuantitativeValue\",\"minValue\":\"1\",\"maxValue\":\"10\"}}]}<\/script>\n<!-- \/ Yoast SEO Premium plugin. -->","yoast_head_json":{"title":"MAGNESIUM-EXTRAKT-TABLETTENREINIGER UND -ENTSTAUBUNGSMITTEL - ARC distribution","robots":{"index":"index","follow":"follow","max-snippet":"max-snippet:-1","max-image-preview":"max-image-preview:large","max-video-preview":"max-video-preview:-1"},"canonical":"https:\/\/www.distribucionarc.com\/fr\/producto\/desmpolvador-limpiador-de-tabletas-de-extracto-de-magnesio\/","og_locale":"de_DE","og_type":"article","og_title":"DESMPOLVADOR LIMPIADOR DE TABLETAS DE EXTRACTO DE MAGNESIO","og_description":"Descubre el Desempolvador CFARQ-1, dise\u00f1ado para tabletas de diversas formas y tama\u00f1os, y compatible con una m\u00e1quina prensadora de tabletas","og_url":"https:\/\/www.distribucionarc.com\/fr\/producto\/desmpolvador-limpiador-de-tabletas-de-extracto-de-magnesio\/","og_site_name":"distribuci\u00f3n ARC","article_modified_time":"2024-04-29T08:25:51+00:00","og_image":[{"width":1638,"height":1920,"url":"https:\/\/www.distribucionarc.com\/wp-content\/uploads\/2024\/04\/DESMPOLVADOR-LIMPIADOR-DE-TABLETASDE-EXTRACTO-DE-MAGNESIO.webp","type":"image\/webp"}],"twitter_card":"summary_large_image","twitter_misc":{"Gesch\u00e4tzte Lesezeit":"1\u00a0Minute"},"schema":{"@context":"https:\/\/schema.org","@graph":[{"@type":"WebPage","@id":"https:\/\/www.distribucionarc.com\/fr\/producto\/desmpolvador-limpiador-de-tabletas-de-extracto-de-magnesio\/","url":"https:\/\/www.distribucionarc.com\/fr\/producto\/desmpolvador-limpiador-de-tabletas-de-extracto-de-magnesio\/","name":"MAGNESIUM-EXTRAKT-TABLETTENREINIGER UND -ENTSTAUBUNGSMITTEL - ARC distribution","isPartOf":{"@id":"https:\/\/distribucionarc.com\/bg\/#website"},"primaryImageOfPage":{"@id":"https:\/\/www.distribucionarc.com\/fr\/producto\/desmpolvador-limpiador-de-tabletas-de-extracto-de-magnesio\/#primaryimage"},"image":{"@id":"https:\/\/www.distribucionarc.com\/fr\/producto\/desmpolvador-limpiador-de-tabletas-de-extracto-de-magnesio\/#primaryimage"},"thumbnailUrl":"https:\/\/distribucionarc.com\/wp-content\/uploads\/2024\/04\/DESMPOLVADOR-LIMPIADOR-DE-TABLETASDE-EXTRACTO-DE-MAGNESIO.webp","datePublished":"2024-04-29T08:24:44+00:00","dateModified":"2024-04-29T08:25:51+00:00","breadcrumb":{"@id":"https:\/\/www.distribucionarc.com\/fr\/producto\/desmpolvador-limpiador-de-tabletas-de-extracto-de-magnesio\/#breadcrumb"},"inLanguage":"de","potentialAction":[{"@type":"ReadAction","target":["https:\/\/www.distribucionarc.com\/fr\/producto\/desmpolvador-limpiador-de-tabletas-de-extracto-de-magnesio\/"]}]},{"@type":"ImageObject","inLanguage":"de","@id":"https:\/\/www.distribucionarc.com\/fr\/producto\/desmpolvador-limpiador-de-tabletas-de-extracto-de-magnesio\/#primaryimage","url":"https:\/\/distribucionarc.com\/wp-content\/uploads\/2024\/04\/DESMPOLVADOR-LIMPIADOR-DE-TABLETASDE-EXTRACTO-DE-MAGNESIO.webp","contentUrl":"https:\/\/distribucionarc.com\/wp-content\/uploads\/2024\/04\/DESMPOLVADOR-LIMPIADOR-DE-TABLETASDE-EXTRACTO-DE-MAGNESIO.webp","width":1638,"height":1920,"caption":"#image_title"},{"@type":"BreadcrumbList","@id":"https:\/\/www.distribucionarc.com\/fr\/producto\/desmpolvador-limpiador-de-tabletas-de-extracto-de-magnesio\/#breadcrumb","itemListElement":[{"@type":"ListItem","position":1,"name":"Portada","item":"https:\/\/distribucionarc.com\/el\/"},{"@type":"ListItem","position":2,"name":"Proizvodi","item":"https:\/\/www.distribucionarc.com\/hr\/ducan\/"},{"@type":"ListItem","position":3,"name":"DESMPOLVADOR LIMPIADOR DE TABLETAS DE EXTRACTO DE MAGNESIO"}]},{"@type":"WebSite","@id":"https:\/\/distribucionarc.com\/bg\/#website","url":"https:\/\/distribucionarc.com\/bg\/","name":"ARC-Verteilung","description":"Das Unternehmen ist auf die Herstellung und den Vertrieb von Industriemaschinen, Dosenverschlie\u00dfmaschinen, Tablettenmaschinen, Fleischschneidemaschinen...","publisher":{"@id":"https:\/\/distribucionarc.com\/bg\/#organization"},"potentialAction":[{"@type":"SearchAction","target":{"@type":"EntryPoint","urlTemplate":"https:\/\/distribucionarc.com\/bg\/?s={search_term_string}"},"query-input":{"@type":"PropertyValueSpecification","valueRequired":true,"valueName":"search_term_string"}}],"inLanguage":"de"},{"@type":"Organization","@id":"https:\/\/distribucionarc.com\/bg\/#organization","name":"ARC-Verteilung","url":"https:\/\/distribucionarc.com\/bg\/","logo":{"@type":"ImageObject","inLanguage":"de","@id":"https:\/\/distribucionarc.com\/bg\/#\/schema\/logo\/image\/","url":"https:\/\/distribucionarc.com\/wp-content\/uploads\/2024\/10\/distribucion-ARC-COLOR-SIN-FONDO-e1732295305345.png","contentUrl":"https:\/\/distribucionarc.com\/wp-content\/uploads\/2024\/10\/distribucion-ARC-COLOR-SIN-FONDO-e1732295305345.png","width":1164,"height":558,"caption":"Distribuci\u00f3n ARC"},"image":{"@id":"https:\/\/distribucionarc.com\/bg\/#\/schema\/logo\/image\/"},"description":"Unternehmen, das auf die Herstellung und den Vertrieb von Industriemaschinen f\u00fcr den Lebensmittel- und Pharmasektor spezialisiert ist. Wir sind spezialisiert auf: Fleischschneidemaschinen Tablettenherstellung Industrielle F\u00f6rdersysteme Abf\u00fcllanlagen Dispenser Und vieles mehr... Wir bieten innovative und ma\u00dfgeschneiderte L\u00f6sungen zur Optimierung der Produktionsprozesse in Ihrem Unternehmen.","email":"Admistracion@distribucionarc.com","telephone":"+34 643496664","legalName":"ARC TECH SOLUTIONS","foundingDate":"2024-04-09","vatID":"B55480172","numberOfEmployees":{"@type":"QuantitativeValue","minValue":"1","maxValue":"10"}}]}},"_links":{"self":[{"href":"https:\/\/distribucionarc.com\/de\/wp-json\/wp\/v2\/product\/7016","targetHints":{"allow":["GET"]}}],"collection":[{"href":"https:\/\/distribucionarc.com\/de\/wp-json\/wp\/v2\/product"}],"about":[{"href":"https:\/\/distribucionarc.com\/de\/wp-json\/wp\/v2\/types\/product"}],"replies":[{"embeddable":true,"href":"https:\/\/distribucionarc.com\/de\/wp-json\/wp\/v2\/comments?post=7016"}],"version-history":[{"count":0,"href":"https:\/\/distribucionarc.com\/de\/wp-json\/wp\/v2\/product\/7016\/revisions"}],"wp:featuredmedia":[{"embeddable":true,"href":"https:\/\/distribucionarc.com\/de\/wp-json\/wp\/v2\/media\/7019"}],"wp:attachment":[{"href":"https:\/\/distribucionarc.com\/de\/wp-json\/wp\/v2\/media?parent=7016"}],"wp:term":[{"taxonomy":"product_brand","embeddable":true,"href":"https:\/\/distribucionarc.com\/de\/wp-json\/wp\/v2\/product_brand?post=7016"},{"taxonomy":"product_cat","embeddable":true,"href":"https:\/\/distribucionarc.com\/de\/wp-json\/wp\/v2\/product_cat?post=7016"},{"taxonomy":"product_tag","embeddable":true,"href":"https:\/\/distribucionarc.com\/de\/wp-json\/wp\/v2\/product_tag?post=7016"}],"curies":[{"name":"wp","href":"https:\/\/api.w.org\/{rel}","templated":true}]}}